{"id":2540,"date":"2024-10-24T09:31:28","date_gmt":"2024-10-24T09:31:28","guid":{"rendered":"https:\/\/rmvapesale.com\/?post_type=product&#038;p=2540"},"modified":"2024-10-24T09:55:38","modified_gmt":"2024-10-24T09:55:38","slug":"vapme-crystal-20000-puffs-20k-double-flavor-rechargeable-vapes","status":"publish","type":"product","link":"https:\/\/rmvapesale.com\/pl\/product\/vapme-crystal-20000-puffs-20k-double-flavor-rechargeable-vapes\/","title":{"rendered":"Vapme Crystal 20000 zaci\u0105gni\u0119\u0107 20K Podw\u00f3jny smak \u0141adowalne e-papierosy"},"content":{"rendered":"<div class=\"B2VR9 CJHX3e\">\n<div class=\"wyccme\">\n<h1 class=\"LC20lb MBeuO DKV0Md\">Hurtownia Vapme Crystal 20000 zaci\u0105gni\u0119\u0107 20K Podw\u00f3jny smak, Vapy wielokrotnego \u0142adowania<\/h1>\n<div class=\"flex-shrink-0 flex flex-col relative items-end\">\n<div class=\"pt-0\">\n<div class=\"gizmo-bot-avatar flex h-8 w-8 items-center justify-center overflow-hidden rounded-full\">\n<div class=\"relative p-1 rounded-sm flex items-center justify-center bg-token-main-surface-primary text-token-text-primary h-8 w-8\">\n<p>Ten <strong>Vapme Crystal 20000 zaci\u0105gni\u0119\u0107 20K, Jednorazowy vape wielokrotnego \u0142adowania<\/strong> to prze\u0142om w bran\u017cy waporyzacji, oferuj\u0105cy urz\u0105dzenie o du\u017cej pojemno\u015bci zaprojektowane zar\u00f3wno dla okazjonalnych, jak i cz\u0119stych waper\u00f3w. Z mas\u0105 <strong>20 000 zaci\u0105gni\u0119\u0107<\/strong>, ten <strong>jednorazowy vape<\/strong> zapewnia d\u0142ugotrwa\u0142\u0105 przyjemno\u015b\u0107 bez k\u0142opotu z ci\u0105g\u0142ym uzupe\u0142nianiem, co czyni go jednym z <strong>najlepszych jednorazowych waporyzator\u00f3w 2024<\/strong>. The <strong>20ml pojemno\u015bci e-liquidu<\/strong> pozwala u\u017cytkownikom d\u0142u\u017cej cieszy\u0107 si\u0119 ulubionymi smakami, zasilane przez <strong>akumulator o pojemno\u015bci 700mAh<\/strong> dla nieprzerwanych sesji wapowania.<\/p>\n<p>Jedn\u0105 z wyr\u00f3\u017cniaj\u0105cych si\u0119 cech <strong>Vapme Crystal 20000<\/strong> jest jego funkcjonalno\u015b\u0107 <strong>Podw\u00f3jnego Smaku<\/strong> , umo\u017cliwiaj\u0105ca u\u017cytkownikom prze\u0142\u0105czanie si\u0119 mi\u0119dzy dwoma r\u00f3\u017cnymi smakami, co zapewnia wszechstronno\u015b\u0107 i unikalne do\u015bwiadczenie wapowania. Precyzyjnie zaprojektowana <strong>grza\u0142ka mesh<\/strong> zapewnia g\u0142adk\u0105, sta\u0142\u0105 produkcj\u0119 pary, gwarantuj\u0105c, \u017ce ka\u017cde zaci\u0105gni\u0119cie jest bogate w smak.<\/p>\n<p>Dla dodatkowej wygody, ten <strong>20000 zaci\u0105gni\u0119\u0107<\/strong> vape jest wyposa\u017cony w <strong>port \u0142adowania Type-C<\/strong>, umo\u017cliwiaj\u0105cy szybkie i \u0142atwe \u0142adowanie, co czyni go najlepszym wyborem dla waper\u00f3w w podr\u00f3\u017cy. Niezale\u017cnie od tego, czy robisz zapasy do swojego <strong>sklepu z e-papierosami<\/strong>, kupujesz na <strong>hurtownia e-papieros\u00f3w<\/strong>, czy szukasz <strong>kup vapy online<\/strong>, <strong>Vapme Crystal 20K<\/strong> jest doskona\u0142ym wyborem zar\u00f3wno dla sprzedawc\u00f3w detalicznych, jak i indywidualnych konsument\u00f3w.<\/p>\n<p>Idealnie dopasowane dla tych, kt\u00f3rzy szukaj\u0105 wysokiej jako\u015bci <strong>vapy wielokrotnego \u0142adowania<\/strong> or <strong>vape box\u00f3w<\/strong>, to urz\u0105dzenie oferuje wyj\u0105tkow\u0105 wydajno\u015b\u0107 i wygod\u0119, co czyni go obowi\u0105zkowym elementem w ka\u017cdym <strong>barze z vape<\/strong> lub kolekcji. Wykorzystaj w pe\u0142ni swoje do\u015bwiadczenie z wapowaniem z <strong>Vapme Crystal 20000 Puffs<\/strong>\u2014 wszechstronn\u0105 i niezawodn\u0105 opcj\u0105 na <strong>jednorazowy vape<\/strong> rynku.<\/p>\n<\/div>\n<\/div>\n<\/div>\n<\/div>\n<\/div>\n<\/div>\n<p><strong>Skontaktuj si\u0119 z Amy, aby uzyska\u0107 w\u0142a\u015bciw\u0105 odpowied\u017a i kupon na e-papierosa!<\/strong><\/p>\n<p><img loading=\"lazy\" decoding=\"async\" class=\"size-full wp-image-1978\" src=\"https:\/\/rmvapesale.com\/wp-content\/uploads\/2024\/09\/Disposable-Vape-Wholesale.jpg\" alt=\"Hurtownia Jednorazowych E-papieros\u00f3w\" width=\"229\" height=\"300\" \/><\/p>\n<h3><a href=\"https:\/\/wa.me\/8617776015835\" target=\"_blank\" rel=\"noopener\"><span style=\"color: #ff0000\"><strong>WhatsApp: +86 17776015835<\/strong><\/span><\/a><\/h3>\n<p>&nbsp;<\/p>\n<h2><\/h2>\n<h2><strong>Vapme Crystal 20000 Zaci\u0105gni\u0119\u0107 Jednorazowy<\/strong><strong>\u00a0<\/strong><strong>G\u0142\u00f3wne cechy<\/strong><\/h2>\n<p>10+10 SMAK\u00d3W<br \/>\nBateria: 700mah port typu C<br \/>\nPojemno\u015b\u0107: 20 ml p\u0142ynu do e-papierosa<br \/>\nGrza\u0142ka: 1.0 ohm grza\u0142ka siatkowa<br \/>\nZaci\u0105gni\u0119cia: 20000+ zaci\u0105gni\u0119\u0107<br \/>\n160 szt.\/karton<br \/>\n20.8kg\/karton<br \/>\nNikotyna: 2%<br \/>\nUrz\u0105dzenie o smaku 2 w 1<\/p>\n<h2><strong>Najlepszy smak Vapme Crystal 20000 Puffs<\/strong><\/h2>\n<p>Dost\u0119pne w r\u00f3\u017cnych smakach, w tym Blueberry Raspberry<\/p>\n<p>1 Bor\u00f3wka Malina + Arbuz L\u00f3d <span style=\"color: #ff0000\"><strong>&gt;&gt;&gt;&gt; Gor\u0105ce!<\/strong><\/span><br \/>\n2 Truskawka Arbuz + Marakuja Melon l\u00f3d<br \/>\n3 Wi\u015bnia l\u00f3d + Niebieska lemoniada malinowa<br \/>\n4 Winogrono l\u00f3d + Truskawka kiwi<br \/>\n5 Truskawka banan + Podw\u00f3jne jab\u0142ko <span style=\"color: #ff0000\"><strong>&gt;&gt;&gt;&gt; Gor\u0105ce!<\/strong><\/span><br \/>\n6 Mieszanka jag\u00f3d l\u00f3d + Brzoskwinia mango ananas<br \/>\n7 Truskawkowe lody + Lody arbuzowo-kiwi<br \/>\n8 Nap\u00f3j energetyczny + Cola wi\u015bniowa<br \/>\n9 Cukierki truskawkowo-malinowe + Lody brzoskwiniowe <span style=\"color: #ff0000\"><strong>&gt;&gt;&gt;&gt; Najlepsze!<\/strong><\/span><br \/>\n10 Truskawkowe mango + Kiwi Marakuja gujawa<\/p>\n<figure id=\"attachment_2537\" aria-describedby=\"caption-attachment-2537\" style=\"width: 800px\" class=\"wp-caption alignnone\"><img loading=\"lazy\" decoding=\"async\" class=\"wp-image-2537 size-full\" src=\"https:\/\/rmvapesale.com\/wp-content\/uploads\/2024\/10\/Vape-Vapme-Crystal-20000-Disposable-Vape.jpg\" alt=\"Vape Vapme Crystal 20000 Jednorazowy e-papieros\" width=\"800\" height=\"800\" srcset=\"https:\/\/rmvapesale.com\/wp-content\/uploads\/2024\/10\/Vape-Vapme-Crystal-20000-Disposable-Vape.jpg 800w, https:\/\/rmvapesale.com\/wp-content\/uploads\/2024\/10\/Vape-Vapme-Crystal-20000-Disposable-Vape-300x300.jpg 300w, https:\/\/rmvapesale.com\/wp-content\/uploads\/2024\/10\/Vape-Vapme-Crystal-20000-Disposable-Vape-150x150.jpg 150w, https:\/\/rmvapesale.com\/wp-content\/uploads\/2024\/10\/Vape-Vapme-Crystal-20000-Disposable-Vape-768x768.jpg 768w, https:\/\/rmvapesale.com\/wp-content\/uploads\/2024\/10\/Vape-Vapme-Crystal-20000-Disposable-Vape-600x600.jpg 600w, https:\/\/rmvapesale.com\/wp-content\/uploads\/2024\/10\/Vape-Vapme-Crystal-20000-Disposable-Vape-100x100.jpg 100w\" sizes=\"auto, (max-width: 800px) 100vw, 800px\" \/><figcaption id=\"caption-attachment-2537\" class=\"wp-caption-text\">Vape Vapme Crystal 20000 Jednorazowy e-papieros<\/figcaption><\/figure>\n<h3><strong>Dlaczego warto wybra\u0107 Rmvapesale dla Vapme Crystal 20000 Puffs<\/strong><strong>?<\/strong><\/h3>\n<div class=\"flex-shrink-0 flex flex-col relative items-end\">\n<div class=\"pt-0\">\n<div class=\"gizmo-bot-avatar flex h-8 w-8 items-center justify-center overflow-hidden rounded-full\">\n<div class=\"relative p-1 rounded-sm flex items-center justify-center bg-token-main-surface-primary text-token-text-primary h-8 w-8\">\n<p>&nbsp;<\/p>\n<p>Wybieraj\u0105c Rmvapesale do hurtowych zakup\u00f3w jednorazowych e-papieros\u00f3w, zyskujesz:<\/p>\n<ul>\n<li><strong>Konkurencyjna cena<\/strong>: Uzyskaj dost\u0119p do atrakcyjnych cen hurtowych, kt\u00f3re zwi\u0119ksz\u0105 mar\u017ce Twojej firmy.<\/li>\n<li><strong>Wysoka jako\u015b\u0107<\/strong>: Nasze e-papierosy s\u0105 wykonane zgodnie z najwy\u017cszymi standardami i <span style=\"color: #ff0000\"><strong>maj\u0105 100% gwarancji oryginalno\u015bci i autentyczno\u015bci, w przeciwnym razie otrzymasz 10-krotne odszkodowanie za podrobione towary!<\/strong><\/span><\/li>\n<li><strong>Doskona\u0142a Obs\u0142uga Klienta<\/strong>: Nasz oddany zesp\u00f3\u0142 jest zawsze gotowy, aby Ci pom\u00f3c, dzi\u0119ki czemu proces zakup\u00f3w jest p\u0142ynny i bezproblemowy.<\/li>\n<li><strong>Szybka dostawa<\/strong>: Oczekuj szybkiej i niezawodnej wysy\u0142ki, kt\u00f3ra zapewni, \u017ce Twoje zam\u00f3wienia dotr\u0105 na czas, za ka\u017cdym razem.<\/li>\n<\/ul>\n<\/div>\n<h3><\/h3>\n<div class=\"relative p-1 rounded-sm flex items-center justify-center bg-token-main-surface-primary text-token-text-primary h-8 w-8\">\n<h3><b>FAQ<\/b><\/h3>\n<ul>\n<li><strong>Jak u\u017cywa\u0107 jednorazowego e-papierosa Vapme Crystal 20000 Puffs<\/strong><br \/>\nAby u\u017cy\u0107 Vapme Crystal 20000, wystarczy wyj\u0105\u0107 go z opakowania, zaci\u0105gn\u0105\u0107 si\u0119 przez ustnik, a urz\u0105dzenie w\u0142\u0105czy si\u0119 automatycznie. Unikaln\u0105 cech\u0105 jest funkcja podw\u00f3jnego smaku, kt\u00f3ra pozwala prze\u0142\u0105cza\u0107 si\u0119 mi\u0119dzy dwoma r\u00f3\u017cnymi smakami, co zapewnia bardziej wszechstronne do\u015bwiadczenie z vapowaniem.<\/li>\n<li><strong>Jak \u0142adowa\u0107 jednorazowy e-papieros Vapme Crystal 20K Puffs<\/strong><br \/>\nVapme Crystal 20000 jest wyposa\u017cony w akumulator o pojemno\u015bci 700 mAh. Aby go na\u0142adowa\u0107, u\u017cyj portu \u0142adowania typu C. Pod\u0142\u0105cz urz\u0105dzenie do \u017ar\u00f3d\u0142a zasilania za pomoc\u0105 kabla typu C, a szybko si\u0119 na\u0142aduje, co pozwoli na d\u0142u\u017csze sesje wapowania.<\/li>\n<li><strong>Ile nikotyny jest w Vapme Crystal 20000 Puffs<\/strong><br \/>\nPoziomy nikotyny dla Vapme Crystal 20000 Puffs nie s\u0105 okre\u015blone w tre\u015bci. Jednak jednorazowe e-papierosy, takie jak ten, zwykle wyst\u0119puj\u0105 w r\u00f3\u017cnych st\u0119\u017ceniach nikotyny (0%, 2%, 5% itp.). Dok\u0142adn\u0105 zawarto\u015b\u0107 nikotyny mo\u017cna sprawdzi\u0107 u sprzedawcy lub na opakowaniu produktu.<\/li>\n<li><strong>Jak d\u0142ugo powinienem \u0142adowa\u0107 m\u00f3j Crystal 20000 Puffs?<\/strong><br \/>\nDok\u0142adny czas \u0142adowania zale\u017cy od \u017ar\u00f3d\u0142a zasilania, ale dzi\u0119ki mo\u017cliwo\u015bci szybkiego \u0142adowania typu C, powinno to potrwa\u0107 stosunkowo kr\u00f3tko. Mo\u017cesz monitorowa\u0107 urz\u0105dzenie podczas \u0142adowania lub odnie\u015b\u0107 si\u0119 do wska\u017anik\u00f3w \u0142adowania, je\u015bli s\u0105 dost\u0119pne, aby wiedzie\u0107, kiedy jest w pe\u0142ni na\u0142adowane.<\/li>\n<li><strong>Gdzie mog\u0119 kupi\u0107 jednorazowy e-papieros Vapme Crystal 20000 Puffs<\/strong><br \/>\nVapme Crystal 20000 Puffs mo\u017cna kupi\u0107 u sprzedawc\u00f3w e-papieros\u00f3w, w internetowych sklepach z e-papierosami lub u dystrybutor\u00f3w hurtowych, kt\u00f3rzy oferuj\u0105 jednorazowe e-papierosy. Jest to popularna opcja zar\u00f3wno dla konsument\u00f3w indywidualnych, jak i w\u0142a\u015bcicieli sklep\u00f3w z e-papierosami. Sprawd\u017a dost\u0119pno\u015b\u0107 w lokalnych sklepach z e-papierosami lub przegl\u0105daj platformy internetowe specjalizuj\u0105ce si\u0119 w produktach do wapowania.<\/li>\n<\/ul>\n<\/div>\n<\/div>\n<\/div>\n<\/div>\n<h3>O wysy\u0142ce<\/h3>\n<div class=\"flex-shrink-0 flex flex-col relative items-end\">\n<div>\n<div class=\"pt-0\">\n<div class=\"gizmo-bot-avatar flex h-8 w-8 items-center justify-center overflow-hidden rounded-full\">\n<div><\/div>\n<div class=\"relative p-1 rounded-sm flex items-center justify-center bg-token-main-surface-primary text-token-text-primary h-8 w-8\"><strong>1. Jakie metody wysy\u0142ki s\u0105 stosowane?<\/strong><\/div>\n<\/div>\n<\/div>\n<\/div>\n<\/div>\n<div class=\"group\/conversation-turn relative flex w-full min-w-0 flex-col agent-turn\">\n<div class=\"flex-col gap-1 md:gap-3\">\n<div class=\"flex max-w-full flex-col flex-grow\">\n<div class=\"min-h-[20px] text-message flex w-full flex-col items-end gap-2 whitespace-normal break-words [.text-message+&amp;]:mt-5 overflow-x-auto\" dir=\"auto\" data-message-author-role=\"assistant\" data-message-id=\"22f8283b-3233-46ff-89a5-c7a41b33abda\">\n<div class=\"flex w-full flex-col gap-1 empty:hidden first:pt-[3px]\">\n<div class=\"markdown prose w-full break-words dark:prose-invert light\">\n<p>Wsp\u00f3\u0142pracujemy z UPS, DHL, FedEx, DPD i innymi wiod\u0105cymi przewo\u017anikami. Wybierzemy najlepsz\u0105 metod\u0119 wysy\u0142ki w oparciu o Twoj\u0105 lokalizacj\u0119, aby zapewni\u0107, \u017ce otrzymasz swoje produkty tak szybko, jak to mo\u017cliwe.<\/p>\n<\/div>\n<p><strong>2. Ile czasu zajmuje dostawa?<\/strong><\/p>\n<p>Paczki wysy\u0142ane do Polski zazwyczaj docieraj\u0105 w ci\u0105gu 10 dni roboczych. Wysy\u0142ka do innych kraj\u00f3w europejskich trwa zwykle oko\u0142o 12-15 dni roboczych. B\u0119dziemy dostarcza\u0107 aktualizacje w czasie rzeczywistym na temat statusu Twojej przesy\u0142ki.<\/p>\n<\/div>\n<\/div>\n<\/div>\n<\/div>\n<\/div>\n<p>&nbsp;<\/p>\n<p>Inne popularne e-papierosy, kt\u00f3re mog\u0105 Ci si\u0119 spodoba\u0107:<\/p>\n<p><a href=\"https:\/\/rmvapesale.com\/pl\/product\/fumot-randm-tornado-30000-puffs-30k-music-disposable-vape\/\"><strong>RandM Tornado 30000 Zaci\u0105gni\u0119\u0107\u00a0 \u00a0<span style=\"color: #ff0000\">&gt;&gt;&gt;&gt; id\u017a!<\/span><\/strong><\/a><\/p>\n<p><strong><a href=\"https:\/\/rmvapesale.com\/pl\/product\/aivono-22000-rechargeable-vapes-with-display-screen\/\">Aivono Aim Fatpro 22000 zaci\u0105gni\u0119\u0107 <span style=\"color: #ff0000\">&gt;&gt;&gt;&gt; id\u017a!<\/span><\/a>\u00a0<\/strong><\/p>\n<p><a href=\"https:\/\/rmvapesale.com\/pl\/product\/original-randm-vape-digital-puff-12000-fumot-factory-price\/\"><strong>Fumot Vape 12000 zaci\u0105gni\u0119\u0107 <span style=\"color: #ff0000\">&gt;&gt;&gt;&gt; id\u017a!<\/span><\/strong><\/a><\/p>\n<p>&nbsp;<\/p>\n<p>&nbsp;<\/p>\n<p>Znajd\u017a wi\u0119cej produkt\u00f3w Vape, kt\u00f3re mog\u0105 Ci si\u0119 spodoba\u0107:<strong><em><a href=\"https:\/\/rmvapesale.com\/pl\/shop-2\/\">kup teraz &gt;&gt;&gt;<\/a><\/em><\/strong><\/p>","protected":false},"excerpt":{"rendered":"<p>Hurtownia Vape Vapme Crystal 20000 zaci\u0105gni\u0119\u0107 jednorazowego u\u017cytku<br \/>\nVapme Crystal 20000 zaci\u0105gni\u0119\u0107, Podw\u00f3jne smaki, Vape jednorazowego u\u017cytku<br \/>\nHurtownia Vapme Crystal 20000 Podw\u00f3jny kryszta\u0142owy Vape Bar<\/p>\n<p><img loading=\"lazy\" decoding=\"async\" class=\"size-full wp-image-2375\" src=\"https:\/\/rmvapesale.com\/wp-content\/uploads\/2024\/10\/image.png\" alt=\"Najlepszy Jednorazowy E-papieros\" width=\"229\" height=\"300\" \/><\/p>\n<h3><a href=\"https:\/\/wa.me\/8617776015835\"><span style=\"color: #ff0000\"><strong>WhatsApp: +86 17776015835<\/strong><\/span><\/a><\/h3>\n<p>&nbsp;<\/p>","protected":false},"featured_media":2539,"comment_status":"open","ping_status":"closed","template":"","meta":{"_uag_custom_page_level_css":"","_lmt_disableupdate":"no","_lmt_disable":"","site-sidebar-layout":"default","site-content-layout":"content-boxed-container","ast-site-content-layout":"normal-width-container","site-content-style":"boxed","site-sidebar-style":"unboxed","ast-global-header-display":"","ast-banner-title-visibility":"","ast-main-header-display":"","ast-hfb-above-header-display":"","ast-hfb-below-header-display":"","ast-hfb-mobile-header-display":"","site-post-title":"","ast-breadcrumbs-content":"","ast-featured-img":"","footer-sml-layout":"","ast-disable-related-posts":"","theme-transparent-header-meta":"default","adv-header-id-meta":"","stick-header-meta":"","header-above-stick-meta":"","header-main-stick-meta":"","header-below-stick-meta":"","astra-migrate-meta-layouts":"set","ast-page-background-enabled":"default","ast-page-background-meta":{"desktop":{"background-color":"var(--ast-global-color-4)","background-image":"","background-repeat":"repeat","background-position":"center center","background-size":"auto","background-attachment":"scroll","background-type":"","background-media":"","overlay-type":"","overlay-color":"","overlay-opacity":"","overlay-gradient":""},"tablet":{"background-color":"","background-image":"","background-repeat":"repeat","background-position":"center center","background-size":"auto","background-attachment":"scroll","background-type":"","background-media":"","overlay-type":"","overlay-color":"","overlay-opacity":"","overlay-gradient":""},"mobile":{"background-color":"","background-image":"","background-repeat":"repeat","background-position":"center center","background-size":"auto","background-attachment":"scroll","background-type":"","background-media":"","overlay-type":"","overlay-color":"","overlay-opacity":"","overlay-gradient":""}},"ast-content-background-meta":{"desktop":{"background-color":"var(--ast-global-color-5)","background-image":"","background-repeat":"repeat","background-position":"center center","background-size":"auto","background-attachment":"scroll","background-type":"","background-media":"","overlay-type":"","overlay-color":"","overlay-opacity":"","overlay-gradient":""},"tablet":{"background-color":"var(--ast-global-color-5)","background-image":"","background-repeat":"repeat","background-position":"center center","background-size":"auto","background-attachment":"scroll","background-type":"","background-media":"","overlay-type":"","overlay-color":"","overlay-opacity":"","overlay-gradient":""},"mobile":{"background-color":"var(--ast-global-color-5)","background-image":"","background-repeat":"repeat","background-position":"center center","background-size":"auto","background-attachment":"scroll","background-type":"","background-media":"","overlay-type":"","overlay-color":"","overlay-opacity":"","overlay-gradient":""}},"_joinchat":[]},"product_brand":[],"product_cat":[15,27,25,123,30,26,28,137,136,135],"product_tag":[146,188,124,155,186,38,165,166,120],"class_list":{"0":"post-2540","1":"product","2":"type-product","3":"status-publish","4":"has-post-thumbnail","6":"product_cat-new-vape-this-week","7":"product_cat-fance-hot-sale-vape","8":"product_cat-germany-best-selling-vape","9":"product_cat-italy-wholesale-vape","10":"product_cat-minimum-order-quantity-50pcs","11":"product_cat-netherlands-hot-sale-vape","12":"product_cat-poland-hot-sale-vape","13":"product_cat-rechargeable-vapes","14":"product_cat-smart-screen-vapes","15":"product_cat-spain-best-hot-sale-vape","16":"product_tag-best-hot-sale-vape","17":"product_tag-buy-vapes-online","18":"product_tag-crystal-vape","19":"product_tag-digital-display-box","20":"product_tag-fumot-30k","21":"product_tag-randm-vape","22":"product_tag-rechargeable-vapes","23":"product_tag-tornado-vape","24":"product_tag-vape-wholesale","25":"desktop-align-left","26":"tablet-align-left","27":"mobile-align-left","29":"first","30":"instock","31":"sale","32":"shipping-taxable","33":"purchasable","34":"product-type-simple"},"uagb_featured_image_src":{"full":["https:\/\/rmvapesale.com\/wp-content\/uploads\/2024\/10\/Wholesale-Vape-Vapme-Crystal-20000-Puffs-Disposable.jpg",800,800,false],"thumbnail":["https:\/\/rmvapesale.com\/wp-content\/uploads\/2024\/10\/Wholesale-Vape-Vapme-Crystal-20000-Puffs-Disposable-150x150.jpg",150,150,true],"medium":["https:\/\/rmvapesale.com\/wp-content\/uploads\/2024\/10\/Wholesale-Vape-Vapme-Crystal-20000-Puffs-Disposable-300x300.jpg",300,300,true],"medium_large":["https:\/\/rmvapesale.com\/wp-content\/uploads\/2024\/10\/Wholesale-Vape-Vapme-Crystal-20000-Puffs-Disposable-768x768.jpg",768,768,true],"large":["https:\/\/rmvapesale.com\/wp-content\/uploads\/2024\/10\/Wholesale-Vape-Vapme-Crystal-20000-Puffs-Disposable.jpg",800,800,false],"1536x1536":["https:\/\/rmvapesale.com\/wp-content\/uploads\/2024\/10\/Wholesale-Vape-Vapme-Crystal-20000-Puffs-Disposable.jpg",800,800,false],"2048x2048":["https:\/\/rmvapesale.com\/wp-content\/uploads\/2024\/10\/Wholesale-Vape-Vapme-Crystal-20000-Puffs-Disposable.jpg",800,800,false],"trp-custom-language-flag":["https:\/\/rmvapesale.com\/wp-content\/uploads\/2024\/10\/Wholesale-Vape-Vapme-Crystal-20000-Puffs-Disposable.jpg",12,12,false],"woocommerce_thumbnail":["https:\/\/rmvapesale.com\/wp-content\/uploads\/2024\/10\/Wholesale-Vape-Vapme-Crystal-20000-Puffs-Disposable-300x300.jpg",300,300,true],"woocommerce_single":["https:\/\/rmvapesale.com\/wp-content\/uploads\/2024\/10\/Wholesale-Vape-Vapme-Crystal-20000-Puffs-Disposable-600x600.jpg",600,600,true],"woocommerce_gallery_thumbnail":["https:\/\/rmvapesale.com\/wp-content\/uploads\/2024\/10\/Wholesale-Vape-Vapme-Crystal-20000-Puffs-Disposable-100x100.jpg",100,100,true],"wcpr-photo-reviews":["https:\/\/rmvapesale.com\/wp-content\/uploads\/2024\/10\/Wholesale-Vape-Vapme-Crystal-20000-Puffs-Disposable.jpg",500,500,false]},"uagb_author_info":{"display_name":"AMY","author_link":"https:\/\/rmvapesale.com\/pl\/author\/"},"uagb_comment_info":0,"uagb_excerpt":"Wholesale Vape Vapme Crystal 20000 Puffs Disposable Vapme Crystal 20000 Puffs Dual Flavors Disposable Vape Vapme Crystal 20000 Double Crystal Vape Bar Wholesale WhatsApp: +86 17776015835 &nbsp;","_links":{"self":[{"href":"https:\/\/rmvapesale.com\/pl\/wp-json\/wp\/v2\/product\/2540","targetHints":{"allow":["GET"]}}],"collection":[{"href":"https:\/\/rmvapesale.com\/pl\/wp-json\/wp\/v2\/product"}],"about":[{"href":"https:\/\/rmvapesale.com\/pl\/wp-json\/wp\/v2\/types\/product"}],"replies":[{"embeddable":true,"href":"https:\/\/rmvapesale.com\/pl\/wp-json\/wp\/v2\/comments?post=2540"}],"wp:featuredmedia":[{"embeddable":true,"href":"https:\/\/rmvapesale.com\/pl\/wp-json\/wp\/v2\/media\/2539"}],"wp:attachment":[{"href":"https:\/\/rmvapesale.com\/pl\/wp-json\/wp\/v2\/media?parent=2540"}],"wp:term":[{"taxonomy":"product_brand","embeddable":true,"href":"https:\/\/rmvapesale.com\/pl\/wp-json\/wp\/v2\/product_brand?post=2540"},{"taxonomy":"product_cat","embeddable":true,"href":"https:\/\/rmvapesale.com\/pl\/wp-json\/wp\/v2\/product_cat?post=2540"},{"taxonomy":"product_tag","embeddable":true,"href":"https:\/\/rmvapesale.com\/pl\/wp-json\/wp\/v2\/product_tag?post=2540"}],"curies":[{"name":"wp","href":"https:\/\/api.w.org\/{rel}","templated":true}]}}