{"id":2547,"date":"2024-10-25T02:22:52","date_gmt":"2024-10-25T02:22:52","guid":{"rendered":"https:\/\/rmvapesale.com\/?post_type=product&#038;p=2547"},"modified":"2024-10-25T03:03:28","modified_gmt":"2024-10-25T03:03:28","slug":"rechargeable-vape-vapme-spacex-22000-puff-wholesale","status":"publish","type":"product","link":"https:\/\/rmvapesale.com\/pl\/product\/rechargeable-vape-vapme-spacex-22000-puff-wholesale\/","title":{"rendered":"\u0141adowalny Vape Vapme Spacex 22000 Zaci\u0105gni\u0119\u0107 Hurt"},"content":{"rendered":"<div class=\"B2VR9 CJHX3e\">\n<div class=\"wyccme\">\n<h1 class=\"LC20lb MBeuO DKV0Md\">\u0141adowalny Vape Vapme Spacex 22000 Zaci\u0105gni\u0119\u0107 Hurt<\/h1>\n<div class=\"flex-shrink-0 flex flex-col relative items-end\">\n<div class=\"pt-0\">\n<div class=\"gizmo-bot-avatar flex h-8 w-8 items-center justify-center overflow-hidden rounded-full\">\n<div class=\"relative p-1 rounded-sm flex items-center justify-center bg-token-main-surface-primary text-token-text-primary h-8 w-8\">\n<p>\u0141adowany Vape <strong>Vapme Spacex 22000 Puffs<\/strong> jest to produkt premium<strong> inteligentny\u00a0jednorazowy vape<\/strong> zaprojektowany dla u\u017cytkownik\u00f3w poszukuj\u0105cych d\u0142u\u017cszych sesji wapowania i wygody. Z imponuj\u0105c\u0105 <strong>pojemno\u015bci\u0105 30ml p\u0142ynu do vapowania<\/strong> oraz mo\u017cliwo\u015bci\u0105 dostarczenia ponad <strong>22 000 zaci\u0105gni\u0119\u0107<\/strong>, ten urz\u0105dzenie jest zbudowane na d\u0142ugowieczno\u015b\u0107 i satysfakcj\u0119. Jego <strong>bateri\u0119 850mAh<\/strong>, \u0142adowane przez <strong>Portem Type-C<\/strong>, zapewniaj\u0105c, \u017ce mo\u017cesz cieszy\u0107 si\u0119 ulubionymi smakami bez przerw, co czyni go idealnym zar\u00f3wno dla okazjonalnych vaper\u00f3w, jak i intensywnych u\u017cytkownik\u00f3w. Wyposa\u017cony w <strong>0,8-ohmow\u0105 siatk\u0119<\/strong>, ten <strong>\u0142adowalny e-papieros<\/strong>\u00a0daje optymaln\u0105 produkcj\u0119 pary, zapewniaj\u0105c, \u017ce ka\u017cdy puf jest bogaty w smak i g\u0142adki podczas inhalacji.<\/p>\n<p>Ten <strong>wy\u015bwietlaczowi LED<\/strong> to kolejna wyr\u00f3\u017cniaj\u0105ca si\u0119 cecha, umo\u017cliwiaj\u0105ca u\u017cytkownikom \u0142atwe monitorowanie poziomu baterii i poziomu e-p\u0142ynu na pierwszy rzut oka, z zaawansowan\u0105 technologi\u0105, kt\u00f3ra wyr\u00f3\u017cnia go spo\u015br\u00f3d innych <strong>jednorazowy vape z ekranem<\/strong>. To <strong>jednorazowego e-papierosa o niskiej zawarto\u015bci nikotyny <\/strong>\u00a0s\u0105 dost\u0119pne w 2% mocy nikotynowej dla u\u017cytkownik\u00f3w szukaj\u0105cych \u0142agodnego uderzenia, a opcja\u00a0<strong>5% nikotyny <\/strong>zaspokaja vaper\u00f3w, kt\u00f3rzy chc\u0105 silniejszego do\u015bwiadczenia.<\/p>\n<p>Ten <strong>Vapme 22000<\/strong> jest idealny dla <strong>hurtownia e-papieros\u00f3w<\/strong>, co czyni go doskona\u0142ym wyborem dla sprzedawc\u00f3w chc\u0105cych zaopatrzy\u0107 si\u0119 w produkty o du\u017cym popycie. Jego du\u017ca pojemno\u015b\u0107, \u0142adowalny akumulator i r\u00f3\u017cnorodno\u015b\u0107 smak\u00f3w czyni\u0105 go <strong>popularnym vape<\/strong> w modelu <strong>jednorazowy vape<\/strong> rynek, dostarczaj\u0105cy zar\u00f3wno jako\u015b\u0107, jak i wygod\u0119 w jednym eleganckim opakowaniu.<\/p>\n<\/div>\n<\/div>\n<\/div>\n<\/div>\n<\/div>\n<\/div>\n<p><strong>Skontaktuj si\u0119 z Amy, aby uzyska\u0107 w\u0142a\u015bciw\u0105 odpowied\u017a i kupon na e-papierosa!<\/strong><\/p>\n<p><img loading=\"lazy\" decoding=\"async\" class=\"size-full wp-image-1978\" src=\"https:\/\/rmvapesale.com\/wp-content\/uploads\/2024\/09\/Disposable-Vape-Wholesale.jpg\" alt=\"Hurtownia Jednorazowych E-papieros\u00f3w\" width=\"229\" height=\"300\" \/><\/p>\n<h3><a href=\"https:\/\/wa.me\/8617776015835\" target=\"_blank\" rel=\"noopener\"><span style=\"color: #ff0000\"><strong>WhatsApp: +86 17776015835<\/strong><\/span><\/a><\/h3>\n<p>&nbsp;<\/p>\n<h2><\/h2>\n<h2><strong>Vapme 22000 <\/strong><strong>Akumulatorowy Vape<\/strong><strong>\u00a0<\/strong><strong>G\u0142\u00f3wne cechy<\/strong><\/h2>\n<p>Marka: Vapme Vape<br \/>\nBateria: 850mAh z portem typu-C<br \/>\nPojemno\u015b\u0107: 30mL e-liquid<br \/>\nGrza\u0142ka: 0.8 ohm mesh coil<br \/>\nDymy: ponad 22000 puf\u00f3w<br \/>\nNikotyna: 2%\/5%<br \/>\nWy\u015bwietlacz LED dla baterii i e-liquid<\/p>\n<h2><strong>Najlepszy smak dla <\/strong><strong>Akumulatorowy Vape <\/strong><strong>Vapme 22000 <\/strong><strong>Zaci\u0105gni\u0119cia\u00a0<\/strong><\/h2>\n<p>To <strong>box vape<\/strong> urz\u0105dzenie oferuje <strong>12 ekscytuj\u0105cych smakach<\/strong>, od kwa\u015bnego wybuchu <strong>Blue Razz Lemonade<\/strong> do orze\u017awiaj\u0105cej ch\u0142odno\u015bci <strong>Arbuzowy L\u00f3d<\/strong> oraz tropikalnej mieszanki <strong>Mango Brzoskwinia Ananas<\/strong>. Niezale\u017cnie od tego, czy wolisz s\u0142odkie, owocowe czy lodowe smaki, Vapme Spacex ma co\u015b dla ka\u017cdego podniebienia.<\/p>\n<p>1. Blue razz lemoonade<span style=\"color: #ff0000\"><strong>&gt;&gt;&gt;&gt; Gor\u0105ce!<\/strong><\/span><br \/>\n2. Peach ice<br \/>\n3. Arbuz z lodem <span style=\"color: #ff0000\"><strong>&gt;&gt;&gt;&gt; Gor\u0105ce!<\/strong><\/span><br \/>\n4. Blueberry raspberry<br \/>\n5. Cherry ice<br \/>\n6.Truskawkowy l\u00f3d<br \/>\n7. Strawberry watermelon<br \/>\n8. Mango peach pineapple <span style=\"color: #ff0000\"><strong>&gt;&gt;&gt;&gt; Najlepsze!<\/strong><\/span><br \/>\n9. Truskawka kiwi<br \/>\n10. Kiwi passionfruit guava<br \/>\n11. Nap\u00f3j energetyczny<br \/>\n12.Love 66<\/p>\n<figure id=\"attachment_2542\" aria-describedby=\"caption-attachment-2542\" style=\"width: 800px\" class=\"wp-caption alignnone\"><img loading=\"lazy\" decoding=\"async\" class=\"wp-image-2542 size-full\" src=\"https:\/\/rmvapesale.com\/wp-content\/uploads\/2024\/10\/Disposable-Vape-Vapme-22000-Puffs-Price.jpg\" alt=\"Jednorazowy e-papieros Vapme 22000 puf\u00f3w Cena\" width=\"800\" height=\"800\" srcset=\"https:\/\/rmvapesale.com\/wp-content\/uploads\/2024\/10\/Disposable-Vape-Vapme-22000-Puffs-Price.jpg 800w, https:\/\/rmvapesale.com\/wp-content\/uploads\/2024\/10\/Disposable-Vape-Vapme-22000-Puffs-Price-300x300.jpg 300w, https:\/\/rmvapesale.com\/wp-content\/uploads\/2024\/10\/Disposable-Vape-Vapme-22000-Puffs-Price-150x150.jpg 150w, https:\/\/rmvapesale.com\/wp-content\/uploads\/2024\/10\/Disposable-Vape-Vapme-22000-Puffs-Price-768x768.jpg 768w, https:\/\/rmvapesale.com\/wp-content\/uploads\/2024\/10\/Disposable-Vape-Vapme-22000-Puffs-Price-600x600.jpg 600w, https:\/\/rmvapesale.com\/wp-content\/uploads\/2024\/10\/Disposable-Vape-Vapme-22000-Puffs-Price-100x100.jpg 100w\" sizes=\"auto, (max-width: 800px) 100vw, 800px\" \/><figcaption id=\"caption-attachment-2542\" class=\"wp-caption-text\">Jednorazowy e-papieros Vapme 22000 puf\u00f3w Cena<\/figcaption><\/figure>\n<p>&nbsp;<\/p>\n<h3><strong>Dlaczego warto wybra\u0107 Rmvapesale dla Vapme 22000 puf\u00f3w<\/strong><strong>?<\/strong><\/h3>\n<div class=\"flex-shrink-0 flex flex-col relative items-end\">\n<div class=\"pt-0\">\n<div class=\"gizmo-bot-avatar flex h-8 w-8 items-center justify-center overflow-hidden rounded-full\">\n<div class=\"relative p-1 rounded-sm flex items-center justify-center bg-token-main-surface-primary text-token-text-primary h-8 w-8\">\n<p>&nbsp;<\/p>\n<p>Wybieraj\u0105c Rmvapesale do hurtowych zakup\u00f3w jednorazowych e-papieros\u00f3w, zyskujesz:<\/p>\n<ul>\n<li><strong>Konkurencyjna cena<\/strong>: Uzyskaj dost\u0119p do atrakcyjnych cen hurtowych, kt\u00f3re zwi\u0119ksz\u0105 mar\u017ce Twojej firmy.<\/li>\n<li><strong>Wysoka jako\u015b\u0107<\/strong>: Nasze e-papierosy s\u0105 wykonane zgodnie z najwy\u017cszymi standardami i <span style=\"color: #ff0000\"><strong>maj\u0105 100% gwarancji oryginalno\u015bci i autentyczno\u015bci, w przeciwnym razie otrzymasz 10-krotne odszkodowanie za podrobione towary!<\/strong><\/span><\/li>\n<li><strong>Doskona\u0142a Obs\u0142uga Klienta<\/strong>: Nasz oddany zesp\u00f3\u0142 jest zawsze gotowy, aby Ci pom\u00f3c, dzi\u0119ki czemu proces zakup\u00f3w jest p\u0142ynny i bezproblemowy.<\/li>\n<li><strong>Szybka dostawa<\/strong>: Oczekuj szybkiej i niezawodnej wysy\u0142ki, kt\u00f3ra zapewni, \u017ce Twoje zam\u00f3wienia dotr\u0105 na czas, za ka\u017cdym razem.<\/li>\n<\/ul>\n<\/div>\n<h3><\/h3>\n<div class=\"relative p-1 rounded-sm flex items-center justify-center bg-token-main-surface-primary text-token-text-primary h-8 w-8\">\n<h3><b>Wielokrotnego \u0142adowania e-papieros Vapme 22000 FAQ<\/b><\/h3>\n<ul>\n<li><strong>Jak na\u0142adowa\u0107 Vapme Spacex 22000 wielokrotnego u\u017cytku e-papieros jednorazowy<\/strong><br \/>\nVapme Spacex 22000 jest wyposa\u017cony w wymienn\u0105 bateri\u0119 o pojemno\u015bci 850mAh, kt\u00f3r\u0105 mo\u017cna na\u0142adowa\u0107 przez port typu-C. Po prostu pod\u0142\u0105cz kabel typu-C do \u017ar\u00f3d\u0142a zasilania, aby na\u0142adowa\u0107 urz\u0105dzenie.<\/li>\n<li><strong>Ile nikotyny znajduje si\u0119 w Vapme Spacex 22000 Puff<\/strong><br \/>\nVapme Spacex 22000 Puffs jest dost\u0119pny w dw\u00f3ch opcjach mocy nikotyny: 2% (20mg) dla \u0142agodniejszego efektu oraz 5% (50mg) dla u\u017cytkownik\u00f3w poszukuj\u0105cych mocniejszego do\u015bwiadczenia.<\/li>\n<li><strong>Jak d\u0142ugo powinienem \u0142adowa\u0107 m\u00f3j Vapme Spacex 22000 Vape Box?<\/strong><br \/>\nDok\u0142adny czas \u0142adowania zale\u017cy od \u017ar\u00f3d\u0142a zasilania, ale mo\u017cliwo\u015b\u0107 szybkiego \u0142adowania Type-C pozwala na stosunkowo szybkie do\u0142adowania. Monitoruj wy\u015bwietlacz LED, aby sprawdzi\u0107, kiedy bateria jest w pe\u0142ni na\u0142adowana, poniewa\u017c wy\u015bwietlacz podaje informacje o \u017cywotno\u015bci baterii.<\/li>\n<li><strong>Gdzie mog\u0119 kupi\u0107 jednorazowe e-papierosy Vapme Spacex 22000?<\/strong><br \/>\nJednorazowy e-papieros Vapme Spacex 22000 Puffs mo\u017cna kupi\u0107 u sprzedawc\u00f3w detalicznych, w sklepach z e-papierosami lub na platformach internetowych specjalizuj\u0105cych si\u0119 w sprzeda\u017cy produkt\u00f3w do wapowania. Jest r\u00f3wnie\u017c dost\u0119pny w hurtowej sprzeda\u017cy, co czyni go popularnym wyborem dla firm chc\u0105cych zaopatrywa\u0107 si\u0119 w jednorazowe e-papierosy.<\/li>\n<li><strong>Jakie s\u0105 najlepsze jednorazowe vape'y 2024?<\/strong><br \/>\nNiekt\u00f3re z najlepszych jednorazowych e-papieros\u00f3w 2024 to:<\/p>\n<ul>\n<li><strong>Vapme Spacex 22000 Puffs<\/strong>: Znany ze swojej du\u017cej pojemno\u015bci, wy\u015bwietlacza LED i baterii z mo\u017cliwo\u015bci\u0105 \u0142adowania.<\/li>\n<li><strong>Vapme Crystal 20000 Puffs<\/strong>: Popularny ze wzgl\u0119du na funkcj\u0119 Double Flavor i wygodne \u0142adowanie.<\/li>\n<li><strong>Aivono Fatpro 22000 Puffs<\/strong>: Zapewnia d\u0142ugotrwa\u0142e do\u015bwiadczenie wapowania dzi\u0119ki technologii mesh coil i regulowanemu przep\u0142ywowi powietrza.<\/li>\n<li><strong>Fumot RandM Tornado 30000 Puffs<\/strong>: Posiada synchronizacj\u0119 z muzyk\u0105 i \u015bwiat\u0142a RGB, idealne do interaktywnego wapowania.<\/li>\n<\/ul>\n<\/li>\n<\/ul>\n<\/div>\n<\/div>\n<\/div>\n<\/div>\n<h3>O wysy\u0142ce<\/h3>\n<div class=\"flex-shrink-0 flex flex-col relative items-end\">\n<div>\n<div class=\"pt-0\">\n<div class=\"gizmo-bot-avatar flex h-8 w-8 items-center justify-center overflow-hidden rounded-full\">\n<div><\/div>\n<div class=\"relative p-1 rounded-sm flex items-center justify-center bg-token-main-surface-primary text-token-text-primary h-8 w-8\"><strong>1. Jakie metody wysy\u0142ki s\u0105 stosowane?<\/strong><\/div>\n<\/div>\n<\/div>\n<\/div>\n<\/div>\n<div class=\"group\/conversation-turn relative flex w-full min-w-0 flex-col agent-turn\">\n<div class=\"flex-col gap-1 md:gap-3\">\n<div class=\"flex max-w-full flex-col flex-grow\">\n<div class=\"min-h-[20px] text-message flex w-full flex-col items-end gap-2 whitespace-normal break-words [.text-message+&amp;]:mt-5 overflow-x-auto\" dir=\"auto\" data-message-author-role=\"assistant\" data-message-id=\"22f8283b-3233-46ff-89a5-c7a41b33abda\">\n<div class=\"flex w-full flex-col gap-1 empty:hidden first:pt-[3px]\">\n<div class=\"markdown prose w-full break-words dark:prose-invert light\">\n<p>Wsp\u00f3\u0142pracujemy z UPS, DHL, FedEx, DPD i innymi wiod\u0105cymi przewo\u017anikami. Wybierzemy najlepsz\u0105 metod\u0119 wysy\u0142ki w oparciu o Twoj\u0105 lokalizacj\u0119, aby zapewni\u0107, \u017ce otrzymasz swoje produkty tak szybko, jak to mo\u017cliwe.<\/p>\n<\/div>\n<p><strong>2. Ile czasu zajmuje dostawa?<\/strong><\/p>\n<p>Paczki wysy\u0142ane do Polski zazwyczaj docieraj\u0105 w ci\u0105gu 10 dni roboczych. Wysy\u0142ka do innych kraj\u00f3w europejskich trwa zwykle oko\u0142o 12-15 dni roboczych. B\u0119dziemy dostarcza\u0107 aktualizacje w czasie rzeczywistym na temat statusu Twojej przesy\u0142ki.<\/p>\n<\/div>\n<\/div>\n<\/div>\n<\/div>\n<\/div>\n<p>&nbsp;<\/p>\n<p>Inne popularne e-papierosy, kt\u00f3re mog\u0105 Ci si\u0119 spodoba\u0107:<\/p>\n<p><a href=\"https:\/\/rmvapesale.com\/pl\/product\/fumot-randm-tornado-30000-puffs-30k-music-disposable-vape\/\"><strong>RandM Tornado 30000 Zaci\u0105gni\u0119\u0107\u00a0 \u00a0<span style=\"color: #ff0000\">&gt;&gt;&gt;&gt; id\u017a!<\/span><\/strong><\/a><\/p>\n<p><strong><a href=\"https:\/\/rmvapesale.com\/pl\/product\/vapme-crystal-20000-puffs-20k-double-flavor-rechargeable-vapes\/\">Vapme Crystal 20000 Puffs <span style=\"color: #ff0000\">&gt;&gt;&gt;&gt; id\u017a!<\/span><\/a>\u00a0<\/strong><\/p>\n<p><a href=\"https:\/\/rmvapesale.com\/pl\/product\/original-randm-vape-digital-puff-12000-fumot-factory-price\/\"><strong>Fumot Vape 12000 zaci\u0105gni\u0119\u0107 <span style=\"color: #ff0000\">&gt;&gt;&gt;&gt; id\u017a!<\/span><\/strong><\/a><\/p>\n<p>&nbsp;<\/p>\n<p>&nbsp;<\/p>\n<p>Znajd\u017a wi\u0119cej produkt\u00f3w Vape, kt\u00f3re mog\u0105 Ci si\u0119 spodoba\u0107:<strong><em><a href=\"https:\/\/rmvapesale.com\/pl\/shop-2\/\">kup teraz &gt;&gt;&gt;<\/a><\/em><\/strong><\/p>","protected":false},"excerpt":{"rendered":"<p>\u0141adowalny Vape Vapme Spacex 22000 Zaci\u0105gni\u0119\u0107 Hurt<br \/>\nVapme 22000 Paliwo Jednorazowy Vape Box wszystkie Smaki<br \/>\nVapme Spacex 22000 Paliwo Jednorazowy Vape z Ekranem<\/p>\n<p><img loading=\"lazy\" decoding=\"async\" class=\"size-full wp-image-2375\" src=\"https:\/\/rmvapesale.com\/wp-content\/uploads\/2024\/10\/image.png\" alt=\"Najlepszy Jednorazowy E-papieros\" width=\"229\" height=\"300\" \/><\/p>\n<h3><a href=\"https:\/\/wa.me\/8617776015835\"><span style=\"color: #ff0000\"><strong>WhatsApp: +86 17776015835<\/strong><\/span><\/a><\/h3>\n<p>&nbsp;<\/p>","protected":false},"featured_media":2541,"comment_status":"open","ping_status":"closed","template":"","meta":{"_uag_custom_page_level_css":"","_lmt_disableupdate":"no","_lmt_disable":"","site-sidebar-layout":"default","site-content-layout":"content-boxed-container","ast-site-content-layout":"normal-width-container","site-content-style":"boxed","site-sidebar-style":"unboxed","ast-global-header-display":"","ast-banner-title-visibility":"","ast-main-header-display":"","ast-hfb-above-header-display":"","ast-hfb-below-header-display":"","ast-hfb-mobile-header-display":"","site-post-title":"","ast-breadcrumbs-content":"","ast-featured-img":"","footer-sml-layout":"","ast-disable-related-posts":"","theme-transparent-header-meta":"default","adv-header-id-meta":"","stick-header-meta":"","header-above-stick-meta":"","header-main-stick-meta":"","header-below-stick-meta":"","astra-migrate-meta-layouts":"set","ast-page-background-enabled":"default","ast-page-background-meta":{"desktop":{"background-color":"var(--ast-global-color-4)","background-image":"","background-repeat":"repeat","background-position":"center center","background-size":"auto","background-attachment":"scroll","background-type":"","background-media":"","overlay-type":"","overlay-color":"","overlay-opacity":"","overlay-gradient":""},"tablet":{"background-color":"","background-image":"","background-repeat":"repeat","background-position":"center center","background-size":"auto","background-attachment":"scroll","background-type":"","background-media":"","overlay-type":"","overlay-color":"","overlay-opacity":"","overlay-gradient":""},"mobile":{"background-color":"","background-image":"","background-repeat":"repeat","background-position":"center center","background-size":"auto","background-attachment":"scroll","background-type":"","background-media":"","overlay-type":"","overlay-color":"","overlay-opacity":"","overlay-gradient":""}},"ast-content-background-meta":{"desktop":{"background-color":"var(--ast-global-color-5)","background-image":"","background-repeat":"repeat","background-position":"center center","background-size":"auto","background-attachment":"scroll","background-type":"","background-media":"","overlay-type":"","overlay-color":"","overlay-opacity":"","overlay-gradient":""},"tablet":{"background-color":"var(--ast-global-color-5)","background-image":"","background-repeat":"repeat","background-position":"center center","background-size":"auto","background-attachment":"scroll","background-type":"","background-media":"","overlay-type":"","overlay-color":"","overlay-opacity":"","overlay-gradient":""},"mobile":{"background-color":"var(--ast-global-color-5)","background-image":"","background-repeat":"repeat","background-position":"center center","background-size":"auto","background-attachment":"scroll","background-type":"","background-media":"","overlay-type":"","overlay-color":"","overlay-opacity":"","overlay-gradient":""}},"_joinchat":[]},"product_brand":[],"product_cat":[15,27,25,123,30,26,28,137,136,135],"product_tag":[146,188,155,167,165,120],"class_list":{"0":"post-2547","1":"product","2":"type-product","3":"status-publish","4":"has-post-thumbnail","6":"product_cat-new-vape-this-week","7":"product_cat-fance-hot-sale-vape","8":"product_cat-germany-best-selling-vape","9":"product_cat-italy-wholesale-vape","10":"product_cat-minimum-order-quantity-50pcs","11":"product_cat-netherlands-hot-sale-vape","12":"product_cat-poland-hot-sale-vape","13":"product_cat-rechargeable-vapes","14":"product_cat-smart-screen-vapes","15":"product_cat-spain-best-hot-sale-vape","16":"product_tag-best-hot-sale-vape","17":"product_tag-buy-vapes-online","18":"product_tag-digital-display-box","19":"product_tag-disposable-vape-with-screen","20":"product_tag-rechargeable-vapes","21":"product_tag-vape-wholesale","22":"desktop-align-left","23":"tablet-align-left","24":"mobile-align-left","26":"first","27":"instock","28":"sale","29":"shipping-taxable","30":"purchasable","31":"product-type-simple"},"uagb_featured_image_src":{"full":["https:\/\/rmvapesale.com\/wp-content\/uploads\/2024\/10\/Disposable-Vape-Pen-Vapme-Spacex-22000.jpg",800,800,false],"thumbnail":["https:\/\/rmvapesale.com\/wp-content\/uploads\/2024\/10\/Disposable-Vape-Pen-Vapme-Spacex-22000-150x150.jpg",150,150,true],"medium":["https:\/\/rmvapesale.com\/wp-content\/uploads\/2024\/10\/Disposable-Vape-Pen-Vapme-Spacex-22000-300x300.jpg",300,300,true],"medium_large":["https:\/\/rmvapesale.com\/wp-content\/uploads\/2024\/10\/Disposable-Vape-Pen-Vapme-Spacex-22000-768x768.jpg",768,768,true],"large":["https:\/\/rmvapesale.com\/wp-content\/uploads\/2024\/10\/Disposable-Vape-Pen-Vapme-Spacex-22000.jpg",800,800,false],"1536x1536":["https:\/\/rmvapesale.com\/wp-content\/uploads\/2024\/10\/Disposable-Vape-Pen-Vapme-Spacex-22000.jpg",800,800,false],"2048x2048":["https:\/\/rmvapesale.com\/wp-content\/uploads\/2024\/10\/Disposable-Vape-Pen-Vapme-Spacex-22000.jpg",800,800,false],"trp-custom-language-flag":["https:\/\/rmvapesale.com\/wp-content\/uploads\/2024\/10\/Disposable-Vape-Pen-Vapme-Spacex-22000.jpg",12,12,false],"woocommerce_thumbnail":["https:\/\/rmvapesale.com\/wp-content\/uploads\/2024\/10\/Disposable-Vape-Pen-Vapme-Spacex-22000-300x300.jpg",300,300,true],"woocommerce_single":["https:\/\/rmvapesale.com\/wp-content\/uploads\/2024\/10\/Disposable-Vape-Pen-Vapme-Spacex-22000-600x600.jpg",600,600,true],"woocommerce_gallery_thumbnail":["https:\/\/rmvapesale.com\/wp-content\/uploads\/2024\/10\/Disposable-Vape-Pen-Vapme-Spacex-22000-100x100.jpg",100,100,true],"wcpr-photo-reviews":["https:\/\/rmvapesale.com\/wp-content\/uploads\/2024\/10\/Disposable-Vape-Pen-Vapme-Spacex-22000.jpg",500,500,false]},"uagb_author_info":{"display_name":"AMY","author_link":"https:\/\/rmvapesale.com\/pl\/author\/"},"uagb_comment_info":0,"uagb_excerpt":"Wholesale\u00a0Rechargeable Vapes Vapme Spacex 22000 Puff Vapme 22000 Puffs Disposable Vape Box all Flavor Vapme Spacex 22000 Puff Disposable Vape with Screen WhatsApp: +86 17776015835 &nbsp;","_links":{"self":[{"href":"https:\/\/rmvapesale.com\/pl\/wp-json\/wp\/v2\/product\/2547","targetHints":{"allow":["GET"]}}],"collection":[{"href":"https:\/\/rmvapesale.com\/pl\/wp-json\/wp\/v2\/product"}],"about":[{"href":"https:\/\/rmvapesale.com\/pl\/wp-json\/wp\/v2\/types\/product"}],"replies":[{"embeddable":true,"href":"https:\/\/rmvapesale.com\/pl\/wp-json\/wp\/v2\/comments?post=2547"}],"wp:featuredmedia":[{"embeddable":true,"href":"https:\/\/rmvapesale.com\/pl\/wp-json\/wp\/v2\/media\/2541"}],"wp:attachment":[{"href":"https:\/\/rmvapesale.com\/pl\/wp-json\/wp\/v2\/media?parent=2547"}],"wp:term":[{"taxonomy":"product_brand","embeddable":true,"href":"https:\/\/rmvapesale.com\/pl\/wp-json\/wp\/v2\/product_brand?post=2547"},{"taxonomy":"product_cat","embeddable":true,"href":"https:\/\/rmvapesale.com\/pl\/wp-json\/wp\/v2\/product_cat?post=2547"},{"taxonomy":"product_tag","embeddable":true,"href":"https:\/\/rmvapesale.com\/pl\/wp-json\/wp\/v2\/product_tag?post=2547"}],"curies":[{"name":"wp","href":"https:\/\/api.w.org\/{rel}","templated":true}]}}