{"id":2554,"date":"2024-10-25T06:27:27","date_gmt":"2024-10-25T06:27:27","guid":{"rendered":"https:\/\/rmvapesale.com\/?post_type=product&#038;p=2554"},"modified":"2024-10-25T07:32:34","modified_gmt":"2024-10-25T07:32:34","slug":"aivono-aim-lost-mary-6500-puff-disposable-vape-box-wholesale","status":"publish","type":"product","link":"https:\/\/rmvapesale.com\/pl\/product\/aivono-aim-lost-mary-6500-puff-disposable-vape-box-wholesale\/","title":{"rendered":"AIVONO AIM Lost Mary 6500 Zaci\u0105gni\u0119\u0107 Jednorazowy Vape Box Hurtowo"},"content":{"rendered":"<div class=\"B2VR9 CJHX3e\">\n<div class=\"wyccme\">\n<h1 class=\"LC20lb MBeuO DKV0Md\">AIVONO AIM Lost Mary 6500 Zaci\u0105gni\u0119\u0107 Jednorazowy Vape Box Hurtowo<\/h1>\n<div class=\"flex-shrink-0 flex flex-col relative items-end\">\n<div class=\"pt-0\">\n<div class=\"gizmo-bot-avatar flex h-8 w-8 items-center justify-center overflow-hidden rounded-full\">\n<div class=\"relative p-1 rounded-sm flex items-center justify-center bg-token-main-surface-primary text-token-text-primary h-8 w-8\">\n<p>AIVONO AIM Lost Mary 6500 Puffs <strong>Pude\u0142ko na E-papieros Jednorazowe<\/strong> jest wyborem premium w kategorii <strong>6500 puffs e-papieros<\/strong> zaprojektowany, aby zapewni\u0107 d\u0142ugotrwa\u0142e i pe\u0142ne smaku do\u015bwiadczenie. Z du\u017c\u0105 pojemno\u015bci\u0105 13 ml e-liquid, ten kompaktowy i przeno\u015bny <strong>box vape<\/strong> jest idealny dla palaczy szukaj\u0105cych wysokiej liczby puf\u00f3w, niskiego utrzymania. Zasilany przez wymienn\u0105 bateri\u0119 650mAh i korzystaj\u0105cy z interfejsu \u0142adowania Type-C, Lost Mary 6500 zapewnia stabiln\u0105 wydajno\u015b\u0107 z szybkim i prostym \u0142adowaniem, co czyni go idealnym wyborem dla tych, kt\u00f3rzy eksploruj\u0105 <strong>vapy wielokrotnego \u0142adowania<\/strong>.<\/p>\n<p>Dostarczaj\u0105c do 6500 puf\u00f3w, ten <strong>jednorazowy vape<\/strong> wyposa\u017cony jest w zaawansowan\u0105 technologi\u0119 cewki MESH, kt\u00f3ra oferuje g\u0142adki, bogaty smak przy ka\u017cdym wdechu. Jego regulowany system przep\u0142ywu powietrza pozwala u\u017cytkownikom dostosowa\u0107 do\u015bwiadczenie wapowania, od bardziej szczelnego do lu\u017aniejszego. Dost\u0119pny w 10 unikalnych smakach, to urz\u0105dzenie zaspokaja r\u00f3\u017cnorodne preferencje, czyni\u0105c je jednym z <strong>sklepu z e-papierosami<\/strong> najlepszych wybor\u00f3w dla <strong>kup vapy online<\/strong>.<\/p>\n<p>w\u0142a\u015bcicieli i tych, kt\u00f3rzy chc\u0105 <strong>barze z vape<\/strong> Niezale\u017cnie od tego, czy jeste\u015b <strong>hurtownia e-papieros\u00f3w<\/strong> w\u0142a\u015bcicielem szukaj\u0105cym <strong>dla swojego biznesu lub osob\u0105 poszukuj\u0105c\u0105 wygodnej, d\u0142ugotrwa\u0142ej opcji,<\/strong> AIVONO <strong>najlepszych jednorazowych waporyzator\u00f3w 2024<\/strong>.<\/p>\n<\/div>\n<\/div>\n<\/div>\n<\/div>\n<\/div>\n<\/div>\n<p><strong>Skontaktuj si\u0119 z Amy, aby uzyska\u0107 w\u0142a\u015bciw\u0105 odpowied\u017a i kupon na e-papierosa!<\/strong><\/p>\n<p><img loading=\"lazy\" decoding=\"async\" class=\"size-full wp-image-1978\" src=\"https:\/\/rmvapesale.com\/wp-content\/uploads\/2024\/09\/Disposable-Vape-Wholesale.jpg\" alt=\"Hurtownia Jednorazowych E-papieros\u00f3w\" width=\"229\" height=\"300\" \/><\/p>\n<h3><a href=\"https:\/\/wa.me\/8617776015835\" target=\"_blank\" rel=\"noopener\"><span style=\"color: #ff0000\"><strong>WhatsApp: +86 17776015835<\/strong><\/span><\/a><\/h3>\n<p>&nbsp;<\/p>\n<h2><\/h2>\n<h2><strong>AIM 6500 Puff jest zaprojektowany, aby zapewni\u0107 satysfakcj\u0119. Dzi\u0119ki wysokiej jako\u015bci wykonania i funkcjom skupionym na u\u017cytkowniku, ma szans\u0119 sta\u0107 si\u0119 jednym z<\/strong><strong>\u00a0<\/strong><strong>G\u0142\u00f3wne cechy<\/strong><\/h2>\n<p>&nbsp;<\/p>\n<p>Pojemno\u015b\u0107 Pod: 13ml<br \/>\nBateria: 650mAh<br \/>\nChmury: 6500 chmur<br \/>\nWielokrotnego \u0142adowania: Interfejs typu C<br \/>\nPojemno\u015b\u0107: 13 ML<br \/>\nSmaki: 10 smak\u00f3w<\/p>\n<h2><strong>Najlepszy smak dla <\/strong><strong>Wielokrotnego \u0142adowania Vape AIVONO Lost Mary 6500 Chmur<\/strong><\/h2>\n<p>Ten AIVONO Lost Mary 6500 Chmur\u00a0 <strong>box vape<\/strong> urz\u0105dzenie oferuje <strong>12 ekscytuj\u0105cych smakach<\/strong>, od kwa\u015bnego wybuchu <strong>Blue Razz Lemonade<\/strong> do orze\u017awiaj\u0105cej ch\u0142odno\u015bci <strong>Arbuzowy L\u00f3d<\/strong> oraz tropikalnej mieszanki <strong>Mango Brzoskwinia Ananas<\/strong>. Niezale\u017cnie od tego, czy wolisz s\u0142odkie, owocowe czy lodowe smaki, Vapme Spacex ma co\u015b dla ka\u017cdego podniebienia.<\/p>\n<p>1. Aloesowy obecny l\u00f3d<span style=\"color: #ff0000\"><strong>&gt;&gt;&gt;&gt; Gor\u0105ce!<\/strong><\/span><br \/>\n2. Czere\u015bnia melonowa<br \/>\n3. Truskawkowe lody<br \/>\n4. Truskawka kiwi l\u00f3d<br \/>\n5. Ananas kokos l\u00f3d<br \/>\n6. Cytryna mi\u0119towa<br \/>\n7. Bia\u0142y brzoskwinia grejpfrut melon<br \/>\n8. arbuz guma balonowa l\u00f3d<span style=\"color: #ff0000\"><strong>&gt;&gt;&gt;&gt; Najlepsze!<\/strong><\/span><br \/>\n9. truskawka l\u00f3d<span style=\"color: #ff0000\"><strong>&gt;&gt;&gt;&gt; Gor\u0105ce!<\/strong><\/span><\/p>\n<figure id=\"attachment_2549\" aria-describedby=\"caption-attachment-2549\" style=\"width: 600px\" class=\"wp-caption alignnone\"><img loading=\"lazy\" decoding=\"async\" class=\"wp-image-2549 size-full\" src=\"https:\/\/rmvapesale.com\/wp-content\/uploads\/2024\/10\/AIM-PUFFSTAR-6500-Puffs-Disposable-Vape-Flavor.jpg\" alt=\"AIM PUFFSTAR 6500 Paliwek jednorazowy smak\" width=\"600\" height=\"600\" srcset=\"https:\/\/rmvapesale.com\/wp-content\/uploads\/2024\/10\/AIM-PUFFSTAR-6500-Puffs-Disposable-Vape-Flavor.jpg 600w, https:\/\/rmvapesale.com\/wp-content\/uploads\/2024\/10\/AIM-PUFFSTAR-6500-Puffs-Disposable-Vape-Flavor-300x300.jpg 300w, https:\/\/rmvapesale.com\/wp-content\/uploads\/2024\/10\/AIM-PUFFSTAR-6500-Puffs-Disposable-Vape-Flavor-150x150.jpg 150w, https:\/\/rmvapesale.com\/wp-content\/uploads\/2024\/10\/AIM-PUFFSTAR-6500-Puffs-Disposable-Vape-Flavor-100x100.jpg 100w\" sizes=\"auto, (max-width: 600px) 100vw, 600px\" \/><figcaption id=\"caption-attachment-2549\" class=\"wp-caption-text\">AIM PUFFSTAR 6500 Paliwek jednorazowy smak<\/figcaption><\/figure>\n<p>&nbsp;<\/p>\n<h3><strong>Dlaczego warto wybra\u0107 Rmvapesale dla AIVONO Lost Mary 6500 Jednorazowy vape<\/strong><strong>?<\/strong><\/h3>\n<div class=\"flex-shrink-0 flex flex-col relative items-end\">\n<div class=\"pt-0\">\n<div class=\"gizmo-bot-avatar flex h-8 w-8 items-center justify-center overflow-hidden rounded-full\">\n<div class=\"relative p-1 rounded-sm flex items-center justify-center bg-token-main-surface-primary text-token-text-primary h-8 w-8\">\n<p>&nbsp;<\/p>\n<p>Wybieraj\u0105c Rmvapesale do hurtowych zakup\u00f3w jednorazowych e-papieros\u00f3w, zyskujesz:<\/p>\n<ul>\n<li><strong>Konkurencyjna cena<\/strong>: Uzyskaj dost\u0119p do atrakcyjnych cen hurtowych, kt\u00f3re zwi\u0119ksz\u0105 mar\u017ce Twojej firmy.<\/li>\n<li><strong>Wysoka jako\u015b\u0107<\/strong>: Nasze e-papierosy s\u0105 wykonane zgodnie z najwy\u017cszymi standardami i <span style=\"color: #ff0000\"><strong>maj\u0105 100% gwarancji oryginalno\u015bci i autentyczno\u015bci, w przeciwnym razie otrzymasz 10-krotne odszkodowanie za podrobione towary!<\/strong><\/span><\/li>\n<li><strong>Doskona\u0142a Obs\u0142uga Klienta<\/strong>: Nasz oddany zesp\u00f3\u0142 jest zawsze gotowy, aby Ci pom\u00f3c, dzi\u0119ki czemu proces zakup\u00f3w jest p\u0142ynny i bezproblemowy.<\/li>\n<li><strong>Szybka dostawa<\/strong>: Oczekuj szybkiej i niezawodnej wysy\u0142ki, kt\u00f3ra zapewni, \u017ce Twoje zam\u00f3wienia dotr\u0105 na czas, za ka\u017cdym razem.<\/li>\n<\/ul>\n<\/div>\n<h3><\/h3>\n<div class=\"relative p-1 rounded-sm flex items-center justify-center bg-token-main-surface-primary text-token-text-primary h-8 w-8\">\n<h3><b>Wielokrotnego \u0142adowania vape AIVONO Lost Mary 6500 FAQ<\/b><\/h3>\n<ul>\n<li><strong>Jak na\u0142adowa\u0107 AIVONO 6500 wielokrotnego u\u017cytku jednorazowy vape<\/strong><br \/>\nAIVONO Lost Mary 6500 Puff jest \u0142adowany przez interfejs \u0142adowania Type-C. Aby na\u0142adowa\u0107, pod\u0142\u0105cz kabel Type-C do \u017ar\u00f3d\u0142a zasilania, a bateria 650mAh na\u0142aduje si\u0119 szybko, umo\u017cliwiaj\u0105c d\u0142ugie sesje wapowania.<\/li>\n<li><strong>Ile nikotyny znajduje si\u0119 w AIVONO Lost Mary 6500 Puff<\/strong><br \/>\nSi\u0142a nikotynu dla AIVONO Lost Mary 6500 Puff nie jest okre\u015blona w tre\u015bci. Jednak jednorazowe e-papierosy takie jak ten cz\u0119sto dost\u0119pne s\u0105 w r\u00f3\u017cnych poziomach nikotyny, takich jak 2% (20mg) lub 5% (50mg), aby dopasowa\u0107 si\u0119 do r\u00f3\u017cnych preferencji. Mo\u017cesz sprawdzi\u0107 u sprzedawcy lub na opakowaniu, aby uzyska\u0107 dok\u0142adne informacje.<\/li>\n<li><strong>Jak d\u0142ugo powinienem \u0142adowa\u0107 m\u00f3j jednorazowy e-papieros Lost Mary 6500 Vape Box?<\/strong><br \/>\nCzas \u0142adowania zale\u017cy od \u017ar\u00f3d\u0142a zasilania, ale funkcja szybkiego \u0142adowania Type-C powinna umo\u017cliwi\u0107 stosunkowo szybkie na\u0142adowanie. Monitoruj urz\u0105dzenie podczas \u0142adowania i zaleca si\u0119 korzystanie z wska\u017anik\u00f3w \u0142adowania, aby wiedzie\u0107, kiedy jest w pe\u0142ni na\u0142adowane.<\/li>\n<li><strong>Gdzie mog\u0119 kupi\u0107 jednorazowego e-papierosa AIVONO Lost Mary 6500?<\/strong><br \/>\nJednorazowy e-papieros AIVONO Lost Mary 6500 mo\u017cna kupi\u0107 w <strong>sklep\u00f3w z vape<\/strong>, platformach internetowych, gdzie mo\u017cna <strong>kup vapy online<\/strong>, lub od <strong>hurtowych dystrybutor\u00f3w vape<\/strong> dostawc\u00f3w. Sprawd\u017a dost\u0119pno\u015b\u0107 u sprzedawc\u00f3w e-papieros\u00f3w online lub w lokalnych sklepach.<\/li>\n<li><strong>Jakie s\u0105 najlepsze jednorazowe vape'y 2024?<\/strong><br \/>\nNiekt\u00f3re z najlepszych jednorazowych e-papieros\u00f3w 2024 to:<\/p>\n<ul>\n<li><strong>AIVONO Lost Mary 6500 Puffs<\/strong>: Znany z du\u017cej pojemno\u015bci e-liquid, akumulatora do wielokrotnego \u0142adowania oraz regulowanego przep\u0142ywu powietrza.<\/li>\n<li><strong>Vapme Crystal 20000 Puffs<\/strong>: Posiada funkcj\u0119 Double Flavor dla wszechstronnego do\u015bwiadczenia wapowania.<\/li>\n<li><strong>Fumot RandM Tornado 30000 Puffs<\/strong>: Wyr\u00f3\u017cnia si\u0119 pod\u015bwietleniem RGB synchronizowanym z muzyk\u0105.<\/li>\n<li><strong>Aivono Fatpro 22000 Puffs<\/strong>: Oferuje konfigurowalny przep\u0142yw powietrza i zaawansowan\u0105 technologi\u0119 mesh coil.<\/li>\n<\/ul>\n<\/li>\n<\/ul>\n<\/div>\n<\/div>\n<\/div>\n<\/div>\n<h3>O wysy\u0142ce<\/h3>\n<div class=\"flex-shrink-0 flex flex-col relative items-end\">\n<div>\n<div class=\"pt-0\">\n<div class=\"gizmo-bot-avatar flex h-8 w-8 items-center justify-center overflow-hidden rounded-full\">\n<div><\/div>\n<div class=\"relative p-1 rounded-sm flex items-center justify-center bg-token-main-surface-primary text-token-text-primary h-8 w-8\"><strong>1. Jakie metody wysy\u0142ki s\u0105 stosowane?<\/strong><\/div>\n<\/div>\n<\/div>\n<\/div>\n<\/div>\n<div class=\"group\/conversation-turn relative flex w-full min-w-0 flex-col agent-turn\">\n<div class=\"flex-col gap-1 md:gap-3\">\n<div class=\"flex max-w-full flex-col flex-grow\">\n<div class=\"min-h-[20px] text-message flex w-full flex-col items-end gap-2 whitespace-normal break-words [.text-message+&amp;]:mt-5 overflow-x-auto\" dir=\"auto\" data-message-author-role=\"assistant\" data-message-id=\"22f8283b-3233-46ff-89a5-c7a41b33abda\">\n<div class=\"flex w-full flex-col gap-1 empty:hidden first:pt-[3px]\">\n<div class=\"markdown prose w-full break-words dark:prose-invert light\">\n<p>Wsp\u00f3\u0142pracujemy z UPS, DHL, FedEx, DPD i innymi wiod\u0105cymi przewo\u017anikami. Wybierzemy najlepsz\u0105 metod\u0119 wysy\u0142ki w oparciu o Twoj\u0105 lokalizacj\u0119, aby zapewni\u0107, \u017ce otrzymasz swoje produkty tak szybko, jak to mo\u017cliwe.<\/p>\n<\/div>\n<p><strong>2. Ile czasu zajmuje dostawa?<\/strong><\/p>\n<p>Paczki wysy\u0142ane do Polski zazwyczaj docieraj\u0105 w ci\u0105gu 10 dni roboczych. Wysy\u0142ka do innych kraj\u00f3w europejskich trwa zwykle oko\u0142o 12-15 dni roboczych. B\u0119dziemy dostarcza\u0107 aktualizacje w czasie rzeczywistym na temat statusu Twojej przesy\u0142ki.<\/p>\n<\/div>\n<\/div>\n<\/div>\n<\/div>\n<\/div>\n<p>&nbsp;<\/p>\n<p>Inne popularne e-papierosy, kt\u00f3re mog\u0105 Ci si\u0119 spodoba\u0107:<\/p>\n<p><a href=\"https:\/\/rmvapesale.com\/pl\/product\/fumot-randm-tornado-30000-puffs-30k-music-disposable-vape\/\"><strong>RandM Tornado 30000 Zaci\u0105gni\u0119\u0107\u00a0 \u00a0<span style=\"color: #ff0000\">&gt;&gt;&gt;&gt; id\u017a!<\/span><\/strong><\/a><\/p>\n<p><strong><a href=\"https:\/\/rmvapesale.com\/pl\/product\/vapme-crystal-20000-puffs-20k-double-flavor-rechargeable-vapes\/\">Vapme Crystal 20000 Puffs <span style=\"color: #ff0000\">&gt;&gt;&gt;&gt; id\u017a!<\/span><\/a>\u00a0<\/strong><\/p>\n<p><a href=\"https:\/\/rmvapesale.com\/pl\/product\/original-randm-vape-digital-puff-12000-fumot-factory-price\/\"><strong>Fumot Vape 12000 zaci\u0105gni\u0119\u0107 <span style=\"color: #ff0000\">&gt;&gt;&gt;&gt; id\u017a!<\/span><\/strong><\/a><\/p>\n<p>&nbsp;<\/p>\n<p>&nbsp;<\/p>\n<p>Znajd\u017a wi\u0119cej produkt\u00f3w Vape, kt\u00f3re mog\u0105 Ci si\u0119 spodoba\u0107:<strong><em><a href=\"https:\/\/rmvapesale.com\/pl\/shop-2\/\">kup teraz &gt;&gt;&gt;<\/a><\/em><\/strong><\/p>","protected":false},"excerpt":{"rendered":"<p>AIVONO AIM 6500 Puffs Pude\u0142ko E-papieros Sklep Online<br \/>\nLost Mary 6500 Puffs Pojemny E-papieros z \u0142adowaniem<br \/>\nAIVONO AIM Lost Mary 6500 Zaci\u0105gni\u0119\u0107 Jednorazowy Vape Box Hurtowo<\/p>\n<p><img loading=\"lazy\" decoding=\"async\" class=\"size-full wp-image-2375\" src=\"https:\/\/rmvapesale.com\/wp-content\/uploads\/2024\/10\/image.png\" alt=\"Najlepszy Jednorazowy E-papieros\" width=\"229\" height=\"300\" \/><\/p>\n<h3><a href=\"https:\/\/wa.me\/8617776015835\"><span style=\"color: #ff0000\"><strong>WhatsApp: +86 17776015835<\/strong><\/span><\/a><\/h3>\n<p>&nbsp;<\/p>","protected":false},"featured_media":2552,"comment_status":"open","ping_status":"closed","template":"","meta":{"_uag_custom_page_level_css":"","_lmt_disableupdate":"no","_lmt_disable":"","site-sidebar-layout":"default","site-content-layout":"content-boxed-container","ast-site-content-layout":"normal-width-container","site-content-style":"boxed","site-sidebar-style":"unboxed","ast-global-header-display":"","ast-banner-title-visibility":"","ast-main-header-display":"","ast-hfb-above-header-display":"","ast-hfb-below-header-display":"","ast-hfb-mobile-header-display":"","site-post-title":"","ast-breadcrumbs-content":"","ast-featured-img":"","footer-sml-layout":"","theme-transparent-header-meta":"default","adv-header-id-meta":"","stick-header-meta":"","header-above-stick-meta":"","header-main-stick-meta":"","header-below-stick-meta":"","astra-migrate-meta-layouts":"set","ast-page-background-enabled":"default","ast-page-background-meta":{"desktop":{"background-color":"var(--ast-global-color-4)","background-image":"","background-repeat":"repeat","background-position":"center center","background-size":"auto","background-attachment":"scroll","background-type":"","background-media":"","overlay-type":"","overlay-color":"","overlay-opacity":"","overlay-gradient":""},"tablet":{"background-color":"","background-image":"","background-repeat":"repeat","background-position":"center center","background-size":"auto","background-attachment":"scroll","background-type":"","background-media":"","overlay-type":"","overlay-color":"","overlay-opacity":"","overlay-gradient":""},"mobile":{"background-color":"","background-image":"","background-repeat":"repeat","background-position":"center center","background-size":"auto","background-attachment":"scroll","background-type":"","background-media":"","overlay-type":"","overlay-color":"","overlay-opacity":"","overlay-gradient":""}},"ast-content-background-meta":{"desktop":{"background-color":"var(--ast-global-color-5)","background-image":"","background-repeat":"repeat","background-position":"center center","background-size":"auto","background-attachment":"scroll","background-type":"","background-media":"","overlay-type":"","overlay-color":"","overlay-opacity":"","overlay-gradient":""},"tablet":{"background-color":"var(--ast-global-color-5)","background-image":"","background-repeat":"repeat","background-position":"center center","background-size":"auto","background-attachment":"scroll","background-type":"","background-media":"","overlay-type":"","overlay-color":"","overlay-opacity":"","overlay-gradient":""},"mobile":{"background-color":"var(--ast-global-color-5)","background-image":"","background-repeat":"repeat","background-position":"center center","background-size":"auto","background-attachment":"scroll","background-type":"","background-media":"","overlay-type":"","overlay-color":"","overlay-opacity":"","overlay-gradient":""}},"_joinchat":[]},"product_brand":[],"product_cat":[15,25,123,26,28,135,27,137,136,30],"product_tag":[146,188,167,189,190,165,120],"class_list":{"0":"post-2554","1":"product","2":"type-product","3":"status-publish","4":"has-post-thumbnail","6":"product_cat-new-vape-this-week","7":"product_cat-germany-best-selling-vape","8":"product_cat-italy-wholesale-vape","9":"product_cat-netherlands-hot-sale-vape","10":"product_cat-poland-hot-sale-vape","11":"product_cat-spain-best-hot-sale-vape","12":"product_cat-fance-hot-sale-vape","13":"product_cat-rechargeable-vapes","14":"product_cat-smart-screen-vapes","15":"product_cat-minimum-order-quantity-50pcs","16":"product_tag-best-hot-sale-vape","17":"product_tag-buy-vapes-online","18":"product_tag-disposable-vape-with-screen","19":"product_tag-lost-mary-vape","20":"product_tag-puff-6500","21":"product_tag-rechargeable-vapes","22":"product_tag-vape-wholesale","23":"desktop-align-left","24":"tablet-align-left","25":"mobile-align-left","27":"first","28":"instock","29":"sale","30":"shipping-taxable","31":"purchasable","32":"product-type-simple"},"uagb_featured_image_src":{"full":["https:\/\/rmvapesale.com\/wp-content\/uploads\/2024\/10\/AIM-PUFFSTAR-6500.jpg",600,600,false],"thumbnail":["https:\/\/rmvapesale.com\/wp-content\/uploads\/2024\/10\/AIM-PUFFSTAR-6500-150x150.jpg",150,150,true],"medium":["https:\/\/rmvapesale.com\/wp-content\/uploads\/2024\/10\/AIM-PUFFSTAR-6500-300x300.jpg",300,300,true],"medium_large":["https:\/\/rmvapesale.com\/wp-content\/uploads\/2024\/10\/AIM-PUFFSTAR-6500.jpg",600,600,false],"large":["https:\/\/rmvapesale.com\/wp-content\/uploads\/2024\/10\/AIM-PUFFSTAR-6500.jpg",600,600,false],"1536x1536":["https:\/\/rmvapesale.com\/wp-content\/uploads\/2024\/10\/AIM-PUFFSTAR-6500.jpg",600,600,false],"2048x2048":["https:\/\/rmvapesale.com\/wp-content\/uploads\/2024\/10\/AIM-PUFFSTAR-6500.jpg",600,600,false],"trp-custom-language-flag":["https:\/\/rmvapesale.com\/wp-content\/uploads\/2024\/10\/AIM-PUFFSTAR-6500.jpg",12,12,false],"woocommerce_thumbnail":["https:\/\/rmvapesale.com\/wp-content\/uploads\/2024\/10\/AIM-PUFFSTAR-6500-300x300.jpg",300,300,true],"woocommerce_single":["https:\/\/rmvapesale.com\/wp-content\/uploads\/2024\/10\/AIM-PUFFSTAR-6500.jpg",600,600,false],"woocommerce_gallery_thumbnail":["https:\/\/rmvapesale.com\/wp-content\/uploads\/2024\/10\/AIM-PUFFSTAR-6500-100x100.jpg",100,100,true],"wcpr-photo-reviews":["https:\/\/rmvapesale.com\/wp-content\/uploads\/2024\/10\/AIM-PUFFSTAR-6500.jpg",500,500,false]},"uagb_author_info":{"display_name":"AMY","author_link":"https:\/\/rmvapesale.com\/pl\/author\/"},"uagb_comment_info":0,"uagb_excerpt":"AIVONO AIM 6500 Puff Box Vape Shop Online Lost Mary 6500 Puff Rechargable Vape Bar AIVONO Lost Mary 6500 Puff Disposable Vape Box Wholesale WhatsApp: +86 17776015835 &nbsp;","_links":{"self":[{"href":"https:\/\/rmvapesale.com\/pl\/wp-json\/wp\/v2\/product\/2554","targetHints":{"allow":["GET"]}}],"collection":[{"href":"https:\/\/rmvapesale.com\/pl\/wp-json\/wp\/v2\/product"}],"about":[{"href":"https:\/\/rmvapesale.com\/pl\/wp-json\/wp\/v2\/types\/product"}],"replies":[{"embeddable":true,"href":"https:\/\/rmvapesale.com\/pl\/wp-json\/wp\/v2\/comments?post=2554"}],"wp:featuredmedia":[{"embeddable":true,"href":"https:\/\/rmvapesale.com\/pl\/wp-json\/wp\/v2\/media\/2552"}],"wp:attachment":[{"href":"https:\/\/rmvapesale.com\/pl\/wp-json\/wp\/v2\/media?parent=2554"}],"wp:term":[{"taxonomy":"product_brand","embeddable":true,"href":"https:\/\/rmvapesale.com\/pl\/wp-json\/wp\/v2\/product_brand?post=2554"},{"taxonomy":"product_cat","embeddable":true,"href":"https:\/\/rmvapesale.com\/pl\/wp-json\/wp\/v2\/product_cat?post=2554"},{"taxonomy":"product_tag","embeddable":true,"href":"https:\/\/rmvapesale.com\/pl\/wp-json\/wp\/v2\/product_tag?post=2554"}],"curies":[{"name":"wp","href":"https:\/\/api.w.org\/{rel}","templated":true}]}}