{"id":2562,"date":"2024-10-25T07:04:35","date_gmt":"2024-10-25T07:04:35","guid":{"rendered":"https:\/\/rmvapesale.com\/?post_type=product&#038;p=2562"},"modified":"2024-10-25T07:28:33","modified_gmt":"2024-10-25T07:28:33","slug":"elf-world-i15-pro-12000-rechargeable-disposable-vape-pod","status":"publish","type":"product","link":"https:\/\/rmvapesale.com\/pl\/product\/elf-world-i15-pro-12000-rechargeable-disposable-vape-pod\/","title":{"rendered":"Elf World i15 Pro 12000, \u0142adowalny, jednorazowy e-papieros"},"content":{"rendered":"<div class=\"B2VR9 CJHX3e\">\n<div class=\"wyccme\">\n<h1 class=\"LC20lb MBeuO DKV0Md\">Elf World i15 Pro 12000, \u0142adowalny, jednorazowy e-papieros<\/h1>\n<div class=\"flex-shrink-0 flex flex-col relative items-end\">\n<div class=\"pt-0\">\n<div class=\"gizmo-bot-avatar flex h-8 w-8 items-center justify-center overflow-hidden rounded-full\">\n<div class=\"relative p-1 rounded-sm flex items-center justify-center bg-token-main-surface-primary text-token-text-primary h-8 w-8\">\n<p>Ten <strong>Elf World i15 Pro 12000, \u0142adowalny, jednorazowy e-papieros<\/strong> ustawia nowy standard dla palenia MTL dzi\u0119ki zaawansowanej technologii, eleganckiemu designowi i imponuj\u0105cej trwa\u0142o\u015bci. Zaprojektowany z ergonomicznym kszta\u0142tem, ten urz\u0105dzenie wygodnie mie\u015bci si\u0119 w d\u0142oni, czyni\u0105c je nie tylko vape, ale tak\u017ce wyrafinowanym dodatkiem. Stworzony zar\u00f3wno dla do\u015bwiadczonych vaper\u00f3w, jak i nowicjuszy, ten puff 12 vape \u0142\u0105czy styl i funkcjonalno\u015b\u0107 w jednym kompaktowym opakowaniu.<\/p>\n<p>Z <strong>12000 pali<\/strong> na urz\u0105dzenie, <strong>Elf World <\/strong>i15 Pro oferuje d\u0142ugotrwa\u0142e u\u017cytkowanie, dor\u00f3wnuj\u0105c innym wysokiej klasy opcjom na rynku.<strong> jednorazowy vape<\/strong> Zasilany przez <strong>zintegrowan\u0105 bateri\u0119 650mAh<\/strong> i wyposa\u017cony w <strong>port \u0142adowania Type-C<\/strong>, ten <strong>jednorazowy e-papieros z mo\u017cliwo\u015bci\u0105 \u0142adowania<\/strong> jest zaprojektowany do bezproblemowego, sta\u0142ego u\u017cytkowania. Urz\u0105dzenie szybko si\u0119 nagrzewa, zapewniaj\u0105c g\u0142adki, sta\u0142y vapor przy ka\u017cdym pufie, co czyni Twoje do\u015bwiadczenie vapingowe przyjemnym i wygodnym.<\/p>\n<p>Ten <strong>Elf World 12000 puf\u00f3w vape<\/strong> r\u00f3wnie\u017c posiada <strong>system aktywowany przez wdech<\/strong>, upraszczaj\u0105c proces vapingowy, a jego \u017cywy wy\u015bwietlacz umo\u017cliwia \u0142atwe monitorowanie poziomu baterii. Dzi\u0119ki trwa\u0142ej konstrukcji, ten pod vape jest stworzony do codziennego u\u017cytku, zachowuj\u0105c eleganckie wyko\u0144czenie, kt\u00f3re dodaje wyrafinowania Twojemu do\u015bwiadczeniu vapingowemu.<\/p>\n<\/div>\n<\/div>\n<\/div>\n<\/div>\n<\/div>\n<\/div>\n<p><strong>Skontaktuj si\u0119 z Amy, aby uzyska\u0107 w\u0142a\u015bciw\u0105 odpowied\u017a i kupon na e-papierosa!<\/strong><\/p>\n<p><img loading=\"lazy\" decoding=\"async\" class=\"size-full wp-image-1978\" src=\"https:\/\/rmvapesale.com\/wp-content\/uploads\/2024\/09\/Disposable-Vape-Wholesale.jpg\" alt=\"Hurtownia Jednorazowych E-papieros\u00f3w\" width=\"229\" height=\"300\" \/><\/p>\n<h3><a href=\"https:\/\/wa.me\/8617776015835\" target=\"_blank\" rel=\"noopener\"><span style=\"color: #ff0000\"><strong>WhatsApp: +86 17776015835<\/strong><\/span><\/a><\/h3>\n<p>&nbsp;<\/p>\n<h2><\/h2>\n<h2><strong>Elf World i15 Pro 12000, \u0142adowalny, jednorazowy e-papieros <\/strong><strong>G\u0142\u00f3wne cechy<\/strong><\/h2>\n<p>Typ produktu: Jednorazowa Vape<br \/>\nPufy: 12000 Puf\u00f3w<br \/>\nPojemno\u015b\u0107 E-liquid: 18ml<br \/>\nMoc nikotyny: 5%<br \/>\nBudowa cewki: Siatka cewki<br \/>\nPojemno\u015b\u0107 baterii: 650mAh<br \/>\nPort \u0142adowania: Typ-C<br \/>\nEkran LED wy\u015bwietla poziom e-juices i baterii<\/p>\n<p>&nbsp;<\/p>\n<h2><strong>Najlepszy smak dla <\/strong><strong>Wielokrotnego \u0142adowania Vape Elf World 12000 Puff<\/strong><\/h2>\n<p>&nbsp;<\/p>\n<p>1. Brzoskwinia Mango<br \/>\n2. Winogrono z lodem<br \/>\n3. Vanilia Casta Tyto\u0144<br \/>\n4. Arbuz Guma do \u017cucia <span style=\"color: #ff0000\"><strong>&gt;&gt;&gt;&gt; Gor\u0105ce!<\/strong><\/span><br \/>\n5. Truskawkowe Lody<br \/>\n6. Kiwi Passionfruit Guava<br \/>\n7. Arbuzowy l\u00f3d<br \/>\n8. Malina Arbuz<br \/>\n9. Mieszane jagody <span style=\"color: #ff0000\"><strong>&gt;&gt;&gt;&gt; Najlepsze!<\/strong><\/span><br \/>\n10. Truskawkowy l\u00f3d <span style=\"color: #ff0000\"><strong>&gt;&gt;&gt;&gt; Gor\u0105ce!<\/strong><\/span><\/p>\n<figure id=\"attachment_2560\" aria-describedby=\"caption-attachment-2560\" style=\"width: 800px\" class=\"wp-caption alignnone\"><img loading=\"lazy\" decoding=\"async\" class=\"wp-image-2560 size-full\" src=\"https:\/\/rmvapesale.com\/wp-content\/uploads\/2024\/10\/ELFWORLD-I15-Pro-Disposable-Vape-Kit-12000-Puffs.jpg\" alt=\"ELFWORLD I15 Pro Zestaw Jednorazowej Vape 12000 Pali\" width=\"800\" height=\"800\" srcset=\"https:\/\/rmvapesale.com\/wp-content\/uploads\/2024\/10\/ELFWORLD-I15-Pro-Disposable-Vape-Kit-12000-Puffs.jpg 800w, https:\/\/rmvapesale.com\/wp-content\/uploads\/2024\/10\/ELFWORLD-I15-Pro-Disposable-Vape-Kit-12000-Puffs-300x300.jpg 300w, https:\/\/rmvapesale.com\/wp-content\/uploads\/2024\/10\/ELFWORLD-I15-Pro-Disposable-Vape-Kit-12000-Puffs-150x150.jpg 150w, https:\/\/rmvapesale.com\/wp-content\/uploads\/2024\/10\/ELFWORLD-I15-Pro-Disposable-Vape-Kit-12000-Puffs-768x768.jpg 768w, https:\/\/rmvapesale.com\/wp-content\/uploads\/2024\/10\/ELFWORLD-I15-Pro-Disposable-Vape-Kit-12000-Puffs-600x600.jpg 600w, https:\/\/rmvapesale.com\/wp-content\/uploads\/2024\/10\/ELFWORLD-I15-Pro-Disposable-Vape-Kit-12000-Puffs-100x100.jpg 100w\" sizes=\"auto, (max-width: 800px) 100vw, 800px\" \/><figcaption id=\"caption-attachment-2560\" class=\"wp-caption-text\">ELFWORLD I15 Pro Zestaw Jednorazowej Vape 12000 Pali<\/figcaption><\/figure>\n<h3><strong>Dlaczego warto wybra\u0107 Rmvapesale dla Elf World i15 Pro 12000 Wielokrotnego \u0142adowania jednorazowego vape<\/strong><strong>?<\/strong><\/h3>\n<div class=\"flex-shrink-0 flex flex-col relative items-end\">\n<div class=\"pt-0\">\n<div class=\"gizmo-bot-avatar flex h-8 w-8 items-center justify-center overflow-hidden rounded-full\">\n<div class=\"relative p-1 rounded-sm flex items-center justify-center bg-token-main-surface-primary text-token-text-primary h-8 w-8\">\n<p>&nbsp;<\/p>\n<p>Wybieraj\u0105c Rmvapesale do hurtowych zakup\u00f3w jednorazowych e-papieros\u00f3w, zyskujesz:<\/p>\n<ul>\n<li><strong>Konkurencyjna cena<\/strong>: Uzyskaj dost\u0119p do atrakcyjnych cen hurtowych, kt\u00f3re zwi\u0119ksz\u0105 mar\u017ce Twojej firmy.<\/li>\n<li><strong>Wysoka jako\u015b\u0107<\/strong>: Nasze e-papierosy s\u0105 wykonane zgodnie z najwy\u017cszymi standardami i <span style=\"color: #ff0000\"><strong>maj\u0105 100% gwarancji oryginalno\u015bci i autentyczno\u015bci, w przeciwnym razie otrzymasz 10-krotne odszkodowanie za podrobione towary!<\/strong><\/span><\/li>\n<li><strong>Doskona\u0142a Obs\u0142uga Klienta<\/strong>: Nasz oddany zesp\u00f3\u0142 jest zawsze gotowy, aby Ci pom\u00f3c, dzi\u0119ki czemu proces zakup\u00f3w jest p\u0142ynny i bezproblemowy.<\/li>\n<li><strong>Szybka dostawa<\/strong>: Oczekuj szybkiej i niezawodnej wysy\u0142ki, kt\u00f3ra zapewni, \u017ce Twoje zam\u00f3wienia dotr\u0105 na czas, za ka\u017cdym razem.<\/li>\n<\/ul>\n<\/div>\n<h3><\/h3>\n<div class=\"relative p-1 rounded-sm flex items-center justify-center bg-token-main-surface-primary text-token-text-primary h-8 w-8\">\n<h3><b>Najcz\u0119\u015bciej zadawane pytania dotycz\u0105ce Rechargeable Vape Elf World i15 Pro 12000 Puff<\/b><\/h3>\n<ul>\n<li><strong>Jak na\u0142adowa\u0107 Elf World Bar i15 Pro 12000 wielokrotnego \u0142adowania jednorazowy vape<\/strong><br \/>\nElf World i15 Pro 12000 wyposa\u017cony jest w wymienn\u0105 bateri\u0119 o pojemno\u015bci 650mAh. Aby na\u0142adowa\u0107, pod\u0142\u0105cz urz\u0105dzenie do \u017ar\u00f3d\u0142a zasilania za pomoc\u0105 portu \u0142adowania Typ-C. Ta szybka funkcja \u0142adowania zapewnia \u0142atwe na\u0142adowanie i szybki powr\u00f3t do vapowania.<\/li>\n<li><strong>Ile nikotyny znajduje si\u0119 w Elf World Bar 12000 Puff<\/strong><br \/>\nSi\u0142a nikotyny w Elf World i15 Pro 12000 nie jest okre\u015blona w tre\u015bci. Jednorazowe vape zwykle dost\u0119pne s\u0105 w r\u00f3\u017cnych poziomach nikotyny, takich jak 2% (20mg) lub 5% (50mg). Sprawd\u017a opakowanie produktu lub skontaktuj si\u0119 ze sprzedawc\u0105, aby uzyska\u0107 dok\u0142adne informacje o nikotynie.<\/li>\n<li><strong>Jak d\u0142ugo powinienem \u0142adowa\u0107 m\u00f3j Elf World 12000 Disposable Vape Vape Box?<\/strong><br \/>\nDok\u0142adny czas \u0142adowania zale\u017cy od \u017ar\u00f3d\u0142a zasilania, ale dzi\u0119ki szybkiemu \u0142adowaniu Typ-C, powinno to zaj\u0105\u0107 niewiele czasu. Mo\u017cesz monitorowa\u0107 stan baterii urz\u0105dzenia na ekranie wy\u015bwietlacza, kt\u00f3ry wskazuje, kiedy bateria jest w pe\u0142ni na\u0142adowana.<\/li>\n<li><strong>Gdzie mog\u0119 kupi\u0107 jednorazowego vapora Elf World Bar i15 Pro 12000?<\/strong><br \/>\nElf World i15 Pro 12000 mo\u017cna kupi\u0107 w sklepach z e-papierosami, u sprzedawc\u00f3w internetowych oferuj\u0105cych <strong>jednorazowych waporyzator\u00f3w<\/strong>, lub <strong>hurtowych dystrybutor\u00f3w vape<\/strong> dostawc\u00f3w. Aby sprawdzi\u0107 dost\u0119pno\u015b\u0107, odwied\u017a sklepy internetowe z e-papierosami lub lokalne sklepy z e-papierosami.<\/li>\n<li><strong>Jakie s\u0105 najlepsze jednorazowe vape'y 2024?<\/strong><br \/>\nNiekt\u00f3re z najlepszych jednorazowych e-papieros\u00f3w 2024 to:<\/p>\n<ul>\n<li><strong>Elf World i15 Pro 12000<\/strong>: Znany z pojemno\u015bci 12000 puf\u00f3w, akumulatora do \u0142adowania i konstrukcji skoncentrowanej na MTL.<\/li>\n<li><strong>AIVONO Lost Mary 6500 Puffs<\/strong>: Posiada regulowany przep\u0142yw powietrza i kompaktowy design dla wysokiej przeno\u015bno\u015bci.<\/li>\n<li><strong>Vapme Crystal 20000 Puffs<\/strong>: Oferuje funkcj\u0119 Podw\u00f3jnego Smaku i \u0142adowanie Type-C.<\/li>\n<li><strong>Fumot RandM Tornado 30000 Puffs<\/strong>: Unikalny z pod\u015bwietleniem RGB synchronizowanym z muzyk\u0105 i du\u017c\u0105 pojemno\u015bci\u0105 puf\u00f3w.<\/li>\n<\/ul>\n<\/li>\n<\/ul>\n<\/div>\n<\/div>\n<\/div>\n<\/div>\n<h3>O wysy\u0142ce<\/h3>\n<div class=\"flex-shrink-0 flex flex-col relative items-end\">\n<div>\n<div class=\"pt-0\">\n<div class=\"gizmo-bot-avatar flex h-8 w-8 items-center justify-center overflow-hidden rounded-full\">\n<div><\/div>\n<div class=\"relative p-1 rounded-sm flex items-center justify-center bg-token-main-surface-primary text-token-text-primary h-8 w-8\"><strong>1. Jakie metody wysy\u0142ki s\u0105 stosowane?<\/strong><\/div>\n<\/div>\n<\/div>\n<\/div>\n<\/div>\n<div class=\"group\/conversation-turn relative flex w-full min-w-0 flex-col agent-turn\">\n<div class=\"flex-col gap-1 md:gap-3\">\n<div class=\"flex max-w-full flex-col flex-grow\">\n<div class=\"min-h-[20px] text-message flex w-full flex-col items-end gap-2 whitespace-normal break-words [.text-message+&amp;]:mt-5 overflow-x-auto\" dir=\"auto\" data-message-author-role=\"assistant\" data-message-id=\"22f8283b-3233-46ff-89a5-c7a41b33abda\">\n<div class=\"flex w-full flex-col gap-1 empty:hidden first:pt-[3px]\">\n<div class=\"markdown prose w-full break-words dark:prose-invert light\">\n<p>Wsp\u00f3\u0142pracujemy z UPS, DHL, FedEx, DPD i innymi wiod\u0105cymi przewo\u017anikami. Wybierzemy najlepsz\u0105 metod\u0119 wysy\u0142ki w oparciu o Twoj\u0105 lokalizacj\u0119, aby zapewni\u0107, \u017ce otrzymasz swoje produkty tak szybko, jak to mo\u017cliwe.<\/p>\n<\/div>\n<p><strong>2. Ile czasu zajmuje dostawa?<\/strong><\/p>\n<p>Paczki wysy\u0142ane do Polski zazwyczaj docieraj\u0105 w ci\u0105gu 10 dni roboczych. Wysy\u0142ka do innych kraj\u00f3w europejskich trwa zwykle oko\u0142o 12-15 dni roboczych. B\u0119dziemy dostarcza\u0107 aktualizacje w czasie rzeczywistym na temat statusu Twojej przesy\u0142ki.<\/p>\n<\/div>\n<\/div>\n<\/div>\n<\/div>\n<\/div>\n<p>&nbsp;<\/p>\n<p>Inne popularne e-papierosy, kt\u00f3re mog\u0105 Ci si\u0119 spodoba\u0107:<\/p>\n<p><a href=\"https:\/\/rmvapesale.com\/pl\/product\/fumot-randm-tornado-30000-puffs-30k-music-disposable-vape\/\"><strong>RandM Tornado 30000 Zaci\u0105gni\u0119\u0107\u00a0 \u00a0<span style=\"color: #ff0000\">&gt;&gt;&gt;&gt; id\u017a!<\/span><\/strong><\/a><\/p>\n<p><strong><a href=\"https:\/\/rmvapesale.com\/pl\/product\/rechargeable-vape-vapme-spacex-22000-puff-wholesale\/\">Vapme Spacex 22000 Puffs <span style=\"color: #ff0000\">&gt;&gt;&gt;&gt; id\u017a!<\/span><\/a>\u00a0<\/strong><\/p>\n<p><a href=\"https:\/\/rmvapesale.com\/pl\/product\/original-randm-vape-digital-puff-12000-fumot-factory-price\/\"><strong>Fumot Vape 12000 zaci\u0105gni\u0119\u0107 <span style=\"color: #ff0000\">&gt;&gt;&gt;&gt; id\u017a!<\/span><\/strong><\/a><\/p>\n<p>&nbsp;<\/p>\n<p>&nbsp;<\/p>\n<p>Znajd\u017a wi\u0119cej produkt\u00f3w Vape, kt\u00f3re mog\u0105 Ci si\u0119 spodoba\u0107:<strong><em><a href=\"https:\/\/rmvapesale.com\/pl\/shop-2\/\">kup teraz &gt;&gt;&gt;<\/a><\/em><\/strong><\/p>","protected":false},"excerpt":{"rendered":"<p>ELFWORLD i15 Pro 12000 Pali Pali Jednorazowa Hurt<br \/>\nElf World i15 Pro Ultra Slim Jednorazowa Vape 12K Pali<br \/>\nELFWORLD I15 Pro Zestaw Jednorazowej Vape 12000 Pali<\/p>\n<p><img loading=\"lazy\" decoding=\"async\" class=\"size-full wp-image-2375\" src=\"https:\/\/rmvapesale.com\/wp-content\/uploads\/2024\/10\/image.png\" alt=\"Najlepszy Jednorazowy E-papieros\" width=\"229\" height=\"300\" \/><\/p>\n<h3><a href=\"https:\/\/wa.me\/8617776015835\"><span style=\"color: #ff0000\"><strong>WhatsApp: +86 17776015835<\/strong><\/span><\/a><\/h3>\n<p>&nbsp;<\/p>","protected":false},"featured_media":2558,"comment_status":"open","ping_status":"closed","template":"","meta":{"_uag_custom_page_level_css":"","_lmt_disableupdate":"no","_lmt_disable":"","site-sidebar-layout":"default","site-content-layout":"content-boxed-container","ast-site-content-layout":"normal-width-container","site-content-style":"boxed","site-sidebar-style":"unboxed","ast-global-header-display":"","ast-banner-title-visibility":"","ast-main-header-display":"","ast-hfb-above-header-display":"","ast-hfb-below-header-display":"","ast-hfb-mobile-header-display":"","site-post-title":"","ast-breadcrumbs-content":"","ast-featured-img":"","footer-sml-layout":"","theme-transparent-header-meta":"default","adv-header-id-meta":"","stick-header-meta":"","header-above-stick-meta":"","header-main-stick-meta":"","header-below-stick-meta":"","astra-migrate-meta-layouts":"set","ast-page-background-enabled":"default","ast-page-background-meta":{"desktop":{"background-color":"var(--ast-global-color-4)","background-image":"","background-repeat":"repeat","background-position":"center center","background-size":"auto","background-attachment":"scroll","background-type":"","background-media":"","overlay-type":"","overlay-color":"","overlay-opacity":"","overlay-gradient":""},"tablet":{"background-color":"","background-image":"","background-repeat":"repeat","background-position":"center center","background-size":"auto","background-attachment":"scroll","background-type":"","background-media":"","overlay-type":"","overlay-color":"","overlay-opacity":"","overlay-gradient":""},"mobile":{"background-color":"","background-image":"","background-repeat":"repeat","background-position":"center center","background-size":"auto","background-attachment":"scroll","background-type":"","background-media":"","overlay-type":"","overlay-color":"","overlay-opacity":"","overlay-gradient":""}},"ast-content-background-meta":{"desktop":{"background-color":"var(--ast-global-color-5)","background-image":"","background-repeat":"repeat","background-position":"center center","background-size":"auto","background-attachment":"scroll","background-type":"","background-media":"","overlay-type":"","overlay-color":"","overlay-opacity":"","overlay-gradient":""},"tablet":{"background-color":"var(--ast-global-color-5)","background-image":"","background-repeat":"repeat","background-position":"center center","background-size":"auto","background-attachment":"scroll","background-type":"","background-media":"","overlay-type":"","overlay-color":"","overlay-opacity":"","overlay-gradient":""},"mobile":{"background-color":"var(--ast-global-color-5)","background-image":"","background-repeat":"repeat","background-position":"center center","background-size":"auto","background-attachment":"scroll","background-type":"","background-media":"","overlay-type":"","overlay-color":"","overlay-opacity":"","overlay-gradient":""}},"_joinchat":[]},"product_brand":[],"product_cat":[15,25,123,26,28,135,27,137,136,30],"product_tag":[146,188,167,165,191,120],"class_list":{"0":"post-2562","1":"product","2":"type-product","3":"status-publish","4":"has-post-thumbnail","6":"product_cat-new-vape-this-week","7":"product_cat-germany-best-selling-vape","8":"product_cat-italy-wholesale-vape","9":"product_cat-netherlands-hot-sale-vape","10":"product_cat-poland-hot-sale-vape","11":"product_cat-spain-best-hot-sale-vape","12":"product_cat-fance-hot-sale-vape","13":"product_cat-rechargeable-vapes","14":"product_cat-smart-screen-vapes","15":"product_cat-minimum-order-quantity-50pcs","16":"product_tag-best-hot-sale-vape","17":"product_tag-buy-vapes-online","18":"product_tag-disposable-vape-with-screen","19":"product_tag-rechargeable-vapes","20":"product_tag-vape-box","21":"product_tag-vape-wholesale","22":"desktop-align-left","23":"tablet-align-left","24":"mobile-align-left","26":"first","27":"instock","28":"sale","29":"shipping-taxable","30":"purchasable","31":"product-type-simple"},"uagb_featured_image_src":{"full":["https:\/\/rmvapesale.com\/wp-content\/uploads\/2024\/10\/ELFWORLD-I15-Pro-12000-Puffs.png",800,800,false],"thumbnail":["https:\/\/rmvapesale.com\/wp-content\/uploads\/2024\/10\/ELFWORLD-I15-Pro-12000-Puffs-150x150.png",150,150,true],"medium":["https:\/\/rmvapesale.com\/wp-content\/uploads\/2024\/10\/ELFWORLD-I15-Pro-12000-Puffs-300x300.png",300,300,true],"medium_large":["https:\/\/rmvapesale.com\/wp-content\/uploads\/2024\/10\/ELFWORLD-I15-Pro-12000-Puffs-768x768.png",768,768,true],"large":["https:\/\/rmvapesale.com\/wp-content\/uploads\/2024\/10\/ELFWORLD-I15-Pro-12000-Puffs.png",800,800,false],"1536x1536":["https:\/\/rmvapesale.com\/wp-content\/uploads\/2024\/10\/ELFWORLD-I15-Pro-12000-Puffs.png",800,800,false],"2048x2048":["https:\/\/rmvapesale.com\/wp-content\/uploads\/2024\/10\/ELFWORLD-I15-Pro-12000-Puffs.png",800,800,false],"trp-custom-language-flag":["https:\/\/rmvapesale.com\/wp-content\/uploads\/2024\/10\/ELFWORLD-I15-Pro-12000-Puffs.png",12,12,false],"woocommerce_thumbnail":["https:\/\/rmvapesale.com\/wp-content\/uploads\/2024\/10\/ELFWORLD-I15-Pro-12000-Puffs-300x300.png",300,300,true],"woocommerce_single":["https:\/\/rmvapesale.com\/wp-content\/uploads\/2024\/10\/ELFWORLD-I15-Pro-12000-Puffs-600x600.png",600,600,true],"woocommerce_gallery_thumbnail":["https:\/\/rmvapesale.com\/wp-content\/uploads\/2024\/10\/ELFWORLD-I15-Pro-12000-Puffs-100x100.png",100,100,true],"wcpr-photo-reviews":["https:\/\/rmvapesale.com\/wp-content\/uploads\/2024\/10\/ELFWORLD-I15-Pro-12000-Puffs.png",500,500,false]},"uagb_author_info":{"display_name":"AMY","author_link":"https:\/\/rmvapesale.com\/pl\/author\/"},"uagb_comment_info":0,"uagb_excerpt":"ELFWORLD i15 Pro 12000 Puffs Disposable Vape Wholesale Elf World i15 Pro Ultra Slim Disposable Vape 12K Puffs ELFWORLD I15 Pro Disposable Vape Kit 12000 Puffs WhatsApp: +86 17776015835 &nbsp;","_links":{"self":[{"href":"https:\/\/rmvapesale.com\/pl\/wp-json\/wp\/v2\/product\/2562","targetHints":{"allow":["GET"]}}],"collection":[{"href":"https:\/\/rmvapesale.com\/pl\/wp-json\/wp\/v2\/product"}],"about":[{"href":"https:\/\/rmvapesale.com\/pl\/wp-json\/wp\/v2\/types\/product"}],"replies":[{"embeddable":true,"href":"https:\/\/rmvapesale.com\/pl\/wp-json\/wp\/v2\/comments?post=2562"}],"wp:featuredmedia":[{"embeddable":true,"href":"https:\/\/rmvapesale.com\/pl\/wp-json\/wp\/v2\/media\/2558"}],"wp:attachment":[{"href":"https:\/\/rmvapesale.com\/pl\/wp-json\/wp\/v2\/media?parent=2562"}],"wp:term":[{"taxonomy":"product_brand","embeddable":true,"href":"https:\/\/rmvapesale.com\/pl\/wp-json\/wp\/v2\/product_brand?post=2562"},{"taxonomy":"product_cat","embeddable":true,"href":"https:\/\/rmvapesale.com\/pl\/wp-json\/wp\/v2\/product_cat?post=2562"},{"taxonomy":"product_tag","embeddable":true,"href":"https:\/\/rmvapesale.com\/pl\/wp-json\/wp\/v2\/product_tag?post=2562"}],"curies":[{"name":"wp","href":"https:\/\/api.w.org\/{rel}","templated":true}]}}