{"id":2572,"date":"2024-10-25T08:57:44","date_gmt":"2024-10-25T08:57:44","guid":{"rendered":"https:\/\/rmvapesale.com\/?post_type=product&#038;p=2572"},"modified":"2024-10-31T02:50:17","modified_gmt":"2024-10-31T02:50:17","slug":"elfworld-mx25000-puffs-rechargeable-disposable-vape-0-2-5-nicotine","status":"publish","type":"product","link":"https:\/\/rmvapesale.com\/pl\/product\/elfworld-mx25000-puffs-rechargeable-disposable-vape-0-2-5-nicotine\/","title":{"rendered":"ELFWORLD MX25000 zaci\u0105gni\u0119\u0107, \u0142adowalny, jednorazowy e-papieros, 0% 2% 5% nikotyny"},"content":{"rendered":"<div class=\"B2VR9 CJHX3e\">\n<div class=\"wyccme\">\n<h1 class=\"LC20lb MBeuO DKV0Md\">ELFWORLD MX25000 zaci\u0105gni\u0119\u0107, \u0142adowalny, jednorazowy e-papieros, 0% 2% 5% nikotyny<\/h1>\n<div class=\"flex-shrink-0 flex flex-col relative items-end\">\n<div class=\"pt-0\">\n<div class=\"gizmo-bot-avatar flex h-8 w-8 items-center justify-center overflow-hidden rounded-full\">\n<div class=\"relative p-1 rounded-sm flex items-center justify-center bg-token-main-surface-primary text-token-text-primary h-8 w-8\">\n<p>Ten <strong>ELFWORLD MX25000 Puf\u00f3w Jednorazowy E-papieros<\/strong> jest zaprojektowany dla d\u0142ugotrwa\u0142ej przyjemno\u015bci z wapowania i mo\u017cliwo\u015bci dostosowania ustawie\u0144, co czyni go wyr\u00f3\u017cniaj\u0105cym si\u0119 na rynku <strong>popularnych marek waporyzator\u00f3w<\/strong>Z ogromnym <strong>Palenie e-papierosa o liczbie 25 000 zaci\u0105gni\u0119\u0107<\/strong> pojemno\u015b\u0107 i znaczna <strong>Zbiornik na e-liquid o pojemno\u015bci 25 ml<\/strong>To urz\u0105dzenie zapewnia d\u0142ugotrwa\u0142e zadowolenie bez konieczno\u015bci cz\u0119stego uzupe\u0142niania. Idealne zar\u00f3wno dla okazjonalnych, jak i do\u015bwiadczonych u\u017cytkownik\u00f3w, MX zapewnia wysokiej jako\u015bci do\u015bwiadczenie przy ka\u017cdym zaci\u0105gni\u0119ciu.<\/p>\n<p>Zaprojektowany dla wygody i wydajno\u015bci, the <strong>ELFWORLD MX25000<\/strong> jest zasilany przez niezawodne <strong>Akumulator 850 mAh<\/strong> i wykorzystuje <strong>Typu-C<\/strong>zapewniaj\u0105c szybkie i wygodne do\u0142adowania. Opcje soli nikotynowej obejmuj\u0105 0%, 2%, 3% oraz 5%, odpowiadaj\u0105c na r\u00f3\u017cnorodne potrzeby, w tym <strong>najlepszy e-papieros o niskiej zawarto\u015bci nikotyny<\/strong> poszukuj\u0105cy. The <strong>grza\u0142k\u0119 mesh<\/strong> technologia zapewnia optymalny smak i produkcj\u0119 pary, podczas gdy regulowany przep\u0142yw powietrza i <strong>cyfrowy wy\u015bwietlacz<\/strong> zapewnij lepsz\u0105 kontrol\u0119 nad swoim do\u015bwiadczeniem.<\/p>\n<p>Dost\u0119pne w <strong>waporyzatory hurtowo<\/strong>, <strong>ELFWORLD MX 25000<\/strong> jest idealny dla hurtowych nabywc\u00f3w lub ka\u017cdego, kto szuka <strong>inteligentny waporyzator<\/strong> z zaawansowanymi funkcjami. Znajd\u017a to <strong>jednorazowy vape<\/strong> online lub w swoim ulubionym <strong>sklepu z e-papierosami<\/strong>, i podnie\u015b swoje do\u015bwiadczenie vapingowe dzi\u0119ki wysokiej jako\u015bci wydajno\u015bci i wygodzie.<\/p>\n<\/div>\n<\/div>\n<\/div>\n<\/div>\n<\/div>\n<\/div>\n<p><strong>Skontaktuj si\u0119 z Amy, aby uzyska\u0107 w\u0142a\u015bciw\u0105 odpowied\u017a i kupon na e-papierosa!<\/strong><\/p>\n<p><img loading=\"lazy\" decoding=\"async\" class=\"size-full wp-image-1978\" src=\"https:\/\/rmvapesale.com\/wp-content\/uploads\/2024\/09\/Disposable-Vape-Wholesale.jpg\" alt=\"Hurtownia Jednorazowych E-papieros\u00f3w\" width=\"229\" height=\"300\" \/><\/p>\n<h3><a href=\"https:\/\/wa.me\/8617776015835\" target=\"_blank\" rel=\"noopener\"><span style=\"color: #ff0000\"><strong>WhatsApp: +86 17776015835<\/strong><\/span><\/a><\/h3>\n<p>&nbsp;<\/p>\n<h2><\/h2>\n<h2><strong>ELFWORLD MX25000 Papierosy jednorazowe na 25000 puf\u00f3w, \u0142adowalne <\/strong><strong>G\u0142\u00f3wne cechy<\/strong><\/h2>\n<p>Wst\u0119pnie nape\u0142nione 28ml E-Juice<br \/>\nAkumulator 850 mAh<br \/>\nLiczba puf\u00f3w: oko\u0142o 25000 puf\u00f3w<br \/>\nPodw\u00f3jne tryby wapowania: tryb zwyk\u0142y (12W)\/tryb turbo (25W)<br \/>\n0% 2% 5% Si\u0142a nikotyny<br \/>\n\u0141adowanie przez USB typu-C (nieza\u0142\u0105czone)<br \/>\nAktywacja zaci\u0105gni\u0119ciem<br \/>\nMTL Vaping<\/p>\n<p>&nbsp;<\/p>\n<h2><strong>Najlepszy smak dla <\/strong><strong>\u0141adowalny e-papieros ELFWORLD MX 25000 puf\u00f3w<\/strong><\/h2>\n<p>1. Truskawkowy l\u00f3d <span style=\"color: #ff0000\"><strong>&gt;&gt;&gt;&gt; Gor\u0105ce!<\/strong><\/span><br \/>\n2. Arbuzowy l\u00f3d<br \/>\n3.L\u00f3d winogronowy<br \/>\n4. Mi\u0119ta<br \/>\n5. Podw\u00f3jne jab\u0142ko<br \/>\n6. Soczysta brzoskwinia z lodem<br \/>\n7. Blue Razz z lodem <span style=\"color: #ff0000\"><strong>&gt;&gt;&gt;&gt; Gor\u0105ce!<\/strong><\/span><br \/>\n8. R\u00f3\u017cowa Lemoniada <span style=\"color: #ff0000\"><strong>&gt;&gt;&gt;&gt; Najlepsze!<\/strong><\/span><br \/>\n9.Mieszane Jagody<br \/>\n10. Jagoda z arbuzem<br \/>\n11. Limonka, jagoda, pomara\u0144cza<br \/>\n12. Jagodowa B Pop<br \/>\n13. Malina Brzoskwinia Limonka<br \/>\n14. Kwa\u015bne Mango Ananas 15. Brzoskwinia Niebieska Mro\u017cona<\/p>\n<figure id=\"attachment_2608\" aria-describedby=\"caption-attachment-2608\" style=\"width: 600px\" class=\"wp-caption alignnone\"><img loading=\"lazy\" decoding=\"async\" class=\"wp-image-2608 size-full\" src=\"https:\/\/rmvapesale.com\/wp-content\/uploads\/2024\/10\/Rechargeable-Disposable-Vape-ELFWORLD-MX-25000-Puffs.jpg\" alt=\"Wymienny Jednorazowy E-papieros ELFWORLD MX 25000 Chmur\" width=\"600\" height=\"849\" srcset=\"https:\/\/rmvapesale.com\/wp-content\/uploads\/2024\/10\/Rechargeable-Disposable-Vape-ELFWORLD-MX-25000-Puffs.jpg 600w, https:\/\/rmvapesale.com\/wp-content\/uploads\/2024\/10\/Rechargeable-Disposable-Vape-ELFWORLD-MX-25000-Puffs-212x300.jpg 212w\" sizes=\"auto, (max-width: 600px) 100vw, 600px\" \/><figcaption id=\"caption-attachment-2608\" class=\"wp-caption-text\">Wymienny Jednorazowy E-papieros ELFWORLD MX 25000 Chmur<\/figcaption><\/figure>\n<h3><strong>Dlaczego warto wybra\u0107 Rmvapesale dla Jednorazowego E-papierosa ELFWORLD MX25000 Chmur<\/strong><strong>?<\/strong><\/h3>\n<div class=\"flex-shrink-0 flex flex-col relative items-end\">\n<div class=\"pt-0\">\n<div class=\"gizmo-bot-avatar flex h-8 w-8 items-center justify-center overflow-hidden rounded-full\">\n<div class=\"relative p-1 rounded-sm flex items-center justify-center bg-token-main-surface-primary text-token-text-primary h-8 w-8\">\n<p>Witaj w Rmvapesale, Twoim zaufanym sklepie z e-papierosami, oferuj\u0105cym jednorazowe produkty najwy\u017cszej jako\u015bci. Z ponad 5-letnim do\u015bwiadczeniem, dostarczamy popularne marki jednorazowych e-papieros\u00f3w, takie jak Al Fakher, Vapme Vape, <a href=\"https:\/\/rmvapesale.com\/pl\/product\/vapme-crystal-7000-puffs-rechargeable-disposable-vape-price\/\">Vapme<\/a>, <a href=\"https:\/\/rmvapesale.com\/pl\/product-category\/bang-vapes\/\">Bang Vape<\/a>, Waspe, <a href=\"https:\/\/rmvapesale.com\/pl\/product\/wga-crystal-pro-max-extra-15k-puffs-disposable-vape-wholesale\/\">WGA<\/a> Vape i<a href=\"https:\/\/rmvapesale.com\/pl\/product-category\/randm-fumot-vape\/\"> RandM Vape<\/a>.<\/p>\n<p>Nasza oferta obejmuje popularne e-papierosy, takie jak <a href=\"https:\/\/rmvapesale.com\/pl\/product\/fumot-digital-box-12000-disposable-vape-pink-lemonade-flavor\/\">RandM 12k<\/a> oraz bogate w smaki opcje, jak <a href=\"https:\/\/rmvapesale.com\/pl\/product\/wga-crystal-plus-20000-puff-dual-flavour-disposable-vape\/\">WGA 20K Puff<\/a>. Ka\u017cdy produkt jest wybierany z my\u015bl\u0105 o jako\u015bci, warto\u015bci i r\u00f3\u017cnorodno\u015bci, dzi\u0119ki czemu na pewno znajdziesz idealny dla siebie. Odkryj wyj\u0105tkow\u0105 obs\u0142ug\u0119 i szerok\u0105 gam\u0119 najlepszych produkt\u00f3w na Rmvapesale.<\/p>\n<\/div>\n<h3><\/h3>\n<div class=\"relative p-1 rounded-sm flex items-center justify-center bg-token-main-surface-primary text-token-text-primary h-8 w-8\">\n<h3><b>Najcz\u0119\u015bciej Zadawane Pytania dotycz\u0105ce ELFWORLD MX25000 E-papierosa<\/b><\/h3>\n<ul>\n<li><strong>Jak na\u0142aduj\u0119 Wymienny Jednorazowy E-papieros ELFWORLD MX 25000 Chmur?<\/strong><br \/>\nAby na\u0142adowa\u0107 sw\u00f3j <strong>ELFWORLD MX 25000<\/strong> jednorazowy e-papieros, u\u017cyj <strong>port \u0142adowania Type-C<\/strong> znajduj\u0105cego si\u0119 u podstawy urz\u0105dzenia. Pod\u0142\u0105cz go do kompatybilnego \u017ar\u00f3d\u0142a zasilania, aby szybko i skutecznie na\u0142adowa\u0107, i monitoruj poziom baterii za pomoc\u0105 cyfrowego wy\u015bwietlacza.<\/li>\n<li><strong>Jakie st\u0119\u017cenia nikotyny s\u0105 dost\u0119pne w jednorazowym waporyzatorze ELFWORLD MX 25000 Puffs?<\/strong><br \/>\nTen <strong>ELFWORLD MX 25000<\/strong> oferuje r\u00f3\u017cnorodno\u015b\u0107 <strong>s\u00f3l nikotynowa<\/strong> opcje: 0%, 2%, 3% i 5%, umo\u017cliwiaj\u0105ce u\u017cytkownikom wyb\u00f3r st\u0119\u017cenia, kt\u00f3re najlepiej odpowiada ich preferencjom, w tym opcje dla os\u00f3b poszukuj\u0105cych <strong>najlepszy e-papieros o niskiej zawarto\u015bci nikotyny<\/strong> rozwi\u0105za\u0144.<\/li>\n<li><strong>Jak d\u0142ugo wytrzymuje jednorazowy waporyzator ELFWORLD 25000 Puffs?<\/strong><br \/>\nDzi\u0119ki <strong>pojemno\u015b\u0107 25 000 puf\u00f3w<\/strong> i <strong>Zbiornik na e-liquid o pojemno\u015bci 25 ml<\/strong>, <strong>ELFWORLD 25000<\/strong> zosta\u0142 zaprojektowany do d\u0142ugotrwa\u0142ego u\u017cytkowania, co czyni go idealnym na d\u0142ugie sesje waporyzacji bez konieczno\u015bci cz\u0119stego uzupe\u0142niania lub wymiany.<\/li>\n<li><strong>Gdzie mog\u0119 kupi\u0107 jednorazowy waporyzator ELFWORLD MX25000 Puffs online?<\/strong><br \/>\nTen <strong>ELFWORLD MX25000<\/strong> jest dost\u0119pny w r\u00f3\u017cnych <strong>jednorazowych vape online<\/strong> sprzedawcach detalicznych i <strong>sklepu z e-papierosami<\/strong> punktach sprzeda\u017cy. To popularny wyb\u00f3r w\u015br\u00f3d <strong>waporyzatory hurtowo<\/strong> zakup\u00f3w i opcji hurtowych.<\/li>\n<li><strong>Co sprawia, \u017ce jednorazowy waporyzator ELFWORLD MX 25000 Puffs jest m\u0105drym wyborem?<\/strong><br \/>\nTen <strong>ELFWORLD MX 25000<\/strong> wyr\u00f3\u017cnia si\u0119 dzi\u0119ki <strong>cyfrowy wy\u015bwietlacz<\/strong> technologii monitorowania baterii i e-liquid\u00f3w, <strong>regulowany przep\u0142yw powietrza<\/strong>i <strong>grza\u0142k\u0119 mesh<\/strong> Ta <strong>inteligentny waporyzator<\/strong> zapewnia wysok\u0105 jako\u015b\u0107 do\u015bwiadczenia z ulepszon\u0105 kontrol\u0105, czyni\u0105c go jednym z <strong>najlepszych jednorazowych waporyzator\u00f3w<\/strong> na rynku.<\/li>\n<\/ul>\n<\/div>\n<\/div>\n<\/div>\n<\/div>\n<h3>O wysy\u0142ce<\/h3>\n<div class=\"flex-shrink-0 flex flex-col relative items-end\">\n<div>\n<div class=\"pt-0\">\n<div class=\"gizmo-bot-avatar flex h-8 w-8 items-center justify-center overflow-hidden rounded-full\">\n<div><\/div>\n<div class=\"relative p-1 rounded-sm flex items-center justify-center bg-token-main-surface-primary text-token-text-primary h-8 w-8\"><strong>1. Jakie metody wysy\u0142ki s\u0105 stosowane?<\/strong><\/div>\n<\/div>\n<\/div>\n<\/div>\n<\/div>\n<div class=\"group\/conversation-turn relative flex w-full min-w-0 flex-col agent-turn\">\n<div class=\"flex-col gap-1 md:gap-3\">\n<div class=\"flex max-w-full flex-col flex-grow\">\n<div class=\"min-h-[20px] text-message flex w-full flex-col items-end gap-2 whitespace-normal break-words [.text-message+&amp;]:mt-5 overflow-x-auto\" dir=\"auto\" data-message-author-role=\"assistant\" data-message-id=\"22f8283b-3233-46ff-89a5-c7a41b33abda\">\n<div class=\"flex w-full flex-col gap-1 empty:hidden first:pt-[3px]\">\n<div class=\"markdown prose w-full break-words dark:prose-invert light\">\n<p>Wsp\u00f3\u0142pracujemy z UPS, DHL, FedEx, DPD i innymi wiod\u0105cymi przewo\u017anikami. Wybierzemy najlepsz\u0105 metod\u0119 wysy\u0142ki w oparciu o Twoj\u0105 lokalizacj\u0119, aby zapewni\u0107, \u017ce otrzymasz swoje produkty tak szybko, jak to mo\u017cliwe.<\/p>\n<\/div>\n<p><strong>2. Ile czasu zajmuje dostawa?<\/strong><\/p>\n<p>Paczki wysy\u0142ane do Polski zazwyczaj docieraj\u0105 w ci\u0105gu 10 dni roboczych. Wysy\u0142ka do innych kraj\u00f3w europejskich trwa zwykle oko\u0142o 12-15 dni roboczych. B\u0119dziemy dostarcza\u0107 aktualizacje w czasie rzeczywistym na temat statusu Twojej przesy\u0142ki.<\/p>\n<\/div>\n<\/div>\n<\/div>\n<\/div>\n<\/div>\n<p>&nbsp;<\/p>\n<p>Znajd\u017a wi\u0119cej produkt\u00f3w Vape, kt\u00f3re mog\u0105 Ci si\u0119 spodoba\u0107:<strong><em><a href=\"https:\/\/rmvapesale.com\/pl\/shop-2\/\">kup teraz &gt;&gt;&gt;<\/a><\/em><\/strong><\/p>","protected":false},"excerpt":{"rendered":"<p>ELFWORLD MX 25000 Puf Niemcy Gor\u0105ca Wyprzeda\u017c Vape<br \/>\nElfworld MX25000 25K Wybuch\u00f3w Jednorazowy E-papieros Hurtowo<br \/>\nHurtowa sprzeda\u017c jednorazowych e-papieros\u00f3w Big Puffs Elfworld MX25000<\/p>\n<p><img loading=\"lazy\" decoding=\"async\" class=\"size-full wp-image-2375\" src=\"https:\/\/rmvapesale.com\/wp-content\/uploads\/2024\/10\/image.png\" alt=\"Najlepszy Jednorazowy E-papieros\" width=\"229\" height=\"300\" \/><\/p>\n<h3><a href=\"https:\/\/wa.me\/8617776015835\"><span style=\"color: #ff0000\"><strong>WhatsApp: +86 17776015835<\/strong><\/span><\/a><\/h3>\n<p>&nbsp;<\/p>","protected":false},"featured_media":2604,"comment_status":"open","ping_status":"closed","template":"","meta":{"_uag_custom_page_level_css":"","_lmt_disableupdate":"no","_lmt_disable":"","site-sidebar-layout":"default","site-content-layout":"content-boxed-container","ast-site-content-layout":"normal-width-container","site-content-style":"boxed","site-sidebar-style":"unboxed","ast-global-header-display":"","ast-banner-title-visibility":"","ast-main-header-display":"","ast-hfb-above-header-display":"","ast-hfb-below-header-display":"","ast-hfb-mobile-header-display":"","site-post-title":"","ast-breadcrumbs-content":"","ast-featured-img":"","footer-sml-layout":"","theme-transparent-header-meta":"default","adv-header-id-meta":"","stick-header-meta":"","header-above-stick-meta":"","header-main-stick-meta":"","header-below-stick-meta":"","astra-migrate-meta-layouts":"set","ast-page-background-enabled":"default","ast-page-background-meta":{"desktop":{"background-color":"var(--ast-global-color-4)","background-image":"","background-repeat":"repeat","background-position":"center center","background-size":"auto","background-attachment":"scroll","background-type":"","background-media":"","overlay-type":"","overlay-color":"","overlay-opacity":"","overlay-gradient":""},"tablet":{"background-color":"","background-image":"","background-repeat":"repeat","background-position":"center center","background-size":"auto","background-attachment":"scroll","background-type":"","background-media":"","overlay-type":"","overlay-color":"","overlay-opacity":"","overlay-gradient":""},"mobile":{"background-color":"","background-image":"","background-repeat":"repeat","background-position":"center center","background-size":"auto","background-attachment":"scroll","background-type":"","background-media":"","overlay-type":"","overlay-color":"","overlay-opacity":"","overlay-gradient":""}},"ast-content-background-meta":{"desktop":{"background-color":"var(--ast-global-color-5)","background-image":"","background-repeat":"repeat","background-position":"center center","background-size":"auto","background-attachment":"scroll","background-type":"","background-media":"","overlay-type":"","overlay-color":"","overlay-opacity":"","overlay-gradient":""},"tablet":{"background-color":"var(--ast-global-color-5)","background-image":"","background-repeat":"repeat","background-position":"center center","background-size":"auto","background-attachment":"scroll","background-type":"","background-media":"","overlay-type":"","overlay-color":"","overlay-opacity":"","overlay-gradient":""},"mobile":{"background-color":"var(--ast-global-color-5)","background-image":"","background-repeat":"repeat","background-position":"center center","background-size":"auto","background-attachment":"scroll","background-type":"","background-media":"","overlay-type":"","overlay-color":"","overlay-opacity":"","overlay-gradient":""}},"_joinchat":[]},"product_brand":[],"product_cat":[15,195,25,123,26,28,135,27,137,136,30],"product_tag":[146,188,167,165,191,120],"class_list":{"0":"post-2572","1":"product","2":"type-product","3":"status-publish","4":"has-post-thumbnail","6":"product_cat-new-vape-this-week","7":"product_cat-germany-warehouse","8":"product_cat-germany-best-selling-vape","9":"product_cat-italy-wholesale-vape","10":"product_cat-netherlands-hot-sale-vape","11":"product_cat-poland-hot-sale-vape","12":"product_cat-spain-best-hot-sale-vape","13":"product_cat-fance-hot-sale-vape","14":"product_cat-rechargeable-vapes","15":"product_cat-smart-screen-vapes","16":"product_cat-minimum-order-quantity-50pcs","17":"product_tag-best-hot-sale-vape","18":"product_tag-buy-vapes-online","19":"product_tag-disposable-vape-with-screen","20":"product_tag-rechargeable-vapes","21":"product_tag-vape-box","22":"product_tag-vape-wholesale","23":"desktop-align-left","24":"tablet-align-left","25":"mobile-align-left","27":"first","28":"instock","29":"sale","30":"shipping-taxable","31":"purchasable","32":"product-type-simple"},"uagb_featured_image_src":{"full":["https:\/\/rmvapesale.com\/wp-content\/uploads\/2024\/10\/ELFWORLD-25000-Rechargeable-Disposable-Vape.jpg",800,800,false],"thumbnail":["https:\/\/rmvapesale.com\/wp-content\/uploads\/2024\/10\/ELFWORLD-25000-Rechargeable-Disposable-Vape-150x150.jpg",150,150,true],"medium":["https:\/\/rmvapesale.com\/wp-content\/uploads\/2024\/10\/ELFWORLD-25000-Rechargeable-Disposable-Vape-300x300.jpg",300,300,true],"medium_large":["https:\/\/rmvapesale.com\/wp-content\/uploads\/2024\/10\/ELFWORLD-25000-Rechargeable-Disposable-Vape-768x768.jpg",768,768,true],"large":["https:\/\/rmvapesale.com\/wp-content\/uploads\/2024\/10\/ELFWORLD-25000-Rechargeable-Disposable-Vape.jpg",800,800,false],"1536x1536":["https:\/\/rmvapesale.com\/wp-content\/uploads\/2024\/10\/ELFWORLD-25000-Rechargeable-Disposable-Vape.jpg",800,800,false],"2048x2048":["https:\/\/rmvapesale.com\/wp-content\/uploads\/2024\/10\/ELFWORLD-25000-Rechargeable-Disposable-Vape.jpg",800,800,false],"trp-custom-language-flag":["https:\/\/rmvapesale.com\/wp-content\/uploads\/2024\/10\/ELFWORLD-25000-Rechargeable-Disposable-Vape.jpg",12,12,false],"woocommerce_thumbnail":["https:\/\/rmvapesale.com\/wp-content\/uploads\/2024\/10\/ELFWORLD-25000-Rechargeable-Disposable-Vape-300x300.jpg",300,300,true],"woocommerce_single":["https:\/\/rmvapesale.com\/wp-content\/uploads\/2024\/10\/ELFWORLD-25000-Rechargeable-Disposable-Vape-600x600.jpg",600,600,true],"woocommerce_gallery_thumbnail":["https:\/\/rmvapesale.com\/wp-content\/uploads\/2024\/10\/ELFWORLD-25000-Rechargeable-Disposable-Vape-100x100.jpg",100,100,true],"wcpr-photo-reviews":["https:\/\/rmvapesale.com\/wp-content\/uploads\/2024\/10\/ELFWORLD-25000-Rechargeable-Disposable-Vape.jpg",500,500,false]},"uagb_author_info":{"display_name":"AMY","author_link":"https:\/\/rmvapesale.com\/pl\/author\/"},"uagb_comment_info":0,"uagb_excerpt":"ELFWORLD MX 25000 Puff Germany Hot Slale Vape Elfworld MX25000 25K Puffs Disposable Vape Wholesale Big Puffs Elfworld MX25000 Disposable Vape Wholesale WhatsApp: +86 17776015835 &nbsp;","_links":{"self":[{"href":"https:\/\/rmvapesale.com\/pl\/wp-json\/wp\/v2\/product\/2572","targetHints":{"allow":["GET"]}}],"collection":[{"href":"https:\/\/rmvapesale.com\/pl\/wp-json\/wp\/v2\/product"}],"about":[{"href":"https:\/\/rmvapesale.com\/pl\/wp-json\/wp\/v2\/types\/product"}],"replies":[{"embeddable":true,"href":"https:\/\/rmvapesale.com\/pl\/wp-json\/wp\/v2\/comments?post=2572"}],"wp:featuredmedia":[{"embeddable":true,"href":"https:\/\/rmvapesale.com\/pl\/wp-json\/wp\/v2\/media\/2604"}],"wp:attachment":[{"href":"https:\/\/rmvapesale.com\/pl\/wp-json\/wp\/v2\/media?parent=2572"}],"wp:term":[{"taxonomy":"product_brand","embeddable":true,"href":"https:\/\/rmvapesale.com\/pl\/wp-json\/wp\/v2\/product_brand?post=2572"},{"taxonomy":"product_cat","embeddable":true,"href":"https:\/\/rmvapesale.com\/pl\/wp-json\/wp\/v2\/product_cat?post=2572"},{"taxonomy":"product_tag","embeddable":true,"href":"https:\/\/rmvapesale.com\/pl\/wp-json\/wp\/v2\/product_tag?post=2572"}],"curies":[{"name":"wp","href":"https:\/\/api.w.org\/{rel}","templated":true}]}}