{"id":2573,"date":"2024-10-26T09:06:29","date_gmt":"2024-10-26T09:06:29","guid":{"rendered":"https:\/\/rmvapesale.com\/?post_type=product&#038;p=2573"},"modified":"2024-10-28T07:40:44","modified_gmt":"2024-10-28T07:40:44","slug":"disposable-vape-poco-bl10000-puffs-wholesale","status":"publish","type":"product","link":"https:\/\/rmvapesale.com\/pl\/product\/disposable-vape-poco-bl10000-puffs-wholesale\/","title":{"rendered":"Jednorazowy e-papieros POCO BL10000 zaci\u0105gni\u0119\u0107, sprzeda\u017c hurtowa"},"content":{"rendered":"<div class=\"B2VR9 CJHX3e\">\n<div class=\"wyccme\">\n<h1 class=\"LC20lb MBeuO DKV0Md\">Jednorazowy e-papieros POCO BL10000 zaci\u0105gni\u0119\u0107, sprzeda\u017c hurtowa<\/h1>\n<div class=\"flex-shrink-0 flex flex-col relative items-end\">\n<div class=\"pt-0\">\n<div class=\"gizmo-bot-avatar flex h-8 w-8 items-center justify-center overflow-hidden rounded-full\">\n<div class=\"relative p-1 rounded-sm flex items-center justify-center bg-token-main-surface-primary text-token-text-primary h-8 w-8\">\n<p>Ten <strong>POCO BL10000 Puffs Jednorazowy Vape<\/strong> to innowacyjny <strong>vape na 10 tys. zaci\u0105gni\u0119\u0107<\/strong> oferuj\u0105cy wyj\u0105tkow\u0105 trwa\u0142o\u015b\u0107 i jako\u015b\u0107, idealny dla tych, kt\u00f3rzy szukaj\u0105 wydajnego, akumulatorowego jednorazowego urz\u0105dzenia. Zaprojektowany, aby dostarczy\u0107 do <strong>10,000 zaci\u0105gni\u0119\u0107<\/strong>, ten <strong>Vape z mo\u017cliwo\u015bci\u0105 \u0142adowania<\/strong> urz\u0105dzenie jest wyposa\u017cone w <strong>grza\u0142k\u0119 mesh<\/strong> i zawiera obfite <strong>20ml<\/strong> e-liquidu, dost\u0119pnego w opcjach <strong>0%, 2% lub 5% nikotyny<\/strong> aby zadowoli\u0107 obu<strong> niska nikotyna<\/strong> lub silne preferencje nikotynowe. Ten <strong>box vape<\/strong> idealny wyb\u00f3r zar\u00f3wno dla nowych, jak i do\u015bwiadczonych vaper\u00f3w, zapewniaj\u0105c g\u0142adkie i sp\u00f3jne doznania smakowe.<\/p>\n<p>Ten <strong>akumulator o pojemno\u015bci 650mAh<\/strong> zoptymalizowany pod k\u0105tem d\u0142ugotrwa\u0142ego u\u017cytkowania, natomiast port \u0142adowania <strong>Typu-C<\/strong> zapewnia szybkie i wygodne \u0142adowanie, czyni\u0105c to urz\u0105dzenie najlepszym wyborem w <strong>vapy wielokrotnego \u0142adowania<\/strong>. Z <strong>regulowany przep\u0142yw powietrza<\/strong>, u\u017cytkownicy mog\u0105 dodatkowo spersonalizowa\u0107 swoje wra\u017cenia z palenia, od cia\u015bniejszych do bardziej otwartych zaci\u0105gni\u0119\u0107, jednocze\u015bnie czerpi\u0105c korzy\u015bci z bogatego, pe\u0142nego smaku dostarczanego przez <strong>grza\u0142k\u0119 mesh<\/strong>.<\/p>\n<p>Dost\u0119pne w <strong>15 unikalnych smak\u00f3w<\/strong>, POCO BL10000 zaspokaja szereg preferencji smakowych, zapewniaj\u0105c, \u017ce ka\u017cdy znajdzie co\u015b dla siebie. Idealne dla vaper\u00f3w w podr\u00f3\u017cy, to kompaktowe urz\u0105dzenie wyr\u00f3\u017cnia si\u0119 na rynku dla <strong>sklep\u00f3w z vape<\/strong>, <strong>bar\u00f3w vape<\/strong>i <strong>hurtownia e-papieros\u00f3w<\/strong> nabywc\u00f3w. Gotowy do sprzeda\u017cy detalicznej z <strong>10 jednostkami na ekspozycj\u0119<\/strong>, jest r\u00f3wnie\u017c idealny dla tych, kt\u00f3rzy chc\u0105 <strong>kup vapy online<\/strong> lub w sklepach.<\/p>\n<\/div>\n<\/div>\n<\/div>\n<\/div>\n<\/div>\n<\/div>\n<p><strong>Skontaktuj si\u0119 z Amy, aby uzyska\u0107 w\u0142a\u015bciw\u0105 odpowied\u017a i kupon na e-papierosa!<\/strong><\/p>\n<p><img loading=\"lazy\" decoding=\"async\" class=\"size-full wp-image-1978\" src=\"https:\/\/rmvapesale.com\/wp-content\/uploads\/2024\/09\/Disposable-Vape-Wholesale.jpg\" alt=\"Hurtownia Jednorazowych E-papieros\u00f3w\" width=\"229\" height=\"300\" \/><\/p>\n<h3><a href=\"https:\/\/wa.me\/8617776015835\" target=\"_blank\" rel=\"noopener\"><span style=\"color: #ff0000\"><strong>WhatsApp: +86 17776015835<\/strong><\/span><\/a><\/h3>\n<p>&nbsp;<\/p>\n<h2><\/h2>\n<h2><strong>Jednorazowy Vape POCO BL10000 Puff <\/strong><strong>G\u0142\u00f3wne cechy<\/strong><\/h2>\n<p>Nikotyna:2% 5%<br \/>\nChmurki:10000<br \/>\nPojemno\u015b\u0107: 20ml<br \/>\nDost\u0119pnych 15 smak\u00f3w<br \/>\nGrza\u0142ka siatkowa<br \/>\nBateria: 650mah<br \/>\nRegulowany przep\u0142yw powietrza<\/p>\n<figure id=\"attachment_2571\" aria-describedby=\"caption-attachment-2571\" style=\"width: 800px\" class=\"wp-caption alignnone\"><img loading=\"lazy\" decoding=\"async\" class=\"wp-image-2571 size-full\" src=\"https:\/\/rmvapesale.com\/wp-content\/uploads\/2024\/10\/Poco-BL10000-Puffs-Rechargeable-Vape.jpg\" alt=\"Poco BL 10000 Puffs Jednorazowy waporyzator z mo\u017cliwo\u015bci\u0105 \u0142adowania\" width=\"800\" height=\"800\" srcset=\"https:\/\/rmvapesale.com\/wp-content\/uploads\/2024\/10\/Poco-BL10000-Puffs-Rechargeable-Vape.jpg 800w, https:\/\/rmvapesale.com\/wp-content\/uploads\/2024\/10\/Poco-BL10000-Puffs-Rechargeable-Vape-300x300.jpg 300w, https:\/\/rmvapesale.com\/wp-content\/uploads\/2024\/10\/Poco-BL10000-Puffs-Rechargeable-Vape-150x150.jpg 150w, https:\/\/rmvapesale.com\/wp-content\/uploads\/2024\/10\/Poco-BL10000-Puffs-Rechargeable-Vape-768x768.jpg 768w, https:\/\/rmvapesale.com\/wp-content\/uploads\/2024\/10\/Poco-BL10000-Puffs-Rechargeable-Vape-600x600.jpg 600w, https:\/\/rmvapesale.com\/wp-content\/uploads\/2024\/10\/Poco-BL10000-Puffs-Rechargeable-Vape-100x100.jpg 100w\" sizes=\"auto, (max-width: 800px) 100vw, 800px\" \/><figcaption id=\"caption-attachment-2571\" class=\"wp-caption-text\">Poco BL 10000 Puffs Jednorazowy waporyzator z mo\u017cliwo\u015bci\u0105 \u0142adowania<\/figcaption><\/figure>\n<h2><strong>Najlepszy smak dla POCO BL10000 Puffs<\/strong><strong>\u00a0<\/strong><\/h2>\n<p>1. Mango Pomara\u0144cza Grejpfrut<br \/>\n2. Brzoskwinia Jagoda \u017belki <span style=\"color: #ff0000\"><strong>&gt;&gt;&gt;&gt; Gor\u0105ce!<\/strong><\/span><br \/>\n3. Aloes Winogrono<br \/>\n4.Ch\u0142odna Mi\u0119ta<br \/>\n5.Truskawka Mango<br \/>\n6.Marakuja Kiwi Guawa<br \/>\n7.Jab\u0142ko Brzoskwinia<br \/>\n8.Truskawka Arbuz<br \/>\n9.Winogrono Czarna Porzeczka Soda<br \/>\n10.Jagoda Malina <span style=\"color: #ff0000\"><strong>&gt;&gt;&gt;&gt; Gor\u0105ce!<\/strong><\/span><br \/>\n11.Truskawka Kiwi<br \/>\n12.Jagoda Wi\u015bnia Cola<br \/>\n13.Czarny L\u00f3d Smoczy Owoc Truskawka<br \/>\n14.Malina Arbuz <span style=\"color: #ff0000\"><strong>&gt;&gt;&gt;&gt; Najlepsze!<\/strong><\/span><br \/>\n15.Truskawka Banan<\/p>\n<p>&nbsp;<\/p>\n<h3><strong>Dlaczego wybra\u0107 Rmvapesale dla POCO BL10000 Puffs Jednorazowego e-papierosa z mo\u017cliwo\u015bci\u0105 \u0142adowania<\/strong><strong>?<\/strong><\/h3>\n<div class=\"flex-shrink-0 flex flex-col relative items-end\">\n<div class=\"pt-0\">\n<div class=\"gizmo-bot-avatar flex h-8 w-8 items-center justify-center overflow-hidden rounded-full\">\n<div class=\"relative p-1 rounded-sm flex items-center justify-center bg-token-main-surface-primary text-token-text-primary h-8 w-8\">\n<p>&nbsp;<\/p>\n<p>Wybieraj\u0105c Rmvapesale do hurtowych zakup\u00f3w jednorazowych e-papieros\u00f3w, zyskujesz:<\/p>\n<ul>\n<li><strong>Konkurencyjna cena<\/strong>: Uzyskaj dost\u0119p do atrakcyjnych cen hurtowych, kt\u00f3re zwi\u0119ksz\u0105 mar\u017ce Twojej firmy.<\/li>\n<li><strong>Wysoka jako\u015b\u0107<\/strong>: Nasze e-papierosy s\u0105 wykonane zgodnie z najwy\u017cszymi standardami i <span style=\"color: #ff0000\"><strong>maj\u0105 100% gwarancji oryginalno\u015bci i autentyczno\u015bci, w przeciwnym razie otrzymasz 10-krotne odszkodowanie za podrobione towary!<\/strong><\/span><\/li>\n<li><strong>Doskona\u0142a Obs\u0142uga Klienta<\/strong>: Nasz oddany zesp\u00f3\u0142 jest zawsze gotowy, aby Ci pom\u00f3c, dzi\u0119ki czemu proces zakup\u00f3w jest p\u0142ynny i bezproblemowy.<\/li>\n<li><strong>Szybka dostawa<\/strong>: Oczekuj szybkiej i niezawodnej wysy\u0142ki, kt\u00f3ra zapewni, \u017ce Twoje zam\u00f3wienia dotr\u0105 na czas, za ka\u017cdym razem.<\/li>\n<\/ul>\n<\/div>\n<h3><\/h3>\n<div class=\"relative p-1 rounded-sm flex items-center justify-center bg-token-main-surface-primary text-token-text-primary h-8 w-8\">\n<h3><b>Vape POCO BL10000 Puffs Pytania i Odpowiedzi<\/b><\/h3>\n<ul>\n<li><strong>Jak \u0142adowa\u0107 jednorazowy e-papieros POCO BL10000 Puffs z mo\u017cliwo\u015bci\u0105 \u0142adowania<\/strong><br \/>\nE-papieros POCO BL10000 Puffs jest wyposa\u017cony w akumulator o pojemno\u015bci 650mAh. Aby na\u0142adowa\u0107, pod\u0142\u0105cz kabel Type-C do portu \u0142adowania i kompatybilnego \u017ar\u00f3d\u0142a zasilania. \u0141adowanie przez Type-C umo\u017cliwia szybkie i efektywne do\u0142adowanie, zapewniaj\u0105c minimalny czas przestoju.<\/li>\n<li><strong>Ile nikotyny jest w jednorazowym e-papierosie POCO BL10000 Puffs<\/strong><br \/>\nJednorazowy e-papieros POCO BL10000 Puffs oferuje trzy opcje mocy nikotyny: 0%, 2% i 5%. Ta r\u00f3\u017cnorodno\u015b\u0107 zaspokaja potrzeby zar\u00f3wno u\u017cytkownik\u00f3w o niskim st\u0119\u017ceniu nikotyny, jak i tych poszukuj\u0105cych mocniejszego do\u015bwiadczenia nikotynowego.<\/li>\n<li><strong>Jak d\u0142ugo powinienem \u0142adowa\u0107 m\u00f3j jednorazowy e-papieros POCO BL10000 Puffs?<\/strong><br \/>\nCzas \u0142adowania zale\u017cy od \u017ar\u00f3d\u0142a zasilania, ale technologia szybkiego \u0142adowania Type-C zapewnia, \u017ce \u0142adowanie jest stosunkowo szybkie. Urz\u0105dzenie b\u0119dzie gotowe do u\u017cycia po pe\u0142nym na\u0142adowaniu, wi\u0119c sprawd\u017a wska\u017aniki \u015bwietlne lub sygna\u0142y, aby wiedzie\u0107, kiedy \u0142adowanie jest zako\u0144czone.<\/li>\n<li><strong>Gdzie mog\u0119 kupi\u0107 jednorazowy vape POCO BL10000 Puffs?<\/strong><br \/>\nJednorazowy vape POCO BL10000 Puffs jest dost\u0119pny w sklepach z vape'ami, <strong>bar\u00f3w vape<\/strong>, oraz na platformach internetowych, gdzie mo\u017cna <strong>kup vapy online<\/strong>. Dla odbiorc\u00f3w hurtowych jest r\u00f3wnie\u017c dost\u0119pny u <strong>hurtownia e-papieros\u00f3w<\/strong> dostawc\u00f3w.<\/li>\n<li><strong>Jakie s\u0105 najlepsze jednorazowe vape'y 2024?<\/strong><br \/>\nNiekt\u00f3re z najlepszych jednorazowych vape'\u00f3w 2024 to:<\/p>\n<ul>\n<li><strong>POCO BL10000 Puffs<\/strong>: Znany z pojemno\u015bci 10 000 zaci\u0105gni\u0119\u0107, regulowanego przep\u0142ywu powietrza i wielu mocy nikotyny.<\/li>\n<li><strong>Elf World i15 Pro 12000<\/strong>: Wysoka liczba zaci\u0105gni\u0119\u0107, akumulator do \u0142adowania i konstrukcja skupiona na MTL.<\/li>\n<li><strong>AIVONO Lost Mary 6500 Puffs<\/strong>: Regulowany przep\u0142yw powietrza i kompaktowa, przyjazna dla u\u017cytkownika konstrukcja.<\/li>\n<li><strong>Fumot RandM Tornado 30000 Puffs<\/strong>: Posiada unikalne \u015bwiat\u0142a RGB synchronizowane z muzyk\u0105 i wysok\u0105 liczb\u0119 zaci\u0105gni\u0119\u0107.<\/li>\n<\/ul>\n<\/li>\n<\/ul>\n<\/div>\n<\/div>\n<\/div>\n<\/div>\n<h3>O wysy\u0142ce<\/h3>\n<div class=\"flex-shrink-0 flex flex-col relative items-end\">\n<div>\n<div class=\"pt-0\">\n<div class=\"gizmo-bot-avatar flex h-8 w-8 items-center justify-center overflow-hidden rounded-full\">\n<div><\/div>\n<div class=\"relative p-1 rounded-sm flex items-center justify-center bg-token-main-surface-primary text-token-text-primary h-8 w-8\"><strong>1. Jakie metody wysy\u0142ki s\u0105 stosowane?<\/strong><\/div>\n<\/div>\n<\/div>\n<\/div>\n<\/div>\n<div class=\"group\/conversation-turn relative flex w-full min-w-0 flex-col agent-turn\">\n<div class=\"flex-col gap-1 md:gap-3\">\n<div class=\"flex max-w-full flex-col flex-grow\">\n<div class=\"min-h-[20px] text-message flex w-full flex-col items-end gap-2 whitespace-normal break-words [.text-message+&amp;]:mt-5 overflow-x-auto\" dir=\"auto\" data-message-author-role=\"assistant\" data-message-id=\"22f8283b-3233-46ff-89a5-c7a41b33abda\">\n<div class=\"flex w-full flex-col gap-1 empty:hidden first:pt-[3px]\">\n<div class=\"markdown prose w-full break-words dark:prose-invert light\">\n<p>Wsp\u00f3\u0142pracujemy z UPS, DHL, FedEx, DPD i innymi wiod\u0105cymi przewo\u017anikami. Wybierzemy najlepsz\u0105 metod\u0119 wysy\u0142ki w oparciu o Twoj\u0105 lokalizacj\u0119, aby zapewni\u0107, \u017ce otrzymasz swoje produkty tak szybko, jak to mo\u017cliwe.<\/p>\n<\/div>\n<p><strong>2. Ile czasu zajmuje dostawa?<\/strong><\/p>\n<p>Paczki wysy\u0142ane do Polski zazwyczaj docieraj\u0105 w ci\u0105gu 10 dni roboczych. Wysy\u0142ka do innych kraj\u00f3w europejskich trwa zwykle oko\u0142o 12-15 dni roboczych. B\u0119dziemy dostarcza\u0107 aktualizacje w czasie rzeczywistym na temat statusu Twojej przesy\u0142ki.<\/p>\n<\/div>\n<\/div>\n<\/div>\n<\/div>\n<\/div>\n<p>&nbsp;<\/p>\n<p>Inne popularne e-papierosy, kt\u00f3re mog\u0105 Ci si\u0119 spodoba\u0107:<\/p>\n<p><a href=\"https:\/\/rmvapesale.com\/pl\/product\/fumot-randm-tornado-30000-puffs-30k-music-disposable-vape\/\"><strong>RandM Tornado 30000 Zaci\u0105gni\u0119\u0107\u00a0 \u00a0<span style=\"color: #ff0000\">&gt;&gt;&gt;&gt; id\u017a!<\/span><\/strong><\/a><\/p>\n<p><strong><a href=\"https:\/\/rmvapesale.com\/pl\/product\/rechargeable-vape-vapme-spacex-22000-puff-wholesale\/\">Vapme Spacex 22000 Puffs <span style=\"color: #ff0000\">&gt;&gt;&gt;&gt; id\u017a!<\/span><\/a>\u00a0<\/strong><\/p>\n<p><a href=\"https:\/\/rmvapesale.com\/pl\/product\/original-randm-vape-digital-puff-12000-fumot-factory-price\/\"><strong>Fumot Vape 12000 zaci\u0105gni\u0119\u0107 <span style=\"color: #ff0000\">&gt;&gt;&gt;&gt; id\u017a!<\/span><\/strong><\/a><\/p>\n<p>&nbsp;<\/p>\n<p>&nbsp;<\/p>\n<p>Znajd\u017a wi\u0119cej produkt\u00f3w Vape, kt\u00f3re mog\u0105 Ci si\u0119 spodoba\u0107:<strong><em><a href=\"https:\/\/rmvapesale.com\/pl\/shop-2\/\">kup teraz &gt;&gt;&gt;<\/a><\/em><\/strong><\/p>","protected":false},"excerpt":{"rendered":"<p>Poco BL10000 Puffs Jednorazowy Vape 2% 5% Nikotyny<br \/>\nPoco BL10000 Akumulatorowy Jednorazowy Vape<br \/>\nPoco BL10000 Jednorazowy Vape Hurt<br \/>\n<span style=\"color: #ff0000\">(Wysy\u0142ka z wi\u0119kszo\u015bci magazyn\u00f3w w Niemczech, dostawa do wi\u0119kszo\u015bci kraj\u00f3w europejskich, takich jak Holandia, Francja, W\u0142ochy, Hiszpania, Szwajcaria, Szwecja, Polska, zajmuje oko\u0142o 3-5 dni.)<\/span><\/p>\n<p><img loading=\"lazy\" decoding=\"async\" class=\"size-full wp-image-2375\" src=\"https:\/\/rmvapesale.com\/wp-content\/uploads\/2024\/10\/image.png\" alt=\"Najlepszy Jednorazowy E-papieros\" width=\"229\" height=\"300\" \/><\/p>\n<h3><a href=\"https:\/\/wa.me\/8617776015835\"><span style=\"color: #ff0000\"><strong>WhatsApp: +86 17776015835<\/strong><\/span><\/a><\/h3>\n<p>&nbsp;<\/p>","protected":false},"featured_media":2569,"comment_status":"open","ping_status":"closed","template":"","meta":{"_uag_custom_page_level_css":"","_lmt_disableupdate":"no","_lmt_disable":"","site-sidebar-layout":"default","site-content-layout":"content-boxed-container","ast-site-content-layout":"normal-width-container","site-content-style":"boxed","site-sidebar-style":"unboxed","ast-global-header-display":"","ast-banner-title-visibility":"","ast-main-header-display":"","ast-hfb-above-header-display":"","ast-hfb-below-header-display":"","ast-hfb-mobile-header-display":"","site-post-title":"","ast-breadcrumbs-content":"","ast-featured-img":"","footer-sml-layout":"","theme-transparent-header-meta":"default","adv-header-id-meta":"","stick-header-meta":"","header-above-stick-meta":"","header-main-stick-meta":"","header-below-stick-meta":"","astra-migrate-meta-layouts":"set","ast-page-background-enabled":"default","ast-page-background-meta":{"desktop":{"background-color":"var(--ast-global-color-4)","background-image":"","background-repeat":"repeat","background-position":"center center","background-size":"auto","background-attachment":"scroll","background-type":"","background-media":"","overlay-type":"","overlay-color":"","overlay-opacity":"","overlay-gradient":""},"tablet":{"background-color":"","background-image":"","background-repeat":"repeat","background-position":"center center","background-size":"auto","background-attachment":"scroll","background-type":"","background-media":"","overlay-type":"","overlay-color":"","overlay-opacity":"","overlay-gradient":""},"mobile":{"background-color":"","background-image":"","background-repeat":"repeat","background-position":"center center","background-size":"auto","background-attachment":"scroll","background-type":"","background-media":"","overlay-type":"","overlay-color":"","overlay-opacity":"","overlay-gradient":""}},"ast-content-background-meta":{"desktop":{"background-color":"var(--ast-global-color-5)","background-image":"","background-repeat":"repeat","background-position":"center center","background-size":"auto","background-attachment":"scroll","background-type":"","background-media":"","overlay-type":"","overlay-color":"","overlay-opacity":"","overlay-gradient":""},"tablet":{"background-color":"var(--ast-global-color-5)","background-image":"","background-repeat":"repeat","background-position":"center center","background-size":"auto","background-attachment":"scroll","background-type":"","background-media":"","overlay-type":"","overlay-color":"","overlay-opacity":"","overlay-gradient":""},"mobile":{"background-color":"var(--ast-global-color-5)","background-image":"","background-repeat":"repeat","background-position":"center center","background-size":"auto","background-attachment":"scroll","background-type":"","background-media":"","overlay-type":"","overlay-color":"","overlay-opacity":"","overlay-gradient":""}},"_joinchat":[]},"product_brand":[],"product_cat":[15,195,25,123,26,28,135,27,137,30],"product_tag":[146,188,167,165,191,120],"class_list":{"0":"post-2573","1":"product","2":"type-product","3":"status-publish","4":"has-post-thumbnail","6":"product_cat-new-vape-this-week","7":"product_cat-germany-warehouse","8":"product_cat-germany-best-selling-vape","9":"product_cat-italy-wholesale-vape","10":"product_cat-netherlands-hot-sale-vape","11":"product_cat-poland-hot-sale-vape","12":"product_cat-spain-best-hot-sale-vape","13":"product_cat-fance-hot-sale-vape","14":"product_cat-rechargeable-vapes","15":"product_cat-minimum-order-quantity-50pcs","16":"product_tag-best-hot-sale-vape","17":"product_tag-buy-vapes-online","18":"product_tag-disposable-vape-with-screen","19":"product_tag-rechargeable-vapes","20":"product_tag-vape-box","21":"product_tag-vape-wholesale","22":"desktop-align-left","23":"tablet-align-left","24":"mobile-align-left","26":"first","27":"instock","28":"sale","29":"shipping-taxable","30":"purchasable","31":"product-type-simple"},"uagb_featured_image_src":{"full":["https:\/\/rmvapesale.com\/wp-content\/uploads\/2024\/10\/Poco-BL10000-Puffs-Disposable-Vape-Wholesale.jpg",800,800,false],"thumbnail":["https:\/\/rmvapesale.com\/wp-content\/uploads\/2024\/10\/Poco-BL10000-Puffs-Disposable-Vape-Wholesale-150x150.jpg",150,150,true],"medium":["https:\/\/rmvapesale.com\/wp-content\/uploads\/2024\/10\/Poco-BL10000-Puffs-Disposable-Vape-Wholesale-300x300.jpg",300,300,true],"medium_large":["https:\/\/rmvapesale.com\/wp-content\/uploads\/2024\/10\/Poco-BL10000-Puffs-Disposable-Vape-Wholesale-768x768.jpg",768,768,true],"large":["https:\/\/rmvapesale.com\/wp-content\/uploads\/2024\/10\/Poco-BL10000-Puffs-Disposable-Vape-Wholesale.jpg",800,800,false],"1536x1536":["https:\/\/rmvapesale.com\/wp-content\/uploads\/2024\/10\/Poco-BL10000-Puffs-Disposable-Vape-Wholesale.jpg",800,800,false],"2048x2048":["https:\/\/rmvapesale.com\/wp-content\/uploads\/2024\/10\/Poco-BL10000-Puffs-Disposable-Vape-Wholesale.jpg",800,800,false],"trp-custom-language-flag":["https:\/\/rmvapesale.com\/wp-content\/uploads\/2024\/10\/Poco-BL10000-Puffs-Disposable-Vape-Wholesale.jpg",12,12,false],"woocommerce_thumbnail":["https:\/\/rmvapesale.com\/wp-content\/uploads\/2024\/10\/Poco-BL10000-Puffs-Disposable-Vape-Wholesale-300x300.jpg",300,300,true],"woocommerce_single":["https:\/\/rmvapesale.com\/wp-content\/uploads\/2024\/10\/Poco-BL10000-Puffs-Disposable-Vape-Wholesale-600x600.jpg",600,600,true],"woocommerce_gallery_thumbnail":["https:\/\/rmvapesale.com\/wp-content\/uploads\/2024\/10\/Poco-BL10000-Puffs-Disposable-Vape-Wholesale-100x100.jpg",100,100,true],"wcpr-photo-reviews":["https:\/\/rmvapesale.com\/wp-content\/uploads\/2024\/10\/Poco-BL10000-Puffs-Disposable-Vape-Wholesale.jpg",500,500,false]},"uagb_author_info":{"display_name":"AMY","author_link":"https:\/\/rmvapesale.com\/pl\/author\/"},"uagb_comment_info":0,"uagb_excerpt":"POCO BL10000 Puffs Disposable Vape 2% 5% Nicotine Poco BL10000 Rechargeable Disposable Vape Poco BL10000 Disposable Vape Wholesale (Ship from most Germany warehouse and takes about 3-5 days\u00a0 to get arrive to most Europe countries like Netherlands, France, Italy, Spain, Switzerland, Sweden, Poland, etc. ) WhatsApp: +86 17776015835 &nbsp;","_links":{"self":[{"href":"https:\/\/rmvapesale.com\/pl\/wp-json\/wp\/v2\/product\/2573","targetHints":{"allow":["GET"]}}],"collection":[{"href":"https:\/\/rmvapesale.com\/pl\/wp-json\/wp\/v2\/product"}],"about":[{"href":"https:\/\/rmvapesale.com\/pl\/wp-json\/wp\/v2\/types\/product"}],"replies":[{"embeddable":true,"href":"https:\/\/rmvapesale.com\/pl\/wp-json\/wp\/v2\/comments?post=2573"}],"wp:featuredmedia":[{"embeddable":true,"href":"https:\/\/rmvapesale.com\/pl\/wp-json\/wp\/v2\/media\/2569"}],"wp:attachment":[{"href":"https:\/\/rmvapesale.com\/pl\/wp-json\/wp\/v2\/media?parent=2573"}],"wp:term":[{"taxonomy":"product_brand","embeddable":true,"href":"https:\/\/rmvapesale.com\/pl\/wp-json\/wp\/v2\/product_brand?post=2573"},{"taxonomy":"product_cat","embeddable":true,"href":"https:\/\/rmvapesale.com\/pl\/wp-json\/wp\/v2\/product_cat?post=2573"},{"taxonomy":"product_tag","embeddable":true,"href":"https:\/\/rmvapesale.com\/pl\/wp-json\/wp\/v2\/product_tag?post=2573"}],"curies":[{"name":"wp","href":"https:\/\/api.w.org\/{rel}","templated":true}]}}