{"id":2582,"date":"2024-10-28T06:44:31","date_gmt":"2024-10-28T06:44:31","guid":{"rendered":"https:\/\/rmvapesale.com\/?post_type=product&#038;p=2582"},"modified":"2024-10-28T07:36:05","modified_gmt":"2024-10-28T07:36:05","slug":"elfworld-plus-20000-puff-smart-disposable-vape-bulk-buy","status":"publish","type":"product","link":"https:\/\/rmvapesale.com\/pl\/product\/elfworld-plus-20000-puff-smart-disposable-vape-bulk-buy\/","title":{"rendered":"ELFWORLD Plus 20000 zaci\u0105gni\u0119\u0107, inteligentny, jednorazowy e-papieros, zakup hurtowy"},"content":{"rendered":"<div class=\"B2VR9 CJHX3e\">\n<div class=\"wyccme\">\n<h1 class=\"LC20lb MBeuO DKV0Md\">ELFWORLD Plus 20000 zaci\u0105gni\u0119\u0107, inteligentny, jednorazowy e-papieros, zakup hurtowy<\/h1>\n<div class=\"flex-shrink-0 flex flex-col relative items-end\">\n<div class=\"pt-0\">\n<div class=\"gizmo-bot-avatar flex h-8 w-8 items-center justify-center overflow-hidden rounded-full\">\n<div class=\"relative p-1 rounded-sm flex items-center justify-center bg-token-main-surface-primary text-token-text-primary h-8 w-8\">\n<p>Ten <strong>ELFWORLD Plus 20000 Zaci\u0105gni\u0119\u0107 Smart Jednorazowy Vape<\/strong> to najlepszy wyb\u00f3r dla tych, kt\u00f3rzy szukaj\u0105 zaawansowanych funkcji i mo\u017cliwo\u015bci dostosowania wra\u017ce\u0144 z wapowania. Ten o du\u017cej pojemno\u015bci, <strong>20000 zaci\u0105gni\u0119\u0107<\/strong> oferuje niezr\u00f3wnan\u0105 \u017cywotno\u015b\u0107 i zosta\u0142 zaprojektowany z innowacj\u0105 i stylem, co czyni go jednym z <strong>najlepszych jednorazowych waporyzator\u00f3w 2024<\/strong> dla <strong>hurtownia e-papieros\u00f3w<\/strong> i indywidualnych zakup\u00f3w.<\/p>\n<p>&nbsp;<\/p>\n<p>To <strong>ELFWORLD vape pulse<\/strong> oferuje dwufunkcyjny tryb, kt\u00f3ry pozwala na dostosowanie ka\u017cdej sesji, maksymalizuj\u0105c satysfakcj\u0119 i wzmacniaj\u0105c ka\u017cde wci\u0105gni\u0119cie. <strong>Tryb konwencjonalny<\/strong>: Zapewnia a\u017c 20 000 cykli dla przed\u0142u\u017conej przyjemno\u015bci. <strong>Tryb Pulsacyjny<\/strong>: Dostarcza 10 000 intensywnych zaci\u0105gni\u0119\u0107, idealnych dla waper\u00f3w, kt\u00f3rzy chc\u0105 wzmocnionego smaku i produkcji pary.<\/p>\n<p>To\u00a0<strong>jednorazowy vape z ekranem<\/strong> jest wyposa\u017cony w wy\u015bwietlacz w czasie rzeczywistym, kt\u00f3ry pokazuje <strong>procent baterii<\/strong> i pozosta\u0142\u0105 moc, dzi\u0119ki czemu masz zawsze kontrol\u0119 nad swoim wapowaniem. Ta funkcja jest idealna dla u\u017cytkownik\u00f3w, kt\u00f3rzy ceni\u0105 precyzj\u0119 i niezawodno\u015b\u0107 z ka\u017cdym zaci\u0105gni\u0119ciem.<\/p>\n<p>Zaprojektowany, aby by\u0142 zar\u00f3wno <strong>elegancki, jak i funkcjonalny<\/strong>, ELFWORLD Plus 20K bezproblemowo \u0142\u0105czy szykown\u0105 estetyk\u0119 z solidn\u0105 wydajno\u015bci\u0105. Stworzony, aby pasowa\u0107 do waper\u00f3w na wszystkich poziomach, ten jednorazowy e-papieros jest dost\u0119pny dla <strong>waporyzatory hurtowo<\/strong>, co czyni go idealnym rozwi\u0105zaniem dla <strong>sklep\u00f3w z vape<\/strong> i <strong>hurtownia e-papieros\u00f3w<\/strong> dostawc\u00f3w.<\/p>\n<p>Dla tych, kt\u00f3rzy szukaj\u0105 <strong>popularnych marek waporyzator\u00f3w<\/strong> lub po prostu chc\u0105 <strong>kup vapy online<\/strong>, ELFWORLD Plus 20K wyznacza nowy standard w jednorazowym waporyzowaniu dzi\u0119ki po\u0142\u0105czeniu stylu, wszechstronno\u015bci i zaawansowanych funkcji.<\/p>\n<\/div>\n<\/div>\n<\/div>\n<\/div>\n<\/div>\n<\/div>\n<p><strong>Skontaktuj si\u0119 z Amy, aby uzyska\u0107 w\u0142a\u015bciw\u0105 odpowied\u017a i kupon na e-papierosa!<\/strong><\/p>\n<p><img loading=\"lazy\" decoding=\"async\" class=\"size-full wp-image-1978\" src=\"https:\/\/rmvapesale.com\/wp-content\/uploads\/2024\/09\/Disposable-Vape-Wholesale.jpg\" alt=\"Hurtownia Jednorazowych E-papieros\u00f3w\" width=\"229\" height=\"300\" \/><\/p>\n<h3><a href=\"https:\/\/wa.me\/8617776015835\" target=\"_blank\" rel=\"noopener\"><span style=\"color: #ff0000\"><strong>WhatsApp: +86 17776015835<\/strong><\/span><\/a><\/h3>\n<p>&nbsp;<\/p>\n<h2><\/h2>\n<h2><strong>ELFWORLD Plus 20000 Zaci\u0105gni\u0119\u0107 Smart Jednorazowy Vape <\/strong><strong>G\u0142\u00f3wne cechy<\/strong><\/h2>\n<p>Wst\u0119pnie nape\u0142niony e-liquidem o pojemno\u015bci 22 ml<br \/>\nAkumulator wewn\u0119trzny 650 mAh<br \/>\nLiczba zaci\u0105gni\u0119\u0107: Oko\u0142o 20000 zaci\u0105gni\u0119\u0107<br \/>\nEkran HD<br \/>\n2 tryby waporyzacji: Normalny\/Wzmocniony<br \/>\nRegulacja przep\u0142ywu powietrza<br \/>\nPodw\u00f3jne grza\u0142ki siatkowe<br \/>\n2% 5% Moc nikotyny<br \/>\n\u0141adowanie przez port USB-C (brak w zestawie)<br \/>\nAktywacja zaci\u0105gni\u0119ciem<br \/>\nMTL Vaping<\/p>\n<figure id=\"attachment_2576\" aria-describedby=\"caption-attachment-2576\" style=\"width: 600px\" class=\"wp-caption alignnone\"><img loading=\"lazy\" decoding=\"async\" class=\"wp-image-2576 size-full\" src=\"https:\/\/rmvapesale.com\/wp-content\/uploads\/2024\/10\/ELFWORLD-ELF-WORLD-Plus-20K-20000-Puffs-Disposable.jpg\" alt=\"ELFWORLD ELF WORLD Plus+ 20K 20000 Zaci\u0105gni\u0119\u0107 Jednorazowy\" width=\"600\" height=\"600\" srcset=\"https:\/\/rmvapesale.com\/wp-content\/uploads\/2024\/10\/ELFWORLD-ELF-WORLD-Plus-20K-20000-Puffs-Disposable.jpg 600w, https:\/\/rmvapesale.com\/wp-content\/uploads\/2024\/10\/ELFWORLD-ELF-WORLD-Plus-20K-20000-Puffs-Disposable-300x300.jpg 300w, https:\/\/rmvapesale.com\/wp-content\/uploads\/2024\/10\/ELFWORLD-ELF-WORLD-Plus-20K-20000-Puffs-Disposable-150x150.jpg 150w, https:\/\/rmvapesale.com\/wp-content\/uploads\/2024\/10\/ELFWORLD-ELF-WORLD-Plus-20K-20000-Puffs-Disposable-100x100.jpg 100w\" sizes=\"auto, (max-width: 600px) 100vw, 600px\" \/><figcaption id=\"caption-attachment-2576\" class=\"wp-caption-text\">ELFWORLD ELF WORLD Plus+ 20K 20000 Zaci\u0105gni\u0119\u0107 Jednorazowy<\/figcaption><\/figure>\n<h2><strong>Najlepszy smak dla ELFWORLD Plus 20000 Puff Smart Disposable Vape<\/strong><\/h2>\n<p>1.Winogrono Cytryna<br \/>\n2.Niesamowicie \u015awietny<br \/>\n3.Wi\u015bniowy Dynamit <span style=\"color: #ff0000\"><strong>&gt;&gt;&gt;&gt; Gor\u0105ce!<\/strong><\/span><br \/>\n4.Soczysta Brzoskwinia Lodowa<br \/>\n5.Jagodowa Rozkosz<br \/>\n6.Niebieska Malina Lodowa <span style=\"color: #ff0000\"><strong>&gt;&gt;&gt;&gt; Gor\u0105ce!<\/strong><\/span><br \/>\n7.Smoczy Melon<br \/>\n8.Bor\u00f3wka Arbuz<span style=\"color: #ff0000\"><strong>&gt;&gt;&gt;&gt; Najlepsze!<\/strong><\/span><br \/>\n9.R\u00f3\u017cowa Lemoniada<br \/>\n10.Polskie Mango<br \/>\n11.Truskawka Banan<br \/>\n12. Arbuz L\u00f3d<br \/>\n13.Bia\u0142a Guma Lodowa<br \/>\n14.Truskawka Mango<br \/>\n15.Mi\u0119towy Smak Miami<\/p>\n<figure id=\"attachment_2581\" aria-describedby=\"caption-attachment-2581\" style=\"width: 1024px\" class=\"wp-caption alignnone\"><img loading=\"lazy\" decoding=\"async\" class=\"wp-image-2581 size-large\" src=\"https:\/\/rmvapesale.com\/wp-content\/uploads\/2024\/10\/ELFWORLD-Plus-20K-Disposable-Vape-Pod-Wholesale-1024x716.jpg\" alt=\"ELFWORLD Plus+ 20K Jednorazowy Vape Pod Sprzeda\u017c hurtowa\" width=\"1024\" height=\"716\" srcset=\"https:\/\/rmvapesale.com\/wp-content\/uploads\/2024\/10\/ELFWORLD-Plus-20K-Disposable-Vape-Pod-Wholesale-1024x716.jpg 1024w, https:\/\/rmvapesale.com\/wp-content\/uploads\/2024\/10\/ELFWORLD-Plus-20K-Disposable-Vape-Pod-Wholesale-300x210.jpg 300w, https:\/\/rmvapesale.com\/wp-content\/uploads\/2024\/10\/ELFWORLD-Plus-20K-Disposable-Vape-Pod-Wholesale-768x537.jpg 768w, https:\/\/rmvapesale.com\/wp-content\/uploads\/2024\/10\/ELFWORLD-Plus-20K-Disposable-Vape-Pod-Wholesale-1536x1074.jpg 1536w, https:\/\/rmvapesale.com\/wp-content\/uploads\/2024\/10\/ELFWORLD-Plus-20K-Disposable-Vape-Pod-Wholesale-600x419.jpg 600w, https:\/\/rmvapesale.com\/wp-content\/uploads\/2024\/10\/ELFWORLD-Plus-20K-Disposable-Vape-Pod-Wholesale.jpg 1920w\" sizes=\"auto, (max-width: 1024px) 100vw, 1024px\" \/><figcaption id=\"caption-attachment-2581\" class=\"wp-caption-text\">ELFWORLD Plus+ 20K Jednorazowy Vape Pod Sprzeda\u017c hurtowa<\/figcaption><\/figure>\n<h3><strong>Dlaczego warto wybra\u0107 Rmvapesale dla ELFWORLD Plus 20000 Zaci\u0105gni\u0119\u0107 \u0141adowalny Jednorazowy Vape<\/strong><strong>?<\/strong><\/h3>\n<div class=\"flex-shrink-0 flex flex-col relative items-end\">\n<div class=\"pt-0\">\n<div class=\"gizmo-bot-avatar flex h-8 w-8 items-center justify-center overflow-hidden rounded-full\">\n<div class=\"relative p-1 rounded-sm flex items-center justify-center bg-token-main-surface-primary text-token-text-primary h-8 w-8\">\n<p>&nbsp;<\/p>\n<p>Wybieraj\u0105c Rmvapesale do hurtowych zakup\u00f3w jednorazowych e-papieros\u00f3w, zyskujesz:<\/p>\n<ul>\n<li><strong>Konkurencyjna cena<\/strong>: Uzyskaj dost\u0119p do atrakcyjnych cen hurtowych, kt\u00f3re zwi\u0119ksz\u0105 mar\u017ce Twojej firmy.<\/li>\n<li><strong>Wysoka jako\u015b\u0107<\/strong>: Nasze e-papierosy s\u0105 wykonane zgodnie z najwy\u017cszymi standardami i <span style=\"color: #ff0000\"><strong>maj\u0105 100% gwarancji oryginalno\u015bci i autentyczno\u015bci, w przeciwnym razie otrzymasz 10-krotne odszkodowanie za podrobione towary!<\/strong><\/span><\/li>\n<li><strong>Doskona\u0142a Obs\u0142uga Klienta<\/strong>: Nasz oddany zesp\u00f3\u0142 jest zawsze gotowy, aby Ci pom\u00f3c, dzi\u0119ki czemu proces zakup\u00f3w jest p\u0142ynny i bezproblemowy.<\/li>\n<li><strong>Szybka dostawa<\/strong>: Oczekuj szybkiej i niezawodnej wysy\u0142ki, kt\u00f3ra zapewni, \u017ce Twoje zam\u00f3wienia dotr\u0105 na czas, za ka\u017cdym razem.<\/li>\n<\/ul>\n<\/div>\n<h3><\/h3>\n<div class=\"relative p-1 rounded-sm flex items-center justify-center bg-token-main-surface-primary text-token-text-primary h-8 w-8\">\n<h3><b>ELFWORLD Plus 20000 Zaci\u0105gni\u0119\u0107 FAQ<\/b><\/h3>\n<ul>\n<li><strong>Jak \u0142adowa\u0107 ELFWORLD Plus 20000 zaci\u0105gni\u0119\u0107 \u0142adowalny jednorazowy vape<\/strong><br \/>\nELFWORLD Plus 20K posiada \u0142adowaln\u0105 bateri\u0119, kt\u00f3r\u0105 mo\u017cna \u0142adowa\u0107 za pomoc\u0105 dedykowanego portu \u0142adowania. Wystarczy pod\u0142\u0105czy\u0107 go do \u0142adowarki kompatybilnej z Type-C w celu szybkiego i wydajnego \u0142adowania, co pomaga zapewni\u0107 nieprzerwane sesje wapowania.<\/li>\n<li><strong>Ile nikotyny jest w ELFWORLD Plus 20000 zaci\u0105gni\u0119\u0107 inteligentny jednorazowy Vape<\/strong><br \/>\nELFWORLD Plus 20K oferuje opcj\u0119 o niskiej zawarto\u015bci nikotyny, chocia\u017c dok\u0142adna moc nikotyny (taka jak 0%, 2% lub 5%) nie jest wyszczeg\u00f3lniona w dostarczonej tre\u015bci. Aby uzyska\u0107 dok\u0142adne poziomy nikotyny, sprawd\u017a opakowanie produktu lub informacje u sprzedawcy.<\/li>\n<li><strong>Jak d\u0142ugo powinienem \u0142adowa\u0107 m\u00f3j ELFWORLD Plus 20000 Zaci\u0105gni\u0119\u0107 Jednorazowy Vape Box?<\/strong><br \/>\nCzas \u0142adowania mo\u017ce si\u0119 r\u00f3\u017cni\u0107 w zale\u017cno\u015bci od \u017ar\u00f3d\u0142a zasilania. Dzi\u0119ki technologii szybkiego \u0142adowania Type-C, urz\u0105dzenie b\u0119dzie prawdopodobnie gotowe w kr\u00f3tkim czasie. Sprawdzaj wy\u015bwietlacz w czasie rzeczywistym na urz\u0105dzeniu, kt\u00f3ry pokazuje procent baterii, aby monitorowa\u0107 post\u0119p \u0142adowania i wiedzie\u0107, kiedy jest w pe\u0142ni na\u0142adowany.<\/li>\n<li><strong>Gdzie mog\u0119 kupi\u0107 ELFWORLD Plus 20000 Zaci\u0105gni\u0119\u0107 Vape?<\/strong><br \/>\nMo\u017cesz kupi\u0107 ELFWORLD Plus 20K inteligentny jednorazowy Vape w sklepach z vape, <strong>bar\u00f3w vape<\/strong>i <strong>hurtownia e-papieros\u00f3w<\/strong> dostawc\u00f3w. Jest r\u00f3wnie\u017c dost\u0119pny do zakupu online za po\u015brednictwem r\u00f3\u017cnych platform sklep\u00f3w z vape, co u\u0142atwia <strong>kup vapy online<\/strong>.<\/li>\n<li><strong>Jakie s\u0105 najlepsze jednorazowe vape'y 2024?<\/strong><br \/>\nNiekt\u00f3re z najlepszych jednorazowych vape'\u00f3w 2024 to:<\/p>\n<ul>\n<li><strong>ELFWORLD Plus 20K<\/strong>: Z 20 000 zaci\u0105gni\u0119\u0107, podw\u00f3jnymi trybami ssania i wy\u015bwietlaczem w czasie rzeczywistym.<\/li>\n<li><strong>Elf World i15 Pro 12000<\/strong>: Wysoka liczba zaci\u0105gni\u0119\u0107 i mo\u017cliwo\u015b\u0107 \u0142adowania z eleganckim designem.<\/li>\n<li><strong>AIVONO Lost Mary 6500 Puffs<\/strong>: Regulowany przep\u0142yw powietrza i kompaktowa konstrukcja.<\/li>\n<li><strong>Fumot RandM Tornado 30000 Puffs<\/strong>: Unikalne o\u015bwietlenie RGB i d\u0142uga \u017cywotno\u015b\u0107.<\/li>\n<\/ul>\n<\/li>\n<\/ul>\n<p>&nbsp;<\/p>\n<\/div>\n<\/div>\n<\/div>\n<\/div>\n<h3>O wysy\u0142ce<\/h3>\n<div class=\"flex-shrink-0 flex flex-col relative items-end\">\n<div>\n<div class=\"pt-0\">\n<div class=\"gizmo-bot-avatar flex h-8 w-8 items-center justify-center overflow-hidden rounded-full\">\n<div><\/div>\n<div class=\"relative p-1 rounded-sm flex items-center justify-center bg-token-main-surface-primary text-token-text-primary h-8 w-8\"><strong>1. Jakie metody wysy\u0142ki s\u0105 stosowane?<\/strong><\/div>\n<\/div>\n<\/div>\n<\/div>\n<\/div>\n<div class=\"group\/conversation-turn relative flex w-full min-w-0 flex-col agent-turn\">\n<div class=\"flex-col gap-1 md:gap-3\">\n<div class=\"flex max-w-full flex-col flex-grow\">\n<div class=\"min-h-[20px] text-message flex w-full flex-col items-end gap-2 whitespace-normal break-words [.text-message+&amp;]:mt-5 overflow-x-auto\" dir=\"auto\" data-message-author-role=\"assistant\" data-message-id=\"22f8283b-3233-46ff-89a5-c7a41b33abda\">\n<div class=\"flex w-full flex-col gap-1 empty:hidden first:pt-[3px]\">\n<div class=\"markdown prose w-full break-words dark:prose-invert light\">\n<p>Wsp\u00f3\u0142pracujemy z UPS, DHL, FedEx, DPD i innymi wiod\u0105cymi przewo\u017anikami. Wybierzemy najlepsz\u0105 metod\u0119 wysy\u0142ki w oparciu o Twoj\u0105 lokalizacj\u0119, aby zapewni\u0107, \u017ce otrzymasz swoje produkty tak szybko, jak to mo\u017cliwe.<\/p>\n<\/div>\n<p><strong>2. Ile czasu zajmuje dostawa?<\/strong><\/p>\n<p>Paczki wysy\u0142ane do Polski zazwyczaj docieraj\u0105 w ci\u0105gu 10 dni roboczych. Wysy\u0142ka do innych kraj\u00f3w europejskich trwa zwykle oko\u0142o 12-15 dni roboczych. B\u0119dziemy dostarcza\u0107 aktualizacje w czasie rzeczywistym na temat statusu Twojej przesy\u0142ki.<\/p>\n<\/div>\n<\/div>\n<\/div>\n<\/div>\n<\/div>\n<p>&nbsp;<\/p>\n<p>Inne popularne e-papierosy, kt\u00f3re mog\u0105 Ci si\u0119 spodoba\u0107:<\/p>\n<p><a href=\"https:\/\/rmvapesale.com\/pl\/product\/fumot-randm-tornado-30000-puffs-30k-music-disposable-vape\/\"><strong>RandM Tornado 30000 Zaci\u0105gni\u0119\u0107\u00a0 \u00a0<span style=\"color: #ff0000\">&gt;&gt;&gt;&gt; id\u017a!<\/span><\/strong><\/a><\/p>\n<p><strong><a href=\"https:\/\/rmvapesale.com\/pl\/product\/rechargeable-vape-vapme-spacex-22000-puff-wholesale\/\">Vapme Spacex 22000 Puffs <span style=\"color: #ff0000\">&gt;&gt;&gt;&gt; id\u017a!<\/span><\/a>\u00a0<\/strong><\/p>\n<p><a href=\"https:\/\/rmvapesale.com\/pl\/product\/disposable-vape-poco-bl10000-puffs-wholesale\/\"><strong>POCO BL10000 Puffs Jednorazowy Vape Puffs <span style=\"color: #ff0000\">&gt;&gt;&gt;&gt; id\u017a!<\/span><\/strong><\/a><\/p>\n<p>&nbsp;<\/p>\n<p>&nbsp;<\/p>\n<p>Znajd\u017a wi\u0119cej produkt\u00f3w Vape, kt\u00f3re mog\u0105 Ci si\u0119 spodoba\u0107:<strong><em><a href=\"https:\/\/rmvapesale.com\/pl\/shop-2\/\">kup teraz &gt;&gt;&gt;<\/a><\/em><\/strong><\/p>","protected":false},"excerpt":{"rendered":"<p>Elf World Plus 20000 Zaci\u0105gni\u0119\u0107 z wy\u015bwietlaczem LED<br \/>\nELFWORLD Plus 20000 Zaci\u0105gni\u0119\u0107 Akumulatorowy Vape Cena fabryczna<br \/>\nELFWORLD Plus+ 20K Jednorazowy Vape Pod Sprzeda\u017c hurtowa<br \/>\n<span style=\"color: #ff0000\">(Wysy\u0142ka z wi\u0119kszo\u015bci magazyn\u00f3w w Niemczech, dostawa do wi\u0119kszo\u015bci kraj\u00f3w europejskich, takich jak Holandia, Francja, W\u0142ochy, Hiszpania, Szwajcaria, Szwecja, Polska, zajmuje oko\u0142o 3-5 dni.)<\/span><\/p>\n<p><img loading=\"lazy\" decoding=\"async\" class=\"size-full wp-image-2375\" src=\"https:\/\/rmvapesale.com\/wp-content\/uploads\/2024\/10\/image.png\" alt=\"Najlepszy Jednorazowy E-papieros\" width=\"229\" height=\"300\" \/><\/p>\n<h3><a href=\"https:\/\/wa.me\/8617776015835\"><span style=\"color: #ff0000\"><strong>WhatsApp: +86 17776015835<\/strong><\/span><\/a><\/h3>\n<p>&nbsp;<\/p>","protected":false},"featured_media":2580,"comment_status":"open","ping_status":"closed","template":"","meta":{"_uag_custom_page_level_css":"","_lmt_disableupdate":"no","_lmt_disable":"","site-sidebar-layout":"default","site-content-layout":"content-boxed-container","ast-site-content-layout":"normal-width-container","site-content-style":"boxed","site-sidebar-style":"unboxed","ast-global-header-display":"","ast-banner-title-visibility":"","ast-main-header-display":"","ast-hfb-above-header-display":"","ast-hfb-below-header-display":"","ast-hfb-mobile-header-display":"","site-post-title":"","ast-breadcrumbs-content":"","ast-featured-img":"","footer-sml-layout":"","theme-transparent-header-meta":"default","adv-header-id-meta":"","stick-header-meta":"","header-above-stick-meta":"","header-main-stick-meta":"","header-below-stick-meta":"","astra-migrate-meta-layouts":"set","ast-page-background-enabled":"default","ast-page-background-meta":{"desktop":{"background-color":"var(--ast-global-color-4)","background-image":"","background-repeat":"repeat","background-position":"center center","background-size":"auto","background-attachment":"scroll","background-type":"","background-media":"","overlay-type":"","overlay-color":"","overlay-opacity":"","overlay-gradient":""},"tablet":{"background-color":"","background-image":"","background-repeat":"repeat","background-position":"center center","background-size":"auto","background-attachment":"scroll","background-type":"","background-media":"","overlay-type":"","overlay-color":"","overlay-opacity":"","overlay-gradient":""},"mobile":{"background-color":"","background-image":"","background-repeat":"repeat","background-position":"center center","background-size":"auto","background-attachment":"scroll","background-type":"","background-media":"","overlay-type":"","overlay-color":"","overlay-opacity":"","overlay-gradient":""}},"ast-content-background-meta":{"desktop":{"background-color":"var(--ast-global-color-5)","background-image":"","background-repeat":"repeat","background-position":"center center","background-size":"auto","background-attachment":"scroll","background-type":"","background-media":"","overlay-type":"","overlay-color":"","overlay-opacity":"","overlay-gradient":""},"tablet":{"background-color":"var(--ast-global-color-5)","background-image":"","background-repeat":"repeat","background-position":"center center","background-size":"auto","background-attachment":"scroll","background-type":"","background-media":"","overlay-type":"","overlay-color":"","overlay-opacity":"","overlay-gradient":""},"mobile":{"background-color":"var(--ast-global-color-5)","background-image":"","background-repeat":"repeat","background-position":"center center","background-size":"auto","background-attachment":"scroll","background-type":"","background-media":"","overlay-type":"","overlay-color":"","overlay-opacity":"","overlay-gradient":""}},"_joinchat":[]},"product_brand":[],"product_cat":[15,195,25,123,26,28,135,27,137,136,30],"product_tag":[146,188,167,194,165,191,120],"class_list":{"0":"post-2582","1":"product","2":"type-product","3":"status-publish","4":"has-post-thumbnail","6":"product_cat-new-vape-this-week","7":"product_cat-germany-warehouse","8":"product_cat-germany-best-selling-vape","9":"product_cat-italy-wholesale-vape","10":"product_cat-netherlands-hot-sale-vape","11":"product_cat-poland-hot-sale-vape","12":"product_cat-spain-best-hot-sale-vape","13":"product_cat-fance-hot-sale-vape","14":"product_cat-rechargeable-vapes","15":"product_cat-smart-screen-vapes","16":"product_cat-minimum-order-quantity-50pcs","17":"product_tag-best-hot-sale-vape","18":"product_tag-buy-vapes-online","19":"product_tag-disposable-vape-with-screen","20":"product_tag-elfworld","21":"product_tag-rechargeable-vapes","22":"product_tag-vape-box","23":"product_tag-vape-wholesale","24":"desktop-align-left","25":"tablet-align-left","26":"mobile-align-left","28":"first","29":"instock","30":"sale","31":"shipping-taxable","32":"purchasable","33":"product-type-simple"},"uagb_featured_image_src":{"full":["https:\/\/rmvapesale.com\/wp-content\/uploads\/2024\/10\/Elfworld-Plus-20000-puffs.jpg",800,800,false],"thumbnail":["https:\/\/rmvapesale.com\/wp-content\/uploads\/2024\/10\/Elfworld-Plus-20000-puffs-150x150.jpg",150,150,true],"medium":["https:\/\/rmvapesale.com\/wp-content\/uploads\/2024\/10\/Elfworld-Plus-20000-puffs-300x300.jpg",300,300,true],"medium_large":["https:\/\/rmvapesale.com\/wp-content\/uploads\/2024\/10\/Elfworld-Plus-20000-puffs-768x768.jpg",768,768,true],"large":["https:\/\/rmvapesale.com\/wp-content\/uploads\/2024\/10\/Elfworld-Plus-20000-puffs.jpg",800,800,false],"1536x1536":["https:\/\/rmvapesale.com\/wp-content\/uploads\/2024\/10\/Elfworld-Plus-20000-puffs.jpg",800,800,false],"2048x2048":["https:\/\/rmvapesale.com\/wp-content\/uploads\/2024\/10\/Elfworld-Plus-20000-puffs.jpg",800,800,false],"trp-custom-language-flag":["https:\/\/rmvapesale.com\/wp-content\/uploads\/2024\/10\/Elfworld-Plus-20000-puffs.jpg",12,12,false],"woocommerce_thumbnail":["https:\/\/rmvapesale.com\/wp-content\/uploads\/2024\/10\/Elfworld-Plus-20000-puffs-300x300.jpg",300,300,true],"woocommerce_single":["https:\/\/rmvapesale.com\/wp-content\/uploads\/2024\/10\/Elfworld-Plus-20000-puffs-600x600.jpg",600,600,true],"woocommerce_gallery_thumbnail":["https:\/\/rmvapesale.com\/wp-content\/uploads\/2024\/10\/Elfworld-Plus-20000-puffs-100x100.jpg",100,100,true],"wcpr-photo-reviews":["https:\/\/rmvapesale.com\/wp-content\/uploads\/2024\/10\/Elfworld-Plus-20000-puffs.jpg",500,500,false]},"uagb_author_info":{"display_name":"AMY","author_link":"https:\/\/rmvapesale.com\/pl\/author\/"},"uagb_comment_info":0,"uagb_excerpt":"Elf World Plus 20000 Puffs LED Display Screen Disposable ELFWORLD Plus 20000 Rechargeable Puff Vape Factory Price ELFWORLD Plus+ 20K Disposable Vape Pod Wholesale (Ship from most Germany warehouse and takes about 3-5 days\u00a0 to get arrive to most Europe countries like Netherlands, France, Italy, Spain, Switzerland, Sweden, Poland, etc. ) WhatsApp: +86 17776015835 &nbsp;","_links":{"self":[{"href":"https:\/\/rmvapesale.com\/pl\/wp-json\/wp\/v2\/product\/2582","targetHints":{"allow":["GET"]}}],"collection":[{"href":"https:\/\/rmvapesale.com\/pl\/wp-json\/wp\/v2\/product"}],"about":[{"href":"https:\/\/rmvapesale.com\/pl\/wp-json\/wp\/v2\/types\/product"}],"replies":[{"embeddable":true,"href":"https:\/\/rmvapesale.com\/pl\/wp-json\/wp\/v2\/comments?post=2582"}],"wp:featuredmedia":[{"embeddable":true,"href":"https:\/\/rmvapesale.com\/pl\/wp-json\/wp\/v2\/media\/2580"}],"wp:attachment":[{"href":"https:\/\/rmvapesale.com\/pl\/wp-json\/wp\/v2\/media?parent=2582"}],"wp:term":[{"taxonomy":"product_brand","embeddable":true,"href":"https:\/\/rmvapesale.com\/pl\/wp-json\/wp\/v2\/product_brand?post=2582"},{"taxonomy":"product_cat","embeddable":true,"href":"https:\/\/rmvapesale.com\/pl\/wp-json\/wp\/v2\/product_cat?post=2582"},{"taxonomy":"product_tag","embeddable":true,"href":"https:\/\/rmvapesale.com\/pl\/wp-json\/wp\/v2\/product_tag?post=2582"}],"curies":[{"name":"wp","href":"https:\/\/api.w.org\/{rel}","templated":true}]}}