{"id":2596,"date":"2024-10-28T09:08:31","date_gmt":"2024-10-28T09:08:31","guid":{"rendered":"https:\/\/rmvapesale.com\/?post_type=product&#038;p=2596"},"modified":"2024-10-28T09:48:39","modified_gmt":"2024-10-28T09:48:39","slug":"poco-sl15000-disposable-vape-5-nicotine-smart-vape","status":"publish","type":"product","link":"https:\/\/rmvapesale.com\/pl\/product\/poco-sl15000-disposable-vape-5-nicotine-smart-vape\/","title":{"rendered":"POCO SL15000 Jednorazowy Vape 5% Nikotyna Smart Vape"},"content":{"rendered":"<div class=\"B2VR9 CJHX3e\">\n<div class=\"wyccme\">\n<h1 class=\"LC20lb MBeuO DKV0Md\">Hurtowa sprzeda\u017c Jednorazowego e-papierosa POCO SL15000 5% Nikotyna Smart Vape<\/h1>\n<div class=\"flex-shrink-0 flex flex-col relative items-end\">\n<div class=\"pt-0\">\n<div class=\"gizmo-bot-avatar flex h-8 w-8 items-center justify-center overflow-hidden rounded-full\">\n<div class=\"relative p-1 rounded-sm flex items-center justify-center bg-token-main-surface-primary text-token-text-primary h-8 w-8\">\n<p>POCO SL15000 Jednorazowy e-papieros to nowoczesne urz\u0105dzenie do vapowania zaprojektowane z my\u015bl\u0105 o wygodzie i wyj\u0105tkowym smaku. Z imponuj\u0105c\u0105 pojemno\u015bci\u0105 24 ml, zapewnia do 15 000 puffs, co czyni go jednym z najpopularniejszych jednorazowych vape dost\u0119pnych na rynku.<\/p>\n<p>Wykonany z wysokiej jako\u015bci sk\u0142adnik\u00f3w, POCO SL15000 zapewnia sp\u00f3jne i przyjemne do\u015bwiadczenie vapowania przy ka\u017cdym puffs, wyr\u00f3\u017cniaj\u0105c si\u0119 na tle innych popularnych marek vape. Jako wyb\u00f3r numer jeden zar\u00f3wno dla okazjonalnych u\u017cytkownik\u00f3w, jak i zapalonych entuzjast\u00f3w vapowania, urz\u0105dzenie to jest przystosowane do d\u0142u\u017cszego u\u017cytkowania, oferuj\u0105c r\u00f3\u017cnorodno\u015b\u0107 opcji nikotynowych, w tym niskonikotynowe.<\/p>\n<p>Idealny zar\u00f3wno do u\u017cytku w podr\u00f3\u017cy, jak i relaksu w domu, POCO SL15000 obiecuje nieprzerwane przyjemno\u015bci vapowania. Jego elegancki design i przyjazne u\u017cytkownikowi funkcje czyni\u0105 go wiod\u0105cym wyborem w\u015br\u00f3d hurtowych vape, zyskuj\u0105c popularno\u015b\u0107 jako najlepszy jednorazowy vape 2024. Jako urz\u0105dzenie z funkcj\u0105 \u0142adowania, wygodny port Type-C zwi\u0119ksza komfort u\u017cytkowania, a czytelny ekran wy\u015bwietla poziom baterii i e-liquid, co docenia wielu u\u017cytkownik\u00f3w vape.<\/p>\n<p>Dla tych, kt\u00f3rzy szukaj\u0105 hurtowych vape, jednorazowych vape online lub w sklepie z e-papierosami, POCO SL15000 wyr\u00f3\u017cnia si\u0119 wysok\u0105 wydajno\u015bci\u0105 i designem, idealnym dla tych, kt\u00f3rzy chc\u0105 do\u015bwiadczy\u0107 15000 puffs bez konieczno\u015bci posiadania wielu urz\u0105dze\u0144.<\/p>\n<p>&nbsp;<\/p>\n<\/div>\n<\/div>\n<\/div>\n<\/div>\n<\/div>\n<\/div>\n<p><strong>Skontaktuj si\u0119 z Amy, aby uzyska\u0107 w\u0142a\u015bciw\u0105 odpowied\u017a i kupon na e-papierosa!<\/strong><\/p>\n<p><img loading=\"lazy\" decoding=\"async\" class=\"size-full wp-image-1978\" src=\"https:\/\/rmvapesale.com\/wp-content\/uploads\/2024\/09\/Disposable-Vape-Wholesale.jpg\" alt=\"Hurtownia Jednorazowych E-papieros\u00f3w\" width=\"229\" height=\"300\" \/><\/p>\n<h3><a href=\"https:\/\/wa.me\/8617776015835\" target=\"_blank\" rel=\"noopener\"><span style=\"color: #ff0000\"><strong>WhatsApp: +86 17776015835<\/strong><\/span><\/a><\/h3>\n<p>&nbsp;<\/p>\n<h2><\/h2>\n<h2><strong>POCO SL15000 Jednorazowy Vape <\/strong><strong>G\u0142\u00f3wne cechy<\/strong><\/h2>\n<p>Nikotyna: 5%<br \/>\nZaci\u0105gni\u0119cia: 15000<br \/>\nPojemno\u015b\u0107: 24ml<br \/>\nDost\u0119pnych 12 smak\u00f3w<br \/>\nGrza\u0142ka siatkowa<br \/>\nBateria: 850mAh<br \/>\nSmart Screen: pojemno\u015b\u0107 baterii \/ pojemno\u015b\u0107 e-liquid<\/p>\n<p>&nbsp;<\/p>\n<figure id=\"attachment_2591\" aria-describedby=\"caption-attachment-2591\" style=\"width: 800px\" class=\"wp-caption alignnone\"><img loading=\"lazy\" decoding=\"async\" class=\"wp-image-2591 size-full\" src=\"https:\/\/rmvapesale.com\/wp-content\/uploads\/2024\/10\/Poco-SL-15000-Puffs-Disposable-Vape-Wholesale.png\" alt=\"Hurtowa sprzeda\u017c Jednorazowego e-papierosa Poco SL 15000 Puffs\" width=\"800\" height=\"800\" srcset=\"https:\/\/rmvapesale.com\/wp-content\/uploads\/2024\/10\/Poco-SL-15000-Puffs-Disposable-Vape-Wholesale.png 800w, https:\/\/rmvapesale.com\/wp-content\/uploads\/2024\/10\/Poco-SL-15000-Puffs-Disposable-Vape-Wholesale-300x300.png 300w, https:\/\/rmvapesale.com\/wp-content\/uploads\/2024\/10\/Poco-SL-15000-Puffs-Disposable-Vape-Wholesale-150x150.png 150w, https:\/\/rmvapesale.com\/wp-content\/uploads\/2024\/10\/Poco-SL-15000-Puffs-Disposable-Vape-Wholesale-768x768.png 768w, https:\/\/rmvapesale.com\/wp-content\/uploads\/2024\/10\/Poco-SL-15000-Puffs-Disposable-Vape-Wholesale-600x600.png 600w, https:\/\/rmvapesale.com\/wp-content\/uploads\/2024\/10\/Poco-SL-15000-Puffs-Disposable-Vape-Wholesale-100x100.png 100w\" sizes=\"auto, (max-width: 800px) 100vw, 800px\" \/><figcaption id=\"caption-attachment-2591\" class=\"wp-caption-text\">Hurtowa sprzeda\u017c Jednorazowego e-papierosa Poco SL 15000 Puffs<\/figcaption><\/figure>\n<h2><strong>Najlepszy smak dla POCO <\/strong><strong>SL15000 <\/strong><strong>Jednorazowy e-papieros Puffs<\/strong><strong>\u00a0<\/strong><\/h2>\n<p>To jednorazowe urz\u0105dzenie z ekranem jest idealne dla tych, kt\u00f3rzy ceni\u0105 r\u00f3\u017cnorodno\u015b\u0107 smak\u00f3w, poniewa\u017c dost\u0119pne jest w szerokiej gamie, obejmuj\u0105cej Aloe Grape, Blueberry Raspberry Lemonade, Strawberry Watermelon i wiele innych. Ka\u017cdy smak zosta\u0142 stworzony, aby zapewni\u0107 satysfakcjonuj\u0105ce i g\u0142adkie do\u015bwiadczenie vapowania, umo\u017cliwiaj\u0105c u\u017cytkownikom cieszenie si\u0119 ulubionym smakiem bez kompromis\u00f3w.<\/p>\n<p>1. Aloe Grape<br \/>\n2. Blueberry Raspberry Lemonade <span style=\"color: #ff0000\"><strong>&gt;&gt;&gt;&gt; Gor\u0105ce!<\/strong><\/span><br \/>\n3. Arbuz truskawkowy<br \/>\n4. Black Ice Dragon Fruit Strawberry<span style=\"color: #ff0000\"><strong>&gt;&gt;&gt;&gt; Gor\u0105ce!<\/strong><\/span><br \/>\n5.Nap\u00f3j energetyczny<br \/>\n6. Truskawka Malina Kiwi<br \/>\n7. Winogrono \u017burawina Brzoskwinia<br \/>\n8. Je\u017cyna \u017burawina<br \/>\n9. Truskawka Wi\u015bnia <span style=\"color: #ff0000\"><strong>&gt;&gt;&gt;&gt; Najlepsze!<\/strong><\/span><br \/>\n10. Ananas Truskawka Banan<br \/>\n11. Arbuz Litchi<br \/>\n12. Ananas Jab\u0142ko<\/p>\n<p>&nbsp;<\/p>\n<h3><strong>Dlaczego wybra\u0107 Rmvapesale dla POCO SL15000<\/strong><strong>\u00a0Jednorazowy e-papieros z mo\u017cliwo\u015bci\u0105 \u0142adowania<\/strong><strong>?<\/strong><\/h3>\n<div class=\"flex-shrink-0 flex flex-col relative items-end\">\n<div class=\"pt-0\">\n<div class=\"gizmo-bot-avatar flex h-8 w-8 items-center justify-center overflow-hidden rounded-full\">\n<div class=\"relative p-1 rounded-sm flex items-center justify-center bg-token-main-surface-primary text-token-text-primary h-8 w-8\">\n<p>&nbsp;<\/p>\n<p>Wybieraj\u0105c Rmvapesale do hurtowych zakup\u00f3w jednorazowych e-papieros\u00f3w, zyskujesz:<\/p>\n<ul>\n<li><strong>Konkurencyjna cena<\/strong>: Uzyskaj dost\u0119p do atrakcyjnych cen hurtowych, kt\u00f3re zwi\u0119ksz\u0105 mar\u017ce Twojej firmy.<\/li>\n<li><strong>Wysoka jako\u015b\u0107<\/strong>: Nasze e-papierosy s\u0105 wykonane zgodnie z najwy\u017cszymi standardami i <span style=\"color: #ff0000\"><strong>maj\u0105 100% gwarancji oryginalno\u015bci i autentyczno\u015bci, w przeciwnym razie otrzymasz 10-krotne odszkodowanie za podrobione towary!<\/strong><\/span><\/li>\n<li><strong>Doskona\u0142a Obs\u0142uga Klienta<\/strong>: Nasz oddany zesp\u00f3\u0142 jest zawsze gotowy, aby Ci pom\u00f3c, dzi\u0119ki czemu proces zakup\u00f3w jest p\u0142ynny i bezproblemowy.<\/li>\n<li><strong>Szybka dostawa<\/strong>: Oczekuj szybkiej i niezawodnej wysy\u0142ki, kt\u00f3ra zapewni, \u017ce Twoje zam\u00f3wienia dotr\u0105 na czas, za ka\u017cdym razem.<\/li>\n<\/ul>\n<\/div>\n<h3><\/h3>\n<div class=\"relative p-1 rounded-sm flex items-center justify-center bg-token-main-surface-primary text-token-text-primary h-8 w-8\">\n<h3><b>Vape POCO SL 15000<\/b><strong>\u00a0<\/strong><b>Najcz\u0119\u015bciej zadawane pytania dotycz\u0105ce waporyzatora Puff<\/b><\/h3>\n<p><strong>Jak na\u0142adowa\u0107 jednorazowego vapinga POCO SL15000 Puffs z mo\u017cliwo\u015bci\u0105 \u0142adowania?<\/strong><br \/>\nAby na\u0142adowa\u0107 jednorazowego vapinga POCO SL15000 Puffs, u\u017cyj portu \u0142adowania Type-C znajduj\u0105cego si\u0119 na urz\u0105dzeniu. Po prostu pod\u0142\u0105cz go do kompatybilnego kabla USB-C i pod\u0142\u0105cz do \u017ar\u00f3d\u0142a zasilania. To pozwoli na szybkie na\u0142adowanie akumulatora, zapewniaj\u0105c nieprzerwane sesje vapowania.<\/p>\n<p><strong>Ile nikotyny znajduje si\u0119 w vapingu POCO SL15000?<\/strong><br \/>\nVaping POCO SL15000 oferuje opcje nikotyny dostosowane do r\u00f3\u017cnych preferencji, w tym niskie poziomy nikotyny. Wybierz st\u0119\u017cenie, kt\u00f3re najlepiej odpowiada Twoim potrzebom, aby cieszy\u0107 si\u0119 spersonalizowanym do\u015bwiadczeniem vapowania z wysokiej jako\u015bci sk\u0142adnikami i d\u0142ugotrwa\u0142ym smakiem.<\/p>\n<p><strong>Jak d\u0142ugo powinienem \u0142adowa\u0107 m\u00f3j jednorazowy box vape POCO SL15000?<\/strong><br \/>\nDla optymalnego \u0142adowania, na\u0142aduj jednorazowy box vape POCO SL15000, a\u017c ekran wy\u015bwietlacza baterii wska\u017ce pe\u0142ne na\u0142adowanie. Pe\u0142ne na\u0142adowanie zazwyczaj wymaga kilku godzin, w zale\u017cno\u015bci od \u017ar\u00f3d\u0142a zasilania, i zapewni d\u0142ugotrwa\u0142e vapowanie przez ca\u0142y dzie\u0144.<\/p>\n<p><strong>Gdzie mog\u0119 kupi\u0107 POCO SL15000 Puffs Puff Vape Bar?<\/strong><br \/>\nPOCO SL15000 Puffs Puff Vape Bar mo\u017cna wygodnie kupi\u0107 online lub w sklepie z e-papierosami. Wielu sprzedawc\u00f3w internetowych oferuje opcje zakupu hurtowego, wi\u0119c sprawd\u017a online najlepsze oferty, hurtowe vapory i promocje specjalne.<\/p>\n<p><strong>Jakie s\u0105 najlepsze jednorazowe vapory na 2024 rok?<\/strong><br \/>\nPOCO SL15000 jest jednym z najlepszych jednorazowych vap\u00f3w na 2024 rok, dzi\u0119ki swojej d\u0142ugotrwa\u0142ej pojemno\u015bci 15 000 puffs, przyjaznemu dla u\u017cytkownika designowi i bogatym opcjom smakowym. To czo\u0142owy wyb\u00f3r w kategorii box vape\u2019\u00f3w i nadal wyr\u00f3\u017cnia si\u0119 na listach najlepszych 10 marek jednorazowych vap\u00f3w, co czyni go ulubie\u0144cem zar\u00f3wno u\u017cytkownik\u00f3w indywidualnych, jak i sprzedawc\u00f3w.<\/p>\n<\/div>\n<\/div>\n<\/div>\n<\/div>\n<h3>O wysy\u0142ce<\/h3>\n<div class=\"flex-shrink-0 flex flex-col relative items-end\">\n<div>\n<div class=\"pt-0\">\n<div class=\"gizmo-bot-avatar flex h-8 w-8 items-center justify-center overflow-hidden rounded-full\">\n<div><\/div>\n<div class=\"relative p-1 rounded-sm flex items-center justify-center bg-token-main-surface-primary text-token-text-primary h-8 w-8\"><strong>1. Jakie metody wysy\u0142ki s\u0105 stosowane?<\/strong><\/div>\n<\/div>\n<\/div>\n<\/div>\n<\/div>\n<div class=\"group\/conversation-turn relative flex w-full min-w-0 flex-col agent-turn\">\n<div class=\"flex-col gap-1 md:gap-3\">\n<div class=\"flex max-w-full flex-col flex-grow\">\n<div class=\"min-h-[20px] text-message flex w-full flex-col items-end gap-2 whitespace-normal break-words [.text-message+&amp;]:mt-5 overflow-x-auto\" dir=\"auto\" data-message-author-role=\"assistant\" data-message-id=\"22f8283b-3233-46ff-89a5-c7a41b33abda\">\n<div class=\"flex w-full flex-col gap-1 empty:hidden first:pt-[3px]\">\n<div class=\"markdown prose w-full break-words dark:prose-invert light\">\n<p>Wsp\u00f3\u0142pracujemy z UPS, DHL, FedEx, DPD i innymi wiod\u0105cymi przewo\u017anikami. Wybierzemy najlepsz\u0105 metod\u0119 wysy\u0142ki w oparciu o Twoj\u0105 lokalizacj\u0119, aby zapewni\u0107, \u017ce otrzymasz swoje produkty tak szybko, jak to mo\u017cliwe.<\/p>\n<\/div>\n<p><strong>2. Ile czasu zajmuje dostawa?<\/strong><\/p>\n<p>Paczki wysy\u0142ane do Polski zazwyczaj docieraj\u0105 w ci\u0105gu 10 dni roboczych. Wysy\u0142ka do innych kraj\u00f3w europejskich trwa zwykle oko\u0142o 12-15 dni roboczych. B\u0119dziemy dostarcza\u0107 aktualizacje w czasie rzeczywistym na temat statusu Twojej przesy\u0142ki.<\/p>\n<\/div>\n<\/div>\n<\/div>\n<\/div>\n<\/div>\n<p>&nbsp;<\/p>\n<p>Inne popularne e-papierosy, kt\u00f3re mog\u0105 Ci si\u0119 spodoba\u0107:<\/p>\n<p><a href=\"https:\/\/rmvapesale.com\/pl\/product\/poco-pt12000-puffs-disposable-vape-pod-electronic-cigarette\/\"><strong>POCO PT 12000 Puffs\u00a0 \u00a0<span style=\"color: #ff0000\">&gt;&gt;&gt;&gt; id\u017a!<\/span><\/strong><\/a><\/p>\n<p><strong><a href=\"https:\/\/rmvapesale.com\/pl\/product\/disposable-vape-poco-bl10000-puffs-wholesale\/\">POCO BL10000 Zaci\u0105gni\u0119\u0107 <span style=\"color: #ff0000\">&gt;&gt;&gt;&gt; id\u017a!<\/span><\/a>\u00a0<\/strong><\/p>\n<p><a href=\"https:\/\/rmvapesale.com\/pl\/product\/original-randm-vape-digital-puff-12000-fumot-factory-price\/\"><strong>Fumot Vape 12000 zaci\u0105gni\u0119\u0107 <span style=\"color: #ff0000\">&gt;&gt;&gt;&gt; id\u017a!<\/span><\/strong><\/a><\/p>\n<p>&nbsp;<\/p>\n<p>&nbsp;<\/p>\n<p>Znajd\u017a wi\u0119cej produkt\u00f3w Vape, kt\u00f3re mog\u0105 Ci si\u0119 spodoba\u0107:<strong><em><a href=\"https:\/\/rmvapesale.com\/pl\/shop-2\/\">kup teraz &gt;&gt;&gt;<\/a><\/em><\/strong><\/p>","protected":false},"excerpt":{"rendered":"<p>Hurtowa cena Jednorazowego e-papierosa POCO SL15000<br \/>\nMagazyn UE Poco SL 15000 Wydmuchiwa\u0144 Puffs Smart Screen<br \/>\nPude\u0142ko Jednorazowego e-papierosa POCO Vape 5% E Papieros<br \/>\n<span style=\"color: #ff0000\">(Wysy\u0142ka z magazynu w Niemczech, dostawa do wi\u0119kszo\u015bci kraj\u00f3w Europy, takich jak Holandia, Francja, W\u0142ochy, Hiszpania, Szwajcaria, Szwecja, Polska itp., zajmuje oko\u0142o 3-5 dni.)<\/span><\/p>\n<p><img loading=\"lazy\" decoding=\"async\" class=\"size-full wp-image-2375\" src=\"https:\/\/rmvapesale.com\/wp-content\/uploads\/2024\/10\/image.png\" alt=\"Najlepszy Jednorazowy E-papieros\" width=\"229\" height=\"300\" \/><\/p>\n<h3><a href=\"https:\/\/wa.me\/8617776015835\"><span style=\"color: #ff0000\"><strong>WhatsApp: +86 17776015835<\/strong><\/span><\/a><\/h3>\n<p>&nbsp;<\/p>","protected":false},"featured_media":2590,"comment_status":"open","ping_status":"closed","template":"","meta":{"_uag_custom_page_level_css":"","_lmt_disableupdate":"no","_lmt_disable":"","site-sidebar-layout":"default","site-content-layout":"content-boxed-container","ast-site-content-layout":"normal-width-container","site-content-style":"boxed","site-sidebar-style":"unboxed","ast-global-header-display":"","ast-banner-title-visibility":"","ast-main-header-display":"","ast-hfb-above-header-display":"","ast-hfb-below-header-display":"","ast-hfb-mobile-header-display":"","site-post-title":"","ast-breadcrumbs-content":"","ast-featured-img":"","footer-sml-layout":"","theme-transparent-header-meta":"default","adv-header-id-meta":"","stick-header-meta":"","header-above-stick-meta":"","header-main-stick-meta":"","header-below-stick-meta":"","astra-migrate-meta-layouts":"set","ast-page-background-enabled":"default","ast-page-background-meta":{"desktop":{"background-color":"var(--ast-global-color-4)","background-image":"","background-repeat":"repeat","background-position":"center center","background-size":"auto","background-attachment":"scroll","background-type":"","background-media":"","overlay-type":"","overlay-color":"","overlay-opacity":"","overlay-gradient":""},"tablet":{"background-color":"","background-image":"","background-repeat":"repeat","background-position":"center center","background-size":"auto","background-attachment":"scroll","background-type":"","background-media":"","overlay-type":"","overlay-color":"","overlay-opacity":"","overlay-gradient":""},"mobile":{"background-color":"","background-image":"","background-repeat":"repeat","background-position":"center center","background-size":"auto","background-attachment":"scroll","background-type":"","background-media":"","overlay-type":"","overlay-color":"","overlay-opacity":"","overlay-gradient":""}},"ast-content-background-meta":{"desktop":{"background-color":"var(--ast-global-color-5)","background-image":"","background-repeat":"repeat","background-position":"center center","background-size":"auto","background-attachment":"scroll","background-type":"","background-media":"","overlay-type":"","overlay-color":"","overlay-opacity":"","overlay-gradient":""},"tablet":{"background-color":"var(--ast-global-color-5)","background-image":"","background-repeat":"repeat","background-position":"center center","background-size":"auto","background-attachment":"scroll","background-type":"","background-media":"","overlay-type":"","overlay-color":"","overlay-opacity":"","overlay-gradient":""},"mobile":{"background-color":"var(--ast-global-color-5)","background-image":"","background-repeat":"repeat","background-position":"center center","background-size":"auto","background-attachment":"scroll","background-type":"","background-media":"","overlay-type":"","overlay-color":"","overlay-opacity":"","overlay-gradient":""}},"_joinchat":[]},"product_brand":[],"product_cat":[15,195,25,123,26,28,135,27,137,30],"product_tag":[146,188,167,197,165,191,196,120],"class_list":{"0":"post-2596","1":"product","2":"type-product","3":"status-publish","4":"has-post-thumbnail","6":"product_cat-new-vape-this-week","7":"product_cat-germany-warehouse","8":"product_cat-germany-best-selling-vape","9":"product_cat-italy-wholesale-vape","10":"product_cat-netherlands-hot-sale-vape","11":"product_cat-poland-hot-sale-vape","12":"product_cat-spain-best-hot-sale-vape","13":"product_cat-fance-hot-sale-vape","14":"product_cat-rechargeable-vapes","15":"product_cat-minimum-order-quantity-50pcs","16":"product_tag-best-hot-sale-vape","17":"product_tag-buy-vapes-online","18":"product_tag-disposable-vape-with-screen","19":"product_tag-germany-hot-sale-vape","20":"product_tag-rechargeable-vapes","21":"product_tag-vape-box","22":"product_tag-vape-shop","23":"product_tag-vape-wholesale","24":"desktop-align-left","25":"tablet-align-left","26":"mobile-align-left","28":"first","29":"instock","30":"sale","31":"shipping-taxable","32":"purchasable","33":"product-type-simple"},"uagb_featured_image_src":{"full":["https:\/\/rmvapesale.com\/wp-content\/uploads\/2024\/10\/15K-Puffs-Screen-Poco-SL15000-Disposable-Vape.png",800,800,false],"thumbnail":["https:\/\/rmvapesale.com\/wp-content\/uploads\/2024\/10\/15K-Puffs-Screen-Poco-SL15000-Disposable-Vape-150x150.png",150,150,true],"medium":["https:\/\/rmvapesale.com\/wp-content\/uploads\/2024\/10\/15K-Puffs-Screen-Poco-SL15000-Disposable-Vape-300x300.png",300,300,true],"medium_large":["https:\/\/rmvapesale.com\/wp-content\/uploads\/2024\/10\/15K-Puffs-Screen-Poco-SL15000-Disposable-Vape-768x768.png",768,768,true],"large":["https:\/\/rmvapesale.com\/wp-content\/uploads\/2024\/10\/15K-Puffs-Screen-Poco-SL15000-Disposable-Vape.png",800,800,false],"1536x1536":["https:\/\/rmvapesale.com\/wp-content\/uploads\/2024\/10\/15K-Puffs-Screen-Poco-SL15000-Disposable-Vape.png",800,800,false],"2048x2048":["https:\/\/rmvapesale.com\/wp-content\/uploads\/2024\/10\/15K-Puffs-Screen-Poco-SL15000-Disposable-Vape.png",800,800,false],"trp-custom-language-flag":["https:\/\/rmvapesale.com\/wp-content\/uploads\/2024\/10\/15K-Puffs-Screen-Poco-SL15000-Disposable-Vape.png",12,12,false],"woocommerce_thumbnail":["https:\/\/rmvapesale.com\/wp-content\/uploads\/2024\/10\/15K-Puffs-Screen-Poco-SL15000-Disposable-Vape-300x300.png",300,300,true],"woocommerce_single":["https:\/\/rmvapesale.com\/wp-content\/uploads\/2024\/10\/15K-Puffs-Screen-Poco-SL15000-Disposable-Vape-600x600.png",600,600,true],"woocommerce_gallery_thumbnail":["https:\/\/rmvapesale.com\/wp-content\/uploads\/2024\/10\/15K-Puffs-Screen-Poco-SL15000-Disposable-Vape-100x100.png",100,100,true],"wcpr-photo-reviews":["https:\/\/rmvapesale.com\/wp-content\/uploads\/2024\/10\/15K-Puffs-Screen-Poco-SL15000-Disposable-Vape.png",500,500,false]},"uagb_author_info":{"display_name":"AMY","author_link":"https:\/\/rmvapesale.com\/pl\/author\/"},"uagb_comment_info":0,"uagb_excerpt":"POCO SL15000 Disposable Vape Wholesale Price EU Warehouse Poco SL 15000 Puffs Smart Screen POCO Disposable Vape Box 5% E Cigarette (Ship from Germany warehouse and takes about 3-5 days\u00a0 to get arrive to most Europe countries like Netherlands, France, Italy, Spain, Switzerland, Sweden, Poland, etc. ) WhatsApp: +86 17776015835 &nbsp;","_links":{"self":[{"href":"https:\/\/rmvapesale.com\/pl\/wp-json\/wp\/v2\/product\/2596","targetHints":{"allow":["GET"]}}],"collection":[{"href":"https:\/\/rmvapesale.com\/pl\/wp-json\/wp\/v2\/product"}],"about":[{"href":"https:\/\/rmvapesale.com\/pl\/wp-json\/wp\/v2\/types\/product"}],"replies":[{"embeddable":true,"href":"https:\/\/rmvapesale.com\/pl\/wp-json\/wp\/v2\/comments?post=2596"}],"wp:featuredmedia":[{"embeddable":true,"href":"https:\/\/rmvapesale.com\/pl\/wp-json\/wp\/v2\/media\/2590"}],"wp:attachment":[{"href":"https:\/\/rmvapesale.com\/pl\/wp-json\/wp\/v2\/media?parent=2596"}],"wp:term":[{"taxonomy":"product_brand","embeddable":true,"href":"https:\/\/rmvapesale.com\/pl\/wp-json\/wp\/v2\/product_brand?post=2596"},{"taxonomy":"product_cat","embeddable":true,"href":"https:\/\/rmvapesale.com\/pl\/wp-json\/wp\/v2\/product_cat?post=2596"},{"taxonomy":"product_tag","embeddable":true,"href":"https:\/\/rmvapesale.com\/pl\/wp-json\/wp\/v2\/product_tag?post=2596"}],"curies":[{"name":"wp","href":"https:\/\/api.w.org\/{rel}","templated":true}]}}