{"id":2609,"date":"2024-10-30T08:06:20","date_gmt":"2024-10-30T08:06:20","guid":{"rendered":"https:\/\/rmvapesale.com\/?post_type=product&#038;p=2609"},"modified":"2024-10-31T03:48:31","modified_gmt":"2024-10-31T03:48:31","slug":"smart-disposable-vape-elfworld-ai-22000-puffs-led-display","status":"publish","type":"product","link":"https:\/\/rmvapesale.com\/pl\/product\/smart-disposable-vape-elfworld-ai-22000-puffs-led-display\/","title":{"rendered":"Smart Jednorazowy Vape ELFWORLD AI 22000 Zaci\u0105gni\u0119\u0107 Wy\u015bwietlacz LED"},"content":{"rendered":"<div class=\"B2VR9 CJHX3e\">\n<div class=\"wyccme\">\n<h1 class=\"LC20lb MBeuO DKV0Md\">Smart Jednorazowy Vape ELFWORLD AI 22000 Zaci\u0105gni\u0119\u0107 Wy\u015bwietlacz LED<\/h1>\n<div class=\"flex-shrink-0 flex flex-col relative items-end\">\n<div class=\"pt-0\">\n<div class=\"gizmo-bot-avatar flex h-8 w-8 items-center justify-center overflow-hidden rounded-full\">\n<div class=\"relative p-1 rounded-sm flex items-center justify-center bg-token-main-surface-primary text-token-text-primary h-8 w-8\">\n<p><strong>Smart Jednorazowy Vape ELFWORLD AI 22000 Zaci\u0105gni\u0119\u0107 Wy\u015bwietlacz LED<\/strong> jest ostatecznym wyborem dla vaper\u00f3w poszukuj\u0105cych innowacji, stylu i d\u0142u\u017cszego do\u015bwiadczenia vapingowego. Z ogromn\u0105 <strong>pojemno\u015bci\u0105 22000 puf\u00f3w<\/strong>, ten du\u017cy puf <strong>jednorazowy vape<\/strong> oferuje d\u0142ugotrwa\u0142\u0105, bezproblemow\u0105 opcj\u0119 zar\u00f3wno dla do\u015bwiadczonych vaper\u00f3w, jak i nowicjuszy.<\/p>\n<p><strong>Elegancki Design i Przeno\u015bno\u015b\u0107<\/strong><br \/>\nTen <strong>Elf World AI 22000<\/strong> prezentuje elegancki, nowoczesny design wykonany z g\u0142adkimi liniami i wyko\u0144czeniem premium, kt\u00f3re wygl\u0105da tak dobrze, jak si\u0119 czuje. Ten <strong>box vape<\/strong> jest kompaktowy i lekki, co u\u0142atwia noszenie go w podr\u00f3\u017cy. Pomimo lekkiej konstrukcji, jest zbudowany tak, aby wytrzyma\u0107 codzienne u\u017cytkowanie, zapewniaj\u0105c trwa\u0142o\u015b\u0107 bez utraty swojego presti\u017cowego wygl\u0105du.<\/p>\n<p><strong>Inteligentna Technologia z Regulowanym Przep\u0142ywem Powietrza<\/strong><br \/>\nJako prawdziwy <strong>Smart vape<\/strong>, AI 22000 oferuje spersonalizowane do\u015bwiadczenie dzi\u0119ki funkcji regulacji przep\u0142ywu powietrza, pozwalaj\u0105c u\u017cytkownikom wybra\u0107 odpowiedni\u0105 szczelno\u015b\u0107 inhalacji. To <strong>\u0142adowalny e-papieros<\/strong> zawiera mocn\u0105 bateri\u0119 i ekran LED, daj\u0105c Ci wska\u017aniki w czasie rzeczywistym dotycz\u0105ce poziomu na\u0142adowania baterii i poziomu e-juice. Ta funkcja zapewnia, \u017ce zawsze b\u0119dziesz \u015bwiadomy, kiedy na\u0142adowa\u0107 urz\u0105dzenie i cieszy\u0107 si\u0119 nieprzerwanymi pufami. Port urz\u0105dzenia <strong>Typu-C<\/strong> zapewnia szybkie, wygodne \u0142adowanie, idealne dla zapracowanych u\u017cytkownik\u00f3w, kt\u00f3rzy chc\u0105 niezawodnego vape'a.<\/p>\n<p><strong>Wnioski<\/strong><br \/>\nELFWORLD<strong> 22000 Puff Smart Jednorazowy E-papieros<\/strong>\u00a0jest idealnym po\u0142\u0105czeniem stylu, zaawansowanej technologii i d\u0142ugotrwa\u0142ej wydajno\u015bci, co czyni go jednym z <strong>najlepszych jednorazowych e-papieros\u00f3w<\/strong> dost\u0119pnych. Dla tych, kt\u00f3rzy szukaj\u0105 wysokiej pojemno\u015bci, wytrzyma\u0142o\u015bci i bogatej funkcjonalno\u015bci, ElfWorld AI 22000 jest idealnym wyborem. Odkryj wygod\u0119 i jako\u015b\u0107 tego najwy\u017cszej klasy e-papierosa, dost\u0119pnego do zakupu w <strong>sklep\u00f3w z vape<\/strong>, <strong>jednorazowych vape online<\/strong>, lub poprzez <strong>waporyzatory hurtowo<\/strong> opcje hurtowe dla potrzeb hurtowych.<\/p>\n<\/div>\n<\/div>\n<\/div>\n<\/div>\n<\/div>\n<\/div>\n<p><strong>Skontaktuj si\u0119 z Amy, aby uzyska\u0107 w\u0142a\u015bciw\u0105 odpowied\u017a i kupon na e-papierosa!<\/strong><\/p>\n<p><img loading=\"lazy\" decoding=\"async\" class=\"size-full wp-image-1978\" src=\"https:\/\/rmvapesale.com\/wp-content\/uploads\/2024\/09\/Disposable-Vape-Wholesale.jpg\" alt=\"Hurtownia Jednorazowych E-papieros\u00f3w\" width=\"229\" height=\"300\" \/><\/p>\n<h3><a href=\"https:\/\/wa.me\/8617776015835\" target=\"_blank\" rel=\"noopener\"><span style=\"color: #ff0000\"><strong>WhatsApp: +86 17776015835<\/strong><\/span><\/a><\/h3>\n<p>&nbsp;<\/p>\n<h2><\/h2>\n<h2><strong>ELFWORLD AI 22000 Smart Jednorazowy E-papieros <\/strong><strong>G\u0142\u00f3wne cechy<\/strong><\/h2>\n<ul class=\"wp-block-list\">\n<li>Dymki: 22000 dymk\u00f3w<\/li>\n<li>Si\u0142a nikotyny: 0%2%3%5%<\/li>\n<li>Pojemno\u015b\u0107: 26ml<\/li>\n<li>Bateria: 650mAh<\/li>\n<li>Materia\u0142 grza\u0142ki: 1.0*2 ohm Dual Mesh Coil<\/li>\n<li>Wy\u015bwietlacz: Cyfrowy ekran wy\u015bwietlacza<\/li>\n<li>\u0141adowanie: Typ-C, \u0142adowanie wielokrotne<\/li>\n<li>Regulowany przep\u0142yw powietrza<\/li>\n<li>Dost\u0119pne 10 smak\u00f3w<\/li>\n<\/ul>\n<figure id=\"attachment_2619\" aria-describedby=\"caption-attachment-2619\" style=\"width: 600px\" class=\"wp-caption alignnone\"><img loading=\"lazy\" decoding=\"async\" class=\"wp-image-2619 size-full\" src=\"https:\/\/rmvapesale.com\/wp-content\/uploads\/2024\/10\/Vape-22000-Puff-Rechargeable-Disposable-Vape.png\" alt=\"E-papieros 22000 Puff, \u0142adowalny, jednorazowy\" width=\"600\" height=\"849\" srcset=\"https:\/\/rmvapesale.com\/wp-content\/uploads\/2024\/10\/Vape-22000-Puff-Rechargeable-Disposable-Vape.png 600w, https:\/\/rmvapesale.com\/wp-content\/uploads\/2024\/10\/Vape-22000-Puff-Rechargeable-Disposable-Vape-212x300.png 212w\" sizes=\"auto, (max-width: 600px) 100vw, 600px\" \/><figcaption id=\"caption-attachment-2619\" class=\"wp-caption-text\">E-papieros 22000 Puff, \u0142adowalny, jednorazowy<\/figcaption><\/figure>\n<h2><strong>Najlepszy smak dla <\/strong><strong>ELFWORLD AI 22000 Puff Smart Jednorazowy E-papieros<\/strong><\/h2>\n<p>Z ka\u017cdym zaci\u0105gni\u0119ciem si\u0119 <strong>Elf World AI 22000<\/strong> zapewnia pe\u0142ne, wyraziste smaki, kt\u00f3re pozostaj\u0105 sp\u00f3jne od pierwszego do ostatniego zaci\u0105gni\u0119cia. Dost\u0119pny w szerokiej gamie opcji, ten <strong>vape o niskiej zawarto\u015bci nikotyny<\/strong> zapewnia satysfakcjonuj\u0105ce i g\u0142adkie do\u015bwiadczenie dla palaczy, kt\u00f3rzy ceni\u0105 zar\u00f3wno jako\u015b\u0107, jak i smak.<\/p>\n<p>1. Mango jab\u0142ko gruszka<br \/>\n2. Ch\u0142odne mango<br \/>\n3. Zielone jab\u0142ko<br \/>\n4. Krew tygrysa <span style=\"color: #ff0000\"><strong>&gt;&gt;&gt;&gt; Gor\u0105ce!<\/strong><\/span><br \/>\n5. Jagoda l\u00f3d <span style=\"color: #ff0000\"><strong>&gt;&gt;&gt;&gt; Gor\u0105ce!<\/strong><\/span><br \/>\n6. Mi\u0119ta<br \/>\n7. Mieszanka jag\u00f3d <span style=\"color: #ff0000\"><strong>&gt;&gt;&gt;&gt; Najlepsze!<\/strong><\/span><br \/>\n8. Winogrono l\u00f3d<br \/>\n9. Arbuz l\u00f3d<br \/>\n10. Jagoda mi\u0119ta<br \/>\n11. Truskawkowe Lody<br \/>\n12. Soczysta Brzoskwinia z Lodem<br \/>\n13. Niebieski Razz z Lodem<br \/>\n14. Weso\u0142a cytryna<br \/>\n15. Truskawkowa arbuz<\/p>\n<p>&nbsp;<\/p>\n<h3><strong>Dlaczego warto wybra\u0107 Rmvapesale dla ELFWORLD 22000 Puffs LED Display Jednorazowy E-papieros<\/strong><strong>?<\/strong><\/h3>\n<div class=\"flex-shrink-0 flex flex-col relative items-end\">\n<div class=\"pt-0\">\n<div class=\"gizmo-bot-avatar flex h-8 w-8 items-center justify-center overflow-hidden rounded-full\">\n<div class=\"relative p-1 rounded-sm flex items-center justify-center bg-token-main-surface-primary text-token-text-primary h-8 w-8\">\n<p>Witaj w Rmvapesale, Twoim zaufanym sklepie z e-papierosami, oferuj\u0105cym jednorazowe produkty najwy\u017cszej jako\u015bci. Z ponad 5-letnim do\u015bwiadczeniem, dostarczamy popularne marki jednorazowych e-papieros\u00f3w, takie jak Al Fakher, Vapme Vape, <a href=\"https:\/\/rmvapesale.com\/pl\/product\/vapme-crystal-7000-puffs-rechargeable-disposable-vape-price\/\">Vapme<\/a>, <a href=\"https:\/\/rmvapesale.com\/pl\/product-category\/bang-vapes\/\">Bang Vape<\/a>, Waspe, <a href=\"https:\/\/rmvapesale.com\/pl\/product\/wga-crystal-pro-max-extra-15k-puffs-disposable-vape-wholesale\/\">WGA<\/a> Vape i<a href=\"https:\/\/rmvapesale.com\/pl\/product-category\/randm-fumot-vape\/\"> RandM Vape<\/a>.<\/p>\n<p>Nasza oferta obejmuje popularne e-papierosy, takie jak <a href=\"https:\/\/rmvapesale.com\/pl\/product\/fumot-digital-box-12000-disposable-vape-pink-lemonade-flavor\/\">RandM 12k<\/a> oraz bogate w smaki opcje, jak <a href=\"https:\/\/rmvapesale.com\/pl\/product\/wga-crystal-pro-max-extra-15k-puffs-disposable-vape-wholesale\/\">WGA Crystal Pro Max 15K Puffs<\/a>. Ka\u017cdy produkt jest wybierany z my\u015bl\u0105 o jako\u015bci, warto\u015bci i r\u00f3\u017cnorodno\u015bci, dzi\u0119ki czemu na pewno znajdziesz idealny dla siebie. Odkryj wyj\u0105tkow\u0105 obs\u0142ug\u0119 i szerok\u0105 gam\u0119 najlepszych produkt\u00f3w na Rmvapesale.<\/p>\n<\/div>\n<h3><\/h3>\n<div class=\"relative p-1 rounded-sm flex items-center justify-center bg-token-main-surface-primary text-token-text-primary h-8 w-8\">\n<h3><b>ELFWORLD 22000 FAQ dotycz\u0105ce e-papieros\u00f3w<\/b><\/h3>\n<\/div>\n<p><strong>Czy mog\u0119 zabra\u0107 jednorazowego e-papierosa do samolotu?<\/strong><br \/>\nTak, jednorazowe e-papierosy, takie jak <strong>Elf World AI 22000 Puff<\/strong> s\u0105 dozwolone na samolotach, ale tylko w baga\u017cu podr\u0119cznym ze wzgl\u0119du na przepisy dotycz\u0105ce baterii. Upewnij si\u0119, \u017ce urz\u0105dzenie jest wy\u0142\u0105czone i sprawd\u017a wytyczne linii lotniczych dotycz\u0105ce ogranicze\u0144 na produkty do vapingu.<\/p>\n<p><strong>Czy Elf World AI 22000 Puff Smart jednorazowy e-papieros jest odpowiedni dla pocz\u0105tkuj\u0105cych?<\/strong><br \/>\nTak, <strong>Elf World AI 22000 Puff<\/strong> jest przyjazny dla pocz\u0105tkuj\u0105cych. Charakteryzuje si\u0119 prostym, eleganckim designem, regulowanym przep\u0142ywem powietrza oraz wygodnym <strong>wy\u015bwietlacz LED<\/strong> do monitorowania poziomu baterii i e-liquid\u00f3w, co u\u0142atwia pocz\u0105tkuj\u0105cym kontrol\u0119 nad u\u017cytkowaniem.<\/p>\n<p><strong>Kt\u00f3re jednorazowe e-papierosy z ekranem s\u0105 popularne?<\/strong><br \/>\nW\u015br\u00f3d <strong>gor\u0105ca sprzeda\u017c jednorazowych e-papieros\u00f3w<\/strong> z ekranem, wyr\u00f3\u017cnia si\u0119 <strong>Elf World AI 22000 Puff<\/strong> zaawansowanymi funkcjami, d\u0142ugotrwa\u0142ym dzia\u0142aniem do 22 000 puffs oraz regulacj\u0105 przep\u0142ywu powietrza, co czyni go najlepszym wyborem dla vapers\u00f3w poszukuj\u0105cych wysokiej technologii.<\/p>\n<p><strong>Jak sprawdzi\u0107, czy m\u00f3j Elf World Smart jednorazowy e-papieros jest pusty?<\/strong><br \/>\nTen <strong>wy\u015bwietlaczowi LED<\/strong> na <strong>Elf World AI 22000 Puff<\/strong> zapewnia informacje w czasie rzeczywistym o \u017cywotno\u015bci baterii i poziomie e-juice, dzi\u0119ki czemu mo\u017cesz \u0142atwo sprawdzi\u0107, kiedy e-papieros si\u0119 ko\u0144czy lub jest na wyczerpaniu.<\/p>\n<p><strong>Jak d\u0142ugo powinien wytrzyma\u0107 e-papieros Elf World AI 22000 Puff?<\/strong><br \/>\nTen <strong>Elf World AI 22000 Puff<\/strong> jest zaprojektowany, aby wytrzyma\u0107 oko\u0142o <strong>22 000 zaci\u0105gni\u0119\u0107<\/strong>, co czyni go d\u0142ugotrwa\u0142\u0105 opcj\u0105 zar\u00f3wno dla lekkich, jak i intensywnych palaczy. Przy umiarkowanym u\u017cytkowaniu, to urz\u0105dzenie mo\u017ce wytrzyma\u0107 tygodnie, w zale\u017cno\u015bci od indywidualnych nawyk\u00f3w u\u017cytkowania.<\/p>\n<div class=\"relative p-1 rounded-sm flex items-center justify-center bg-token-main-surface-primary text-token-text-primary h-8 w-8\">\n<p>&nbsp;<\/p>\n<\/div>\n<\/div>\n<\/div>\n<\/div>\n<h3>O wysy\u0142ce<\/h3>\n<div class=\"flex-shrink-0 flex flex-col relative items-end\">\n<div>\n<div class=\"pt-0\">\n<div class=\"gizmo-bot-avatar flex h-8 w-8 items-center justify-center overflow-hidden rounded-full\">\n<div><\/div>\n<div class=\"relative p-1 rounded-sm flex items-center justify-center bg-token-main-surface-primary text-token-text-primary h-8 w-8\"><strong>1. Jakie metody wysy\u0142ki s\u0105 stosowane?<\/strong><\/div>\n<\/div>\n<\/div>\n<\/div>\n<\/div>\n<div class=\"group\/conversation-turn relative flex w-full min-w-0 flex-col agent-turn\">\n<div class=\"flex-col gap-1 md:gap-3\">\n<div class=\"flex max-w-full flex-col flex-grow\">\n<div class=\"min-h-[20px] text-message flex w-full flex-col items-end gap-2 whitespace-normal break-words [.text-message+&amp;]:mt-5 overflow-x-auto\" dir=\"auto\" data-message-author-role=\"assistant\" data-message-id=\"22f8283b-3233-46ff-89a5-c7a41b33abda\">\n<div class=\"flex w-full flex-col gap-1 empty:hidden first:pt-[3px]\">\n<div class=\"markdown prose w-full break-words dark:prose-invert light\">\n<p>Wsp\u00f3\u0142pracujemy z UPS, DHL, FedEx, DPD i innymi wiod\u0105cymi przewo\u017anikami. Wybierzemy najlepsz\u0105 metod\u0119 wysy\u0142ki w oparciu o Twoj\u0105 lokalizacj\u0119, aby zapewni\u0107, \u017ce otrzymasz swoje produkty tak szybko, jak to mo\u017cliwe.<\/p>\n<\/div>\n<p><strong>2. Ile czasu zajmuje dostawa?<\/strong><\/p>\n<p>Paczki wysy\u0142ane do Polski zazwyczaj docieraj\u0105 w ci\u0105gu 10 dni roboczych. Wysy\u0142ka do innych kraj\u00f3w europejskich trwa zwykle oko\u0142o 12-15 dni roboczych. B\u0119dziemy dostarcza\u0107 aktualizacje w czasie rzeczywistym na temat statusu Twojej przesy\u0142ki.<\/p>\n<\/div>\n<\/div>\n<\/div>\n<\/div>\n<\/div>\n<p>&nbsp;<\/p>\n<p>Znajd\u017a wi\u0119cej produkt\u00f3w Vape, kt\u00f3re mog\u0105 Ci si\u0119 spodoba\u0107:<strong><em><a href=\"https:\/\/rmvapesale.com\/pl\/shop-2\/\">kup teraz &gt;&gt;&gt;<\/a><\/em><\/strong><\/p>","protected":false},"excerpt":{"rendered":"<p>Elf World AI 22000 Puffs Wy\u015bwietlacz Ekranowy Jednorazowy Vape<br \/>\nVape 22000 Puffs Wielokrotnego \u0142adowania Jednorazowa E-papieros<br \/>\nELFWORLD AI 22000 Puffs Hurtowa Jednorazowa Vape<\/p>\n<p><img loading=\"lazy\" decoding=\"async\" class=\"size-full wp-image-2375\" src=\"https:\/\/rmvapesale.com\/wp-content\/uploads\/2024\/10\/image.png\" alt=\"Najlepszy Jednorazowy E-papieros\" width=\"229\" height=\"300\" \/><\/p>\n<h3><a href=\"https:\/\/wa.me\/8617776015835\"><span style=\"color: #ff0000\"><strong>WhatsApp: +86 17776015835<\/strong><\/span><\/a><\/h3>\n<p>&nbsp;<\/p>","protected":false},"featured_media":2617,"comment_status":"open","ping_status":"closed","template":"","meta":{"_uag_custom_page_level_css":"","_lmt_disableupdate":"no","_lmt_disable":"","site-sidebar-layout":"default","site-content-layout":"content-boxed-container","ast-site-content-layout":"normal-width-container","site-content-style":"boxed","site-sidebar-style":"unboxed","ast-global-header-display":"","ast-banner-title-visibility":"","ast-main-header-display":"","ast-hfb-above-header-display":"","ast-hfb-below-header-display":"","ast-hfb-mobile-header-display":"","site-post-title":"","ast-breadcrumbs-content":"","ast-featured-img":"","footer-sml-layout":"","ast-disable-related-posts":"","theme-transparent-header-meta":"default","adv-header-id-meta":"","stick-header-meta":"","header-above-stick-meta":"","header-main-stick-meta":"","header-below-stick-meta":"","astra-migrate-meta-layouts":"set","ast-page-background-enabled":"default","ast-page-background-meta":{"desktop":{"background-color":"var(--ast-global-color-4)","background-image":"","background-repeat":"repeat","background-position":"center center","background-size":"auto","background-attachment":"scroll","background-type":"","background-media":"","overlay-type":"","overlay-color":"","overlay-opacity":"","overlay-gradient":""},"tablet":{"background-color":"","background-image":"","background-repeat":"repeat","background-position":"center center","background-size":"auto","background-attachment":"scroll","background-type":"","background-media":"","overlay-type":"","overlay-color":"","overlay-opacity":"","overlay-gradient":""},"mobile":{"background-color":"","background-image":"","background-repeat":"repeat","background-position":"center center","background-size":"auto","background-attachment":"scroll","background-type":"","background-media":"","overlay-type":"","overlay-color":"","overlay-opacity":"","overlay-gradient":""}},"ast-content-background-meta":{"desktop":{"background-color":"var(--ast-global-color-5)","background-image":"","background-repeat":"repeat","background-position":"center center","background-size":"auto","background-attachment":"scroll","background-type":"","background-media":"","overlay-type":"","overlay-color":"","overlay-opacity":"","overlay-gradient":""},"tablet":{"background-color":"var(--ast-global-color-5)","background-image":"","background-repeat":"repeat","background-position":"center center","background-size":"auto","background-attachment":"scroll","background-type":"","background-media":"","overlay-type":"","overlay-color":"","overlay-opacity":"","overlay-gradient":""},"mobile":{"background-color":"var(--ast-global-color-5)","background-image":"","background-repeat":"repeat","background-position":"center center","background-size":"auto","background-attachment":"scroll","background-type":"","background-media":"","overlay-type":"","overlay-color":"","overlay-opacity":"","overlay-gradient":""}},"_joinchat":[]},"product_brand":[],"product_cat":[15,27,25,195,123,30,26,28,137,136,135],"product_tag":[146,188,167,198,165,85,191,120],"class_list":{"0":"post-2609","1":"product","2":"type-product","3":"status-publish","4":"has-post-thumbnail","6":"product_cat-new-vape-this-week","7":"product_cat-fance-hot-sale-vape","8":"product_cat-germany-best-selling-vape","9":"product_cat-germany-warehouse","10":"product_cat-italy-wholesale-vape","11":"product_cat-minimum-order-quantity-50pcs","12":"product_cat-netherlands-hot-sale-vape","13":"product_cat-poland-hot-sale-vape","14":"product_cat-rechargeable-vapes","15":"product_cat-smart-screen-vapes","16":"product_cat-spain-best-hot-sale-vape","17":"product_tag-best-hot-sale-vape","18":"product_tag-buy-vapes-online","19":"product_tag-disposable-vape-with-screen","20":"product_tag-elfworld-vape","21":"product_tag-rechargeable-vapes","22":"product_tag-smart-disposable-vape","23":"product_tag-vape-box","24":"product_tag-vape-wholesale","25":"desktop-align-left","26":"tablet-align-left","27":"mobile-align-left","29":"first","30":"instock","31":"sale","32":"shipping-taxable","33":"purchasable","34":"product-type-simple"},"uagb_featured_image_src":{"full":["https:\/\/rmvapesale.com\/wp-content\/uploads\/2024\/10\/ELFWORLD-AI-22000-Puffs-Disposable-Vape.png",800,800,false],"thumbnail":["https:\/\/rmvapesale.com\/wp-content\/uploads\/2024\/10\/ELFWORLD-AI-22000-Puffs-Disposable-Vape-150x150.png",150,150,true],"medium":["https:\/\/rmvapesale.com\/wp-content\/uploads\/2024\/10\/ELFWORLD-AI-22000-Puffs-Disposable-Vape-300x300.png",300,300,true],"medium_large":["https:\/\/rmvapesale.com\/wp-content\/uploads\/2024\/10\/ELFWORLD-AI-22000-Puffs-Disposable-Vape-768x768.png",768,768,true],"large":["https:\/\/rmvapesale.com\/wp-content\/uploads\/2024\/10\/ELFWORLD-AI-22000-Puffs-Disposable-Vape.png",800,800,false],"1536x1536":["https:\/\/rmvapesale.com\/wp-content\/uploads\/2024\/10\/ELFWORLD-AI-22000-Puffs-Disposable-Vape.png",800,800,false],"2048x2048":["https:\/\/rmvapesale.com\/wp-content\/uploads\/2024\/10\/ELFWORLD-AI-22000-Puffs-Disposable-Vape.png",800,800,false],"trp-custom-language-flag":["https:\/\/rmvapesale.com\/wp-content\/uploads\/2024\/10\/ELFWORLD-AI-22000-Puffs-Disposable-Vape.png",12,12,false],"woocommerce_thumbnail":["https:\/\/rmvapesale.com\/wp-content\/uploads\/2024\/10\/ELFWORLD-AI-22000-Puffs-Disposable-Vape-300x300.png",300,300,true],"woocommerce_single":["https:\/\/rmvapesale.com\/wp-content\/uploads\/2024\/10\/ELFWORLD-AI-22000-Puffs-Disposable-Vape-600x600.png",600,600,true],"woocommerce_gallery_thumbnail":["https:\/\/rmvapesale.com\/wp-content\/uploads\/2024\/10\/ELFWORLD-AI-22000-Puffs-Disposable-Vape-100x100.png",100,100,true],"wcpr-photo-reviews":["https:\/\/rmvapesale.com\/wp-content\/uploads\/2024\/10\/ELFWORLD-AI-22000-Puffs-Disposable-Vape.png",500,500,false]},"uagb_author_info":{"display_name":"AMY","author_link":"https:\/\/rmvapesale.com\/pl\/author\/"},"uagb_comment_info":0,"uagb_excerpt":"Elf World AI 22000 Puffs Screen Display Disposable Vape Vape 22000 Puff Rechargeable Disposable E-Cigarette ELFWORLD AI 22000 Puffs Disposable Vape Wholesale WhatsApp: +86 17776015835 &nbsp;","_links":{"self":[{"href":"https:\/\/rmvapesale.com\/pl\/wp-json\/wp\/v2\/product\/2609","targetHints":{"allow":["GET"]}}],"collection":[{"href":"https:\/\/rmvapesale.com\/pl\/wp-json\/wp\/v2\/product"}],"about":[{"href":"https:\/\/rmvapesale.com\/pl\/wp-json\/wp\/v2\/types\/product"}],"replies":[{"embeddable":true,"href":"https:\/\/rmvapesale.com\/pl\/wp-json\/wp\/v2\/comments?post=2609"}],"wp:featuredmedia":[{"embeddable":true,"href":"https:\/\/rmvapesale.com\/pl\/wp-json\/wp\/v2\/media\/2617"}],"wp:attachment":[{"href":"https:\/\/rmvapesale.com\/pl\/wp-json\/wp\/v2\/media?parent=2609"}],"wp:term":[{"taxonomy":"product_brand","embeddable":true,"href":"https:\/\/rmvapesale.com\/pl\/wp-json\/wp\/v2\/product_brand?post=2609"},{"taxonomy":"product_cat","embeddable":true,"href":"https:\/\/rmvapesale.com\/pl\/wp-json\/wp\/v2\/product_cat?post=2609"},{"taxonomy":"product_tag","embeddable":true,"href":"https:\/\/rmvapesale.com\/pl\/wp-json\/wp\/v2\/product_tag?post=2609"}],"curies":[{"name":"wp","href":"https:\/\/api.w.org\/{rel}","templated":true}]}}