{"id":2644,"date":"2024-11-01T03:33:21","date_gmt":"2024-11-01T03:33:21","guid":{"rendered":"https:\/\/rmvapesale.com\/?post_type=product&#038;p=2644"},"modified":"2024-11-01T07:28:51","modified_gmt":"2024-11-01T07:28:51","slug":"puff-vape-cold-mountain-alps-30000-shisha-hookah-bar-wholesale","status":"publish","type":"product","link":"https:\/\/rmvapesale.com\/pl\/product\/puff-vape-cold-mountain-alps-30000-shisha-hookah-bar-wholesale\/","title":{"rendered":"Puff Vape Cold Mountain ALPS 30000 Shisha Fajka Wodna Bar Hurt"},"content":{"rendered":"<div class=\"B2VR9 CJHX3e\">\n<div class=\"wyccme\">\n<h1 class=\"LC20lb MBeuO DKV0Md\">Puff Vape Cold Mountain ALPS 30000 Shisha Hookah Bar Cena Hurtowa<\/h1>\n<div class=\"flex-shrink-0 flex flex-col relative items-end\">\n<div class=\"pt-0\">\n<div class=\"gizmo-bot-avatar flex h-8 w-8 items-center justify-center overflow-hidden rounded-full\">\n<div class=\"relative p-1 rounded-sm flex items-center justify-center bg-token-main-surface-primary text-token-text-primary h-8 w-8\">\n<p>Ten <strong>Puff Vape Cold Mountain ALPS Shisha Hookah Bar\u00a0<\/strong>to urz\u0105dzenie premium, kt\u00f3re zapewnia niezwyk\u0142e wra\u017cenia z vapingu, idealne dla tych, kt\u00f3rzy ceni\u0105 sobie trwa\u0142o\u015b\u0107 i wydajno\u015b\u0107. Z niesamowitym <strong>30 000 zaci\u0105gni\u0119\u0107<\/strong>, ten <strong>jednorazowy vape<\/strong> jest zbudowany tak, aby trwa\u0107 i zapewnia\u0107 sta\u0142\u0105 satysfakcj\u0119.<\/p>\n<p>Ten <strong>Cold Mountain ALPS<\/strong> to najnowsza innowacja w dziedzinie jednorazowych e-papieros\u00f3w, oferuj\u0105ca bardziej wydajne i ekonomiczne rozwi\u0105zanie w por\u00f3wnaniu z innymi urz\u0105dzeniami, oszcz\u0119dzaj\u0105c Ci <strong>10-20%<\/strong> w og\u00f3lnym u\u017cytkowaniu. Dodatkowo, zintegrowany <strong>ekran LED<\/strong> eliminuje zgadywanie podczas vapingu, wyra\u017anie wy\u015bwietlaj\u0105c stan baterii i e-liquidu w czasie rzeczywistym. Wyposa\u017cony w <strong>cewk\u0119 siatkow\u0105 0,5 oma<\/strong>, Cold Mountain ALPS <strong>shisha do fajki wodnej <\/strong>wzmacnia smak z ka\u017cdym zaci\u0105gni\u0119ciem, zapewniaj\u0105c g\u0142adk\u0105 i bogat\u0105 par\u0119. Jego imponuj\u0105ca <strong>pojemno\u015b\u0107 35 ml e-liquidu<\/strong> zmniejsza potrzeb\u0119 cz\u0119stej wymiany, idealny do d\u0142ugotrwa\u0142ego u\u017cytkowania. Wybierz spo\u015br\u00f3d niskich st\u0119\u017ce\u0144 nikotyny<strong> 2%<\/strong>, dostosowanych do Twoich osobistych preferencji.<\/p>\n<p>To <strong>waporyzator typu hookah<\/strong> urz\u0105dzenie charakteryzuje si\u0119 niezawodnym <strong>Akumulator 850 mAh<\/strong>, zapewniaj\u0105c pot\u0119\u017cn\u0105 wydajno\u015b\u0107 przez ca\u0142y okres u\u017cytkowania. Technologia <strong>Typu-C<\/strong> zapewnia szybkie i wydajne \u0142adowanie, minimalizuj\u0105c przestoje i utrzymuj\u0105c waporyzator w gotowo\u015bci do u\u017cycia. Dla dodatkowej wygody waporyzator jest wyposa\u017cony w zaawansowany <strong>cyfrowy wy\u015bwietlacz LCD<\/strong> kt\u00f3ry pokazuje pozosta\u0142y poziom na\u0142adowania baterii i poziom e-liquidu, co u\u0142atwia bycie na bie\u017c\u0105co.<\/p>\n<p>Odkryj luksusowe i w pe\u0142ni regulowane <strong>bar shisha<\/strong> do\u015bwiadczenie z <strong>jednorazowym waporyzatorem Cold Mountain ALPS<\/strong>. Podnie\u015b poziom swojej gry w wapowanie dzi\u0119ki <strong>hurtownia e-papieros\u00f3w<\/strong>, dost\u0119pnemu do zakupu hurtowego w konkurencyjnej cenie. Znajd\u017a to i wi\u0119cej u swojego zaufanego <strong>e-papieros\u00f3w z zaci\u0105gni\u0119ciami<\/strong> dostawcy, gdzie jako\u015b\u0107 i wydajno\u015b\u0107 spotykaj\u0105 si\u0119 z przyst\u0119pn\u0105 cen\u0105.<\/p>\n<\/div>\n<\/div>\n<\/div>\n<\/div>\n<\/div>\n<\/div>\n<p><strong>Skontaktuj si\u0119 z Amy, aby uzyska\u0107 w\u0142a\u015bciw\u0105 odpowied\u017a i kupon na e-papierosa!<\/strong><\/p>\n<p><img loading=\"lazy\" decoding=\"async\" class=\"size-full wp-image-1978\" src=\"https:\/\/rmvapesale.com\/wp-content\/uploads\/2024\/09\/Disposable-Vape-Wholesale.jpg\" alt=\"Hurtownia Jednorazowych E-papieros\u00f3w\" width=\"229\" height=\"300\" \/><\/p>\n<h3><a href=\"https:\/\/wa.me\/8617776015835\" target=\"_blank\" rel=\"noopener\"><span style=\"color: #ff0000\"><strong>WhatsApp: +86 17776015835<\/strong><\/span><\/a><\/h3>\n<p>&nbsp;<\/p>\n<h2><\/h2>\n<h2><strong>Puff Vape Cold Mountain ALPS 30000 <\/strong><strong>G\u0142\u00f3wne cechy<\/strong><\/h2>\n<p>Typ: Waporyzator \u0142adowalny<br \/>\nE-liquid: 35 ml<br \/>\nGrza\u0142ka Mesh: Du\u017cy dym<br \/>\nPuffs: 30000 puffs<br \/>\nRezystancja: 0.5\u03a9<br \/>\nNikotyna solna: 2%<br \/>\nDolne \u0142adowanie Type-C<br \/>\nEkran wy\u015bwietlacza<\/p>\n<figure id=\"attachment_2643\" aria-describedby=\"caption-attachment-2643\" style=\"width: 800px\" class=\"wp-caption alignnone\"><img loading=\"lazy\" decoding=\"async\" class=\"wp-image-2643 size-full\" src=\"https:\/\/rmvapesale.com\/wp-content\/uploads\/2024\/11\/Wholesale-COLD-MOUNTAIN-ALPS-30000-Disposable-Vape.jpg\" alt=\"Hurtowa sprzeda\u017c jednorazowych vape COLD MOUNTAIN ALPS 30000\" width=\"800\" height=\"800\" srcset=\"https:\/\/rmvapesale.com\/wp-content\/uploads\/2024\/11\/Wholesale-COLD-MOUNTAIN-ALPS-30000-Disposable-Vape.jpg 800w, https:\/\/rmvapesale.com\/wp-content\/uploads\/2024\/11\/Wholesale-COLD-MOUNTAIN-ALPS-30000-Disposable-Vape-300x300.jpg 300w, https:\/\/rmvapesale.com\/wp-content\/uploads\/2024\/11\/Wholesale-COLD-MOUNTAIN-ALPS-30000-Disposable-Vape-150x150.jpg 150w, https:\/\/rmvapesale.com\/wp-content\/uploads\/2024\/11\/Wholesale-COLD-MOUNTAIN-ALPS-30000-Disposable-Vape-768x768.jpg 768w, https:\/\/rmvapesale.com\/wp-content\/uploads\/2024\/11\/Wholesale-COLD-MOUNTAIN-ALPS-30000-Disposable-Vape-600x600.jpg 600w, https:\/\/rmvapesale.com\/wp-content\/uploads\/2024\/11\/Wholesale-COLD-MOUNTAIN-ALPS-30000-Disposable-Vape-100x100.jpg 100w\" sizes=\"auto, (max-width: 800px) 100vw, 800px\" \/><figcaption id=\"caption-attachment-2643\" class=\"wp-caption-text\">Hurtowa sprzeda\u017c jednorazowych vape COLD MOUNTAIN ALPS 30000<\/figcaption><\/figure>\n<h2><strong>Najlepszy smak dla <\/strong><strong>Puff Vape Cold Mountain ALPS 30000 Puffs<\/strong><\/h2>\n<p>1. Smoczy Melon<br \/>\n2. Truskawkowy Arbuz\u00a0 <span style=\"color: #ff0000\"><strong>&gt;&gt;&gt;&gt; Gor\u0105ce!<\/strong><\/span><br \/>\n3. R\u00f3\u017cowa lemoniada<br \/>\n4. Czarny l\u00f3d, smoczy owoc, truskawka<br \/>\n5. Marakuja Kiwi<br \/>\n6. Arbuz<br \/>\n7. Truskawka Banan<br \/>\n8. Aloes Winogrono<br \/>\n9. Jagoda Wi\u015bnia Cola <span style=\"color: #ff0000\"><strong>&gt;&gt;&gt;&gt; Najlepsze!<\/strong><\/span><br \/>\n10. Mango<\/p>\n<p>&nbsp;<\/p>\n<h3><strong>Dlaczego warto wybra\u0107 Rmvapesale dla <\/strong><strong>ALPY\u00a0<\/strong><strong>Akumulatorowy Vape na 30000 zaci\u0105gni\u0119\u0107<\/strong><strong>?<\/strong><\/h3>\n<div class=\"flex-shrink-0 flex flex-col relative items-end\">\n<div class=\"pt-0\">\n<div class=\"gizmo-bot-avatar flex h-8 w-8 items-center justify-center overflow-hidden rounded-full\">\n<div class=\"relative p-1 rounded-sm flex items-center justify-center bg-token-main-surface-primary text-token-text-primary h-8 w-8\">\n<p>Wybieraj\u0105c Rmvapesale do hurtowych zakup\u00f3w jednorazowych e-papieros\u00f3w, zyskujesz:<\/p>\n<ul>\n<li><strong>Konkurencyjna cena<\/strong>: Uzyskaj dost\u0119p do atrakcyjnych cen hurtowych, kt\u00f3re zwi\u0119ksz\u0105 mar\u017ce Twojej firmy.<\/li>\n<li><strong>Wysoka jako\u015b\u0107<\/strong>: Nasze e-papierosy s\u0105 wykonane zgodnie z najwy\u017cszymi standardami i <span style=\"color: #ff0000\"><strong>maj\u0105 100% gwarancji oryginalno\u015bci i autentyczno\u015bci, w przeciwnym razie otrzymasz 10-krotne odszkodowanie za podrobione towary!<\/strong><\/span><\/li>\n<li><strong>Doskona\u0142a Obs\u0142uga Klienta<\/strong>: Nasz oddany zesp\u00f3\u0142 jest zawsze gotowy, aby Ci pom\u00f3c, dzi\u0119ki czemu proces zakup\u00f3w jest p\u0142ynny i bezproblemowy.<\/li>\n<li><strong>Szybka dostawa<\/strong>: Oczekuj szybkiej i niezawodnej wysy\u0142ki, kt\u00f3ra zapewni, \u017ce Twoje zam\u00f3wienia dotr\u0105 na czas, za ka\u017cdym razem.<\/li>\n<\/ul>\n<\/div>\n<h3><\/h3>\n<div class=\"relative p-1 rounded-sm flex items-center justify-center bg-token-main-surface-primary text-token-text-primary h-8 w-8\">\n<h3><b>Cold Mountain ALPS 30000 Shisha - Najcz\u0119\u015bciej zadawane pytania\u00a0<\/b><\/h3>\n<\/div>\n<ol>\n<li><strong>Sk\u0105d mam wiedzie\u0107, kiedy m\u00f3j jednorazowy vape jest pusty?<\/strong>\n<ul>\n<li>Ten <strong>Cold Mountain ALPS 30000<\/strong> jest wyposa\u017cony w <strong>cyfrowy wy\u015bwietlacz LCD<\/strong> ekran, kt\u00f3ry pokazuje pozosta\u0142y poziom e-liquidu. Gdy ekran wskazuje niski poziom e-liquidu lub do\u015bwiadczasz znacznego spadku produkcji pary i intensywno\u015bci smaku, nadszed\u0142 czas, aby wymieni\u0107 sw\u00f3j jednorazowy vape.<\/li>\n<\/ul>\n<\/li>\n<li><strong>Ile czasu zajmuje na\u0142adowanie Puff Vape Cold Mountain ALPS 30000?<\/strong>\n<ul>\n<li>Ten <strong>Cold Mountain ALPS 30000<\/strong> cechy <strong>Technologia \u0142adowania Type-C<\/strong>, kt\u00f3ra zapewnia szybkie i wydajne \u0142adowanie. \u015arednio zajmuje to oko\u0142o <strong>1-2 godzin<\/strong> aby w pe\u0142ni na\u0142adowa\u0107 urz\u0105dzenie, w zale\u017cno\u015bci od \u017ar\u00f3d\u0142a zasilania.<\/li>\n<\/ul>\n<\/li>\n<li><strong>Ile nikotyny znajduje si\u0119 w Cold Mountain ALPS 30000 Shisha?<\/strong>\n<ul>\n<li>Ten <strong>Cold Mountain ALPS 30000 Shisha<\/strong> oferuje r\u00f3\u017cne opcje zawarto\u015bci nikotyny <strong>2%.<\/strong><\/li>\n<\/ul>\n<\/li>\n<li><strong>Gdzie kupi\u0107 Puff Vape w cenie hurtowej?<\/strong>\n<ul>\n<li>Mo\u017cesz zakupi\u0107 <strong>Puff Vape Cold Mountain ALPS 30000<\/strong> oraz inne <strong>hurtownia e-papieros\u00f3w<\/strong> od zaufanych dostawc\u00f3w, takich jak <strong>rmvapesale<\/strong> lub wyspecjalizowanych <strong>sklep\u00f3w z vape<\/strong> kt\u00f3rzy oferuj\u0105 opcje zakupu hurtowego. Sprawd\u017a ich platformy internetowe pod k\u0105tem konkurencyjnych cen hurtowych.<\/li>\n<\/ul>\n<\/li>\n<li><strong>Czy mog\u0119 zabra\u0107 jednorazowego e-papierosa do samolotu?<\/strong>\n<ul>\n<li>Tak, mo\u017cesz zabra\u0107 <strong>jednorazowy vape<\/strong> do samolotu, ale musi by\u0107 umieszczony w Twoim <strong>baga\u017cu podr\u0119cznym<\/strong>, a nie w baga\u017cu rejestrowanym, ze wzgl\u0119du na przepisy bezpiecze\u0144stwa linii lotniczych dotycz\u0105ce baterii litowych. Upewnij si\u0119, \u017ce urz\u0105dzenie jest wy\u0142\u0105czone i post\u0119puj zgodnie z wszelkimi szczeg\u00f3\u0142owymi wytycznymi ustalonymi przez lini\u0119 lotnicz\u0105. Zawsze skontaktuj si\u0119 z lini\u0105 lotnicz\u0105 przed podr\u00f3\u017c\u0105.<\/li>\n<\/ul>\n<\/li>\n<\/ol>\n<\/div>\n<\/div>\n<\/div>\n<h3>O wysy\u0142ce<\/h3>\n<div class=\"flex-shrink-0 flex flex-col relative items-end\">\n<div>\n<div class=\"pt-0\">\n<div class=\"gizmo-bot-avatar flex h-8 w-8 items-center justify-center overflow-hidden rounded-full\">\n<div><\/div>\n<div class=\"relative p-1 rounded-sm flex items-center justify-center bg-token-main-surface-primary text-token-text-primary h-8 w-8\"><strong>1. Jakie metody wysy\u0142ki s\u0105 stosowane?<\/strong><\/div>\n<\/div>\n<\/div>\n<\/div>\n<\/div>\n<div class=\"group\/conversation-turn relative flex w-full min-w-0 flex-col agent-turn\">\n<div class=\"flex-col gap-1 md:gap-3\">\n<div class=\"flex max-w-full flex-col flex-grow\">\n<div class=\"min-h-[20px] text-message flex w-full flex-col items-end gap-2 whitespace-normal break-words [.text-message+&amp;]:mt-5 overflow-x-auto\" dir=\"auto\" data-message-author-role=\"assistant\" data-message-id=\"22f8283b-3233-46ff-89a5-c7a41b33abda\">\n<div class=\"flex w-full flex-col gap-1 empty:hidden first:pt-[3px]\">\n<div class=\"markdown prose w-full break-words dark:prose-invert light\">\n<p>Wsp\u00f3\u0142pracujemy z UPS, DHL, FedEx, DPD i innymi wiod\u0105cymi przewo\u017anikami. Wybierzemy najlepsz\u0105 metod\u0119 wysy\u0142ki w oparciu o Twoj\u0105 lokalizacj\u0119, aby zapewni\u0107, \u017ce otrzymasz swoje produkty tak szybko, jak to mo\u017cliwe.<\/p>\n<\/div>\n<p><strong>2. Ile czasu zajmuje dostawa?<\/strong><\/p>\n<p>Paczki wysy\u0142ane do Polski zazwyczaj docieraj\u0105 w ci\u0105gu 10 dni roboczych. Wysy\u0142ka do innych kraj\u00f3w europejskich trwa zwykle oko\u0142o 12-15 dni roboczych. B\u0119dziemy dostarcza\u0107 aktualizacje w czasie rzeczywistym na temat statusu Twojej przesy\u0142ki.<\/p>\n<\/div>\n<\/div>\n<\/div>\n<\/div>\n<\/div>\n<p>&nbsp;<\/p>\n<p>Inne popularne e-papierosy, kt\u00f3re mog\u0105 Ci si\u0119 spodoba\u0107:<\/p>\n<p><a href=\"https:\/\/rmvapesale.com\/pl\/product\/full-screen-disposable-vape-hzko-supernova-30000-puffs-wholesale\/\"><strong>HZKO Supernova 25000 Puff\u00a0 \u00a0<span style=\"color: #ff0000\">&gt;&gt;&gt;&gt; id\u017a!<\/span><\/strong><\/a><\/p>\n<p><strong><a href=\"https:\/\/rmvapesale.com\/pl\/product\/poco-sl15000-disposable-vape-5-nicotine-smart-vape\/\">POCO SL15000 Jednorazowy Vape <span style=\"color: #ff0000\">&gt;&gt;&gt;&gt; id\u017a!<\/span><\/a>\u00a0<\/strong><\/p>\n<p><a href=\"https:\/\/rmvapesale.com\/pl\/product\/original-randm-vape-digital-puff-12000-fumot-factory-price\/\"><strong>Fumot Vape 12000 zaci\u0105gni\u0119\u0107 <span style=\"color: #ff0000\">&gt;&gt;&gt;&gt; id\u017a!<\/span><\/strong><\/a><\/p>\n<p>&nbsp;<\/p>\n<p>&nbsp;<\/p>\n<p>Znajd\u017a wi\u0119cej produkt\u00f3w Vape, kt\u00f3re mog\u0105 Ci si\u0119 spodoba\u0107:<strong><em><a href=\"https:\/\/rmvapesale.com\/pl\/shop-2\/\">kup teraz &gt;&gt;&gt;<\/a><\/em><\/strong><\/p>","protected":false},"excerpt":{"rendered":"<p>Jednorazowy Vape Cold Mountain Alps z 30K Zaci\u0105gni\u0119\u0107<br \/>\nPod Cold Mountain Alps 30000 Zaci\u0105gni\u0119\u0107 Magazyn UE<br \/>\nHurtownia COLD MOUNTAIN ALPS 30000 Zaci\u0105gni\u0119\u0107 Jednorazowy<br \/>\n<span style=\"color: #ff0000\">(Wysy\u0142ka z magazynu UE trwa oko\u0142o 3-7 dni, aby dotrze\u0107 do wi\u0119kszo\u015bci kraj\u00f3w Europy, takich jak Holandia, Francja, W\u0142ochy, Hiszpania, Szwajcaria, Szwecja, Polska itp.)<\/span><\/p>\n<p><img loading=\"lazy\" decoding=\"async\" class=\"size-full wp-image-2375\" src=\"https:\/\/rmvapesale.com\/wp-content\/uploads\/2024\/10\/image.png\" alt=\"Najlepszy Jednorazowy E-papieros\" width=\"229\" height=\"300\" \/><\/p>\n<h3><a href=\"https:\/\/wa.me\/8617776015835\"><span style=\"color: #ff0000\"><strong>WhatsApp: +86 17776015835<\/strong><\/span><\/a><\/h3>\n<p>&nbsp;<\/p>","protected":false},"featured_media":2641,"comment_status":"open","ping_status":"closed","template":"","meta":{"_uag_custom_page_level_css":"","_lmt_disableupdate":"no","_lmt_disable":"","site-sidebar-layout":"default","site-content-layout":"content-boxed-container","ast-site-content-layout":"normal-width-container","site-content-style":"boxed","site-sidebar-style":"unboxed","ast-global-header-display":"","ast-banner-title-visibility":"","ast-main-header-display":"","ast-hfb-above-header-display":"","ast-hfb-below-header-display":"","ast-hfb-mobile-header-display":"","site-post-title":"","ast-breadcrumbs-content":"","ast-featured-img":"","footer-sml-layout":"","ast-disable-related-posts":"","theme-transparent-header-meta":"default","adv-header-id-meta":"","stick-header-meta":"","header-above-stick-meta":"","header-main-stick-meta":"","header-below-stick-meta":"","astra-migrate-meta-layouts":"set","ast-page-background-enabled":"default","ast-page-background-meta":{"desktop":{"background-color":"var(--ast-global-color-4)","background-image":"","background-repeat":"repeat","background-position":"center center","background-size":"auto","background-attachment":"scroll","background-type":"","background-media":"","overlay-type":"","overlay-color":"","overlay-opacity":"","overlay-gradient":""},"tablet":{"background-color":"","background-image":"","background-repeat":"repeat","background-position":"center center","background-size":"auto","background-attachment":"scroll","background-type":"","background-media":"","overlay-type":"","overlay-color":"","overlay-opacity":"","overlay-gradient":""},"mobile":{"background-color":"","background-image":"","background-repeat":"repeat","background-position":"center center","background-size":"auto","background-attachment":"scroll","background-type":"","background-media":"","overlay-type":"","overlay-color":"","overlay-opacity":"","overlay-gradient":""}},"ast-content-background-meta":{"desktop":{"background-color":"var(--ast-global-color-5)","background-image":"","background-repeat":"repeat","background-position":"center center","background-size":"auto","background-attachment":"scroll","background-type":"","background-media":"","overlay-type":"","overlay-color":"","overlay-opacity":"","overlay-gradient":""},"tablet":{"background-color":"var(--ast-global-color-5)","background-image":"","background-repeat":"repeat","background-position":"center center","background-size":"auto","background-attachment":"scroll","background-type":"","background-media":"","overlay-type":"","overlay-color":"","overlay-opacity":"","overlay-gradient":""},"mobile":{"background-color":"var(--ast-global-color-5)","background-image":"","background-repeat":"repeat","background-position":"center center","background-size":"auto","background-attachment":"scroll","background-type":"","background-media":"","overlay-type":"","overlay-color":"","overlay-opacity":"","overlay-gradient":""}},"_joinchat":[]},"product_brand":[],"product_cat":[15,27,25,195,123,30,26,28,137,136,135],"product_tag":[146,188,167,197,165,180,154,191,196,120],"class_list":{"0":"post-2644","1":"product","2":"type-product","3":"status-publish","4":"has-post-thumbnail","6":"product_cat-new-vape-this-week","7":"product_cat-fance-hot-sale-vape","8":"product_cat-germany-best-selling-vape","9":"product_cat-germany-warehouse","10":"product_cat-italy-wholesale-vape","11":"product_cat-minimum-order-quantity-50pcs","12":"product_cat-netherlands-hot-sale-vape","13":"product_cat-poland-hot-sale-vape","14":"product_cat-rechargeable-vapes","15":"product_cat-smart-screen-vapes","16":"product_cat-spain-best-hot-sale-vape","17":"product_tag-best-hot-sale-vape","18":"product_tag-buy-vapes-online","19":"product_tag-disposable-vape-with-screen","20":"product_tag-germany-hot-sale-vape","21":"product_tag-rechargeable-vapes","22":"product_tag-shisha-bar","23":"product_tag-smart-vape","24":"product_tag-vape-box","25":"product_tag-vape-shop","26":"product_tag-vape-wholesale","27":"desktop-align-left","28":"tablet-align-left","29":"mobile-align-left","31":"first","32":"instock","33":"sale","34":"shipping-taxable","35":"purchasable","36":"product-type-simple"},"uagb_featured_image_src":{"full":["https:\/\/rmvapesale.com\/wp-content\/uploads\/2024\/11\/Cold-Mountain-ALPS-Shisha-Hookah.jpg",800,800,false],"thumbnail":["https:\/\/rmvapesale.com\/wp-content\/uploads\/2024\/11\/Cold-Mountain-ALPS-Shisha-Hookah-150x150.jpg",150,150,true],"medium":["https:\/\/rmvapesale.com\/wp-content\/uploads\/2024\/11\/Cold-Mountain-ALPS-Shisha-Hookah-300x300.jpg",300,300,true],"medium_large":["https:\/\/rmvapesale.com\/wp-content\/uploads\/2024\/11\/Cold-Mountain-ALPS-Shisha-Hookah-768x768.jpg",768,768,true],"large":["https:\/\/rmvapesale.com\/wp-content\/uploads\/2024\/11\/Cold-Mountain-ALPS-Shisha-Hookah.jpg",800,800,false],"1536x1536":["https:\/\/rmvapesale.com\/wp-content\/uploads\/2024\/11\/Cold-Mountain-ALPS-Shisha-Hookah.jpg",800,800,false],"2048x2048":["https:\/\/rmvapesale.com\/wp-content\/uploads\/2024\/11\/Cold-Mountain-ALPS-Shisha-Hookah.jpg",800,800,false],"trp-custom-language-flag":["https:\/\/rmvapesale.com\/wp-content\/uploads\/2024\/11\/Cold-Mountain-ALPS-Shisha-Hookah.jpg",12,12,false],"woocommerce_thumbnail":["https:\/\/rmvapesale.com\/wp-content\/uploads\/2024\/11\/Cold-Mountain-ALPS-Shisha-Hookah-300x300.jpg",300,300,true],"woocommerce_single":["https:\/\/rmvapesale.com\/wp-content\/uploads\/2024\/11\/Cold-Mountain-ALPS-Shisha-Hookah-600x600.jpg",600,600,true],"woocommerce_gallery_thumbnail":["https:\/\/rmvapesale.com\/wp-content\/uploads\/2024\/11\/Cold-Mountain-ALPS-Shisha-Hookah-100x100.jpg",100,100,true],"wcpr-photo-reviews":["https:\/\/rmvapesale.com\/wp-content\/uploads\/2024\/11\/Cold-Mountain-ALPS-Shisha-Hookah.jpg",500,500,false]},"uagb_author_info":{"display_name":"AMY","author_link":"https:\/\/rmvapesale.com\/pl\/author\/"},"uagb_comment_info":0,"uagb_excerpt":"Cold Mountain Alps Disposable Vape With 30K Puffs Pod Cold Mountain Alps 30000 Puff EU Warehouse Wholesale COLD MOUNTAIN ALPS 30000 Puffs Disposable (Ship from EU warehouse and takes about 3-7 days\u00a0 to get arrive to most Europe countries like Netherlands, France, Italy, Spain, Switzerland, Sweden, Poland, etc. ) WhatsApp: +86 17776015835 &nbsp;","_links":{"self":[{"href":"https:\/\/rmvapesale.com\/pl\/wp-json\/wp\/v2\/product\/2644","targetHints":{"allow":["GET"]}}],"collection":[{"href":"https:\/\/rmvapesale.com\/pl\/wp-json\/wp\/v2\/product"}],"about":[{"href":"https:\/\/rmvapesale.com\/pl\/wp-json\/wp\/v2\/types\/product"}],"replies":[{"embeddable":true,"href":"https:\/\/rmvapesale.com\/pl\/wp-json\/wp\/v2\/comments?post=2644"}],"wp:featuredmedia":[{"embeddable":true,"href":"https:\/\/rmvapesale.com\/pl\/wp-json\/wp\/v2\/media\/2641"}],"wp:attachment":[{"href":"https:\/\/rmvapesale.com\/pl\/wp-json\/wp\/v2\/media?parent=2644"}],"wp:term":[{"taxonomy":"product_brand","embeddable":true,"href":"https:\/\/rmvapesale.com\/pl\/wp-json\/wp\/v2\/product_brand?post=2644"},{"taxonomy":"product_cat","embeddable":true,"href":"https:\/\/rmvapesale.com\/pl\/wp-json\/wp\/v2\/product_cat?post=2644"},{"taxonomy":"product_tag","embeddable":true,"href":"https:\/\/rmvapesale.com\/pl\/wp-json\/wp\/v2\/product_tag?post=2644"}],"curies":[{"name":"wp","href":"https:\/\/api.w.org\/{rel}","templated":true}]}}