{"id":2652,"date":"2024-11-02T03:22:36","date_gmt":"2024-11-02T03:22:36","guid":{"rendered":"https:\/\/rmvapesale.com\/?post_type=product&#038;p=2652"},"modified":"2024-11-02T03:56:47","modified_gmt":"2024-11-02T03:56:47","slug":"vape-wholesale-lavande-bm-18000-puffs-shisha-hookah-bar","status":"publish","type":"product","link":"https:\/\/rmvapesale.com\/pl\/product\/vape-wholesale-lavande-bm-18000-puffs-shisha-hookah-bar\/","title":{"rendered":"Hurtownia Vape Lavande BM 18000 Puffs Shisha Hookah Bar"},"content":{"rendered":"<div class=\"B2VR9 CJHX3e\">\n<div class=\"wyccme\">\n<h1 class=\"LC20lb MBeuO DKV0Md\">Hurtownia Vape Lavande BM 18000 Puffs Shisha Hookah Bar<\/h1>\n<div class=\"flex-shrink-0 flex flex-col relative items-end\">\n<div class=\"pt-0\">\n<div class=\"gizmo-bot-avatar flex h-8 w-8 items-center justify-center overflow-hidden rounded-full\">\n<div class=\"relative p-1 rounded-sm flex items-center justify-center bg-token-main-surface-primary text-token-text-primary h-8 w-8\">\n<p>Dla tych, kt\u00f3rzy szukaj\u0105\u00a0 <strong>\u0142adowalnej hurtowni vape<\/strong> kt\u00f3ra nie idzie na kompromis w kwestii wydajno\u015bci, Lavande BM18000 <strong>Shisha Hookah Bar<\/strong> to doskona\u0142a opcja. Po\u0142\u0105czenie baterii o du\u017cej pojemno\u015bci i szybkiego \u0142adowania Type-C gwarantuje, \u017ce Twoje urz\u0105dzenie jest zawsze gotowe, gdy Ty jeste\u015b. The <strong>Wy\u015bwietlanie polece\u0144 ustawie\u0144 sterowania<\/strong> oferuj\u0105 zindywidualizowane wra\u017cenia, pozwalaj\u0105c vaperom prze\u0142\u0105cza\u0107 si\u0119 mi\u0119dzy trybami w zale\u017cno\u015bci od ich preferencji, niezale\u017cnie od tego, czy jest to p\u0142ynne, sp\u00f3jne zaci\u0105ganie si\u0119, czy ulepszone, intensywne uderzenie w trybie Boost.<\/p>\n<h3>Mo\u017cliwo\u015bci hurtowe<\/h3>\n<p>Skorzystaj z <strong>hurtowni waporyzator\u00f3w<\/strong> cen i podnie\u015b sw\u00f3j asortyment dzi\u0119ki jednemu z <strong>najlepszych jednorazowych waporyzator\u00f3w 2024<\/strong>. Jako najlepsza opcja w\u015br\u00f3d <strong>marek jednorazowych e-papieros\u00f3w<\/strong>, to urz\u0105dzenie jest m\u0105dr\u0105 inwestycj\u0105 dla sprzedawc\u00f3w detalicznych, kt\u00f3rzy chc\u0105 zaspokoi\u0107 rosn\u0105ce zapotrzebowanie na <strong>popularne vape<\/strong>. Dost\u0119pne s\u0105 zam\u00f3wienia hurtowe na <strong>hurtownia e-papieros\u00f3w<\/strong>, zapewniaj\u0105c przyst\u0119pn\u0105 cen\u0119 i doskona\u0142e mar\u017ce zysku dla Twojej firmy.<\/p>\n<h3>Idealny dla entuzjast\u00f3w waporyzacji<\/h3>\n<p>Niezale\u017cnie od tego, czy jeste\u015b entuzjast\u0105 vapingu, czy sprzedawc\u0105 zaopatruj\u0105cym si\u0119 w produkty <strong>jednorazowa shisha hurtowo<\/strong>Lavande BM 18000 zapewnia wszechstronne i przyjemne do\u015bwiadczenie, k\u0142ad\u0105c nacisk na wygod\u0119, wydajno\u015b\u0107 i \u0142atwe w u\u017cyciu funkcje.<\/p>\n<p>Zam\u00f3w teraz i poznaj przysz\u0142o\u015b\u0107 jednorazowego u\u017cytku, <strong>vapy wielokrotnego \u0142adowania<\/strong> dzi\u0119ki najnowocze\u015bniejszej technologii wy\u015bwietlania i niezr\u00f3wnanej pojemno\u015bci zaci\u0105gni\u0119\u0107.<\/p>\n<\/div>\n<\/div>\n<\/div>\n<\/div>\n<\/div>\n<\/div>\n<p><strong>Skontaktuj si\u0119 z Amy, aby uzyska\u0107 w\u0142a\u015bciw\u0105 odpowied\u017a i kupon na e-papierosa!<\/strong><\/p>\n<p><img loading=\"lazy\" decoding=\"async\" class=\"size-full wp-image-1978\" src=\"https:\/\/rmvapesale.com\/wp-content\/uploads\/2024\/09\/Disposable-Vape-Wholesale.jpg\" alt=\"Hurtownia Jednorazowych E-papieros\u00f3w\" width=\"229\" height=\"300\" \/><\/p>\n<h3><a href=\"https:\/\/wa.me\/8617776015835\" target=\"_blank\" rel=\"noopener\"><span style=\"color: #ff0000\"><strong>WhatsApp: +86 17776015835<\/strong><\/span><\/a><\/h3>\n<p>&nbsp;<\/p>\n<h2><\/h2>\n<h2><strong>Hurt <\/strong><strong>Wape Lavande BM 18000 Puffs <\/strong><strong>G\u0142\u00f3wne cechy<\/strong><\/h2>\n<p>Pojemno\u015b\u0107 wst\u0119pnie nape\u0142niona: 24 ml<br \/>\nPojemno\u015b\u0107 baterii: 650 mAh<br \/>\nMaksymalna liczba zaci\u0105gni\u0119\u0107: 18000<br \/>\nDzia\u0142anie: Aktywowane zaci\u0105gni\u0119ciem<br \/>\nElement grzewczy: 6x grza\u0142ki siatkowe<br \/>\nEkran wy\u015bwietlacza: 3.0\u2033 Full HD Mega Screen<br \/>\nTyp \u0142adowania: USB typu C<br \/>\nTypy tryb\u00f3w: Tryb normalny, Tryb do\u0142adowania<br \/>\nWy\u015bwietlanie polece\u0144 ustawie\u0144 sterowania<\/p>\n<figure id=\"attachment_2645\" aria-describedby=\"caption-attachment-2645\" style=\"width: 800px\" class=\"wp-caption alignnone\"><img loading=\"lazy\" decoding=\"async\" class=\"wp-image-2645 size-full\" src=\"https:\/\/rmvapesale.com\/wp-content\/uploads\/2024\/11\/Lavande-BM18000-Hookah-Shisha-Vape.jpg\" alt=\"Lavande BM18000 Hookah Shisha Vape\" width=\"800\" height=\"800\" srcset=\"https:\/\/rmvapesale.com\/wp-content\/uploads\/2024\/11\/Lavande-BM18000-Hookah-Shisha-Vape.jpg 800w, https:\/\/rmvapesale.com\/wp-content\/uploads\/2024\/11\/Lavande-BM18000-Hookah-Shisha-Vape-300x300.jpg 300w, https:\/\/rmvapesale.com\/wp-content\/uploads\/2024\/11\/Lavande-BM18000-Hookah-Shisha-Vape-150x150.jpg 150w, https:\/\/rmvapesale.com\/wp-content\/uploads\/2024\/11\/Lavande-BM18000-Hookah-Shisha-Vape-768x768.jpg 768w, https:\/\/rmvapesale.com\/wp-content\/uploads\/2024\/11\/Lavande-BM18000-Hookah-Shisha-Vape-600x600.jpg 600w, https:\/\/rmvapesale.com\/wp-content\/uploads\/2024\/11\/Lavande-BM18000-Hookah-Shisha-Vape-100x100.jpg 100w\" sizes=\"auto, (max-width: 800px) 100vw, 800px\" \/><figcaption id=\"caption-attachment-2645\" class=\"wp-caption-text\">Lavande BM18000 Hookah Shisha Vape<\/figcaption><\/figure>\n<h2><strong>Najlepszy smak dla Lavande BM 18000 Puffs Shisha Hookah Vape Sprzeda\u017c hurtowa<\/strong><\/h2>\n<p>1. Arbuz Malina <span style=\"color: #ff0000\"><strong>&gt;&gt;&gt;&gt; Gor\u0105ce!<\/strong><\/span><br \/>\n2. Arbuz L\u00f3d<br \/>\n3. T\u0119cza Skittz<br \/>\n4. Ananas L\u00f3d<br \/>\n5. Truskawka L\u00f3d<br \/>\n6. Brzoskwinia z lodem<br \/>\n7. Mr. Blue <span style=\"color: #ff0000\"><strong>&gt;&gt;&gt;&gt; Gor\u0105ce!<\/strong><\/span><br \/>\n8. Mango z lodem<br \/>\n9. Mango-smoczy owoc<br \/>\n10. Love 66 <span style=\"color: #ff0000\"><strong>&gt;&gt;&gt;&gt; Gor\u0105ce!<\/strong><\/span><br \/>\n11. Mi\u0119ta z cytryn\u0105<br \/>\n12. Winogrono z mi\u0119t\u0105<br \/>\n13. Podw\u00f3jne winogrono <span style=\"color: #ff0000\"><strong>&gt;&gt;&gt;&gt; Najlepsze!<\/strong><\/span><br \/>\n14. Podw\u00f3jne jab\u0142ko<br \/>\n15. S\u0142odki arbuz<br \/>\n16. Mi\u0119towo-jagodowy<br \/>\n17. Czarna porzeczka z lodem<br \/>\n18. Jagoda z lodem<br \/>\n19. Bor\u00f3wkowo-mi\u0119towy<br \/>\n20. Guma mi\u0119towa<\/p>\n<h3><strong>Dlaczego warto wybra\u0107 Rmvapesale do hurtowej sprzeda\u017cy e-papieros\u00f3w?<\/strong><strong>?<\/strong><\/h3>\n<div class=\"flex-shrink-0 flex flex-col relative items-end\">\n<div class=\"pt-0\">\n<div class=\"gizmo-bot-avatar flex h-8 w-8 items-center justify-center overflow-hidden rounded-full\">\n<div class=\"relative p-1 rounded-sm flex items-center justify-center bg-token-main-surface-primary text-token-text-primary h-8 w-8\">\n<p>Wybieraj\u0105c Rmvapesale do hurtowych zakup\u00f3w jednorazowych e-papieros\u00f3w, zyskujesz:<\/p>\n<ul>\n<li><strong>Konkurencyjna cena<\/strong>: Uzyskaj dost\u0119p do atrakcyjnych cen hurtowych, kt\u00f3re zwi\u0119ksz\u0105 mar\u017ce Twojej firmy.<\/li>\n<li><strong>Wysoka jako\u015b\u0107<\/strong>: Nasze e-papierosy s\u0105 wykonane zgodnie z najwy\u017cszymi standardami i <span style=\"color: #ff0000\"><strong>maj\u0105 100% gwarancji oryginalno\u015bci i autentyczno\u015bci, w przeciwnym razie otrzymasz 10-krotne odszkodowanie za podrobione towary!<\/strong><\/span><\/li>\n<li><strong>Doskona\u0142a Obs\u0142uga Klienta<\/strong>: Nasz oddany zesp\u00f3\u0142 jest zawsze gotowy, aby Ci pom\u00f3c, dzi\u0119ki czemu proces zakup\u00f3w jest p\u0142ynny i bezproblemowy.<\/li>\n<li><strong>Szybka dostawa<\/strong>: Oczekuj szybkiej i niezawodnej wysy\u0142ki, kt\u00f3ra zapewni, \u017ce Twoje zam\u00f3wienia dotr\u0105 na czas, za ka\u017cdym razem.<\/li>\n<\/ul>\n<\/div>\n<h3><\/h3>\n<div class=\"relative p-1 rounded-sm flex items-center justify-center bg-token-main-surface-primary text-token-text-primary h-8 w-8\">\n<h3><b>Jednorazowa hurtownia e-papieros\u00f3w Lavande BM18000 FAQ\u00a0<\/b><\/h3>\n<\/div>\n<h3><\/h3>\n<ol>\n<li><strong>Ile zaci\u0105gni\u0119\u0107 oferuje jednorazowy szisza Lavande BM18000?<\/strong><br \/>\nLavande BM18000 zapewnia do 18 000 zaci\u0105gni\u0119\u0107, oferuj\u0105c d\u0142ugotrwa\u0142e u\u017cytkowanie bez konieczno\u015bci cz\u0119stych wymian.<\/li>\n<li><strong>Jaka jest moc nikotyny w sziszy Lavande BM18000?<\/strong><br \/>\nLavande BM18000 jest dost\u0119pny w r\u00f3\u017cnych mocach nikotyny, aby zaspokoi\u0107 r\u00f3\u017cne preferencje. Jednak konkretne poziomy nikotyny mog\u0105 si\u0119 r\u00f3\u017cni\u0107 w zale\u017cno\u015bci od smaku i partii. Zaleca si\u0119 sprawdzenie opakowania lub wykazu produkt\u00f3w w celu uzyskania dok\u0142adnych informacji.<\/li>\n<li><strong>Jak mog\u0119 sprawdzi\u0107, czy bateria w moim jednorazowym e-papierosie Lavande BM18000 jest s\u0142aba?<\/strong><br \/>\nLavande BM18000 jest wyposa\u017cony w 3,0-calowy ekran Full HD Mega Display, kt\u00f3ry zapewnia wyra\u017ane wskazanie stanu baterii. Je\u015bli ikona baterii na ekranie pokazuje niski poziom lub urz\u0105dzenie nie wytwarza ju\u017c pary w spos\u00f3b wydajny, nadszed\u0142 czas na na\u0142adowanie za pomoc\u0105 \u0142adowarki USB typu C.<\/li>\n<li><strong>Gdzie mog\u0119 kupi\u0107 e-papierosy w cenie hurtowej?<\/strong><br \/>\nMo\u017cesz kupi\u0107 Lavande BM18000 i inne jednorazowe e-papierosy w cenach hurtowych u wiarygodnych dostawc\u00f3w, kt\u00f3rzy specjalizuj\u0105 si\u0119 w <strong>hurtowni waporyzator\u00f3w<\/strong>. Poszukaj zaufanych platform internetowych lub skontaktuj si\u0119 z dystrybutorami oferuj\u0105cymi <strong>hurtownia e-papieros\u00f3w<\/strong> aby uzyska\u0107 konkurencyjne ceny hurtowe i zapewni\u0107 jako\u015b\u0107 produktu.<\/li>\n<\/ol>\n<\/div>\n<\/div>\n<\/div>\n<h3>O wysy\u0142ce<\/h3>\n<div class=\"flex-shrink-0 flex flex-col relative items-end\">\n<div>\n<div class=\"pt-0\">\n<div class=\"gizmo-bot-avatar flex h-8 w-8 items-center justify-center overflow-hidden rounded-full\">\n<div><\/div>\n<div class=\"relative p-1 rounded-sm flex items-center justify-center bg-token-main-surface-primary text-token-text-primary h-8 w-8\"><strong>1. Jakie metody wysy\u0142ki s\u0105 stosowane?<\/strong><\/div>\n<\/div>\n<\/div>\n<\/div>\n<\/div>\n<div class=\"group\/conversation-turn relative flex w-full min-w-0 flex-col agent-turn\">\n<div class=\"flex-col gap-1 md:gap-3\">\n<div class=\"flex max-w-full flex-col flex-grow\">\n<div class=\"min-h-[20px] text-message flex w-full flex-col items-end gap-2 whitespace-normal break-words [.text-message+&amp;]:mt-5 overflow-x-auto\" dir=\"auto\" data-message-author-role=\"assistant\" data-message-id=\"22f8283b-3233-46ff-89a5-c7a41b33abda\">\n<div class=\"flex w-full flex-col gap-1 empty:hidden first:pt-[3px]\">\n<div class=\"markdown prose w-full break-words dark:prose-invert light\">\n<p>Wsp\u00f3\u0142pracujemy z UPS, DHL, FedEx, DPD i innymi wiod\u0105cymi przewo\u017anikami. Wybierzemy najlepsz\u0105 metod\u0119 wysy\u0142ki w oparciu o Twoj\u0105 lokalizacj\u0119, aby zapewni\u0107, \u017ce otrzymasz swoje produkty tak szybko, jak to mo\u017cliwe.<\/p>\n<\/div>\n<p><strong>2. Ile czasu zajmuje dostawa?<\/strong><\/p>\n<p>Paczki wysy\u0142ane do Polski zazwyczaj docieraj\u0105 w ci\u0105gu 10 dni roboczych. Wysy\u0142ka do innych kraj\u00f3w europejskich trwa zwykle oko\u0142o 12-15 dni roboczych. B\u0119dziemy dostarcza\u0107 aktualizacje w czasie rzeczywistym na temat statusu Twojej przesy\u0142ki.<\/p>\n<\/div>\n<\/div>\n<\/div>\n<\/div>\n<\/div>\n<p>&nbsp;<\/p>\n<p>Inne popularne e-papierosy, kt\u00f3re mog\u0105 Ci si\u0119 spodoba\u0107:<\/p>\n<p><a href=\"https:\/\/rmvapesale.com\/pl\/product\/full-screen-disposable-vape-hzko-supernova-30000-puffs-wholesale\/\"><strong>HZKO Supernova 25000 Puff\u00a0 \u00a0<span style=\"color: #ff0000\">&gt;&gt;&gt;&gt; id\u017a!<\/span><\/strong><\/a><\/p>\n<p><strong><a href=\"https:\/\/rmvapesale.com\/pl\/product\/bang-vape-12000-puff-rechargeable-disposable-vape-wholesale\/\">E-papieros Bang 12000 <span style=\"color: #ff0000\">&gt;&gt;&gt;&gt; id\u017a!<\/span><\/a>\u00a0<\/strong><\/p>\n<p><a href=\"https:\/\/rmvapesale.com\/pl\/product\/puff-vape-cold-mountain-alps-30000-shisha-hookah-bar-wholesale\/\"><strong>30000 zaci\u0105gni\u0119\u0107 Cold Mountain Alps <span style=\"color: #ff0000\">&gt;&gt;&gt;&gt; id\u017a!<\/span><\/strong><\/a><\/p>\n<p>&nbsp;<\/p>\n<p>&nbsp;<\/p>\n<p>Znajd\u017a wi\u0119cej produkt\u00f3w Vape, kt\u00f3re mog\u0105 Ci si\u0119 spodoba\u0107:<strong><em><a href=\"https:\/\/rmvapesale.com\/pl\/shop-2\/\">kup teraz &gt;&gt;&gt;<\/a><\/em><\/strong><\/p>","protected":false},"excerpt":{"rendered":"<p>Lavande BM18000 Puffs Shisha Vape Hurt<br \/>\nLavande BM 18000 Puffs Shisha jednorazowy Vape<br \/>\nHurtownia tanich jednorazowych Vape Lavande BM 18000 Puffs<br \/>\n<span style=\"color: #ff0000\">(Wysy\u0142ka z magazynu UE trwa oko\u0142o 3-7 dni, aby dotrze\u0107 do wi\u0119kszo\u015bci kraj\u00f3w Europy, takich jak Holandia, Francja, W\u0142ochy, Hiszpania, Szwajcaria, Szwecja, Polska itp.)<\/span><\/p>\n<p><img loading=\"lazy\" decoding=\"async\" class=\"size-full wp-image-2375\" src=\"https:\/\/rmvapesale.com\/wp-content\/uploads\/2024\/10\/image.png\" alt=\"Najlepszy Jednorazowy E-papieros\" width=\"229\" height=\"300\" \/><\/p>\n<h3><a href=\"https:\/\/wa.me\/8617776015835\"><span style=\"color: #ff0000\"><strong>WhatsApp: +86 17776015835<\/strong><\/span><\/a><\/h3>\n<p>&nbsp;<\/p>","protected":false},"featured_media":2646,"comment_status":"open","ping_status":"closed","template":"","meta":{"_uag_custom_page_level_css":"","_lmt_disableupdate":"no","_lmt_disable":"","site-sidebar-layout":"default","site-content-layout":"content-boxed-container","ast-site-content-layout":"normal-width-container","site-content-style":"boxed","site-sidebar-style":"unboxed","ast-global-header-display":"","ast-banner-title-visibility":"","ast-main-header-display":"","ast-hfb-above-header-display":"","ast-hfb-below-header-display":"","ast-hfb-mobile-header-display":"","site-post-title":"","ast-breadcrumbs-content":"","ast-featured-img":"","footer-sml-layout":"","ast-disable-related-posts":"","theme-transparent-header-meta":"default","adv-header-id-meta":"","stick-header-meta":"","header-above-stick-meta":"","header-main-stick-meta":"","header-below-stick-meta":"","astra-migrate-meta-layouts":"set","ast-page-background-enabled":"default","ast-page-background-meta":{"desktop":{"background-color":"var(--ast-global-color-4)","background-image":"","background-repeat":"repeat","background-position":"center center","background-size":"auto","background-attachment":"scroll","background-type":"","background-media":"","overlay-type":"","overlay-color":"","overlay-opacity":"","overlay-gradient":""},"tablet":{"background-color":"","background-image":"","background-repeat":"repeat","background-position":"center center","background-size":"auto","background-attachment":"scroll","background-type":"","background-media":"","overlay-type":"","overlay-color":"","overlay-opacity":"","overlay-gradient":""},"mobile":{"background-color":"","background-image":"","background-repeat":"repeat","background-position":"center center","background-size":"auto","background-attachment":"scroll","background-type":"","background-media":"","overlay-type":"","overlay-color":"","overlay-opacity":"","overlay-gradient":""}},"ast-content-background-meta":{"desktop":{"background-color":"var(--ast-global-color-5)","background-image":"","background-repeat":"repeat","background-position":"center center","background-size":"auto","background-attachment":"scroll","background-type":"","background-media":"","overlay-type":"","overlay-color":"","overlay-opacity":"","overlay-gradient":""},"tablet":{"background-color":"var(--ast-global-color-5)","background-image":"","background-repeat":"repeat","background-position":"center center","background-size":"auto","background-attachment":"scroll","background-type":"","background-media":"","overlay-type":"","overlay-color":"","overlay-opacity":"","overlay-gradient":""},"mobile":{"background-color":"var(--ast-global-color-5)","background-image":"","background-repeat":"repeat","background-position":"center center","background-size":"auto","background-attachment":"scroll","background-type":"","background-media":"","overlay-type":"","overlay-color":"","overlay-opacity":"","overlay-gradient":""}},"_joinchat":[]},"product_brand":[],"product_cat":[15,27,25,195,123,30,26,28,137,136,135],"product_tag":[188,200,167,197,165,180,154,196,120],"class_list":{"0":"post-2652","1":"product","2":"type-product","3":"status-publish","4":"has-post-thumbnail","6":"product_cat-new-vape-this-week","7":"product_cat-fance-hot-sale-vape","8":"product_cat-germany-best-selling-vape","9":"product_cat-germany-warehouse","10":"product_cat-italy-wholesale-vape","11":"product_cat-minimum-order-quantity-50pcs","12":"product_cat-netherlands-hot-sale-vape","13":"product_cat-poland-hot-sale-vape","14":"product_cat-rechargeable-vapes","15":"product_cat-smart-screen-vapes","16":"product_cat-spain-best-hot-sale-vape","17":"product_tag-buy-vapes-online","18":"product_tag-disposable-hookah-wholesale","19":"product_tag-disposable-vape-with-screen","20":"product_tag-germany-hot-sale-vape","21":"product_tag-rechargeable-vapes","22":"product_tag-shisha-bar","23":"product_tag-smart-vape","24":"product_tag-vape-shop","25":"product_tag-vape-wholesale","26":"desktop-align-left","27":"tablet-align-left","28":"mobile-align-left","30":"first","31":"instock","32":"sale","33":"shipping-taxable","34":"purchasable","35":"product-type-simple"},"uagb_featured_image_src":{"full":["https:\/\/rmvapesale.com\/wp-content\/uploads\/2024\/11\/Lavande-BM18000-Puffs-Shisha-monouso-Vape.jpg",800,800,false],"thumbnail":["https:\/\/rmvapesale.com\/wp-content\/uploads\/2024\/11\/Lavande-BM18000-Puffs-Shisha-monouso-Vape-150x150.jpg",150,150,true],"medium":["https:\/\/rmvapesale.com\/wp-content\/uploads\/2024\/11\/Lavande-BM18000-Puffs-Shisha-monouso-Vape-300x300.jpg",300,300,true],"medium_large":["https:\/\/rmvapesale.com\/wp-content\/uploads\/2024\/11\/Lavande-BM18000-Puffs-Shisha-monouso-Vape-768x768.jpg",768,768,true],"large":["https:\/\/rmvapesale.com\/wp-content\/uploads\/2024\/11\/Lavande-BM18000-Puffs-Shisha-monouso-Vape.jpg",800,800,false],"1536x1536":["https:\/\/rmvapesale.com\/wp-content\/uploads\/2024\/11\/Lavande-BM18000-Puffs-Shisha-monouso-Vape.jpg",800,800,false],"2048x2048":["https:\/\/rmvapesale.com\/wp-content\/uploads\/2024\/11\/Lavande-BM18000-Puffs-Shisha-monouso-Vape.jpg",800,800,false],"trp-custom-language-flag":["https:\/\/rmvapesale.com\/wp-content\/uploads\/2024\/11\/Lavande-BM18000-Puffs-Shisha-monouso-Vape.jpg",12,12,false],"woocommerce_thumbnail":["https:\/\/rmvapesale.com\/wp-content\/uploads\/2024\/11\/Lavande-BM18000-Puffs-Shisha-monouso-Vape-300x300.jpg",300,300,true],"woocommerce_single":["https:\/\/rmvapesale.com\/wp-content\/uploads\/2024\/11\/Lavande-BM18000-Puffs-Shisha-monouso-Vape-600x600.jpg",600,600,true],"woocommerce_gallery_thumbnail":["https:\/\/rmvapesale.com\/wp-content\/uploads\/2024\/11\/Lavande-BM18000-Puffs-Shisha-monouso-Vape-100x100.jpg",100,100,true],"wcpr-photo-reviews":["https:\/\/rmvapesale.com\/wp-content\/uploads\/2024\/11\/Lavande-BM18000-Puffs-Shisha-monouso-Vape.jpg",500,500,false]},"uagb_author_info":{"display_name":"AMY","author_link":"https:\/\/rmvapesale.com\/pl\/author\/"},"uagb_comment_info":0,"uagb_excerpt":"Lavande BM18000 Puffs Shisha Vape Wholesale Lavande BM 18000 Puffs Shisha monouso Vape Wholesale Cheap Disposable Vapes Lavande BM 18000 Puffs (Ship from EU warehouse and takes about 3-7 days\u00a0 to get arrive to most Europe countries like Netherlands, France, Italy, Spain, Switzerland, Sweden, Poland, etc. ) WhatsApp: +86 17776015835 &nbsp;","_links":{"self":[{"href":"https:\/\/rmvapesale.com\/pl\/wp-json\/wp\/v2\/product\/2652","targetHints":{"allow":["GET"]}}],"collection":[{"href":"https:\/\/rmvapesale.com\/pl\/wp-json\/wp\/v2\/product"}],"about":[{"href":"https:\/\/rmvapesale.com\/pl\/wp-json\/wp\/v2\/types\/product"}],"replies":[{"embeddable":true,"href":"https:\/\/rmvapesale.com\/pl\/wp-json\/wp\/v2\/comments?post=2652"}],"wp:featuredmedia":[{"embeddable":true,"href":"https:\/\/rmvapesale.com\/pl\/wp-json\/wp\/v2\/media\/2646"}],"wp:attachment":[{"href":"https:\/\/rmvapesale.com\/pl\/wp-json\/wp\/v2\/media?parent=2652"}],"wp:term":[{"taxonomy":"product_brand","embeddable":true,"href":"https:\/\/rmvapesale.com\/pl\/wp-json\/wp\/v2\/product_brand?post=2652"},{"taxonomy":"product_cat","embeddable":true,"href":"https:\/\/rmvapesale.com\/pl\/wp-json\/wp\/v2\/product_cat?post=2652"},{"taxonomy":"product_tag","embeddable":true,"href":"https:\/\/rmvapesale.com\/pl\/wp-json\/wp\/v2\/product_tag?post=2652"}],"curies":[{"name":"wp","href":"https:\/\/api.w.org\/{rel}","templated":true}]}}