{"id":2661,"date":"2024-11-04T06:37:48","date_gmt":"2024-11-04T06:37:48","guid":{"rendered":"https:\/\/rmvapesale.com\/?post_type=product&#038;p=2661"},"modified":"2024-11-04T07:54:04","modified_gmt":"2024-11-04T07:54:04","slug":"vopk-shisha-bar-20000-puffs-low-nicotine-rechargeable-disposable-vape-pen","status":"publish","type":"product","link":"https:\/\/rmvapesale.com\/pl\/product\/vopk-shisha-bar-20000-puffs-low-nicotine-rechargeable-disposable-vape-pen\/","title":{"rendered":"VOPK Shisha BAR 20000 Zaci\u0105gni\u0119\u0107 Niska Zawarto\u015b\u0107 Nikotyny Akumulator Jednorazowy Vape Pen"},"content":{"rendered":"<div class=\"B2VR9 CJHX3e\">\n<div class=\"wyccme\">\n<h1 class=\"LC20lb MBeuO DKV0Md\">VOPK Shisha BAR 20000 Zaci\u0105gni\u0119\u0107 Niska Zawarto\u015b\u0107 Nikotyny Akumulator Jednorazowy Vape Pen<\/h1>\n<div class=\"flex-shrink-0 flex flex-col relative items-end\">\n<div class=\"pt-0\">\n<div class=\"gizmo-bot-avatar flex h-8 w-8 items-center justify-center overflow-hidden rounded-full\">\n<div class=\"relative p-1 rounded-sm flex items-center justify-center bg-token-main-surface-primary text-token-text-primary h-8 w-8\">\n<p>Przedstawiamy <strong>VOPK Shisha BAR 20000 Zaci\u0105gni\u0119\u0107 Niska Zawarto\u015b\u0107 Nikotyny Akumulator Jednorazowy Vape Pen<\/strong>, najlepszy wyb\u00f3r dla mi\u0142o\u015bnik\u00f3w shishy i vape poszukuj\u0105cych wyj\u0105tkowej jako\u015bci i wydajno\u015bci. To nowoczesne urz\u0105dzenie oferuje niezwyk\u0142e <strong>20000 puffs<\/strong>, zapewniaj\u0105c d\u0142ugotrwa\u0142e do\u015bwiadczenie vapingowe bez konieczno\u015bci ci\u0105g\u0142ej wymiany.<\/p>\n<p>Zaprojektowany, aby sprosta\u0107 r\u00f3\u017cnym preferencjom, <strong>VOPK Shisha BAR<\/strong> posiada <strong>regulowane opcje nikotyny<\/strong> of <strong>0%, 2%, 3% i 5%<\/strong>, pozwalaj\u0105c na dostosowanie spo\u017cycia nikotyny. Du\u017ca <strong>28ML pojemno\u015b\u0107 e-liquid<\/strong> zapewnia d\u0142u\u017csze vapingowanie przy mniejszej liczbie nape\u0142nie\u0144, a tak\u017ce <strong>Akumulator 850 mAh<\/strong> po\u0142\u0105czone z <strong>Typu-C<\/strong> gwarantuje szybkie i skuteczne \u0142adowanie, co czyni go idealnym dla os\u00f3b zawsze w ruchu.<\/p>\n<p>Ten <strong>VOPK Shisha BAR<\/strong> \u0142\u0105czy najlepsze cechy obu \u015bwiat\u00f3w: tradycyjn\u0105 esencj\u0119 <strong>bar shisha<\/strong> smak\u00f3w i nowoczesn\u0105 technologi\u0119 vapingow\u0105. Jego elegancki i przeno\u015bny design sprawia, \u017ce jest idealny do u\u017cytku wsz\u0119dzie, czy to w shisha lounge, czy w podr\u00f3\u017cy. Z szerok\u0105 gam\u0105 \u017cywych smak\u00f3w i niezawodn\u0105 wydajno\u015bci\u0105, nic dziwnego, \u017ce <strong>VOPK<\/strong> wyr\u00f3\u017cnia si\u0119 spo\u015br\u00f3d <strong>popularnych marek waporyzator\u00f3w<\/strong> i jest bardzo poszukiwany przez <strong>hurtownia e-papieros\u00f3w<\/strong>.<\/p>\n<p>Dla tych, kt\u00f3rzy chc\u0105 rozkoszowa\u0107 si\u0119 bogat\u0105 kultur\u0105 <strong>shisha fajka wodna<\/strong> korzystaj\u0105c z wygody <strong>jednorazowy e-papieros z mo\u017cliwo\u015bci\u0105 \u0142adowania<\/strong>, <strong>VOPK Shisha BAR 20000<\/strong> jest Twoim idealnym towarzyszem. Odkryj, dlaczego to urz\u0105dzenie robi furor\u0119 na rynku dla <strong>marek jednorazowych e-papieros\u00f3w<\/strong> i ciesz si\u0119 premium do\u015bwiadczeniem, kt\u00f3re sprawi, \u017ce b\u0119dziesz wraca\u0107 po wi\u0119cej. Kup swoje od <strong>jednorazowych vape online<\/strong> lub zam\u00f3w hurtowo dla swojego <strong>bar shisha<\/strong> z <strong>jednorazowa shisha hurtowo<\/strong> opcji ju\u017c dzi\u015b!<\/p>\n<p>Przygotuj si\u0119 na zanurzenie w wy\u017cszy \u015bwiat smaku i wydajno\u015bci z <strong>VOPK Shisha BAR 20000 Puffs<\/strong> \u2014 Twoim ostatecznym wyborem w \u015bwiecie <strong>20000 puffs vape<\/strong>.<\/p>\n<\/div>\n<\/div>\n<\/div>\n<\/div>\n<\/div>\n<\/div>\n<p><strong>Skontaktuj si\u0119 z Amy, aby uzyska\u0107 w\u0142a\u015bciw\u0105 odpowied\u017a i kupon na e-papierosa!<\/strong><\/p>\n<p><img loading=\"lazy\" decoding=\"async\" class=\"size-full wp-image-1978\" src=\"https:\/\/rmvapesale.com\/wp-content\/uploads\/2024\/09\/Disposable-Vape-Wholesale.jpg\" alt=\"Hurtownia Jednorazowych E-papieros\u00f3w\" width=\"229\" height=\"300\" \/><\/p>\n<h3><a href=\"https:\/\/wa.me\/8617776015835\" target=\"_blank\" rel=\"noopener\"><span style=\"color: #ff0000\"><strong>WhatsApp: +86 17776015835<\/strong><\/span><\/a><\/h3>\n<p>&nbsp;<\/p>\n<h2><\/h2>\n<h2><strong>VOPK Shisha BAR 20000 \u0141adowalny jednorazowy e-papieros <\/strong><strong>G\u0142\u00f3wne cechy<\/strong><\/h2>\n<p>Wst\u0119pnie nape\u0142nione 28ml E-Juice<br \/>\nAkumulator 850 mAh<br \/>\nLiczba zaci\u0105gni\u0119\u0107: Oko\u0142o 20000 zaci\u0105gni\u0119\u0107<br \/>\n0% 2% 5% Si\u0142a nikotyny<br \/>\n\u0141adowanie przez USB typu-C (nieza\u0142\u0105czone)<br \/>\nWy\u015bwietlacz LED, inteligentny ekran<br \/>\nMTL Vaping<\/p>\n<figure id=\"attachment_2653\" aria-describedby=\"caption-attachment-2653\" style=\"width: 800px\" class=\"wp-caption alignnone\"><img loading=\"lazy\" decoding=\"async\" class=\"wp-image-2653 size-full\" src=\"https:\/\/rmvapesale.com\/wp-content\/uploads\/2024\/11\/VOPK-Shisha-BAR-20000-Low-Nicotine-Disposable-Vape.jpg\" alt=\"VOPK Shisha BAR 20000 E-papieros o niskiej zawarto\u015bci nikotyny, jednorazowy\" width=\"800\" height=\"799\" srcset=\"https:\/\/rmvapesale.com\/wp-content\/uploads\/2024\/11\/VOPK-Shisha-BAR-20000-Low-Nicotine-Disposable-Vape.jpg 800w, https:\/\/rmvapesale.com\/wp-content\/uploads\/2024\/11\/VOPK-Shisha-BAR-20000-Low-Nicotine-Disposable-Vape-300x300.jpg 300w, https:\/\/rmvapesale.com\/wp-content\/uploads\/2024\/11\/VOPK-Shisha-BAR-20000-Low-Nicotine-Disposable-Vape-150x150.jpg 150w, https:\/\/rmvapesale.com\/wp-content\/uploads\/2024\/11\/VOPK-Shisha-BAR-20000-Low-Nicotine-Disposable-Vape-768x767.jpg 768w, https:\/\/rmvapesale.com\/wp-content\/uploads\/2024\/11\/VOPK-Shisha-BAR-20000-Low-Nicotine-Disposable-Vape-600x599.jpg 600w, https:\/\/rmvapesale.com\/wp-content\/uploads\/2024\/11\/VOPK-Shisha-BAR-20000-Low-Nicotine-Disposable-Vape-100x100.jpg 100w\" sizes=\"auto, (max-width: 800px) 100vw, 800px\" \/><figcaption id=\"caption-attachment-2653\" class=\"wp-caption-text\">VOPK Shisha BAR 20000 E-papieros o niskiej zawarto\u015bci nikotyny, jednorazowy<\/figcaption><\/figure>\n<h2><strong>Najlepszy smak dla <\/strong><strong>VOPK Shisha BAR 20000<\/strong><\/h2>\n<p>1. Jagoda na lodzie <span style=\"color: #ff0000\"><strong>&gt;&gt;&gt;&gt; Gor\u0105ce!<\/strong><\/span><br \/>\n2. Truskawka kiwi<br \/>\n3. Mieszane jagody <span style=\"color: #ff0000\"><strong>&gt;&gt;&gt;&gt; Najlepsze!<\/strong><\/span><br \/>\n4. Strawberry watermelon<br \/>\n5. Arbuzowy l\u00f3d<br \/>\n6. Brzoskwinia mango ananas<br \/>\n7. Jagoda malinowa<br \/>\n8. Truskawka malinowa cukier<br \/>\n9. Arbuz wi\u015bnia <span style=\"color: #ff0000\"><strong>&gt;&gt;&gt;&gt; Gor\u0105ce!<\/strong><\/span><br \/>\nL\u00f3d z czarnej porzeczki<\/p>\n<figure id=\"attachment_2660\" aria-describedby=\"caption-attachment-2660\" style=\"width: 640px\" class=\"wp-caption alignnone\"><img loading=\"lazy\" decoding=\"async\" class=\"wp-image-2660 size-large\" src=\"https:\/\/rmvapesale.com\/wp-content\/uploads\/2024\/11\/VOPK-Shisha-Hookah-BAR-Disposable-Vape-Wholesale-640x1024.jpg\" alt=\"Hurtowa sprzeda\u017c jednorazowych e-papieros\u00f3w VOPK Shisha Hookah BAR\" width=\"640\" height=\"1024\" srcset=\"https:\/\/rmvapesale.com\/wp-content\/uploads\/2024\/11\/VOPK-Shisha-Hookah-BAR-Disposable-Vape-Wholesale-640x1024.jpg 640w, https:\/\/rmvapesale.com\/wp-content\/uploads\/2024\/11\/VOPK-Shisha-Hookah-BAR-Disposable-Vape-Wholesale-188x300.jpg 188w, https:\/\/rmvapesale.com\/wp-content\/uploads\/2024\/11\/VOPK-Shisha-Hookah-BAR-Disposable-Vape-Wholesale-768x1229.jpg 768w, https:\/\/rmvapesale.com\/wp-content\/uploads\/2024\/11\/VOPK-Shisha-Hookah-BAR-Disposable-Vape-Wholesale-600x960.jpg 600w, https:\/\/rmvapesale.com\/wp-content\/uploads\/2024\/11\/VOPK-Shisha-Hookah-BAR-Disposable-Vape-Wholesale.jpg 800w\" sizes=\"auto, (max-width: 640px) 100vw, 640px\" \/><figcaption id=\"caption-attachment-2660\" class=\"wp-caption-text\">Hurtowa sprzeda\u017c jednorazowych e-papieros\u00f3w VOPK Shisha Hookah BAR<\/figcaption><\/figure>\n<h3><strong>Dlaczego warto wybra\u0107 Rmvapesale dla <\/strong><strong>VOPK Shisha BAR Jednorazowy V<\/strong><strong>Sprzeda\u017c hurtowa e-papieros\u00f3w<\/strong><strong>?<\/strong><\/h3>\n<div class=\"flex-shrink-0 flex flex-col relative items-end\">\n<div class=\"pt-0\">\n<div class=\"gizmo-bot-avatar flex h-8 w-8 items-center justify-center overflow-hidden rounded-full\">\n<div class=\"relative p-1 rounded-sm flex items-center justify-center bg-token-main-surface-primary text-token-text-primary h-8 w-8\">\n<p>Witaj w Rmvapesale, Twoim zaufanym sklepie z e-papierosami, oferuj\u0105cym jednorazowe produkty najwy\u017cszej jako\u015bci. Z ponad 5-letnim do\u015bwiadczeniem, dostarczamy popularne marki jednorazowych e-papieros\u00f3w, takie jak Al Fakher, Vapme Vape, <a href=\"https:\/\/rmvapesale.com\/pl\/product\/vapme-crystal-7000-puffs-rechargeable-disposable-vape-price\/\">Vapme<\/a>, <a href=\"https:\/\/rmvapesale.com\/pl\/product-category\/bang-vapes\/\">Bang Vape<\/a>, Waspe, <a href=\"https:\/\/rmvapesale.com\/pl\/product\/wga-crystal-pro-max-extra-15k-puffs-disposable-vape-wholesale\/\">WGA<\/a> Vape i<a href=\"https:\/\/rmvapesale.com\/pl\/product-category\/randm-fumot-vape\/\"> RandM Vape<\/a>.<\/p>\n<p>Nasza oferta obejmuje popularne e-papierosy, takie jak <a href=\"https:\/\/rmvapesale.com\/pl\/product\/fumot-digital-box-12000-disposable-vape-pink-lemonade-flavor\/\">RandM 12k<\/a> oraz bogate w smaki opcje, jak <a href=\"https:\/\/rmvapesale.com\/pl\/product\/wga-crystal-plus-20000-puff-dual-flavour-disposable-vape\/\">WGA 20K Puff<\/a>. Ka\u017cdy produkt jest wybierany z my\u015bl\u0105 o jako\u015bci, warto\u015bci i r\u00f3\u017cnorodno\u015bci, dzi\u0119ki czemu na pewno znajdziesz idealny dla siebie. Odkryj wyj\u0105tkow\u0105 obs\u0142ug\u0119 i szerok\u0105 gam\u0119 najlepszych produkt\u00f3w na Rmvapesale.<\/p>\n<\/div>\n<h3><\/h3>\n<div class=\"relative p-1 rounded-sm flex items-center justify-center bg-token-main-surface-primary text-token-text-primary h-8 w-8\">\n<h3><b>VOPK Shisha BAR 20000 Paliw FAQ<\/b><\/h3>\n<p><strong>1. Sk\u0105d mam wiedzie\u0107, \u017ce m\u00f3j jednorazowy vape jest pusty?<\/strong><br \/>\nKiedy tw\u00f3j <strong>VOPK Shisha BAR 20000<\/strong> Jednorazowy e-papieros ko\u0144czy si\u0119 e-liquidem, mo\u017cesz zauwa\u017cy\u0107 spadek produkcji pary lub s\u0142abszy smak. Wbudowany <strong>inteligentny wy\u015bwietlacz<\/strong> w urz\u0105dzeniu wska\u017ce r\u00f3wnie\u017c poziom pozosta\u0142ego e-liquidu. Je\u015bli ekran poka\u017ce, \u017ce e-liquid si\u0119 wyczerpa\u0142, czas na wymian\u0119 e-papierosa.<\/p>\n<p><strong>2. Ile czasu zajmuje na\u0142adowanie VOPK Shisha 20000?<\/strong><br \/>\n\u0141adowanie twojego <strong>VOPK Shisha 20000<\/strong> zazwyczaj trwa oko\u0142o 1,5 do 2 godzin przy u\u017cyciu <strong>port \u0142adowania Type-C<\/strong>. Upewnij si\u0119, \u017ce u\u017cywasz niezawodnej \u0142adowarki, aby zapewni\u0107 bezpieczne i efektywne \u0142adowanie. Po pe\u0142nym na\u0142adowaniu urz\u0105dzenie jest zaprojektowane do obs\u0142ugi d\u0142ugich sesji wapowania.<\/p>\n<p><strong>3. Ile nikotyny znajduje si\u0119 w VOPK Shisha hookah 20000?<\/strong><br \/>\nTen <strong>VOPK Shisha BAR 20000<\/strong> posiada opcje regulacji mocy nikotyny, pozwalaj\u0105c na wyb\u00f3r spo\u015br\u00f3d <strong>0%, 2%, 3% i 5% nikotyny<\/strong>. Ta personalizacja zapewnia pe\u0142n\u0105 kontrol\u0119 nad spo\u017cyciem nikotyny, co czyni j\u0105 odpowiedni\u0105 dla r\u00f3\u017cnych preferencji.<\/p>\n<p><strong>4. Gdzie kupi\u0107 VOPK Shisha hookah 20000 Puff w hurtowej cenie?<\/strong><br \/>\nMo\u017cesz kupi\u0107 <strong>VOPK Shisha BAR 20000 Puff<\/strong> w hurtowych cenach od zaufanych <strong>hurtowych dystrybutor\u00f3w vape<\/strong> dostawc\u00f3w. Aby uzyska\u0107 najlepsze oferty, odwied\u017a renomowane <strong>sklep\u00f3w z vape<\/strong> lub sprawd\u017a <strong>platformy internetowe<\/strong> specjalizuj\u0105ce si\u0119 w <strong>jednorazowych waporyzator\u00f3w<\/strong> i <strong>hurtowni waporyzator\u00f3w<\/strong> opcjach.<\/p>\n<p><strong>5. Czy mog\u0119 zabra\u0107 jednorazowy e-papieros na pok\u0142ad samolotu?<\/strong><br \/>\nTak, mo\u017cesz zabra\u0107 swojego <strong>VOPK Shisha BAR 20000<\/strong> wielokrotnego u\u017cytku e-papierosa na samolot, ale istniej\u0105 wytyczne, kt\u00f3rych nale\u017cy przestrzega\u0107. Urz\u0105dzenie powinno by\u0107 noszone w twojej <strong>baga\u017cu podr\u0119cznym<\/strong>, poniewa\u017c elektroniczne urz\u0105dzenia do wapowania zazwyczaj nie s\u0105 dozwolone w baga\u017cu rejestrowanym. Upewnij si\u0119, \u017ce sprawdzi\u0142e\u015b regulacje konkretnej linii lotniczej i wy\u0142\u0105cz e-papierosa podczas lotu, aby zapobiec przypadkowemu uruchomieniu.<\/p>\n<\/div>\n<\/div>\n<\/div>\n<\/div>\n<h3>O wysy\u0142ce<\/h3>\n<div class=\"flex-shrink-0 flex flex-col relative items-end\">\n<div>\n<div class=\"pt-0\">\n<div class=\"gizmo-bot-avatar flex h-8 w-8 items-center justify-center overflow-hidden rounded-full\">\n<div><\/div>\n<div class=\"relative p-1 rounded-sm flex items-center justify-center bg-token-main-surface-primary text-token-text-primary h-8 w-8\"><strong>1. Jakie metody wysy\u0142ki s\u0105 stosowane?<\/strong><\/div>\n<\/div>\n<\/div>\n<\/div>\n<\/div>\n<div class=\"group\/conversation-turn relative flex w-full min-w-0 flex-col agent-turn\">\n<div class=\"flex-col gap-1 md:gap-3\">\n<div class=\"flex max-w-full flex-col flex-grow\">\n<div class=\"min-h-[20px] text-message flex w-full flex-col items-end gap-2 whitespace-normal break-words [.text-message+&amp;]:mt-5 overflow-x-auto\" dir=\"auto\" data-message-author-role=\"assistant\" data-message-id=\"22f8283b-3233-46ff-89a5-c7a41b33abda\">\n<div class=\"flex w-full flex-col gap-1 empty:hidden first:pt-[3px]\">\n<div class=\"markdown prose w-full break-words dark:prose-invert light\">\n<p>Wsp\u00f3\u0142pracujemy z UPS, DHL, FedEx, DPD i innymi wiod\u0105cymi przewo\u017anikami. Wybierzemy najlepsz\u0105 metod\u0119 wysy\u0142ki w oparciu o Twoj\u0105 lokalizacj\u0119, aby zapewni\u0107, \u017ce otrzymasz swoje produkty tak szybko, jak to mo\u017cliwe.<\/p>\n<\/div>\n<p><strong>2. Ile czasu zajmuje dostawa?<\/strong><\/p>\n<p>Paczki wysy\u0142ane do Polski zazwyczaj docieraj\u0105 w ci\u0105gu 10 dni roboczych. Wysy\u0142ka do innych kraj\u00f3w europejskich trwa zwykle oko\u0142o 12-15 dni roboczych. B\u0119dziemy dostarcza\u0107 aktualizacje w czasie rzeczywistym na temat statusu Twojej przesy\u0142ki.<\/p>\n<\/div>\n<\/div>\n<\/div>\n<\/div>\n<\/div>\n<p>&nbsp;<\/p>\n<p>Znajd\u017a wi\u0119cej produkt\u00f3w Vape, kt\u00f3re mog\u0105 Ci si\u0119 spodoba\u0107:<strong><em><a href=\"https:\/\/rmvapesale.com\/pl\/shop-2\/\">kup teraz &gt;&gt;&gt;<\/a><\/em><\/strong><\/p>","protected":false},"excerpt":{"rendered":"<p>VOPK Shisha Hookah BAR Hurtowa 20000 Puffs Zakup Hurtowy<br \/>\nVOPK Shisha BAR 20000 Puffs 0% 2% 3% 5% Niskoprocentowy Jednorazowy E-papieros Hurtowa<br \/>\nShisha Hookah VOPK 20000 Puffs Zakup Hurtowy \u0141adowany Jednorazowy E-papieros<\/p>\n<p><img loading=\"lazy\" decoding=\"async\" class=\"size-full wp-image-2375\" src=\"https:\/\/rmvapesale.com\/wp-content\/uploads\/2024\/10\/image.png\" alt=\"Najlepszy Jednorazowy E-papieros\" width=\"229\" height=\"300\" \/><\/p>\n<h3><a href=\"https:\/\/wa.me\/8617776015835\"><span style=\"color: #ff0000\"><strong>WhatsApp: +86 17776015835<\/strong><\/span><\/a><\/h3>\n<p>&nbsp;<\/p>","protected":false},"featured_media":2657,"comment_status":"open","ping_status":"closed","template":"","meta":{"_uag_custom_page_level_css":"","_lmt_disableupdate":"no","_lmt_disable":"","site-sidebar-layout":"default","site-content-layout":"content-boxed-container","ast-site-content-layout":"normal-width-container","site-content-style":"boxed","site-sidebar-style":"unboxed","ast-global-header-display":"","ast-banner-title-visibility":"","ast-main-header-display":"","ast-hfb-above-header-display":"","ast-hfb-below-header-display":"","ast-hfb-mobile-header-display":"","site-post-title":"","ast-breadcrumbs-content":"","ast-featured-img":"","footer-sml-layout":"","theme-transparent-header-meta":"default","adv-header-id-meta":"","stick-header-meta":"","header-above-stick-meta":"","header-main-stick-meta":"","header-below-stick-meta":"","astra-migrate-meta-layouts":"set","ast-page-background-enabled":"default","ast-page-background-meta":{"desktop":{"background-color":"var(--ast-global-color-4)","background-image":"","background-repeat":"repeat","background-position":"center center","background-size":"auto","background-attachment":"scroll","background-type":"","background-media":"","overlay-type":"","overlay-color":"","overlay-opacity":"","overlay-gradient":""},"tablet":{"background-color":"","background-image":"","background-repeat":"repeat","background-position":"center center","background-size":"auto","background-attachment":"scroll","background-type":"","background-media":"","overlay-type":"","overlay-color":"","overlay-opacity":"","overlay-gradient":""},"mobile":{"background-color":"","background-image":"","background-repeat":"repeat","background-position":"center center","background-size":"auto","background-attachment":"scroll","background-type":"","background-media":"","overlay-type":"","overlay-color":"","overlay-opacity":"","overlay-gradient":""}},"ast-content-background-meta":{"desktop":{"background-color":"var(--ast-global-color-5)","background-image":"","background-repeat":"repeat","background-position":"center center","background-size":"auto","background-attachment":"scroll","background-type":"","background-media":"","overlay-type":"","overlay-color":"","overlay-opacity":"","overlay-gradient":""},"tablet":{"background-color":"var(--ast-global-color-5)","background-image":"","background-repeat":"repeat","background-position":"center center","background-size":"auto","background-attachment":"scroll","background-type":"","background-media":"","overlay-type":"","overlay-color":"","overlay-opacity":"","overlay-gradient":""},"mobile":{"background-color":"var(--ast-global-color-5)","background-image":"","background-repeat":"repeat","background-position":"center center","background-size":"auto","background-attachment":"scroll","background-type":"","background-media":"","overlay-type":"","overlay-color":"","overlay-opacity":"","overlay-gradient":""}},"_joinchat":[]},"product_brand":[],"product_cat":[15,25,123,26,28,135,27,137,136,30],"product_tag":[146,188,200,167,165,180,120],"class_list":{"0":"post-2661","1":"product","2":"type-product","3":"status-publish","4":"has-post-thumbnail","6":"product_cat-new-vape-this-week","7":"product_cat-germany-best-selling-vape","8":"product_cat-italy-wholesale-vape","9":"product_cat-netherlands-hot-sale-vape","10":"product_cat-poland-hot-sale-vape","11":"product_cat-spain-best-hot-sale-vape","12":"product_cat-fance-hot-sale-vape","13":"product_cat-rechargeable-vapes","14":"product_cat-smart-screen-vapes","15":"product_cat-minimum-order-quantity-50pcs","16":"product_tag-best-hot-sale-vape","17":"product_tag-buy-vapes-online","18":"product_tag-disposable-hookah-wholesale","19":"product_tag-disposable-vape-with-screen","20":"product_tag-rechargeable-vapes","21":"product_tag-shisha-bar","22":"product_tag-vape-wholesale","23":"desktop-align-left","24":"tablet-align-left","25":"mobile-align-left","27":"first","28":"instock","29":"sale","30":"shipping-taxable","31":"purchasable","32":"product-type-simple"},"uagb_featured_image_src":{"full":["https:\/\/rmvapesale.com\/wp-content\/uploads\/2024\/11\/VOPK-Shisha-Hookah-BAR-20000-Puff-Disposable-Vape.jpg",800,800,false],"thumbnail":["https:\/\/rmvapesale.com\/wp-content\/uploads\/2024\/11\/VOPK-Shisha-Hookah-BAR-20000-Puff-Disposable-Vape-150x150.jpg",150,150,true],"medium":["https:\/\/rmvapesale.com\/wp-content\/uploads\/2024\/11\/VOPK-Shisha-Hookah-BAR-20000-Puff-Disposable-Vape-300x300.jpg",300,300,true],"medium_large":["https:\/\/rmvapesale.com\/wp-content\/uploads\/2024\/11\/VOPK-Shisha-Hookah-BAR-20000-Puff-Disposable-Vape-768x768.jpg",768,768,true],"large":["https:\/\/rmvapesale.com\/wp-content\/uploads\/2024\/11\/VOPK-Shisha-Hookah-BAR-20000-Puff-Disposable-Vape.jpg",800,800,false],"1536x1536":["https:\/\/rmvapesale.com\/wp-content\/uploads\/2024\/11\/VOPK-Shisha-Hookah-BAR-20000-Puff-Disposable-Vape.jpg",800,800,false],"2048x2048":["https:\/\/rmvapesale.com\/wp-content\/uploads\/2024\/11\/VOPK-Shisha-Hookah-BAR-20000-Puff-Disposable-Vape.jpg",800,800,false],"trp-custom-language-flag":["https:\/\/rmvapesale.com\/wp-content\/uploads\/2024\/11\/VOPK-Shisha-Hookah-BAR-20000-Puff-Disposable-Vape.jpg",12,12,false],"woocommerce_thumbnail":["https:\/\/rmvapesale.com\/wp-content\/uploads\/2024\/11\/VOPK-Shisha-Hookah-BAR-20000-Puff-Disposable-Vape-300x300.jpg",300,300,true],"woocommerce_single":["https:\/\/rmvapesale.com\/wp-content\/uploads\/2024\/11\/VOPK-Shisha-Hookah-BAR-20000-Puff-Disposable-Vape-600x600.jpg",600,600,true],"woocommerce_gallery_thumbnail":["https:\/\/rmvapesale.com\/wp-content\/uploads\/2024\/11\/VOPK-Shisha-Hookah-BAR-20000-Puff-Disposable-Vape-100x100.jpg",100,100,true],"wcpr-photo-reviews":["https:\/\/rmvapesale.com\/wp-content\/uploads\/2024\/11\/VOPK-Shisha-Hookah-BAR-20000-Puff-Disposable-Vape.jpg",500,500,false]},"uagb_author_info":{"display_name":"AMY","author_link":"https:\/\/rmvapesale.com\/pl\/author\/"},"uagb_comment_info":0,"uagb_excerpt":"VOPK Shisha Hookah BAR Wholesale 20000 Puffs Bulk Buy VOPK Shisha BAR 20000 Puffs 0% 2% 3% 5% Low Nicotine Disposable Vape Wholesale Shisha Hookah VOPK 20000 Puffs Bulk Buy Rechargeable Disposable Vape WhatsApp: +86 17776015835 &nbsp;","_links":{"self":[{"href":"https:\/\/rmvapesale.com\/pl\/wp-json\/wp\/v2\/product\/2661","targetHints":{"allow":["GET"]}}],"collection":[{"href":"https:\/\/rmvapesale.com\/pl\/wp-json\/wp\/v2\/product"}],"about":[{"href":"https:\/\/rmvapesale.com\/pl\/wp-json\/wp\/v2\/types\/product"}],"replies":[{"embeddable":true,"href":"https:\/\/rmvapesale.com\/pl\/wp-json\/wp\/v2\/comments?post=2661"}],"wp:featuredmedia":[{"embeddable":true,"href":"https:\/\/rmvapesale.com\/pl\/wp-json\/wp\/v2\/media\/2657"}],"wp:attachment":[{"href":"https:\/\/rmvapesale.com\/pl\/wp-json\/wp\/v2\/media?parent=2661"}],"wp:term":[{"taxonomy":"product_brand","embeddable":true,"href":"https:\/\/rmvapesale.com\/pl\/wp-json\/wp\/v2\/product_brand?post=2661"},{"taxonomy":"product_cat","embeddable":true,"href":"https:\/\/rmvapesale.com\/pl\/wp-json\/wp\/v2\/product_cat?post=2661"},{"taxonomy":"product_tag","embeddable":true,"href":"https:\/\/rmvapesale.com\/pl\/wp-json\/wp\/v2\/product_tag?post=2661"}],"curies":[{"name":"wp","href":"https:\/\/api.w.org\/{rel}","templated":true}]}}