{"id":2670,"date":"2024-11-05T09:03:06","date_gmt":"2024-11-05T09:03:06","guid":{"rendered":"https:\/\/rmvapesale.com\/?post_type=product&#038;p=2670"},"modified":"2024-11-05T09:49:38","modified_gmt":"2024-11-05T09:49:38","slug":"elfbar-combo-25000-puffs-rechargeable-disposable-vape-wholesale","status":"publish","type":"product","link":"https:\/\/rmvapesale.com\/pl\/product\/elfbar-combo-25000-puffs-rechargeable-disposable-vape-wholesale\/","title":{"rendered":"ElfBar Combo 25000 zaci\u0105gni\u0119\u0107, \u0142adowalny, jednorazowy e-papieros, sprzeda\u017c hurtowa"},"content":{"rendered":"<div class=\"B2VR9 CJHX3e\">\n<div class=\"wyccme\">\n<h1 class=\"LC20lb MBeuO DKV0Md\">ElfBar Combo 25000 zaci\u0105gni\u0119\u0107, \u0142adowalny, jednorazowy e-papieros, sprzeda\u017c hurtowa<\/h1>\n<div class=\"flex-shrink-0 flex flex-col relative items-end\">\n<div class=\"pt-0\">\n<div class=\"gizmo-bot-avatar flex h-8 w-8 items-center justify-center overflow-hidden rounded-full\">\n<div class=\"relative p-1 rounded-sm flex items-center justify-center bg-token-main-surface-primary text-token-text-primary h-8 w-8\">\n<p>Ten <strong>Jednorazowy waporyzator Elfbar Combo 25000 zaci\u0105gni\u0119\u0107<\/strong> to innowacyjne i wszechstronne urz\u0105dzenie, zaprojektowane, aby zrewolucjonizowa\u0107 Twoje do\u015bwiadczenia z wapowaniem. Dzi\u0119ki eleganckiemu i stylowemu wzornictwu \u0142\u0105czy w sobie <strong>dwa r\u00f3\u017cne smaki<\/strong> i zapewnia <strong>podw\u00f3jne tryby wapowania<\/strong>, oferuj\u0105c niezr\u00f3wnan\u0105 r\u00f3\u017cnorodno\u015b\u0107 i satysfakcj\u0119. To urz\u0105dzenie wyr\u00f3\u017cnia si\u0119 spo\u015br\u00f3d <strong>popularne marki jednorazowych e-papieros\u00f3w<\/strong> dzi\u0119ki swojej doskona\u0142ej technologii i wygodzie.<\/p>\n<h3><strong>Czysty<\/strong><\/h3>\n<p>Delektuj si\u0119 niesamowit\u0105 kombinacj\u0105 smak\u00f3w <strong>Zielonego Jab\u0142ka<\/strong> i <strong>Podw\u00f3jnego Jab\u0142ka Shisha<\/strong>, fachowo zmieszanych, aby dostarczy\u0107 orze\u017awiaj\u0105ce i inspirowane shish\u0105 doznania smakowe. <strong>Saszetki ElfBar Combo 25000<\/strong> zapewnia, \u017ce ka\u017cde zaci\u0105gni\u0119cie jest g\u0142adkie i aromatyczne, co czyni go jednym z <strong>najlepszych jednorazowych waporyzator\u00f3w 2024<\/strong>.<\/p>\n<h3><strong>Du\u017ca ilo\u015b\u0107 zaci\u0105gni\u0119\u0107<\/strong><\/h3>\n<p>Ciesz si\u0119 a\u017c do <strong>25 000 zaci\u0105gni\u0119\u0107<\/strong> z 25 ml zbiornika e-liquidu, co zapewnia d\u0142ugotrwa\u0142\u0105 satysfakcj\u0119 bez k\u0142opot\u00f3w z cz\u0119st\u0105 wymian\u0105. To urz\u0105dzenie jest idealne dla tych, kt\u00f3rzy chc\u0105 d\u0142ugo z niego korzysta\u0107, zar\u00f3wno w podr\u00f3\u017cy, jak i na co dzie\u0144.<\/p>\n<h3><strong>Inteligentny ekran<\/strong><\/h3>\n<p>Wyposa\u017cony w <strong>inteligentny wy\u015bwietlacz<\/strong>, <strong>Elf bar Combo 25000<\/strong> daje Ci w czasie rzeczywistym aktualizacje dotycz\u0105ce trybu smaku, poziomu mocy, statusu e-liquidu i \u017cywotno\u015bci baterii. <strong>udoskonalony podw\u00f3jny system przep\u0142ywu powietrza<\/strong> zapewnia konfigurowalne opcje, wzbogacaj\u0105c Twoje do\u015bwiadczenie z vapowaniem o czyst\u0105 i sp\u00f3jn\u0105 par\u0119.<\/p>\n<h3><strong>Wielokrotnego \u0142adowania dla wygody<\/strong><\/h3>\n<p>Po\u017cegnaj si\u0119 z niewygod\u0105 jednorazowych vape'\u00f3w, dzi\u0119ki <strong>Akumulator 850 mAh<\/strong>. Wydajny projekt, w po\u0142\u0105czeniu z wygodnym <strong>szybkiego \u0142adowania typu C<\/strong>, zapewnia minimalne przestoje mi\u0119dzy u\u017cyciami, co czyni go wyj\u0105tkowym wyborem w\u015br\u00f3d <strong>vapy wielokrotnego \u0142adowania<\/strong>.<\/p>\n<h3><strong>Wysokiej jako\u015bci st\u0119\u017cenie nikotyny<\/strong><\/h3>\n<p>Dzi\u0119ki <strong>5% (50 mg) st\u0119\u017cenie nikotyny<\/strong>, <strong>Elf Bar Combo 25000<\/strong> oferuje satysfakcjonuj\u0105ce uderzenie, kt\u00f3re jest idealne dla vaper\u00f3w szukaj\u0105cych solidnego do\u015bwiadczenia z nikotyn\u0105.<\/p>\n<h3><strong>Dost\u0119pno\u015b\u0107 hurtowa<\/strong><\/h3>\n<p>Ten <strong>Elfbar Combo 25000<\/strong> jest dost\u0119pny w cenach <strong>hurtowni waporyzator\u00f3w<\/strong> hurtowych, co czyni go idealn\u0105 opcj\u0105 dla sprzedawc\u00f3w detalicznych i dystrybutor\u00f3w, kt\u00f3rzy chc\u0105 zaopatrzy\u0107 si\u0119 w <strong>popularne vape<\/strong>Odwied\u017a renomowanych <strong>sklep\u00f3w z vape<\/strong> lub kup u <strong>jednorazowych vape online<\/strong> dostawc\u00f3w, aby uzyska\u0107 najlepsze oferty na produkty <strong>Elf Bar<\/strong> .<\/p>\n<p>Dla tych, kt\u00f3rzy szukaj\u0105 wyj\u0105tkowego <strong>e-papieros\u00f3w z zaci\u0105gni\u0119ciami<\/strong> , kt\u00f3ry p\u0142ynnie \u0142\u0105czy smak, innowacyjno\u015b\u0107 i wygod\u0119, <strong>Elfbar Combo 25000 Puffs<\/strong> jest ostatecznym wyborem. Prze\u017cyj to, co najlepsze w technologii waporyzacji dzi\u0119ki temu <strong>ELF BAR<\/strong> marvel.<\/p>\n<p>Kup sw\u00f3j ju\u017c dzi\u015b od <strong>ELFBAR<\/strong> dystrybutor\u00f3w i do\u0142\u0105cz do spo\u0142eczno\u015bci zadowolonych vaper\u00f3w, ciesz\u0105cych si\u0119 jedn\u0105 z <strong>najlepszych marek jednorazowych e-papieros\u00f3w<\/strong> w bran\u017cy!<\/p>\n<\/div>\n<\/div>\n<\/div>\n<\/div>\n<\/div>\n<\/div>\n<p><strong>Skontaktuj si\u0119 z Amy, aby uzyska\u0107 w\u0142a\u015bciw\u0105 odpowied\u017a i kupon na e-papierosa!<\/strong><\/p>\n<p><img loading=\"lazy\" decoding=\"async\" class=\"size-full wp-image-1978\" src=\"https:\/\/rmvapesale.com\/wp-content\/uploads\/2024\/09\/Disposable-Vape-Wholesale.jpg\" alt=\"Hurtownia Jednorazowych E-papieros\u00f3w\" width=\"229\" height=\"300\" \/><\/p>\n<h3><a href=\"https:\/\/wa.me\/8617776015835\" target=\"_blank\" rel=\"noopener\"><span style=\"color: #ff0000\"><strong>WhatsApp: +86 17776015835<\/strong><\/span><\/a><\/h3>\n<p>&nbsp;<\/p>\n<h2><\/h2>\n<h2><strong>ElfBar Combo 25000 Jednorazowy E-papieros z Mo\u017cliwo\u015bci\u0105 \u0141adowania <\/strong><strong>G\u0142\u00f3wne cechy<\/strong><\/h2>\n<p>Model: COMBO 25000<br \/>\nSmaki: Zielone Jab\u0142ko + Podw\u00f3jne Jab\u0142ko Shisha<br \/>\nChmury: 25000<br \/>\nSi\u0142a nikotyny: 5% (50 mg)<br \/>\nPojemno\u015b\u0107 p\u0142ynu: 25 ml<br \/>\nBateria<br \/>\nPojemno\u015b\u0107 baterii: 700mAh<\/p>\n<p>&nbsp;<\/p>\n<h2><strong>Najlepsze smaki dla ElfBar Combo 25000 Puffs<\/strong><\/h2>\n<p>&nbsp;<\/p>\n<p>1. Arbuz+Truskawka <span style=\"color: #ff0000\"><strong>&gt;&gt;&gt;&gt; Gor\u0105ce!<\/strong><\/span><br \/>\n2. Jab\u0142ko+Sok Brzoskwiniowy<br \/>\n3. Winogrono+Nap\u00f3j Mary<br \/>\n4. Zielone Winogrono+Winogrono <span style=\"color: #ff0000\"><strong>&gt;&gt;&gt;&gt; Najlepsze!<\/strong><\/span><br \/>\n5. Zielone Jab\u0142ko+Podw\u00f3jne Jab\u0142ko<br \/>\n6. Limonka+Ananas<br \/>\n7. Brzoskwinia Mango+Arbuz <span style=\"color: #ff0000\"><strong>&gt;&gt;&gt;&gt; Gor\u0105ce!<\/strong><\/span><\/p>\n<figure id=\"attachment_2663\" aria-describedby=\"caption-attachment-2663\" style=\"width: 286px\" class=\"wp-caption alignnone\"><img loading=\"lazy\" decoding=\"async\" class=\"size-medium wp-image-2663\" src=\"https:\/\/rmvapesale.com\/wp-content\/uploads\/2024\/11\/Elf-Bar-COMBO-25000-Disposable-Vape-286x300.jpg\" alt=\"Elf Bar COMBO 25000 Jednorazowy E-papieros\" width=\"286\" height=\"300\" srcset=\"https:\/\/rmvapesale.com\/wp-content\/uploads\/2024\/11\/Elf-Bar-COMBO-25000-Disposable-Vape-286x300.jpg 286w, https:\/\/rmvapesale.com\/wp-content\/uploads\/2024\/11\/Elf-Bar-COMBO-25000-Disposable-Vape-975x1024.jpg 975w, https:\/\/rmvapesale.com\/wp-content\/uploads\/2024\/11\/Elf-Bar-COMBO-25000-Disposable-Vape-768x806.jpg 768w, https:\/\/rmvapesale.com\/wp-content\/uploads\/2024\/11\/Elf-Bar-COMBO-25000-Disposable-Vape-600x630.jpg 600w, https:\/\/rmvapesale.com\/wp-content\/uploads\/2024\/11\/Elf-Bar-COMBO-25000-Disposable-Vape.jpg 1000w\" sizes=\"auto, (max-width: 286px) 100vw, 286px\" \/><figcaption id=\"caption-attachment-2663\" class=\"wp-caption-text\">Elf Bar COMBO 25000 Jednorazowy E-papieros<\/figcaption><\/figure>\n<h3><strong>Dlaczego warto wybra\u0107 Rmvapesale dla Elf Bar <\/strong><strong>Jednorazowy V<\/strong><strong>Sprzeda\u017c hurtowa e-papieros\u00f3w<\/strong><strong>?<\/strong><\/h3>\n<div class=\"flex-shrink-0 flex flex-col relative items-end\">\n<div class=\"pt-0\">\n<div class=\"gizmo-bot-avatar flex h-8 w-8 items-center justify-center overflow-hidden rounded-full\">\n<div class=\"relative p-1 rounded-sm flex items-center justify-center bg-token-main-surface-primary text-token-text-primary h-8 w-8\">\n<p>Witaj w Rmvapesale, Twoim zaufanym sklepie z e-papierosami, oferuj\u0105cym jednorazowe produkty najwy\u017cszej jako\u015bci. Z ponad 5-letnim do\u015bwiadczeniem, dostarczamy popularne marki jednorazowych e-papieros\u00f3w, takie jak Al Fakher, Vapme Vape, <a href=\"https:\/\/rmvapesale.com\/pl\/product\/vapme-crystal-7000-puffs-rechargeable-disposable-vape-price\/\">Vapme<\/a>, <a href=\"https:\/\/rmvapesale.com\/pl\/product-category\/bang-vapes\/\">Bang Vape<\/a>, Waspe, <a href=\"https:\/\/rmvapesale.com\/pl\/product\/wga-crystal-pro-max-extra-15k-puffs-disposable-vape-wholesale\/\">WGA<\/a> Vape i<a href=\"https:\/\/rmvapesale.com\/pl\/product-category\/randm-fumot-vape\/\"> RandM Vape<\/a>.<\/p>\n<p>Nasza oferta obejmuje popularne e-papierosy, takie jak <a href=\"https:\/\/rmvapesale.com\/pl\/product\/fumot-digital-box-12000-disposable-vape-pink-lemonade-flavor\/\">RandM 12k<\/a> oraz bogate w smaki opcje, jak <a href=\"https:\/\/rmvapesale.com\/pl\/product\/wga-crystal-plus-20000-puff-dual-flavour-disposable-vape\/\">WGA 20K Puff<\/a>. Ka\u017cdy produkt jest wybierany z my\u015bl\u0105 o jako\u015bci, warto\u015bci i r\u00f3\u017cnorodno\u015bci, dzi\u0119ki czemu na pewno znajdziesz idealny dla siebie. Odkryj wyj\u0105tkow\u0105 obs\u0142ug\u0119 i szerok\u0105 gam\u0119 najlepszych produkt\u00f3w na Rmvapesale.<\/p>\n<\/div>\n<h3><\/h3>\n<div class=\"relative p-1 rounded-sm flex items-center justify-center bg-token-main-surface-primary text-token-text-primary h-8 w-8\">\n<h3><b>Elf Bar Vape COMBO 25000 Zaci\u0105gni\u0119\u0107 FAQ<\/b><\/h3>\n<\/div>\n<h3>1. <strong>Sk\u0105d mam wiedzie\u0107, kiedy m\u00f3j jednorazowy pod ElfBar jest pusty?<\/strong><\/h3>\n<ul>\n<li>Ten <strong>inteligentny wy\u015bwietlacz<\/strong> na Elf Bar Combo 25000 zapewnia wyra\u017ane wskazanie poziomu e-liquidu. Kiedy ekran pokazuje, \u017ce poziom e-liquidu jest niski lub pusty, lub je\u015bli zauwa\u017cysz wyra\u017any spadek smaku i produkcji pary, nadszed\u0142 czas, aby wymieni\u0107 urz\u0105dzenie.<\/li>\n<\/ul>\n<h3>2. <strong>Ile czasu zajmuje na\u0142adowanie ElfBar Combo 25000 Puffs?<\/strong><\/h3>\n<ul>\n<li>Elf Bar Combo 25000 jest wyposa\u017cony w <strong>akumulator o pojemno\u015bci 700mAh<\/strong> i \u0142aduje si\u0119 szybko za pomoc\u0105 <strong>port \u0142adowania Type-C<\/strong>. Zazwyczaj pe\u0142ne na\u0142adowanie zajmuje oko\u0142o <strong>1 do 2 godzin<\/strong> w zale\u017cno\u015bci od \u017ar\u00f3d\u0142a zasilania.<\/li>\n<\/ul>\n<h3>3. <strong>Ile nikotyny jest w Elf Bar Vape Combo 25000 Puffs?<\/strong><\/h3>\n<ul>\n<li>Elf Bar Combo 25000 zawiera <strong>5% (50 mg) st\u0119\u017cenie nikotyny<\/strong>, co zapewnia mocne i satysfakcjonuj\u0105ce do\u015bwiadczenie odpowiednie dla tych, kt\u00f3rzy preferuj\u0105 wy\u017csze st\u0119\u017cenia nikotyny.<\/li>\n<\/ul>\n<h3>4. <strong>Gdzie mog\u0119 kupi\u0107 ElfBar Combo 25000 Puffs w cenach hurtowych?<\/strong><\/h3>\n<ul>\n<li>Mo\u017cesz kupi\u0107 Elf Bar Combo 25000 Puffs w <strong>cenach hurtowych<\/strong> od r\u00f3\u017cnych internetowych dystrybutor\u00f3w vape lub wyspecjalizowanych <strong>hurtowni vape<\/strong>. Sprawd\u017a niezawodnych <strong>sklep\u00f3w z vape<\/strong> i sklepy internetowe, kt\u00f3re oferuj\u0105 <strong>zakupy hurtowe<\/strong> opcje dla produkt\u00f3w Elf Bar.<\/li>\n<\/ul>\n<h3>5. <strong>Czy mog\u0119 zabra\u0107 jednorazowego e-papierosa do samolotu?<\/strong><\/h3>\n<ul>\n<li>Tak, mo\u017cesz zabra\u0107 <strong>jednorazowy vape<\/strong> na pok\u0142adzie samolotu, ale musi by\u0107 spakowane w Twoim <strong>baga\u017cu podr\u0119cznym<\/strong>. Upewnij si\u0119, \u017ce urz\u0105dzenie jest wy\u0142\u0105czone i bezpiecznie schowane, i pami\u0119taj, aby sprawdzi\u0107 konkretne przepisy linii lotniczych oraz zasady dotycz\u0105ce wapowania w kraju docelowym.<\/li>\n<\/ul>\n<\/div>\n<\/div>\n<\/div>\n<h3>O wysy\u0142ce<\/h3>\n<div class=\"flex-shrink-0 flex flex-col relative items-end\">\n<div>\n<div class=\"pt-0\">\n<div class=\"gizmo-bot-avatar flex h-8 w-8 items-center justify-center overflow-hidden rounded-full\">\n<div><\/div>\n<div class=\"relative p-1 rounded-sm flex items-center justify-center bg-token-main-surface-primary text-token-text-primary h-8 w-8\"><strong>1. Jakie metody wysy\u0142ki s\u0105 stosowane?<\/strong><\/div>\n<\/div>\n<\/div>\n<\/div>\n<\/div>\n<div class=\"group\/conversation-turn relative flex w-full min-w-0 flex-col agent-turn\">\n<div class=\"flex-col gap-1 md:gap-3\">\n<div class=\"flex max-w-full flex-col flex-grow\">\n<div class=\"min-h-[20px] text-message flex w-full flex-col items-end gap-2 whitespace-normal break-words [.text-message+&amp;]:mt-5 overflow-x-auto\" dir=\"auto\" data-message-author-role=\"assistant\" data-message-id=\"22f8283b-3233-46ff-89a5-c7a41b33abda\">\n<div class=\"flex w-full flex-col gap-1 empty:hidden first:pt-[3px]\">\n<div class=\"markdown prose w-full break-words dark:prose-invert light\">\n<p>Wsp\u00f3\u0142pracujemy z UPS, DHL, FedEx, DPD i innymi wiod\u0105cymi przewo\u017anikami. Wybierzemy najlepsz\u0105 metod\u0119 wysy\u0142ki w oparciu o Twoj\u0105 lokalizacj\u0119, aby zapewni\u0107, \u017ce otrzymasz swoje produkty tak szybko, jak to mo\u017cliwe.<\/p>\n<\/div>\n<p><strong>2. Ile czasu zajmuje dostawa?<\/strong><\/p>\n<p>Paczki wysy\u0142ane do Polski zazwyczaj docieraj\u0105 w ci\u0105gu 10 dni roboczych. Wysy\u0142ka do innych kraj\u00f3w europejskich trwa zwykle oko\u0142o 12-15 dni roboczych. B\u0119dziemy dostarcza\u0107 aktualizacje w czasie rzeczywistym na temat statusu Twojej przesy\u0142ki.<\/p>\n<\/div>\n<\/div>\n<\/div>\n<\/div>\n<\/div>\n<p>&nbsp;<\/p>\n<p>Znajd\u017a wi\u0119cej produkt\u00f3w Vape, kt\u00f3re mog\u0105 Ci si\u0119 spodoba\u0107:<strong><em><a href=\"https:\/\/rmvapesale.com\/pl\/shop-2\/\">kup teraz &gt;&gt;&gt;<\/a><\/em><\/strong><\/p>","protected":false},"excerpt":{"rendered":"<p>ELFBAR COMBO 25000 Zielone Jab\u0142ko + Podw\u00f3jne Jab\u0142ko<br \/>\nWaporyzator ELFBAR COMBO 25000 zaci\u0105gni\u0119\u0107 Hurtowa cena fabryczna<br \/>\nSaszetki ElfBar COMBO 25000 Kup w hurcie 5% Nikotyny<\/p>\n<p><img loading=\"lazy\" decoding=\"async\" class=\"size-full wp-image-2375\" src=\"https:\/\/rmvapesale.com\/wp-content\/uploads\/2024\/10\/image.png\" alt=\"Najlepszy Jednorazowy E-papieros\" width=\"229\" height=\"300\" \/><\/p>\n<h3><a href=\"https:\/\/wa.me\/8617776015835\"><span style=\"color: #ff0000\"><strong>WhatsApp: +86 17776015835<\/strong><\/span><\/a><\/h3>\n<p>&nbsp;<\/p>","protected":false},"featured_media":2662,"comment_status":"open","ping_status":"closed","template":"","meta":{"_uag_custom_page_level_css":"","_lmt_disableupdate":"no","_lmt_disable":"","site-sidebar-layout":"default","site-content-layout":"content-boxed-container","ast-site-content-layout":"normal-width-container","site-content-style":"boxed","site-sidebar-style":"unboxed","ast-global-header-display":"","ast-banner-title-visibility":"","ast-main-header-display":"","ast-hfb-above-header-display":"","ast-hfb-below-header-display":"","ast-hfb-mobile-header-display":"","site-post-title":"","ast-breadcrumbs-content":"","ast-featured-img":"","footer-sml-layout":"","theme-transparent-header-meta":"default","adv-header-id-meta":"","stick-header-meta":"","header-above-stick-meta":"","header-main-stick-meta":"","header-below-stick-meta":"","astra-migrate-meta-layouts":"set","ast-page-background-enabled":"default","ast-page-background-meta":{"desktop":{"background-color":"var(--ast-global-color-4)","background-image":"","background-repeat":"repeat","background-position":"center center","background-size":"auto","background-attachment":"scroll","background-type":"","background-media":"","overlay-type":"","overlay-color":"","overlay-opacity":"","overlay-gradient":""},"tablet":{"background-color":"","background-image":"","background-repeat":"repeat","background-position":"center center","background-size":"auto","background-attachment":"scroll","background-type":"","background-media":"","overlay-type":"","overlay-color":"","overlay-opacity":"","overlay-gradient":""},"mobile":{"background-color":"","background-image":"","background-repeat":"repeat","background-position":"center center","background-size":"auto","background-attachment":"scroll","background-type":"","background-media":"","overlay-type":"","overlay-color":"","overlay-opacity":"","overlay-gradient":""}},"ast-content-background-meta":{"desktop":{"background-color":"var(--ast-global-color-5)","background-image":"","background-repeat":"repeat","background-position":"center center","background-size":"auto","background-attachment":"scroll","background-type":"","background-media":"","overlay-type":"","overlay-color":"","overlay-opacity":"","overlay-gradient":""},"tablet":{"background-color":"var(--ast-global-color-5)","background-image":"","background-repeat":"repeat","background-position":"center center","background-size":"auto","background-attachment":"scroll","background-type":"","background-media":"","overlay-type":"","overlay-color":"","overlay-opacity":"","overlay-gradient":""},"mobile":{"background-color":"var(--ast-global-color-5)","background-image":"","background-repeat":"repeat","background-position":"center center","background-size":"auto","background-attachment":"scroll","background-type":"","background-media":"","overlay-type":"","overlay-color":"","overlay-opacity":"","overlay-gradient":""}},"_joinchat":[]},"product_brand":[],"product_cat":[15,25,123,26,28,135,27,137,136,30],"product_tag":[146,188,200,167,201,202,165,180,120],"class_list":{"0":"post-2670","1":"product","2":"type-product","3":"status-publish","4":"has-post-thumbnail","6":"product_cat-new-vape-this-week","7":"product_cat-germany-best-selling-vape","8":"product_cat-italy-wholesale-vape","9":"product_cat-netherlands-hot-sale-vape","10":"product_cat-poland-hot-sale-vape","11":"product_cat-spain-best-hot-sale-vape","12":"product_cat-fance-hot-sale-vape","13":"product_cat-rechargeable-vapes","14":"product_cat-smart-screen-vapes","15":"product_cat-minimum-order-quantity-50pcs","16":"product_tag-best-hot-sale-vape","17":"product_tag-buy-vapes-online","18":"product_tag-disposable-hookah-wholesale","19":"product_tag-disposable-vape-with-screen","20":"product_tag-elfbar","21":"product_tag-elfbar-pods","22":"product_tag-rechargeable-vapes","23":"product_tag-shisha-bar","24":"product_tag-vape-wholesale","25":"desktop-align-left","26":"tablet-align-left","27":"mobile-align-left","29":"first","30":"instock","31":"sale","32":"shipping-taxable","33":"purchasable","34":"product-type-simple"},"uagb_featured_image_src":{"full":["https:\/\/rmvapesale.com\/wp-content\/uploads\/2024\/11\/Elf-Bar-COMBO-25000-Blackurrant-Raspberry-Grape.jpg",1000,1000,false],"thumbnail":["https:\/\/rmvapesale.com\/wp-content\/uploads\/2024\/11\/Elf-Bar-COMBO-25000-Blackurrant-Raspberry-Grape-150x150.jpg",150,150,true],"medium":["https:\/\/rmvapesale.com\/wp-content\/uploads\/2024\/11\/Elf-Bar-COMBO-25000-Blackurrant-Raspberry-Grape-300x300.jpg",300,300,true],"medium_large":["https:\/\/rmvapesale.com\/wp-content\/uploads\/2024\/11\/Elf-Bar-COMBO-25000-Blackurrant-Raspberry-Grape-768x768.jpg",768,768,true],"large":["https:\/\/rmvapesale.com\/wp-content\/uploads\/2024\/11\/Elf-Bar-COMBO-25000-Blackurrant-Raspberry-Grape.jpg",1000,1000,false],"1536x1536":["https:\/\/rmvapesale.com\/wp-content\/uploads\/2024\/11\/Elf-Bar-COMBO-25000-Blackurrant-Raspberry-Grape.jpg",1000,1000,false],"2048x2048":["https:\/\/rmvapesale.com\/wp-content\/uploads\/2024\/11\/Elf-Bar-COMBO-25000-Blackurrant-Raspberry-Grape.jpg",1000,1000,false],"trp-custom-language-flag":["https:\/\/rmvapesale.com\/wp-content\/uploads\/2024\/11\/Elf-Bar-COMBO-25000-Blackurrant-Raspberry-Grape.jpg",12,12,false],"woocommerce_thumbnail":["https:\/\/rmvapesale.com\/wp-content\/uploads\/2024\/11\/Elf-Bar-COMBO-25000-Blackurrant-Raspberry-Grape-300x300.jpg",300,300,true],"woocommerce_single":["https:\/\/rmvapesale.com\/wp-content\/uploads\/2024\/11\/Elf-Bar-COMBO-25000-Blackurrant-Raspberry-Grape-600x600.jpg",600,600,true],"woocommerce_gallery_thumbnail":["https:\/\/rmvapesale.com\/wp-content\/uploads\/2024\/11\/Elf-Bar-COMBO-25000-Blackurrant-Raspberry-Grape-100x100.jpg",100,100,true],"wcpr-photo-reviews":["https:\/\/rmvapesale.com\/wp-content\/uploads\/2024\/11\/Elf-Bar-COMBO-25000-Blackurrant-Raspberry-Grape.jpg",500,500,false]},"uagb_author_info":{"display_name":"AMY","author_link":"https:\/\/rmvapesale.com\/pl\/author\/"},"uagb_comment_info":0,"uagb_excerpt":"ELFBAR COMBO 25000 Green Apple + Double Apple ELFBAR Vape COMBO 25000 puff Wholesale Factory Price ElfBar Pods COMBO 25000 Bulk Buy 5% Nicotine WhatsApp: +86 17776015835 &nbsp;","_links":{"self":[{"href":"https:\/\/rmvapesale.com\/pl\/wp-json\/wp\/v2\/product\/2670","targetHints":{"allow":["GET"]}}],"collection":[{"href":"https:\/\/rmvapesale.com\/pl\/wp-json\/wp\/v2\/product"}],"about":[{"href":"https:\/\/rmvapesale.com\/pl\/wp-json\/wp\/v2\/types\/product"}],"replies":[{"embeddable":true,"href":"https:\/\/rmvapesale.com\/pl\/wp-json\/wp\/v2\/comments?post=2670"}],"wp:featuredmedia":[{"embeddable":true,"href":"https:\/\/rmvapesale.com\/pl\/wp-json\/wp\/v2\/media\/2662"}],"wp:attachment":[{"href":"https:\/\/rmvapesale.com\/pl\/wp-json\/wp\/v2\/media?parent=2670"}],"wp:term":[{"taxonomy":"product_brand","embeddable":true,"href":"https:\/\/rmvapesale.com\/pl\/wp-json\/wp\/v2\/product_brand?post=2670"},{"taxonomy":"product_cat","embeddable":true,"href":"https:\/\/rmvapesale.com\/pl\/wp-json\/wp\/v2\/product_cat?post=2670"},{"taxonomy":"product_tag","embeddable":true,"href":"https:\/\/rmvapesale.com\/pl\/wp-json\/wp\/v2\/product_tag?post=2670"}],"curies":[{"name":"wp","href":"https:\/\/api.w.org\/{rel}","templated":true}]}}