{"id":2678,"date":"2024-11-06T09:28:10","date_gmt":"2024-11-06T09:28:10","guid":{"rendered":"https:\/\/rmvapesale.com\/?post_type=product&#038;p=2678"},"modified":"2024-11-06T10:01:09","modified_gmt":"2024-11-06T10:01:09","slug":"vozol-star-20000-puffs-rechargeable-disposable-vape-wholesale-uk","status":"publish","type":"product","link":"https:\/\/rmvapesale.com\/pl\/product\/vozol-star-20000-puffs-rechargeable-disposable-vape-wholesale-uk\/","title":{"rendered":"VOZOL Star 20000 Zaci\u0105gni\u0119\u0107 Akumulator Vape Jednorazowe Hurtownia Polska"},"content":{"rendered":"<h1>VOZOL Star 20000 Puffs Jednorazowy Vape z Mo\u017cliwo\u015bci\u0105 \u0141adowania Hurtowo Polska<\/h1>\n<p><strong>VOZOL Star 20000 Puffs Jednorazowy Vape z Mo\u017cliwo\u015bci\u0105 \u0141adowania<\/strong>, to urz\u0105dzenie do wapowania premium, zaprojektowane dla tych, kt\u00f3rzy wymagaj\u0105 jako\u015bci, wygody i stylu. Idealne dla waper\u00f3w w Polsce szukaj\u0105cych d\u0142ugotrwa\u0142ych i satysfakcjonuj\u0105cych sesji, ten jednorazowy vape \u0142\u0105czy najnowocze\u015bniejsz\u0105 technologi\u0119 z eleganckim i przyjaznym dla u\u017cytkownika designem.<\/p>\n<p>Ten <strong>VOZOL Star 20000 Puffs Jednorazowy Vape<\/strong> to najlepszy wyb\u00f3r w\u015br\u00f3d popularnych marek jednorazowych vape, \u0142\u0105cz\u0105cy wygod\u0119 z doskona\u0142\u0105 wydajno\u015bci\u0105. Niezale\u017cnie od tego, czy szukasz <strong>najlepszego jednorazowego vape 2024<\/strong>, pot\u0119\u017cnej <strong>e-papieros\u00f3w z zaci\u0105gni\u0119ciami<\/strong> opcji, czy urz\u0105dzenia, kt\u00f3re szybko si\u0119 \u0142aduje, VOZOL Star spe\u0142nia wszystkie wymagania. Dost\u0119pny dla <strong>hurtowni waporyzator\u00f3w<\/strong> i indywidualnych zakup\u00f3w, idealnie pasuje do tych, kt\u00f3rzy chc\u0105 jako\u015bci i ilo\u015bci w jednym pakiecie.<\/p>\n<p>Dla waper\u00f3w w Polsce, znajd\u017a <strong>VOZOL Star 20000 Puffs Jednorazowy Vape<\/strong> u zaufanych <strong>hurtowych dystrybutor\u00f3w vape<\/strong> lub zam\u00f3w z niezawodnych <strong>jednorazowych vape online<\/strong> platformy. Jako popularny wyb\u00f3r w\u015br\u00f3d <strong>vapy wielokrotnego \u0142adowania<\/strong>, VOZOL zapewnia, \u017ce cieszysz si\u0119 ka\u017cdym zaci\u0105gni\u0119ciem bez kompromis\u00f3w w kwestii smaku i wydajno\u015bci.<\/p>\n<p>Odkryj najlepsze do\u015bwiadczenie waporyzacji z <strong>VOZOL Star 20000<\/strong>. Zam\u00f3w ju\u017c dzi\u015b i podnie\u015b poziom swojej gry w wapowanie w najwygodniejszy i najbardziej smakowity spos\u00f3b!<\/p>\n<p>&nbsp;<\/p>\n<p><strong>Skontaktuj si\u0119 z Amy, aby uzyska\u0107 w\u0142a\u015bciw\u0105 odpowied\u017a i cen\u0119 hurtow\u0105!<\/strong><\/p>\n<p><img loading=\"lazy\" decoding=\"async\" class=\"size-medium wp-image-1814\" src=\"https:\/\/rmvapesale.com\/wp-content\/uploads\/2024\/04\/whatsapp-amy-229x300.jpg\" alt=\"whatsapp amy\" width=\"229\" height=\"300\" srcset=\"https:\/\/rmvapesale.com\/wp-content\/uploads\/2024\/04\/whatsapp-amy-229x300.jpg 229w, https:\/\/rmvapesale.com\/wp-content\/uploads\/2024\/04\/whatsapp-amy-783x1024.jpg 783w, https:\/\/rmvapesale.com\/wp-content\/uploads\/2024\/04\/whatsapp-amy-768x1005.jpg 768w, https:\/\/rmvapesale.com\/wp-content\/uploads\/2024\/04\/whatsapp-amy-600x785.jpg 600w, https:\/\/rmvapesale.com\/wp-content\/uploads\/2024\/04\/whatsapp-amy.jpg 990w\" sizes=\"auto, (max-width: 229px) 100vw, 229px\" \/><\/p>\n<h2><\/h2>\n<h2><strong>VOZOL Star 20000 Puffs Vape z mo\u017cliwo\u015bci\u0105 \u0142adowania <\/strong><\/h2>\n<h2><strong>G\u0142\u00f3wne cechy<\/strong><\/h2>\n<p>Marka: Vozol<br \/>\nModel: Star 20000<br \/>\nZaci\u0105gni\u0119cia: Do 20000 w trybie Eco (Tryb Power 15000)<br \/>\nTyp cewki: Podw\u00f3jna cewka Mesh<br \/>\nWy\u015bwietlacz: Kolorowy ekran<br \/>\nDesign: W pe\u0142ni transparentny<br \/>\nBateria: 650mAh<br \/>\nPojemno\u015b\u0107 p\u0142ynu: 24ML<\/p>\n<p>&nbsp;<\/p>\n<figure id=\"attachment_2677\" aria-describedby=\"caption-attachment-2677\" style=\"width: 550px\" class=\"wp-caption alignnone\"><img loading=\"lazy\" decoding=\"async\" class=\"wp-image-2677 size-full\" src=\"https:\/\/rmvapesale.com\/wp-content\/uploads\/2024\/11\/Vozol-Vista-20000-Vape-Rechargeable-Vape.png\" alt=\"Vozol Vista 20000 Vape z mo\u017cliwo\u015bci\u0105 \u0142adowania\" width=\"550\" height=\"550\" srcset=\"https:\/\/rmvapesale.com\/wp-content\/uploads\/2024\/11\/Vozol-Vista-20000-Vape-Rechargeable-Vape.png 550w, https:\/\/rmvapesale.com\/wp-content\/uploads\/2024\/11\/Vozol-Vista-20000-Vape-Rechargeable-Vape-300x300.png 300w, https:\/\/rmvapesale.com\/wp-content\/uploads\/2024\/11\/Vozol-Vista-20000-Vape-Rechargeable-Vape-150x150.png 150w, https:\/\/rmvapesale.com\/wp-content\/uploads\/2024\/11\/Vozol-Vista-20000-Vape-Rechargeable-Vape-100x100.png 100w\" sizes=\"auto, (max-width: 550px) 100vw, 550px\" \/><figcaption id=\"caption-attachment-2677\" class=\"wp-caption-text\">Vozol Vista 20000 Vape z mo\u017cliwo\u015bci\u0105 \u0142adowania<\/figcaption><\/figure>\n<h2><strong>Jaki jest popularny smak dla VOZOL <\/strong><strong>E-papieros <\/strong><strong>Star 20000 Puffs?<\/strong><\/h2>\n<p>1. Arbuzowy l\u00f3d<br \/>\n2. Winogronowy l\u00f3d<br \/>\n3. Mango l\u00f3d<br \/>\n4. Podw\u00f3jny jab\u0142kowy l\u00f3d<br \/>\n5. Truskawka Kiwi<br \/>\n6. Arbuz malinowy<br \/>\n7.Niebieska Malina l\u00f3d<br \/>\n8. Truskawka Mango<br \/>\n9. Brzoskwinia Mango Arbuz<br \/>\n10. Cherry Cola<br \/>\n11. Soczysta brzoskwinia lce<br \/>\n12. Dragon Strawnana<br \/>\n13. Mieszane jagody<br \/>\n14. Cytryna Limonka<br \/>\n15. Tropikalny wybuch<br \/>\n16. Burza jagodowa<br \/>\n17. Perfumy cytrynowe<br \/>\n18. Pomara\u0144cza Ananas Liczi<br \/>\n19. Love 77<br \/>\n20. Malina Jab\u0142ko Arbuz Ananas<\/p>\n<h3><strong>Dlaczego warto wybra\u0107 Rmvapesale dla <\/strong><b>VOZOL Star 20000 Vape <\/b><strong>Hurt<\/strong><strong>?<\/strong><\/h3>\n<div class=\"flex-shrink-0 flex flex-col relative items-end\">\n<div class=\"pt-0\">\n<div class=\"gizmo-bot-avatar flex h-8 w-8 items-center justify-center overflow-hidden rounded-full\">\n<div class=\"relative p-1 rounded-sm flex items-center justify-center bg-token-main-surface-primary text-token-text-primary h-8 w-8\">\n<p>Witaj w Rmvapesale, Twoim zaufanym sklepie z e-papierosami, oferuj\u0105cym jednorazowe produkty najwy\u017cszej jako\u015bci. Z ponad 5-letnim do\u015bwiadczeniem, dostarczamy popularne marki jednorazowych e-papieros\u00f3w, takie jak Al Fakher, Vapme Vape, <a href=\"https:\/\/rmvapesale.com\/pl\/product\/vapme-crystal-7000-puffs-rechargeable-disposable-vape-price\/\">Vapme<\/a>, <a href=\"https:\/\/rmvapesale.com\/pl\/product-category\/bang-vapes\/\">Bang Vape<\/a>, Waspe, <a href=\"https:\/\/rmvapesale.com\/pl\/product\/wga-crystal-pro-max-extra-15k-puffs-disposable-vape-wholesale\/\">WGA<\/a> Vape i<a href=\"https:\/\/rmvapesale.com\/pl\/product-category\/randm-fumot-vape\/\"> RandM Vape<\/a>.<\/p>\n<p>Nasza oferta obejmuje popularne e-papierosy, takie jak <a href=\"https:\/\/rmvapesale.com\/pl\/product\/fumot-digital-box-12000-disposable-vape-pink-lemonade-flavor\/\">RandM 12k<\/a> oraz bogate w smaki opcje, jak <a href=\"https:\/\/rmvapesale.com\/pl\/product\/wga-crystal-plus-20000-puff-dual-flavour-disposable-vape\/\">WGA 20K Puff<\/a>. Ka\u017cdy produkt jest wybierany z my\u015bl\u0105 o jako\u015bci, warto\u015bci i r\u00f3\u017cnorodno\u015bci, dzi\u0119ki czemu na pewno znajdziesz idealny dla siebie. Odkryj wyj\u0105tkow\u0105 obs\u0142ug\u0119 i szerok\u0105 gam\u0119 najlepszych produkt\u00f3w na Rmvapesale.<\/p>\n<\/div>\n<\/div>\n<\/div>\n<\/div>\n<h3><\/h3>\n<h3><b>VOZOL Star 20000 Puffs Akumulator Vape - Najcz\u0119\u015bciej Zadawane Pytania<\/b><\/h3>\n<p><strong>P: Co to jest VOZOL Star 20 000 Puffs?<\/strong><br \/>\nO: VOZOL Star 20 000 Puffs to wysokowydajne, \u0142adowalne urz\u0105dzenie do wapowania jednorazowego u\u017cytku, kt\u00f3re oferuje imponuj\u0105ce 20 000+ zaci\u0105gni\u0119\u0107. Charakteryzuje si\u0119 eleganckim wygl\u0105dem, ekranem LED do aktualizacji w czasie rzeczywistym poziomu baterii i e-liquidu oraz zaawansowan\u0105 technologi\u0105 grza\u0142ki siatkowej dla sp\u00f3jnej i aromatycznej produkcji pary.<\/p>\n<p><strong>P: Ile zaci\u0105gni\u0119\u0107 zapewnia VOZOL Star 20000 puffs?<\/strong><br \/>\nO: VOZOL Star 20000 zapewnia ponad 20 000 zaci\u0105gni\u0119\u0107, zapewniaj\u0105c wyd\u0142u\u017cone u\u017cytkowanie i bezproblemowe wapowanie.<\/p>\n<p><strong>P: Czy \u0142adowalny vape VOZOL Star 20000 ma wy\u015bwietlacz ekranowy?<\/strong><br \/>\nO: Tak, VOZOL Star 20000 jest wyposa\u017cony w wygodny wy\u015bwietlacz LED, kt\u00f3ry pokazuje istotne informacje, takie jak \u017cywotno\u015b\u0107 baterii i poziom e-liquidu, dzi\u0119ki czemu jeste\u015b dobrze poinformowany podczas wapowania.<\/p>\n<p><strong>P: Ile czasu zajmuje pe\u0142ne na\u0142adowanie jednorazowego vape VOZOL Star 20K?<\/strong><br \/>\nO: Jednorazowy vape VOZOL Star 20K jest wyposa\u017cony w technologi\u0119 szybkiego \u0142adowania i mo\u017cna go w pe\u0142ni na\u0142adowa\u0107 w zaledwie 30 minut, dzi\u0119ki czemu mo\u017cesz szybko wr\u00f3ci\u0107 do wapowania.<\/p>\n<p><strong>P: Jakie s\u0105 dost\u0119pne smaki dla VOZOL vape Star 20000?<\/strong><br \/>\nO: VOZOL vape Star 20000 jest dost\u0119pny w r\u00f3\u017cnych ekscytuj\u0105cych smakach. Chocia\u017c konkretne smaki mog\u0105 si\u0119 r\u00f3\u017cni\u0107, mo\u017cesz spodziewa\u0107 si\u0119 r\u00f3\u017cnorodnej gamy opcji zaprojektowanych tak, aby odpowiada\u0142y r\u00f3\u017cnym preferencjom.<\/p>\n<p><strong>P: Gdzie mog\u0119 kupi\u0107 VOZOL Star 20000?<\/strong><br \/>\nA: VOZOL Star 20000 mo\u017cna kupi\u0107 w renomowanych sklepach z e-papierosami lub zam\u00f3wi\u0107 u zaufanych dystrybutor\u00f3w hurtowych i na internetowych platformach z e-papierosami. Szukaj opcji oferuj\u0105cych <strong>hurtowni waporyzator\u00f3w<\/strong> or <strong>jednorazowych vape online<\/strong> aby uzyska\u0107 najlepsze oferty.<\/p>\n<p>&nbsp;<\/p>","protected":false},"excerpt":{"rendered":"<p>Vozol 20000 Puffs Vape z Mo\u017cliwo\u015bci\u0105 \u0141adowania i Wy\u015bwietlaczem LED<br \/>\nVozol Star 20000 Jednorazowy Vape Hurtowo w Niskiej Cenie<br \/>\nVOZOL Star 20000 Puffs Jednorazowy Vape 5% Nikotyna<\/p>\n<p><img loading=\"lazy\" decoding=\"async\" class=\"size-medium wp-image-1814\" src=\"https:\/\/rmvapesale.com\/wp-content\/uploads\/2024\/04\/whatsapp-amy-229x300.jpg\" alt=\"whatsapp amy\" width=\"229\" height=\"300\" srcset=\"https:\/\/rmvapesale.com\/wp-content\/uploads\/2024\/04\/whatsapp-amy-229x300.jpg 229w, https:\/\/rmvapesale.com\/wp-content\/uploads\/2024\/04\/whatsapp-amy-783x1024.jpg 783w, https:\/\/rmvapesale.com\/wp-content\/uploads\/2024\/04\/whatsapp-amy-768x1005.jpg 768w, https:\/\/rmvapesale.com\/wp-content\/uploads\/2024\/04\/whatsapp-amy-600x785.jpg 600w, https:\/\/rmvapesale.com\/wp-content\/uploads\/2024\/04\/whatsapp-amy.jpg 990w\" sizes=\"auto, (max-width: 229px) 100vw, 229px\" \/><\/p>\n<h3><span style=\"color: #ff0000\"><strong>WhatsApp: +86 17776015835<\/strong><\/span><\/h3>","protected":false},"featured_media":2673,"comment_status":"open","ping_status":"closed","template":"","meta":{"_uag_custom_page_level_css":"","_lmt_disableupdate":"no","_lmt_disable":"","site-sidebar-layout":"default","site-content-layout":"content-boxed-container","ast-site-content-layout":"normal-width-container","site-content-style":"boxed","site-sidebar-style":"unboxed","ast-global-header-display":"","ast-banner-title-visibility":"","ast-main-header-display":"","ast-hfb-above-header-display":"","ast-hfb-below-header-display":"","ast-hfb-mobile-header-display":"","site-post-title":"","ast-breadcrumbs-content":"","ast-featured-img":"","footer-sml-layout":"","theme-transparent-header-meta":"default","adv-header-id-meta":"","stick-header-meta":"","header-above-stick-meta":"","header-main-stick-meta":"","header-below-stick-meta":"","astra-migrate-meta-layouts":"set","ast-page-background-enabled":"default","ast-page-background-meta":{"desktop":{"background-color":"var(--ast-global-color-4)","background-image":"","background-repeat":"repeat","background-position":"center center","background-size":"auto","background-attachment":"scroll","background-type":"","background-media":"","overlay-type":"","overlay-color":"","overlay-opacity":"","overlay-gradient":""},"tablet":{"background-color":"","background-image":"","background-repeat":"repeat","background-position":"center center","background-size":"auto","background-attachment":"scroll","background-type":"","background-media":"","overlay-type":"","overlay-color":"","overlay-opacity":"","overlay-gradient":""},"mobile":{"background-color":"","background-image":"","background-repeat":"repeat","background-position":"center center","background-size":"auto","background-attachment":"scroll","background-type":"","background-media":"","overlay-type":"","overlay-color":"","overlay-opacity":"","overlay-gradient":""}},"ast-content-background-meta":{"desktop":{"background-color":"var(--ast-global-color-5)","background-image":"","background-repeat":"repeat","background-position":"center center","background-size":"auto","background-attachment":"scroll","background-type":"","background-media":"","overlay-type":"","overlay-color":"","overlay-opacity":"","overlay-gradient":""},"tablet":{"background-color":"var(--ast-global-color-5)","background-image":"","background-repeat":"repeat","background-position":"center center","background-size":"auto","background-attachment":"scroll","background-type":"","background-media":"","overlay-type":"","overlay-color":"","overlay-opacity":"","overlay-gradient":""},"mobile":{"background-color":"var(--ast-global-color-5)","background-image":"","background-repeat":"repeat","background-position":"center center","background-size":"auto","background-attachment":"scroll","background-type":"","background-media":"","overlay-type":"","overlay-color":"","overlay-opacity":"","overlay-gradient":""}},"_joinchat":[]},"product_brand":[],"product_cat":[25,123,26,28,135,27,137,136,15,30],"product_tag":[40,54,154,203,204,37],"class_list":{"0":"post-2678","1":"product","2":"type-product","3":"status-publish","4":"has-post-thumbnail","6":"product_cat-germany-best-selling-vape","7":"product_cat-italy-wholesale-vape","8":"product_cat-netherlands-hot-sale-vape","9":"product_cat-poland-hot-sale-vape","10":"product_cat-spain-best-hot-sale-vape","11":"product_cat-fance-hot-sale-vape","12":"product_cat-rechargeable-vapes","13":"product_cat-smart-screen-vapes","14":"product_cat-new-vape-this-week","15":"product_cat-minimum-order-quantity-50pcs","16":"product_tag-hot-sale-vape","17":"product_tag-rechargeable-disposable-vape","18":"product_tag-smart-vape","19":"product_tag-vozol-star-20000-puffs","20":"product_tag-vozol-vape-uk","21":"product_tag-wholesale-vape-price","22":"desktop-align-left","23":"tablet-align-left","24":"mobile-align-left","26":"first","27":"instock","28":"sale","29":"shipping-taxable","30":"purchasable","31":"product-type-simple"},"uagb_featured_image_src":{"full":["https:\/\/rmvapesale.com\/wp-content\/uploads\/2024\/11\/VOZOL-Star-20000-Puffs-Disposable-Vape-Wholesale.png",550,550,false],"thumbnail":["https:\/\/rmvapesale.com\/wp-content\/uploads\/2024\/11\/VOZOL-Star-20000-Puffs-Disposable-Vape-Wholesale-150x150.png",150,150,true],"medium":["https:\/\/rmvapesale.com\/wp-content\/uploads\/2024\/11\/VOZOL-Star-20000-Puffs-Disposable-Vape-Wholesale-300x300.png",300,300,true],"medium_large":["https:\/\/rmvapesale.com\/wp-content\/uploads\/2024\/11\/VOZOL-Star-20000-Puffs-Disposable-Vape-Wholesale.png",550,550,false],"large":["https:\/\/rmvapesale.com\/wp-content\/uploads\/2024\/11\/VOZOL-Star-20000-Puffs-Disposable-Vape-Wholesale.png",550,550,false],"1536x1536":["https:\/\/rmvapesale.com\/wp-content\/uploads\/2024\/11\/VOZOL-Star-20000-Puffs-Disposable-Vape-Wholesale.png",550,550,false],"2048x2048":["https:\/\/rmvapesale.com\/wp-content\/uploads\/2024\/11\/VOZOL-Star-20000-Puffs-Disposable-Vape-Wholesale.png",550,550,false],"trp-custom-language-flag":["https:\/\/rmvapesale.com\/wp-content\/uploads\/2024\/11\/VOZOL-Star-20000-Puffs-Disposable-Vape-Wholesale.png",12,12,false],"woocommerce_thumbnail":["https:\/\/rmvapesale.com\/wp-content\/uploads\/2024\/11\/VOZOL-Star-20000-Puffs-Disposable-Vape-Wholesale-300x300.png",300,300,true],"woocommerce_single":["https:\/\/rmvapesale.com\/wp-content\/uploads\/2024\/11\/VOZOL-Star-20000-Puffs-Disposable-Vape-Wholesale.png",550,550,false],"woocommerce_gallery_thumbnail":["https:\/\/rmvapesale.com\/wp-content\/uploads\/2024\/11\/VOZOL-Star-20000-Puffs-Disposable-Vape-Wholesale-100x100.png",100,100,true],"wcpr-photo-reviews":["https:\/\/rmvapesale.com\/wp-content\/uploads\/2024\/11\/VOZOL-Star-20000-Puffs-Disposable-Vape-Wholesale.png",500,500,false]},"uagb_author_info":{"display_name":"AMY","author_link":"https:\/\/rmvapesale.com\/pl\/author\/"},"uagb_comment_info":0,"uagb_excerpt":"Vozol 20000 Puffs Rechargeable Vape LED Display Vozol Star 20000 Disposable Vape Wholesale Cheap Price VOZOL Star 20000 Puffs Disposable Vape 5% Nicotine WhatsApp: +86 17776015835","_links":{"self":[{"href":"https:\/\/rmvapesale.com\/pl\/wp-json\/wp\/v2\/product\/2678","targetHints":{"allow":["GET"]}}],"collection":[{"href":"https:\/\/rmvapesale.com\/pl\/wp-json\/wp\/v2\/product"}],"about":[{"href":"https:\/\/rmvapesale.com\/pl\/wp-json\/wp\/v2\/types\/product"}],"replies":[{"embeddable":true,"href":"https:\/\/rmvapesale.com\/pl\/wp-json\/wp\/v2\/comments?post=2678"}],"wp:featuredmedia":[{"embeddable":true,"href":"https:\/\/rmvapesale.com\/pl\/wp-json\/wp\/v2\/media\/2673"}],"wp:attachment":[{"href":"https:\/\/rmvapesale.com\/pl\/wp-json\/wp\/v2\/media?parent=2678"}],"wp:term":[{"taxonomy":"product_brand","embeddable":true,"href":"https:\/\/rmvapesale.com\/pl\/wp-json\/wp\/v2\/product_brand?post=2678"},{"taxonomy":"product_cat","embeddable":true,"href":"https:\/\/rmvapesale.com\/pl\/wp-json\/wp\/v2\/product_cat?post=2678"},{"taxonomy":"product_tag","embeddable":true,"href":"https:\/\/rmvapesale.com\/pl\/wp-json\/wp\/v2\/product_tag?post=2678"}],"curies":[{"name":"wp","href":"https:\/\/api.w.org\/{rel}","templated":true}]}}