{"id":2695,"date":"2024-11-07T09:50:56","date_gmt":"2024-11-07T09:50:56","guid":{"rendered":"https:\/\/rmvapesale.com\/?post_type=product&#038;p=2695"},"modified":"2024-11-08T03:15:20","modified_gmt":"2024-11-08T03:15:20","slug":"jnr-mediamax-40000-smart-vape-phone-call-rechargeable-disposable-wholesale","status":"publish","type":"product","link":"https:\/\/rmvapesale.com\/pl\/product\/jnr-mediamax-40000-smart-vape-phone-call-rechargeable-disposable-wholesale\/","title":{"rendered":"JNR MediaMax 40000 Smart Vape Phone Call Rechargeable Disposable Hurt"},"content":{"rendered":"<div class=\"B2VR9 CJHX3e\">\n<div class=\"wyccme\">\n<h1 class=\"LC20lb MBeuO DKV0Md\">JNR MediaMax 40000 Smart Vape Phone Call Rechargeable Disposable Hurt<\/h1>\n<div class=\"flex-shrink-0 flex flex-col relative items-end\">\n<div class=\"pt-0\">\n<div class=\"gizmo-bot-avatar flex h-8 w-8 items-center justify-center overflow-hidden rounded-full\">\n<div class=\"relative p-1 rounded-sm flex items-center justify-center bg-token-main-surface-primary text-token-text-primary h-8 w-8\">\n<p>JNR MediaMax 40000 Smart Vape rewolucjonizuje \u015bwiat vapingu dzi\u0119ki unikalnemu po\u0142\u0105czeniu najnowocze\u015bniejszej technologii i wysokiej wydajno\u015bci. Znany jako pierwszy na \u015bwiecie <strong>jednorazowy vape na 40 000 zaci\u0105gni\u0119\u0107<\/strong> wyposa\u017cony w funkcj\u0119 po\u0142\u0105cze\u0144 telefonicznych, to urz\u0105dzenie oferuje imponuj\u0105ce <strong>21ml wst\u0119pnie nape\u0142nionego e-liquidu<\/strong> oraz <strong>akumulator 1000mAh<\/strong> aby\u015b m\u00f3g\u0142 d\u0142u\u017cej wapowa\u0107 przy minimalnym \u0142adowaniu.<\/p>\n<p>Dzi\u0119ki dw\u00f3m trybom vapingu\u2014<strong>Tryb Regularny<\/strong> do 40 000 zaci\u0105gni\u0119\u0107 i <strong>Tryb Pulsacyjny<\/strong> na 20 000 zaci\u0105gni\u0119\u0107\u2014JNR MediaMax 40000 <strong>e-papieros\u00f3w z zaci\u0105gni\u0119ciami<\/strong> oferuje wyj\u0105tkow\u0105 wszechstronno\u015b\u0107 i kontrol\u0119. <strong>2.4-calowy ekran dotykowy HD<\/strong> u\u0142atwia u\u017cytkowanie, pozwalaj\u0105c na monitorowanie stanu baterii, poziomu e-liquidu i ustawie\u0144 urz\u0105dzenia w czasie rzeczywistym.<\/p>\n<p>Przenosz\u0105c smart vaping o krok dalej, ten vape zawiera <strong>powiadomienia o po\u0142\u0105czeniach i wiadomo\u015bciach<\/strong>, zdalne sterowanie aparatem, funkcj\u0119 <strong>znajd\u017a-sw\u00f3j-telefon<\/strong>oraz <strong>tryb blokady<\/strong> , aby zapewni\u0107 prywatno\u015b\u0107 i bezpiecze\u0144stwo. Zaprojektowane do <strong>wapowania MTL (usta-do-p\u0142uc)<\/strong>, urz\u0105dzenie to zapewnia r\u00f3wnie\u017c satysfakcjonuj\u0105ce uderzenie dzi\u0119ki <strong>5% (50mg) mocy nikotyny<\/strong>.<\/p>\n<p>. Dzi\u0119ki stylowemu wygl\u0105dowi, wygodzie i <strong>funkcjom smartfona<\/strong>, JNR MediaMax 40K stawia wysoko poprzeczk\u0119 dla <strong>jednorazowych waporyzator\u00f3w<\/strong>. Idealny dla tych, kt\u00f3rzy chc\u0105 po\u0142\u0105czy\u0107 innowacyjn\u0105 technologi\u0119 z tradycyjnym do\u015bwiadczeniem wapowania, JNR MediaMax 40000 jest dost\u0119pny do zam\u00f3wie\u0144 <strong>zakup\u00f3w hurtowych<\/strong> i <strong>zakup\u00f3w hurtowych<\/strong> , aby zaspokoi\u0107 wszystkie Twoje potrzeby. Odkryj <strong>inteligentny waporyzator<\/strong> JNR MediaMax ju\u017c dzi\u015b i zdefiniuj na nowo swoje wra\u017cenia z wapowania.<\/p>\n<p>&nbsp;<\/p>\n<\/div>\n<\/div>\n<\/div>\n<\/div>\n<\/div>\n<\/div>\n<p><strong>Skontaktuj si\u0119 z Amy, aby uzyska\u0107 w\u0142a\u015bciw\u0105 odpowied\u017a i kupon na e-papierosa!<\/strong><\/p>\n<p><img loading=\"lazy\" decoding=\"async\" class=\"size-full wp-image-1978\" src=\"https:\/\/rmvapesale.com\/wp-content\/uploads\/2024\/09\/Disposable-Vape-Wholesale.jpg\" alt=\"Hurtownia Jednorazowych E-papieros\u00f3w\" width=\"229\" height=\"300\" \/><\/p>\n<h3><a href=\"https:\/\/wa.me\/8617776015835\" target=\"_blank\" rel=\"noopener\"><span style=\"color: #ff0000\"><strong>WhatsApp: +86 17776015835<\/strong><\/span><\/a><\/h3>\n<p>&nbsp;<\/p>\n<h2><\/h2>\n<h2><strong>JNR MediaMax 40000 Inteligentne Jednorazowe Waporyzatory Wielokrotnego \u0141adowania <\/strong><strong>G\u0142\u00f3wne cechy<\/strong><\/h2>\n<p>Marka: JNR Vape<br \/>\nPierwszy na \u015bwiecie jednorazowy zestaw 40K z funkcjami smartfona<br \/>\nOlej: 21 ml gotowego e-soku<br \/>\nNikotyna: 5% (50 mg) st\u0119\u017cenie nikotyny<br \/>\nBateria: 1000 mAh Akumulator<br \/>\nTryb normalny\/pulsacyjny: 40000 zaci\u0105gni\u0119\u0107 w trybie normalnym\/20000 zaci\u0105gni\u0119\u0107 w trybie pulsacyjnym<br \/>\n2,4-calowy ekran dotykowy HD<br \/>\nFunkcje po\u0142\u0105cze\u0144 i wiadomo\u015bci: Po\u0142\u0105czenia<br \/>\nZdalna kamera: Zdalne sterowanie kamer\u0105<br \/>\nFunkcja znajd\u017a m\u00f3j telefon<br \/>\nTryb blokady<br \/>\nMTL Vaping<\/p>\n<p>&nbsp;<\/p>\n<h2><strong>Najlepszy smak dla jednorazowych e-papieros\u00f3w JNR MediaMax 40000 Smart Phone<\/strong><\/h2>\n<p>1.L\u00f3d niebieska malina <span style=\"color: #ff0000\"><strong>&gt;&gt;&gt;&gt; Gor\u0105ce!<\/strong><\/span><br \/>\n2.L\u00f3d truskawkowy<br \/>\n3.L\u00f3d arbuzowy<br \/>\n4.Miami Mi\u0119ta<br \/>\n5.L\u00f3d kwa\u015bne jab\u0142ko<br \/>\n6.Jagoda arbuz <span style=\"color: #ff0000\"><strong>&gt;&gt;&gt;&gt; Gor\u0105ce!<\/strong><\/span><br \/>\n7. Fcuking Fab<br \/>\n8.Wi\u015bnia truskawka malina <span style=\"color: #ff0000\"><strong>&gt;&gt;&gt;&gt; Najlepsze!<\/strong><\/span><br \/>\n9. Brzoskwinia Mango Arbuz<br \/>\n10.Truskawka banan<\/p>\n<figure id=\"attachment_2689\" aria-describedby=\"caption-attachment-2689\" style=\"width: 800px\" class=\"wp-caption alignnone\"><img loading=\"lazy\" decoding=\"async\" class=\"wp-image-2689 size-full\" src=\"https:\/\/rmvapesale.com\/wp-content\/uploads\/2024\/11\/JNR-Mediamax-40000-Best-Vape-2024.jpg\" alt=\"JNR Mediamax 40000 Najlepszy Vape 2024\" width=\"800\" height=\"800\" srcset=\"https:\/\/rmvapesale.com\/wp-content\/uploads\/2024\/11\/JNR-Mediamax-40000-Best-Vape-2024.jpg 800w, https:\/\/rmvapesale.com\/wp-content\/uploads\/2024\/11\/JNR-Mediamax-40000-Best-Vape-2024-300x300.jpg 300w, https:\/\/rmvapesale.com\/wp-content\/uploads\/2024\/11\/JNR-Mediamax-40000-Best-Vape-2024-150x150.jpg 150w, https:\/\/rmvapesale.com\/wp-content\/uploads\/2024\/11\/JNR-Mediamax-40000-Best-Vape-2024-768x768.jpg 768w, https:\/\/rmvapesale.com\/wp-content\/uploads\/2024\/11\/JNR-Mediamax-40000-Best-Vape-2024-600x600.jpg 600w, https:\/\/rmvapesale.com\/wp-content\/uploads\/2024\/11\/JNR-Mediamax-40000-Best-Vape-2024-100x100.jpg 100w\" sizes=\"auto, (max-width: 800px) 100vw, 800px\" \/><figcaption id=\"caption-attachment-2689\" class=\"wp-caption-text\">JNR Mediamax 40000 Najlepszy Vape 2024<\/figcaption><\/figure>\n<h3><strong>Dlaczego wybra\u0107 Rmvapesale dla JNR MediaMax 40000 Smart<\/strong><strong>\u00a0V<\/strong><strong>Sprzeda\u017c hurtowa e-papieros\u00f3w<\/strong><strong>?<\/strong><\/h3>\n<div class=\"flex-shrink-0 flex flex-col relative items-end\">\n<div class=\"pt-0\">\n<div class=\"gizmo-bot-avatar flex h-8 w-8 items-center justify-center overflow-hidden rounded-full\">\n<div class=\"relative p-1 rounded-sm flex items-center justify-center bg-token-main-surface-primary text-token-text-primary h-8 w-8\">\n<p>Witaj w Rmvapesale, Twoim zaufanym sklepie z e-papierosami, oferuj\u0105cym jednorazowe produkty najwy\u017cszej jako\u015bci. Z ponad 5-letnim do\u015bwiadczeniem, dostarczamy popularne marki jednorazowych e-papieros\u00f3w, takie jak Al Fakher, Vapme Vape, <a href=\"https:\/\/rmvapesale.com\/pl\/product\/vapme-crystal-7000-puffs-rechargeable-disposable-vape-price\/\">Vapme<\/a>, <a href=\"https:\/\/rmvapesale.com\/pl\/product-category\/bang-vapes\/\">Bang Vape<\/a>, Waspe, <a href=\"https:\/\/rmvapesale.com\/pl\/product\/wga-crystal-pro-max-extra-15k-puffs-disposable-vape-wholesale\/\">WGA<\/a> Vape i<a href=\"https:\/\/rmvapesale.com\/pl\/product-category\/randm-fumot-vape\/\"> RandM Vape<\/a>.<\/p>\n<p>Nasza oferta obejmuje popularne e-papierosy, takie jak <a href=\"https:\/\/rmvapesale.com\/pl\/product\/fumot-digital-box-12000-disposable-vape-pink-lemonade-flavor\/\">RandM 12k<\/a> oraz bogate w smaki opcje, jak <a href=\"https:\/\/rmvapesale.com\/pl\/product\/elfbar-combo-25000-puffs-rechargeable-disposable-vape-wholesale\/\">ELFBAR Combo 25000 Zaci\u0105gni\u0119\u0107<\/a>. Ka\u017cdy produkt jest wybierany z my\u015bl\u0105 o jako\u015bci, warto\u015bci i r\u00f3\u017cnorodno\u015bci, dzi\u0119ki czemu na pewno znajdziesz idealny dla siebie. Odkryj wyj\u0105tkow\u0105 obs\u0142ug\u0119 i szerok\u0105 gam\u0119 najlepszych produkt\u00f3w na Rmvapesale.<\/p>\n<\/div>\n<h3><\/h3>\n<div class=\"relative p-1 rounded-sm flex items-center justify-center bg-token-main-surface-primary text-token-text-primary h-8 w-8\">\n<h3><b>JNR MediaMax 40000 Cyfrowy Ekran Akumulatorowy Jednorazowy Vape FAQ<\/b><\/h3>\n<p>&nbsp;<\/p>\n<\/div>\n<div class=\"flex max-w-full flex-col flex-grow\">\n<div class=\"min-h-8 text-message flex w-full flex-col items-end gap-2 whitespace-normal break-words [.text-message+&amp;]:mt-5\" dir=\"auto\" data-message-author-role=\"assistant\" data-message-id=\"97cb2f27-e2e6-4ecb-a3cc-49b64fba0d8b\" data-message-model-slug=\"gpt-4o\">\n<div class=\"flex w-full flex-col gap-1 empty:hidden first:pt-[3px]\">\n<div class=\"markdown prose w-full break-words dark:prose-invert light\">\n<ol>\n<li><strong>Sk\u0105d wiem, \u017ce m\u00f3j e-papieros JNR MediaMax 40000 Smart jest pusty?<\/strong><br \/>\nTen <strong>2.4-calowy ekran dotykowy HD<\/strong> na e-papierosie JNR MediaMax 40000 Smart wy\u015bwietli poziom e-liquidu, co u\u0142atwia \u015bledzenie, kiedy si\u0119 ko\u0144czy lub jest pusty.<\/li>\n<li><strong>Ile czasu zajmuje na\u0142adowanie JNR MediaMax 40000 Smart Vape?<\/strong><br \/>\nJNR MediaMax 40000 posiada <strong>szybkie \u0142adowanie typu C<\/strong> i osi\u0105ga pe\u0142ne na\u0142adowanie w przybli\u017ceniu <strong>jedn\u0105 godzin\u0119<\/strong>.<\/li>\n<li><strong>Ile nikotyny jest w jednorazowym e-papierosie JNR MediaMax 40000 Smart?<\/strong><br \/>\nTo urz\u0105dzenie zosta\u0142o zaprojektowane z my\u015bl\u0105 o <strong>5% (50mg) mocy nikotyny<\/strong> aby zapewni\u0107 satysfakcjonuj\u0105ce wra\u017cenia z wapowania.<\/li>\n<li><strong>Gdzie mog\u0119 kupi\u0107 e-papierosy JNR 40000 Puffs w cenie hurtowej?<\/strong><br \/>\nJNR MediaMax 40000 jest dost\u0119pny dla <strong>zam\u00f3wie\u0144 hurtowych i masowych<\/strong> u autoryzowanych dostawc\u00f3w e-papieros\u00f3w i w internetowych hurtowniach e-papieros\u00f3w.<\/li>\n<li><strong>Czy mog\u0119 zabra\u0107 jednorazowy e-papieros wielokrotnego \u0142adowania do samolotu?<\/strong><br \/>\nTak, mo\u017cesz zabra\u0107 jednorazowy e-papieros wielokrotnego \u0142adowania, taki jak JNR MediaMax 40000, w baga\u017cu podr\u0119cznym, ale wa\u017cne jest, aby sprawdzi\u0107 przepisy linii lotniczych i lokalne, dotycz\u0105ce wszelkich konkretnych ogranicze\u0144. Pami\u0119taj, aby by\u0142 wy\u0142\u0105czony podczas lotu.<\/li>\n<li><strong>Ile zaci\u0105gni\u0119\u0107 zapewnia jednorazowy e-papieros JNR MediaMax 40000 Smart?<\/strong><br \/>\nJNR MediaMax oferuje <strong>do 40 000 zaci\u0105gni\u0119\u0107<\/strong> w trybie zwyk\u0142ym i <strong>20 000 zaci\u0105gni\u0119\u0107 w trybie Pulse<\/strong> dla wszechstronnego i d\u0142ugotrwa\u0142ego do\u015bwiadczenia.<\/li>\n<li><strong>Ile czasu zajmuje pe\u0142ne na\u0142adowanie e-papierosa JNR MediaMax 40000?<\/strong><br \/>\nTen <strong>akumulator 1000mAh<\/strong> osi\u0105ga pe\u0142ne na\u0142adowanie w oko\u0142o <strong>jedn\u0105 godzin\u0119<\/strong> dzi\u0119ki wydajnej technologii \u0142adowania Type-C.<\/li>\n<\/ol>\n<\/div>\n<\/div>\n<\/div>\n<\/div>\n<div class=\"mb-2 flex gap-3 empty:hidden -ml-2\"><\/div>\n<p>&nbsp;<\/p>\n<\/div>\n<\/div>\n<\/div>\n<h3>O wysy\u0142ce<\/h3>\n<div class=\"flex-shrink-0 flex flex-col relative items-end\">\n<div>\n<div class=\"pt-0\">\n<div class=\"gizmo-bot-avatar flex h-8 w-8 items-center justify-center overflow-hidden rounded-full\">\n<div><\/div>\n<div class=\"relative p-1 rounded-sm flex items-center justify-center bg-token-main-surface-primary text-token-text-primary h-8 w-8\"><strong>1. Jakie metody wysy\u0142ki s\u0105 stosowane?<\/strong><\/div>\n<\/div>\n<\/div>\n<\/div>\n<\/div>\n<div class=\"group\/conversation-turn relative flex w-full min-w-0 flex-col agent-turn\">\n<div class=\"flex-col gap-1 md:gap-3\">\n<div class=\"flex max-w-full flex-col flex-grow\">\n<div class=\"min-h-[20px] text-message flex w-full flex-col items-end gap-2 whitespace-normal break-words [.text-message+&amp;]:mt-5 overflow-x-auto\" dir=\"auto\" data-message-author-role=\"assistant\" data-message-id=\"22f8283b-3233-46ff-89a5-c7a41b33abda\">\n<div class=\"flex w-full flex-col gap-1 empty:hidden first:pt-[3px]\">\n<div class=\"markdown prose w-full break-words dark:prose-invert light\">\n<p>Wsp\u00f3\u0142pracujemy z UPS, DHL, FedEx, DPD i innymi wiod\u0105cymi przewo\u017anikami. Wybierzemy najlepsz\u0105 metod\u0119 wysy\u0142ki w oparciu o Twoj\u0105 lokalizacj\u0119, aby zapewni\u0107, \u017ce otrzymasz swoje produkty tak szybko, jak to mo\u017cliwe.<\/p>\n<\/div>\n<p><strong>2. Ile czasu zajmuje dostawa?<\/strong><\/p>\n<p>Paczki wysy\u0142ane do Polski zazwyczaj docieraj\u0105 w ci\u0105gu 10 dni roboczych. Wysy\u0142ka do innych kraj\u00f3w europejskich trwa zwykle oko\u0142o 12-15 dni roboczych. B\u0119dziemy dostarcza\u0107 aktualizacje w czasie rzeczywistym na temat statusu Twojej przesy\u0142ki.<\/p>\n<\/div>\n<\/div>\n<\/div>\n<\/div>\n<\/div>\n<p>&nbsp;<\/p>\n<p>Znajd\u017a wi\u0119cej produkt\u00f3w Vape, kt\u00f3re mog\u0105 Ci si\u0119 spodoba\u0107:<strong><em><a href=\"https:\/\/rmvapesale.com\/pl\/shop-2\/\">kup teraz &gt;&gt;&gt;<\/a><\/em><\/strong><\/p>","protected":false},"excerpt":{"rendered":"<p>JNR Mediamax 40000 Najlepszy Jednorazowy Vape 2024<br \/>\nJNR 40000 Akumulator Jednorazowy Vape Cena Hurtowa<br \/>\nHurt JNR Mediamax 40000 Zaci\u0105gni\u0119\u0107 Telefon Kom\u00f3rkowy Smart Vape<\/p>\n<p><img loading=\"lazy\" decoding=\"async\" class=\"size-full wp-image-2375\" src=\"https:\/\/rmvapesale.com\/wp-content\/uploads\/2024\/10\/image.png\" alt=\"Najlepszy Jednorazowy E-papieros\" width=\"229\" height=\"300\" \/><\/p>\n<h3><a href=\"https:\/\/wa.me\/8617776015835\"><span style=\"color: #ff0000\"><strong>WhatsApp: +86 17776015835<\/strong><\/span><\/a><\/h3>\n<p>&nbsp;<\/p>","protected":false},"featured_media":2690,"comment_status":"open","ping_status":"closed","template":"","meta":{"_uag_custom_page_level_css":"","_lmt_disableupdate":"no","_lmt_disable":"","site-sidebar-layout":"default","site-content-layout":"content-boxed-container","ast-site-content-layout":"normal-width-container","site-content-style":"boxed","site-sidebar-style":"unboxed","ast-global-header-display":"","ast-banner-title-visibility":"","ast-main-header-display":"","ast-hfb-above-header-display":"","ast-hfb-below-header-display":"","ast-hfb-mobile-header-display":"","site-post-title":"","ast-breadcrumbs-content":"","ast-featured-img":"","footer-sml-layout":"","theme-transparent-header-meta":"default","adv-header-id-meta":"","stick-header-meta":"","header-above-stick-meta":"","header-main-stick-meta":"","header-below-stick-meta":"","astra-migrate-meta-layouts":"set","ast-page-background-enabled":"default","ast-page-background-meta":{"desktop":{"background-color":"var(--ast-global-color-4)","background-image":"","background-repeat":"repeat","background-position":"center center","background-size":"auto","background-attachment":"scroll","background-type":"","background-media":"","overlay-type":"","overlay-color":"","overlay-opacity":"","overlay-gradient":""},"tablet":{"background-color":"","background-image":"","background-repeat":"repeat","background-position":"center center","background-size":"auto","background-attachment":"scroll","background-type":"","background-media":"","overlay-type":"","overlay-color":"","overlay-opacity":"","overlay-gradient":""},"mobile":{"background-color":"","background-image":"","background-repeat":"repeat","background-position":"center center","background-size":"auto","background-attachment":"scroll","background-type":"","background-media":"","overlay-type":"","overlay-color":"","overlay-opacity":"","overlay-gradient":""}},"ast-content-background-meta":{"desktop":{"background-color":"var(--ast-global-color-5)","background-image":"","background-repeat":"repeat","background-position":"center center","background-size":"auto","background-attachment":"scroll","background-type":"","background-media":"","overlay-type":"","overlay-color":"","overlay-opacity":"","overlay-gradient":""},"tablet":{"background-color":"var(--ast-global-color-5)","background-image":"","background-repeat":"repeat","background-position":"center center","background-size":"auto","background-attachment":"scroll","background-type":"","background-media":"","overlay-type":"","overlay-color":"","overlay-opacity":"","overlay-gradient":""},"mobile":{"background-color":"var(--ast-global-color-5)","background-image":"","background-repeat":"repeat","background-position":"center center","background-size":"auto","background-attachment":"scroll","background-type":"","background-media":"","overlay-type":"","overlay-color":"","overlay-opacity":"","overlay-gradient":""}},"_joinchat":[]},"product_brand":[],"product_cat":[15,25,123,26,28,135,27,137,136,30],"product_tag":[146,188,167,205,207,206,120],"class_list":{"0":"post-2695","1":"product","2":"type-product","3":"status-publish","4":"has-post-thumbnail","6":"product_cat-new-vape-this-week","7":"product_cat-germany-best-selling-vape","8":"product_cat-italy-wholesale-vape","9":"product_cat-netherlands-hot-sale-vape","10":"product_cat-poland-hot-sale-vape","11":"product_cat-spain-best-hot-sale-vape","12":"product_cat-fance-hot-sale-vape","13":"product_cat-rechargeable-vapes","14":"product_cat-smart-screen-vapes","15":"product_cat-minimum-order-quantity-50pcs","16":"product_tag-best-hot-sale-vape","17":"product_tag-buy-vapes-online","18":"product_tag-disposable-vape-with-screen","19":"product_tag-jnr-vape","20":"product_tag-puff-vape","21":"product_tag-smart-phone-vape","22":"product_tag-vape-wholesale","23":"desktop-align-left","24":"tablet-align-left","25":"mobile-align-left","27":"first","28":"instock","29":"sale","30":"shipping-taxable","31":"purchasable","32":"product-type-simple"},"uagb_featured_image_src":{"full":["https:\/\/rmvapesale.com\/wp-content\/uploads\/2024\/11\/JNR-MediaMax-40000-Disposable-Vape-Wholesale.jpg",800,800,false],"thumbnail":["https:\/\/rmvapesale.com\/wp-content\/uploads\/2024\/11\/JNR-MediaMax-40000-Disposable-Vape-Wholesale-150x150.jpg",150,150,true],"medium":["https:\/\/rmvapesale.com\/wp-content\/uploads\/2024\/11\/JNR-MediaMax-40000-Disposable-Vape-Wholesale-300x300.jpg",300,300,true],"medium_large":["https:\/\/rmvapesale.com\/wp-content\/uploads\/2024\/11\/JNR-MediaMax-40000-Disposable-Vape-Wholesale-768x768.jpg",768,768,true],"large":["https:\/\/rmvapesale.com\/wp-content\/uploads\/2024\/11\/JNR-MediaMax-40000-Disposable-Vape-Wholesale.jpg",800,800,false],"1536x1536":["https:\/\/rmvapesale.com\/wp-content\/uploads\/2024\/11\/JNR-MediaMax-40000-Disposable-Vape-Wholesale.jpg",800,800,false],"2048x2048":["https:\/\/rmvapesale.com\/wp-content\/uploads\/2024\/11\/JNR-MediaMax-40000-Disposable-Vape-Wholesale.jpg",800,800,false],"trp-custom-language-flag":["https:\/\/rmvapesale.com\/wp-content\/uploads\/2024\/11\/JNR-MediaMax-40000-Disposable-Vape-Wholesale.jpg",12,12,false],"woocommerce_thumbnail":["https:\/\/rmvapesale.com\/wp-content\/uploads\/2024\/11\/JNR-MediaMax-40000-Disposable-Vape-Wholesale-300x300.jpg",300,300,true],"woocommerce_single":["https:\/\/rmvapesale.com\/wp-content\/uploads\/2024\/11\/JNR-MediaMax-40000-Disposable-Vape-Wholesale-600x600.jpg",600,600,true],"woocommerce_gallery_thumbnail":["https:\/\/rmvapesale.com\/wp-content\/uploads\/2024\/11\/JNR-MediaMax-40000-Disposable-Vape-Wholesale-100x100.jpg",100,100,true],"wcpr-photo-reviews":["https:\/\/rmvapesale.com\/wp-content\/uploads\/2024\/11\/JNR-MediaMax-40000-Disposable-Vape-Wholesale.jpg",500,500,false]},"uagb_author_info":{"display_name":"AMY","author_link":"https:\/\/rmvapesale.com\/pl\/author\/"},"uagb_comment_info":0,"uagb_excerpt":"JNR Mediamax 40000 Best Disposable Vape 2024 JNR 40000 Rechargeable Disposable Vape Wholesale Price Wholesale JNR Mediamax 40000 Puffs Phone Call Smart Vape WhatsApp: +86 17776015835 &nbsp;","_links":{"self":[{"href":"https:\/\/rmvapesale.com\/pl\/wp-json\/wp\/v2\/product\/2695","targetHints":{"allow":["GET"]}}],"collection":[{"href":"https:\/\/rmvapesale.com\/pl\/wp-json\/wp\/v2\/product"}],"about":[{"href":"https:\/\/rmvapesale.com\/pl\/wp-json\/wp\/v2\/types\/product"}],"replies":[{"embeddable":true,"href":"https:\/\/rmvapesale.com\/pl\/wp-json\/wp\/v2\/comments?post=2695"}],"wp:featuredmedia":[{"embeddable":true,"href":"https:\/\/rmvapesale.com\/pl\/wp-json\/wp\/v2\/media\/2690"}],"wp:attachment":[{"href":"https:\/\/rmvapesale.com\/pl\/wp-json\/wp\/v2\/media?parent=2695"}],"wp:term":[{"taxonomy":"product_brand","embeddable":true,"href":"https:\/\/rmvapesale.com\/pl\/wp-json\/wp\/v2\/product_brand?post=2695"},{"taxonomy":"product_cat","embeddable":true,"href":"https:\/\/rmvapesale.com\/pl\/wp-json\/wp\/v2\/product_cat?post=2695"},{"taxonomy":"product_tag","embeddable":true,"href":"https:\/\/rmvapesale.com\/pl\/wp-json\/wp\/v2\/product_tag?post=2695"}],"curies":[{"name":"wp","href":"https:\/\/api.w.org\/{rel}","templated":true}]}}