{"id":2702,"date":"2024-11-08T07:20:19","date_gmt":"2024-11-08T07:20:19","guid":{"rendered":"https:\/\/rmvapesale.com\/?post_type=product&#038;p=2702"},"modified":"2024-11-08T07:51:08","modified_gmt":"2024-11-08T07:51:08","slug":"bang-king-shisha-25000-crown-bar-rechargeable-disposable-vape","status":"publish","type":"product","link":"https:\/\/rmvapesale.com\/pl\/product\/bang-king-shisha-25000-crown-bar-rechargeable-disposable-vape\/","title":{"rendered":"Bang King Shisha 25000 Crown Bar Jednorazowy Vape z mo\u017cliwo\u015bci\u0105 \u0142adowania"},"content":{"rendered":"<div class=\"B2VR9 CJHX3e\">\n<div class=\"wyccme\">\n<h1 class=\"LC20lb MBeuO DKV0Md\">Bang King Shisha 25000 Crown Bar Jednorazowy Vape z mo\u017cliwo\u015bci\u0105 \u0142adowania<\/h1>\n<div class=\"flex-shrink-0 flex flex-col relative items-end\">\n<div class=\"pt-0\">\n<div class=\"gizmo-bot-avatar flex h-8 w-8 items-center justify-center overflow-hidden rounded-full\">\n<div class=\"relative p-1 rounded-sm flex items-center justify-center bg-token-main-surface-primary text-token-text-primary h-8 w-8\">\n<p>Przygotuj si\u0119, aby podnie\u015b\u0107 poziom swojego vapingowego do\u015bwiadczenia z <strong>Bang King Shisha 25000 Crown Bar<\/strong>\u2014najlepszy wymienny jednorazowy e-papieros od <strong>popularne marki jednorazowych e-papieros\u00f3w <\/strong><strong>Bang Vape<\/strong>. To urz\u0105dzenie nie s\u0142u\u017cy tylko do vapowania; to spos\u00f3b na wyniesienie ka\u017cdego zaci\u0105gni\u0119cia na wy\u017cszy poziom. Z do <strong>25 000 zaci\u0105gni\u0119\u0107<\/strong>, mo\u017cesz zapomnie\u0107 o ci\u0105g\u0142ych wymianach i cieszy\u0107 si\u0119 godzinami p\u0142ynnych, satysfakcjonuj\u0105cych chmur, kt\u00f3re trwaj\u0105.<\/p>\n<h3><\/h3>\n<ul>\n<li><strong>Du\u017ca Liczba Chmur<\/strong>: Postaw na <strong>do 25 000 zaci\u0105gni\u0119\u0107<\/strong>! To wi\u0119cej ni\u017c wystarczaj\u0105co na d\u0142ugotrwa\u0142\u0105 przyjemno\u015b\u0107.<\/li>\n<li><strong>Hojny Pojemnik na E-liquid<\/strong>: Wype\u0142niony <strong>30ml e-liquidu<\/strong>, wi\u0119c mo\u017cesz vapowa\u0107 bez przerwy.<\/li>\n<li><strong>Akumulator<\/strong>: Wyposa\u017cony w pot\u0119\u017cny <strong>Bateria 650 mAh<\/strong> i <strong>Typu-C<\/strong> do szybkich, bezproblemowych \u0142adowa\u0144.<\/li>\n<li><strong>Kompaktowy i przeno\u015bny design<\/strong>: Idealnie smuk\u0142y, <strong>Bang King Shisha Bar<\/strong> mie\u015bci si\u0119 \u0142atwo w d\u0142oni lub kieszeni. Zabierz go wsz\u0119dzie tam, gdzie chcesz, od klubu po kanap\u0119!<\/li>\n<li><strong>Eksplozja smak\u00f3w<\/strong>: Z <strong>12 sensationalnych smak\u00f3w<\/strong> takich jak Vimto Bull E Shisha Lemon Mint i Ghiaccio Di Anguria, na pewno znajdziesz co\u015b dla ka\u017cdego nastroju.<\/li>\n<li><strong>Wy\u015bwietlacz LED Smart Screen:<\/strong> Z cyfrowym ekranem pokazuj\u0105cym poziom baterii i oleju dla \u0142atwego u\u017cytkowania.<\/li>\n<\/ul>\n<p>Niezale\u017cnie od tego, czy szukasz <strong>Opcji Zakupu Hurtowego<\/strong> , potrzebujesz niezawodnego <strong>Jednorazowy e-papieros<\/strong>, czy po prostu chcesz wyr\u00f3\u017cniaj\u0105cego si\u0119 <strong>jednorazowego e-papierosa o niskiej zawarto\u015bci nikotyny<\/strong>, <strong>Bang King Shisha 25000<\/strong> jest dla Ciebie. Idealny dla mi\u0142o\u015bnik\u00f3w <strong>vapy wielokrotnego \u0142adowania<\/strong>, <strong>hurtowni waporyzator\u00f3w<\/strong>. Zam\u00f3w ju\u017c teraz i ciesz si\u0119 niezwyk\u0142ym do\u015bwiadczeniem vapowania!<\/p>\n<p>Je\u015bli jeste\u015b gotowy na wysokiej jako\u015bci<strong> bar shisha<\/strong> do\u015bwiadczenie, kt\u00f3re zapewnia smak, przeno\u015bno\u015b\u0107 i moc, <strong>Bang King 25000 Crown Bar<\/strong> czeka.<\/p>\n<p>&nbsp;<\/p>\n<\/div>\n<\/div>\n<\/div>\n<\/div>\n<\/div>\n<\/div>\n<p><strong>Skontaktuj si\u0119 z Amy, aby uzyska\u0107 w\u0142a\u015bciw\u0105 odpowied\u017a i kupon na e-papierosa!<\/strong><\/p>\n<p><img loading=\"lazy\" decoding=\"async\" class=\"size-full wp-image-1978\" src=\"https:\/\/rmvapesale.com\/wp-content\/uploads\/2024\/09\/Disposable-Vape-Wholesale.jpg\" alt=\"Hurtownia Jednorazowych E-papieros\u00f3w\" width=\"229\" height=\"300\" \/><\/p>\n<h3><a href=\"https:\/\/wa.me\/8617776015835\" target=\"_blank\" rel=\"noopener\"><span style=\"color: #ff0000\"><strong>WhatsApp: +86 17776015835<\/strong><\/span><\/a><\/h3>\n<p>&nbsp;<\/p>\n<h2><\/h2>\n<h2><strong>Bang King Shisha 25000 Crown Bar Jednorazowe Wapory Rechargeable <\/strong><strong>G\u0142\u00f3wne cechy<\/strong><\/h2>\n<p>Marka: Bang Vape<br \/>\nChmurka: 25000 chmur<br \/>\nOlej: 30ml E-juice wst\u0119pnie nape\u0142nione<br \/>\nNikotyna: 0% 2% 5% St\u0119\u017cenie nikotyny<br \/>\nBateria: 650mAh Bateria do \u0142adowania<\/p>\n<p>&nbsp;<\/p>\n<h2><strong>Najlepszy smak dla Bang King Shisha 25000 Crown Bar Jednorazowe Wapory<\/strong><\/h2>\n<p>1. Niebieska Malina Lemoniada <span style=\"color: #ff0000\"><strong>&gt;&gt;&gt;&gt; Gor\u0105ce!<\/strong><\/span><br \/>\n2. Jagoda Kwa\u015bna Malina <span style=\"color: #ff0000\"><strong>&gt;&gt;&gt;&gt; Najlepsze!<\/strong><\/span><br \/>\n3. Z\u0142e Krwawienie<br \/>\n4.CUSH MAN<br \/>\n5.Podw\u00f3jne jab\u0142ko<br \/>\n6.Arbuz l\u00f3d<br \/>\n7.Vimto Bull <span style=\"color: #ff0000\"><strong>&gt;&gt;&gt;&gt; Gor\u0105ce!<\/strong><\/span><br \/>\n8.Bor\u00f3wka z Winogronem<br \/>\n9.Czere\u015bnia z cytryn\u0105<br \/>\n10.Arbuz, Honeydew, Owoc Pasji<br \/>\n11.Shisha Cytryna Mi\u0119ta<br \/>\n12.Peachice<\/p>\n<figure id=\"attachment_2696\" aria-describedby=\"caption-attachment-2696\" style=\"width: 800px\" class=\"wp-caption alignnone\"><img loading=\"lazy\" decoding=\"async\" class=\"wp-image-2696 size-full\" src=\"https:\/\/rmvapesale.com\/wp-content\/uploads\/2024\/11\/Bang-King-25000-EShisha-Disposable-Vape.png\" alt=\"Bang King 25000 EShisha Jednorazowy Vape\" width=\"800\" height=\"800\" srcset=\"https:\/\/rmvapesale.com\/wp-content\/uploads\/2024\/11\/Bang-King-25000-EShisha-Disposable-Vape.png 800w, https:\/\/rmvapesale.com\/wp-content\/uploads\/2024\/11\/Bang-King-25000-EShisha-Disposable-Vape-300x300.png 300w, https:\/\/rmvapesale.com\/wp-content\/uploads\/2024\/11\/Bang-King-25000-EShisha-Disposable-Vape-150x150.png 150w, https:\/\/rmvapesale.com\/wp-content\/uploads\/2024\/11\/Bang-King-25000-EShisha-Disposable-Vape-768x768.png 768w, https:\/\/rmvapesale.com\/wp-content\/uploads\/2024\/11\/Bang-King-25000-EShisha-Disposable-Vape-600x600.png 600w, https:\/\/rmvapesale.com\/wp-content\/uploads\/2024\/11\/Bang-King-25000-EShisha-Disposable-Vape-100x100.png 100w\" sizes=\"auto, (max-width: 800px) 100vw, 800px\" \/><figcaption id=\"caption-attachment-2696\" class=\"wp-caption-text\">Bang King 25000 EShisha Jednorazowy Vape<\/figcaption><\/figure>\n<h3><\/h3>\n<h3><strong>Dlaczego warto wybra\u0107 Rmvapesale dla Bang Shisha 25000 <\/strong><strong>V<\/strong><strong>Sprzeda\u017c hurtowa e-papieros\u00f3w<\/strong><strong>?<\/strong><\/h3>\n<div class=\"flex-shrink-0 flex flex-col relative items-end\">\n<div class=\"pt-0\">\n<div class=\"gizmo-bot-avatar flex h-8 w-8 items-center justify-center overflow-hidden rounded-full\">\n<div class=\"relative p-1 rounded-sm flex items-center justify-center bg-token-main-surface-primary text-token-text-primary h-8 w-8\">\n<p>Witaj w Rmvapesale, Twoim zaufanym sklepie z e-papierosami, oferuj\u0105cym jednorazowe produkty najwy\u017cszej jako\u015bci. Z ponad 5-letnim do\u015bwiadczeniem, dostarczamy popularne marki jednorazowych e-papieros\u00f3w, takie jak Al Fakher, Vapme Vape, <a href=\"https:\/\/rmvapesale.com\/pl\/product\/vapme-crystal-7000-puffs-rechargeable-disposable-vape-price\/\">Vapme<\/a>, <a href=\"https:\/\/rmvapesale.com\/pl\/product-category\/bang-vapes\/\">Bang Vape<\/a>, Waspe, <a href=\"https:\/\/rmvapesale.com\/pl\/product\/wga-crystal-pro-max-extra-15k-puffs-disposable-vape-wholesale\/\">WGA<\/a> Vape i<a href=\"https:\/\/rmvapesale.com\/pl\/product-category\/randm-fumot-vape\/\"> RandM Vape<\/a>.<\/p>\n<p>Nasza oferta obejmuje popularne e-papierosy, takie jak <a href=\"https:\/\/rmvapesale.com\/pl\/product\/fumot-digital-box-12000-disposable-vape-pink-lemonade-flavor\/\">RandM 12k<\/a> oraz bogate w smaki opcje, jak <a href=\"https:\/\/rmvapesale.com\/pl\/product\/elfbar-combo-25000-puffs-rechargeable-disposable-vape-wholesale\/\">ELFBAR Combo 25000 Zaci\u0105gni\u0119\u0107<\/a>. Ka\u017cdy produkt jest wybierany z my\u015bl\u0105 o jako\u015bci, warto\u015bci i r\u00f3\u017cnorodno\u015bci, dzi\u0119ki czemu na pewno znajdziesz idealny dla siebie. Odkryj wyj\u0105tkow\u0105 obs\u0142ug\u0119 i szerok\u0105 gam\u0119 najlepszych produkt\u00f3w na Rmvapesale.<\/p>\n<\/div>\n<h3><\/h3>\n<div class=\"relative p-1 rounded-sm flex items-center justify-center bg-token-main-surface-primary text-token-text-primary h-8 w-8\">\n<h3><b>Bang King Shisha 25000 Korona Bar Ekran, \u0141adowalny Jednorazowy Vape FAQ<\/b><\/h3>\n<p><strong>Q: Jakie s\u0105 popularne smaki dla jednorazowego vaporizera Bang King Shisha 25000?<\/strong><br \/>\nOdp.: <strong>Bang King Shisha 25000<\/strong> Oferuje szeroki wyb\u00f3r popularnych smak\u00f3w, w tym <strong>Vimto Bull E Shisha, Cytryna Mi\u0119ta oraz Ghiaccio Di Anguria<\/strong>. Smaki te odpowiadaj\u0105 r\u00f3\u017cnym preferencjom, zapewniaj\u0105c bogate i satysfakcjonuj\u0105ce do\u015bwiadczenie wapowania.<\/p>\n<p><strong>Q: Jak wiem, kiedy m\u00f3j Bang Shisha 25000 Smart Vape jest pusty?<\/strong><br \/>\nA: Dowiesz si\u0119, \u017ce czas na na\u0142adowanie lub wymian\u0119 vaporizera, gdy <strong>produkcja pary znacznie si\u0119 zmniejsza<\/strong>, a <strong>smak mo\u017ce r\u00f3wnie\u017c by\u0107 s\u0142abszy lub przypalony<\/strong>. Niekt\u00f3re vaporizery mog\u0105 mie\u0107 r\u00f3wnie\u017c wska\u017anik LED, kt\u00f3ry Ci\u0119 o tym poinformuje.<\/p>\n<p><strong>P: Jak d\u0142ugo trwa \u0142adowanie wielokrotnego u\u017cytku e-papierosa Bang 25000 Rechargeable Vape?<\/strong><br \/>\nOdp.: <strong>Bang 25000<\/strong> wielokrotnego u\u017cytku e-papieros posiada funkcj\u0119 <strong>Bateria 650 mAh<\/strong> i obs\u0142uguje <strong>Typu-C<\/strong>, zazwyczaj trwa to oko\u0142o <strong>1\u20132 godziny na pe\u0142ne na\u0142adowanie<\/strong>.<\/p>\n<p><strong>P: Gdzie kupi\u0107 hurtowo Bang Shisha 25000 Puff Vapes?<\/strong><br \/>\nO: Mo\u017cesz zakupi\u0107 <strong>Bang Shisha 25000<\/strong> w cenach hurtowych online <strong>hurtowni vape<\/strong>. Szukaj renomowanych <strong>sklep\u00f3w z vape<\/strong> kt\u00f3re oferuj\u0105 hurtowe zakupy <strong>jednorazowych e-papieros\u00f3w Bang<\/strong> w najlepszych cenach.<\/p>\n<p><strong>Czy mog\u0119 zabra\u0107 jednorazowy e-papieros wielokrotnego \u0142adowania do samolotu?<\/strong><br \/>\nO: Tak, mo\u017cesz zabra\u0107 na pok\u0142ad samolotu jednorazowe e-papierosy z funkcj\u0105 \u0142adowania, ale powinny by\u0107 <strong>przenoszone w baga\u017cu podr\u0119cznym<\/strong>, poniewa\u017c polityka linii lotniczych zwykle wymaga, aby e-papierosy by\u0142y w baga\u017cu podr\u0119cznym ze wzgl\u0119du na przepisy dotycz\u0105ce baterii.<\/p>\n<p><strong>P: Ile puf\u00f3w zapewnia e-papieros Bang Shisha 25000?<\/strong><br \/>\nOdp.: <strong>Bang Shisha 25000<\/strong> zapewnia <strong>do 25 000 zaci\u0105gni\u0119\u0107<\/strong>, gwarantuj\u0105c d\u0142ugotrwa\u0142e i wygodne do\u015bwiadczenie vapingowe.<\/p>\n<p><strong>P: Jak d\u0142ugo trwa pe\u0142ne na\u0142adowanie e-papierosa Bang 25000?<\/strong><br \/>\nO: Pe\u0142ne na\u0142adowanie na <strong>e-papierosie Bang 25000<\/strong> potrzebuje oko\u0142o <strong>1\u20132 godziny<\/strong> dzi\u0119ki jego <strong>szybkiemu \u0142adowaniu typu C<\/strong> z <strong>Bateria 650 mAh<\/strong>.<\/p>\n<\/div>\n<div class=\"mb-2 flex gap-3 empty:hidden -ml-2\"><\/div>\n<p>&nbsp;<\/p>\n<\/div>\n<\/div>\n<\/div>\n<h3>O wysy\u0142ce<\/h3>\n<div class=\"flex-shrink-0 flex flex-col relative items-end\">\n<div>\n<div class=\"pt-0\">\n<div class=\"gizmo-bot-avatar flex h-8 w-8 items-center justify-center overflow-hidden rounded-full\">\n<div><\/div>\n<div class=\"relative p-1 rounded-sm flex items-center justify-center bg-token-main-surface-primary text-token-text-primary h-8 w-8\"><strong>1. Jakie metody wysy\u0142ki s\u0105 stosowane?<\/strong><\/div>\n<\/div>\n<\/div>\n<\/div>\n<\/div>\n<div class=\"group\/conversation-turn relative flex w-full min-w-0 flex-col agent-turn\">\n<div class=\"flex-col gap-1 md:gap-3\">\n<div class=\"flex max-w-full flex-col flex-grow\">\n<div class=\"min-h-[20px] text-message flex w-full flex-col items-end gap-2 whitespace-normal break-words [.text-message+&amp;]:mt-5 overflow-x-auto\" dir=\"auto\" data-message-author-role=\"assistant\" data-message-id=\"22f8283b-3233-46ff-89a5-c7a41b33abda\">\n<div class=\"flex w-full flex-col gap-1 empty:hidden first:pt-[3px]\">\n<div class=\"markdown prose w-full break-words dark:prose-invert light\">\n<p>Wsp\u00f3\u0142pracujemy z UPS, DHL, FedEx, DPD i innymi wiod\u0105cymi przewo\u017anikami. Wybierzemy najlepsz\u0105 metod\u0119 wysy\u0142ki w oparciu o Twoj\u0105 lokalizacj\u0119, aby zapewni\u0107, \u017ce otrzymasz swoje produkty tak szybko, jak to mo\u017cliwe.<\/p>\n<\/div>\n<p><strong>2. Ile czasu zajmuje dostawa?<\/strong><\/p>\n<p>Paczki wysy\u0142ane do Polski zazwyczaj docieraj\u0105 w ci\u0105gu 10 dni roboczych. Wysy\u0142ka do innych kraj\u00f3w europejskich trwa zwykle oko\u0142o 12-15 dni roboczych. B\u0119dziemy dostarcza\u0107 aktualizacje w czasie rzeczywistym na temat statusu Twojej przesy\u0142ki.<\/p>\n<\/div>\n<\/div>\n<\/div>\n<\/div>\n<\/div>\n<p>&nbsp;<\/p>\n<p>Znajd\u017a wi\u0119cej produkt\u00f3w Vape, kt\u00f3re mog\u0105 Ci si\u0119 spodoba\u0107:<strong><em><a href=\"https:\/\/rmvapesale.com\/pl\/shop-2\/\">kup teraz &gt;&gt;&gt;<\/a><\/em><\/strong><\/p>","protected":false},"excerpt":{"rendered":"<p>Bang King 25000 Chmur 0% 2% 5% Niska Nikotyna Jednorazowy E-papieros<br \/>\nBang King 25000 Jednorazowy E-papieros Hurtowy Dostawca Cena<br \/>\nBang King Shisha 25000 Du\u017ce Chmury Wy\u015bwietlacz E-papieros Jednorazowy<\/p>\n<p><img loading=\"lazy\" decoding=\"async\" class=\"size-full wp-image-2375\" src=\"https:\/\/rmvapesale.com\/wp-content\/uploads\/2024\/10\/image.png\" alt=\"Najlepszy Jednorazowy E-papieros\" width=\"229\" height=\"300\" \/><\/p>\n<h3><a href=\"https:\/\/wa.me\/8617776015835\"><span style=\"color: #ff0000\"><strong>WhatsApp: +86 17776015835<\/strong><\/span><\/a><\/h3>\n<p>&nbsp;<\/p>","protected":false},"featured_media":2698,"comment_status":"open","ping_status":"closed","template":"","meta":{"_uag_custom_page_level_css":"","_lmt_disableupdate":"no","_lmt_disable":"","site-sidebar-layout":"default","site-content-layout":"content-boxed-container","ast-site-content-layout":"normal-width-container","site-content-style":"boxed","site-sidebar-style":"unboxed","ast-global-header-display":"","ast-banner-title-visibility":"","ast-main-header-display":"","ast-hfb-above-header-display":"","ast-hfb-below-header-display":"","ast-hfb-mobile-header-display":"","site-post-title":"","ast-breadcrumbs-content":"","ast-featured-img":"","footer-sml-layout":"","ast-disable-related-posts":"","theme-transparent-header-meta":"default","adv-header-id-meta":"","stick-header-meta":"","header-above-stick-meta":"","header-main-stick-meta":"","header-below-stick-meta":"","astra-migrate-meta-layouts":"set","ast-page-background-enabled":"default","ast-page-background-meta":{"desktop":{"background-color":"var(--ast-global-color-4)","background-image":"","background-repeat":"repeat","background-position":"center center","background-size":"auto","background-attachment":"scroll","background-type":"","background-media":"","overlay-type":"","overlay-color":"","overlay-opacity":"","overlay-gradient":""},"tablet":{"background-color":"","background-image":"","background-repeat":"repeat","background-position":"center center","background-size":"auto","background-attachment":"scroll","background-type":"","background-media":"","overlay-type":"","overlay-color":"","overlay-opacity":"","overlay-gradient":""},"mobile":{"background-color":"","background-image":"","background-repeat":"repeat","background-position":"center center","background-size":"auto","background-attachment":"scroll","background-type":"","background-media":"","overlay-type":"","overlay-color":"","overlay-opacity":"","overlay-gradient":""}},"ast-content-background-meta":{"desktop":{"background-color":"var(--ast-global-color-5)","background-image":"","background-repeat":"repeat","background-position":"center center","background-size":"auto","background-attachment":"scroll","background-type":"","background-media":"","overlay-type":"","overlay-color":"","overlay-opacity":"","overlay-gradient":""},"tablet":{"background-color":"var(--ast-global-color-5)","background-image":"","background-repeat":"repeat","background-position":"center center","background-size":"auto","background-attachment":"scroll","background-type":"","background-media":"","overlay-type":"","overlay-color":"","overlay-opacity":"","overlay-gradient":""},"mobile":{"background-color":"var(--ast-global-color-5)","background-image":"","background-repeat":"repeat","background-position":"center center","background-size":"auto","background-attachment":"scroll","background-type":"","background-media":"","overlay-type":"","overlay-color":"","overlay-opacity":"","overlay-gradient":""}},"_joinchat":[]},"product_brand":[],"product_cat":[15,27,25,123,30,26,28,137,136,135],"product_tag":[169,188,208,167,207,206,120],"class_list":{"0":"post-2702","1":"product","2":"type-product","3":"status-publish","4":"has-post-thumbnail","6":"product_cat-new-vape-this-week","7":"product_cat-fance-hot-sale-vape","8":"product_cat-germany-best-selling-vape","9":"product_cat-italy-wholesale-vape","10":"product_cat-minimum-order-quantity-50pcs","11":"product_cat-netherlands-hot-sale-vape","12":"product_cat-poland-hot-sale-vape","13":"product_cat-rechargeable-vapes","14":"product_cat-smart-screen-vapes","15":"product_cat-spain-best-hot-sale-vape","16":"product_tag-best-disposable-vape-2024","17":"product_tag-buy-vapes-online","18":"product_tag-crown-bar","19":"product_tag-disposable-vape-with-screen","20":"product_tag-puff-vape","21":"product_tag-smart-phone-vape","22":"product_tag-vape-wholesale","23":"desktop-align-left","24":"tablet-align-left","25":"mobile-align-left","27":"first","28":"instock","29":"sale","30":"shipping-taxable","31":"purchasable","32":"product-type-simple"},"uagb_featured_image_src":{"full":["https:\/\/rmvapesale.com\/wp-content\/uploads\/2024\/11\/BangKing-25000-Puffs-Crown-Bar-Disposable-Vape.png",800,800,false],"thumbnail":["https:\/\/rmvapesale.com\/wp-content\/uploads\/2024\/11\/BangKing-25000-Puffs-Crown-Bar-Disposable-Vape-150x150.png",150,150,true],"medium":["https:\/\/rmvapesale.com\/wp-content\/uploads\/2024\/11\/BangKing-25000-Puffs-Crown-Bar-Disposable-Vape-300x300.png",300,300,true],"medium_large":["https:\/\/rmvapesale.com\/wp-content\/uploads\/2024\/11\/BangKing-25000-Puffs-Crown-Bar-Disposable-Vape-768x768.png",768,768,true],"large":["https:\/\/rmvapesale.com\/wp-content\/uploads\/2024\/11\/BangKing-25000-Puffs-Crown-Bar-Disposable-Vape.png",800,800,false],"1536x1536":["https:\/\/rmvapesale.com\/wp-content\/uploads\/2024\/11\/BangKing-25000-Puffs-Crown-Bar-Disposable-Vape.png",800,800,false],"2048x2048":["https:\/\/rmvapesale.com\/wp-content\/uploads\/2024\/11\/BangKing-25000-Puffs-Crown-Bar-Disposable-Vape.png",800,800,false],"trp-custom-language-flag":["https:\/\/rmvapesale.com\/wp-content\/uploads\/2024\/11\/BangKing-25000-Puffs-Crown-Bar-Disposable-Vape.png",12,12,false],"woocommerce_thumbnail":["https:\/\/rmvapesale.com\/wp-content\/uploads\/2024\/11\/BangKing-25000-Puffs-Crown-Bar-Disposable-Vape-300x300.png",300,300,true],"woocommerce_single":["https:\/\/rmvapesale.com\/wp-content\/uploads\/2024\/11\/BangKing-25000-Puffs-Crown-Bar-Disposable-Vape-600x600.png",600,600,true],"woocommerce_gallery_thumbnail":["https:\/\/rmvapesale.com\/wp-content\/uploads\/2024\/11\/BangKing-25000-Puffs-Crown-Bar-Disposable-Vape-100x100.png",100,100,true],"wcpr-photo-reviews":["https:\/\/rmvapesale.com\/wp-content\/uploads\/2024\/11\/BangKing-25000-Puffs-Crown-Bar-Disposable-Vape.png",500,500,false]},"uagb_author_info":{"display_name":"AMY","author_link":"https:\/\/rmvapesale.com\/pl\/author\/"},"uagb_comment_info":0,"uagb_excerpt":"Bang King 25000 Puffs 0% 2% 5% Low Nicotine Disposable Vape Bang King 25000 Disposable Vape Wholesale Supplier Price Bang King Shisha 25000 Big Clouds Display Screen Disposable Vape WhatsApp: +86 17776015835 &nbsp;","_links":{"self":[{"href":"https:\/\/rmvapesale.com\/pl\/wp-json\/wp\/v2\/product\/2702","targetHints":{"allow":["GET"]}}],"collection":[{"href":"https:\/\/rmvapesale.com\/pl\/wp-json\/wp\/v2\/product"}],"about":[{"href":"https:\/\/rmvapesale.com\/pl\/wp-json\/wp\/v2\/types\/product"}],"replies":[{"embeddable":true,"href":"https:\/\/rmvapesale.com\/pl\/wp-json\/wp\/v2\/comments?post=2702"}],"wp:featuredmedia":[{"embeddable":true,"href":"https:\/\/rmvapesale.com\/pl\/wp-json\/wp\/v2\/media\/2698"}],"wp:attachment":[{"href":"https:\/\/rmvapesale.com\/pl\/wp-json\/wp\/v2\/media?parent=2702"}],"wp:term":[{"taxonomy":"product_brand","embeddable":true,"href":"https:\/\/rmvapesale.com\/pl\/wp-json\/wp\/v2\/product_brand?post=2702"},{"taxonomy":"product_cat","embeddable":true,"href":"https:\/\/rmvapesale.com\/pl\/wp-json\/wp\/v2\/product_cat?post=2702"},{"taxonomy":"product_tag","embeddable":true,"href":"https:\/\/rmvapesale.com\/pl\/wp-json\/wp\/v2\/product_tag?post=2702"}],"curies":[{"name":"wp","href":"https:\/\/api.w.org\/{rel}","templated":true}]}}