{"id":2718,"date":"2024-11-12T08:49:23","date_gmt":"2024-11-12T08:49:23","guid":{"rendered":"https:\/\/rmvapesale.com\/?post_type=product&#038;p=2718"},"modified":"2024-11-12T09:20:43","modified_gmt":"2024-11-12T09:20:43","slug":"randm-tornado-9000-puff-blue-razz-ice-rechargeable-diposable-vape-wholesale-price","status":"publish","type":"product","link":"https:\/\/rmvapesale.com\/pl\/product\/randm-tornado-9000-puff-blue-razz-ice-rechargeable-diposable-vape-wholesale-price\/","title":{"rendered":"RandM Tornado 9000 zaci\u0105gni\u0119\u0107 Blue Razz Ice \u0141adowalny Jednorazowy Vape Cena Hurtowa"},"content":{"rendered":"<div class=\"B2VR9 CJHX3e\">\n<div class=\"wyccme\">\n<h1 class=\"LC20lb MBeuO DKV0Md\">RandM Tornado 9000 zaci\u0105gni\u0119\u0107 Blue Razz Ice \u0141adowalny Jednorazowy Vape Cena Hurtowa<\/h1>\n<div class=\"flex-shrink-0 flex flex-col relative items-end\">\n<div class=\"pt-0\">\n<div class=\"gizmo-bot-avatar flex h-8 w-8 items-center justify-center overflow-hidden rounded-full\">\n<div class=\"relative p-1 rounded-sm flex items-center justify-center bg-token-main-surface-primary text-token-text-primary h-8 w-8\">\n<p>Do\u015bwiadcz wyj\u0105tkowej mocy i smaku RandM Tornado 9000 Blue Razz Ice na\u0142adowywalnego jednorazowego e-papierosa, dost\u0119pnego teraz w hurtowych cenach. To urz\u0105dzenie oferuje niesamowite ponad 9000 chmur, co czyni je idealnym dla tych, kt\u00f3rzy chc\u0105 d\u0142ugotrwa\u0142ego vapowania bez konieczno\u015bci cz\u0119stej wymiany. Ka\u017cdy e-papieros jest wst\u0119pnie nape\u0142niony 18 ml wysokiej jako\u015bci e-liquidu na bazie soli nikotynowej, zapewniaj\u0105c g\u0142adkie i satysfakcjonuj\u0105ce uderzenie przy ka\u017cdym zaci\u0105gni\u0119ciu si\u0119. Smak Blue Razz Ice \u0142\u0105czy soczyst\u0105, s\u0142odk\u0105 baz\u0119 malinow\u0105 z ch\u0142odz\u0105cym finiszem, zapewniaj\u0105c orze\u017awiaj\u0105ce doznania podczas ca\u0142odziennego vapowania.<\/p>\n<p>Zaprojektowany z my\u015bl\u0105 o wygodzie, RandM Tornado 9000 posiada na\u0142adowywalny akumulator o pojemno\u015bci 850mAh, kt\u00f3ry mo\u017cna \u0142atwo na\u0142adowa\u0107 przez port Type-C i kontynuowa\u0107 vapowanie bez przerw. Mechanizm uruchamiania oparty na zaci\u0105gni\u0119ciu sprawia, \u017ce jest prosty w obs\u0142udze \u2014 wystarczy zaci\u0105gn\u0105\u0107 si\u0119, aby go aktywowa\u0107. Jego \u017cywy design i pod\u015bwietlenie RGB sprawiaj\u0105, \u017ce wyr\u00f3\u017cnia si\u0119 wizualnie, stanowi\u0105c idealny dodatek do kolekcji ka\u017cdego entuzjasty vapowania. RandM 9K zosta\u0142 stworzony, aby zapewni\u0107 sp\u00f3jny smak i jako\u015b\u0107, niezale\u017cnie od tego, czy jeste\u015b do\u015bwiadczonym vaperem, czy dopiero zaczynasz przygod\u0119 z vapowaniem.<\/p>\n<p>&nbsp;<\/p>\n<\/div>\n<\/div>\n<\/div>\n<\/div>\n<\/div>\n<\/div>\n<p><strong>Skontaktuj si\u0119 z Amy, aby uzyska\u0107 w\u0142a\u015bciw\u0105 odpowied\u017a i kupon na e-papierosa!<\/strong><\/p>\n<p><img loading=\"lazy\" decoding=\"async\" class=\"size-full wp-image-1978\" src=\"https:\/\/rmvapesale.com\/wp-content\/uploads\/2024\/09\/Disposable-Vape-Wholesale.jpg\" alt=\"Hurtownia Jednorazowych E-papieros\u00f3w\" width=\"229\" height=\"300\" \/><\/p>\n<h3><a href=\"https:\/\/wa.me\/8617776015835\" target=\"_blank\" rel=\"noopener\"><span style=\"color: #ff0000\"><strong>WhatsApp: +86 17776015835<\/strong><\/span><\/a><\/h3>\n<p>&nbsp;<\/p>\n<h2><\/h2>\n<h2><strong>RandM Tornado 9000 <\/strong><strong>G\u0142\u00f3wne cechy<\/strong><\/h2>\n<p>&nbsp;<\/p>\n<ul>\n<li>Ponad 9000 chmur dla d\u0142ugotrwa\u0142ego vapowania<\/li>\n<li>18 ml e-liquidu na bazie soli nikotynowej Blue Razz Ice dla g\u0142adkich uderze\u0144<\/li>\n<li>Akumulator 850 mAh z \u0142adowaniem Type-C<\/li>\n<li>Mechanizm uruchamiania oparty na zaci\u0105gni\u0119ciu, \u0142atwy w obs\u0142udze<\/li>\n<li>Przyci\u0105gaj\u0105ce wzrok pod\u015bwietlenie RGB dla unikalnego wygl\u0105du<\/li>\n<\/ul>\n<p>&nbsp;<\/p>\n<h2><strong>Najlepszy smak RandM Tornado 9000<\/strong><\/h2>\n<p>1 Jagoda Malina <span style=\"color: #ff0000\"><strong>&gt;&gt;&gt;&gt; Gor\u0105ce!<\/strong><\/span><br \/>\n2 Pan Blue <span style=\"color: #ff0000\"><strong>&gt;&gt;&gt;&gt; Gor\u0105ce!<\/strong><\/span><br \/>\n3 Truskawka Arbuz<br \/>\n4 Orze\u017awiaj\u0105ca Lemoniada Pomara\u0144czowa<br \/>\n5 Arbuzowa Guma do \u017bucia<br \/>\n6 T\u0119czowa Cukierki<br \/>\n7 R\u00f3\u017cowa Lemoniada <span style=\"color: #ff0000\"><strong>&gt;&gt;&gt;&gt; Gor\u0105ce!<\/strong><\/span><br \/>\n8 Brzoskwiniowo-Mango Ananas<br \/>\n9 Truskawka Banan<br \/>\n10 Lush Ice<br \/>\n11 Black Dragon Ice<br \/>\n12 Aloe Grape<br \/>\n13 Blue Razz Ice<br \/>\n14 Kiwi Passion Fruit Guava<br \/>\n15 Gummy Bear<br \/>\n16 Mieszane Jagody <span style=\"color: #ff0000\"><strong>&gt;&gt;&gt;&gt; Gor\u0105ce!<\/strong><\/span><br \/>\n17 Ch\u0142odna Mi\u0119ta<br \/>\n18 Raspberry Watermelon<br \/>\n19 Peach Lemonade<br \/>\n20 Guava Ice<br \/>\n21 Strawberry Lemonade<br \/>\n22 Watermelon Brazz Ice<br \/>\n23 Banana Custard<br \/>\n24 Peach Berry<br \/>\n25 Strawberry Cream<br \/>\n26 Sour Candy<br \/>\n27 Lemon&amp;Lime<br \/>\n28 Cherry<br \/>\n29 Fizzy Cherry <span style=\"color: #ff0000\"><strong>&gt;&gt;&gt;&gt; Gor\u0105ce!<\/strong><\/span><br \/>\n30 Jagoda Bor\u00f3wka Wi\u015bnia \u017burawina<br \/>\n31 Vimto<br \/>\n32 Skittles<br \/>\n33 Czarny L\u00f3d <span style=\"color: #ff0000\"><strong>&gt;&gt;&gt;&gt; Najlepsze!<\/strong><\/span><br \/>\n34 Winogrono<br \/>\n35 Mro\u017any Niebieski Smak<br \/>\n36 Truskawkowy L\u00f3d<br \/>\n37 Niebieska Malina Kush<br \/>\n38 Mro\u017cony Lizak<br \/>\n39 Jagoda Kwa\u015bna Malina<br \/>\n40 Ananas<br \/>\n41 Lemoniada Wi\u015bniowo-Brzoskwiniowa<br \/>\n42 Truskawka Malina Wi\u015bnia L\u00f3d<br \/>\n43 Potr\u00f3jne Mango<br \/>\n44 Truskawka Malina L\u00f3d<br \/>\n45 Truskawka Arbuz Guma do \u017cucia<br \/>\n46 Prime Truskawka Arbuz<br \/>\n47 Arbuz L\u00f3d<br \/>\n48 Jagoda L\u00f3d <span style=\"color: #ff0000\"><strong>&gt;&gt;&gt;&gt; Gor\u0105ce!<\/strong><\/span><br \/>\n49 Arbuz Skittle<br \/>\n50 Truskawka Mango<br \/>\n51 Truskawka Pomp\uff08Granat\uff09<br \/>\n52 Letnie Brzoskwinia L\u00f3d<br \/>\n53 Wi\u015bnia Jagoda<br \/>\n54 Wi\u015bnia Cola<br \/>\n55 Prime Arbuz<br \/>\n56 Truskawka Winogrono<br \/>\n57 Krew Tygrysa <span style=\"color: #ff0000\"><strong>&gt;&gt;&gt;&gt; Gor\u0105ce!<\/strong><\/span><br \/>\n58 Woda mineralna<\/p>\n<p>&nbsp;<\/p>\n<h3><\/h3>\n<h3><strong>Dlaczego warto wybra\u0107 Rmvapesale dla RandM Tornado 9000 <\/strong><strong>V<\/strong><strong>Sprzeda\u017c hurtowa e-papieros\u00f3w<\/strong><strong>?<\/strong><\/h3>\n<div class=\"flex-shrink-0 flex flex-col relative items-end\">\n<div class=\"pt-0\">\n<div class=\"gizmo-bot-avatar flex h-8 w-8 items-center justify-center overflow-hidden rounded-full\">\n<div class=\"relative p-1 rounded-sm flex items-center justify-center bg-token-main-surface-primary text-token-text-primary h-8 w-8\">\n<p>Witaj w Rmvapesale, Twoim zaufanym sklepie z e-papierosami, oferuj\u0105cym jednorazowe produkty najwy\u017cszej jako\u015bci. Z ponad 5-letnim do\u015bwiadczeniem, dostarczamy popularne marki jednorazowych e-papieros\u00f3w, takie jak Al Fakher, Vapme Vape, <a href=\"https:\/\/rmvapesale.com\/pl\/product\/vapme-crystal-7000-puffs-rechargeable-disposable-vape-price\/\">Vapme<\/a>, <a href=\"https:\/\/rmvapesale.com\/pl\/product-category\/bang-vapes\/\">Bang Vape<\/a>, Waspe, <a href=\"https:\/\/rmvapesale.com\/pl\/product\/wga-crystal-pro-max-extra-15k-puffs-disposable-vape-wholesale\/\">WGA<\/a> Vape i<a href=\"https:\/\/rmvapesale.com\/pl\/product-category\/randm-fumot-vape\/\"> RandM Vape<\/a>.<\/p>\n<p>Nasza oferta obejmuje popularne e-papierosy, takie jak <a href=\"https:\/\/rmvapesale.com\/pl\/product\/fumot-digital-box-12000-disposable-vape-pink-lemonade-flavor\/\">RandM 12k<\/a> oraz bogate w smaki opcje, jak <a href=\"https:\/\/rmvapesale.com\/pl\/product\/elfbar-combo-25000-puffs-rechargeable-disposable-vape-wholesale\/\">ELFBAR Combo 25000 Zaci\u0105gni\u0119\u0107<\/a>. Ka\u017cdy produkt jest wybierany z my\u015bl\u0105 o jako\u015bci, warto\u015bci i r\u00f3\u017cnorodno\u015bci, dzi\u0119ki czemu na pewno znajdziesz idealny dla siebie. Odkryj wyj\u0105tkow\u0105 obs\u0142ug\u0119 i szerok\u0105 gam\u0119 najlepszych produkt\u00f3w na Rmvapesale.<\/p>\n<\/div>\n<h3><\/h3>\n<div class=\"relative p-1 rounded-sm flex items-center justify-center bg-token-main-surface-primary text-token-text-primary h-8 w-8\">\n<h3><b>FAQ dotycz\u0105ce jednorazowego e-papierosa RandM 9000 z mo\u017cliwo\u015bci\u0105 \u0142adowania<\/b><\/h3>\n<ol>\n<li><strong>Jakie s\u0105 popularne smaki dla jednorazowego e-papierosa RandM 9000?<\/strong><br \/>\nPopularne smaki dla jednorazowego e-papierosa RandM 9000 to Blue Razz Ice, kt\u00f3re \u0142\u0105czy s\u0142odk\u0105 malin\u0119 z ch\u0142odnym, lodowym wyko\u0144czeniem. Inne smaki mog\u0105 si\u0119 r\u00f3\u017cni\u0107 w zale\u017cno\u015bci od dost\u0119pno\u015bci i preferencji regionalnych.<\/li>\n<li><strong>Jak mog\u0119 wiedzie\u0107, kiedy m\u00f3j RandM Tornado 9000 jest pusty?<\/strong><br \/>\nGdy Tw\u00f3j RandM Tornado 9000 jest pusty, zauwa\u017cysz spadek produkcji pary i smaku. Dodatkowo, ci\u0105g mo\u017ce wydawa\u0107 si\u0119 s\u0142abszy lub generowa\u0107 ma\u0142o pary, co wskazuje na wyczerpanie si\u0119 e-liquid.<\/li>\n<li><strong>Ile czasu zajmuje na\u0142adowanie vape RandM 9000 puf\u00f3w?<\/strong><br \/>\nCzasy \u0142adowania RandM Tornado 9000 mog\u0105 si\u0119 r\u00f3\u017cni\u0107, ale zazwyczaj pe\u0142ne na\u0142adowanie baterii 850mAh przez port Type-C zajmuje oko\u0142o 1-2 godziny.<\/li>\n<li><strong>Ile nikotyny znajduje si\u0119 w jednorazowym vape RandM Tornado 9k puf\u00f3w?<\/strong><br \/>\nRandM Tornado 9000 zawiera s\u00f3l nikotynow\u0105, ale dok\u0142adne st\u0119\u017cenie nikotyny mo\u017ce si\u0119 r\u00f3\u017cni\u0107 w zale\u017cno\u015bci od regionu i wersji produktu. Najlepiej sprawdzi\u0107 opakowanie lub specyfikacje produktu, aby pozna\u0107 dok\u0142adny poziom nikotyny.<\/li>\n<li><strong>Gdzie kupi\u0107 Fumot Tornado 9000 puf\u00f3w vape w cenie hurtowej?<\/strong><br \/>\nMo\u017cesz zakupi\u0107 Fumot Tornado 9000 puf\u00f3w vape w cenie hurtowej od autoryzowanych dystrybutor\u00f3w vape lub sklep\u00f3w internetowych z hurtow\u0105 sprzeda\u017c\u0105 vape. Wiele stron internetowych oferuje opcje hurtowe specjalnie dla marek RandM i Fumot.<\/li>\n<li><strong>Czy mog\u0119 zabra\u0107 jednorazowego e-papierosa do samolotu?<\/strong><br \/>\nTak, mo\u017cesz zabra\u0107 jednorazowe vape na samolot w baga\u017cu podr\u0119cznym, ale nie mog\u0105 by\u0107 w baga\u017cu rejestrowanym ze wzgl\u0119du na przepisy dotycz\u0105ce baterii. Zawsze sprawdzaj wytyczne linii lotniczych i TSA przed podr\u00f3\u017c\u0105.<\/li>\n<li><strong>Ile puf\u00f3w zapewnia RandM Vape 9000?<\/strong><br \/>\nJednorazowy vape RandM Tornado 9000 zapewnia ponad 9000 puf\u00f3w, co czyni go d\u0142ugotrwa\u0142\u0105 opcj\u0105 w por\u00f3wnaniu z innymi jednorazowymi vape.<\/li>\n<\/ol>\n<\/div>\n<div class=\"mb-2 flex gap-3 empty:hidden -ml-2\"><\/div>\n<p>&nbsp;<\/p>\n<\/div>\n<\/div>\n<\/div>\n<h3>O wysy\u0142ce<\/h3>\n<div class=\"flex-shrink-0 flex flex-col relative items-end\">\n<div>\n<div class=\"pt-0\">\n<div class=\"gizmo-bot-avatar flex h-8 w-8 items-center justify-center overflow-hidden rounded-full\">\n<div><\/div>\n<div class=\"relative p-1 rounded-sm flex items-center justify-center bg-token-main-surface-primary text-token-text-primary h-8 w-8\"><strong>1. Jakie metody wysy\u0142ki s\u0105 stosowane?<\/strong><\/div>\n<\/div>\n<\/div>\n<\/div>\n<\/div>\n<div class=\"group\/conversation-turn relative flex w-full min-w-0 flex-col agent-turn\">\n<div class=\"flex-col gap-1 md:gap-3\">\n<div class=\"flex max-w-full flex-col flex-grow\">\n<div class=\"min-h-[20px] text-message flex w-full flex-col items-end gap-2 whitespace-normal break-words [.text-message+&amp;]:mt-5 overflow-x-auto\" dir=\"auto\" data-message-author-role=\"assistant\" data-message-id=\"22f8283b-3233-46ff-89a5-c7a41b33abda\">\n<div class=\"flex w-full flex-col gap-1 empty:hidden first:pt-[3px]\">\n<div class=\"markdown prose w-full break-words dark:prose-invert light\">\n<p>Wsp\u00f3\u0142pracujemy z UPS, DHL, FedEx, DPD i innymi wiod\u0105cymi przewo\u017anikami. Wybierzemy najlepsz\u0105 metod\u0119 wysy\u0142ki w oparciu o Twoj\u0105 lokalizacj\u0119, aby zapewni\u0107, \u017ce otrzymasz swoje produkty tak szybko, jak to mo\u017cliwe.<\/p>\n<\/div>\n<p><strong>2. Ile czasu zajmuje dostawa?<\/strong><\/p>\n<p>Paczki wysy\u0142ane do Polski zazwyczaj docieraj\u0105 w ci\u0105gu 10 dni roboczych. Wysy\u0142ka do innych kraj\u00f3w europejskich trwa zwykle oko\u0142o 12-15 dni roboczych. B\u0119dziemy dostarcza\u0107 aktualizacje w czasie rzeczywistym na temat statusu Twojej przesy\u0142ki.<\/p>\n<\/div>\n<\/div>\n<\/div>\n<\/div>\n<\/div>\n<p>&nbsp;<\/p>\n<p>Znajd\u017a wi\u0119cej produkt\u00f3w Vape, kt\u00f3re mog\u0105 Ci si\u0119 spodoba\u0107:<strong><em><a href=\"https:\/\/rmvapesale.com\/pl\/shop-2\/\">kup teraz &gt;&gt;&gt;<\/a><\/em><\/strong><\/p>","protected":false},"excerpt":{"rendered":"<p>RandM Tornado 9000 chmur jednorazowe urz\u0105dzenie do vapowania<br \/>\nRandM 9000 chmur jednorazowy e-papieros wszystkie smaki dost\u0119pne<br \/>\nRandM Tornado 9000 chmur 9K jednorazowy baton<\/p>\n<p><img loading=\"lazy\" decoding=\"async\" class=\"size-full wp-image-2375\" src=\"https:\/\/rmvapesale.com\/wp-content\/uploads\/2024\/10\/image.png\" alt=\"Najlepszy Jednorazowy E-papieros\" width=\"229\" height=\"300\" \/><\/p>\n<h3><a href=\"https:\/\/wa.me\/8617776015835\"><span style=\"color: #ff0000\"><strong>WhatsApp: +86 17776015835<\/strong><\/span><\/a><\/h3>\n<p>&nbsp;<\/p>","protected":false},"featured_media":2719,"comment_status":"open","ping_status":"closed","template":"","meta":{"_uag_custom_page_level_css":"","_lmt_disableupdate":"no","_lmt_disable":"","site-sidebar-layout":"default","site-content-layout":"content-boxed-container","ast-site-content-layout":"normal-width-container","site-content-style":"boxed","site-sidebar-style":"unboxed","ast-global-header-display":"","ast-banner-title-visibility":"","ast-main-header-display":"","ast-hfb-above-header-display":"","ast-hfb-below-header-display":"","ast-hfb-mobile-header-display":"","site-post-title":"","ast-breadcrumbs-content":"","ast-featured-img":"","footer-sml-layout":"","theme-transparent-header-meta":"default","adv-header-id-meta":"","stick-header-meta":"","header-above-stick-meta":"","header-main-stick-meta":"","header-below-stick-meta":"","astra-migrate-meta-layouts":"set","ast-page-background-enabled":"default","ast-page-background-meta":{"desktop":{"background-color":"var(--ast-global-color-4)","background-image":"","background-repeat":"repeat","background-position":"center center","background-size":"auto","background-attachment":"scroll","background-type":"","background-media":"","overlay-type":"","overlay-color":"","overlay-opacity":"","overlay-gradient":""},"tablet":{"background-color":"","background-image":"","background-repeat":"repeat","background-position":"center center","background-size":"auto","background-attachment":"scroll","background-type":"","background-media":"","overlay-type":"","overlay-color":"","overlay-opacity":"","overlay-gradient":""},"mobile":{"background-color":"","background-image":"","background-repeat":"repeat","background-position":"center center","background-size":"auto","background-attachment":"scroll","background-type":"","background-media":"","overlay-type":"","overlay-color":"","overlay-opacity":"","overlay-gradient":""}},"ast-content-background-meta":{"desktop":{"background-color":"var(--ast-global-color-5)","background-image":"","background-repeat":"repeat","background-position":"center center","background-size":"auto","background-attachment":"scroll","background-type":"","background-media":"","overlay-type":"","overlay-color":"","overlay-opacity":"","overlay-gradient":""},"tablet":{"background-color":"var(--ast-global-color-5)","background-image":"","background-repeat":"repeat","background-position":"center center","background-size":"auto","background-attachment":"scroll","background-type":"","background-media":"","overlay-type":"","overlay-color":"","overlay-opacity":"","overlay-gradient":""},"mobile":{"background-color":"var(--ast-global-color-5)","background-image":"","background-repeat":"repeat","background-position":"center center","background-size":"auto","background-attachment":"scroll","background-type":"","background-media":"","overlay-type":"","overlay-color":"","overlay-opacity":"","overlay-gradient":""}},"_joinchat":[]},"product_brand":[],"product_cat":[15,25,123,26,28,135,27,137,136,30],"product_tag":[169,207,181,120],"class_list":{"0":"post-2718","1":"product","2":"type-product","3":"status-publish","4":"has-post-thumbnail","6":"product_cat-new-vape-this-week","7":"product_cat-germany-best-selling-vape","8":"product_cat-italy-wholesale-vape","9":"product_cat-netherlands-hot-sale-vape","10":"product_cat-poland-hot-sale-vape","11":"product_cat-spain-best-hot-sale-vape","12":"product_cat-fance-hot-sale-vape","13":"product_cat-rechargeable-vapes","14":"product_cat-smart-screen-vapes","15":"product_cat-minimum-order-quantity-50pcs","16":"product_tag-best-disposable-vape-2024","17":"product_tag-puff-vape","18":"product_tag-randm-tornado-9000","19":"product_tag-vape-wholesale","20":"desktop-align-left","21":"tablet-align-left","22":"mobile-align-left","24":"first","25":"instock","26":"sale","27":"shipping-taxable","28":"purchasable","29":"product-type-simple"},"uagb_featured_image_src":{"full":["https:\/\/rmvapesale.com\/wp-content\/uploads\/2024\/11\/RandM-Tornado-9000-BLUE-RAZZ-ICE.png",1000,1000,false],"thumbnail":["https:\/\/rmvapesale.com\/wp-content\/uploads\/2024\/11\/RandM-Tornado-9000-BLUE-RAZZ-ICE-150x150.png",150,150,true],"medium":["https:\/\/rmvapesale.com\/wp-content\/uploads\/2024\/11\/RandM-Tornado-9000-BLUE-RAZZ-ICE-300x300.png",300,300,true],"medium_large":["https:\/\/rmvapesale.com\/wp-content\/uploads\/2024\/11\/RandM-Tornado-9000-BLUE-RAZZ-ICE-768x768.png",768,768,true],"large":["https:\/\/rmvapesale.com\/wp-content\/uploads\/2024\/11\/RandM-Tornado-9000-BLUE-RAZZ-ICE.png",1000,1000,false],"1536x1536":["https:\/\/rmvapesale.com\/wp-content\/uploads\/2024\/11\/RandM-Tornado-9000-BLUE-RAZZ-ICE.png",1000,1000,false],"2048x2048":["https:\/\/rmvapesale.com\/wp-content\/uploads\/2024\/11\/RandM-Tornado-9000-BLUE-RAZZ-ICE.png",1000,1000,false],"trp-custom-language-flag":["https:\/\/rmvapesale.com\/wp-content\/uploads\/2024\/11\/RandM-Tornado-9000-BLUE-RAZZ-ICE.png",12,12,false],"woocommerce_thumbnail":["https:\/\/rmvapesale.com\/wp-content\/uploads\/2024\/11\/RandM-Tornado-9000-BLUE-RAZZ-ICE-300x300.png",300,300,true],"woocommerce_single":["https:\/\/rmvapesale.com\/wp-content\/uploads\/2024\/11\/RandM-Tornado-9000-BLUE-RAZZ-ICE-600x600.png",600,600,true],"woocommerce_gallery_thumbnail":["https:\/\/rmvapesale.com\/wp-content\/uploads\/2024\/11\/RandM-Tornado-9000-BLUE-RAZZ-ICE-100x100.png",100,100,true],"wcpr-photo-reviews":["https:\/\/rmvapesale.com\/wp-content\/uploads\/2024\/11\/RandM-Tornado-9000-BLUE-RAZZ-ICE.png",500,500,false]},"uagb_author_info":{"display_name":"AMY","author_link":"https:\/\/rmvapesale.com\/pl\/author\/"},"uagb_comment_info":0,"uagb_excerpt":"RandM Tornado 9000 Puffs Disposable Vape Device RandM 9000 puffs Disposable Vape All Flavor in Stock RandM Tornado 9000 Puff 9K Disposable Bar WhatsApp: +86 17776015835 &nbsp;","_links":{"self":[{"href":"https:\/\/rmvapesale.com\/pl\/wp-json\/wp\/v2\/product\/2718","targetHints":{"allow":["GET"]}}],"collection":[{"href":"https:\/\/rmvapesale.com\/pl\/wp-json\/wp\/v2\/product"}],"about":[{"href":"https:\/\/rmvapesale.com\/pl\/wp-json\/wp\/v2\/types\/product"}],"replies":[{"embeddable":true,"href":"https:\/\/rmvapesale.com\/pl\/wp-json\/wp\/v2\/comments?post=2718"}],"wp:featuredmedia":[{"embeddable":true,"href":"https:\/\/rmvapesale.com\/pl\/wp-json\/wp\/v2\/media\/2719"}],"wp:attachment":[{"href":"https:\/\/rmvapesale.com\/pl\/wp-json\/wp\/v2\/media?parent=2718"}],"wp:term":[{"taxonomy":"product_brand","embeddable":true,"href":"https:\/\/rmvapesale.com\/pl\/wp-json\/wp\/v2\/product_brand?post=2718"},{"taxonomy":"product_cat","embeddable":true,"href":"https:\/\/rmvapesale.com\/pl\/wp-json\/wp\/v2\/product_cat?post=2718"},{"taxonomy":"product_tag","embeddable":true,"href":"https:\/\/rmvapesale.com\/pl\/wp-json\/wp\/v2\/product_tag?post=2718"}],"curies":[{"name":"wp","href":"https:\/\/api.w.org\/{rel}","templated":true}]}}