{"id":2729,"date":"2024-11-14T06:19:37","date_gmt":"2024-11-14T06:19:37","guid":{"rendered":"https:\/\/rmvapesale.com\/?post_type=product&#038;p=2729"},"modified":"2024-11-14T06:57:21","modified_gmt":"2024-11-14T06:57:21","slug":"fumot-12000-puffs-randm-rechargeable-disposable-vape-watermelon-bubblegum-flavour-germany-wholesale-price","status":"publish","type":"product","link":"https:\/\/rmvapesale.com\/pl\/product\/fumot-12000-puffs-randm-rechargeable-disposable-vape-watermelon-bubblegum-flavour-germany-wholesale-price\/","title":{"rendered":"Fumot 12000 Puffs RandM Jednorazowy Vape z Mo\u017cliwo\u015bci\u0105 \u0141adowania Arbuz Guma Balonowa Smak Niemcy Cena Hurtowa"},"content":{"rendered":"<div class=\"B2VR9 CJHX3e\">\n<div class=\"wyccme\">\n<h1 class=\"LC20lb MBeuO DKV0Md\">Fumot 12000 Puffs RandM Jednorazowy Vape z Mo\u017cliwo\u015bci\u0105 \u0141adowania Arbuz Guma Balonowa Smak Niemcy Cena Hurtowa<\/h1>\n<p>&nbsp;<\/p>\n<div class=\"flex-shrink-0 flex flex-col relative items-end\">\n<div class=\"pt-0\">\n<div class=\"gizmo-bot-avatar flex h-8 w-8 items-center justify-center overflow-hidden rounded-full\">\n<div class=\"relative p-1 rounded-sm flex items-center justify-center bg-token-main-surface-primary text-token-text-primary h-8 w-8\">\n<p>Fumot 12000 Puffs RandM Jednorazowy Vape z Mo\u017cliwo\u015bci\u0105 \u0141adowania o smaku Arbuzowej Gumy Balonowej zapewnia wyj\u0105tkowe, s\u0142odkie i owocowe doznania podczas wapowania. \u0141\u0105cz\u0105c soczysty smak Arbuza z nostalgiczn\u0105 s\u0142odycz\u0105 gumy balonowej, ten Randm vape jest idealny dla tych, kt\u00f3rzy lubi\u0105 smakowity zwrot akcji z ka\u017cdym zaci\u0105gni\u0119ciem. Dzi\u0119ki du\u017cej pojemno\u015bci e-liquidu wynosz\u0105cej 20 ml, urz\u0105dzenie to oferuje imponuj\u0105ce 12 000 zaci\u0105gni\u0119\u0107, zapewniaj\u0105c d\u0142ugotrwa\u0142\u0105 przyjemno\u015b\u0107. Dostosowany do polskiego rynku hurtowego, ten produkt Fumot 12000 stanowi idealn\u0105 opcj\u0119 dla sprzedawc\u00f3w detalicznych, kt\u00f3rzy chc\u0105 zaopatrzy\u0107 si\u0119 w popularny smak premium.<\/p>\n<p>Wyposa\u017cony w akumulator 550 mAh z mo\u017cliwo\u015bci\u0105 \u0142adowania i port \u0142adowania USB typu C, Fumot 12000 u\u0142atwia u\u017cytkownikom \u0142adowanie i utrzymywanie vape w gotowo\u015bci, kiedy tylko tego potrzebuj\u0105. Zintegrowany wy\u015bwietlacz LED wygodnie pokazuje poziom na\u0142adowania baterii i e-liquidu, dzi\u0119ki czemu u\u017cytkownicy s\u0105 zawsze poinformowani. Zaawansowana technologia grza\u0142ki siatkowej poprawia konsystencj\u0119 pary, zapewniaj\u0105c p\u0142ynne i satysfakcjonuj\u0105ce uderzenie przy ka\u017cdym u\u017cyciu. Dost\u0119pne w wielu poziomach nikotyny, w tym 2% i 5%, urz\u0105dzenie to zaspokaja szeroki zakres preferencji, co czyni go wszechstronnym wyborem zar\u00f3wno dla pocz\u0105tkuj\u0105cych, jak i do\u015bwiadczonych waper\u00f3w.<\/p>\n<p>&nbsp;<\/p>\n<\/div>\n<\/div>\n<\/div>\n<\/div>\n<\/div>\n<\/div>\n<p><strong>Skontaktuj si\u0119 z Amy, aby uzyska\u0107 w\u0142a\u015bciw\u0105 odpowied\u017a i kupon na e-papierosa!<\/strong><\/p>\n<p><img loading=\"lazy\" decoding=\"async\" class=\"size-full wp-image-1978\" src=\"https:\/\/rmvapesale.com\/wp-content\/uploads\/2024\/09\/Disposable-Vape-Wholesale.jpg\" alt=\"Hurtownia Jednorazowych E-papieros\u00f3w\" width=\"229\" height=\"300\" \/><\/p>\n<h3><a href=\"https:\/\/wa.me\/8617776015835\" target=\"_blank\" rel=\"noopener\"><span style=\"color: #ff0000\"><strong>WhatsApp: +86 17776015835<\/strong><\/span><\/a><\/h3>\n<p>&nbsp;<\/p>\n<h2><\/h2>\n<h2><strong>Fumot 12000 Puffs Kluczowe cechy<\/strong><\/h2>\n<ul>\n<li>Ponad 9000 zaci\u0105gni\u0119\u0107 dla d\u0142u\u017cszego u\u017cytkowania i satysfakcji<\/li>\n<li>18 ml e-liquidu z sol\u0105 nikotynow\u0105 o smaku jag\u00f3d i malin dla zr\u00f3wnowa\u017conego smaku<\/li>\n<li>Akumulator 850 mAh z szybkim \u0142adowaniem typu C<\/li>\n<li>Aktywowany przez zaci\u0105gni\u0119cie dla bezproblemowego u\u017cytkowania, bez potrzeby u\u017cywania przycisk\u00f3w<\/li>\n<li>Stylowe o\u015bwietlenie RGB dodaje kolorowego efektu wizualnego<\/li>\n<\/ul>\n<p>&nbsp;<\/p>\n<h2><strong>Najlepszy smak dla Fumot 12000 Puffs<\/strong><\/h2>\n<p>1 Ch\u0142odna Mi\u0119ta <span style=\"color: #ff0000\"><strong>&gt;&gt;&gt;&gt; Gor\u0105ce!<\/strong><\/span><br \/>\n2 Arbuzowy L\u00f3d<br \/>\n3 Winogronowy L\u00f3d<br \/>\n4 Jagoda Malina <span style=\"color: #ff0000\"><strong>&gt;&gt;&gt;&gt; Gor\u0105ce!<\/strong><\/span><br \/>\n5 Truskawkowy Arbuz<br \/>\n6 Truskawkowy Banan<br \/>\n7 Bujny l\u00f3d<br \/>\n8 Wi\u015bnia<br \/>\n9 Truskawkowy L\u00f3d<br \/>\n10 L\u00f3d na patyku<br \/>\n11 R\u00f3\u017cowa lemoniada <span style=\"color: #ff0000\"><strong>&gt;&gt;&gt;&gt; Gor\u0105ce!<\/strong><\/span><br \/>\n12 Mango z lodem<br \/>\n13 Mieszane jagody<br \/>\n14 P\u0105czek truskawkowy<br \/>\n15 Truskawka i winogrono<br \/>\n16 Cola wi\u015bniowa<br \/>\n17 Dr blue<br \/>\n18 Jagoda z lodem <span style=\"color: #ff0000\"><strong>&gt;&gt;&gt;&gt; Gor\u0105ce!<\/strong><\/span><br \/>\n19 Kiwi, marakuja i guawa<br \/>\n20 Truskawka i kiwi<br \/>\n21 Brzoskwinia i mango<br \/>\n22 Brzoskwiniowy l\u00f3d<br \/>\n23 Czerwone jab\u0142ko z lodem<br \/>\n24 Guma balonowa jagodowa <span style=\"color: #ff0000\"><strong>&gt;&gt;&gt;&gt; Najlepsze!<\/strong><\/span><br \/>\n25 Lemoniada jagodowa<br \/>\n26 Lemoniada Blue Razz<br \/>\n27 Bluesour raspberry<br \/>\n28 Truskawkowy Red Bull<br \/>\n29 Wybuch jab\u0142kowo-jagodowy<br \/>\n30 Guma balonowa o smaku arbuza<br \/>\n31 Arbuz malinowy<br \/>\n32 Czarny l\u00f3d<br \/>\n33 Jagoda, wi\u015bnia i \u017curawina<br \/>\n34 Truskawkowy granat<br \/>\n35 Vimto<br \/>\n36 Wi\u015bniowa jagoda<br \/>\n37 Cytryna<br \/>\n38 Bingo Crush<br \/>\n39 Jagoda kiwi<br \/>\n40 Jab\u0142ko cynamon<\/p>\n<h3><\/h3>\n<h3><strong>Dlaczego warto wybra\u0107 Rmvapesale dla RandM Tornado 9000 <\/strong><strong>V<\/strong><strong>Sprzeda\u017c hurtowa e-papieros\u00f3w<\/strong><strong>?<\/strong><\/h3>\n<div class=\"flex-shrink-0 flex flex-col relative items-end\">\n<div class=\"pt-0\">\n<div class=\"gizmo-bot-avatar flex h-8 w-8 items-center justify-center overflow-hidden rounded-full\">\n<div class=\"relative p-1 rounded-sm flex items-center justify-center bg-token-main-surface-primary text-token-text-primary h-8 w-8\">\n<p>Witaj w Rmvapesale, Twoim zaufanym sklepie z e-papierosami, oferuj\u0105cym jednorazowe produkty najwy\u017cszej jako\u015bci. Z ponad 5-letnim do\u015bwiadczeniem, dostarczamy popularne marki jednorazowych e-papieros\u00f3w, takie jak Al Fakher, Vapme Vape, <a href=\"https:\/\/rmvapesale.com\/pl\/product\/vapme-crystal-7000-puffs-rechargeable-disposable-vape-price\/\">Vapme<\/a>, <a href=\"https:\/\/rmvapesale.com\/pl\/product-category\/bang-vapes\/\">Bang Vape<\/a>, Waspe, <a href=\"https:\/\/rmvapesale.com\/pl\/product\/wga-crystal-pro-max-extra-15k-puffs-disposable-vape-wholesale\/\">WGA<\/a> Vape i<a href=\"https:\/\/rmvapesale.com\/pl\/product-category\/randm-fumot-vape\/\"> RandM Vape<\/a>.<\/p>\n<p>Nasza oferta obejmuje popularne e-papierosy, takie jak <a href=\"https:\/\/rmvapesale.com\/pl\/product\/fumot-digital-box-12000-disposable-vape-pink-lemonade-flavor\/\">RandM 12000<\/a> oraz bogate w smaki opcje, jak <a href=\"https:\/\/rmvapesale.com\/pl\/product\/elfbar-combo-25000-puffs-rechargeable-disposable-vape-wholesale\/\">ELFBAR Combo 25000 Zaci\u0105gni\u0119\u0107<\/a>. Ka\u017cdy produkt jest wybierany z my\u015bl\u0105 o jako\u015bci, warto\u015bci i r\u00f3\u017cnorodno\u015bci, dzi\u0119ki czemu na pewno znajdziesz idealny dla siebie. Odkryj wyj\u0105tkow\u0105 obs\u0142ug\u0119 i szerok\u0105 gam\u0119 najlepszych produkt\u00f3w na Rmvapesale.<\/p>\n<\/div>\n<h3><\/h3>\n<div class=\"relative p-1 rounded-sm flex items-center justify-center bg-token-main-surface-primary text-token-text-primary h-8 w-8\">\n<h3><b>Fumot 12000 Zaci\u0105gni\u0119\u0107 Jednorazowy Vape z Mo\u017cliwo\u015bci\u0105 \u0141adowania \u2013 Najcz\u0119\u015bciej Zadawane Pytania<\/b><\/h3>\n<p><strong>Gdzie kupi\u0107 vape Fumot 12000 digital box?<\/strong><br \/>\nAby uzyska\u0107 najlepsze oferty na Fumot 12000 Zaci\u0105gni\u0119\u0107 RandM Jednorazowy Vape, w tym ceny hurtowe, odwied\u017a sklep internetowy Rmvapesale.<\/p>\n<p><strong>Jakie s\u0105 popularne smaki dla vape Fumot 12000?<\/strong><br \/>\nPopularne smaki to Guma Balonowa Jagodowa, Arbuz Truskawkowy, Soczysty L\u00f3d, Winogronowy L\u00f3d i Ch\u0142odna Mi\u0119ta.<\/p>\n<p><strong>Sk\u0105d mam wiedzie\u0107, kiedy m\u00f3j Fumot Vape 12000 Zaci\u0105gni\u0119\u0107 Smart Vape jest pusty?<\/strong><br \/>\nWy\u015bwietlacz LED poka\u017ce niski poziom e-liquidu i baterii, wskazuj\u0105c, kiedy nale\u017cy na\u0142adowa\u0107 lub wymieni\u0107 vape.<\/p>\n<p><strong>Ile czasu zajmuje na\u0142adowanie RandM 12000 Vape z Mo\u017cliwo\u015bci\u0105 \u0141adowania?<\/strong><br \/>\nZazwyczaj pe\u0142ne na\u0142adowanie za pomoc\u0105 \u0142adowarki typu C zajmuje oko\u0142o 1-2 godzin.<\/p>\n<p><strong>Ile nikotyny znajduje si\u0119 w Fumot RandM 12000 Jednorazowym Vape?<\/strong><br \/>\nUrz\u0105dzenie jest dost\u0119pne w opcjach nikotyny 2% (20mg) i 5% (50mg).<\/p>\n<p><strong>Gdzie kupi\u0107 Vape RandM 12k w cenie hurtowej?<\/strong><br \/>\nRmvapesale, internetowy sklep z e-papierosami, oferuje hurtowe ceny na e-papierosy RandM 12000 Puffs.<\/p>\n<p><strong>Czy mog\u0119 zabra\u0107 jednorazowego e-papierosa do samolotu?<\/strong><br \/>\nTak, jednorazowe e-papierosy s\u0105 dozwolone w baga\u017cu podr\u0119cznym, ale musz\u0105 by\u0107 zgodne z przepisami linii lotniczych dotycz\u0105cymi baterii litowych.<\/p>\n<p><strong>Ile zaci\u0105gni\u0119\u0107 zapewnia e-papieros RandM Fumot 12k?<\/strong><br \/>\nRandM Fumot 12000 oferuje do 12 000 zaci\u0105gni\u0119\u0107 na urz\u0105dzenie.<\/p>\n<p><strong>Ile czasu zajmuje pe\u0142ne na\u0142adowanie e-papierosa RandM Tornado 12000?<\/strong><br \/>\nPe\u0142ne na\u0142adowanie e-papierosa RandM Tornado 12000 za pomoc\u0105 \u0142adowarki USB typu C zajmuje oko\u0142o 1-2 godzin.<\/p>\n<\/div>\n<div class=\"mb-2 flex gap-3 empty:hidden -ml-2\"><\/div>\n<p>&nbsp;<\/p>\n<\/div>\n<\/div>\n<\/div>\n<h3>O wysy\u0142ce<\/h3>\n<div class=\"flex-shrink-0 flex flex-col relative items-end\">\n<div>\n<div class=\"pt-0\">\n<div class=\"gizmo-bot-avatar flex h-8 w-8 items-center justify-center overflow-hidden rounded-full\">\n<div><\/div>\n<div class=\"relative p-1 rounded-sm flex items-center justify-center bg-token-main-surface-primary text-token-text-primary h-8 w-8\"><strong>1. Jakie metody wysy\u0142ki s\u0105 stosowane?<\/strong><\/div>\n<\/div>\n<\/div>\n<\/div>\n<\/div>\n<div class=\"group\/conversation-turn relative flex w-full min-w-0 flex-col agent-turn\">\n<div class=\"flex-col gap-1 md:gap-3\">\n<div class=\"flex max-w-full flex-col flex-grow\">\n<div class=\"min-h-[20px] text-message flex w-full flex-col items-end gap-2 whitespace-normal break-words [.text-message+&amp;]:mt-5 overflow-x-auto\" dir=\"auto\" data-message-author-role=\"assistant\" data-message-id=\"22f8283b-3233-46ff-89a5-c7a41b33abda\">\n<div class=\"flex w-full flex-col gap-1 empty:hidden first:pt-[3px]\">\n<div class=\"markdown prose w-full break-words dark:prose-invert light\">\n<p>Wsp\u00f3\u0142pracujemy z UPS, DHL, FedEx, DPD i innymi wiod\u0105cymi przewo\u017anikami. Wybierzemy najlepsz\u0105 metod\u0119 wysy\u0142ki w oparciu o Twoj\u0105 lokalizacj\u0119, aby zapewni\u0107, \u017ce otrzymasz swoje produkty tak szybko, jak to mo\u017cliwe.<\/p>\n<\/div>\n<p><strong>2. Ile czasu zajmuje dostawa?<\/strong><\/p>\n<p>Paczki wysy\u0142ane do Polski zazwyczaj docieraj\u0105 w ci\u0105gu 10 dni roboczych. Wysy\u0142ka do innych kraj\u00f3w europejskich trwa zwykle oko\u0142o 12-15 dni roboczych. B\u0119dziemy dostarcza\u0107 aktualizacje w czasie rzeczywistym na temat statusu Twojej przesy\u0142ki.<\/p>\n<\/div>\n<\/div>\n<\/div>\n<\/div>\n<\/div>\n<p>&nbsp;<\/p>\n<p>Znajd\u017a wi\u0119cej produkt\u00f3w Vape, kt\u00f3re mog\u0105 Ci si\u0119 spodoba\u0107:<strong><em><a href=\"https:\/\/rmvapesale.com\/pl\/shop-2\/\">kup teraz &gt;&gt;&gt;<\/a><\/em><\/strong><\/p>","protected":false},"excerpt":{"rendered":"<p>Fumot RandM 12000 Puffs Cyfrowy Jednorazowy Vape Box<br \/>\nFumot 12000 Jednorazowy Vape z Mo\u017cliwo\u015bci\u0105 \u0141adowania Cena Hurtowa<br \/>\nRandM Vape Fumot 12000 Jednorazowy Vape z Nisk\u0105 Zawarto\u015bci\u0105 Nikotyny 2%<\/p>\n<p><img loading=\"lazy\" decoding=\"async\" class=\"size-full wp-image-2375\" src=\"https:\/\/rmvapesale.com\/wp-content\/uploads\/2024\/10\/image.png\" alt=\"Najlepszy Jednorazowy E-papieros\" width=\"229\" height=\"300\" \/><\/p>\n<h3><a href=\"https:\/\/wa.me\/8617776015835\"><span style=\"color: #ff0000\"><strong>WhatsApp: +86 17776015835<\/strong><\/span><\/a><\/h3>\n<p>&nbsp;<\/p>","protected":false},"featured_media":2733,"comment_status":"open","ping_status":"closed","template":"","meta":{"_uag_custom_page_level_css":"","_lmt_disableupdate":"no","_lmt_disable":"","site-sidebar-layout":"default","site-content-layout":"content-boxed-container","ast-site-content-layout":"normal-width-container","site-content-style":"boxed","site-sidebar-style":"unboxed","ast-global-header-display":"","ast-banner-title-visibility":"","ast-main-header-display":"","ast-hfb-above-header-display":"","ast-hfb-below-header-display":"","ast-hfb-mobile-header-display":"","site-post-title":"","ast-breadcrumbs-content":"","ast-featured-img":"","footer-sml-layout":"","ast-disable-related-posts":"","theme-transparent-header-meta":"default","adv-header-id-meta":"","stick-header-meta":"","header-above-stick-meta":"","header-main-stick-meta":"","header-below-stick-meta":"","astra-migrate-meta-layouts":"set","ast-page-background-enabled":"default","ast-page-background-meta":{"desktop":{"background-color":"var(--ast-global-color-4)","background-image":"","background-repeat":"repeat","background-position":"center center","background-size":"auto","background-attachment":"scroll","background-type":"","background-media":"","overlay-type":"","overlay-color":"","overlay-opacity":"","overlay-gradient":""},"tablet":{"background-color":"","background-image":"","background-repeat":"repeat","background-position":"center center","background-size":"auto","background-attachment":"scroll","background-type":"","background-media":"","overlay-type":"","overlay-color":"","overlay-opacity":"","overlay-gradient":""},"mobile":{"background-color":"","background-image":"","background-repeat":"repeat","background-position":"center center","background-size":"auto","background-attachment":"scroll","background-type":"","background-media":"","overlay-type":"","overlay-color":"","overlay-opacity":"","overlay-gradient":""}},"ast-content-background-meta":{"desktop":{"background-color":"var(--ast-global-color-5)","background-image":"","background-repeat":"repeat","background-position":"center center","background-size":"auto","background-attachment":"scroll","background-type":"","background-media":"","overlay-type":"","overlay-color":"","overlay-opacity":"","overlay-gradient":""},"tablet":{"background-color":"var(--ast-global-color-5)","background-image":"","background-repeat":"repeat","background-position":"center center","background-size":"auto","background-attachment":"scroll","background-type":"","background-media":"","overlay-type":"","overlay-color":"","overlay-opacity":"","overlay-gradient":""},"mobile":{"background-color":"var(--ast-global-color-5)","background-image":"","background-repeat":"repeat","background-position":"center center","background-size":"auto","background-attachment":"scroll","background-type":"","background-media":"","overlay-type":"","overlay-color":"","overlay-opacity":"","overlay-gradient":""}},"_joinchat":[]},"product_brand":[],"product_cat":[15,27,51,25,123,30,26,28,31,137,136,135],"product_tag":[212,214,39,213,38],"class_list":{"0":"post-2729","1":"product","2":"type-product","3":"status-publish","4":"has-post-thumbnail","6":"product_cat-new-vape-this-week","7":"product_cat-fance-hot-sale-vape","8":"product_cat-fumot-vape","9":"product_cat-germany-best-selling-vape","10":"product_cat-italy-wholesale-vape","11":"product_cat-minimum-order-quantity-50pcs","12":"product_cat-netherlands-hot-sale-vape","13":"product_cat-poland-hot-sale-vape","14":"product_cat-randm-fumot-vape","15":"product_cat-rechargeable-vapes","16":"product_cat-smart-screen-vapes","17":"product_cat-spain-best-hot-sale-vape","18":"product_tag-fumot-12000","19":"product_tag-fumot-12k","20":"product_tag-fumot-vape","21":"product_tag-randm-12000","22":"product_tag-randm-vape","23":"desktop-align-left","24":"tablet-align-left","25":"mobile-align-left","27":"first","28":"instock","29":"sale","30":"shipping-taxable","31":"purchasable","32":"product-type-simple"},"uagb_featured_image_src":{"full":["https:\/\/rmvapesale.com\/wp-content\/uploads\/2024\/11\/RandM-Vape-12000-Puffs-Disposable-Vape-Cheap-Price.jpg",800,800,false],"thumbnail":["https:\/\/rmvapesale.com\/wp-content\/uploads\/2024\/11\/RandM-Vape-12000-Puffs-Disposable-Vape-Cheap-Price-150x150.jpg",150,150,true],"medium":["https:\/\/rmvapesale.com\/wp-content\/uploads\/2024\/11\/RandM-Vape-12000-Puffs-Disposable-Vape-Cheap-Price-300x300.jpg",300,300,true],"medium_large":["https:\/\/rmvapesale.com\/wp-content\/uploads\/2024\/11\/RandM-Vape-12000-Puffs-Disposable-Vape-Cheap-Price-768x768.jpg",768,768,true],"large":["https:\/\/rmvapesale.com\/wp-content\/uploads\/2024\/11\/RandM-Vape-12000-Puffs-Disposable-Vape-Cheap-Price.jpg",800,800,false],"1536x1536":["https:\/\/rmvapesale.com\/wp-content\/uploads\/2024\/11\/RandM-Vape-12000-Puffs-Disposable-Vape-Cheap-Price.jpg",800,800,false],"2048x2048":["https:\/\/rmvapesale.com\/wp-content\/uploads\/2024\/11\/RandM-Vape-12000-Puffs-Disposable-Vape-Cheap-Price.jpg",800,800,false],"trp-custom-language-flag":["https:\/\/rmvapesale.com\/wp-content\/uploads\/2024\/11\/RandM-Vape-12000-Puffs-Disposable-Vape-Cheap-Price.jpg",12,12,false],"woocommerce_thumbnail":["https:\/\/rmvapesale.com\/wp-content\/uploads\/2024\/11\/RandM-Vape-12000-Puffs-Disposable-Vape-Cheap-Price-300x300.jpg",300,300,true],"woocommerce_single":["https:\/\/rmvapesale.com\/wp-content\/uploads\/2024\/11\/RandM-Vape-12000-Puffs-Disposable-Vape-Cheap-Price-600x600.jpg",600,600,true],"woocommerce_gallery_thumbnail":["https:\/\/rmvapesale.com\/wp-content\/uploads\/2024\/11\/RandM-Vape-12000-Puffs-Disposable-Vape-Cheap-Price-100x100.jpg",100,100,true],"wcpr-photo-reviews":["https:\/\/rmvapesale.com\/wp-content\/uploads\/2024\/11\/RandM-Vape-12000-Puffs-Disposable-Vape-Cheap-Price.jpg",500,500,false]},"uagb_author_info":{"display_name":"AMY","author_link":"https:\/\/rmvapesale.com\/pl\/author\/"},"uagb_comment_info":0,"uagb_excerpt":"Fumot RandM 12000 Puffs Digital Box Disposable Vape Fumot 12000 Rechargeable Disposable Vape Wholesale Price RandM Vape Fumot 12000 Low Nicotine Disposable Vape 2% WhatsApp: +86 17776015835 &nbsp;","_links":{"self":[{"href":"https:\/\/rmvapesale.com\/pl\/wp-json\/wp\/v2\/product\/2729","targetHints":{"allow":["GET"]}}],"collection":[{"href":"https:\/\/rmvapesale.com\/pl\/wp-json\/wp\/v2\/product"}],"about":[{"href":"https:\/\/rmvapesale.com\/pl\/wp-json\/wp\/v2\/types\/product"}],"replies":[{"embeddable":true,"href":"https:\/\/rmvapesale.com\/pl\/wp-json\/wp\/v2\/comments?post=2729"}],"wp:featuredmedia":[{"embeddable":true,"href":"https:\/\/rmvapesale.com\/pl\/wp-json\/wp\/v2\/media\/2733"}],"wp:attachment":[{"href":"https:\/\/rmvapesale.com\/pl\/wp-json\/wp\/v2\/media?parent=2729"}],"wp:term":[{"taxonomy":"product_brand","embeddable":true,"href":"https:\/\/rmvapesale.com\/pl\/wp-json\/wp\/v2\/product_brand?post=2729"},{"taxonomy":"product_cat","embeddable":true,"href":"https:\/\/rmvapesale.com\/pl\/wp-json\/wp\/v2\/product_cat?post=2729"},{"taxonomy":"product_tag","embeddable":true,"href":"https:\/\/rmvapesale.com\/pl\/wp-json\/wp\/v2\/product_tag?post=2729"}],"curies":[{"name":"wp","href":"https:\/\/api.w.org\/{rel}","templated":true}]}}