{"id":2737,"date":"2024-11-15T06:58:13","date_gmt":"2024-11-15T06:58:13","guid":{"rendered":"https:\/\/rmvapesale.com\/?post_type=product&#038;p=2737"},"modified":"2024-11-15T07:19:53","modified_gmt":"2024-11-15T07:19:53","slug":"randm-vape-fumot-12000-digital-box-strawberry-watermelon-flavor-low-nicotine-disposable-vape","status":"publish","type":"product","link":"https:\/\/rmvapesale.com\/pl\/product\/randm-vape-fumot-12000-digital-box-strawberry-watermelon-flavor-low-nicotine-disposable-vape\/","title":{"rendered":"RandM Vape Fumot 12k Digital Box Smak Truskawki i Arbuza Jednorazowy Vape o Niskiej Zawarto\u015bci Nikotyny"},"content":{"rendered":"<div class=\"B2VR9 CJHX3e\">\n<div class=\"wyccme\">\n<h1 class=\"LC20lb MBeuO DKV0Md\">RandM Vape Fumot 12000 Digital Box Smak Truskawka Arbuz Niska Nikotyna Jednorazowy Vape<\/h1>\n<div class=\"flex-shrink-0 flex flex-col relative items-end\">\n<div class=\"pt-0\">\n<div class=\"gizmo-bot-avatar flex h-8 w-8 items-center justify-center overflow-hidden rounded-full\">\n<div class=\"relative p-1 rounded-sm flex items-center justify-center bg-token-main-surface-primary text-token-text-primary h-8 w-8\">\n<p>&nbsp;<\/p>\n<p>RandM Vape Fumot 12000 Digital Box o smaku truskawki i arbuza to idealny wyb\u00f3r dla tych, kt\u00f3rzy ceni\u0105 sobie g\u0142adkie, owocowe doznania z opcj\u0105 niskiej zawarto\u015bci nikotyny. To jednorazowe urz\u0105dzenie oferuje imponuj\u0105c\u0105 liczb\u0119 12 000 zaci\u0105gni\u0119\u0107, co czyni je jednym z najd\u0142u\u017cej dzia\u0142aj\u0105cych wybor\u00f3w na rynku. Ka\u017cde zaci\u0105gni\u0119cie dostarcza orze\u017awiaj\u0105cego uderzenia s\u0142odkiej truskawki, zr\u00f3wnowa\u017conego przez soczystego arbuza, zapewniaj\u0105c satysfakcjonuj\u0105cy profil smakowy, kt\u00f3ry sprawia, \u017ce chcesz wi\u0119cej. Zaprojektowany z wysokowydajnym zbiornikiem na e-liquid o pojemno\u015bci 20 ml, ten vape zapewnia wystarczaj\u0105c\u0105 ilo\u015b\u0107 smaku na ca\u0142e 12 000 zaci\u0105gni\u0119\u0107 bez potrzeby uzupe\u0142niania.<\/p>\n<p>Wyposa\u017cony w wygodny wy\u015bwietlacz cyfrowy, Fumot 12000 Digital Box pokazuje jednocze\u015bnie poziom baterii i e-liquidu, informuj\u0105c Ci\u0119 i eliminuj\u0105c zgadywanie. Jego akumulator o pojemno\u015bci 850 mAh, z \u0142adowaniem Type-C, zapewnia szybkie i wydajne \u0142adowanie, aby\u015b m\u00f3g\u0142 vapowa\u0107 bez przerw. Dzi\u0119ki niskiej zawarto\u015bci nikotyny, ten vape jest idealny dla u\u017cytkownik\u00f3w poszukuj\u0105cych \u0142agodniejszego do\u015bwiadczenia nikotynowego, jednocze\u015bnie ciesz\u0105c si\u0119 bogatym smakiem i satysfakcjonuj\u0105c\u0105 par\u0105. Kompaktowy i \u0142atwy w u\u017cyciu, Fumot 12000 zosta\u0142 zaprojektowany, aby zapewni\u0107 najwy\u017cszej jako\u015bci wra\u017cenia z vapingu bez k\u0142opotu.<\/p>\n<\/div>\n<\/div>\n<\/div>\n<\/div>\n<\/div>\n<\/div>\n<p><strong>Skontaktuj si\u0119 z Amy, aby uzyska\u0107 w\u0142a\u015bciw\u0105 odpowied\u017a i kupon na e-papierosa!<\/strong><\/p>\n<p><img loading=\"lazy\" decoding=\"async\" class=\"size-full wp-image-1978\" src=\"https:\/\/rmvapesale.com\/wp-content\/uploads\/2024\/09\/Disposable-Vape-Wholesale.jpg\" alt=\"Hurtownia Jednorazowych E-papieros\u00f3w\" width=\"229\" height=\"300\" \/><\/p>\n<h3><a href=\"https:\/\/wa.me\/8617776015835\" target=\"_blank\" rel=\"noopener\"><span style=\"color: #ff0000\"><strong>WhatsApp: +86 17776015835<\/strong><\/span><\/a><\/h3>\n<p>&nbsp;<\/p>\n<h2><\/h2>\n<h2><strong>Randm 12000 Puff Najwa\u017cniejsze cechy<\/strong><\/h2>\n<ul>\n<li>Do 12 000 zaci\u0105gni\u0119\u0107 dla d\u0142u\u017cszego u\u017cytkowania<\/li>\n<li>Opcja niskiej zawarto\u015bci nikotyny dla \u0142agodniejszego do\u015bwiadczenia<\/li>\n<li>Pojemno\u015b\u0107 20 ml e-liquidu z wy\u015bwietlaczem cyfrowym<\/li>\n<li>Akumulator 850 mAh z \u0142adowaniem Type-C<\/li>\n<li>Orze\u017awiaj\u0105cy smak truskawki i arbuza<\/li>\n<\/ul>\n<p>&nbsp;<\/p>\n<h2><strong>Najlepszy smak dla Fumot 12000 Puffs<\/strong><\/h2>\n<p>1 Ch\u0142odna Mi\u0119ta <span style=\"color: #ff0000\"><strong>&gt;&gt;&gt;&gt; Gor\u0105ce!<\/strong><\/span><br \/>\n2 Arbuzowy L\u00f3d<br \/>\n3 Winogronowy L\u00f3d<br \/>\n4 Jagoda Malina <span style=\"color: #ff0000\"><strong>&gt;&gt;&gt;&gt; Gor\u0105ce!<\/strong><\/span><br \/>\n5 Truskawkowy Arbuz<br \/>\n6 Truskawkowy Banan<br \/>\n7 Bujny l\u00f3d<br \/>\n8 Wi\u015bnia<br \/>\n9 Truskawkowy L\u00f3d<br \/>\n10 L\u00f3d na patyku<br \/>\n11 R\u00f3\u017cowa lemoniada <span style=\"color: #ff0000\"><strong>&gt;&gt;&gt;&gt; Gor\u0105ce!<\/strong><\/span><br \/>\n12 Mango z lodem<br \/>\n13 Mieszane jagody<br \/>\n14 P\u0105czek truskawkowy<br \/>\n15 Truskawka i winogrono<br \/>\n16 Cola wi\u015bniowa<br \/>\n17 Dr blue<br \/>\n18 Jagoda z lodem <span style=\"color: #ff0000\"><strong>&gt;&gt;&gt;&gt; Gor\u0105ce!<\/strong><\/span><br \/>\n19 Kiwi, marakuja i guawa<br \/>\n20 Truskawka i kiwi<br \/>\n21 Brzoskwinia i mango<br \/>\n22 Brzoskwiniowy l\u00f3d<br \/>\n23 Czerwone jab\u0142ko z lodem<br \/>\n24 Guma balonowa jagodowa <span style=\"color: #ff0000\"><strong>&gt;&gt;&gt;&gt; Najlepsze!<\/strong><\/span><br \/>\n25 Lemoniada jagodowa<br \/>\n26 Lemoniada Blue Razz<br \/>\n27 Bluesour raspberry<br \/>\n28 Truskawkowy Red Bull<br \/>\n29 Wybuch jab\u0142kowo-jagodowy<br \/>\n30 Guma balonowa o smaku arbuza<br \/>\n31 Arbuz malinowy<br \/>\n32 Czarny l\u00f3d<br \/>\n33 Jagoda, wi\u015bnia i \u017curawina<br \/>\n34 Truskawkowy granat<br \/>\n35 Vimto<br \/>\n36 Wi\u015bniowa jagoda<br \/>\n37 Cytryna<br \/>\n38 Bingo Crush<br \/>\n39 Jagoda kiwi<br \/>\n40 Jab\u0142ko cynamon<\/p>\n<h3><\/h3>\n<h3><strong>Dlaczego warto wybra\u0107 Rmvapesale dla RandM Digital Box 12000 <\/strong><strong>V<\/strong><strong>Sprzeda\u017c hurtowa e-papieros\u00f3w<\/strong><strong>?<\/strong><\/h3>\n<div class=\"flex-shrink-0 flex flex-col relative items-end\">\n<div class=\"pt-0\">\n<div class=\"gizmo-bot-avatar flex h-8 w-8 items-center justify-center overflow-hidden rounded-full\">\n<div class=\"relative p-1 rounded-sm flex items-center justify-center bg-token-main-surface-primary text-token-text-primary h-8 w-8\">\n<p>Witaj w Rmvapesale, Twoim zaufanym sklepie z e-papierosami, oferuj\u0105cym jednorazowe produkty najwy\u017cszej jako\u015bci. Z ponad 5-letnim do\u015bwiadczeniem, dostarczamy popularne marki jednorazowych e-papieros\u00f3w, takie jak Al Fakher, Vapme Vape, <a href=\"https:\/\/rmvapesale.com\/pl\/product\/vapme-crystal-7000-puffs-rechargeable-disposable-vape-price\/\">Vapme<\/a>, <a href=\"https:\/\/rmvapesale.com\/pl\/product-category\/bang-vapes\/\">Bang Vape<\/a>, Waspe, <a href=\"https:\/\/rmvapesale.com\/pl\/product\/wga-crystal-pro-max-extra-15k-puffs-disposable-vape-wholesale\/\">WGA<\/a> Vape i<a href=\"https:\/\/rmvapesale.com\/pl\/product-category\/randm-fumot-vape\/\"> RandM Vape<\/a>.<\/p>\n<p>Nasza oferta obejmuje popularne e-papierosy, takie jak <a href=\"https:\/\/rmvapesale.com\/pl\/product\/fumot-digital-box-12000-disposable-vape-pink-lemonade-flavor\/\">RandM 12000 Zaci\u0105gni\u0119\u0107<\/a> oraz bogate w smaki opcje, jak <a href=\"https:\/\/rmvapesale.com\/pl\/product\/wga-crystal-pro-max-extra-15k-puffs-disposable-vape-wholesale\/\">WGA 15K<\/a>. Ka\u017cdy produkt jest wybierany z my\u015bl\u0105 o jako\u015bci, warto\u015bci i r\u00f3\u017cnorodno\u015bci, dzi\u0119ki czemu na pewno znajdziesz idealny dla siebie. Odkryj wyj\u0105tkow\u0105 obs\u0142ug\u0119 i szerok\u0105 gam\u0119 najlepszych produkt\u00f3w na Rmvapesale.<\/p>\n<\/div>\n<h3><\/h3>\n<div class=\"relative p-1 rounded-sm flex items-center justify-center bg-token-main-surface-primary text-token-text-primary h-8 w-8\">\n<h3><b>RandM 12000 Puff Akumulator Jednorazowy Vape - Najcz\u0119\u015bciej Zadawane Pytania<\/b><\/h3>\n<div class=\"group\/conversation-turn relative flex w-full min-w-0 flex-col agent-turn\">\n<div class=\"flex-col gap-1 md:gap-3\">\n<div class=\"flex max-w-full flex-col flex-grow\">\n<div class=\"min-h-8 text-message flex w-full flex-col items-end gap-2 whitespace-normal break-words [.text-message+&amp;]:mt-5\" dir=\"auto\" data-message-author-role=\"assistant\" data-message-id=\"00c9b302-bc9c-4550-94ba-5a295efa2be3\" data-message-model-slug=\"gpt-4o\">\n<div class=\"flex w-full flex-col gap-1 empty:hidden first:pt-[3px]\">\n<div class=\"markdown prose w-full break-words dark:prose-invert light\">\n<div class=\"flex-shrink-0 flex flex-col relative items-end\">\n<div>\n<div class=\"pt-0\">\n<div class=\"gizmo-bot-avatar flex h-8 w-8 items-center justify-center overflow-hidden rounded-full\">\n<div class=\"relative p-1 rounded-sm flex items-center justify-center bg-token-main-surface-primary text-token-text-primary h-8 w-8\"><\/div>\n<\/div>\n<\/div>\n<\/div>\n<\/div>\n<div class=\"group\/conversation-turn relative flex w-full min-w-0 flex-col agent-turn\">\n<div class=\"flex-col gap-1 md:gap-3\">\n<div class=\"flex max-w-full flex-col flex-grow\">\n<div class=\"min-h-8 text-message flex w-full flex-col items-end gap-2 whitespace-normal break-words [.text-message+&amp;]:mt-5\" dir=\"auto\" data-message-author-role=\"assistant\" data-message-id=\"a3dc01bd-23b0-4fd7-bb9a-7827522cefd8\" data-message-model-slug=\"gpt-4o\">\n<div class=\"flex w-full flex-col gap-1 empty:hidden first:pt-[3px]\">\n<div class=\"markdown prose w-full break-words dark:prose-invert light\">\n<ol>\n<li><strong>Ile zaci\u0105gni\u0119\u0107 oferuje Fumot 12000 Vape?<\/strong><br \/>\nFumot 12000 Digital Box Vape oferuje do 12 000 zaci\u0105gni\u0119\u0107, zapewniaj\u0105c przed\u0142u\u017cone do\u015bwiadczenie z vapingu.<\/li>\n<li><strong>Jakie s\u0105 popularne smaki jednorazowego vape RandM 12000 Digital Box?<\/strong><br \/>\nPopularne smaki jednorazowego vape RandM 12000 Digital Box to Strawberry Watermelon, Blue Razz, Grape Ice i Cool Mint, znane ze swoich orze\u017awiaj\u0105cych i \u0142agodnych profili.<\/li>\n<li><strong>Jak poznam, \u017ce m\u00f3j \u0142adowalny Fumot Vape 12000 jest pusty?<\/strong><br \/>\nFumot 12000 Digital Box Vape posiada wy\u015bwietlacz cyfrowy, kt\u00f3ry pokazuje poziom e-liquidu. Gdy wska\u017anik e-liquidu pokazuje niski poziom lub pusty, czas na wymian\u0119 urz\u0105dzenia.<\/li>\n<li><strong>Ile nikotyny zawiera jednorazowy Fumot Digital Box 12000 Puffs Vape?<\/strong><br \/>\nJednorazowy Fumot Digital Box 12000 Puffs Vape jest dost\u0119pny w r\u00f3\u017cnych st\u0119\u017ceniach nikotyny, zazwyczaj obejmuj\u0105cych opcje takie jak 1%, 2%, 3% i 5% nikotyny.<\/li>\n<li><strong>Jak d\u0142ugo trwa pe\u0142ne na\u0142adowanie Fumot 12000 box vape?<\/strong><br \/>\nFumot 12000 Digital Box Vape posiada bateri\u0119 850 mAh i \u0142aduje si\u0119 w pe\u0142ni w oko\u0142o 1,5 do 2 godzin przez port \u0142adowania Type-C.<\/li>\n<li><strong>Gdzie kupi\u0107 Fumot RandM Digital Box 12000 puff Vapes w cenie hurtowej?<\/strong><br \/>\nAby uzyska\u0107 ceny hurtowe na Fumot RandM Digital Box 12000 puff Vapes, odwied\u017a <strong>internetowego sklepu z waporyzatorami Rmvapesale<\/strong> dla konkurencyjnych opcji zakupu hurtowego.<\/li>\n<li><strong>Czy mog\u0119 zabra\u0107 jednorazowego e-papierosa do samolotu?<\/strong><br \/>\nTak, mo\u017cesz wnie\u015b\u0107 jednorazowego e-papierosa na pok\u0142ad samolotu, ale musi by\u0107 on spakowany w baga\u017cu podr\u0119cznym, poniewa\u017c baterie litowe nie s\u0105 dozwolone w baga\u017cu rejestrowanym. Zawsze sprawdzaj przepisy linii lotniczych i lokalne przed podr\u00f3\u017c\u0105.<\/li>\n<\/ol>\n<\/div>\n<\/div>\n<\/div>\n<\/div>\n<\/div>\n<\/div>\n<\/div>\n<\/div>\n<\/div>\n<\/div>\n<\/div>\n<\/div>\n<\/div>\n<div class=\"mb-2 flex gap-3 empty:hidden -ml-2\"><\/div>\n<p>&nbsp;<\/p>\n<\/div>\n<\/div>\n<\/div>\n<h3>O wysy\u0142ce<\/h3>\n<div class=\"flex-shrink-0 flex flex-col relative items-end\">\n<div>\n<div class=\"pt-0\">\n<div class=\"gizmo-bot-avatar flex h-8 w-8 items-center justify-center overflow-hidden rounded-full\">\n<div><\/div>\n<div class=\"relative p-1 rounded-sm flex items-center justify-center bg-token-main-surface-primary text-token-text-primary h-8 w-8\"><strong>1. Jakie metody wysy\u0142ki s\u0105 stosowane?<\/strong><\/div>\n<\/div>\n<\/div>\n<\/div>\n<\/div>\n<div class=\"group\/conversation-turn relative flex w-full min-w-0 flex-col agent-turn\">\n<div class=\"flex-col gap-1 md:gap-3\">\n<div class=\"flex max-w-full flex-col flex-grow\">\n<div class=\"min-h-[20px] text-message flex w-full flex-col items-end gap-2 whitespace-normal break-words [.text-message+&amp;]:mt-5 overflow-x-auto\" dir=\"auto\" data-message-author-role=\"assistant\" data-message-id=\"22f8283b-3233-46ff-89a5-c7a41b33abda\">\n<div class=\"flex w-full flex-col gap-1 empty:hidden first:pt-[3px]\">\n<div class=\"markdown prose w-full break-words dark:prose-invert light\">\n<p>Wsp\u00f3\u0142pracujemy z UPS, DHL, FedEx, DPD i innymi wiod\u0105cymi przewo\u017anikami. Wybierzemy najlepsz\u0105 metod\u0119 wysy\u0142ki w oparciu o Twoj\u0105 lokalizacj\u0119, aby zapewni\u0107, \u017ce otrzymasz swoje produkty tak szybko, jak to mo\u017cliwe.<\/p>\n<\/div>\n<p><strong>2. Ile czasu zajmuje dostawa?<\/strong><\/p>\n<p>Paczki wysy\u0142ane do Polski zazwyczaj docieraj\u0105 w ci\u0105gu 10 dni roboczych. Wysy\u0142ka do innych kraj\u00f3w europejskich trwa zwykle oko\u0142o 12-15 dni roboczych. B\u0119dziemy dostarcza\u0107 aktualizacje w czasie rzeczywistym na temat statusu Twojej przesy\u0142ki.<\/p>\n<\/div>\n<\/div>\n<\/div>\n<\/div>\n<\/div>\n<p>&nbsp;<\/p>\n<p>Znajd\u017a wi\u0119cej produkt\u00f3w Vape, kt\u00f3re mog\u0105 Ci si\u0119 spodoba\u0107:<strong><em><a href=\"https:\/\/rmvapesale.com\/pl\/shop-2\/\">kup teraz &gt;&gt;&gt;<\/a><\/em><\/strong><\/p>","protected":false},"excerpt":{"rendered":"<p>Fumot Digital Box 12000 Jednorazowy Vape<br \/>\nRandM Vape Fumot Digital Box 12000 Puff Zakup Hurtowy<br \/>\nFumot 12000 Jednorazowy Vape Wszystkie Smaki Dost\u0119pne Hurtowo<\/p>\n<p><img loading=\"lazy\" decoding=\"async\" class=\"size-full wp-image-2375\" src=\"https:\/\/rmvapesale.com\/wp-content\/uploads\/2024\/10\/image.png\" alt=\"Najlepszy Jednorazowy E-papieros\" width=\"229\" height=\"300\" \/><\/p>\n<h3><a href=\"https:\/\/wa.me\/8617776015835\"><span style=\"color: #ff0000\"><strong>WhatsApp: +86 17776015835<\/strong><\/span><\/a><\/h3>\n<p>&nbsp;<\/p>","protected":false},"featured_media":2731,"comment_status":"open","ping_status":"closed","template":"","meta":{"_uag_custom_page_level_css":"","_lmt_disableupdate":"no","_lmt_disable":"","site-sidebar-layout":"default","site-content-layout":"content-boxed-container","ast-site-content-layout":"normal-width-container","site-content-style":"boxed","site-sidebar-style":"unboxed","ast-global-header-display":"","ast-banner-title-visibility":"","ast-main-header-display":"","ast-hfb-above-header-display":"","ast-hfb-below-header-display":"","ast-hfb-mobile-header-display":"","site-post-title":"","ast-breadcrumbs-content":"","ast-featured-img":"","footer-sml-layout":"","ast-disable-related-posts":"","theme-transparent-header-meta":"default","adv-header-id-meta":"","stick-header-meta":"","header-above-stick-meta":"","header-main-stick-meta":"","header-below-stick-meta":"","astra-migrate-meta-layouts":"set","ast-page-background-enabled":"default","ast-page-background-meta":{"desktop":{"background-color":"var(--ast-global-color-4)","background-image":"","background-repeat":"repeat","background-position":"center center","background-size":"auto","background-attachment":"scroll","background-type":"","background-media":"","overlay-type":"","overlay-color":"","overlay-opacity":"","overlay-gradient":""},"tablet":{"background-color":"","background-image":"","background-repeat":"repeat","background-position":"center center","background-size":"auto","background-attachment":"scroll","background-type":"","background-media":"","overlay-type":"","overlay-color":"","overlay-opacity":"","overlay-gradient":""},"mobile":{"background-color":"","background-image":"","background-repeat":"repeat","background-position":"center center","background-size":"auto","background-attachment":"scroll","background-type":"","background-media":"","overlay-type":"","overlay-color":"","overlay-opacity":"","overlay-gradient":""}},"ast-content-background-meta":{"desktop":{"background-color":"var(--ast-global-color-5)","background-image":"","background-repeat":"repeat","background-position":"center center","background-size":"auto","background-attachment":"scroll","background-type":"","background-media":"","overlay-type":"","overlay-color":"","overlay-opacity":"","overlay-gradient":""},"tablet":{"background-color":"var(--ast-global-color-5)","background-image":"","background-repeat":"repeat","background-position":"center center","background-size":"auto","background-attachment":"scroll","background-type":"","background-media":"","overlay-type":"","overlay-color":"","overlay-opacity":"","overlay-gradient":""},"mobile":{"background-color":"var(--ast-global-color-5)","background-image":"","background-repeat":"repeat","background-position":"center center","background-size":"auto","background-attachment":"scroll","background-type":"","background-media":"","overlay-type":"","overlay-color":"","overlay-opacity":"","overlay-gradient":""}},"_joinchat":[]},"product_brand":[],"product_cat":[15,27,51,25,123,30,26,28,31,137,136,135],"product_tag":[212,214,39,213,38],"class_list":{"0":"post-2737","1":"product","2":"type-product","3":"status-publish","4":"has-post-thumbnail","6":"product_cat-new-vape-this-week","7":"product_cat-fance-hot-sale-vape","8":"product_cat-fumot-vape","9":"product_cat-germany-best-selling-vape","10":"product_cat-italy-wholesale-vape","11":"product_cat-minimum-order-quantity-50pcs","12":"product_cat-netherlands-hot-sale-vape","13":"product_cat-poland-hot-sale-vape","14":"product_cat-randm-fumot-vape","15":"product_cat-rechargeable-vapes","16":"product_cat-smart-screen-vapes","17":"product_cat-spain-best-hot-sale-vape","18":"product_tag-fumot-12000","19":"product_tag-fumot-12k","20":"product_tag-fumot-vape","21":"product_tag-randm-12000","22":"product_tag-randm-vape","23":"desktop-align-left","24":"tablet-align-left","25":"mobile-align-left","27":"first","28":"instock","29":"sale","30":"shipping-taxable","31":"purchasable","32":"product-type-simple"},"uagb_featured_image_src":{"full":["https:\/\/rmvapesale.com\/wp-content\/uploads\/2024\/11\/RandM-12000-Disposable-Vape-Bulk-Buy.jpg",800,800,false],"thumbnail":["https:\/\/rmvapesale.com\/wp-content\/uploads\/2024\/11\/RandM-12000-Disposable-Vape-Bulk-Buy-150x150.jpg",150,150,true],"medium":["https:\/\/rmvapesale.com\/wp-content\/uploads\/2024\/11\/RandM-12000-Disposable-Vape-Bulk-Buy-300x300.jpg",300,300,true],"medium_large":["https:\/\/rmvapesale.com\/wp-content\/uploads\/2024\/11\/RandM-12000-Disposable-Vape-Bulk-Buy-768x768.jpg",768,768,true],"large":["https:\/\/rmvapesale.com\/wp-content\/uploads\/2024\/11\/RandM-12000-Disposable-Vape-Bulk-Buy.jpg",800,800,false],"1536x1536":["https:\/\/rmvapesale.com\/wp-content\/uploads\/2024\/11\/RandM-12000-Disposable-Vape-Bulk-Buy.jpg",800,800,false],"2048x2048":["https:\/\/rmvapesale.com\/wp-content\/uploads\/2024\/11\/RandM-12000-Disposable-Vape-Bulk-Buy.jpg",800,800,false],"trp-custom-language-flag":["https:\/\/rmvapesale.com\/wp-content\/uploads\/2024\/11\/RandM-12000-Disposable-Vape-Bulk-Buy.jpg",12,12,false],"woocommerce_thumbnail":["https:\/\/rmvapesale.com\/wp-content\/uploads\/2024\/11\/RandM-12000-Disposable-Vape-Bulk-Buy-300x300.jpg",300,300,true],"woocommerce_single":["https:\/\/rmvapesale.com\/wp-content\/uploads\/2024\/11\/RandM-12000-Disposable-Vape-Bulk-Buy-600x600.jpg",600,600,true],"woocommerce_gallery_thumbnail":["https:\/\/rmvapesale.com\/wp-content\/uploads\/2024\/11\/RandM-12000-Disposable-Vape-Bulk-Buy-100x100.jpg",100,100,true],"wcpr-photo-reviews":["https:\/\/rmvapesale.com\/wp-content\/uploads\/2024\/11\/RandM-12000-Disposable-Vape-Bulk-Buy.jpg",500,500,false]},"uagb_author_info":{"display_name":"AMY","author_link":"https:\/\/rmvapesale.com\/pl\/author\/"},"uagb_comment_info":0,"uagb_excerpt":"Fumot Digital Box 12000 Disposable Vape RandM Vape Fumot Digital Box 12000 Puff Bulk Buy Fumot 12000 Disposable Vape All Flavor in Stock Wholesale WhatsApp: +86 17776015835 &nbsp;","_links":{"self":[{"href":"https:\/\/rmvapesale.com\/pl\/wp-json\/wp\/v2\/product\/2737","targetHints":{"allow":["GET"]}}],"collection":[{"href":"https:\/\/rmvapesale.com\/pl\/wp-json\/wp\/v2\/product"}],"about":[{"href":"https:\/\/rmvapesale.com\/pl\/wp-json\/wp\/v2\/types\/product"}],"replies":[{"embeddable":true,"href":"https:\/\/rmvapesale.com\/pl\/wp-json\/wp\/v2\/comments?post=2737"}],"wp:featuredmedia":[{"embeddable":true,"href":"https:\/\/rmvapesale.com\/pl\/wp-json\/wp\/v2\/media\/2731"}],"wp:attachment":[{"href":"https:\/\/rmvapesale.com\/pl\/wp-json\/wp\/v2\/media?parent=2737"}],"wp:term":[{"taxonomy":"product_brand","embeddable":true,"href":"https:\/\/rmvapesale.com\/pl\/wp-json\/wp\/v2\/product_brand?post=2737"},{"taxonomy":"product_cat","embeddable":true,"href":"https:\/\/rmvapesale.com\/pl\/wp-json\/wp\/v2\/product_cat?post=2737"},{"taxonomy":"product_tag","embeddable":true,"href":"https:\/\/rmvapesale.com\/pl\/wp-json\/wp\/v2\/product_tag?post=2737"}],"curies":[{"name":"wp","href":"https:\/\/api.w.org\/{rel}","templated":true}]}}