{"id":2744,"date":"2024-11-16T06:25:21","date_gmt":"2024-11-16T06:25:21","guid":{"rendered":"https:\/\/rmvapesale.com\/?post_type=product&#038;p=2744"},"modified":"2024-11-16T06:56:53","modified_gmt":"2024-11-16T06:56:53","slug":"jnr-falcon-16000-puffs-disposable-vape-europe-wholesale-2-nicotine","status":"publish","type":"product","link":"https:\/\/rmvapesale.com\/pl\/product\/jnr-falcon-16000-puffs-disposable-vape-europe-wholesale-2-nicotine\/","title":{"rendered":"JNR Falcon 16000 Zaci\u0105gni\u0119\u0107 Jednorazowy Vape Europa Hurtownia 2% Nikotyna"},"content":{"rendered":"<div class=\"B2VR9 CJHX3e\">\n<div class=\"wyccme\">\n<h1 class=\"LC20lb MBeuO DKV0Md\">JNR Falcon 16000 Zaci\u0105gni\u0119\u0107 Jednorazowy Vape Europa Hurtownia 2% Nikotyna<\/h1>\n<div class=\"flex-shrink-0 flex flex-col relative items-end\">\n<div class=\"pt-0\">\n<div class=\"gizmo-bot-avatar flex h-8 w-8 items-center justify-center overflow-hidden rounded-full\">\n<div class=\"relative p-1 rounded-sm flex items-center justify-center bg-token-main-surface-primary text-token-text-primary h-8 w-8\">\n<p>Do\u015bwiadcz wyj\u0105tkowej wydajno\u015bci <strong>JNR Falcon 16000 Puffs Jednorazowy Vape<\/strong>, stworzonego dla waper\u00f3w poszukuj\u0105cych d\u0142u\u017cszego u\u017cytkowania i wyrazistego smaku. Ten vape z mo\u017cliwo\u015bci\u0105 \u0142adowania posiada <strong>technologi\u0119 podw\u00f3jnej grza\u0142ki mesh<\/strong>, oferuj\u0105c do <strong>16 000 zaci\u0105gni\u0119\u0107<\/strong> z niezmiennie mocnym smakiem i ogromn\u0105 produkcj\u0105 chmur. Jego <strong>moc\u0105 nikotyny 21 TP3T<\/strong> zapewnia zr\u00f3wnowa\u017cone wra\u017cenia z wapowania, idealne zar\u00f3wno dla do\u015bwiadczonych u\u017cytkownik\u00f3w, jak i os\u00f3b przechodz\u0105cych z tradycyjnego palenia. Zaprojektowany z du\u017c\u0105 pojemno\u015bci\u0105 e-liquidu i d\u0142ugotrwa\u0142ym aromatem, zapewnia satysfakcj\u0119 a\u017c do ostatniego zaci\u0105gni\u0119cia, co czyni go idealnym wyborem dla nabywc\u00f3w hurtowych w Europie.<\/p>\n<p>JNR Falcon 16000 wyr\u00f3\u017cnia si\u0119 <strong>podw\u00f3jnymi portami \u0142adowania<\/strong>, kompatybilnymi z <strong>kabli typu C i Lightning<\/strong>, zapewniaj\u0105c szybkie i wygodne opcje \u0142adowania. Jego elegancka, trwa\u0142a konstrukcja i mocna bateria zapewniaj\u0105 bezproblemow\u0105 u\u017cyteczno\u015b\u0107, niezale\u017cnie od tego, czy jeste\u015b w podr\u00f3\u017cy, czy odpoczywasz w domu. Idealny do <strong>hurtowni waporyzator\u00f3w<\/strong> zakup\u00f3w, to urz\u0105dzenie obiecuje jako\u015b\u0107 i warto\u015b\u0107 dla polskich detalist\u00f3w, kt\u00f3rzy chc\u0105 zaopatrzy\u0107 si\u0119 w opcj\u0119 jednorazowego vape premium.<\/p>\n<\/div>\n<\/div>\n<\/div>\n<\/div>\n<\/div>\n<\/div>\n<p><strong>Skontaktuj si\u0119 z Amy, aby uzyska\u0107 w\u0142a\u015bciw\u0105 odpowied\u017a i kupon na e-papierosa!<\/strong><\/p>\n<p><img loading=\"lazy\" decoding=\"async\" class=\"size-full wp-image-1978\" src=\"https:\/\/rmvapesale.com\/wp-content\/uploads\/2024\/09\/Disposable-Vape-Wholesale.jpg\" alt=\"Hurtownia Jednorazowych E-papieros\u00f3w\" width=\"229\" height=\"300\" \/><\/p>\n<h3><a href=\"https:\/\/wa.me\/8617776015835\" target=\"_blank\" rel=\"noopener\"><span style=\"color: #ff0000\"><strong>WhatsApp: +86 17776015835<\/strong><\/span><\/a><\/h3>\n<p>&nbsp;<\/p>\n<h2><\/h2>\n<h2><strong>JNR Falcon 16000 Puffs Kluczowe cechy<\/strong><\/h2>\n<ul>\n<li><strong>16 000 zaci\u0105gni\u0119\u0107 dla d\u0142u\u017cszego u\u017cytkowania<\/strong><\/li>\n<li><strong>Podw\u00f3jne grza\u0142ki mesh dla bogatszych chmur i smaku<\/strong><\/li>\n<li><strong>2% nikotyny dla zr\u00f3wnowa\u017conego do\u015bwiadczenia waporyzacji<\/strong><\/li>\n<li><strong>Podw\u00f3jne porty \u0142adowania: Type-C<\/strong><\/li>\n<li><strong>D\u0142ugotrwa\u0142y aromat a\u017c do ostatniego zaci\u0105gni\u0119cia<\/strong><\/li>\n<\/ul>\n<h2><\/h2>\n<h2><strong>Najlepsze smaki dla JNR Falcon 16000 Puffs<\/strong><\/h2>\n<p>1. Je\u017cyna Czerwona Malina <span style=\"color: #ff0000\"><strong>&gt;&gt;&gt;&gt; Gor\u0105ce!<\/strong><\/span><br \/>\n2. Blue Razz Ice <span style=\"color: #ff0000\"><strong>&gt;&gt;&gt;&gt; Gor\u0105ce!<\/strong><\/span><br \/>\n3. Jagoda Granat L\u00f3d<br \/>\n4. Jagoda Czerwona Malina <span style=\"color: #ff0000\"><strong>&gt;&gt;&gt;&gt; Gor\u0105ce!<\/strong><\/span><br \/>\n5. Mango Marakuja<br \/>\n6. Marakuja Kiwi<br \/>\n7. Winogrono Sakura<br \/>\n8. Truskawka Kiwi<br \/>\n10. Truskawka Arbuz L\u00f3d<br \/>\n11. Arbuz Mango Brzoskwinia<br \/>\n12. Arbuz L\u00f3d<br \/>\n13. Wybuch Jag\u00f3d<br \/>\n14. Bia\u0142a Brzoskwinia Razz<br \/>\n15. Guma Balonowa Truskawkowa<br \/>\n16. Jagoda Bor\u00f3wka Malina Wi\u015bnia<br \/>\n17. Wi\u015bnia Jagoda<br \/>\n18. Truskawkowy L\u00f3d<br \/>\n19. Mieszane Jagody<br \/>\n20. Arbuz Guma Balonowa<br \/>\n21. Truskawka Banan<br \/>\n22. Cola L\u00f3d<br \/>\n23. Jagoda Bor\u00f3wka Kiwi<br \/>\n24. Niebieska Malina Wi\u015bnia <span style=\"color: #ff0000\"><strong>&gt;&gt;&gt;&gt; Gor\u0105ce!<\/strong><\/span><br \/>\n25. Mro\u017cony Arbuz Wi\u015bnia<br \/>\n26. Musuj\u0105ca Cola Wi\u015bniowa <span style=\"color: #ff0000\"><strong>&gt;&gt;&gt;&gt; Najlepsze!<\/strong><\/span><br \/>\n27. Soczyste Brzoskwinie<br \/>\n28. Brzoskwinia z Jagodami<br \/>\n29. Kiwi Marakuja Gujawa<\/p>\n<figure id=\"attachment_2741\" aria-describedby=\"caption-attachment-2741\" style=\"width: 800px\" class=\"wp-caption alignnone\"><img loading=\"lazy\" decoding=\"async\" class=\"wp-image-2741 size-full\" src=\"https:\/\/rmvapesale.com\/wp-content\/uploads\/2024\/11\/JNR-Falcon-Disposable-Vap.jpg\" alt=\"JNR Falcon Jednorazowy Vap\" width=\"800\" height=\"450\" srcset=\"https:\/\/rmvapesale.com\/wp-content\/uploads\/2024\/11\/JNR-Falcon-Disposable-Vap.jpg 800w, https:\/\/rmvapesale.com\/wp-content\/uploads\/2024\/11\/JNR-Falcon-Disposable-Vap-300x169.jpg 300w, https:\/\/rmvapesale.com\/wp-content\/uploads\/2024\/11\/JNR-Falcon-Disposable-Vap-768x432.jpg 768w, https:\/\/rmvapesale.com\/wp-content\/uploads\/2024\/11\/JNR-Falcon-Disposable-Vap-600x338.jpg 600w\" sizes=\"auto, (max-width: 800px) 100vw, 800px\" \/><figcaption id=\"caption-attachment-2741\" class=\"wp-caption-text\">JNR Falcon Jednorazowy Vap<\/figcaption><\/figure>\n<h3><strong>Dlaczego Wybra\u0107 Rmvapesale dla JNR Falcon 16000 Zaci\u0105gni\u0119\u0107 <\/strong><strong>V<\/strong><strong>Sprzeda\u017c hurtowa e-papieros\u00f3w<\/strong><strong>?<\/strong><\/h3>\n<div class=\"flex-shrink-0 flex flex-col relative items-end\">\n<div class=\"pt-0\">\n<div class=\"gizmo-bot-avatar flex h-8 w-8 items-center justify-center overflow-hidden rounded-full\">\n<div class=\"relative p-1 rounded-sm flex items-center justify-center bg-token-main-surface-primary text-token-text-primary h-8 w-8\">\n<p>Witaj w Rmvapesale, Twoim zaufanym sklepie z e-papierosami, oferuj\u0105cym jednorazowe produkty najwy\u017cszej jako\u015bci. Z ponad 5-letnim do\u015bwiadczeniem, dostarczamy popularne marki jednorazowych e-papieros\u00f3w, takie jak Al Fakher, Vapme Vape, <a href=\"https:\/\/rmvapesale.com\/pl\/product\/vapme-crystal-7000-puffs-rechargeable-disposable-vape-price\/\">Vapme<\/a>, <a href=\"https:\/\/rmvapesale.com\/pl\/product-category\/bang-vapes\/\">Bang Vape<\/a>, Waspe, <a href=\"https:\/\/rmvapesale.com\/pl\/product\/wga-crystal-pro-max-extra-15k-puffs-disposable-vape-wholesale\/\">WGA<\/a> Vape i<a href=\"https:\/\/rmvapesale.com\/pl\/product-category\/randm-fumot-vape\/\"> RandM Vape<\/a>.<\/p>\n<p>Nasza oferta obejmuje popularne e-papierosy, takie jak <a href=\"https:\/\/rmvapesale.com\/pl\/product\/fumot-randm-12000-strawberry-kiwi-flavor-disposable-vape-wholesale-netherlands\/\">RandM 12000 Zaci\u0105gni\u0119\u0107<\/a> oraz bogate w smaki opcje, jak <a href=\"https:\/\/rmvapesale.com\/pl\/product\/wga-crystal-pro-max-extra-15k-puffs-disposable-vape-wholesale\/\">WGA 15K<\/a>. Ka\u017cdy produkt jest wybierany z my\u015bl\u0105 o jako\u015bci, warto\u015bci i r\u00f3\u017cnorodno\u015bci, dzi\u0119ki czemu na pewno znajdziesz idealny dla siebie. Odkryj wyj\u0105tkow\u0105 obs\u0142ug\u0119 i szerok\u0105 gam\u0119 najlepszych produkt\u00f3w na Rmvapesale.<\/p>\n<\/div>\n<h3><\/h3>\n<div class=\"relative p-1 rounded-sm flex items-center justify-center bg-token-main-surface-primary text-token-text-primary h-8 w-8\">\n<h3><b>JNR Falcon 16000 Zaci\u0105gni\u0119\u0107 Jednorazowy Vape z Mo\u017cliwo\u015bci\u0105 \u0141adowania - Najcz\u0119\u015bciej Zadawane Pytania<\/b><\/h3>\n<div class=\"group\/conversation-turn relative flex w-full min-w-0 flex-col agent-turn\">\n<div class=\"flex-col gap-1 md:gap-3\">\n<div class=\"flex max-w-full flex-col flex-grow\">\n<div class=\"min-h-8 text-message flex w-full flex-col items-end gap-2 whitespace-normal break-words [.text-message+&amp;]:mt-5\" dir=\"auto\" data-message-author-role=\"assistant\" data-message-id=\"00c9b302-bc9c-4550-94ba-5a295efa2be3\" data-message-model-slug=\"gpt-4o\">\n<div class=\"flex w-full flex-col gap-1 empty:hidden first:pt-[3px]\">\n<div class=\"markdown prose w-full break-words dark:prose-invert light\">\n<div class=\"flex-shrink-0 flex flex-col relative items-end\">\n<div>\n<div class=\"pt-0\">\n<div class=\"gizmo-bot-avatar flex h-8 w-8 items-center justify-center overflow-hidden rounded-full\">\n<div class=\"relative p-1 rounded-sm flex items-center justify-center bg-token-main-surface-primary text-token-text-primary h-8 w-8\">\n<div class=\"flex-shrink-0 flex flex-col relative items-end\">\n<div>\n<div class=\"pt-0\">\n<div class=\"gizmo-bot-avatar flex h-8 w-8 items-center justify-center overflow-hidden rounded-full\">\n<div class=\"relative p-1 rounded-sm flex items-center justify-center bg-token-main-surface-primary text-token-text-primary h-8 w-8\"><\/div>\n<\/div>\n<\/div>\n<\/div>\n<\/div>\n<div class=\"group\/conversation-turn relative flex w-full min-w-0 flex-col agent-turn\">\n<div class=\"flex-col gap-1 md:gap-3\">\n<div class=\"flex max-w-full flex-col flex-grow\">\n<div class=\"min-h-8 text-message flex w-full flex-col items-end gap-2 whitespace-normal break-words [.text-message+&amp;]:mt-5\" dir=\"auto\" data-message-author-role=\"assistant\" data-message-id=\"b0ff1c9f-fc91-4382-ada9-b8b4efc6c562\" data-message-model-slug=\"gpt-4o\">\n<div class=\"flex w-full flex-col gap-1 empty:hidden first:pt-[3px]\">\n<div class=\"markdown prose w-full break-words dark:prose-invert light\">\n<ol>\n<li><strong>Ile zaci\u0105gni\u0119\u0107 zapewnia JNR Falcon 16000 Zaci\u0105gni\u0119\u0107 Vape z Mo\u017cliwo\u015bci\u0105 \u0141adowania?<\/strong><br \/>\nJNR Falcon 16000 Zaci\u0105gni\u0119\u0107 Vape z Mo\u017cliwo\u015bci\u0105 \u0141adowania zapewnia do <strong>16 000 zaci\u0105gni\u0119\u0107<\/strong>, oferuj\u0105c d\u0142ugotrwa\u0142e u\u017cytkowanie.<\/li>\n<li><strong>Jakie s\u0105 popularne smaki dla JNR Falcon 16000 Digital Box Vape?<\/strong><br \/>\nPopularne smaki dla JNR Falcon 16000 Digital Box Vape obejmuj\u0105 <strong>mango ice, strawberry watermelon, blue razz i cool mint<\/strong>, znane ze swojego wyrazistego smaku i g\u0142adkiego wyko\u0144czenia.<\/li>\n<li><strong>Sk\u0105d mam wiedzie\u0107, kiedy m\u00f3j JNR Vape Falcon 16000 Zaci\u0105gni\u0119\u0107 jest pusty?<\/strong><br \/>\nTw\u00f3j JNR Vape Falcon 16000 Zaci\u0105gni\u0119\u0107 jest pusty, gdy <strong>produkcja pary znacz\u0105co spada<\/strong>, <strong>smak s\u0142abnie<\/strong>, lub gdy <strong>wska\u017anik e-liquidu (je\u015bli dost\u0119pny) pokazuje niski poziom<\/strong>.<\/li>\n<li><strong>Ile nikotyny zawiera jednorazowy e-papieros JNR Falcon 16000 Vape?<\/strong><br \/>\nJednorazowy e-papieros JNR Falcon 16000 Vape zawiera <strong>2% nikotyny<\/strong> (20mg\/ml), zapewniaj\u0105c u\u017cytkownikom umiarkowan\u0105 moc nikotyny.<\/li>\n<li><strong>Ile czasu zajmuje pe\u0142ne na\u0142adowanie jednorazowego e-papierosa JNR 16000?<\/strong><br \/>\n\u0141adowanie jednorazowego e-papierosa JNR 16000 zajmuje oko\u0142o <strong>45 do 60 minut<\/strong> do pe\u0142nego na\u0142adowania za pomoc\u0105 portu <strong>Port Type-C lub Lightning<\/strong>.<\/li>\n<li><strong>Gdzie kupi\u0107 e-papierosy JNR Falcon 16000 w cenie hurtowej?<\/strong><br \/>\nAby uzyska\u0107 ceny hurtowe na e-papierosy JNR Falcon 16000, odwied\u017a <strong>internetowego sklepu z waporyzatorami Rmvapesale<\/strong>, zaufanego dostawc\u0119 zakup\u00f3w hurtowych z Polski.<\/li>\n<\/ol>\n<\/div>\n<\/div>\n<\/div>\n<\/div>\n<\/div>\n<\/div>\n<\/div>\n<\/div>\n<\/div>\n<\/div>\n<\/div>\n<div class=\"group\/conversation-turn relative flex w-full min-w-0 flex-col agent-turn\">\n<div class=\"flex-col gap-1 md:gap-3\">\n<div class=\"flex max-w-full flex-col flex-grow\">\n<div class=\"min-h-8 text-message flex w-full flex-col items-end gap-2 whitespace-normal break-words [.text-message+&amp;]:mt-5\" dir=\"auto\" data-message-author-role=\"assistant\" data-message-id=\"a3dc01bd-23b0-4fd7-bb9a-7827522cefd8\" data-message-model-slug=\"gpt-4o\">\n<div class=\"flex w-full flex-col gap-1 empty:hidden first:pt-[3px]\">\n<div class=\"markdown prose w-full break-words dark:prose-invert light\">\n<p>&nbsp;<\/p>\n<\/div>\n<\/div>\n<\/div>\n<\/div>\n<\/div>\n<\/div>\n<\/div>\n<\/div>\n<\/div>\n<\/div>\n<\/div>\n<\/div>\n<\/div>\n<div class=\"mb-2 flex gap-3 empty:hidden -ml-2\"><\/div>\n<p>&nbsp;<\/p>\n<\/div>\n<\/div>\n<\/div>\n<h3>O wysy\u0142ce<\/h3>\n<div class=\"flex-shrink-0 flex flex-col relative items-end\">\n<div>\n<div class=\"pt-0\">\n<div class=\"gizmo-bot-avatar flex h-8 w-8 items-center justify-center overflow-hidden rounded-full\">\n<div><\/div>\n<div class=\"relative p-1 rounded-sm flex items-center justify-center bg-token-main-surface-primary text-token-text-primary h-8 w-8\"><strong>1. Jakie metody wysy\u0142ki s\u0105 stosowane?<\/strong><\/div>\n<\/div>\n<\/div>\n<\/div>\n<\/div>\n<div class=\"group\/conversation-turn relative flex w-full min-w-0 flex-col agent-turn\">\n<div class=\"flex-col gap-1 md:gap-3\">\n<div class=\"flex max-w-full flex-col flex-grow\">\n<div class=\"min-h-[20px] text-message flex w-full flex-col items-end gap-2 whitespace-normal break-words [.text-message+&amp;]:mt-5 overflow-x-auto\" dir=\"auto\" data-message-author-role=\"assistant\" data-message-id=\"22f8283b-3233-46ff-89a5-c7a41b33abda\">\n<div class=\"flex w-full flex-col gap-1 empty:hidden first:pt-[3px]\">\n<div class=\"markdown prose w-full break-words dark:prose-invert light\">\n<p>Wsp\u00f3\u0142pracujemy z UPS, DHL, FedEx, DPD i innymi wiod\u0105cymi przewo\u017anikami. Wybierzemy najlepsz\u0105 metod\u0119 wysy\u0142ki w oparciu o Twoj\u0105 lokalizacj\u0119, aby zapewni\u0107, \u017ce otrzymasz swoje produkty tak szybko, jak to mo\u017cliwe.<\/p>\n<\/div>\n<p><strong>2. Ile czasu zajmuje dostawa?<\/strong><\/p>\n<p>Paczki wysy\u0142ane do Polski zazwyczaj docieraj\u0105 w ci\u0105gu 10 dni roboczych. Wysy\u0142ka do innych kraj\u00f3w europejskich trwa zwykle oko\u0142o 12-15 dni roboczych. B\u0119dziemy dostarcza\u0107 aktualizacje w czasie rzeczywistym na temat statusu Twojej przesy\u0142ki.<\/p>\n<\/div>\n<\/div>\n<\/div>\n<\/div>\n<\/div>\n<p>&nbsp;<\/p>\n<p>Znajd\u017a wi\u0119cej produkt\u00f3w Vape, kt\u00f3re mog\u0105 Ci si\u0119 spodoba\u0107:<strong><em><a href=\"https:\/\/rmvapesale.com\/pl\/shop-2\/\">kup teraz &gt;&gt;&gt;<\/a><\/em><\/strong><\/p>","protected":false},"excerpt":{"rendered":"<p>JNR Falcon 16000 Puffs Jednorazowy Vape z mo\u017cliwo\u015bci\u0105 \u0142adowania<br \/>\nJNR Falcon Big Puff 16000 2% Jednorazowy Vape z nisk\u0105 zawarto\u015bci\u0105 nikotyny<br \/>\nJNR Falcon 16000 Puffs Jednorazowy Vape Cena hurtowa<\/p>\n<p><img loading=\"lazy\" decoding=\"async\" class=\"size-full wp-image-2375\" src=\"https:\/\/rmvapesale.com\/wp-content\/uploads\/2024\/10\/image.png\" alt=\"Najlepszy Jednorazowy E-papieros\" width=\"229\" height=\"300\" \/><\/p>\n<h3><a href=\"https:\/\/wa.me\/8617776015835\"><span style=\"color: #ff0000\"><strong>WhatsApp: +86 17776015835<\/strong><\/span><\/a><\/h3>\n<p>&nbsp;<\/p>","protected":false},"featured_media":2740,"comment_status":"open","ping_status":"closed","template":"","meta":{"_uag_custom_page_level_css":"","_lmt_disableupdate":"no","_lmt_disable":"","site-sidebar-layout":"default","site-content-layout":"content-boxed-container","ast-site-content-layout":"normal-width-container","site-content-style":"boxed","site-sidebar-style":"unboxed","ast-global-header-display":"","ast-banner-title-visibility":"","ast-main-header-display":"","ast-hfb-above-header-display":"","ast-hfb-below-header-display":"","ast-hfb-mobile-header-display":"","site-post-title":"","ast-breadcrumbs-content":"","ast-featured-img":"","footer-sml-layout":"","ast-disable-related-posts":"","theme-transparent-header-meta":"default","adv-header-id-meta":"","stick-header-meta":"","header-above-stick-meta":"","header-main-stick-meta":"","header-below-stick-meta":"","astra-migrate-meta-layouts":"set","ast-page-background-enabled":"default","ast-page-background-meta":{"desktop":{"background-color":"var(--ast-global-color-4)","background-image":"","background-repeat":"repeat","background-position":"center center","background-size":"auto","background-attachment":"scroll","background-type":"","background-media":"","overlay-type":"","overlay-color":"","overlay-opacity":"","overlay-gradient":""},"tablet":{"background-color":"","background-image":"","background-repeat":"repeat","background-position":"center center","background-size":"auto","background-attachment":"scroll","background-type":"","background-media":"","overlay-type":"","overlay-color":"","overlay-opacity":"","overlay-gradient":""},"mobile":{"background-color":"","background-image":"","background-repeat":"repeat","background-position":"center center","background-size":"auto","background-attachment":"scroll","background-type":"","background-media":"","overlay-type":"","overlay-color":"","overlay-opacity":"","overlay-gradient":""}},"ast-content-background-meta":{"desktop":{"background-color":"var(--ast-global-color-5)","background-image":"","background-repeat":"repeat","background-position":"center center","background-size":"auto","background-attachment":"scroll","background-type":"","background-media":"","overlay-type":"","overlay-color":"","overlay-opacity":"","overlay-gradient":""},"tablet":{"background-color":"var(--ast-global-color-5)","background-image":"","background-repeat":"repeat","background-position":"center center","background-size":"auto","background-attachment":"scroll","background-type":"","background-media":"","overlay-type":"","overlay-color":"","overlay-opacity":"","overlay-gradient":""},"mobile":{"background-color":"var(--ast-global-color-5)","background-image":"","background-repeat":"repeat","background-position":"center center","background-size":"auto","background-attachment":"scroll","background-type":"","background-media":"","overlay-type":"","overlay-color":"","overlay-opacity":"","overlay-gradient":""}},"_joinchat":[]},"product_brand":[],"product_cat":[15,27,25,123,30,26,28,137,135],"product_tag":[216,215,205],"class_list":{"0":"post-2744","1":"product","2":"type-product","3":"status-publish","4":"has-post-thumbnail","6":"product_cat-new-vape-this-week","7":"product_cat-fance-hot-sale-vape","8":"product_cat-germany-best-selling-vape","9":"product_cat-italy-wholesale-vape","10":"product_cat-minimum-order-quantity-50pcs","11":"product_cat-netherlands-hot-sale-vape","12":"product_cat-poland-hot-sale-vape","13":"product_cat-rechargeable-vapes","14":"product_cat-spain-best-hot-sale-vape","15":"product_tag-jnr-16000","16":"product_tag-jnr-falcon-16000","17":"product_tag-jnr-vape","18":"desktop-align-left","19":"tablet-align-left","20":"mobile-align-left","22":"first","23":"instock","24":"sale","25":"shipping-taxable","26":"purchasable","27":"product-type-simple"},"uagb_featured_image_src":{"full":["https:\/\/rmvapesale.com\/wp-content\/uploads\/2024\/11\/Jnr-falcon-16000-puffs-in-Europe.png",800,800,false],"thumbnail":["https:\/\/rmvapesale.com\/wp-content\/uploads\/2024\/11\/Jnr-falcon-16000-puffs-in-Europe-150x150.png",150,150,true],"medium":["https:\/\/rmvapesale.com\/wp-content\/uploads\/2024\/11\/Jnr-falcon-16000-puffs-in-Europe-300x300.png",300,300,true],"medium_large":["https:\/\/rmvapesale.com\/wp-content\/uploads\/2024\/11\/Jnr-falcon-16000-puffs-in-Europe-768x768.png",768,768,true],"large":["https:\/\/rmvapesale.com\/wp-content\/uploads\/2024\/11\/Jnr-falcon-16000-puffs-in-Europe.png",800,800,false],"1536x1536":["https:\/\/rmvapesale.com\/wp-content\/uploads\/2024\/11\/Jnr-falcon-16000-puffs-in-Europe.png",800,800,false],"2048x2048":["https:\/\/rmvapesale.com\/wp-content\/uploads\/2024\/11\/Jnr-falcon-16000-puffs-in-Europe.png",800,800,false],"trp-custom-language-flag":["https:\/\/rmvapesale.com\/wp-content\/uploads\/2024\/11\/Jnr-falcon-16000-puffs-in-Europe.png",12,12,false],"woocommerce_thumbnail":["https:\/\/rmvapesale.com\/wp-content\/uploads\/2024\/11\/Jnr-falcon-16000-puffs-in-Europe-300x300.png",300,300,true],"woocommerce_single":["https:\/\/rmvapesale.com\/wp-content\/uploads\/2024\/11\/Jnr-falcon-16000-puffs-in-Europe-600x600.png",600,600,true],"woocommerce_gallery_thumbnail":["https:\/\/rmvapesale.com\/wp-content\/uploads\/2024\/11\/Jnr-falcon-16000-puffs-in-Europe-100x100.png",100,100,true],"wcpr-photo-reviews":["https:\/\/rmvapesale.com\/wp-content\/uploads\/2024\/11\/Jnr-falcon-16000-puffs-in-Europe.png",500,500,false]},"uagb_author_info":{"display_name":"AMY","author_link":"https:\/\/rmvapesale.com\/pl\/author\/"},"uagb_comment_info":0,"uagb_excerpt":"JNR Falcon 16000 Puffs Rechargeable Disposable Vape JNR Falcon Big Puff 16000 2% Low Nicotine Disposable Vape JNR Falcon 16000 Puffs Disposable Vape Wholesale Price WhatsApp: +86 17776015835 &nbsp;","_links":{"self":[{"href":"https:\/\/rmvapesale.com\/pl\/wp-json\/wp\/v2\/product\/2744","targetHints":{"allow":["GET"]}}],"collection":[{"href":"https:\/\/rmvapesale.com\/pl\/wp-json\/wp\/v2\/product"}],"about":[{"href":"https:\/\/rmvapesale.com\/pl\/wp-json\/wp\/v2\/types\/product"}],"replies":[{"embeddable":true,"href":"https:\/\/rmvapesale.com\/pl\/wp-json\/wp\/v2\/comments?post=2744"}],"wp:featuredmedia":[{"embeddable":true,"href":"https:\/\/rmvapesale.com\/pl\/wp-json\/wp\/v2\/media\/2740"}],"wp:attachment":[{"href":"https:\/\/rmvapesale.com\/pl\/wp-json\/wp\/v2\/media?parent=2744"}],"wp:term":[{"taxonomy":"product_brand","embeddable":true,"href":"https:\/\/rmvapesale.com\/pl\/wp-json\/wp\/v2\/product_brand?post=2744"},{"taxonomy":"product_cat","embeddable":true,"href":"https:\/\/rmvapesale.com\/pl\/wp-json\/wp\/v2\/product_cat?post=2744"},{"taxonomy":"product_tag","embeddable":true,"href":"https:\/\/rmvapesale.com\/pl\/wp-json\/wp\/v2\/product_tag?post=2744"}],"curies":[{"name":"wp","href":"https:\/\/api.w.org\/{rel}","templated":true}]}}