{"id":2761,"date":"2024-11-20T07:54:06","date_gmt":"2024-11-20T07:54:06","guid":{"rendered":"https:\/\/rmvapesale.com\/?post_type=product&#038;p=2761"},"modified":"2024-11-20T08:51:16","modified_gmt":"2024-11-20T08:51:16","slug":"waspe-vape-40000-puffs-double-flavor-led-screen-disposable-vape-wholesale-price","status":"publish","type":"product","link":"https:\/\/rmvapesale.com\/pl\/product\/waspe-vape-40000-puffs-double-flavor-led-screen-disposable-vape-wholesale-price\/","title":{"rendered":"WASPE Vape 40000 Puffs Double Flavor LED Screen Disposable Vape Cena hurtowa"},"content":{"rendered":"<div class=\"B2VR9 CJHX3e\">\n<div class=\"wyccme\">\n<h1 class=\"LC20lb MBeuO DKV0Md\">WASPE Vape 40000 Puffs Double Flavor LED Screen Disposable Vape Cena hurtowa<\/h1>\n<div class=\"flex-shrink-0 flex flex-col relative items-end\">\n<div class=\"pt-0\">\n<div class=\"gizmo-bot-avatar flex h-8 w-8 items-center justify-center overflow-hidden rounded-full\">\n<div class=\"relative p-1 rounded-sm flex items-center justify-center bg-token-main-surface-primary text-token-text-primary h-8 w-8\">\n<p>Ten <strong>WASPE Vape 40000 zaci\u0105gni\u0119\u0107, podw\u00f3jny smak, jednorazowy e-papieros<\/strong>, najnowocze\u015bniejsze urz\u0105dzenie przeznaczone dla vaper\u00f3w poszukuj\u0105cych d\u0142ugotrwa\u0142ej wydajno\u015bci, wygody i wyrazistych smak\u00f3w. Ten innowacyjny e-papieros \u0142\u0105czy w sobie <strong>technologi\u0119 podw\u00f3jnego smaku<\/strong> z wydajn\u0105, \u0142adowaln\u0105 bateri\u0105, dzi\u0119ki czemu ka\u017cde zaci\u0105gni\u0119cie jest satysfakcjonuj\u0105ce i p\u0142ynne. Urz\u0105dzenie wyr\u00f3\u017cnia si\u0119 <strong>technologi\u0119 podw\u00f3jnego smaku<\/strong> i <strong>pojemno\u015bci\u0105 40 000 zaci\u0105gni\u0119\u0107<\/strong>, co czyni je najlepszym wyborem dla ka\u017cdego, kto szuka po\u0142\u0105czenia wygody z wyj\u0105tkowym do\u015bwiadczeniem. Jego <strong>przeno\u015bna konstrukcja niewymagaj\u0105ca konserwacji<\/strong> jest idealna do codziennego u\u017cytku, a inteligentny ekran LED zapewnia sta\u0142\u0105 kontrol\u0119 nad urz\u0105dzeniem.<\/p>\n<\/div>\n<p>Ten <strong>Jednorazowy e-papieros WASPE Vape<\/strong> jest idealny dla os\u00f3b z bran\u017cy <strong>hurtowej sprzeda\u017cy e-papieros\u00f3w<\/strong>. Dzi\u0119ki jego <strong>innowacyjnym funkcjom<\/strong>, trwa\u0142ej konstrukcji i du\u017cej pojemno\u015bci, ten produkt to pozycja obowi\u0105zkowa w Twoim asortymencie. Jego <strong>cenie hurtowej<\/strong> i popularno\u015b\u0107 w tej <strong>marek jednorazowych e-papieros\u00f3w<\/strong> kategorii czyni go wyr\u00f3\u017cniaj\u0105c\u0105 si\u0119 opcj\u0105. Wznie\u015b swoje do\u015bwiadczenie z e-papierosami na wy\u017cszy poziom z <strong>WASPE 40K Double Flavor Vape<\/strong>\u2014gdzie zaawansowana technologia spotyka si\u0119 ze \u015bmia\u0142ymi, satysfakcjonuj\u0105cymi smakami. Idealny do u\u017cytku osobistego lub zakupu hurtowego!<\/p>\n<\/div>\n<\/div>\n<\/div>\n<\/div>\n<\/div>\n<p><strong>Skontaktuj si\u0119 z Amy, aby uzyska\u0107 w\u0142a\u015bciw\u0105 odpowied\u017a i kupon na e-papierosa!<\/strong><\/p>\n<p><img loading=\"lazy\" decoding=\"async\" class=\"size-full wp-image-1978\" src=\"https:\/\/rmvapesale.com\/wp-content\/uploads\/2024\/09\/Disposable-Vape-Wholesale.jpg\" alt=\"Hurtownia Jednorazowych E-papieros\u00f3w\" width=\"229\" height=\"300\" \/><\/p>\n<h3><a href=\"https:\/\/wa.me\/8617776015835\" target=\"_blank\" rel=\"noopener\"><span style=\"color: #ff0000\"><strong>WhatsApp: +86 17776015835<\/strong><\/span><\/a><\/h3>\n<p>&nbsp;<\/p>\n<h2><\/h2>\n<h2><strong>WASPE Vape 40000 zaci\u0105gni\u0119\u0107, kluczowe cechy<\/strong><\/h2>\n<ul>\n<li><strong>Niezr\u00f3wnana wydajno\u015b\u0107 zaci\u0105gni\u0119\u0107<\/strong>: Z niesamowit\u0105 <strong>40 000 zaci\u0105gni\u0119\u0107<\/strong>, to urz\u0105dzenie oferuje niezr\u00f3wnan\u0105 trwa\u0142o\u015b\u0107, eliminuj\u0105c k\u0142opot cz\u0119stych wymian.<\/li>\n<li><strong>Du\u017ca pojemno\u015b\u0107 e-liquidu<\/strong>: Wst\u0119pnie nape\u0142niony <strong>36 ml e-liquidu premium<\/strong>, zapewniaj\u0105c d\u0142u\u017csz\u0105 sesj\u0119 wapowania z mniejsz\u0105 liczb\u0105 przerw.<\/li>\n<li><strong>Akumulator 850 mAh<\/strong>: Wyposa\u017cony w <strong>port szybkiego \u0142adowania Type-C<\/strong>, bateria zapewnia szybkie \u0142adowanie i sta\u0142\u0105 moc, co czyni go idealnym rozwi\u0105zaniem <strong>\u0142adowalny e-papieros<\/strong> dla waper\u00f3w w podr\u00f3\u017cy.<\/li>\n<li><strong>Podw\u00f3jne grza\u0142ki siatkowe<\/strong>: Zaawansowana technologia grza\u0142ki wzmacnia smak i tworzy g\u0142adkie, g\u0119ste chmury, idealne dla entuzjast\u00f3w smaku.<\/li>\n<li><strong>Opcje Nikotyny<\/strong>: Dost\u0119pne w <strong>0%, 2% lub 5% st\u0119\u017cenie nikotyny<\/strong>, zaspokajaj\u0105c r\u00f3\u017cnorodne preferencje dla spersonalizowanego do\u015bwiadczenia.<\/li>\n<li><strong>Innowacja dw\u00f3ch smak\u00f3w<\/strong>: Ciesz si\u0119 <strong>dwoma r\u00f3\u017cnymi smakami<\/strong> w jednym urz\u0105dzeniu, takimi jak <em>Truskawka Banan<\/em> po\u0142\u0105czone z <em>Ananas Kokos L\u00f3d<\/em>, dla orze\u017awiaj\u0105cej i unikalnej podr\u00f3\u017cy wapowania.<\/li>\n<li><strong>Ekran LED<\/strong>: B\u0105d\u017a na bie\u017c\u0105co z <strong>inteligentny ekran LED<\/strong>, dostarczaj\u0105cy danych w czasie rzeczywistym na temat liczby zaci\u0105gni\u0119\u0107, \u017cywotno\u015bci baterii i aktywnego smaku.<\/li>\n<li>&nbsp;\n<p><figure id=\"attachment_2757\" aria-describedby=\"caption-attachment-2757\" style=\"width: 800px\" class=\"wp-caption alignnone\"><img loading=\"lazy\" decoding=\"async\" class=\"wp-image-2757 size-full\" src=\"https:\/\/rmvapesale.com\/wp-content\/uploads\/2024\/11\/Waspe-40000-Puffs-Dispsoable-Vape-Wholesale.jpg\" alt=\"Waspe 40000 Puffs Jednorazowe Vape Hurt\" width=\"800\" height=\"800\" srcset=\"https:\/\/rmvapesale.com\/wp-content\/uploads\/2024\/11\/Waspe-40000-Puffs-Dispsoable-Vape-Wholesale.jpg 800w, https:\/\/rmvapesale.com\/wp-content\/uploads\/2024\/11\/Waspe-40000-Puffs-Dispsoable-Vape-Wholesale-300x300.jpg 300w, https:\/\/rmvapesale.com\/wp-content\/uploads\/2024\/11\/Waspe-40000-Puffs-Dispsoable-Vape-Wholesale-150x150.jpg 150w, https:\/\/rmvapesale.com\/wp-content\/uploads\/2024\/11\/Waspe-40000-Puffs-Dispsoable-Vape-Wholesale-768x768.jpg 768w, https:\/\/rmvapesale.com\/wp-content\/uploads\/2024\/11\/Waspe-40000-Puffs-Dispsoable-Vape-Wholesale-600x600.jpg 600w, https:\/\/rmvapesale.com\/wp-content\/uploads\/2024\/11\/Waspe-40000-Puffs-Dispsoable-Vape-Wholesale-100x100.jpg 100w\" sizes=\"auto, (max-width: 800px) 100vw, 800px\" \/><figcaption id=\"caption-attachment-2757\" class=\"wp-caption-text\">Waspe 40000 Puffs Jednorazowe Vape Hurt<\/figcaption><\/figure><\/li>\n<\/ul>\n<h2><strong>Najlepszy Smak dla WASPE Vape 40k Puffs<\/strong><\/h2>\n<p>1 arbuz lodowy \/ cytryna limonka <span style=\"color: #ff0000\"><strong>&gt;&gt;&gt;&gt; Gor\u0105ce!<\/strong><\/span><br \/>\n2 musuj\u0105ca wi\u015bnia l\u00f3d \/ wata cukrowa jagodowa<br \/>\n3 truskawka arbuz \/ jagoda malina <span style=\"color: #ff0000\"><strong>&gt;&gt;&gt;&gt; Gor\u0105ce!<\/strong><\/span><br \/>\n4 red bull l\u00f3d \/ truskawka mango<br \/>\n5 brzoskwinia l\u00f3d \/ ananas mango brzoskwinia<br \/>\n6 Winogrono Lodowe \/ Truskawka Kiwi<br \/>\n7 Mieszane Jagody \/ Podw\u00f3jne Jab\u0142ko Lodowe<br \/>\n8 Niebieska Lemoniada Malina \/ Arbuz Guma Balonowa<br \/>\n9 Truskawka Malina Wi\u015bnia \/ Love 666<br \/>\n10 Truskawka Banan \/ Ananas Kokos Lodowy<br \/>\n11 Truskawka Arbuz Guma Balonowa \/ Mieszanka Owoc\u00f3w<br \/>\n12 Wi\u015bnia Cola Lodowa \/ Truskawka Malina Cukierek <span style=\"color: #ff0000\"><strong>&gt;&gt;&gt;&gt; Najlepsze!<\/strong><\/span><br \/>\n13 Kwa\u015bne Jab\u0142ko Malina \/ Truskawka Wielki Wybuch<br \/>\n14 Brzoskwinia Jagoda \/ Arbuz Mango Brzoskwinia<br \/>\n15 Jagoda Lodowa \/ Czarny Smok Lodowy<br \/>\n16 Truskawka Wi\u015bnia \/ Kiwi Marakuja Guawa<\/p>\n<p>&nbsp;<\/p>\n<h3><strong>Dlaczego Wybra\u0107 Rmvapesale dla Waspe 40000 Puffs <\/strong><strong>V<\/strong><strong>Sprzeda\u017c hurtowa e-papieros\u00f3w<\/strong><strong>?<\/strong><\/h3>\n<div class=\"flex-shrink-0 flex flex-col relative items-end\">\n<div class=\"pt-0\">\n<div class=\"gizmo-bot-avatar flex h-8 w-8 items-center justify-center overflow-hidden rounded-full\">\n<div class=\"relative p-1 rounded-sm flex items-center justify-center bg-token-main-surface-primary text-token-text-primary h-8 w-8\">\n<p>Witaj w Rmvapesale, Twoim zaufanym sklepie z e-papierosami, oferuj\u0105cym jednorazowe produkty najwy\u017cszej jako\u015bci. Z ponad 5-letnim do\u015bwiadczeniem, dostarczamy popularne marki jednorazowych e-papieros\u00f3w, takie jak Al Fakher, Vapme Vape, <a href=\"https:\/\/rmvapesale.com\/pl\/product\/vapme-crystal-7000-puffs-rechargeable-disposable-vape-price\/\">Vapme<\/a>, <a href=\"https:\/\/rmvapesale.com\/pl\/product-category\/bang-vapes\/\">Bang Vape<\/a>, Waspe, <a href=\"https:\/\/rmvapesale.com\/pl\/product\/wga-crystal-pro-max-extra-15k-puffs-disposable-vape-wholesale\/\">WGA<\/a> Vape i<a href=\"https:\/\/rmvapesale.com\/pl\/product-category\/randm-fumot-vape\/\"> RandM Vape<\/a>.<\/p>\n<p>Nasza oferta obejmuje popularne e-papierosy, takie jak <a href=\"https:\/\/rmvapesale.com\/pl\/product\/fumot-randm-12000-strawberry-kiwi-flavor-disposable-vape-wholesale-netherlands\/\">RandM 12000 Zaci\u0105gni\u0119\u0107<\/a> oraz bogate w smaki opcje, jak <a href=\"https:\/\/rmvapesale.com\/pl\/product\/wga-crystal-pro-max-extra-15k-puffs-disposable-vape-wholesale\/\">WGA 15K<\/a>. Ka\u017cdy produkt jest wybierany z my\u015bl\u0105 o jako\u015bci, warto\u015bci i r\u00f3\u017cnorodno\u015bci, dzi\u0119ki czemu na pewno znajdziesz idealny dla siebie. Odkryj wyj\u0105tkow\u0105 obs\u0142ug\u0119 i szerok\u0105 gam\u0119 najlepszych produkt\u00f3w na Rmvapesale.<\/p>\n<\/div>\n<h3><\/h3>\n<div class=\"relative p-1 rounded-sm flex items-center justify-center bg-token-main-surface-primary text-token-text-primary h-8 w-8\">\n<h3><b>Waspe 40000 Puffs Jednorazowy Waporyzator z Mo\u017cliwo\u015bci\u0105 \u0141adowania - Najcz\u0119\u015bciej Zadawane Pytania<\/b><\/h3>\n<div class=\"group\/conversation-turn relative flex w-full min-w-0 flex-col agent-turn\">\n<div class=\"flex-col gap-1 md:gap-3\">\n<div class=\"flex max-w-full flex-col flex-grow\">\n<div class=\"min-h-8 text-message flex w-full flex-col items-end gap-2 whitespace-normal break-words [.text-message+&amp;]:mt-5\" dir=\"auto\" data-message-author-role=\"assistant\" data-message-id=\"00c9b302-bc9c-4550-94ba-5a295efa2be3\" data-message-model-slug=\"gpt-4o\">\n<div class=\"flex w-full flex-col gap-1 empty:hidden first:pt-[3px]\">\n<div class=\"markdown prose w-full break-words dark:prose-invert light\">\n<div class=\"flex-shrink-0 flex flex-col relative items-end\">\n<div>\n<div class=\"pt-0\">\n<div class=\"gizmo-bot-avatar flex h-8 w-8 items-center justify-center overflow-hidden rounded-full\">\n<div class=\"relative p-1 rounded-sm flex items-center justify-center bg-token-main-surface-primary text-token-text-primary h-8 w-8\">\n<div class=\"flex-shrink-0 flex flex-col relative items-end\">\n<div>\n<div class=\"pt-0\">\n<div class=\"gizmo-bot-avatar flex h-8 w-8 items-center justify-center overflow-hidden rounded-full\">\n<div class=\"relative p-1 rounded-sm flex items-center justify-center bg-token-main-surface-primary text-token-text-primary h-8 w-8\">\n<p><strong>P: Jakie s\u0105 popularne smaki jednorazowego waporyzatora Waspe 40000 Puffs?<\/strong><br \/>\nOdp.: <strong>Waspe Vape 40000 Puffs<\/strong> oferuje kombinacje podw\u00f3jnych smak\u00f3w, takie jak <em>Truskawka Banan<\/em> i <em>Ananas Kokos L\u00f3d<\/em>, co czyni go najlepszym wyborem dla tych, kt\u00f3rzy szukaj\u0105 orze\u017awiaj\u0105cych i unikalnych do\u015bwiadcze\u0144 smakowych.<\/p>\n<p><strong>P: Sk\u0105d mam wiedzie\u0107, kiedy m\u00f3j Waspe 40000 Smart Vape jest pusty?<\/strong><br \/>\nOdp.: <strong>Ekran LED<\/strong> na Waspe 40000 Smart Vape pokazuje poziom e-liquidu. Kiedy wska\u017ce, \u017ce e-liquid jest pusty, nadszed\u0142 czas, aby wymieni\u0107 urz\u0105dzenie.<\/p>\n<p><strong>P: Ile czasu zajmuje \u0142adowanie e-papierosa wielokrotnego u\u017cytku Waspe 40000?<\/strong><br \/>\nO: Waspe 40000 u\u017cywa <strong>port szybkiego \u0142adowania Type-C<\/strong>, co pozwala na pe\u0142ne na\u0142adowanie w oko\u0142o <strong>45-60 minut<\/strong>.<\/p>\n<p><strong>P: Ile nikotyny zawiera jednorazowy e-papieros Waspe 40000?<\/strong><br \/>\nO: Waspe 40000 jest dost\u0119pny w <strong>0%, 2% lub 5% st\u0119\u017cenie nikotyny<\/strong> (co odpowiada 50 mg dla opcji 5%), zaspokajaj\u0105c r\u00f3\u017cne preferencje.<\/p>\n<p><strong>P: Gdzie mog\u0119 kupi\u0107 Waspe 40000 Puffs Vapes w cenach hurtowych?<\/strong><br \/>\nOdp.: <strong>Jednorazowy e-papieros Waspe 40000 Puffs<\/strong> jest dost\u0119pny u <strong>hurtowni waporyzator\u00f3w<\/strong> dystrybutor\u00f3w i sprzedawc\u00f3w internetowych specjalizuj\u0105cych si\u0119 w <strong>zakup\u00f3w hurtowych<\/strong> i <strong>popularne marki jednorazowych e-papieros\u00f3w<\/strong>.<\/p>\n<p><strong>P: Ile zaci\u0105gni\u0119\u0107 zapewnia Waspe Vape 40000 Puffs?<\/strong><br \/>\nO: Waspe Vape oferuje imponuj\u0105ce <strong>40 000 zaci\u0105gni\u0119\u0107<\/strong>, zapewniaj\u0105c d\u0142u\u017csz\u0105 satysfakcj\u0119 i wygod\u0119.<\/p>\n<p><strong>P: Jak d\u0142ugo trwa pe\u0142ne \u0142adowanie jednorazowego e-papierosa Waspe 40000?<\/strong><br \/>\nO: Pe\u0142ne na\u0142adowanie Waspe 40000 zajmuje oko\u0142o <strong>45-60 minut<\/strong>, dzi\u0119ki jego wydajnemu <strong>systemowi \u0142adowania Type-C<\/strong>.<\/p>\n<\/div>\n<\/div>\n<\/div>\n<\/div>\n<\/div>\n<\/div>\n<\/div>\n<\/div>\n<\/div>\n<\/div>\n<div class=\"group\/conversation-turn relative flex w-full min-w-0 flex-col agent-turn\">\n<div class=\"flex-col gap-1 md:gap-3\">\n<div class=\"flex max-w-full flex-col flex-grow\">\n<div class=\"min-h-8 text-message flex w-full flex-col items-end gap-2 whitespace-normal break-words [.text-message+&amp;]:mt-5\" dir=\"auto\" data-message-author-role=\"assistant\" data-message-id=\"a3dc01bd-23b0-4fd7-bb9a-7827522cefd8\" data-message-model-slug=\"gpt-4o\">\n<div class=\"flex w-full flex-col gap-1 empty:hidden first:pt-[3px]\"><\/div>\n<\/div>\n<\/div>\n<\/div>\n<\/div>\n<\/div>\n<\/div>\n<\/div>\n<\/div>\n<\/div>\n<\/div>\n<\/div>\n<\/div>\n<\/div>\n<\/div>\n<h3>O wysy\u0142ce<\/h3>\n<div class=\"flex-shrink-0 flex flex-col relative items-end\">\n<div>\n<div class=\"pt-0\">\n<div class=\"gizmo-bot-avatar flex h-8 w-8 items-center justify-center overflow-hidden rounded-full\">\n<div><\/div>\n<div class=\"relative p-1 rounded-sm flex items-center justify-center bg-token-main-surface-primary text-token-text-primary h-8 w-8\"><strong>1. Jakie metody wysy\u0142ki s\u0105 stosowane?<\/strong><\/div>\n<\/div>\n<\/div>\n<\/div>\n<\/div>\n<div class=\"group\/conversation-turn relative flex w-full min-w-0 flex-col agent-turn\">\n<div class=\"flex-col gap-1 md:gap-3\">\n<div class=\"flex max-w-full flex-col flex-grow\">\n<div class=\"min-h-[20px] text-message flex w-full flex-col items-end gap-2 whitespace-normal break-words [.text-message+&amp;]:mt-5 overflow-x-auto\" dir=\"auto\" data-message-author-role=\"assistant\" data-message-id=\"22f8283b-3233-46ff-89a5-c7a41b33abda\">\n<div class=\"flex w-full flex-col gap-1 empty:hidden first:pt-[3px]\">\n<div class=\"markdown prose w-full break-words dark:prose-invert light\">\n<p>Wsp\u00f3\u0142pracujemy z UPS, DHL, FedEx, DPD i innymi wiod\u0105cymi przewo\u017anikami. Wybierzemy najlepsz\u0105 metod\u0119 wysy\u0142ki w oparciu o Twoj\u0105 lokalizacj\u0119, aby zapewni\u0107, \u017ce otrzymasz swoje produkty tak szybko, jak to mo\u017cliwe.<\/p>\n<\/div>\n<p><strong>2. Ile czasu zajmuje dostawa?<\/strong><\/p>\n<p>Paczki wysy\u0142ane do Polski zazwyczaj docieraj\u0105 w ci\u0105gu 10 dni roboczych. Wysy\u0142ka do innych kraj\u00f3w europejskich trwa zwykle oko\u0142o 12-15 dni roboczych. B\u0119dziemy dostarcza\u0107 aktualizacje w czasie rzeczywistym na temat statusu Twojej przesy\u0142ki.<\/p>\n<\/div>\n<\/div>\n<\/div>\n<\/div>\n<\/div>\n<p>&nbsp;<\/p>\n<p>Znajd\u017a wi\u0119cej produkt\u00f3w Vape, kt\u00f3re mog\u0105 Ci si\u0119 spodoba\u0107:<strong><em><a href=\"https:\/\/rmvapesale.com\/pl\/shop-2\/\">kup teraz &gt;&gt;&gt;<\/a><\/em><\/strong><\/p>","protected":false},"excerpt":{"rendered":"<p>Urz\u0105dzenie WASPE Vape 40000 Puffs wyr\u00f3\u017cnia si\u0119 technologi\u0105 podw\u00f3jnego smaku i pojemno\u015bci\u0105 40 000 zaci\u0105gni\u0119\u0107, co czyni je najlepszym wyborem dla ka\u017cdego, kto szuka po\u0142\u0105czenia wygody z wyj\u0105tkowym do\u015bwiadczeniem wapowania.<\/p>\n<p><img loading=\"lazy\" decoding=\"async\" class=\"size-full wp-image-2375\" src=\"https:\/\/rmvapesale.com\/wp-content\/uploads\/2024\/10\/image.png\" alt=\"Najlepszy Jednorazowy E-papieros\" width=\"229\" height=\"300\" \/><\/p>\n<h3><a href=\"https:\/\/wa.me\/8617776015835\"><span style=\"color: #ff0000\"><strong>WhatsApp: +86 17776015835<\/strong><\/span><\/a><\/h3>\n<p>&nbsp;<\/p>","protected":false},"featured_media":2759,"comment_status":"open","ping_status":"closed","template":"","meta":{"_uag_custom_page_level_css":"","_lmt_disableupdate":"no","_lmt_disable":"","site-sidebar-layout":"default","site-content-layout":"content-boxed-container","ast-site-content-layout":"normal-width-container","site-content-style":"boxed","site-sidebar-style":"unboxed","ast-global-header-display":"","ast-banner-title-visibility":"","ast-main-header-display":"","ast-hfb-above-header-display":"","ast-hfb-below-header-display":"","ast-hfb-mobile-header-display":"","site-post-title":"","ast-breadcrumbs-content":"","ast-featured-img":"","footer-sml-layout":"","theme-transparent-header-meta":"default","adv-header-id-meta":"","stick-header-meta":"","header-above-stick-meta":"","header-main-stick-meta":"","header-below-stick-meta":"","astra-migrate-meta-layouts":"set","ast-page-background-enabled":"default","ast-page-background-meta":{"desktop":{"background-color":"var(--ast-global-color-4)","background-image":"","background-repeat":"repeat","background-position":"center center","background-size":"auto","background-attachment":"scroll","background-type":"","background-media":"","overlay-type":"","overlay-color":"","overlay-opacity":"","overlay-gradient":""},"tablet":{"background-color":"","background-image":"","background-repeat":"repeat","background-position":"center center","background-size":"auto","background-attachment":"scroll","background-type":"","background-media":"","overlay-type":"","overlay-color":"","overlay-opacity":"","overlay-gradient":""},"mobile":{"background-color":"","background-image":"","background-repeat":"repeat","background-position":"center center","background-size":"auto","background-attachment":"scroll","background-type":"","background-media":"","overlay-type":"","overlay-color":"","overlay-opacity":"","overlay-gradient":""}},"ast-content-background-meta":{"desktop":{"background-color":"var(--ast-global-color-5)","background-image":"","background-repeat":"repeat","background-position":"center center","background-size":"auto","background-attachment":"scroll","background-type":"","background-media":"","overlay-type":"","overlay-color":"","overlay-opacity":"","overlay-gradient":""},"tablet":{"background-color":"var(--ast-global-color-5)","background-image":"","background-repeat":"repeat","background-position":"center center","background-size":"auto","background-attachment":"scroll","background-type":"","background-media":"","overlay-type":"","overlay-color":"","overlay-opacity":"","overlay-gradient":""},"mobile":{"background-color":"var(--ast-global-color-5)","background-image":"","background-repeat":"repeat","background-position":"center center","background-size":"auto","background-attachment":"scroll","background-type":"","background-media":"","overlay-type":"","overlay-color":"","overlay-opacity":"","overlay-gradient":""}},"_joinchat":[]},"product_brand":[],"product_cat":[15,25,123,26,28,135,27,137,136,30],"product_tag":[222,220,221],"class_list":{"0":"post-2761","1":"product","2":"type-product","3":"status-publish","4":"has-post-thumbnail","6":"product_cat-new-vape-this-week","7":"product_cat-germany-best-selling-vape","8":"product_cat-italy-wholesale-vape","9":"product_cat-netherlands-hot-sale-vape","10":"product_cat-poland-hot-sale-vape","11":"product_cat-spain-best-hot-sale-vape","12":"product_cat-fance-hot-sale-vape","13":"product_cat-rechargeable-vapes","14":"product_cat-smart-screen-vapes","15":"product_cat-minimum-order-quantity-50pcs","16":"product_tag-double-flavor-vape","17":"product_tag-waspe-40000","18":"product_tag-waspe-vape","19":"desktop-align-left","20":"tablet-align-left","21":"mobile-align-left","23":"first","24":"instock","25":"sale","26":"shipping-taxable","27":"purchasable","28":"product-type-simple"},"uagb_featured_image_src":{"full":["https:\/\/rmvapesale.com\/wp-content\/uploads\/2024\/11\/WASPE-40000-Rechargeable-Disposable-Vape.jpg",1000,1000,false],"thumbnail":["https:\/\/rmvapesale.com\/wp-content\/uploads\/2024\/11\/WASPE-40000-Rechargeable-Disposable-Vape-150x150.jpg",150,150,true],"medium":["https:\/\/rmvapesale.com\/wp-content\/uploads\/2024\/11\/WASPE-40000-Rechargeable-Disposable-Vape-300x300.jpg",300,300,true],"medium_large":["https:\/\/rmvapesale.com\/wp-content\/uploads\/2024\/11\/WASPE-40000-Rechargeable-Disposable-Vape-768x768.jpg",768,768,true],"large":["https:\/\/rmvapesale.com\/wp-content\/uploads\/2024\/11\/WASPE-40000-Rechargeable-Disposable-Vape.jpg",1000,1000,false],"1536x1536":["https:\/\/rmvapesale.com\/wp-content\/uploads\/2024\/11\/WASPE-40000-Rechargeable-Disposable-Vape.jpg",1000,1000,false],"2048x2048":["https:\/\/rmvapesale.com\/wp-content\/uploads\/2024\/11\/WASPE-40000-Rechargeable-Disposable-Vape.jpg",1000,1000,false],"trp-custom-language-flag":["https:\/\/rmvapesale.com\/wp-content\/uploads\/2024\/11\/WASPE-40000-Rechargeable-Disposable-Vape.jpg",12,12,false],"woocommerce_thumbnail":["https:\/\/rmvapesale.com\/wp-content\/uploads\/2024\/11\/WASPE-40000-Rechargeable-Disposable-Vape-300x300.jpg",300,300,true],"woocommerce_single":["https:\/\/rmvapesale.com\/wp-content\/uploads\/2024\/11\/WASPE-40000-Rechargeable-Disposable-Vape-600x600.jpg",600,600,true],"woocommerce_gallery_thumbnail":["https:\/\/rmvapesale.com\/wp-content\/uploads\/2024\/11\/WASPE-40000-Rechargeable-Disposable-Vape-100x100.jpg",100,100,true],"wcpr-photo-reviews":["https:\/\/rmvapesale.com\/wp-content\/uploads\/2024\/11\/WASPE-40000-Rechargeable-Disposable-Vape.jpg",500,500,false]},"uagb_author_info":{"display_name":"AMY","author_link":"https:\/\/rmvapesale.com\/pl\/author\/"},"uagb_comment_info":0,"uagb_excerpt":"WASPE Vape 40000 Puffs device stands out with its dual-flavor technology and 40,000-puff capacity, making it a top choice for anyone looking to combine convenience with an exceptional vaping experience. WhatsApp: +86 17776015835 &nbsp;","_links":{"self":[{"href":"https:\/\/rmvapesale.com\/pl\/wp-json\/wp\/v2\/product\/2761","targetHints":{"allow":["GET"]}}],"collection":[{"href":"https:\/\/rmvapesale.com\/pl\/wp-json\/wp\/v2\/product"}],"about":[{"href":"https:\/\/rmvapesale.com\/pl\/wp-json\/wp\/v2\/types\/product"}],"replies":[{"embeddable":true,"href":"https:\/\/rmvapesale.com\/pl\/wp-json\/wp\/v2\/comments?post=2761"}],"wp:featuredmedia":[{"embeddable":true,"href":"https:\/\/rmvapesale.com\/pl\/wp-json\/wp\/v2\/media\/2759"}],"wp:attachment":[{"href":"https:\/\/rmvapesale.com\/pl\/wp-json\/wp\/v2\/media?parent=2761"}],"wp:term":[{"taxonomy":"product_brand","embeddable":true,"href":"https:\/\/rmvapesale.com\/pl\/wp-json\/wp\/v2\/product_brand?post=2761"},{"taxonomy":"product_cat","embeddable":true,"href":"https:\/\/rmvapesale.com\/pl\/wp-json\/wp\/v2\/product_cat?post=2761"},{"taxonomy":"product_tag","embeddable":true,"href":"https:\/\/rmvapesale.com\/pl\/wp-json\/wp\/v2\/product_tag?post=2761"}],"curies":[{"name":"wp","href":"https:\/\/api.w.org\/{rel}","templated":true}]}}