{"id":2776,"date":"2024-11-22T08:14:08","date_gmt":"2024-11-22T08:14:08","guid":{"rendered":"https:\/\/rmvapesale.com\/?post_type=product&#038;p=2776"},"modified":"2024-11-27T02:39:49","modified_gmt":"2024-11-27T02:39:49","slug":"jnr-vapewatch-30000-smart-phone-vapes-wholesale-cheap-price","status":"publish","type":"product","link":"https:\/\/rmvapesale.com\/pl\/product\/jnr-vapewatch-30000-smart-phone-vapes-wholesale-cheap-price\/","title":{"rendered":"Hurtownia inteligentnych e-papieros\u00f3w JNR Vapewatch 30000 w niskiej cenie"},"content":{"rendered":"<div class=\"B2VR9 CJHX3e\">\n<div class=\"wyccme\">\n<h1 class=\"LC20lb MBeuO DKV0Md\">Hurtownia inteligentnych e-papieros\u00f3w JNR Vapewatch 30000 w niskiej cenie<\/h1>\n<div class=\"flex-shrink-0 flex flex-col relative items-end\">\n<div class=\"pt-0\">\n<div class=\"gizmo-bot-avatar flex h-8 w-8 items-center justify-center overflow-hidden rounded-full\">\n<div class=\"relative p-1 rounded-sm flex items-center justify-center bg-token-main-surface-primary text-token-text-primary h-8 w-8\">\n<p>Wznie\u015b swoje do\u015bwiadczenie z wapowaniem na wy\u017cszy poziom dzi\u0119ki <strong>JNR VapeWatch 30000 Smartfonowe E-papierosy<\/strong>, idealne po\u0142\u0105czenie nowoczesnego designu i zaawansowanej funkcjonalno\u015bci. Z <strong>od\u0142\u0105czanym cyfrowym ekranem dotykowym<\/strong>, ten e-papieros pe\u0142ni r\u00f3wnie\u017c funkcj\u0119 smartwatcha, oferuj\u0105c <strong>powiadomienia o po\u0142\u0105czeniach i wiadomo\u015bciach tekstowych<\/strong>, <strong>tryb blokady<\/strong>oraz <strong>Funkcj\u0119 Znajd\u017a Sw\u00f3j E-papieros<\/strong>. The <strong>Tryb Regularny<\/strong> dostarcza niesamowite <strong>30 000 zaci\u0105gni\u0119\u0107<\/strong>, podczas gdy <strong>Tryb Pulsacyjny<\/strong> oferuje <strong>18 000 zaci\u0105gni\u0119\u0107<\/strong>, co czyni go idealnym do d\u0142ugotrwa\u0142ego u\u017cytkowania. Wykonany z <strong>e-liquidem nikotynowym 5%<\/strong>, zapewniaj\u0105cym satysfakcjonuj\u0105ce i pe\u0142ne smaku doznania przy ka\u017cdym zaci\u0105gni\u0119ciu. Niezale\u017cnie od tego, czy jeste\u015b pocz\u0105tkuj\u0105cym, czy do\u015bwiadczonym wapowiczem, to innowacyjne urz\u0105dzenie jest dostosowane do p\u0142ynnego i przyjemnego <strong>wapowania MTL<\/strong>.<\/p>\n<p>Hurtowi nabywcy pokochaj\u0105 wszechstronno\u015b\u0107 i wysokiej klasy funkcje <strong>JNR VapeWatch 30000<\/strong>. Z inteligentn\u0105 kontrol\u0105 aplikacji, mo\u017cesz monitorowa\u0107 swoje u\u017cycie, dostosowa\u0107 ustawienia i odblokowa\u0107 naprawd\u0119 spersonalizowane do\u015bwiadczenie wapowania. Jego <strong>zdalne sterowanie kamer\u0105<\/strong> dodaje zabawn\u0105, unikaln\u0105 funkcjonalno\u015b\u0107 do urz\u0105dzenia, podczas gdy jego elegancki design sprawia, \u017ce jest rozm\u00f3wc\u0105. Dost\u0119pny w hurtowych ilo\u015bciach, ten e-papieros jest doskona\u0142ym wyborem dla sprzedawc\u00f3w detalicznych i dystrybutor\u00f3w poszukuj\u0105cych najnowszej technologii jednorazowych e-papieros\u00f3w. B\u0105d\u017a o krok przed rynkiem dzi\u0119ki temu prze\u0142omowemu urz\u0105dzeniu.<\/p>\n<\/div>\n<\/div>\n<\/div>\n<\/div>\n<\/div>\n<\/div>\n<p><strong>Skontaktuj si\u0119 z Amy, aby uzyska\u0107 w\u0142a\u015bciw\u0105 odpowied\u017a i kupon na e-papierosa!<\/strong><\/p>\n<p><img loading=\"lazy\" decoding=\"async\" class=\"size-full wp-image-1978\" src=\"https:\/\/rmvapesale.com\/wp-content\/uploads\/2024\/09\/Disposable-Vape-Wholesale.jpg\" alt=\"Hurtownia Jednorazowych E-papieros\u00f3w\" width=\"229\" height=\"300\" \/><\/p>\n<h3><a href=\"https:\/\/wa.me\/8617776015835\" target=\"_blank\" rel=\"noopener\"><span style=\"color: #ff0000\"><strong>WhatsApp: +86 17776015835<\/strong><\/span><\/a><\/h3>\n<p>&nbsp;<\/p>\n<h2><\/h2>\n<h2><strong>JNR Vapewatch 30000 Pali Paliw Kluczowe Funkcje<\/strong><\/h2>\n<ul>\n<li><strong>30 000 zaci\u0105gni\u0119\u0107 w trybie standardowym<\/strong>, 18 000 w trybie Puls.<\/li>\n<li><strong>Funkcje smartwatcha<\/strong>, w tym powiadomienia o po\u0142\u0105czeniach i wiadomo\u015bciach.<\/li>\n<li><strong>e-liquidem nikotynowym 5%<\/strong>, idealny do p\u0142ynnego wapowania MTL.<\/li>\n<li><strong>Funkcj\u0119 Znajd\u017a Sw\u00f3j E-papieros<\/strong> dla dodatkowej wygody.<\/li>\n<li><strong>Ustawienia sterowane aplikacj\u0105<\/strong> dla spersonalizowanego do\u015bwiadczenia.<\/li>\n<\/ul>\n<h2><strong>Najlepszy smak dla JNR Vapewatch 30000<\/strong><\/h2>\n<p>1.L\u00f3d o smaku niebieskiej maliny <span style=\"color: #ff0000\"><strong>&gt;&gt;&gt;&gt; Gor\u0105ce!<\/strong><\/span><br \/>\n2.L\u00f3d truskawkowy<br \/>\n3. Arbuz z Lodem<br \/>\n4.Miami Mi\u0119ta <span style=\"color: #ff0000\"><strong>&gt;&gt;&gt;&gt; Gor\u0105ce!<\/strong><\/span><br \/>\n5. Truskawka Banan<br \/>\n6.Potr\u00f3jna Jagoda <span style=\"color: #ff0000\"><strong>&gt;&gt;&gt;&gt; Najlepsze!<\/strong><\/span><br \/>\n7.Kwa\u015bne jab\u0142ko z lodem<br \/>\n8.Bor\u00f3wka Arbuz<br \/>\n9. Georgia Peach<br \/>\n10. Orange Mango<\/p>\n<h3><strong>Dlaczego warto wybra\u0107 Rmvapesale dla JNR Vapewatch 30000 Paliw <\/strong><strong>V<\/strong><strong>Sprzeda\u017c hurtowa e-papieros\u00f3w<\/strong><strong>?<\/strong><\/h3>\n<div class=\"flex-shrink-0 flex flex-col relative items-end\">\n<div class=\"pt-0\">\n<div class=\"gizmo-bot-avatar flex h-8 w-8 items-center justify-center overflow-hidden rounded-full\">\n<div class=\"relative p-1 rounded-sm flex items-center justify-center bg-token-main-surface-primary text-token-text-primary h-8 w-8\">\n<p>Witaj w Rmvapesale, Twoim zaufanym sklepie z e-papierosami, oferuj\u0105cym jednorazowe produkty najwy\u017cszej jako\u015bci. Z ponad 5-letnim do\u015bwiadczeniem, dostarczamy popularne marki jednorazowych e-papieros\u00f3w, takie jak Al Fakher, Vapme Vape, <a href=\"https:\/\/rmvapesale.com\/pl\/product-category\/bang-vapes\/\">Bang Vape<\/a>, Waspe, WGA Vape i<a href=\"https:\/\/rmvapesale.com\/pl\/product-category\/randm-fumot-vape\/\"> RandM Vape<\/a>.<\/p>\n<p>Nasza oferta obejmuje popularne e-papierosy, takie jak <a href=\"https:\/\/rmvapesale.com\/pl\/product\/randm-tornado-15000-puffs-vape-wholesale\/\">RandM Tornado 15000<\/a> oraz bogate w smaki, jak Vapme 70000. Ka\u017cdy produkt jest wybierany z naciskiem na jako\u015b\u0107, warto\u015b\u0107 i r\u00f3\u017cnorodno\u015b\u0107, zapewniaj\u0105c, \u017ce znajdziesz idealne dopasowanie do swoich potrzeb. Odkryj wyj\u0105tkow\u0105 obs\u0142ug\u0119 i szeroki wyb\u00f3r najlepszych produkt\u00f3w w Rmvapesale.<\/p>\n<\/div>\n<h3><\/h3>\n<div class=\"relative p-1 rounded-sm flex items-center justify-center bg-token-main-surface-primary text-token-text-primary h-8 w-8\">\n<h3><b> FAQ dotyczy <\/b><b>Alien JNR Vapewatch 30000 E-papieros jednorazowy z mo\u017cliwo\u015bci\u0105 \u0142adowania<\/b><\/h3>\n<div class=\"group\/conversation-turn relative flex w-full min-w-0 flex-col agent-turn\">\n<div class=\"flex-col gap-1 md:gap-3\">\n<div class=\"flex max-w-full flex-col flex-grow\">\n<div class=\"min-h-8 text-message flex w-full flex-col items-end gap-2 whitespace-normal break-words [.text-message+&amp;]:mt-5\" dir=\"auto\" data-message-author-role=\"assistant\" data-message-id=\"00c9b302-bc9c-4550-94ba-5a295efa2be3\" data-message-model-slug=\"gpt-4o\">\n<div class=\"flex w-full flex-col gap-1 empty:hidden first:pt-[3px]\">\n<div class=\"markdown prose w-full break-words dark:prose-invert light\">\n<div class=\"flex-shrink-0 flex flex-col relative items-end\">\n<div>\n<div class=\"pt-0\">\n<div class=\"gizmo-bot-avatar flex h-8 w-8 items-center justify-center overflow-hidden rounded-full\">\n<div class=\"relative p-1 rounded-sm flex items-center justify-center bg-token-main-surface-primary text-token-text-primary h-8 w-8\">\n<div class=\"flex-shrink-0 flex flex-col relative items-end\">\n<div>\n<div class=\"pt-0\">\n<div class=\"gizmo-bot-avatar flex h-8 w-8 items-center justify-center overflow-hidden rounded-full\">\n<div class=\"relative p-1 rounded-sm flex items-center justify-center bg-token-main-surface-primary text-token-text-primary h-8 w-8\">\n<ul>\n<li><strong>Gdzie w Polsce mog\u0119 kupi\u0107 JNR VapeWatch 30000 Smartfonowy E-papieros online?<\/strong><br \/>\nMo\u017cesz kupi\u0107 <strong>JNR VapeWatch 30000<\/strong> Smartfonowy E-papieros od r\u00f3\u017cnych sprzedawc\u00f3w internetowych specjalizuj\u0105cych si\u0119 w <strong>hurtowni waporyzator\u00f3w<\/strong> lub produktach e-papierosowych jednorazowych. Upewnij si\u0119, \u017ce sprawdzasz lokalne sklepy internetowe z e-papierosami lub platformy obs\u0142uguj\u0105ce polski rynek pod k\u0105tem dost\u0119pno\u015bci.<\/li>\n<li><strong>Jaki jest najwi\u0119kszy zaci\u0105gni\u0119cie JNR VapeWatch 33K e-papieros\u00f3w jednorazowych?<\/strong><br \/>\nJNR VapeWatch zapewnia do <strong>30 000 zaci\u0105gni\u0119\u0107<\/strong> in <strong>Tryb Regularny<\/strong>, co jest najwy\u017csz\u0105 liczb\u0105 zaci\u0105gni\u0119\u0107 dla tego urz\u0105dzenia. (Uwaga: 33K mo\u017ce by\u0107 liter\u00f3wk\u0105 lub nieprawid\u0142ow\u0105 informacj\u0105, poniewa\u017c maksymalna liczba zaci\u0105gni\u0119\u0107 tego urz\u0105dzenia to 30K.)<\/li>\n<li><strong>Jaki jest popularny smak dla jednorazowego e-papierosa JNR VapeWatch 30000 Puffs?<\/strong><br \/>\nPopularne smaki dla JNR VapeWatch 30000 obejmuj\u0105 <strong>Blue Razz Ice<\/strong>, <strong>Strawberry Ice<\/strong>i <strong>Winogrono Lodowe<\/strong>, kt\u00f3re s\u0105 znane z odwa\u017cnego, orze\u017awiaj\u0105cego smaku i g\u0142adkiego dostarczania nikotyny.<\/li>\n<li><strong>Ile czasu zajmuje na\u0142adowanie wielokrotnego u\u017cytku e-papierosa JNR 30000 Puffs?<\/strong><br \/>\nCzas \u0142adowania dla <strong>JNR VapeWatch 30000<\/strong> zazwyczaj zale\u017cy od jego <strong>baterii typu C do \u0142adowania<\/strong> oraz pojemno\u015bci \u0142adowarki. Zazwyczaj trwa to oko\u0142o <strong>1,5 do 2 godzin<\/strong> do pe\u0142nego na\u0142adowania.<\/li>\n<li><strong>Ile nikotyny znajduje si\u0119 w jednorazowym e-papierosie JNR 30K?<\/strong><br \/>\nJNR 30K Jednorazowy e-papieros Vape zawiera <strong>moc nikotynu 5% (50mg\/ml)<\/strong>, zapewniaj\u0105c mocny, satysfakcjonuj\u0105cy zastrzyk dla u\u017cytkownik\u00f3w.<\/li>\n<\/ul>\n<\/div>\n<\/div>\n<\/div>\n<\/div>\n<\/div>\n<\/div>\n<\/div>\n<\/div>\n<\/div>\n<\/div>\n<div class=\"group\/conversation-turn relative flex w-full min-w-0 flex-col agent-turn\">\n<div class=\"flex-col gap-1 md:gap-3\">\n<div class=\"flex max-w-full flex-col flex-grow\">\n<div class=\"min-h-8 text-message flex w-full flex-col items-end gap-2 whitespace-normal break-words [.text-message+&amp;]:mt-5\" dir=\"auto\" data-message-author-role=\"assistant\" data-message-id=\"a3dc01bd-23b0-4fd7-bb9a-7827522cefd8\" data-message-model-slug=\"gpt-4o\">\n<div class=\"flex w-full flex-col gap-1 empty:hidden first:pt-[3px]\"><\/div>\n<\/div>\n<\/div>\n<\/div>\n<\/div>\n<\/div>\n<\/div>\n<\/div>\n<\/div>\n<\/div>\n<\/div>\n<\/div>\n<\/div>\n<\/div>\n<\/div>\n<h3>O wysy\u0142ce<\/h3>\n<div class=\"flex-shrink-0 flex flex-col relative items-end\">\n<div>\n<div class=\"pt-0\">\n<div class=\"gizmo-bot-avatar flex h-8 w-8 items-center justify-center overflow-hidden rounded-full\">\n<div><\/div>\n<div class=\"relative p-1 rounded-sm flex items-center justify-center bg-token-main-surface-primary text-token-text-primary h-8 w-8\"><strong>1. Jakie metody wysy\u0142ki s\u0105 stosowane?<\/strong><\/div>\n<\/div>\n<\/div>\n<\/div>\n<\/div>\n<div class=\"group\/conversation-turn relative flex w-full min-w-0 flex-col agent-turn\">\n<div class=\"flex-col gap-1 md:gap-3\">\n<div class=\"flex max-w-full flex-col flex-grow\">\n<div class=\"min-h-[20px] text-message flex w-full flex-col items-end gap-2 whitespace-normal break-words [.text-message+&amp;]:mt-5 overflow-x-auto\" dir=\"auto\" data-message-author-role=\"assistant\" data-message-id=\"22f8283b-3233-46ff-89a5-c7a41b33abda\">\n<div class=\"flex w-full flex-col gap-1 empty:hidden first:pt-[3px]\">\n<div class=\"markdown prose w-full break-words dark:prose-invert light\">\n<p>Wsp\u00f3\u0142pracujemy z UPS, DHL, FedEx, DPD i innymi wiod\u0105cymi przewo\u017anikami. Wybierzemy najlepsz\u0105 metod\u0119 wysy\u0142ki w oparciu o Twoj\u0105 lokalizacj\u0119, aby zapewni\u0107, \u017ce otrzymasz swoje produkty tak szybko, jak to mo\u017cliwe.<\/p>\n<\/div>\n<p><strong>2. Ile czasu zajmuje dostawa?<\/strong><\/p>\n<p>Paczki wysy\u0142ane do Polski zazwyczaj docieraj\u0105 w ci\u0105gu 10 dni roboczych. Wysy\u0142ka do innych kraj\u00f3w europejskich trwa zwykle oko\u0142o 12-15 dni roboczych. B\u0119dziemy dostarcza\u0107 aktualizacje w czasie rzeczywistym na temat statusu Twojej przesy\u0142ki.<\/p>\n<\/div>\n<\/div>\n<\/div>\n<\/div>\n<\/div>\n<p>&nbsp;<\/p>\n<p>Znajd\u017a wi\u0119cej produkt\u00f3w Vape, kt\u00f3re mog\u0105 Ci si\u0119 spodoba\u0107:<strong><em><a href=\"https:\/\/rmvapesale.com\/pl\/shop-2\/\">kup teraz &gt;&gt;&gt;<\/a><\/em><\/strong><\/p>","protected":false},"excerpt":{"rendered":"<p>Ten <strong>JNR Alien 10000 Puffs Wielokrotnego \u0142adowania Jednorazowy E-papieros<\/strong> zosta\u0142 zaprojektowany dla tych, kt\u00f3rzy ceni\u0105 zar\u00f3wno wygod\u0119, jak i wydajno\u015b\u0107. Z wst\u0119pnie nape\u0142nionym <strong>20ml pojemno\u015bci e-liquidu<\/strong>, ten urz\u0105dzenie oferuje do <strong>10,000 zaci\u0105gni\u0119\u0107<\/strong>, zapewniaj\u0105c d\u0142ugie sesje wapowania bez cz\u0119stych wymian.<\/p>\n<p><img loading=\"lazy\" decoding=\"async\" class=\"size-full wp-image-2375\" src=\"https:\/\/rmvapesale.com\/wp-content\/uploads\/2024\/10\/image.png\" alt=\"Najlepszy Jednorazowy E-papieros\" width=\"229\" height=\"300\" \/><\/p>\n<h3><a href=\"https:\/\/wa.me\/8617776015835\"><span style=\"color: #ff0000\"><strong>WhatsApp: +86 17776015835<\/strong><\/span><\/a><\/h3>\n<p>&nbsp;<\/p>","protected":false},"featured_media":2793,"comment_status":"open","ping_status":"closed","template":"","meta":{"_uag_custom_page_level_css":"","_lmt_disableupdate":"no","_lmt_disable":"","site-sidebar-layout":"default","site-content-layout":"content-boxed-container","ast-site-content-layout":"normal-width-container","site-content-style":"boxed","site-sidebar-style":"unboxed","ast-global-header-display":"","ast-banner-title-visibility":"","ast-main-header-display":"","ast-hfb-above-header-display":"","ast-hfb-below-header-display":"","ast-hfb-mobile-header-display":"","site-post-title":"","ast-breadcrumbs-content":"","ast-featured-img":"","footer-sml-layout":"","theme-transparent-header-meta":"default","adv-header-id-meta":"","stick-header-meta":"","header-above-stick-meta":"","header-main-stick-meta":"","header-below-stick-meta":"","astra-migrate-meta-layouts":"set","ast-page-background-enabled":"default","ast-page-background-meta":{"desktop":{"background-color":"var(--ast-global-color-4)","background-image":"","background-repeat":"repeat","background-position":"center center","background-size":"auto","background-attachment":"scroll","background-type":"","background-media":"","overlay-type":"","overlay-color":"","overlay-opacity":"","overlay-gradient":""},"tablet":{"background-color":"","background-image":"","background-repeat":"repeat","background-position":"center center","background-size":"auto","background-attachment":"scroll","background-type":"","background-media":"","overlay-type":"","overlay-color":"","overlay-opacity":"","overlay-gradient":""},"mobile":{"background-color":"","background-image":"","background-repeat":"repeat","background-position":"center center","background-size":"auto","background-attachment":"scroll","background-type":"","background-media":"","overlay-type":"","overlay-color":"","overlay-opacity":"","overlay-gradient":""}},"ast-content-background-meta":{"desktop":{"background-color":"var(--ast-global-color-5)","background-image":"","background-repeat":"repeat","background-position":"center center","background-size":"auto","background-attachment":"scroll","background-type":"","background-media":"","overlay-type":"","overlay-color":"","overlay-opacity":"","overlay-gradient":""},"tablet":{"background-color":"var(--ast-global-color-5)","background-image":"","background-repeat":"repeat","background-position":"center center","background-size":"auto","background-attachment":"scroll","background-type":"","background-media":"","overlay-type":"","overlay-color":"","overlay-opacity":"","overlay-gradient":""},"mobile":{"background-color":"var(--ast-global-color-5)","background-image":"","background-repeat":"repeat","background-position":"center center","background-size":"auto","background-attachment":"scroll","background-type":"","background-media":"","overlay-type":"","overlay-color":"","overlay-opacity":"","overlay-gradient":""}},"_joinchat":[]},"product_brand":[],"product_cat":[15,25,123,26,28,135,27,137,136,30],"product_tag":[223,227,205,229,228],"class_list":{"0":"post-2776","1":"product","2":"type-product","3":"status-publish","4":"has-post-thumbnail","6":"product_cat-new-vape-this-week","7":"product_cat-germany-best-selling-vape","8":"product_cat-italy-wholesale-vape","9":"product_cat-netherlands-hot-sale-vape","10":"product_cat-poland-hot-sale-vape","11":"product_cat-spain-best-hot-sale-vape","12":"product_cat-fance-hot-sale-vape","13":"product_cat-rechargeable-vapes","14":"product_cat-smart-screen-vapes","15":"product_cat-minimum-order-quantity-50pcs","16":"product_tag-jnr","17":"product_tag-jnr-30000","18":"product_tag-jnr-vape","19":"product_tag-smart-disposable-vapes","20":"product_tag-touch-screen-vape","21":"desktop-align-left","22":"tablet-align-left","23":"mobile-align-left","25":"first","26":"instock","27":"sale","28":"shipping-taxable","29":"purchasable","30":"product-type-simple"},"uagb_featured_image_src":{"full":["https:\/\/rmvapesale.com\/wp-content\/uploads\/2024\/11\/JNR-VapeWatch-Removable-Screen-30K-Disposable-Vape.png",1126,1126,false],"thumbnail":["https:\/\/rmvapesale.com\/wp-content\/uploads\/2024\/11\/JNR-VapeWatch-Removable-Screen-30K-Disposable-Vape-150x150.png",150,150,true],"medium":["https:\/\/rmvapesale.com\/wp-content\/uploads\/2024\/11\/JNR-VapeWatch-Removable-Screen-30K-Disposable-Vape-300x300.png",300,300,true],"medium_large":["https:\/\/rmvapesale.com\/wp-content\/uploads\/2024\/11\/JNR-VapeWatch-Removable-Screen-30K-Disposable-Vape-768x768.png",768,768,true],"large":["https:\/\/rmvapesale.com\/wp-content\/uploads\/2024\/11\/JNR-VapeWatch-Removable-Screen-30K-Disposable-Vape-1024x1024.png",1024,1024,true],"1536x1536":["https:\/\/rmvapesale.com\/wp-content\/uploads\/2024\/11\/JNR-VapeWatch-Removable-Screen-30K-Disposable-Vape.png",1126,1126,false],"2048x2048":["https:\/\/rmvapesale.com\/wp-content\/uploads\/2024\/11\/JNR-VapeWatch-Removable-Screen-30K-Disposable-Vape.png",1126,1126,false],"trp-custom-language-flag":["https:\/\/rmvapesale.com\/wp-content\/uploads\/2024\/11\/JNR-VapeWatch-Removable-Screen-30K-Disposable-Vape.png",12,12,false],"woocommerce_thumbnail":["https:\/\/rmvapesale.com\/wp-content\/uploads\/2024\/11\/JNR-VapeWatch-Removable-Screen-30K-Disposable-Vape-300x300.png",300,300,true],"woocommerce_single":["https:\/\/rmvapesale.com\/wp-content\/uploads\/2024\/11\/JNR-VapeWatch-Removable-Screen-30K-Disposable-Vape-600x600.png",600,600,true],"woocommerce_gallery_thumbnail":["https:\/\/rmvapesale.com\/wp-content\/uploads\/2024\/11\/JNR-VapeWatch-Removable-Screen-30K-Disposable-Vape-100x100.png",100,100,true],"wcpr-photo-reviews":["https:\/\/rmvapesale.com\/wp-content\/uploads\/2024\/11\/JNR-VapeWatch-Removable-Screen-30K-Disposable-Vape.png",500,500,false]},"uagb_author_info":{"display_name":"AMY","author_link":"https:\/\/rmvapesale.com\/pl\/author\/"},"uagb_comment_info":0,"uagb_excerpt":"The JNR Alien 10000 Puffs Rechargeable Disposable Vape is engineered for those who prioritize both convenience and performance. With a pre-filled 20ml e-liquid capacity, this device offers up to 10,000 puffs, ensuring extended vaping sessions without frequent replacements. WhatsApp: +86 17776015835 &nbsp;","_links":{"self":[{"href":"https:\/\/rmvapesale.com\/pl\/wp-json\/wp\/v2\/product\/2776","targetHints":{"allow":["GET"]}}],"collection":[{"href":"https:\/\/rmvapesale.com\/pl\/wp-json\/wp\/v2\/product"}],"about":[{"href":"https:\/\/rmvapesale.com\/pl\/wp-json\/wp\/v2\/types\/product"}],"replies":[{"embeddable":true,"href":"https:\/\/rmvapesale.com\/pl\/wp-json\/wp\/v2\/comments?post=2776"}],"wp:featuredmedia":[{"embeddable":true,"href":"https:\/\/rmvapesale.com\/pl\/wp-json\/wp\/v2\/media\/2793"}],"wp:attachment":[{"href":"https:\/\/rmvapesale.com\/pl\/wp-json\/wp\/v2\/media?parent=2776"}],"wp:term":[{"taxonomy":"product_brand","embeddable":true,"href":"https:\/\/rmvapesale.com\/pl\/wp-json\/wp\/v2\/product_brand?post=2776"},{"taxonomy":"product_cat","embeddable":true,"href":"https:\/\/rmvapesale.com\/pl\/wp-json\/wp\/v2\/product_cat?post=2776"},{"taxonomy":"product_tag","embeddable":true,"href":"https:\/\/rmvapesale.com\/pl\/wp-json\/wp\/v2\/product_tag?post=2776"}],"curies":[{"name":"wp","href":"https:\/\/api.w.org\/{rel}","templated":true}]}}