{"id":2782,"date":"2024-11-26T06:22:12","date_gmt":"2024-11-26T06:22:12","guid":{"rendered":"https:\/\/rmvapesale.com\/?post_type=product&#038;p=2782"},"modified":"2024-11-26T06:36:14","modified_gmt":"2024-11-26T06:36:14","slug":"jnr-phonevape-30000-30k-smart-disposable-vape-wholesale","status":"publish","type":"product","link":"https:\/\/rmvapesale.com\/pl\/product\/jnr-phonevape-30000-30k-smart-disposable-vape-wholesale\/","title":{"rendered":"Hurtownia inteligentnych jednorazowych e-papieros\u00f3w JNR PhoneVape 30000 30K"},"content":{"rendered":"<div class=\"B2VR9 CJHX3e\">\n<div class=\"wyccme\">\n<h1 class=\"LC20lb MBeuO DKV0Md\">Hurtownia inteligentnych jednorazowych e-papieros\u00f3w JNR PhoneVape 30000 30K<\/h1>\n<div class=\"flex-shrink-0 flex flex-col relative items-end\">\n<div class=\"pt-0\">\n<div class=\"gizmo-bot-avatar flex h-8 w-8 items-center justify-center overflow-hidden rounded-full\">\n<div class=\"relative p-1 rounded-sm flex items-center justify-center bg-token-main-surface-primary text-token-text-primary h-8 w-8\">\n<p>Ten <strong>JNR PhoneVape 30000 inteligentny jednorazowy e-papieros<\/strong>, rewolucyjne urz\u0105dzenie, kt\u00f3re \u0142\u0105czy w sobie najnowocze\u015bniejsz\u0105 technologi\u0119 z wyj\u0105tkow\u0105 wydajno\u015bci\u0105. Zaprojektowany z my\u015bl\u0105 o wsp\u00f3\u0142czesnych e-palaczach, ten inteligentny jednorazowy e-papieros oferuje ogromn\u0105 liczb\u0119 <strong>30 000 zaci\u0105gni\u0119\u0107<\/strong> in <strong>Tryb Regularny<\/strong> i <strong>18 000 zaci\u0105gni\u0119\u0107<\/strong> in <strong>Tryb Pulsacyjny<\/strong>, co czyni go idealnym do d\u0142ugotrwa\u0142ego u\u017cytkowania. Jego <strong>pe\u0142ny ekran wy\u015bwietlacza<\/strong> dostarcza danych w czasie rzeczywistym, w tym o \u017cywotno\u015bci baterii, poziomie e-liquidu, czasie, a nawet funkcjach kalendarza, informuj\u0105c ci\u0119 w ka\u017cdej chwili. Dzi\u0119ki <strong>regulowanemu systemowi przep\u0142ywu powietrza<\/strong>, mo\u017cesz dostosowa\u0107 intensywno\u015b\u0107 zaci\u0105gni\u0119cia do swoich preferencji. Idealny zar\u00f3wno dla okazjonalnych, jak i do\u015bwiadczonych u\u017cytkownik\u00f3w, <strong>JNR PhoneVape<\/strong> przenosi wygod\u0119 e-palenia na wy\u017cszy poziom.<\/p>\n<p>Co wyr\u00f3\u017cnia <strong>JNR PhoneVape 30K<\/strong> to jego <strong>inteligentne funkcje<\/strong>. To urz\u0105dzenie obs\u0142uguje <strong>powiadomienia o po\u0142\u0105czeniach i wiadomo\u015bciach tekstowych<\/strong>, a <strong>zdalne sterowanie kamer\u0105<\/strong> funkcja i unikalne <strong>Znajd\u017a swojego Vap'a<\/strong> funkcji poprzez integracj\u0119 z aplikacj\u0105 <strong>WearinOS<\/strong>. Jego <strong>tryb blokady<\/strong> zapewnia bezpiecze\u0144stwo, gdy nie jest u\u017cywany, podczas gdy <strong>akumulator \u0142adowany przez USB-C<\/strong> \u0142aduje si\u0119 w pe\u0142ni w zaledwie <strong>1,5 do 2 godzin<\/strong>, zapewniaj\u0105c sta\u0142\u0105 moc na d\u0142u\u017csze sesje wapowania. Dost\u0119pny w r\u00f3\u017cnych smakach, w tym <strong>Blue Razz Ice<\/strong> i <strong>Strawberry Ice<\/strong>, ten \u0142adowalny jednorazowy waporyzator gwarantuje satysfakcj\u0119 i styl. Nabywcy hurtowi mog\u0105 skorzysta\u0107 z konkurencyjnych cen, co czyni <strong>JNR PhoneVape 30000<\/strong> bezkonkurencyjnym wyborem do zakup\u00f3w hurtowych.<\/p>\n<\/div>\n<\/div>\n<\/div>\n<\/div>\n<\/div>\n<\/div>\n<p><strong>Skontaktuj si\u0119 z Amy, aby uzyska\u0107 w\u0142a\u015bciw\u0105 odpowied\u017a i kupon na e-papierosa!<\/strong><\/p>\n<p><img loading=\"lazy\" decoding=\"async\" class=\"size-full wp-image-1978\" src=\"https:\/\/rmvapesale.com\/wp-content\/uploads\/2024\/09\/Disposable-Vape-Wholesale.jpg\" alt=\"Hurtownia Jednorazowych E-papieros\u00f3w\" width=\"229\" height=\"300\" \/><\/p>\n<h3><a href=\"https:\/\/wa.me\/8617776015835\" target=\"_blank\" rel=\"noopener\"><span style=\"color: #ff0000\"><strong>WhatsApp: +86 17776015835<\/strong><\/span><\/a><\/h3>\n<p>&nbsp;<\/p>\n<h2><\/h2>\n<h2><strong>Kluczowe cechy JNR PhoneVape 30000 Puffs<\/strong><\/h2>\n<ul>\n<li><strong>Ogromna liczba zaci\u0105gni\u0119\u0107<\/strong>: Do 30 000 zaci\u0105gni\u0119\u0107 w trybie standardowym, 18 000 w trybie pulsacyjnym.<\/li>\n<li><strong>Inteligentny wy\u015bwietlacz<\/strong>: Dane w czasie rzeczywistym dotycz\u0105ce czasu, baterii i poziomu e-liquidu.<\/li>\n<li><strong>Zaawansowane funkcje<\/strong>: Zadzwo\u0144<\/li>\n<li><strong>Akumulator<\/strong>: Szybkie \u0142adowanie przez Type-C od 1,5 do 2 godzin.<\/li>\n<li><strong>Regulowany przep\u0142yw powietrza<\/strong>: Regulowany przep\u0142yw powietrza dla spersonalizowanego do\u015bwiadczenia z wapowaniem.<\/li>\n<\/ul>\n<h2><strong>Najlepszy smak dla JNR Phone Vape 30000<\/strong><\/h2>\n<p>1.L\u00f3d o smaku niebieskiej maliny <span style=\"color: #ff0000\"><strong>&gt;&gt;&gt;&gt; Gor\u0105ce!<\/strong><\/span><br \/>\n2.L\u00f3d truskawkowy<br \/>\n3. Arbuz z Lodem<br \/>\n4.Miami Mi\u0119ta <span style=\"color: #ff0000\"><strong>&gt;&gt;&gt;&gt; Gor\u0105ce!<\/strong><\/span><br \/>\n5.Bananowy l\u00f3d<br \/>\n6.Wi\u015bnia truskawka malina <span style=\"color: #ff0000\"><strong>&gt;&gt;&gt;&gt; Najlepsze!<\/strong><\/span><br \/>\n7.Kwa\u015bne jab\u0142ko z lodem<br \/>\n8.Bor\u00f3wka Arbuz<br \/>\n9.Brzoskwinia mango arbuz<br \/>\n10.Niesamowicie pyszne<\/p>\n<p>&nbsp;<\/p>\n<h3><strong>Dlaczego wybra\u0107 Rmvapesale dla JNR PhoneVape 30K Puffs <\/strong><strong>V<\/strong><strong>Sprzeda\u017c hurtowa e-papieros\u00f3w<\/strong><strong>?<\/strong><\/h3>\n<div class=\"flex-shrink-0 flex flex-col relative items-end\">\n<div class=\"pt-0\">\n<div class=\"gizmo-bot-avatar flex h-8 w-8 items-center justify-center overflow-hidden rounded-full\">\n<div class=\"relative p-1 rounded-sm flex items-center justify-center bg-token-main-surface-primary text-token-text-primary h-8 w-8\">\n<p>Witaj w Rmvapesale, Twoim zaufanym sklepie z e-papierosami, oferuj\u0105cym jednorazowe produkty najwy\u017cszej jako\u015bci. Z ponad 5-letnim do\u015bwiadczeniem, dostarczamy popularne marki jednorazowych e-papieros\u00f3w, takie jak Al Fakher, Vapme Vape, <a href=\"https:\/\/rmvapesale.com\/pl\/product-category\/bang-vapes\/\">Bang Vape<\/a>, Waspe, WGA Vape i<a href=\"https:\/\/rmvapesale.com\/pl\/product-category\/randm-fumot-vape\/\"> RandM Vape<\/a>.<\/p>\n<p>Nasza oferta obejmuje popularne e-papierosy, takie jak <a href=\"https:\/\/rmvapesale.com\/pl\/product\/randm-tornado-15000-puffs-vape-wholesale\/\">RandM Tornado 15000<\/a> oraz bogate w smaki, jak Vapme 70000. Ka\u017cdy produkt jest wybierany z naciskiem na jako\u015b\u0107, warto\u015b\u0107 i r\u00f3\u017cnorodno\u015b\u0107, zapewniaj\u0105c, \u017ce znajdziesz idealne dopasowanie do swoich potrzeb. Odkryj wyj\u0105tkow\u0105 obs\u0142ug\u0119 i szeroki wyb\u00f3r najlepszych produkt\u00f3w w Rmvapesale.<\/p>\n<\/div>\n<h3><\/h3>\n<div class=\"relative p-1 rounded-sm flex items-center justify-center bg-token-main-surface-primary text-token-text-primary h-8 w-8\">\n<h3><b> Najcz\u0119\u015bciej zadawane pytania dotycz\u0105ce JNR Phone Vape 30K<\/b><b>\u00a0Jednorazowy e-papieros z mo\u017cliwo\u015bci\u0105 \u0142adowania<\/b><\/h3>\n<div class=\"group\/conversation-turn relative flex w-full min-w-0 flex-col agent-turn\">\n<div class=\"flex-col gap-1 md:gap-3\">\n<div class=\"flex max-w-full flex-col flex-grow\">\n<div class=\"min-h-8 text-message flex w-full flex-col items-end gap-2 whitespace-normal break-words [.text-message+&amp;]:mt-5\" dir=\"auto\" data-message-author-role=\"assistant\" data-message-id=\"00c9b302-bc9c-4550-94ba-5a295efa2be3\" data-message-model-slug=\"gpt-4o\">\n<div class=\"flex w-full flex-col gap-1 empty:hidden first:pt-[3px]\">\n<div class=\"markdown prose w-full break-words dark:prose-invert light\">\n<div class=\"flex-shrink-0 flex flex-col relative items-end\">\n<div>\n<div class=\"pt-0\">\n<div class=\"gizmo-bot-avatar flex h-8 w-8 items-center justify-center overflow-hidden rounded-full\">\n<div class=\"relative p-1 rounded-sm flex items-center justify-center bg-token-main-surface-primary text-token-text-primary h-8 w-8\">\n<div class=\"flex-shrink-0 flex flex-col relative items-end\">\n<div>\n<div class=\"pt-0\">\n<div class=\"gizmo-bot-avatar flex h-8 w-8 items-center justify-center overflow-hidden rounded-full\">\n<div class=\"relative p-1 rounded-sm flex items-center justify-center bg-token-main-surface-primary text-token-text-primary h-8 w-8\">\n<ul>\n<li><strong>Gdzie kupi\u0107 JNR PhoneVape 30000 Puffs w cenie hurtowej w Polsce<\/strong><br \/>\nMo\u017cesz kupi\u0107 <strong>JNR PhoneVape 30000 Puffs<\/strong> w cenach hurtowych online za po\u015brednictwem zaufanych hurtowni lub dystrybutor\u00f3w oferuj\u0105cych wysy\u0142k\u0119 mi\u0119dzynarodow\u0105 do Polski. Pami\u0119taj, aby szuka\u0107 rabat\u00f3w hurtowych lub autoryzowanych sprzedawc\u00f3w, aby uzyska\u0107 konkurencyjne ceny.<\/li>\n<li><strong>Ile zaci\u0105gni\u0119\u0107 zapewnia JNR PhoneVape 30000 Vape?<\/strong><br \/>\nTen <strong>JNR PhoneVape 30000 Vape<\/strong> zapewnia do <strong>30 000 zaci\u0105gni\u0119\u0107 w trybie standardowym<\/strong> i <strong>18 000 zaci\u0105gni\u0119\u0107 w trybie pulsacyjnym<\/strong>, co czyni go idealnym do d\u0142ugotrwa\u0142ego u\u017cytkowania.<\/li>\n<li><strong>Jak d\u0142ugo starczaj\u0105 popularne smaki jednorazowego e-papierosa JNR Phone Vape 30000?<\/strong><br \/>\n\u017bywotno\u015b\u0107 popularnych smak\u00f3w, takich jak <strong>Blue Razz Ice<\/strong> or <strong>Brzoskwinia Lodowa<\/strong> zale\u017cy od sposobu u\u017cytkowania. Zazwyczaj, z a\u017c do <strong>30 000 zaci\u0105gni\u0119\u0107<\/strong>, mo\u017ce wystarczy\u0107 na tygodnie, a nawet miesi\u0105ce dla przeci\u0119tnego u\u017cytkownika.<\/li>\n<li><strong>Jakie s\u0105 popularne smaki jednorazowego e-papierosa JNR PhoneVape 30k Puffs?<\/strong><br \/>\nPopularne smaki dla <strong>JNR PhoneVape 30k Puffs<\/strong> zawiera\u0107 <strong>Blue Razz Ice<\/strong>, <strong>Brzoskwinia Lodowa<\/strong>oraz innych owocowych, lodowych mieszanek, kt\u00f3re zapewniaj\u0105 orze\u017awiaj\u0105cy i sta\u0142y smak.<\/li>\n<li><strong>Jak d\u0142ugo trwa \u0142adowanie \u0142adowalnego e-papierosa JNR PhoneVape 30k Puffs?<\/strong><br \/>\nTen <strong>JNR PhoneVape 30k Puffs Waporyzator jednorazowego u\u017cytku z mo\u017cliwo\u015bci\u0105 \u0142adowania<\/strong> potrzebuje oko\u0142o <strong>1,5 do 2 godzin<\/strong> w celu pe\u0142nego na\u0142adowania poprzez jego <strong>port \u0142adowania Type-C<\/strong>.<\/li>\n<li><strong>Ile nikotyny znajduje si\u0119 w jednorazowym waporyzatorze JNR Phone Vape 30000?<\/strong><br \/>\nTen <strong>Jednorazowy waporyzator JNR Phone Vape 30000<\/strong> zawiera <strong>st\u0119\u017cenie nikotyny 2% (20 mg\/ml)<\/strong>, oferuj\u0105c \u0142agodniejsze i bardziej delikatne doznania z vapowania, idealne dla u\u017cytkownik\u00f3w o niskim zapotrzebowaniu na nikotyn\u0119.<\/li>\n<\/ul>\n<\/div>\n<\/div>\n<\/div>\n<\/div>\n<\/div>\n<\/div>\n<\/div>\n<\/div>\n<\/div>\n<\/div>\n<div class=\"group\/conversation-turn relative flex w-full min-w-0 flex-col agent-turn\">\n<div class=\"flex-col gap-1 md:gap-3\">\n<div class=\"flex max-w-full flex-col flex-grow\">\n<div class=\"min-h-8 text-message flex w-full flex-col items-end gap-2 whitespace-normal break-words [.text-message+&amp;]:mt-5\" dir=\"auto\" data-message-author-role=\"assistant\" data-message-id=\"a3dc01bd-23b0-4fd7-bb9a-7827522cefd8\" data-message-model-slug=\"gpt-4o\">\n<div class=\"flex w-full flex-col gap-1 empty:hidden first:pt-[3px]\"><\/div>\n<\/div>\n<\/div>\n<\/div>\n<\/div>\n<\/div>\n<\/div>\n<\/div>\n<\/div>\n<\/div>\n<\/div>\n<\/div>\n<\/div>\n<\/div>\n<\/div>\n<h3>O wysy\u0142ce<\/h3>\n<div class=\"flex-shrink-0 flex flex-col relative items-end\">\n<div>\n<div class=\"pt-0\">\n<div class=\"gizmo-bot-avatar flex h-8 w-8 items-center justify-center overflow-hidden rounded-full\">\n<div><\/div>\n<div class=\"relative p-1 rounded-sm flex items-center justify-center bg-token-main-surface-primary text-token-text-primary h-8 w-8\"><strong>1. Jakie metody wysy\u0142ki s\u0105 stosowane?<\/strong><\/div>\n<\/div>\n<\/div>\n<\/div>\n<\/div>\n<div class=\"group\/conversation-turn relative flex w-full min-w-0 flex-col agent-turn\">\n<div class=\"flex-col gap-1 md:gap-3\">\n<div class=\"flex max-w-full flex-col flex-grow\">\n<div class=\"min-h-[20px] text-message flex w-full flex-col items-end gap-2 whitespace-normal break-words [.text-message+&amp;]:mt-5 overflow-x-auto\" dir=\"auto\" data-message-author-role=\"assistant\" data-message-id=\"22f8283b-3233-46ff-89a5-c7a41b33abda\">\n<div class=\"flex w-full flex-col gap-1 empty:hidden first:pt-[3px]\">\n<div class=\"markdown prose w-full break-words dark:prose-invert light\">\n<p>Wsp\u00f3\u0142pracujemy z UPS, DHL, FedEx, DPD i innymi wiod\u0105cymi przewo\u017anikami. Wybierzemy najlepsz\u0105 metod\u0119 wysy\u0142ki w oparciu o Twoj\u0105 lokalizacj\u0119, aby zapewni\u0107, \u017ce otrzymasz swoje produkty tak szybko, jak to mo\u017cliwe.<\/p>\n<\/div>\n<p><strong>2. Ile czasu zajmuje dostawa?<\/strong><\/p>\n<p>Paczki wysy\u0142ane do Polski zazwyczaj docieraj\u0105 w ci\u0105gu 10 dni roboczych. Wysy\u0142ka do innych kraj\u00f3w europejskich trwa zwykle oko\u0142o 12-15 dni roboczych. B\u0119dziemy dostarcza\u0107 aktualizacje w czasie rzeczywistym na temat statusu Twojej przesy\u0142ki.<\/p>\n<\/div>\n<\/div>\n<\/div>\n<\/div>\n<\/div>\n<p>&nbsp;<\/p>\n<p>Znajd\u017a wi\u0119cej produkt\u00f3w Vape, kt\u00f3re mog\u0105 Ci si\u0119 spodoba\u0107:<strong><em><a href=\"https:\/\/rmvapesale.com\/pl\/shop-2\/\">kup teraz &gt;&gt;&gt;<\/a><\/em><\/strong><\/p>","protected":false},"excerpt":{"rendered":"<p>Ten <strong>JNR PhoneVape 30000 inteligentny jednorazowy e-papieros <\/strong>zaprojektowany z my\u015bl\u0105 o wsp\u00f3\u0142czesnych e-palaczach, oferuje ogromn\u0105 liczb\u0119 <strong>30 000 zaci\u0105gni\u0119\u0107<\/strong> in <strong>Tryb Regularny<\/strong> i <strong>18 000 zaci\u0105gni\u0119\u0107<\/strong> in <strong>Tryb Pulsacyjny<\/strong>, co czyni go idealnym do d\u0142ugotrwa\u0142ego u\u017cytkowania.<\/p>\n<p><img loading=\"lazy\" decoding=\"async\" class=\"size-full wp-image-2375\" src=\"https:\/\/rmvapesale.com\/wp-content\/uploads\/2024\/10\/image.png\" alt=\"Najlepszy Jednorazowy E-papieros\" width=\"229\" height=\"300\" \/><\/p>\n<h3><a href=\"https:\/\/wa.me\/8617776015835\"><span style=\"color: #ff0000\"><strong>WhatsApp: +86 17776015835<\/strong><\/span><\/a><\/h3>\n<p>&nbsp;<\/p>","protected":false},"featured_media":2778,"comment_status":"open","ping_status":"closed","template":"","meta":{"_uag_custom_page_level_css":"","_lmt_disableupdate":"no","_lmt_disable":"","site-sidebar-layout":"default","site-content-layout":"content-boxed-container","ast-site-content-layout":"normal-width-container","site-content-style":"boxed","site-sidebar-style":"unboxed","ast-global-header-display":"","ast-banner-title-visibility":"","ast-main-header-display":"","ast-hfb-above-header-display":"","ast-hfb-below-header-display":"","ast-hfb-mobile-header-display":"","site-post-title":"","ast-breadcrumbs-content":"","ast-featured-img":"","footer-sml-layout":"","theme-transparent-header-meta":"default","adv-header-id-meta":"","stick-header-meta":"","header-above-stick-meta":"","header-main-stick-meta":"","header-below-stick-meta":"","astra-migrate-meta-layouts":"set","ast-page-background-enabled":"default","ast-page-background-meta":{"desktop":{"background-color":"var(--ast-global-color-4)","background-image":"","background-repeat":"repeat","background-position":"center center","background-size":"auto","background-attachment":"scroll","background-type":"","background-media":"","overlay-type":"","overlay-color":"","overlay-opacity":"","overlay-gradient":""},"tablet":{"background-color":"","background-image":"","background-repeat":"repeat","background-position":"center center","background-size":"auto","background-attachment":"scroll","background-type":"","background-media":"","overlay-type":"","overlay-color":"","overlay-opacity":"","overlay-gradient":""},"mobile":{"background-color":"","background-image":"","background-repeat":"repeat","background-position":"center center","background-size":"auto","background-attachment":"scroll","background-type":"","background-media":"","overlay-type":"","overlay-color":"","overlay-opacity":"","overlay-gradient":""}},"ast-content-background-meta":{"desktop":{"background-color":"var(--ast-global-color-5)","background-image":"","background-repeat":"repeat","background-position":"center center","background-size":"auto","background-attachment":"scroll","background-type":"","background-media":"","overlay-type":"","overlay-color":"","overlay-opacity":"","overlay-gradient":""},"tablet":{"background-color":"var(--ast-global-color-5)","background-image":"","background-repeat":"repeat","background-position":"center center","background-size":"auto","background-attachment":"scroll","background-type":"","background-media":"","overlay-type":"","overlay-color":"","overlay-opacity":"","overlay-gradient":""},"mobile":{"background-color":"var(--ast-global-color-5)","background-image":"","background-repeat":"repeat","background-position":"center center","background-size":"auto","background-attachment":"scroll","background-type":"","background-media":"","overlay-type":"","overlay-color":"","overlay-opacity":"","overlay-gradient":""}},"_joinchat":[]},"product_brand":[],"product_cat":[15,25,123,26,28,135,27,137,136,30],"product_tag":[223,230,231,205,229,228],"class_list":{"0":"post-2782","1":"product","2":"type-product","3":"status-publish","4":"has-post-thumbnail","6":"product_cat-new-vape-this-week","7":"product_cat-germany-best-selling-vape","8":"product_cat-italy-wholesale-vape","9":"product_cat-netherlands-hot-sale-vape","10":"product_cat-poland-hot-sale-vape","11":"product_cat-spain-best-hot-sale-vape","12":"product_cat-fance-hot-sale-vape","13":"product_cat-rechargeable-vapes","14":"product_cat-smart-screen-vapes","15":"product_cat-minimum-order-quantity-50pcs","16":"product_tag-jnr","17":"product_tag-jnr-phonevape-30000","18":"product_tag-jnr-phonevape-30k","19":"product_tag-jnr-vape","20":"product_tag-smart-disposable-vapes","21":"product_tag-touch-screen-vape","22":"desktop-align-left","23":"tablet-align-left","24":"mobile-align-left","26":"first","27":"instock","28":"sale","29":"shipping-taxable","30":"purchasable","31":"product-type-simple"},"uagb_featured_image_src":{"full":["https:\/\/rmvapesale.com\/wp-content\/uploads\/2024\/11\/JNR-Phone-Vape-30000-Disposable-Vape-Wholeale.png",1126,1126,false],"thumbnail":["https:\/\/rmvapesale.com\/wp-content\/uploads\/2024\/11\/JNR-Phone-Vape-30000-Disposable-Vape-Wholeale-150x150.png",150,150,true],"medium":["https:\/\/rmvapesale.com\/wp-content\/uploads\/2024\/11\/JNR-Phone-Vape-30000-Disposable-Vape-Wholeale-300x300.png",300,300,true],"medium_large":["https:\/\/rmvapesale.com\/wp-content\/uploads\/2024\/11\/JNR-Phone-Vape-30000-Disposable-Vape-Wholeale-768x768.png",768,768,true],"large":["https:\/\/rmvapesale.com\/wp-content\/uploads\/2024\/11\/JNR-Phone-Vape-30000-Disposable-Vape-Wholeale-1024x1024.png",1024,1024,true],"1536x1536":["https:\/\/rmvapesale.com\/wp-content\/uploads\/2024\/11\/JNR-Phone-Vape-30000-Disposable-Vape-Wholeale.png",1126,1126,false],"2048x2048":["https:\/\/rmvapesale.com\/wp-content\/uploads\/2024\/11\/JNR-Phone-Vape-30000-Disposable-Vape-Wholeale.png",1126,1126,false],"trp-custom-language-flag":["https:\/\/rmvapesale.com\/wp-content\/uploads\/2024\/11\/JNR-Phone-Vape-30000-Disposable-Vape-Wholeale.png",12,12,false],"woocommerce_thumbnail":["https:\/\/rmvapesale.com\/wp-content\/uploads\/2024\/11\/JNR-Phone-Vape-30000-Disposable-Vape-Wholeale-300x300.png",300,300,true],"woocommerce_single":["https:\/\/rmvapesale.com\/wp-content\/uploads\/2024\/11\/JNR-Phone-Vape-30000-Disposable-Vape-Wholeale-600x600.png",600,600,true],"woocommerce_gallery_thumbnail":["https:\/\/rmvapesale.com\/wp-content\/uploads\/2024\/11\/JNR-Phone-Vape-30000-Disposable-Vape-Wholeale-100x100.png",100,100,true],"wcpr-photo-reviews":["https:\/\/rmvapesale.com\/wp-content\/uploads\/2024\/11\/JNR-Phone-Vape-30000-Disposable-Vape-Wholeale.png",500,500,false]},"uagb_author_info":{"display_name":"AMY","author_link":"https:\/\/rmvapesale.com\/pl\/author\/"},"uagb_comment_info":0,"uagb_excerpt":"The JNR PhoneVape 30000 Smart Disposable Vape designed for modern vapers, offers a massive 30,000 puffs in Regular Mode and 18,000 puffs in Pulse Mode, making it perfect for long-lasting use. WhatsApp: +86 17776015835 &nbsp;","_links":{"self":[{"href":"https:\/\/rmvapesale.com\/pl\/wp-json\/wp\/v2\/product\/2782","targetHints":{"allow":["GET"]}}],"collection":[{"href":"https:\/\/rmvapesale.com\/pl\/wp-json\/wp\/v2\/product"}],"about":[{"href":"https:\/\/rmvapesale.com\/pl\/wp-json\/wp\/v2\/types\/product"}],"replies":[{"embeddable":true,"href":"https:\/\/rmvapesale.com\/pl\/wp-json\/wp\/v2\/comments?post=2782"}],"wp:featuredmedia":[{"embeddable":true,"href":"https:\/\/rmvapesale.com\/pl\/wp-json\/wp\/v2\/media\/2778"}],"wp:attachment":[{"href":"https:\/\/rmvapesale.com\/pl\/wp-json\/wp\/v2\/media?parent=2782"}],"wp:term":[{"taxonomy":"product_brand","embeddable":true,"href":"https:\/\/rmvapesale.com\/pl\/wp-json\/wp\/v2\/product_brand?post=2782"},{"taxonomy":"product_cat","embeddable":true,"href":"https:\/\/rmvapesale.com\/pl\/wp-json\/wp\/v2\/product_cat?post=2782"},{"taxonomy":"product_tag","embeddable":true,"href":"https:\/\/rmvapesale.com\/pl\/wp-json\/wp\/v2\/product_tag?post=2782"}],"curies":[{"name":"wp","href":"https:\/\/api.w.org\/{rel}","templated":true}]}}