{"id":2799,"date":"2024-11-28T03:16:57","date_gmt":"2024-11-28T03:16:57","guid":{"rendered":"https:\/\/rmvapesale.com\/?post_type=product&#038;p=2799"},"modified":"2024-11-28T03:38:01","modified_gmt":"2024-11-28T03:38:01","slug":"wga-30000-puffs-double-flavors-refillable-disposable-vape-bulk-price","status":"publish","type":"product","link":"https:\/\/rmvapesale.com\/pl\/product\/wga-30000-puffs-double-flavors-refillable-disposable-vape-bulk-price\/","title":{"rendered":"WGA 30000 zaci\u0105gni\u0119\u0107, podw\u00f3jne smaki, jednorazowy vape wielokrotnego nape\u0142niania, cena hurtowa"},"content":{"rendered":"<div class=\"B2VR9 CJHX3e\">\n<div class=\"wyccme\">\n<h1 class=\"LC20lb MBeuO DKV0Md\">WGA 30000 zaci\u0105gni\u0119\u0107, podw\u00f3jne smaki, jednorazowy vape wielokrotnego nape\u0142niania, cena hurtowa<\/h1>\n<div class=\"flex-shrink-0 flex flex-col relative items-end\">\n<div class=\"pt-0\">\n<div class=\"gizmo-bot-avatar flex h-8 w-8 items-center justify-center overflow-hidden rounded-full\">\n<div class=\"relative p-1 rounded-sm flex items-center justify-center bg-token-main-surface-primary text-token-text-primary h-8 w-8\">\n<p>Ten <strong>WGA 30000 Puff\u00f3w Double Flavors Nape\u0142niany Jednorazowy E-papieros<\/strong>, rewolucyjne urz\u0105dzenie zaprojektowane dla palaczy poszukuj\u0105cych niezr\u00f3wnanej wszechstronno\u015bci i wydajno\u015bci. Z pojemno\u015bci\u0105 <strong>30 000 zaci\u0105gni\u0119\u0107<\/strong>, ten e-papieros oferuje niezwykle d\u0142ugotrwa\u0142e do\u015bwiadczenie, idealne do d\u0142ugotrwa\u0142ego u\u017cytkowania lub zakup\u00f3w hurtowych. System <strong>podw\u00f3jnego smaku<\/strong> pozwala u\u017cytkownikom na p\u0142ynne prze\u0142\u0105czanie mi\u0119dzy dwoma smakami, zapewniaj\u0105c dynamiczne do\u015bwiadczenie wapowania, kt\u00f3re nigdy nie jest monotonne. Ka\u017cde urz\u0105dzenie posiada <strong>2ml nape\u0142nian\u0105 e-liquid<\/strong> pojemno\u015b\u0107, wraz z dodatkowym <strong>20ml nape\u0142nianym pojemnikiem<\/strong>, zapewniaj\u0105c elastyczno\u015b\u0107 i lepsz\u0105 kontrol\u0119 nad smakiem. Zasilany przez <strong>650mAh bateri\u0119 typu-C do \u0142adowania<\/strong> i wyposa\u017cony w <strong>grza\u0142k\u0119 mesh<\/strong>, to urz\u0105dzenie dostarcza sp\u00f3jny, g\u0142adki vapor z optymalnym smakiem.<\/p>\n<p>Ten <strong>WGA 30k vape<\/strong> zosta\u0142 stworzony z my\u015bl\u0105 o wygodzie i funkcjonalno\u015bci, posiadaj\u0105c <strong>cyfrowy wy\u015bwietlacz LED<\/strong> kt\u00f3ry informuje o poziomie baterii i e-liquid. Z <strong>moc\u0105 nikotyny 21 TP3T<\/strong>, odpowiada tym, kt\u00f3rzy szukaj\u0105 niskodawkowego, satysfakcjonuj\u0105cego rozwi\u0105zania do wapowania. Wybierz spo\u015br\u00f3d <strong>15+ premium smak\u00f3w<\/strong>, ka\u017cdy zaprojektowany, aby zapewni\u0107 wyj\u0105tkowe doznania smakowe. Idealny dla hurtowych nabywc\u00f3w lub indywidualnych u\u017cytkownik\u00f3w, ten wga 30k <strong>inteligentny jednorazowy e-papieros<\/strong> \u0142\u0105czy styl, innowacj\u0119 i wydajno\u015b\u0107, aby podnie\u015b\u0107 do\u015bwiadczenie vapingu.<\/p>\n<\/div>\n<\/div>\n<\/div>\n<\/div>\n<\/div>\n<\/div>\n<p><strong>Skontaktuj si\u0119 z Amy, aby uzyska\u0107 w\u0142a\u015bciw\u0105 odpowied\u017a i kupon na e-papierosa!<\/strong><\/p>\n<p><img loading=\"lazy\" decoding=\"async\" class=\"size-full wp-image-1978\" src=\"https:\/\/rmvapesale.com\/wp-content\/uploads\/2024\/09\/Disposable-Vape-Wholesale.jpg\" alt=\"Hurtownia Jednorazowych E-papieros\u00f3w\" width=\"229\" height=\"300\" \/><\/p>\n<h3><a href=\"https:\/\/wa.me\/8617776015835\" target=\"_blank\" rel=\"noopener\"><span style=\"color: #ff0000\"><strong>WhatsApp: +86 17776015835<\/strong><\/span><\/a><\/h3>\n<p>&nbsp;<\/p>\n<h2><\/h2>\n<h2><strong>WGA 30000 Paliw Kluczowe Funkcje<\/strong><\/h2>\n<ul>\n<li>Do <strong>30 000 zaci\u0105gni\u0119\u0107<\/strong> na d\u0142u\u017csze u\u017cytkowanie<\/li>\n<li><strong>System podw\u00f3jnego smaku<\/strong> dla dynamicznego i konfigurowalnego do\u015bwiadczenia<\/li>\n<li><strong>650mAh bateri\u0119 typu-C do \u0142adowania<\/strong> zapewnia szybkie \u0142adowanie<\/li>\n<li><strong>wy\u015bwietlaczowi LED<\/strong> pokazuje poziom baterii i e-liquidu<\/li>\n<li>Zawiera <strong>2ml+20ml wymiennej pojemno\u015bci e-liquidu<\/strong> dla wi\u0119kszej elastyczno\u015bci<\/li>\n<\/ul>\n<h2><strong>Najlepszy smak dla WGA 30K<\/strong><\/h2>\n<p>1. Glacier Mint + Potr\u00f3jny Menthol<br \/>\n2. Cytryna Lime + Lemon Slush<br \/>\n3. Fizzzy Cherry + Wi\u015bnia Malina <span style=\"color: #ff0000\"><strong>&gt;&gt;&gt;&gt; Gor\u0105ce!<\/strong><\/span><br \/>\n4. Arbuz Ice + Podw\u00f3jne Jab\u0142ko<br \/>\n5. Ananas Ice + Soczyste Mango<br \/>\n6. Gummy Bear + Skittles<br \/>\n7. Blue Razz Cherry + Skittles<br \/>\n8. Mr Blue + Blue Sour Raspberry <span style=\"color: #ff0000\"><strong>&gt;&gt;&gt;&gt; Gor\u0105ce!<\/strong><\/span><br \/>\n9. Sakura Grape + Guma Winogronowa Nied\u017awied\u017a<br \/>\n10. Blueberry Raspberry Cherry + Blueberry Strawberry Cranberry<br \/>\n11. Soczysty Brzoskwinia + Mango Brzoskwinia Arbuz<br \/>\n12. Truskawka Raspberry Ice + Truskawka Skittles <span style=\"color: #ff0000\"><strong>&gt;&gt;&gt;&gt; Najlepsze!<\/strong><\/span><br \/>\n13. Blueberry Ice + Truskawka Ice<br \/>\n14. Brzoskwinia Guava Truskawka + Soczysta Brzoskwinia<br \/>\n15. Niebieski Mro\u017cony + R\u00f3\u017cowy Mro\u017cony<\/p>\n<p>&nbsp;<\/p>\n<h3><strong>Dlaczego wybra\u0107 Rmvapesale dla WGA 30000 Puf\u00f3w <\/strong><strong>V<\/strong><strong>Sprzeda\u017c hurtowa e-papieros\u00f3w<\/strong><strong>?<\/strong><\/h3>\n<div class=\"flex-shrink-0 flex flex-col relative items-end\">\n<div class=\"pt-0\">\n<div class=\"gizmo-bot-avatar flex h-8 w-8 items-center justify-center overflow-hidden rounded-full\">\n<div class=\"relative p-1 rounded-sm flex items-center justify-center bg-token-main-surface-primary text-token-text-primary h-8 w-8\">\n<p>Witaj w Rmvapesale, Twoim zaufanym sklepie z e-papierosami, oferuj\u0105cym jednorazowe produkty najwy\u017cszej jako\u015bci. Z ponad 5-letnim do\u015bwiadczeniem, dostarczamy popularne marki jednorazowych e-papieros\u00f3w, takie jak Al Fakher, Vapme Vape, <a href=\"https:\/\/rmvapesale.com\/pl\/product-category\/bang-vapes\/\">Bang Vape<\/a>, Waspe, WGA Vape i<a href=\"https:\/\/rmvapesale.com\/pl\/product-category\/randm-fumot-vape\/\"> RandM Vape<\/a>.<\/p>\n<p>Nasza oferta obejmuje popularne e-papierosy, takie jak <a href=\"https:\/\/rmvapesale.com\/pl\/product\/randm-tornado-15000-puffs-vape-wholesale\/\">RandM Tornado 15000<\/a> oraz bogate w smaki, jak Vapme 70000. Ka\u017cdy produkt jest wybierany z naciskiem na jako\u015b\u0107, warto\u015b\u0107 i r\u00f3\u017cnorodno\u015b\u0107, zapewniaj\u0105c, \u017ce znajdziesz idealne dopasowanie do swoich potrzeb. Odkryj wyj\u0105tkow\u0105 obs\u0142ug\u0119 i szeroki wyb\u00f3r najlepszych produkt\u00f3w w Rmvapesale.<\/p>\n<\/div>\n<h3><\/h3>\n<div class=\"relative p-1 rounded-sm flex items-center justify-center bg-token-main-surface-primary text-token-text-primary h-8 w-8\">\n<h3><b> FAQ dotyczy <\/b><b>WGA 30K Jednorazowy Vape z Mo\u017cliwo\u015bci\u0105 \u0141adowania<\/b><\/h3>\n<div class=\"group\/conversation-turn relative flex w-full min-w-0 flex-col agent-turn\">\n<div class=\"flex-col gap-1 md:gap-3\">\n<div class=\"flex max-w-full flex-col flex-grow\">\n<div class=\"min-h-8 text-message flex w-full flex-col items-end gap-2 whitespace-normal break-words [.text-message+&amp;]:mt-5\" dir=\"auto\" data-message-author-role=\"assistant\" data-message-id=\"00c9b302-bc9c-4550-94ba-5a295efa2be3\" data-message-model-slug=\"gpt-4o\">\n<div class=\"flex w-full flex-col gap-1 empty:hidden first:pt-[3px]\">\n<div class=\"markdown prose w-full break-words dark:prose-invert light\">\n<div class=\"flex-shrink-0 flex flex-col relative items-end\">\n<div>\n<div class=\"pt-0\">\n<div class=\"gizmo-bot-avatar flex h-8 w-8 items-center justify-center overflow-hidden rounded-full\">\n<div class=\"relative p-1 rounded-sm flex items-center justify-center bg-token-main-surface-primary text-token-text-primary h-8 w-8\">\n<div class=\"flex-shrink-0 flex flex-col relative items-end\">\n<div>\n<div class=\"pt-0\">\n<div class=\"gizmo-bot-avatar flex h-8 w-8 items-center justify-center overflow-hidden rounded-full\">\n<div class=\"relative p-1 rounded-sm flex items-center justify-center bg-token-main-surface-primary text-token-text-primary h-8 w-8\">\n<ul>\n<li><strong>Gdzie kupi\u0107 vape WGA 30k w cenie hurtowej w Polsce<\/strong><br \/>\nMo\u017cesz kupi\u0107 <strong>WGA 30k vape<\/strong> w cenach hurtowych u renomowanych sprzedawc\u00f3w internetowych i dystrybutor\u00f3w vape, kt\u00f3rzy wysy\u0142aj\u0105 do Polski. Upewnij si\u0119, \u017ce wybierasz zaufanych dostawc\u00f3w specjalizuj\u0105cych si\u0119 w <strong>hurtowni waporyzator\u00f3w<\/strong> w celu uzyskania autentycznych produkt\u00f3w.<\/li>\n<li><strong>Ile zaci\u0105gni\u0119\u0107 zapewnia WGA 30k puff Vape?<\/strong><br \/>\nTen <strong>WGA 30k vape<\/strong> zapewnia imponuj\u0105c\u0105 liczb\u0119 zaci\u0105gni\u0119\u0107 <strong>30 000 zaci\u0105gni\u0119\u0107<\/strong>, co czyni go idealnym do d\u0142ugotrwa\u0142ego u\u017cytkowania i dla nabywc\u00f3w hurtowych.<\/li>\n<li><strong>Jak d\u0142ugo wytrzymuje popularny jednorazowy d\u0142ugopis WGA 30000?<\/strong><br \/>\n\u017bywotno\u015b\u0107 <strong>d\u0142ugopisu WGA 30000 vape<\/strong> zale\u017cy od indywidualnych nawyk\u00f3w u\u017cytkowania. Przeci\u0119tnie, regularni u\u017cytkownicy mog\u0105 stwierdzi\u0107, \u017ce wystarcza on na od <strong>2 do 4 tygodni<\/strong>.<\/li>\n<li><strong>Jakie s\u0105 popularne smaki jednorazowego pude\u0142ka WGA 30k Puff?<\/strong><br \/>\nPopularne smaki dla <strong>WGA 30k vape<\/strong> zawiera\u0107 <strong>Blue Razz Ice<\/strong>, <strong>Truskawka Banan<\/strong>, <strong>Ch\u0142odna Mi\u0119ta<\/strong>, oraz inne dost\u0119pne opcje z <strong>15+ premium smak\u00f3w<\/strong> dost\u0119pne.<\/li>\n<li><strong>Jak d\u0142ugo trwa \u0142adowanie jednorazowego vape WGA LEGEND ULTRA 30K Puffs z mo\u017cliwo\u015bci\u0105 \u0142adowania?<\/strong><br \/>\nTen <strong>WGA LEGEND ULTRA 30k<\/strong> vape posiada <strong>650mAh bateri\u0119 typu-C do \u0142adowania<\/strong>, kt\u00f3rego \u0142adowanie zwykle zajmuje oko\u0142o <strong>45 minut do 1 godziny<\/strong> do pe\u0142nego na\u0142adowania.<\/li>\n<li><strong>Ile nikotyny znajduje si\u0119 w jednorazowym waporyzatorze WGA LEGEND ULTRA 30000?<\/strong><br \/>\nTen <strong>WGA LEGEND ULTRA 30000 vape<\/strong> zawiera <strong>moc\u0105 nikotyny 21 TP3T<\/strong>, oferuj\u0105c satysfakcjonuj\u0105ce, lecz niskonikotynowe do\u015bwiadczenie.<\/li>\n<\/ul>\n<\/div>\n<\/div>\n<\/div>\n<\/div>\n<\/div>\n<\/div>\n<\/div>\n<\/div>\n<\/div>\n<\/div>\n<div class=\"group\/conversation-turn relative flex w-full min-w-0 flex-col agent-turn\">\n<div class=\"flex-col gap-1 md:gap-3\">\n<div class=\"flex max-w-full flex-col flex-grow\">\n<div class=\"min-h-8 text-message flex w-full flex-col items-end gap-2 whitespace-normal break-words [.text-message+&amp;]:mt-5\" dir=\"auto\" data-message-author-role=\"assistant\" data-message-id=\"a3dc01bd-23b0-4fd7-bb9a-7827522cefd8\" data-message-model-slug=\"gpt-4o\">\n<div class=\"flex w-full flex-col gap-1 empty:hidden first:pt-[3px]\"><\/div>\n<\/div>\n<\/div>\n<\/div>\n<\/div>\n<\/div>\n<\/div>\n<\/div>\n<\/div>\n<\/div>\n<\/div>\n<\/div>\n<\/div>\n<\/div>\n<\/div>\n<h3>O wysy\u0142ce<\/h3>\n<div class=\"flex-shrink-0 flex flex-col relative items-end\">\n<div>\n<div class=\"pt-0\">\n<div class=\"gizmo-bot-avatar flex h-8 w-8 items-center justify-center overflow-hidden rounded-full\">\n<div><\/div>\n<div class=\"relative p-1 rounded-sm flex items-center justify-center bg-token-main-surface-primary text-token-text-primary h-8 w-8\"><strong>1. Jakie metody wysy\u0142ki s\u0105 stosowane?<\/strong><\/div>\n<\/div>\n<\/div>\n<\/div>\n<\/div>\n<div class=\"group\/conversation-turn relative flex w-full min-w-0 flex-col agent-turn\">\n<div class=\"flex-col gap-1 md:gap-3\">\n<div class=\"flex max-w-full flex-col flex-grow\">\n<div class=\"min-h-[20px] text-message flex w-full flex-col items-end gap-2 whitespace-normal break-words [.text-message+&amp;]:mt-5 overflow-x-auto\" dir=\"auto\" data-message-author-role=\"assistant\" data-message-id=\"22f8283b-3233-46ff-89a5-c7a41b33abda\">\n<div class=\"flex w-full flex-col gap-1 empty:hidden first:pt-[3px]\">\n<div class=\"markdown prose w-full break-words dark:prose-invert light\">\n<p>Wsp\u00f3\u0142pracujemy z UPS, DHL, FedEx, DPD i innymi wiod\u0105cymi przewo\u017anikami. Wybierzemy najlepsz\u0105 metod\u0119 wysy\u0142ki w oparciu o Twoj\u0105 lokalizacj\u0119, aby zapewni\u0107, \u017ce otrzymasz swoje produkty tak szybko, jak to mo\u017cliwe.<\/p>\n<\/div>\n<p><strong>2. Ile czasu zajmuje dostawa?<\/strong><\/p>\n<p>Paczki wysy\u0142ane do Polski zazwyczaj docieraj\u0105 w ci\u0105gu 10 dni roboczych. Wysy\u0142ka do innych kraj\u00f3w europejskich trwa zwykle oko\u0142o 12-15 dni roboczych. B\u0119dziemy dostarcza\u0107 aktualizacje w czasie rzeczywistym na temat statusu Twojej przesy\u0142ki.<\/p>\n<\/div>\n<\/div>\n<\/div>\n<\/div>\n<\/div>\n<p>&nbsp;<\/p>\n<p>Znajd\u017a wi\u0119cej produkt\u00f3w Vape, kt\u00f3re mog\u0105 Ci si\u0119 spodoba\u0107:<strong><em><a href=\"https:\/\/rmvapesale.com\/pl\/shop-2\/\">kup teraz &gt;&gt;&gt;<\/a><\/em><\/strong><\/p>","protected":false},"excerpt":{"rendered":"<p>Ten <strong>WGA 30000 Puff\u00f3w Double Flavors Nape\u0142niany Jednorazowy E-papieros<\/strong>, rewolucyjne urz\u0105dzenie zaprojektowane dla palaczy poszukuj\u0105cych niezr\u00f3wnanej wszechstronno\u015bci i wydajno\u015bci. Z pojemno\u015bci\u0105 <strong>30 000 puff\u00f3w.<\/strong><\/p>\n<p><img loading=\"lazy\" decoding=\"async\" class=\"size-full wp-image-2375\" src=\"https:\/\/rmvapesale.com\/wp-content\/uploads\/2024\/10\/image.png\" alt=\"Najlepszy Jednorazowy E-papieros\" width=\"229\" height=\"300\" \/><\/p>\n<h3><a href=\"https:\/\/wa.me\/8617776015835\"><span style=\"color: #ff0000\"><strong>WhatsApp: +86 17776015835<\/strong><\/span><\/a><\/h3>\n<p>&nbsp;<\/p>","protected":false},"featured_media":2796,"comment_status":"open","ping_status":"closed","template":"","meta":{"_uag_custom_page_level_css":"","_lmt_disableupdate":"no","_lmt_disable":"","site-sidebar-layout":"default","site-content-layout":"content-boxed-container","ast-site-content-layout":"normal-width-container","site-content-style":"boxed","site-sidebar-style":"unboxed","ast-global-header-display":"","ast-banner-title-visibility":"","ast-main-header-display":"","ast-hfb-above-header-display":"","ast-hfb-below-header-display":"","ast-hfb-mobile-header-display":"","site-post-title":"","ast-breadcrumbs-content":"","ast-featured-img":"","footer-sml-layout":"","theme-transparent-header-meta":"default","adv-header-id-meta":"","stick-header-meta":"","header-above-stick-meta":"","header-main-stick-meta":"","header-below-stick-meta":"","astra-migrate-meta-layouts":"set","ast-page-background-enabled":"default","ast-page-background-meta":{"desktop":{"background-color":"var(--ast-global-color-4)","background-image":"","background-repeat":"repeat","background-position":"center center","background-size":"auto","background-attachment":"scroll","background-type":"","background-media":"","overlay-type":"","overlay-color":"","overlay-opacity":"","overlay-gradient":""},"tablet":{"background-color":"","background-image":"","background-repeat":"repeat","background-position":"center center","background-size":"auto","background-attachment":"scroll","background-type":"","background-media":"","overlay-type":"","overlay-color":"","overlay-opacity":"","overlay-gradient":""},"mobile":{"background-color":"","background-image":"","background-repeat":"repeat","background-position":"center center","background-size":"auto","background-attachment":"scroll","background-type":"","background-media":"","overlay-type":"","overlay-color":"","overlay-opacity":"","overlay-gradient":""}},"ast-content-background-meta":{"desktop":{"background-color":"var(--ast-global-color-5)","background-image":"","background-repeat":"repeat","background-position":"center center","background-size":"auto","background-attachment":"scroll","background-type":"","background-media":"","overlay-type":"","overlay-color":"","overlay-opacity":"","overlay-gradient":""},"tablet":{"background-color":"var(--ast-global-color-5)","background-image":"","background-repeat":"repeat","background-position":"center center","background-size":"auto","background-attachment":"scroll","background-type":"","background-media":"","overlay-type":"","overlay-color":"","overlay-opacity":"","overlay-gradient":""},"mobile":{"background-color":"var(--ast-global-color-5)","background-image":"","background-repeat":"repeat","background-position":"center center","background-size":"auto","background-attachment":"scroll","background-type":"","background-media":"","overlay-type":"","overlay-color":"","overlay-opacity":"","overlay-gradient":""}},"_joinchat":[]},"product_brand":[],"product_cat":[15,25,123,26,28,135,27,137,136,30],"product_tag":[229,232,69],"class_list":{"0":"post-2799","1":"product","2":"type-product","3":"status-publish","4":"has-post-thumbnail","6":"product_cat-new-vape-this-week","7":"product_cat-germany-best-selling-vape","8":"product_cat-italy-wholesale-vape","9":"product_cat-netherlands-hot-sale-vape","10":"product_cat-poland-hot-sale-vape","11":"product_cat-spain-best-hot-sale-vape","12":"product_cat-fance-hot-sale-vape","13":"product_cat-rechargeable-vapes","14":"product_cat-smart-screen-vapes","15":"product_cat-minimum-order-quantity-50pcs","16":"product_tag-smart-disposable-vapes","17":"product_tag-wga-30k","18":"product_tag-wga-vape","19":"desktop-align-left","20":"tablet-align-left","21":"mobile-align-left","23":"first","24":"instock","25":"sale","26":"shipping-taxable","27":"purchasable","28":"product-type-simple"},"uagb_featured_image_src":{"full":["https:\/\/rmvapesale.com\/wp-content\/uploads\/2024\/11\/WGA-Legend-Ultra-30000-Disposable-Vape.jpg",1126,1126,false],"thumbnail":["https:\/\/rmvapesale.com\/wp-content\/uploads\/2024\/11\/WGA-Legend-Ultra-30000-Disposable-Vape-150x150.jpg",150,150,true],"medium":["https:\/\/rmvapesale.com\/wp-content\/uploads\/2024\/11\/WGA-Legend-Ultra-30000-Disposable-Vape-300x300.jpg",300,300,true],"medium_large":["https:\/\/rmvapesale.com\/wp-content\/uploads\/2024\/11\/WGA-Legend-Ultra-30000-Disposable-Vape-768x768.jpg",768,768,true],"large":["https:\/\/rmvapesale.com\/wp-content\/uploads\/2024\/11\/WGA-Legend-Ultra-30000-Disposable-Vape-1024x1024.jpg",1024,1024,true],"1536x1536":["https:\/\/rmvapesale.com\/wp-content\/uploads\/2024\/11\/WGA-Legend-Ultra-30000-Disposable-Vape.jpg",1126,1126,false],"2048x2048":["https:\/\/rmvapesale.com\/wp-content\/uploads\/2024\/11\/WGA-Legend-Ultra-30000-Disposable-Vape.jpg",1126,1126,false],"trp-custom-language-flag":["https:\/\/rmvapesale.com\/wp-content\/uploads\/2024\/11\/WGA-Legend-Ultra-30000-Disposable-Vape.jpg",12,12,false],"woocommerce_thumbnail":["https:\/\/rmvapesale.com\/wp-content\/uploads\/2024\/11\/WGA-Legend-Ultra-30000-Disposable-Vape-300x300.jpg",300,300,true],"woocommerce_single":["https:\/\/rmvapesale.com\/wp-content\/uploads\/2024\/11\/WGA-Legend-Ultra-30000-Disposable-Vape-600x600.jpg",600,600,true],"woocommerce_gallery_thumbnail":["https:\/\/rmvapesale.com\/wp-content\/uploads\/2024\/11\/WGA-Legend-Ultra-30000-Disposable-Vape-100x100.jpg",100,100,true],"wcpr-photo-reviews":["https:\/\/rmvapesale.com\/wp-content\/uploads\/2024\/11\/WGA-Legend-Ultra-30000-Disposable-Vape.jpg",500,500,false]},"uagb_author_info":{"display_name":"AMY","author_link":"https:\/\/rmvapesale.com\/pl\/author\/"},"uagb_comment_info":0,"uagb_excerpt":"The WGA 30000 Puffs Double Flavors Refillable Disposable Vape, a revolutionary device designed for vapers seeking unmatched versatility and performance. With a capacity of 30,000 puffs. WhatsApp: +86 17776015835 &nbsp;","_links":{"self":[{"href":"https:\/\/rmvapesale.com\/pl\/wp-json\/wp\/v2\/product\/2799","targetHints":{"allow":["GET"]}}],"collection":[{"href":"https:\/\/rmvapesale.com\/pl\/wp-json\/wp\/v2\/product"}],"about":[{"href":"https:\/\/rmvapesale.com\/pl\/wp-json\/wp\/v2\/types\/product"}],"replies":[{"embeddable":true,"href":"https:\/\/rmvapesale.com\/pl\/wp-json\/wp\/v2\/comments?post=2799"}],"wp:featuredmedia":[{"embeddable":true,"href":"https:\/\/rmvapesale.com\/pl\/wp-json\/wp\/v2\/media\/2796"}],"wp:attachment":[{"href":"https:\/\/rmvapesale.com\/pl\/wp-json\/wp\/v2\/media?parent=2799"}],"wp:term":[{"taxonomy":"product_brand","embeddable":true,"href":"https:\/\/rmvapesale.com\/pl\/wp-json\/wp\/v2\/product_brand?post=2799"},{"taxonomy":"product_cat","embeddable":true,"href":"https:\/\/rmvapesale.com\/pl\/wp-json\/wp\/v2\/product_cat?post=2799"},{"taxonomy":"product_tag","embeddable":true,"href":"https:\/\/rmvapesale.com\/pl\/wp-json\/wp\/v2\/product_tag?post=2799"}],"curies":[{"name":"wp","href":"https:\/\/api.w.org\/{rel}","templated":true}]}}