{"id":2820,"date":"2024-11-30T03:54:20","date_gmt":"2024-11-30T03:54:20","guid":{"rendered":"https:\/\/rmvapesale.com\/?post_type=product&#038;p=2820"},"modified":"2024-11-30T07:30:19","modified_gmt":"2024-11-30T07:30:19","slug":"bang-32000-puffs-rechargeable-disposable-box-vape-wholesale-double-flavor-switching","status":"publish","type":"product","link":"https:\/\/rmvapesale.com\/pl\/product\/bang-32000-puffs-rechargeable-disposable-box-vape-wholesale-double-flavor-switching\/","title":{"rendered":"Bang 32000 Puffs Jednorazowy Vape z mo\u017cliwo\u015bci\u0105 \u0142adowania, hurtowa sprzeda\u017c z podw\u00f3jnym prze\u0142\u0105czaniem smak\u00f3w"},"content":{"rendered":"<div class=\"B2VR9 CJHX3e\">\n<div class=\"wyccme\">\n<h1 class=\"LC20lb MBeuO DKV0Md\">Bang 32000 Puffs Jednorazowy Vape z mo\u017cliwo\u015bci\u0105 \u0142adowania, hurtowa sprzeda\u017c z podw\u00f3jnym prze\u0142\u0105czaniem smak\u00f3w<\/h1>\n<div class=\"flex-shrink-0 flex flex-col relative items-end\">\n<div class=\"pt-0\">\n<div class=\"gizmo-bot-avatar flex h-8 w-8 items-center justify-center overflow-hidden rounded-full\">\n<div class=\"relative p-1 rounded-sm flex items-center justify-center bg-token-main-surface-primary text-token-text-primary h-8 w-8\">\n<p>Ten <strong>Bang 32000 Zaci\u0105gni\u0119\u0107 Jednorazowy Vape Box z Mo\u017cliwo\u015bci\u0105 \u0141adowania<\/strong>, zaprojektowany z my\u015bl\u0105 o wygodzie, wszechstronno\u015bci i d\u0142ugotrwa\u0142ej satysfakcji. To innowacyjne urz\u0105dzenie redefiniuje jednorazowe vape, oferuj\u0105c niezwyk\u0142\u0105 pojemno\u015b\u0107 32 000 zaci\u0105gni\u0119\u0107 dzi\u0119ki podw\u00f3jnym zbiornikom e-liquidu o pojemno\u015bci 26 ml, b\u0119dziesz cieszy\u0107 si\u0119 wyd\u0142u\u017con\u0105 podr\u00f3\u017c\u0105 z vapingiem bez k\u0142opot\u00f3w z cz\u0119stymi wymianami.<\/p>\n<p>Jedn\u0105 z jego wyr\u00f3\u017cniaj\u0105cych si\u0119 cech jest <strong>technologia prze\u0142\u0105czania podw\u00f3jnego smaku<\/strong>, pozwalaj\u0105ca u\u017cytkownikom p\u0142ynnie prze\u0142\u0105cza\u0107 si\u0119 mi\u0119dzy dwoma smakami w tym samym urz\u0105dzeniu. Ta unikalna funkcja zapewnia r\u00f3\u017cnorodno\u015b\u0107 z ka\u017cdym zaci\u0105gni\u0119ciem, dzi\u0119ki czemu jest idealna dla tych, kt\u00f3rzy lubi\u0105 zmienia\u0107 swoje wra\u017cenia z vapingu w podr\u00f3\u017cy. Uzupe\u0142nieniem tej wszechstronno\u015bci jest mo\u017cliwo\u015b\u0107 dostosowania mocy nikotyny, z opcjami od 0% do 5%, zaspokajaj\u0105c zar\u00f3wno u\u017cytkownik\u00f3w beznikotynowych, jak i tych, kt\u00f3rzy szukaj\u0105 mocniejszych dawek.<\/p>\n<p>Z <strong>12 kusz\u0105cych smak\u00f3w do wyboru<\/strong>, ka\u017cdy znajdzie co\u015b dla siebie. Niezale\u017cnie od tego, czy wolisz owocowe, mentolowe, czy inspirowane deserami profile, to urz\u0105dzenie zapewnia spersonalizowane wra\u017cenia z vapingu, kt\u00f3re nigdy nie staj\u0105 si\u0119 monotonne. Jego elegancki i przeno\u015bny design, w po\u0142\u0105czeniu z niezawodn\u0105 wydajno\u015bci\u0105, czyni go doskona\u0142ym wyborem zar\u00f3wno do u\u017cytku osobistego, jak i na rynki hurtowe. Sprzedawcy detaliczni doceni\u0105 r\u00f3wnie\u017c jego przyci\u0105gaj\u0105ce wzrok opakowanie, dzi\u0119ki czemu jest idealnym dodatkiem do ka\u017cdego <strong>ekspozytora vape<\/strong> w ofercie.<\/p>\n<p>Niezale\u017cnie od tego, czy szukasz \u0142adowalnego<strong>\u00a0jednorazowy vape<\/strong> kt\u00f3ry r\u00f3wnowa\u017cy styl i tre\u015b\u0107, czy <strong>jednorazowego e-papierosa o niskiej zawarto\u015bci nikotyny<\/strong> dostosowanego do konkretnych preferencji, to <strong>Bang 32000 Zaci\u0105gni\u0119\u0107 Jednorazowy Vape Box z Mo\u017cliwo\u015bci\u0105 \u0141adowania<\/strong> jest Twoim rozwi\u0105zaniem. Idealny dla <strong>hurtowni waporyzator\u00f3w<\/strong> dystrybutor\u00f3w i u\u017cytkownik\u00f3w indywidualnych, to urz\u0105dzenie \u0142\u0105czy innowacyjno\u015b\u0107, wygod\u0119 i doskona\u0142\u0105 wydajno\u015b\u0107 w jednym wszechstronnym pakiecie.<\/p>\n<\/div>\n<\/div>\n<\/div>\n<\/div>\n<\/div>\n<\/div>\n<p><strong>Skontaktuj si\u0119 z Amy, aby uzyska\u0107 w\u0142a\u015bciw\u0105 odpowied\u017a i kupon na e-papierosa!<\/strong><\/p>\n<p><img loading=\"lazy\" decoding=\"async\" class=\"size-full wp-image-1978\" src=\"https:\/\/rmvapesale.com\/wp-content\/uploads\/2024\/09\/Disposable-Vape-Wholesale.jpg\" alt=\"Hurtownia Jednorazowych E-papieros\u00f3w\" width=\"229\" height=\"300\" \/><\/p>\n<h3><a href=\"https:\/\/wa.me\/8617776015835\" target=\"_blank\" rel=\"noopener\"><span style=\"color: #ff0000\"><strong>WhatsApp: +86 17776015835<\/strong><\/span><\/a><\/h3>\n<p>&nbsp;<\/p>\n<h2><\/h2>\n<h2><strong>Kluczowe cechy Bang 32000 Zaci\u0105gni\u0119\u0107<\/strong><\/h2>\n<ul>\n<li>Do 32 000 zaci\u0105gni\u0119\u0107 dzi\u0119ki podw\u00f3jnym pojemnikom 26 ml.<\/li>\n<li>Podw\u00f3jne prze\u0142\u0105czanie smak\u00f3w dla urozmaicenia.<\/li>\n<li>Konfigurowalne poziomy nikotyny (0%-5%).<\/li>\n<li>Akumulator 650 mAh z mo\u017cliwo\u015bci\u0105 \u0142adowania przez port Type-C.<\/li>\n<li>Wzmocniony smak dzi\u0119ki grza\u0142ce Mesh Coil 1.0 ohm.<\/li>\n<\/ul>\n<h2><strong>Najlepsze smaki dla Bang 32k<\/strong><\/h2>\n<p>&nbsp;<\/p>\n<p>1. Arbuzowy l\u00f3d + Mi\u0119ta jagodowa <span style=\"color: #ff0000\"><strong>&gt;&gt;&gt;&gt; Gor\u0105ce!<\/strong><\/span><br \/>\n2. Arbuzowy l\u00f3d + Truskawka i mango<br \/>\n3. Truskawka i arbuz + Kiwi Marakuja Guawa<br \/>\n4. Truskawka i arbuz + Mro\u017cone winogrono<br \/>\n5. Malina jagodowa + Brzoskwinia Mango Arbuz<br \/>\n6. Jagodowy arbuz + Truskawkowe mango<br \/>\n7. Jagodowy l\u00f3d + Czarny smoczy l\u00f3d<br \/>\n8. Jagodowy l\u00f3d + Truskawka i banan<br \/>\n9. Red Bull + Jagodowy arbuz <span style=\"color: #ff0000\"><strong>&gt;&gt;&gt;&gt; Najlepsze!<\/strong><\/span><br \/>\n10. Red Bull + Arbuzowy cukierek balonowy<br \/>\n11. Truskawkowe Kiwi + Brzoskwiniowy l\u00f3d<br \/>\n12. Truskawkowe Kiwi + Kwa\u015bna malina jab\u0142kowa<\/p>\n<p>&nbsp;<\/p>\n<h3><strong>Dlaczego warto wybra\u0107 Rmvapesale dla Bang 32000 Puffs <\/strong><strong>V<\/strong><strong>Sprzeda\u017c hurtowa e-papieros\u00f3w<\/strong><strong>?<\/strong><\/h3>\n<div class=\"flex-shrink-0 flex flex-col relative items-end\">\n<div class=\"pt-0\">\n<div class=\"gizmo-bot-avatar flex h-8 w-8 items-center justify-center overflow-hidden rounded-full\">\n<div class=\"relative p-1 rounded-sm flex items-center justify-center bg-token-main-surface-primary text-token-text-primary h-8 w-8\">\n<p>Witaj w Rmvapesale, Twoim zaufanym sklepie z e-papierosami, oferuj\u0105cym jednorazowe produkty najwy\u017cszej jako\u015bci. Z ponad 5-letnim do\u015bwiadczeniem, dostarczamy popularne marki jednorazowych e-papieros\u00f3w, takie jak Al Fakher, Vapme Vape, <a href=\"https:\/\/rmvapesale.com\/pl\/product-category\/bang-vapes\/\">Bang Vape<\/a>, Waspe, WGA Vape i<a href=\"https:\/\/rmvapesale.com\/pl\/product-category\/randm-fumot-vape\/\"> RandM Vape<\/a>.<\/p>\n<p>Nasza oferta obejmuje popularne e-papierosy, takie jak <a href=\"https:\/\/rmvapesale.com\/pl\/product\/randm-tornado-15000-puffs-vape-wholesale\/\">RandM Tornado 15000<\/a> oraz bogate w smaki, jak Vapme 70000. Ka\u017cdy produkt jest wybierany z naciskiem na jako\u015b\u0107, warto\u015b\u0107 i r\u00f3\u017cnorodno\u015b\u0107, zapewniaj\u0105c, \u017ce znajdziesz idealne dopasowanie do swoich potrzeb. Odkryj wyj\u0105tkow\u0105 obs\u0142ug\u0119 i szeroki wyb\u00f3r najlepszych produkt\u00f3w w Rmvapesale.<\/p>\n<\/div>\n<h3><\/h3>\n<div class=\"relative p-1 rounded-sm flex items-center justify-center bg-token-main-surface-primary text-token-text-primary h-8 w-8\">\n<h3><b> FAQ dla Bang 32<\/b><b>Jednorazowy Vape K z mo\u017cliwo\u015bci\u0105 \u0142adowania<\/b><\/h3>\n<div class=\"group\/conversation-turn relative flex w-full min-w-0 flex-col agent-turn\">\n<div class=\"flex-col gap-1 md:gap-3\">\n<div class=\"flex max-w-full flex-col flex-grow\">\n<div class=\"min-h-8 text-message flex w-full flex-col items-end gap-2 whitespace-normal break-words [.text-message+&amp;]:mt-5\" dir=\"auto\" data-message-author-role=\"assistant\" data-message-id=\"00c9b302-bc9c-4550-94ba-5a295efa2be3\" data-message-model-slug=\"gpt-4o\">\n<div class=\"flex w-full flex-col gap-1 empty:hidden first:pt-[3px]\">\n<div class=\"markdown prose w-full break-words dark:prose-invert light\">\n<div class=\"flex-shrink-0 flex flex-col relative items-end\">\n<div>\n<div class=\"pt-0\">\n<div class=\"gizmo-bot-avatar flex h-8 w-8 items-center justify-center overflow-hidden rounded-full\">\n<div class=\"relative p-1 rounded-sm flex items-center justify-center bg-token-main-surface-primary text-token-text-primary h-8 w-8\">\n<div class=\"flex-shrink-0 flex flex-col relative items-end\">\n<div>\n<div class=\"pt-0\">\n<div class=\"gizmo-bot-avatar flex h-8 w-8 items-center justify-center overflow-hidden rounded-full\">\n<div class=\"relative p-1 rounded-sm flex items-center justify-center bg-token-main-surface-primary text-token-text-primary h-8 w-8\">\n<p>&nbsp;<\/p>\n<p><strong>Ile Wdech\u00f3w Zapewnia Bang Box 32000?<\/strong><br \/>\nBang Box 32000 oferuje imponuj\u0105ce 32 000 wdech\u00f3w dzi\u0119ki podw\u00f3jnym pojemnikom na e-liquid o pojemno\u015bci 26 ml, co zapewnia u\u017cytkownikom d\u0142ugotrwa\u0142e zadowolenie.<\/p>\n<p><strong>Jak D\u0142ugo Dzia\u0142a Popularny Jednorazowy Vape Pen Bang Box 32K?<\/strong><br \/>\nD\u0142ugo\u015b\u0107 dzia\u0142ania Bang Box 32K zale\u017cy od nawyk\u00f3w u\u017cytkowania. Dla umiarkowanych u\u017cytkownik\u00f3w mo\u017ce wystarczy\u0107 na kilka tygodni, co czyni go doskona\u0142ym wyborem do d\u0142ugotrwa\u0142ego u\u017cytkowania bez cz\u0119stej wymiany.<\/p>\n<p><strong>Jakie S\u0105 Popularne Smaki Jednorazowego Boxa Bang Vape 32000 Wdech\u00f3w?<\/strong><br \/>\nNiekt\u00f3re z popularnych smak\u00f3w to owocowe mieszanki, takie jak Mango Ice, Lush Ice i Blueberry Raspberry, a tak\u017ce inspirowane deserami opcje i orze\u017awiaj\u0105ce mentolowe wybory. Zr\u00f3\u017cnicowany wyb\u00f3r smak\u00f3w zaspokaja r\u00f3\u017cnorodne preferencje smakowe.<\/p>\n<p><strong>Ile Czasu Zajmuje Na\u0142adowanie Vape Bang Box 32K z Mo\u017cliwo\u015bci\u0105 \u0141adowania?<\/strong><br \/>\n\u0141adowanie Bang Box 32K zajmuje oko\u0142o 1-2 godzin przy u\u017cyciu portu \u0142adowania Type-C, zapewniaj\u0105c niezawodne zasilanie dla nieprzerwanych sesji wapowania.<\/p>\n<p><strong>Ile Nikotyny Zawiera Jednorazowy Vape Bang 32000 Wdech\u00f3w?<\/strong><br \/>\nBang 32000 umo\u017cliwia dostosowanie poziom\u00f3w nikotyny, z opcjami obejmuj\u0105cymi 0%, 2%, 3% i 5%, dzi\u0119ki czemu jest odpowiedni dla r\u00f3\u017cnych preferencji u\u017cytkownik\u00f3w.<\/p>\n<\/div>\n<\/div>\n<\/div>\n<\/div>\n<\/div>\n<\/div>\n<\/div>\n<\/div>\n<\/div>\n<\/div>\n<div class=\"group\/conversation-turn relative flex w-full min-w-0 flex-col agent-turn\">\n<div class=\"flex-col gap-1 md:gap-3\">\n<div class=\"flex max-w-full flex-col flex-grow\">\n<div class=\"min-h-8 text-message flex w-full flex-col items-end gap-2 whitespace-normal break-words [.text-message+&amp;]:mt-5\" dir=\"auto\" data-message-author-role=\"assistant\" data-message-id=\"a3dc01bd-23b0-4fd7-bb9a-7827522cefd8\" data-message-model-slug=\"gpt-4o\">\n<div class=\"flex w-full flex-col gap-1 empty:hidden first:pt-[3px]\"><\/div>\n<\/div>\n<\/div>\n<\/div>\n<\/div>\n<\/div>\n<\/div>\n<\/div>\n<\/div>\n<\/div>\n<\/div>\n<\/div>\n<\/div>\n<\/div>\n<\/div>\n<h3>O wysy\u0142ce<\/h3>\n<div class=\"flex-shrink-0 flex flex-col relative items-end\">\n<div>\n<div class=\"pt-0\">\n<div class=\"gizmo-bot-avatar flex h-8 w-8 items-center justify-center overflow-hidden rounded-full\">\n<div><\/div>\n<div class=\"relative p-1 rounded-sm flex items-center justify-center bg-token-main-surface-primary text-token-text-primary h-8 w-8\"><strong>1. Jakie metody wysy\u0142ki s\u0105 stosowane?<\/strong><\/div>\n<\/div>\n<\/div>\n<\/div>\n<\/div>\n<div class=\"group\/conversation-turn relative flex w-full min-w-0 flex-col agent-turn\">\n<div class=\"flex-col gap-1 md:gap-3\">\n<div class=\"flex max-w-full flex-col flex-grow\">\n<div class=\"min-h-[20px] text-message flex w-full flex-col items-end gap-2 whitespace-normal break-words [.text-message+&amp;]:mt-5 overflow-x-auto\" dir=\"auto\" data-message-author-role=\"assistant\" data-message-id=\"22f8283b-3233-46ff-89a5-c7a41b33abda\">\n<div class=\"flex w-full flex-col gap-1 empty:hidden first:pt-[3px]\">\n<div class=\"markdown prose w-full break-words dark:prose-invert light\">\n<p>Wsp\u00f3\u0142pracujemy z UPS, DHL, FedEx, DPD i innymi wiod\u0105cymi przewo\u017anikami. Wybierzemy najlepsz\u0105 metod\u0119 wysy\u0142ki w oparciu o Twoj\u0105 lokalizacj\u0119, aby zapewni\u0107, \u017ce otrzymasz swoje produkty tak szybko, jak to mo\u017cliwe.<\/p>\n<\/div>\n<p><strong>2. Ile czasu zajmuje dostawa?<\/strong><\/p>\n<p>Paczki wysy\u0142ane do Polski zazwyczaj docieraj\u0105 w ci\u0105gu 10 dni roboczych. Wysy\u0142ka do innych kraj\u00f3w europejskich trwa zwykle oko\u0142o 12-15 dni roboczych. B\u0119dziemy dostarcza\u0107 aktualizacje w czasie rzeczywistym na temat statusu Twojej przesy\u0142ki.<\/p>\n<\/div>\n<\/div>\n<\/div>\n<\/div>\n<\/div>\n<p>&nbsp;<\/p>\n<p>Znajd\u017a wi\u0119cej produkt\u00f3w Vape, kt\u00f3re mog\u0105 Ci si\u0119 spodoba\u0107:<strong><em><a href=\"https:\/\/rmvapesale.com\/pl\/shop-2\/\">kup teraz &gt;&gt;&gt;<\/a><\/em><\/strong><\/p>","protected":false},"excerpt":{"rendered":"<p>Bang kingdoms 32k Zaci\u0105gni\u0119\u0107 Jednorazowy o podw\u00f3jnych smakach<br \/>\nBang Vape 32000 Zaci\u0105gni\u0119\u0107 Hurtowy Jednorazowy Vape<br \/>\nFabrycznie Hurtowy Bang 32000 Zaci\u0105gni\u0119\u0107 Vape Jednorazowy<\/p>\n<p><img loading=\"lazy\" decoding=\"async\" class=\"size-full wp-image-2375\" src=\"https:\/\/rmvapesale.com\/wp-content\/uploads\/2024\/10\/image.png\" alt=\"Najlepszy Jednorazowy E-papieros\" width=\"229\" height=\"300\" \/><\/p>\n<h3><a href=\"https:\/\/wa.me\/8617776015835\"><span style=\"color: #ff0000\"><strong>WhatsApp: +86 17776015835<\/strong><\/span><\/a><\/h3>\n<p>&nbsp;<\/p>","protected":false},"featured_media":2821,"comment_status":"open","ping_status":"closed","template":"","meta":{"_uag_custom_page_level_css":"","_lmt_disableupdate":"no","_lmt_disable":"","site-sidebar-layout":"default","site-content-layout":"content-boxed-container","ast-site-content-layout":"normal-width-container","site-content-style":"boxed","site-sidebar-style":"unboxed","ast-global-header-display":"","ast-banner-title-visibility":"","ast-main-header-display":"","ast-hfb-above-header-display":"","ast-hfb-below-header-display":"","ast-hfb-mobile-header-display":"","site-post-title":"","ast-breadcrumbs-content":"","ast-featured-img":"","footer-sml-layout":"","theme-transparent-header-meta":"default","adv-header-id-meta":"","stick-header-meta":"","header-above-stick-meta":"","header-main-stick-meta":"","header-below-stick-meta":"","astra-migrate-meta-layouts":"set","ast-page-background-enabled":"default","ast-page-background-meta":{"desktop":{"background-color":"var(--ast-global-color-4)","background-image":"","background-repeat":"repeat","background-position":"center center","background-size":"auto","background-attachment":"scroll","background-type":"","background-media":"","overlay-type":"","overlay-color":"","overlay-opacity":"","overlay-gradient":""},"tablet":{"background-color":"","background-image":"","background-repeat":"repeat","background-position":"center center","background-size":"auto","background-attachment":"scroll","background-type":"","background-media":"","overlay-type":"","overlay-color":"","overlay-opacity":"","overlay-gradient":""},"mobile":{"background-color":"","background-image":"","background-repeat":"repeat","background-position":"center center","background-size":"auto","background-attachment":"scroll","background-type":"","background-media":"","overlay-type":"","overlay-color":"","overlay-opacity":"","overlay-gradient":""}},"ast-content-background-meta":{"desktop":{"background-color":"var(--ast-global-color-5)","background-image":"","background-repeat":"repeat","background-position":"center center","background-size":"auto","background-attachment":"scroll","background-type":"","background-media":"","overlay-type":"","overlay-color":"","overlay-opacity":"","overlay-gradient":""},"tablet":{"background-color":"var(--ast-global-color-5)","background-image":"","background-repeat":"repeat","background-position":"center center","background-size":"auto","background-attachment":"scroll","background-type":"","background-media":"","overlay-type":"","overlay-color":"","overlay-opacity":"","overlay-gradient":""},"mobile":{"background-color":"var(--ast-global-color-5)","background-image":"","background-repeat":"repeat","background-position":"center center","background-size":"auto","background-attachment":"scroll","background-type":"","background-media":"","overlay-type":"","overlay-color":"","overlay-opacity":"","overlay-gradient":""}},"_joinchat":[]},"product_brand":[],"product_cat":[15,25,123,26,28,135,27,137,30],"product_tag":[233,187,199],"class_list":{"0":"post-2820","1":"product","2":"type-product","3":"status-publish","4":"has-post-thumbnail","6":"product_cat-new-vape-this-week","7":"product_cat-germany-best-selling-vape","8":"product_cat-italy-wholesale-vape","9":"product_cat-netherlands-hot-sale-vape","10":"product_cat-poland-hot-sale-vape","11":"product_cat-spain-best-hot-sale-vape","12":"product_cat-fance-hot-sale-vape","13":"product_cat-rechargeable-vapes","14":"product_cat-minimum-order-quantity-50pcs","15":"product_tag-bang-32000","16":"product_tag-bang-box-vape","17":"product_tag-bang-vape","18":"desktop-align-left","19":"tablet-align-left","20":"mobile-align-left","22":"first","23":"instock","24":"sale","25":"shipping-taxable","26":"purchasable","27":"product-type-simple"},"uagb_featured_image_src":{"full":["https:\/\/rmvapesale.com\/wp-content\/uploads\/2024\/11\/Bang-32000-Puffs-Wholesale-Disposable-Vape.png",1126,1126,false],"thumbnail":["https:\/\/rmvapesale.com\/wp-content\/uploads\/2024\/11\/Bang-32000-Puffs-Wholesale-Disposable-Vape-150x150.png",150,150,true],"medium":["https:\/\/rmvapesale.com\/wp-content\/uploads\/2024\/11\/Bang-32000-Puffs-Wholesale-Disposable-Vape-300x300.png",300,300,true],"medium_large":["https:\/\/rmvapesale.com\/wp-content\/uploads\/2024\/11\/Bang-32000-Puffs-Wholesale-Disposable-Vape-768x768.png",768,768,true],"large":["https:\/\/rmvapesale.com\/wp-content\/uploads\/2024\/11\/Bang-32000-Puffs-Wholesale-Disposable-Vape-1024x1024.png",1024,1024,true],"1536x1536":["https:\/\/rmvapesale.com\/wp-content\/uploads\/2024\/11\/Bang-32000-Puffs-Wholesale-Disposable-Vape.png",1126,1126,false],"2048x2048":["https:\/\/rmvapesale.com\/wp-content\/uploads\/2024\/11\/Bang-32000-Puffs-Wholesale-Disposable-Vape.png",1126,1126,false],"trp-custom-language-flag":["https:\/\/rmvapesale.com\/wp-content\/uploads\/2024\/11\/Bang-32000-Puffs-Wholesale-Disposable-Vape.png",12,12,false],"woocommerce_thumbnail":["https:\/\/rmvapesale.com\/wp-content\/uploads\/2024\/11\/Bang-32000-Puffs-Wholesale-Disposable-Vape-300x300.png",300,300,true],"woocommerce_single":["https:\/\/rmvapesale.com\/wp-content\/uploads\/2024\/11\/Bang-32000-Puffs-Wholesale-Disposable-Vape-600x600.png",600,600,true],"woocommerce_gallery_thumbnail":["https:\/\/rmvapesale.com\/wp-content\/uploads\/2024\/11\/Bang-32000-Puffs-Wholesale-Disposable-Vape-100x100.png",100,100,true],"wcpr-photo-reviews":["https:\/\/rmvapesale.com\/wp-content\/uploads\/2024\/11\/Bang-32000-Puffs-Wholesale-Disposable-Vape.png",500,500,false]},"uagb_author_info":{"display_name":"AMY","author_link":"https:\/\/rmvapesale.com\/pl\/author\/"},"uagb_comment_info":0,"uagb_excerpt":"Bang kingdoms 32k Puffs dual flavors Disposable Bang Vape 32000 Puffs Wholesale Disposable Vape Factory Wholesale Bang 32000 Puff Vape Disposable WhatsApp: +86 17776015835 &nbsp;","_links":{"self":[{"href":"https:\/\/rmvapesale.com\/pl\/wp-json\/wp\/v2\/product\/2820","targetHints":{"allow":["GET"]}}],"collection":[{"href":"https:\/\/rmvapesale.com\/pl\/wp-json\/wp\/v2\/product"}],"about":[{"href":"https:\/\/rmvapesale.com\/pl\/wp-json\/wp\/v2\/types\/product"}],"replies":[{"embeddable":true,"href":"https:\/\/rmvapesale.com\/pl\/wp-json\/wp\/v2\/comments?post=2820"}],"wp:featuredmedia":[{"embeddable":true,"href":"https:\/\/rmvapesale.com\/pl\/wp-json\/wp\/v2\/media\/2821"}],"wp:attachment":[{"href":"https:\/\/rmvapesale.com\/pl\/wp-json\/wp\/v2\/media?parent=2820"}],"wp:term":[{"taxonomy":"product_brand","embeddable":true,"href":"https:\/\/rmvapesale.com\/pl\/wp-json\/wp\/v2\/product_brand?post=2820"},{"taxonomy":"product_cat","embeddable":true,"href":"https:\/\/rmvapesale.com\/pl\/wp-json\/wp\/v2\/product_cat?post=2820"},{"taxonomy":"product_tag","embeddable":true,"href":"https:\/\/rmvapesale.com\/pl\/wp-json\/wp\/v2\/product_tag?post=2820"}],"curies":[{"name":"wp","href":"https:\/\/api.w.org\/{rel}","templated":true}]}}