{"id":2831,"date":"2024-12-02T03:50:09","date_gmt":"2024-12-02T03:50:09","guid":{"rendered":"https:\/\/rmvapesale.com\/?post_type=product&#038;p=2831"},"modified":"2024-12-03T09:57:39","modified_gmt":"2024-12-03T09:57:39","slug":"randm-tornado-15000-puff-fumot-vape-bulk-buy-price","status":"publish","type":"product","link":"https:\/\/rmvapesale.com\/pl\/product\/randm-tornado-15000-puff-fumot-vape-bulk-buy-price\/","title":{"rendered":"RandM Tornado 15000 Puff Fumot Vape Cena zakupu hurtowego"},"content":{"rendered":"<div class=\"B2VR9 CJHX3e\">\n<div class=\"wyccme\">\n<h1 class=\"LC20lb MBeuO DKV0Md\">RandM Tornado 15000 Puff Fumot Vape Cena zakupu hurtowego<\/h1>\n<div class=\"flex-shrink-0 flex flex-col relative items-end\">\n<div class=\"pt-0\">\n<div class=\"gizmo-bot-avatar flex h-8 w-8 items-center justify-center overflow-hidden rounded-full\">\n<div class=\"relative p-1 rounded-sm flex items-center justify-center bg-token-main-surface-primary text-token-text-primary h-8 w-8\">\n<p>Ten <strong>RandM Tornado 15000 Puf\u00f3w Fumot Vape<\/strong> jest idealnym po\u0142\u0105czeniem wydajno\u015bci i stylu, co czyni go najlepszym wyborem dla palaczy szukaj\u0105cych wysokiej klasy jednorazowego urz\u0105dzenia. Oferuj\u0105c imponuj\u0105ce <strong>15 000 zaci\u0105gni\u0119\u0107<\/strong>, ten <strong>jednorazowy e-papieros z mo\u017cliwo\u015bci\u0105 \u0142adowania<\/strong> jest zasilany przez <strong>bateri\u0119 850mAh<\/strong> z szybkim i wygodnym <strong>\u0142adowaniem USB typu-C<\/strong>.<\/p>\n<p>Jedn\u0105 z wyr\u00f3\u017cniaj\u0105cych si\u0119 cech jest jego \u017cywy <strong>wy\u015bwietlaczowi LED<\/strong>, kt\u00f3ry zapewnia aktualizacje w czasie rzeczywistym dotycz\u0105ce poziomu na\u0142adowania baterii i poziomu oleju. To zapewnia, \u017ce nigdy nie zabraknie Ci energii lub e-liquidu niespodziewanie, dodaj\u0105c warstw\u0119 wygody do Twojego do\u015bwiadczenia vapingowego. W po\u0142\u0105czeniu z zaawansowanym <strong>technologia grza\u0142ki siatkowej<\/strong>, vape zapewnia jednolicie g\u0142adki parowanie i bogaty smak od pocz\u0105tku do ko\u0144ca.<\/p>\n<p>Z <strong>41 nieodpartych smak\u00f3w<\/strong> do wyboru, w tym owocowe, mentolowe i inspirowane deserami profile, jest co\u015b dla ka\u017cdego podniebienia. Popularne opcje, takie jak Mango Ice, Truskawka Arbuz i Jagoda Malina, zosta\u0142y zaprojektowane, aby zapewni\u0107 satysfakcjonuj\u0105ce i od\u015bwie\u017caj\u0105ce do\u015bwiadczenie. Niezale\u017cnie od tego, czy jeste\u015b pocz\u0105tkuj\u0105cym, czy do\u015bwiadczonym palaczem, <strong>RandM 15000<\/strong> oferuje konfigurowaln\u0105 moc nikotyny <strong>2% lub 5%<\/strong>, dostosowan\u0105 do r\u00f3\u017cnych preferencji.<\/p>\n<p>Kompaktowy, przeno\u015bny i stylowy, <strong>RandM Vape 15000<\/strong> jest idealny do u\u017cytku osobistego lub zakup\u00f3w hurtowych dla <strong>hurtowni waporyzator\u00f3w<\/strong>. Podnie\u015b swoj\u0105 podr\u00f3\u017c z wapowaniem dzi\u0119ki temu innowacyjnemu, wysokowydajnemu urz\u0105dzeniu, kt\u00f3re \u0142\u0105czy najnowocze\u015bniejsze funkcje z eleganck\u0105, przyjazn\u0105 dla u\u017cytkownika konstrukcj\u0105.<\/p>\n<\/div>\n<\/div>\n<\/div>\n<\/div>\n<\/div>\n<\/div>\n<p><strong>Skontaktuj si\u0119 z Amy, aby uzyska\u0107 w\u0142a\u015bciw\u0105 odpowied\u017a i kupon na e-papierosa!<\/strong><\/p>\n<p><img loading=\"lazy\" decoding=\"async\" class=\"size-full wp-image-1978\" src=\"https:\/\/rmvapesale.com\/wp-content\/uploads\/2024\/09\/Disposable-Vape-Wholesale.jpg\" alt=\"Hurtownia Jednorazowych E-papieros\u00f3w\" width=\"229\" height=\"300\" \/><\/p>\n<h3><a href=\"https:\/\/wa.me\/8617776015835\" target=\"_blank\" rel=\"noopener\"><span style=\"color: #ff0000\"><strong>WhatsApp: +86 17776015835<\/strong><\/span><\/a><\/h3>\n<p>&nbsp;<\/p>\n<h2><\/h2>\n<h2><strong>Kluczowe cechy RandM Tornado 15000<\/strong><\/h2>\n<ul>\n<li>Do 32 000 zaci\u0105gni\u0119\u0107 dzi\u0119ki podw\u00f3jnym pojemnikom 26 ml.<\/li>\n<li>Podw\u00f3jne prze\u0142\u0105czanie smak\u00f3w dla urozmaicenia.<\/li>\n<li>Konfigurowalne poziomy nikotyny (0%-5%).<\/li>\n<li>Akumulator 650 mAh z mo\u017cliwo\u015bci\u0105 \u0142adowania przez port Type-C.<\/li>\n<li>Wzmocniony smak dzi\u0119ki grza\u0142ce Mesh Coil 1.0 ohm.<\/li>\n<\/ul>\n<h2><strong>Najlepsze smaki dla RandM Tornado 15k<\/strong><\/h2>\n<p>&nbsp;<\/p>\n<p>1. Blue Razz Lemonade (Lemoniada z niebieskiej maliny)<br \/>\n2. Peach Ice (Brzoskwinia z lodem)<br \/>\n3. Sour Apple (Kwa\u015bne jab\u0142ko)<br \/>\n4. Arbuzowy L\u00f3d<br \/>\n5. Blueberry On Ice (Jagoda z lodem)<br \/>\n6. Bor\u00f3wka Malina<br \/>\n7. Pineapple Ice (Ananas z lodem)<br \/>\n8. Cherry (Wi\u015bnia)<br \/>\n9. Truskawkowy L\u00f3d<br \/>\n10. Vimto<br \/>\n11. Grape Ice (Winogrono z lodem)<br \/>\n12. Cola Ice (Cola z lodem)<br \/>\n13. Strawberry Watermelon (Truskawkowy arbuz)<br \/>\n14. Pink Lemonade (R\u00f3\u017cowa lemoniada)<br \/>\n15. Mixed Berry (Mieszanka jag\u00f3d)<br \/>\n16. Peach Mango (Brzoskwinia Mango)<br \/>\n17. Dragon Fruit (Smoczy owoc)<br \/>\n18. Strawberry Grape (Truskawkowe winogrono)<br \/>\n19. Mr Blue<br \/>\n20. Bujny L\u00f3d<br \/>\n21.Lody na patyku<br \/>\n22.Truskawka Kiwi<br \/>\n23.Kiwi Marakuja Guawa<br \/>\n24.Trzy Owoce Le\u015bne<br \/>\n25.Bananowa Lody<br \/>\n26.Brzoskwinia Bor\u00f3wka Cukierek<br \/>\n27. Jab\u0142ko brzoskwinia gruszka<br \/>\n28. Lemoniada jagodowa<br \/>\n29. Niebieska malina wi\u015bnia<br \/>\n30. Guma balonowa jagodowa<br \/>\n31. Jagoda wi\u015bnia \u017curawina<br \/>\n32. Jagoda z granatem<br \/>\n33. Kwa\u015bna malina<br \/>\n34. Cherry Cola<br \/>\n35.Gumowy Mi\u015b<br \/>\n36. Cytryna<br \/>\n37.Mango na Lodzie<br \/>\n38. Czerwony energetyk z lodem<br \/>\n39. Truskawka z bananem<br \/>\n40. Truskawkowy Red Bull<br \/>\n41. Lemoniada truskawkowo-arbuzowa<br \/>\n42.Lemoniada z Limonk\u0105 na Lodzie<br \/>\n43.Lemoniada Brzoskwinia na Lodzie<br \/>\n44. Fizzy Cherry<br \/>\n45. Skittles<\/p>\n<p>&nbsp;<\/p>\n<h3><strong>Dlaczego warto wybra\u0107 Rmvapesale dla Fumot Vape 15k\u00a0<\/strong><strong>V<\/strong><strong>Sprzeda\u017c hurtowa e-papieros\u00f3w<\/strong><strong>?<\/strong><\/h3>\n<div class=\"flex-shrink-0 flex flex-col relative items-end\">\n<div class=\"pt-0\">\n<div class=\"gizmo-bot-avatar flex h-8 w-8 items-center justify-center overflow-hidden rounded-full\">\n<div class=\"relative p-1 rounded-sm flex items-center justify-center bg-token-main-surface-primary text-token-text-primary h-8 w-8\">\n<p>Witaj w Rmvapesale, Twoim zaufanym sklepie z e-papierosami, oferuj\u0105cym jednorazowe produkty najwy\u017cszej jako\u015bci. Z ponad 5-letnim do\u015bwiadczeniem, dostarczamy popularne marki jednorazowych e-papieros\u00f3w, takie jak Al Fakher, Vapme Vape, <a href=\"https:\/\/rmvapesale.com\/pl\/product-category\/bang-vapes\/\">Bang Vape<\/a>, Waspe, WGA Vape i<a href=\"https:\/\/rmvapesale.com\/pl\/product-category\/randm-fumot-vape\/\"> RandM Vape<\/a>.<\/p>\n<p>Nasza oferta obejmuje popularne e-papierosy, takie jak <a href=\"https:\/\/rmvapesale.com\/pl\/product\/randm-tornado-15000-puffs-vape-wholesale\/\">RandM Tornado 15000<\/a> oraz bogate w smaki, jak Vapme 70000. Ka\u017cdy produkt jest wybierany z naciskiem na jako\u015b\u0107, warto\u015b\u0107 i r\u00f3\u017cnorodno\u015b\u0107, zapewniaj\u0105c, \u017ce znajdziesz idealne dopasowanie do swoich potrzeb. Odkryj wyj\u0105tkow\u0105 obs\u0142ug\u0119 i szeroki wyb\u00f3r najlepszych produkt\u00f3w w Rmvapesale.<\/p>\n<\/div>\n<h3><\/h3>\n<div class=\"relative p-1 rounded-sm flex items-center justify-center bg-token-main-surface-primary text-token-text-primary h-8 w-8\">\n<h3><b> cURL Too many subrequests. <\/b><b>Jednorazowy e-papieros z mo\u017cliwo\u015bci\u0105 \u0142adowania<\/b><\/h3>\n<div class=\"group\/conversation-turn relative flex w-full min-w-0 flex-col agent-turn\">\n<div class=\"flex-col gap-1 md:gap-3\">\n<div class=\"flex max-w-full flex-col flex-grow\">\n<div class=\"min-h-8 text-message flex w-full flex-col items-end gap-2 whitespace-normal break-words [.text-message+&amp;]:mt-5\" dir=\"auto\" data-message-author-role=\"assistant\" data-message-id=\"00c9b302-bc9c-4550-94ba-5a295efa2be3\" data-message-model-slug=\"gpt-4o\">\n<div class=\"flex w-full flex-col gap-1 empty:hidden first:pt-[3px]\">\n<div class=\"markdown prose w-full break-words dark:prose-invert light\">\n<div class=\"flex-shrink-0 flex flex-col relative items-end\">\n<div>\n<div class=\"pt-0\">\n<div class=\"gizmo-bot-avatar flex h-8 w-8 items-center justify-center overflow-hidden rounded-full\">\n<div class=\"relative p-1 rounded-sm flex items-center justify-center bg-token-main-surface-primary text-token-text-primary h-8 w-8\">\n<div class=\"flex-shrink-0 flex flex-col relative items-end\">\n<div>\n<div class=\"pt-0\">\n<div class=\"gizmo-bot-avatar flex h-8 w-8 items-center justify-center overflow-hidden rounded-full\">\n<div class=\"relative p-1 rounded-sm flex items-center justify-center bg-token-main-surface-primary text-token-text-primary h-8 w-8\">\n<p>&nbsp;<\/p>\n<p><strong>Gdzie kupi\u0107 e-papierosa RandM Tornado 15000 Puffs w hurtowej cenie w Polsce<\/strong><br \/>\nAby kupi\u0107 e-papieros RandM Tornado 15000 Puffs w hurtowych cenach w Polsce, skontaktuj si\u0119 z autoryzowanymi dystrybutorami lub hurtowymi dostawcami e-papieros\u00f3w online specjalizuj\u0105cymi si\u0119 w produktach RandM Vape. Upewnij si\u0119, \u017ce dostawca oferuje oryginalne produkty i przestrzega przepis\u00f3w UE.<\/p>\n<p><strong>Ile puf\u00f3w zapewnia Fumot Vape 15000?<\/strong><br \/>\nFumot Vape 15000 zapewnia do 15 000 puf\u00f3w, oferuj\u0105c wyj\u0105tkow\u0105 trwa\u0142o\u015b\u0107 i warto\u015b\u0107 dla u\u017cytkownik\u00f3w.<\/p>\n<p><strong>Jak d\u0142ugo wytrzymuje popularny jednorazowy e-papieros RandM Tornado 15k?<\/strong><br \/>\nJednorazowy e-papieros RandM Tornado 15k mo\u017ce wytrzyma\u0107 od dw\u00f3ch do trzech tygodni dla umiarkowanych u\u017cytkownik\u00f3w, w zale\u017cno\u015bci od wzorc\u00f3w u\u017cycia i cz\u0119stotliwo\u015bci.<\/p>\n<p><strong>Jakie s\u0105 popularne smaki w pude\u0142ku jednorazowym Fumot 15000 Puffs?<\/strong><br \/>\nPopularne smaki dla Fumot 15000 Puffs to Mango Ice, Truskawka Arbuz oraz Jagoda Malina, a tak\u017ce inne owoce, mentol i desery z szerokiego wyboru smak\u00f3w.<\/p>\n<p><strong>Ile czasu zajmuje na\u0142adowanie e-papierosa RandM 15k Rechargeable?<\/strong><br \/>\nNa\u0142adowanie e-papierosa RandM 15k Rechargeable trwa oko\u0142o 1-2 godziny, dzi\u0119ki technologii szybkiego \u0142adowania USB Type-C.<\/p>\n<p><strong>Ile nikotyny zawiera jednorazowy e-papieros RandM Tornado 15000?<\/strong><br \/>\nJednorazowy e-papieros RandM Tornado 15000 oferuje moc nikotyny 2% (20mg) i 5% (50mg), zapewniaj\u0105c opcje dla r\u00f3\u017cnych preferencji u\u017cytkownik\u00f3w.<\/p>\n<\/div>\n<\/div>\n<\/div>\n<\/div>\n<\/div>\n<\/div>\n<\/div>\n<\/div>\n<\/div>\n<\/div>\n<div class=\"group\/conversation-turn relative flex w-full min-w-0 flex-col agent-turn\">\n<div class=\"flex-col gap-1 md:gap-3\">\n<div class=\"flex max-w-full flex-col flex-grow\">\n<div class=\"min-h-8 text-message flex w-full flex-col items-end gap-2 whitespace-normal break-words [.text-message+&amp;]:mt-5\" dir=\"auto\" data-message-author-role=\"assistant\" data-message-id=\"a3dc01bd-23b0-4fd7-bb9a-7827522cefd8\" data-message-model-slug=\"gpt-4o\">\n<div class=\"flex w-full flex-col gap-1 empty:hidden first:pt-[3px]\"><\/div>\n<\/div>\n<\/div>\n<\/div>\n<\/div>\n<\/div>\n<\/div>\n<\/div>\n<\/div>\n<\/div>\n<\/div>\n<\/div>\n<\/div>\n<\/div>\n<\/div>\n<h3>O wysy\u0142ce<\/h3>\n<div class=\"flex-shrink-0 flex flex-col relative items-end\">\n<div>\n<div class=\"pt-0\">\n<div class=\"gizmo-bot-avatar flex h-8 w-8 items-center justify-center overflow-hidden rounded-full\">\n<div><\/div>\n<div class=\"relative p-1 rounded-sm flex items-center justify-center bg-token-main-surface-primary text-token-text-primary h-8 w-8\"><strong>1. Jakie metody wysy\u0142ki s\u0105 stosowane?<\/strong><\/div>\n<\/div>\n<\/div>\n<\/div>\n<\/div>\n<div class=\"group\/conversation-turn relative flex w-full min-w-0 flex-col agent-turn\">\n<div class=\"flex-col gap-1 md:gap-3\">\n<div class=\"flex max-w-full flex-col flex-grow\">\n<div class=\"min-h-[20px] text-message flex w-full flex-col items-end gap-2 whitespace-normal break-words [.text-message+&amp;]:mt-5 overflow-x-auto\" dir=\"auto\" data-message-author-role=\"assistant\" data-message-id=\"22f8283b-3233-46ff-89a5-c7a41b33abda\">\n<div class=\"flex w-full flex-col gap-1 empty:hidden first:pt-[3px]\">\n<div class=\"markdown prose w-full break-words dark:prose-invert light\">\n<p>Wsp\u00f3\u0142pracujemy z UPS, DHL, FedEx, DPD i innymi wiod\u0105cymi przewo\u017anikami. Wybierzemy najlepsz\u0105 metod\u0119 wysy\u0142ki w oparciu o Twoj\u0105 lokalizacj\u0119, aby zapewni\u0107, \u017ce otrzymasz swoje produkty tak szybko, jak to mo\u017cliwe.<\/p>\n<\/div>\n<p><strong>2. Ile czasu zajmuje dostawa?<\/strong><\/p>\n<p>Paczki wysy\u0142ane do Polski zazwyczaj docieraj\u0105 w ci\u0105gu 10 dni roboczych. Wysy\u0142ka do innych kraj\u00f3w europejskich trwa zwykle oko\u0142o 12-15 dni roboczych. B\u0119dziemy dostarcza\u0107 aktualizacje w czasie rzeczywistym na temat statusu Twojej przesy\u0142ki.<\/p>\n<\/div>\n<\/div>\n<\/div>\n<\/div>\n<\/div>\n<p>&nbsp;<\/p>\n<p>Znajd\u017a wi\u0119cej produkt\u00f3w Vape, kt\u00f3re mog\u0105 Ci si\u0119 spodoba\u0107:<strong><em><a href=\"https:\/\/rmvapesale.com\/pl\/shop-2\/\">kup teraz &gt;&gt;&gt;<\/a><\/em><\/strong><\/p>","protected":false},"excerpt":{"rendered":"<p>Randm Tornado 15000 Puf\u00f3w Fumot Cyfrowy Jednorazowy Vape<br \/>\nRandm 15000 Fumot Tornado Vape Hurtowa<br \/>\nFumot RandM 15k Jednorazowy Vape Hurtowa Cena<\/p>\n<p><img loading=\"lazy\" decoding=\"async\" class=\"size-full wp-image-2375\" src=\"https:\/\/rmvapesale.com\/wp-content\/uploads\/2024\/10\/image.png\" alt=\"Najlepszy Jednorazowy E-papieros\" width=\"229\" height=\"300\" \/><\/p>\n<h3><a href=\"https:\/\/wa.me\/8617776015835\"><span style=\"color: #ff0000\"><strong>WhatsApp: +86 17776015835<\/strong><\/span><\/a><\/h3>\n<p>&nbsp;<\/p>","protected":false},"featured_media":2826,"comment_status":"open","ping_status":"closed","template":"","meta":{"_uag_custom_page_level_css":"","_lmt_disableupdate":"no","_lmt_disable":"","site-sidebar-layout":"default","site-content-layout":"content-boxed-container","ast-site-content-layout":"normal-width-container","site-content-style":"boxed","site-sidebar-style":"unboxed","ast-global-header-display":"","ast-banner-title-visibility":"","ast-main-header-display":"","ast-hfb-above-header-display":"","ast-hfb-below-header-display":"","ast-hfb-mobile-header-display":"","site-post-title":"","ast-breadcrumbs-content":"","ast-featured-img":"","footer-sml-layout":"","ast-disable-related-posts":"","theme-transparent-header-meta":"default","adv-header-id-meta":"","stick-header-meta":"","header-above-stick-meta":"","header-main-stick-meta":"","header-below-stick-meta":"","astra-migrate-meta-layouts":"set","ast-page-background-enabled":"default","ast-page-background-meta":{"desktop":{"background-color":"var(--ast-global-color-4)","background-image":"","background-repeat":"repeat","background-position":"center center","background-size":"auto","background-attachment":"scroll","background-type":"","background-media":"","overlay-type":"","overlay-color":"","overlay-opacity":"","overlay-gradient":""},"tablet":{"background-color":"","background-image":"","background-repeat":"repeat","background-position":"center center","background-size":"auto","background-attachment":"scroll","background-type":"","background-media":"","overlay-type":"","overlay-color":"","overlay-opacity":"","overlay-gradient":""},"mobile":{"background-color":"","background-image":"","background-repeat":"repeat","background-position":"center center","background-size":"auto","background-attachment":"scroll","background-type":"","background-media":"","overlay-type":"","overlay-color":"","overlay-opacity":"","overlay-gradient":""}},"ast-content-background-meta":{"desktop":{"background-color":"var(--ast-global-color-5)","background-image":"","background-repeat":"repeat","background-position":"center center","background-size":"auto","background-attachment":"scroll","background-type":"","background-media":"","overlay-type":"","overlay-color":"","overlay-opacity":"","overlay-gradient":""},"tablet":{"background-color":"var(--ast-global-color-5)","background-image":"","background-repeat":"repeat","background-position":"center center","background-size":"auto","background-attachment":"scroll","background-type":"","background-media":"","overlay-type":"","overlay-color":"","overlay-opacity":"","overlay-gradient":""},"mobile":{"background-color":"var(--ast-global-color-5)","background-image":"","background-repeat":"repeat","background-position":"center center","background-size":"auto","background-attachment":"scroll","background-type":"","background-media":"","overlay-type":"","overlay-color":"","overlay-opacity":"","overlay-gradient":""}},"_joinchat":[]},"product_brand":[],"product_cat":[15,27,51,25,123,30,26,28,31,137,136,135],"product_tag":[235,39,171,236,234,38],"class_list":{"0":"post-2831","1":"product","2":"type-product","3":"status-publish","4":"has-post-thumbnail","6":"product_cat-new-vape-this-week","7":"product_cat-fance-hot-sale-vape","8":"product_cat-fumot-vape","9":"product_cat-germany-best-selling-vape","10":"product_cat-italy-wholesale-vape","11":"product_cat-minimum-order-quantity-50pcs","12":"product_cat-netherlands-hot-sale-vape","13":"product_cat-poland-hot-sale-vape","14":"product_cat-randm-fumot-vape","15":"product_cat-rechargeable-vapes","16":"product_cat-smart-screen-vapes","17":"product_cat-spain-best-hot-sale-vape","18":"product_tag-fumot-15k","19":"product_tag-fumot-vape","20":"product_tag-randm-15000","21":"product_tag-randm-15k","22":"product_tag-randm-tornado-15000","23":"product_tag-randm-vape","24":"desktop-align-left","25":"tablet-align-left","26":"mobile-align-left","28":"first","29":"instock","30":"sale","31":"shipping-taxable","32":"purchasable","33":"product-type-simple"},"uagb_featured_image_src":{"full":["https:\/\/rmvapesale.com\/wp-content\/uploads\/2024\/12\/Fumot-RandM-15000-Puffs-Disposable-Vape.jpg",1130,1126,false],"thumbnail":["https:\/\/rmvapesale.com\/wp-content\/uploads\/2024\/12\/Fumot-RandM-15000-Puffs-Disposable-Vape-150x150.jpg",150,150,true],"medium":["https:\/\/rmvapesale.com\/wp-content\/uploads\/2024\/12\/Fumot-RandM-15000-Puffs-Disposable-Vape-300x300.jpg",300,300,true],"medium_large":["https:\/\/rmvapesale.com\/wp-content\/uploads\/2024\/12\/Fumot-RandM-15000-Puffs-Disposable-Vape-768x765.jpg",768,765,true],"large":["https:\/\/rmvapesale.com\/wp-content\/uploads\/2024\/12\/Fumot-RandM-15000-Puffs-Disposable-Vape-1024x1020.jpg",1024,1020,true],"1536x1536":["https:\/\/rmvapesale.com\/wp-content\/uploads\/2024\/12\/Fumot-RandM-15000-Puffs-Disposable-Vape.jpg",1130,1126,false],"2048x2048":["https:\/\/rmvapesale.com\/wp-content\/uploads\/2024\/12\/Fumot-RandM-15000-Puffs-Disposable-Vape.jpg",1130,1126,false],"trp-custom-language-flag":["https:\/\/rmvapesale.com\/wp-content\/uploads\/2024\/12\/Fumot-RandM-15000-Puffs-Disposable-Vape.jpg",12,12,false],"woocommerce_thumbnail":["https:\/\/rmvapesale.com\/wp-content\/uploads\/2024\/12\/Fumot-RandM-15000-Puffs-Disposable-Vape-300x300.jpg",300,300,true],"woocommerce_single":["https:\/\/rmvapesale.com\/wp-content\/uploads\/2024\/12\/Fumot-RandM-15000-Puffs-Disposable-Vape-600x598.jpg",600,598,true],"woocommerce_gallery_thumbnail":["https:\/\/rmvapesale.com\/wp-content\/uploads\/2024\/12\/Fumot-RandM-15000-Puffs-Disposable-Vape-100x100.jpg",100,100,true],"wcpr-photo-reviews":["https:\/\/rmvapesale.com\/wp-content\/uploads\/2024\/12\/Fumot-RandM-15000-Puffs-Disposable-Vape.jpg",500,498,false]},"uagb_author_info":{"display_name":"AMY","author_link":"https:\/\/rmvapesale.com\/pl\/author\/"},"uagb_comment_info":0,"uagb_excerpt":"Randm Tornado 15000 Puffs Fumot Digital Disposable Vape Randm 15000 Fumot Tornado Vape Wholesale Fumot RandM 15k Disposable Vape Bulk Price WhatsApp: +86 17776015835 &nbsp;","_links":{"self":[{"href":"https:\/\/rmvapesale.com\/pl\/wp-json\/wp\/v2\/product\/2831","targetHints":{"allow":["GET"]}}],"collection":[{"href":"https:\/\/rmvapesale.com\/pl\/wp-json\/wp\/v2\/product"}],"about":[{"href":"https:\/\/rmvapesale.com\/pl\/wp-json\/wp\/v2\/types\/product"}],"replies":[{"embeddable":true,"href":"https:\/\/rmvapesale.com\/pl\/wp-json\/wp\/v2\/comments?post=2831"}],"wp:featuredmedia":[{"embeddable":true,"href":"https:\/\/rmvapesale.com\/pl\/wp-json\/wp\/v2\/media\/2826"}],"wp:attachment":[{"href":"https:\/\/rmvapesale.com\/pl\/wp-json\/wp\/v2\/media?parent=2831"}],"wp:term":[{"taxonomy":"product_brand","embeddable":true,"href":"https:\/\/rmvapesale.com\/pl\/wp-json\/wp\/v2\/product_brand?post=2831"},{"taxonomy":"product_cat","embeddable":true,"href":"https:\/\/rmvapesale.com\/pl\/wp-json\/wp\/v2\/product_cat?post=2831"},{"taxonomy":"product_tag","embeddable":true,"href":"https:\/\/rmvapesale.com\/pl\/wp-json\/wp\/v2\/product_tag?post=2831"}],"curies":[{"name":"wp","href":"https:\/\/api.w.org\/{rel}","templated":true}]}}