{"id":2844,"date":"2024-12-05T03:09:35","date_gmt":"2024-12-05T03:09:35","guid":{"rendered":"https:\/\/rmvapesale.com\/?post_type=product&#038;p=2844"},"modified":"2024-12-05T03:34:03","modified_gmt":"2024-12-05T03:34:03","slug":"vopk-ultra-40000-puffs-double-taste-digital-screen-spaceman-disposable-vape-wholesale","status":"publish","type":"product","link":"https:\/\/rmvapesale.com\/pl\/product\/vopk-ultra-40000-puffs-double-taste-digital-screen-spaceman-disposable-vape-wholesale\/","title":{"rendered":"VOPK ULTRA 40000 zaci\u0105gni\u0119\u0107 Podw\u00f3jny Smak Cyfrowy Ekran Spaceman Jednorazowy Vape Sprzeda\u017c Hurtowa"},"content":{"rendered":"<div class=\"B2VR9 CJHX3e\">\n<div class=\"wyccme\">\n<h1 class=\"LC20lb MBeuO DKV0Md\">VOPK ULTRA 40000 zaci\u0105gni\u0119\u0107 Podw\u00f3jny Smak Cyfrowy Ekran Spaceman Jednorazowy Vape Sprzeda\u017c Hurtowa<\/h1>\n<div class=\"flex-shrink-0 flex flex-col relative items-end\">\n<div class=\"pt-0\">\n<div class=\"gizmo-bot-avatar flex h-8 w-8 items-center justify-center overflow-hidden rounded-full\">\n<div class=\"relative p-1 rounded-sm flex items-center justify-center bg-token-main-surface-primary text-token-text-primary h-8 w-8\">\n<p>Ten <strong>VOPK ULTRA 40000 Puffs Dw\u00f3ch Smak\u00f3w Cyfrowy Ekran Spaceman Jednorazowy E-papieros<\/strong>\u00a0 to najnowocze\u015bniejsze doznania z wapowania, kt\u00f3re trwaj\u0105 d\u0142u\u017cej, oferuj\u0105 wi\u0119cej smaku i informuj\u0105 Ci\u0119 na bie\u017c\u0105co. Zaprojektowany dla entuzjast\u00f3w, kt\u00f3rzy wymagaj\u0105 zar\u00f3wno wydajno\u015bci, jak i wygody, ten wysokiej jako\u015bci jednorazowy e-papieros jest dost\u0119pny w bezkonkurencyjnych <strong>cenach hurtowych<\/strong>, co czyni go doskona\u0142ym wyborem do u\u017cytku osobistego lub zakupu hurtowego.<\/p>\n<p>Z niesamowitymi <strong>40 000 zaci\u0105gni\u0119\u0107<\/strong>, <strong>VOPK ULTRA 40000<\/strong> zapewnia d\u0142ugotrwa\u0142\u0105 satysfakcj\u0119, znacznie przewy\u017cszaj\u0105c wi\u0119kszo\u015b\u0107 jednorazowych produkt\u00f3w dost\u0119pnych na rynku. Jego <strong>pojemno\u015b\u0107 36 ml p\u0142ynu do e-papieros\u00f3w<\/strong> dostarcza wystarczaj\u0105c\u0105 ilo\u015b\u0107 pary do cieszenia si\u0119 przez ca\u0142y dzie\u0144. Innowacyjna funkcja <strong>dw\u00f3ch smak\u00f3w<\/strong> pozwala z \u0142atwo\u015bci\u0105 prze\u0142\u0105cza\u0107 si\u0119 mi\u0119dzy dwoma ekscytuj\u0105cymi smakami, oferuj\u0105c zr\u00f3\u017cnicowane doznania z wapowania przy ka\u017cdym zaci\u0105gni\u0119ciu.<\/p>\n<p>Wyposa\u017cony w <strong>inteligentny wy\u015bwietlacz LED<\/strong>, ten <strong>Jednorazowy waporyzator z wy\u015bwietlaczem LED<\/strong> \u015bledzi stan baterii i poziom e-liquidu w czasie rzeczywistym, u\u0142atwiaj\u0105c kontrolowanie zu\u017cycia. Funkcja <strong>\u0142adowania przez port USB-C<\/strong> zapewnia szybkie i wydajne \u0142adowanie, dzi\u0119ki czemu nigdy nie musisz d\u0142ugo czeka\u0107 na kolejn\u0105 sesj\u0119.<\/p>\n<p>Niezale\u017cnie od tego, czy wolisz <strong>2%<\/strong> or <strong>5% nikotyny<\/strong>, <strong>VOPK 40K<\/strong> zapewnia idealn\u0105 r\u00f3wnowag\u0119 mocy dla ka\u017cdego u\u017cytkownika. Ponadto, z 10 pysznymi smakami do wyboru, od owocowych mieszanek po mi\u0119towo-ch\u0142odne opcje, ka\u017cdy znajdzie co\u015b dla siebie.<\/p>\n<p>Idealny dla sprzedawc\u00f3w detalicznych lub tych, kt\u00f3rzy szukaj\u0105 <strong>jednorazowego e-papierosa o niskiej zawarto\u015bci nikotyny<\/strong>, <strong>VOPK ULTRA 40000<\/strong> dostarcza wszystkiego, czego potrzebujesz \u2013 d\u0142ug\u0105 liczb\u0119 zaci\u0105gni\u0119\u0107, podw\u00f3jne smaki i nowoczesn\u0105 technologi\u0119 \u2013 wszystko w eleganckiej, przeno\u015bnej obudowie. Wybierz <strong>VOPK ULTRA 40000<\/strong> dla zaawansowanego do\u015bwiadczenia wapowania, kt\u00f3re \u0142\u0105czy innowacj\u0119 i przyst\u0119pn\u0105 cen\u0119, wszystko w jednym urz\u0105dzeniu.<\/p>\n<\/div>\n<\/div>\n<\/div>\n<\/div>\n<\/div>\n<\/div>\n<p><strong>Skontaktuj si\u0119 z Amy, aby uzyska\u0107 w\u0142a\u015bciw\u0105 odpowied\u017a i kupon na e-papierosa!<\/strong><\/p>\n<p><img loading=\"lazy\" decoding=\"async\" class=\"size-full wp-image-1978\" src=\"https:\/\/rmvapesale.com\/wp-content\/uploads\/2024\/09\/Disposable-Vape-Wholesale.jpg\" alt=\"Hurtownia Jednorazowych E-papieros\u00f3w\" width=\"229\" height=\"300\" \/><\/p>\n<h3><a href=\"https:\/\/wa.me\/8617776015835\" target=\"_blank\" rel=\"noopener\"><span style=\"color: #ff0000\"><strong>WhatsApp: +86 17776015835<\/strong><\/span><\/a><\/h3>\n<h2><\/h2>\n<h2><strong>VOPK 40000 Kluczowe cechy<\/strong><\/h2>\n<p>Zaci\u0105gni\u0119cia: 40000 Zaci\u0105gni\u0119\u0107<br \/>\nE-liquid: 36 mL<br \/>\nNikotyna: 2%\/5%<br \/>\nAkumulator Type-C do szybkiego \u0142adowania<br \/>\nInteligentny wy\u015bwietlacz LED pokazuje poziom baterii i e-liquidu<br \/>\nCiesz si\u0119 podw\u00f3jnym smakiem z jednym urz\u0105dzeniem do wapowania<br \/>\n10 smak\u00f3w do wyboru<\/p>\n<h2><\/h2>\n<h2><strong>VOPK 40K Lista smak\u00f3w<\/strong><\/h2>\n<p>1. Truskawka Arbuz\/ Kiwi Marakuja Guawa<br \/>\n2. Jagoda Malina \/ Brzoskwinia Mango Arbuz<br \/>\n3. Niebieski Razz \u017belkowy Mi\u015b\/ Truskawka Kiwi<br \/>\n4. Niebieski Razz Wi\u015bnia\/ Truskawka Malina<br \/>\n5. Musuj\u0105ca cytryna<br \/>\n6. L\u00f3d arbuzowy \/ L\u00f3d z niebieskiej maliny<br \/>\n7. Ananas z niebiesk\u0105 malin\u0105 \/ Potr\u00f3jne mango<br \/>\n8. Winogronowo-jagodowa eksplozja \/ Gruszka, jab\u0142ko, malina<br \/>\n9. Truskawka, \u017curawina, wi\u015bnia \/ Ananas, marakuja, limonka<br \/>\n10. Bor\u00f3wkowo-truskawkowa mentolowa \/ Bor\u00f3wkowo-malinowa mentolowa<\/p>\n<p>&nbsp;<\/p>\n<p>&nbsp;<\/p>\n<h3><strong>Dlaczego warto wybra\u0107 Rmvapesale dla VOPK ULTRA 40000 Puffs <\/strong><strong>V<\/strong><strong>Sprzeda\u017c hurtowa e-papieros\u00f3w<\/strong><strong>?<\/strong><\/h3>\n<div class=\"flex-shrink-0 flex flex-col relative items-end\">\n<div class=\"pt-0\">\n<div class=\"gizmo-bot-avatar flex h-8 w-8 items-center justify-center overflow-hidden rounded-full\">\n<div class=\"relative p-1 rounded-sm flex items-center justify-center bg-token-main-surface-primary text-token-text-primary h-8 w-8\">\n<p>Witaj w Rmvapesale, Twoim zaufanym sklepie z e-papierosami, oferuj\u0105cym jednorazowe produkty najwy\u017cszej jako\u015bci. Z ponad 5-letnim do\u015bwiadczeniem, dostarczamy popularne marki jednorazowych e-papieros\u00f3w, takie jak Al Fakher, Vapme Vape, <a href=\"https:\/\/rmvapesale.com\/pl\/product-category\/bang-vapes\/\">Bang Vape<\/a>, Waspe, WGA Vape i<a href=\"https:\/\/rmvapesale.com\/pl\/product-category\/randm-fumot-vape\/\"> RandM Vape<\/a>.<\/p>\n<p>Nasza oferta obejmuje popularne e-papierosy, takie jak <a href=\"https:\/\/rmvapesale.com\/pl\/product\/randm-tornado-15000-puffs-vape-wholesale\/\">RandM Tornado 15000<\/a> oraz bogate w smaki, jak Vapme 70000. Ka\u017cdy produkt jest wybierany z naciskiem na jako\u015b\u0107, warto\u015b\u0107 i r\u00f3\u017cnorodno\u015b\u0107, zapewniaj\u0105c, \u017ce znajdziesz idealne dopasowanie do swoich potrzeb. Odkryj wyj\u0105tkow\u0105 obs\u0142ug\u0119 i szeroki wyb\u00f3r najlepszych produkt\u00f3w w Rmvapesale.<\/p>\n<\/div>\n<h3><\/h3>\n<div class=\"relative p-1 rounded-sm flex items-center justify-center bg-token-main-surface-primary text-token-text-primary h-8 w-8\">\n<h3><b> FAQ dotycz\u0105ce VOPK 40000 Puffs <\/b><b>Jednorazowy e-papieros z mo\u017cliwo\u015bci\u0105 \u0142adowania<\/b><\/h3>\n<div class=\"group\/conversation-turn relative flex w-full min-w-0 flex-col agent-turn\">\n<div class=\"flex-col gap-1 md:gap-3\">\n<div class=\"flex max-w-full flex-col flex-grow\">\n<div class=\"min-h-8 text-message flex w-full flex-col items-end gap-2 whitespace-normal break-words [.text-message+&amp;]:mt-5\" dir=\"auto\" data-message-author-role=\"assistant\" data-message-id=\"00c9b302-bc9c-4550-94ba-5a295efa2be3\" data-message-model-slug=\"gpt-4o\">\n<div class=\"flex w-full flex-col gap-1 empty:hidden first:pt-[3px]\">\n<div class=\"markdown prose w-full break-words dark:prose-invert light\">\n<div class=\"flex-shrink-0 flex flex-col relative items-end\">\n<div>\n<div class=\"pt-0\">\n<div class=\"gizmo-bot-avatar flex h-8 w-8 items-center justify-center overflow-hidden rounded-full\">\n<div class=\"relative p-1 rounded-sm flex items-center justify-center bg-token-main-surface-primary text-token-text-primary h-8 w-8\">\n<div class=\"flex-shrink-0 flex flex-col relative items-end\">\n<div>\n<div class=\"pt-0\">\n<div class=\"gizmo-bot-avatar flex h-8 w-8 items-center justify-center overflow-hidden rounded-full\">\n<div class=\"relative p-1 rounded-sm flex items-center justify-center bg-token-main-surface-primary text-token-text-primary h-8 w-8\">\n<p><strong>1. Gdzie kupi\u0107 VOPK 40000 Puffs w cenie hurtowej w Polsce<\/strong><br \/>\nMo\u017cesz kupi\u0107 <strong>VOPK 40000 Puffs<\/strong> w cenach hurtowych poprzez autoryzowanych dystrybutor\u00f3w lub renomowanych internetowych sprzedawc\u00f3w hurtowych, kt\u00f3rzy specjalizuj\u0105 si\u0119 w <strong>hurtowni waporyzator\u00f3w<\/strong> w Polsce. Szukaj sklep\u00f3w oferuj\u0105cych ceny hurtowe i bezpo\u015brednie wysy\u0142ki.<\/p>\n<p><strong>2. Ile zaci\u0105gni\u0119\u0107 zapewnia VOPK 40k Puffs?<\/strong><br \/>\nTen <strong>VOPK 40k<\/strong> zapewnia imponuj\u0105c\u0105 liczb\u0119 zaci\u0105gni\u0119\u0107 <strong>40 000 zaci\u0105gni\u0119\u0107<\/strong>, co czyni go jednym z najd\u0142u\u017cej dzia\u0142aj\u0105cych jednorazowych waporyzator\u00f3w dost\u0119pnych na rynku.<\/p>\n<p><strong>3. Jak d\u0142ugo wystarcza popularny jednorazowy waporyzator VOPK 40000 Ultra?<\/strong><br \/>\nTen <strong>jednorazowy waporyzator VOPK 40000 Ultra<\/strong> mo\u017ce wystarczy\u0107 na 2-4 tygodnie, w zale\u017cno\u015bci od u\u017cytkowania. Dla regularnych u\u017cytkownik\u00f3w zazwyczaj oznacza to kilka dni nieprzerwanego korzystania z e-papierosa.<\/p>\n<p><strong>4. Jakie s\u0105 popularne smaki VOPK 40k Puffs Digital Box?<\/strong><br \/>\nTen <strong>VOPK 40k Puffs Digital Box<\/strong> oferuje szeroki wyb\u00f3r popularnych smak\u00f3w, w tym owocowe opcje, takie jak mango, truskawka i arbuz, a tak\u017ce mieszanki mentolowe i inspirowane deserami. Te smaki zaspokajaj\u0105 szeroki wachlarz preferencji e-palaczy.<\/p>\n<p><strong>5. Ile czasu zajmuje \u0142adowanie jednorazowego e-papierosa VOPK 40k Puffs Spaceman?<\/strong><br \/>\nTen <strong>Jednorazowy e-papieros VOPK 40k Puffs Spaceman<\/strong> potrzebuje oko\u0142o <strong>1-2 godzin<\/strong> do pe\u0142nego na\u0142adowania za pomoc\u0105 portu <strong>szybkiego \u0142adowania typu C<\/strong> .<\/p>\n<p><strong>6. Ile nikotyny zawiera jednorazowy e-papieros VOPK 40k Digital Box?<\/strong><br \/>\nTen <strong>Jednorazowy e-papieros VOPK 40k Digital Box<\/strong> jest dost\u0119pny w opcjach <strong>2%<\/strong> i <strong>5% nikotyny<\/strong> , umo\u017cliwiaj\u0105c u\u017cytkownikom wyb\u00f3r w oparciu o preferowan\u0105 moc.<\/p>\n<p>&nbsp;<\/p>\n<\/div>\n<\/div>\n<\/div>\n<\/div>\n<\/div>\n<\/div>\n<\/div>\n<\/div>\n<\/div>\n<\/div>\n<div class=\"group\/conversation-turn relative flex w-full min-w-0 flex-col agent-turn\">\n<div class=\"flex-col gap-1 md:gap-3\">\n<div class=\"flex max-w-full flex-col flex-grow\">\n<div class=\"min-h-8 text-message flex w-full flex-col items-end gap-2 whitespace-normal break-words [.text-message+&amp;]:mt-5\" dir=\"auto\" data-message-author-role=\"assistant\" data-message-id=\"a3dc01bd-23b0-4fd7-bb9a-7827522cefd8\" data-message-model-slug=\"gpt-4o\">\n<div class=\"flex w-full flex-col gap-1 empty:hidden first:pt-[3px]\"><\/div>\n<\/div>\n<\/div>\n<\/div>\n<\/div>\n<\/div>\n<\/div>\n<\/div>\n<\/div>\n<\/div>\n<\/div>\n<\/div>\n<\/div>\n<\/div>\n<\/div>\n<h3>O wysy\u0142ce<\/h3>\n<div class=\"flex-shrink-0 flex flex-col relative items-end\">\n<div>\n<div class=\"pt-0\">\n<div class=\"gizmo-bot-avatar flex h-8 w-8 items-center justify-center overflow-hidden rounded-full\">\n<div><\/div>\n<div class=\"relative p-1 rounded-sm flex items-center justify-center bg-token-main-surface-primary text-token-text-primary h-8 w-8\"><strong>1. Jakie metody wysy\u0142ki s\u0105 stosowane?<\/strong><\/div>\n<\/div>\n<\/div>\n<\/div>\n<\/div>\n<div class=\"group\/conversation-turn relative flex w-full min-w-0 flex-col agent-turn\">\n<div class=\"flex-col gap-1 md:gap-3\">\n<div class=\"flex max-w-full flex-col flex-grow\">\n<div class=\"min-h-[20px] text-message flex w-full flex-col items-end gap-2 whitespace-normal break-words [.text-message+&amp;]:mt-5 overflow-x-auto\" dir=\"auto\" data-message-author-role=\"assistant\" data-message-id=\"22f8283b-3233-46ff-89a5-c7a41b33abda\">\n<div class=\"flex w-full flex-col gap-1 empty:hidden first:pt-[3px]\">\n<div class=\"markdown prose w-full break-words dark:prose-invert light\">\n<p>Wsp\u00f3\u0142pracujemy z UPS, DHL, FedEx, DPD i innymi wiod\u0105cymi przewo\u017anikami. Wybierzemy najlepsz\u0105 metod\u0119 wysy\u0142ki w oparciu o Twoj\u0105 lokalizacj\u0119, aby zapewni\u0107, \u017ce otrzymasz swoje produkty tak szybko, jak to mo\u017cliwe.<\/p>\n<\/div>\n<p><strong>2. Ile czasu zajmuje dostawa?<\/strong><\/p>\n<p>Paczki wysy\u0142ane do Polski zazwyczaj docieraj\u0105 w ci\u0105gu 10 dni roboczych. Wysy\u0142ka do innych kraj\u00f3w europejskich trwa zwykle oko\u0142o 12-15 dni roboczych. B\u0119dziemy dostarcza\u0107 aktualizacje w czasie rzeczywistym na temat statusu Twojej przesy\u0142ki.<\/p>\n<\/div>\n<\/div>\n<\/div>\n<\/div>\n<\/div>\n<p>&nbsp;<\/p>\n<p>Znajd\u017a wi\u0119cej produkt\u00f3w Vape, kt\u00f3re mog\u0105 Ci si\u0119 spodoba\u0107:<strong><em><a href=\"https:\/\/rmvapesale.com\/pl\/shop-2\/\">kup teraz &gt;&gt;&gt;<\/a><\/em><\/strong><\/p>","protected":false},"excerpt":{"rendered":"<p>VOPK 40000 Puffs Spaceman Jednorazowy vape Sprzeda\u017c hurtowa<br \/>\nVOPK 40000 40K Puffs Jednorazowy vape wielokrotnego \u0142adowania Cena hurtowa<br \/>\nGor\u0105ca sprzeda\u017c Jednorazowy vape Pen 40000 VOPK Ultra<\/p>\n<p><strong>Skontaktuj si\u0119 z Amy, aby uzyska\u0107 w\u0142a\u015bciw\u0105 odpowied\u017a i kupon na e-papierosa!<\/strong><\/p>\n<p><img loading=\"lazy\" decoding=\"async\" class=\"size-full wp-image-2375\" src=\"https:\/\/rmvapesale.com\/wp-content\/uploads\/2024\/10\/image.png\" alt=\"Najlepszy Jednorazowy E-papieros\" width=\"229\" height=\"300\" \/><\/p>\n<h3><a href=\"https:\/\/wa.me\/8617776015835\"><span style=\"color: #ff0000\"><strong>WhatsApp: +86 17776015835<\/strong><\/span><\/a><\/h3>\n<p>&nbsp;<\/p>","protected":false},"featured_media":2840,"comment_status":"open","ping_status":"closed","template":"","meta":{"_uag_custom_page_level_css":"","_lmt_disableupdate":"no","_lmt_disable":"","site-sidebar-layout":"default","site-content-layout":"content-boxed-container","ast-site-content-layout":"normal-width-container","site-content-style":"boxed","site-sidebar-style":"unboxed","ast-global-header-display":"","ast-banner-title-visibility":"","ast-main-header-display":"","ast-hfb-above-header-display":"","ast-hfb-below-header-display":"","ast-hfb-mobile-header-display":"","site-post-title":"","ast-breadcrumbs-content":"","ast-featured-img":"","footer-sml-layout":"","ast-disable-related-posts":"","theme-transparent-header-meta":"default","adv-header-id-meta":"","stick-header-meta":"","header-above-stick-meta":"","header-main-stick-meta":"","header-below-stick-meta":"","astra-migrate-meta-layouts":"set","ast-page-background-enabled":"default","ast-page-background-meta":{"desktop":{"background-color":"var(--ast-global-color-4)","background-image":"","background-repeat":"repeat","background-position":"center center","background-size":"auto","background-attachment":"scroll","background-type":"","background-media":"","overlay-type":"","overlay-color":"","overlay-opacity":"","overlay-gradient":""},"tablet":{"background-color":"","background-image":"","background-repeat":"repeat","background-position":"center center","background-size":"auto","background-attachment":"scroll","background-type":"","background-media":"","overlay-type":"","overlay-color":"","overlay-opacity":"","overlay-gradient":""},"mobile":{"background-color":"","background-image":"","background-repeat":"repeat","background-position":"center center","background-size":"auto","background-attachment":"scroll","background-type":"","background-media":"","overlay-type":"","overlay-color":"","overlay-opacity":"","overlay-gradient":""}},"ast-content-background-meta":{"desktop":{"background-color":"var(--ast-global-color-5)","background-image":"","background-repeat":"repeat","background-position":"center center","background-size":"auto","background-attachment":"scroll","background-type":"","background-media":"","overlay-type":"","overlay-color":"","overlay-opacity":"","overlay-gradient":""},"tablet":{"background-color":"var(--ast-global-color-5)","background-image":"","background-repeat":"repeat","background-position":"center center","background-size":"auto","background-attachment":"scroll","background-type":"","background-media":"","overlay-type":"","overlay-color":"","overlay-opacity":"","overlay-gradient":""},"mobile":{"background-color":"var(--ast-global-color-5)","background-image":"","background-repeat":"repeat","background-position":"center center","background-size":"auto","background-attachment":"scroll","background-type":"","background-media":"","overlay-type":"","overlay-color":"","overlay-opacity":"","overlay-gradient":""}},"_joinchat":[]},"product_brand":[],"product_cat":[15,27,25,123,30,26,28,137,136,135],"product_tag":[111,120,238,42],"class_list":{"0":"post-2844","1":"product","2":"type-product","3":"status-publish","4":"has-post-thumbnail","6":"product_cat-new-vape-this-week","7":"product_cat-fance-hot-sale-vape","8":"product_cat-germany-best-selling-vape","9":"product_cat-italy-wholesale-vape","10":"product_cat-minimum-order-quantity-50pcs","11":"product_cat-netherlands-hot-sale-vape","12":"product_cat-poland-hot-sale-vape","13":"product_cat-rechargeable-vapes","14":"product_cat-smart-screen-vapes","15":"product_cat-spain-best-hot-sale-vape","16":"product_tag-low-nicotine-disposable-vape","17":"product_tag-vape-wholesale","18":"product_tag-vopk-40000","19":"product_tag-vopk-vape","20":"desktop-align-left","21":"tablet-align-left","22":"mobile-align-left","24":"first","25":"instock","26":"sale","27":"shipping-taxable","28":"purchasable","29":"product-type-simple"},"uagb_featured_image_src":{"full":["https:\/\/rmvapesale.com\/wp-content\/uploads\/2024\/12\/VOPK-40000-Rechargeable-Disposable-Vape.jpg",1126,1126,false],"thumbnail":["https:\/\/rmvapesale.com\/wp-content\/uploads\/2024\/12\/VOPK-40000-Rechargeable-Disposable-Vape-150x150.jpg",150,150,true],"medium":["https:\/\/rmvapesale.com\/wp-content\/uploads\/2024\/12\/VOPK-40000-Rechargeable-Disposable-Vape-300x300.jpg",300,300,true],"medium_large":["https:\/\/rmvapesale.com\/wp-content\/uploads\/2024\/12\/VOPK-40000-Rechargeable-Disposable-Vape-768x768.jpg",768,768,true],"large":["https:\/\/rmvapesale.com\/wp-content\/uploads\/2024\/12\/VOPK-40000-Rechargeable-Disposable-Vape-1024x1024.jpg",1024,1024,true],"1536x1536":["https:\/\/rmvapesale.com\/wp-content\/uploads\/2024\/12\/VOPK-40000-Rechargeable-Disposable-Vape.jpg",1126,1126,false],"2048x2048":["https:\/\/rmvapesale.com\/wp-content\/uploads\/2024\/12\/VOPK-40000-Rechargeable-Disposable-Vape.jpg",1126,1126,false],"trp-custom-language-flag":["https:\/\/rmvapesale.com\/wp-content\/uploads\/2024\/12\/VOPK-40000-Rechargeable-Disposable-Vape.jpg",12,12,false],"woocommerce_thumbnail":["https:\/\/rmvapesale.com\/wp-content\/uploads\/2024\/12\/VOPK-40000-Rechargeable-Disposable-Vape-300x300.jpg",300,300,true],"woocommerce_single":["https:\/\/rmvapesale.com\/wp-content\/uploads\/2024\/12\/VOPK-40000-Rechargeable-Disposable-Vape-600x600.jpg",600,600,true],"woocommerce_gallery_thumbnail":["https:\/\/rmvapesale.com\/wp-content\/uploads\/2024\/12\/VOPK-40000-Rechargeable-Disposable-Vape-100x100.jpg",100,100,true],"wcpr-photo-reviews":["https:\/\/rmvapesale.com\/wp-content\/uploads\/2024\/12\/VOPK-40000-Rechargeable-Disposable-Vape.jpg",500,500,false]},"uagb_author_info":{"display_name":"AMY","author_link":"https:\/\/rmvapesale.com\/pl\/author\/"},"uagb_comment_info":0,"uagb_excerpt":"VOPK 40000 Puffs Spaceman Disposable Vape Wholesale VOPK 40000 40K Puffs Rechargeable Disposable Vape Wholesale Price Hot Sell Disposable Vape Pen 40000 VOPK Ultra Contact Amy to get right reply and vape coupon! WhatsApp: +86 17776015835 &nbsp;","_links":{"self":[{"href":"https:\/\/rmvapesale.com\/pl\/wp-json\/wp\/v2\/product\/2844","targetHints":{"allow":["GET"]}}],"collection":[{"href":"https:\/\/rmvapesale.com\/pl\/wp-json\/wp\/v2\/product"}],"about":[{"href":"https:\/\/rmvapesale.com\/pl\/wp-json\/wp\/v2\/types\/product"}],"replies":[{"embeddable":true,"href":"https:\/\/rmvapesale.com\/pl\/wp-json\/wp\/v2\/comments?post=2844"}],"wp:featuredmedia":[{"embeddable":true,"href":"https:\/\/rmvapesale.com\/pl\/wp-json\/wp\/v2\/media\/2840"}],"wp:attachment":[{"href":"https:\/\/rmvapesale.com\/pl\/wp-json\/wp\/v2\/media?parent=2844"}],"wp:term":[{"taxonomy":"product_brand","embeddable":true,"href":"https:\/\/rmvapesale.com\/pl\/wp-json\/wp\/v2\/product_brand?post=2844"},{"taxonomy":"product_cat","embeddable":true,"href":"https:\/\/rmvapesale.com\/pl\/wp-json\/wp\/v2\/product_cat?post=2844"},{"taxonomy":"product_tag","embeddable":true,"href":"https:\/\/rmvapesale.com\/pl\/wp-json\/wp\/v2\/product_tag?post=2844"}],"curies":[{"name":"wp","href":"https:\/\/api.w.org\/{rel}","templated":true}]}}