{"id":2912,"date":"2025-01-08T08:59:33","date_gmt":"2025-01-08T08:59:33","guid":{"rendered":"https:\/\/rmvapesale.com\/?post_type=product&#038;p=2912"},"modified":"2025-01-08T09:59:15","modified_gmt":"2025-01-08T09:59:15","slug":"bood-twins-46000-puff-digital-disposable-vape-bulk-buy-wholesale-price","status":"publish","type":"product","link":"https:\/\/rmvapesale.com\/pl\/product\/bood-twins-46000-puff-digital-disposable-vape-bulk-buy-wholesale-price\/","title":{"rendered":"Bood Twins 46000 Puffs Cyfrowy Jednorazowy Vape Zakup Hurtowy Cena Hurtowa"},"content":{"rendered":"<div class=\"B2VR9 CJHX3e\">\n<div class=\"wyccme\">\n<div class=\"flex-shrink-0 flex flex-col relative items-end\">\n<div class=\"pt-0\">\n<div class=\"gizmo-bot-avatar flex h-8 w-8 items-center justify-center overflow-hidden rounded-full\">\n<div class=\"relative p-1 rounded-sm flex items-center justify-center bg-token-main-surface-primary text-token-text-primary h-8 w-8\">\n<div class=\"flex-shrink-0 flex flex-col relative items-end\">\n<div class=\"pt-0\">\n<div class=\"gizmo-bot-avatar flex h-8 w-8 items-center justify-center overflow-hidden rounded-full\">\n<h1 class=\"relative p-1 rounded-sm flex items-center justify-center bg-token-main-surface-primary text-token-text-primary h-8 w-8\">Bood Twins 46000 Puffs Cyfrowy Jednorazowy Vape Zakup Hurtowy Cena Hurtowa<\/h1>\n<\/div>\n<\/div>\n<\/div>\n<\/div>\n<\/div>\n<\/div>\n<\/div>\n<div class=\"group\/conversation-turn relative flex w-full min-w-0 flex-col agent-turn\">\n<div class=\"flex-col gap-1 md:gap-3\">\n<div class=\"flex max-w-full flex-col flex-grow\">\n<div class=\"min-h-8 text-message flex w-full flex-col items-end gap-2 whitespace-normal break-words text-start [.text-message+&amp;]:mt-5\" dir=\"auto\" data-message-author-role=\"assistant\" data-message-id=\"80ece0c4-ead1-4ed9-a9f0-ddc22582b4f4\" data-message-model-slug=\"gpt-4o\">\n<div class=\"flex w-full flex-col gap-1 empty:hidden first:pt-[3px]\">\n<div class=\"markdown prose w-full break-words dark:prose-invert light\"><strong>Bood Twins 46000 Puffs Cyfrowy Jednorazowy Vape<\/strong>, idealny towarzysz do d\u0142ugotrwa\u0142ego, aromatycznego i wygodnego palenia. Wyposa\u017cone w zaawansowane funkcje, takie jak <strong>wy\u015bwietlacz cyfrowy<\/strong>, to urz\u0105dzenie zosta\u0142o zaprojektowane, aby spe\u0142ni\u0107 wszystkie Twoje potrzeby zwi\u0105zane z paleniem, oferuj\u0105c jednocze\u015bnie wyj\u0105tkow\u0105 warto\u015b\u0107 w cenach hurtowych.<\/div>\n<div><\/div>\n<div>\n<p>Po\u017cegnaj si\u0119 z cz\u0119stymi wymianami! The <strong>Bood Twins 46000<\/strong> zapewnia imponuj\u0105ce 46 000 zaci\u0105gni\u0119\u0107, gwarantuj\u0105c d\u0142ugotrwa\u0142\u0105 satysfakcj\u0119 zar\u00f3wno dla palaczy okazjonalnych, jak i intensywnych. B\u0105d\u017a zawsze na bie\u017c\u0105co dzi\u0119ki <strong>inteligentnemu wy\u015bwietlaczowi cyfrowemu<\/strong>, kt\u00f3ry dostarcza w czasie rzeczywistym informacji o poziomie baterii i e-liquidu. Koniec z zgadywaniem - zawsze masz pe\u0142n\u0105 kontrol\u0119! Wyposa\u017cony w pot\u0119\u017cn\u0105 i <strong>\u0142adowaln\u0105 wbudowan\u0105 bateri\u0119 650 mAh<\/strong>, Bood Twins zapewnia sta\u0142y dop\u0142yw mocy przez ca\u0142\u0105 Twoj\u0105 podr\u00f3\u017c z e-papierosem. Dodatkowo, <strong>port szybkiego \u0142adowania Type-C<\/strong> sprawia, \u017ce \u0142adowanie jest szybkie i bezproblemowe.<\/p>\n<p>Ciesz si\u0119 d\u0142u\u017cszymi sesjami z <strong>wk\u0142adem 30 ml nape\u0142nionym e-sokiem<\/strong> . W po\u0142\u0105czeniu z <strong>opcjami poziomu nikotyny<\/strong> 0%, 2% i 5% zaspokoi wszystkie preferencje. Z <strong>dwoma smakami w jednym urz\u0105dzeniu<\/strong>, odkryj gam\u0119 <strong>10 przepysznych kombinacji<\/strong>. The <strong>Bood Twins 46000<\/strong> \u0142\u0105czy <strong>wydajne dostarczanie mocy<\/strong> ze sta\u0142\u0105 wydajno\u015bci\u0105, dzi\u0119ki zaawansowanej konstrukcji i wysokiej jako\u015bci in\u017cynierii.<\/p>\n<\/div>\n<\/div>\n<div>Szukasz <strong>najlepszych cen hurtowych<\/strong> na wysokiej jako\u015bci, trwa\u0142y jednorazowy vape? The <strong>Bood Twins 46000<\/strong> oferuje niezr\u00f3wnan\u0105 warto\u015b\u0107, r\u00f3\u017cnorodno\u015b\u0107 smak\u00f3w i niezawodno\u015b\u0107. Idealne zar\u00f3wno dla pocz\u0105tkuj\u0105cych, jak i do\u015bwiadczonych vaper\u00f3w, to urz\u0105dzenie zmienia zasady gry!<\/div>\n<\/div>\n<\/div>\n<\/div>\n<\/div>\n<div class=\"flex-shrink-0 flex flex-col relative items-end\">\n<div class=\"pt-0\">\n<div class=\"gizmo-bot-avatar flex h-8 w-8 items-center justify-center overflow-hidden rounded-full\">\n<p>&nbsp;<\/p>\n<\/div>\n<\/div>\n<\/div>\n<\/div>\n<\/div>\n<p><strong>Skontaktuj si\u0119 z Amy, aby uzyska\u0107 w\u0142a\u015bciw\u0105 odpowied\u017a i kupon na e-papierosa!<\/strong><\/p>\n<p><img loading=\"lazy\" decoding=\"async\" class=\"size-full wp-image-1978\" src=\"https:\/\/rmvapesale.com\/wp-content\/uploads\/2024\/09\/Disposable-Vape-Wholesale.jpg\" alt=\"Hurtownia Jednorazowych E-papieros\u00f3w\" width=\"229\" height=\"300\" \/><\/p>\n<h3><a href=\"https:\/\/wa.me\/8617776015835\" target=\"_blank\" rel=\"noopener\"><span style=\"color: #ff0000\"><strong>WhatsApp: +86 17776015835<\/strong><\/span><\/a><\/h3>\n<p>&nbsp;<\/p>\n<h2><strong style=\"font-size: 1.7em\">Bood Twins 46000 Vape Kluczowe cechy<\/strong><\/h2>\n<ul>\n<li><strong>Zaci\u0105gni\u0119cia<\/strong>: Do 46 000<\/li>\n<li><strong>Bateria<\/strong>: 650mAh Akumulator z \u0142adowaniem Type-C<\/li>\n<li><strong>E-Liquid<\/strong>: 30ml wst\u0119pnie nape\u0142niony, dost\u0119pny w poziomach nikotyny 0%, 2%, 5%<\/li>\n<li><strong>Wy\u015bwietlacz cyfrowy<\/strong>: Monitorowanie baterii i e-liquidu w czasie rzeczywistym<\/li>\n<li><strong>Smaki<\/strong>: 10 unikalnych kombinacji podw\u00f3jnych smak\u00f3w<\/li>\n<li><strong>Wydajno\u015b\u0107<\/strong>: P\u0142ynne zaci\u0105ganie i sp\u00f3jne dostarczanie<\/li>\n<\/ul>\n<h2><strong style=\"font-size: 1.7em\">Najlepiej sprzedaj\u0105cy si\u0119 smak do jednorazowego e-papierosa Bood 46000<\/strong><\/h2>\n<p>Ten jednorazowy e-papieros Bood Twins 46000 Puff Digital jest dost\u0119pny w <strong>12 ekscytuj\u0105cych smakach<\/strong>, oferuje r\u00f3\u017cnorodne opcje, aby zaspokoi\u0107 r\u00f3\u017cne gusta. Od owocowych, przez mi\u0119towe, po egzotyczne mieszanki \u2013 ka\u017cdy znajdzie co\u015b dla siebie. Ten szeroki wyb\u00f3r gwarantuje, \u017ce zawsze znajdziesz smak, kt\u00f3ry pasuje do Twojego nastroju, co czyni go wszechstronnym wyborem dla wszystkich waper\u00f3w. Poni\u017cej przedstawiamy najlepiej sprzedaj\u0105ce si\u0119 smaki tego jednorazowego e-papierosa wielokrotnego \u0142adowania, zgodnie z naszymi danymi sprzeda\u017cy i opiniami klient\u00f3w.<\/p>\n<div>1. Arbuz <span style=\"color: #ff0000\"><strong>&gt;&gt;&gt;&gt; Gor\u0105ce !<\/strong><\/span><\/div>\n<div>2. Jab\u0142ko<\/div>\n<div>3. Limonka<\/div>\n<div>4. Zielone Jab\u0142ko <span style=\"color: #ff0000\"><strong>&gt;&gt;&gt;&gt; Gor\u0105ce !<\/strong><\/span><\/div>\n<div>5. Bor\u00f3wka Kwa\u015bna Malina<\/div>\n<div>6. Czarna Porzeczka Malina <span style=\"color: #ff0000\"><strong>&gt;&gt;&gt;&gt; Najlepsze !<\/strong><\/span><\/div>\n<div>7. Brzoskwinia Mango<\/div>\n<div>8. Winogrono<\/div>\n<div>9. R\u00f3\u017cowa Lemoniada<\/div>\n<div>10. Zielone Winogrono<\/div>\n<div><\/div>\n<figure id=\"attachment_2895\" aria-describedby=\"caption-attachment-2895\" style=\"width: 1000px\" class=\"wp-caption alignnone\"><img loading=\"lazy\" decoding=\"async\" class=\"wp-image-2895 size-full\" src=\"https:\/\/rmvapesale.com\/wp-content\/uploads\/2025\/01\/Bood-Twins-46000-Digital-Disposable-Vape.jpg\" alt=\"Bood Twins 46000 Cyfrowy Jednorazowy E-papieros\" width=\"1000\" height=\"1000\" srcset=\"https:\/\/rmvapesale.com\/wp-content\/uploads\/2025\/01\/Bood-Twins-46000-Digital-Disposable-Vape.jpg 1000w, https:\/\/rmvapesale.com\/wp-content\/uploads\/2025\/01\/Bood-Twins-46000-Digital-Disposable-Vape-300x300.jpg 300w, https:\/\/rmvapesale.com\/wp-content\/uploads\/2025\/01\/Bood-Twins-46000-Digital-Disposable-Vape-150x150.jpg 150w, https:\/\/rmvapesale.com\/wp-content\/uploads\/2025\/01\/Bood-Twins-46000-Digital-Disposable-Vape-768x768.jpg 768w, https:\/\/rmvapesale.com\/wp-content\/uploads\/2025\/01\/Bood-Twins-46000-Digital-Disposable-Vape-600x600.jpg 600w, https:\/\/rmvapesale.com\/wp-content\/uploads\/2025\/01\/Bood-Twins-46000-Digital-Disposable-Vape-100x100.jpg 100w\" sizes=\"auto, (max-width: 1000px) 100vw, 1000px\" \/><figcaption id=\"caption-attachment-2895\" class=\"wp-caption-text\">Bood Twins 46000 Cyfrowy Jednorazowy E-papieros<\/figcaption><\/figure>\n<h3><\/h3>\n<h3><strong>Dlaczego wybra\u0107 Rmvapesale dla JNR Mega Shisha Hookah 100k Puff\u00a0 <\/strong><strong>V<\/strong><strong>Sprzeda\u017c hurtowa e-papieros\u00f3w<\/strong><strong>?<\/strong><\/h3>\n<div class=\"flex-shrink-0 flex flex-col relative items-end\">\n<div class=\"pt-0\">\n<div class=\"gizmo-bot-avatar flex h-8 w-8 items-center justify-center overflow-hidden rounded-full\">\n<div class=\"relative p-1 rounded-sm flex items-center justify-center bg-token-main-surface-primary text-token-text-primary h-8 w-8\">\n<p>Witaj w Rmvapesale, Twoim zaufanym sklepie z e-papierosami, oferuj\u0105cym jednorazowe produkty najwy\u017cszej jako\u015bci. Z ponad 5-letnim do\u015bwiadczeniem, dostarczamy popularne marki jednorazowych e-papieros\u00f3w, takie jak Al Fakher, Vapme Vape, <a href=\"https:\/\/rmvapesale.com\/pl\/product\/puff-40k-bang-refillable-disposable-vape-with-digital-display-bulk-buy-price\/\">Bang Vape<\/a>, <a href=\"https:\/\/rmvapesale.com\/pl\/product\/jnr-mega-shisha-hookah-100000-100k-puffs-disposable-vape-a-premium-vaping-experience\/\">JNR Vape<\/a>, Waspe, WGA Vape i RandM Vape.<\/p>\n<p>Nasza oferta obejmuje popularne e-papierosy, takie jak <a href=\"https:\/\/rmvapesale.com\/pl\/product\/vookbar-cyber-pro-30000-puffs-bluetooth-vape-2-low-nicotine-rechargeable-bulk-buy-wholesale-price\/\">Vookbar Cyber Pro 30000<\/a> oraz bogate w smaki, jak Vapme 70000. Ka\u017cdy produkt jest wybierany z naciskiem na jako\u015b\u0107, warto\u015b\u0107 i r\u00f3\u017cnorodno\u015b\u0107, zapewniaj\u0105c, \u017ce znajdziesz idealne dopasowanie do swoich potrzeb. Odkryj wyj\u0105tkow\u0105 obs\u0142ug\u0119 i szeroki wyb\u00f3r najlepszych produkt\u00f3w w Rmvapesale.<\/p>\n<p>&nbsp;<\/p>\n<h3><b style=\"font-size: 1.5em;font-style: inherit\">FAQS dla Bood Twins 46000 <\/b><b style=\"font-size: 1.5em;font-style: inherit\">Jednorazowy e-papieros z mo\u017cliwo\u015bci\u0105 \u0142adowania<\/b><\/h3>\n<\/div>\n<h3><\/h3>\n<p><strong>1. Ile zaci\u0105gni\u0119\u0107 oferuje Bood Twins 46000?<\/strong><\/p>\n<p>Ten <strong>Bood Twins 46000 Zaci\u0105gni\u0119\u0107<\/strong> oferuje do 46 000 zaci\u0105gni\u0119\u0107, co czyni go jednym z najd\u0142u\u017cej dzia\u0142aj\u0105cych jednorazowych e-papieros\u00f3w na rynku.<\/p>\n<p><strong>2. Czy mog\u0119 na\u0142adowa\u0107 Bood Twins 46000 Zaci\u0105gni\u0119\u0107?<\/strong><\/p>\n<p>Tak! To urz\u0105dzenie posiada <strong>akumulator o pojemno\u015bci 650mAh<\/strong> z <strong>port szybkiego \u0142adowania Type-C<\/strong> dla wygody.<\/p>\n<p><strong>3. Jakie smaki s\u0105 dost\u0119pne w Bood Twins 46000?<\/strong><\/p>\n<p>Wyst\u0119puje w <strong>10 unikalnych podw\u00f3jnych kombinacjach smakowych<\/strong>, takich jak <strong>Arbuz<\/strong>, <strong>Limonka<\/strong>i <strong>Winogrono<\/strong>.<\/p>\n<p><strong>4. Czy Bood Twins 46000 ma opcje nikotynowe?<\/strong><\/p>\n<p>Tak, urz\u0105dzenie obs\u0142uguje <strong>st\u0119\u017cenia nikotyny 0%, 2% i 5%<\/strong>, co zapewnia opcje dla wszystkich preferencji.<\/p>\n<p><strong>5. Gdzie mog\u0119 kupi\u0107 Bood Twins 46000 w cenach hurtowych?<\/strong><\/p>\n<p>Mo\u017cesz kupi\u0107 <strong>Bood Twins 46000 Zaci\u0105gni\u0119\u0107<\/strong> at <strong>cenach hurtowych<\/strong> z <a href=\"https:\/\/rmvapesale.com\/pl\/\" target=\"_new\" rel=\"noopener\">internetowego sklepu z waporyzatorami Rmvapesale<\/a>. Ciesz si\u0119 konkurencyjnymi cenami, szybk\u0105 wysy\u0142k\u0105 i najwy\u017cszej klasy obs\u0142ug\u0105 klienta!<\/p>\n<p>&nbsp;<\/p>\n<\/div>\n<\/div>\n<\/div>\n<h3>O wysy\u0142ce<\/h3>\n<div class=\"flex-shrink-0 flex flex-col relative items-end\">\n<div>\n<div class=\"pt-0\">\n<div class=\"gizmo-bot-avatar flex h-8 w-8 items-center justify-center overflow-hidden rounded-full\">\n<div><\/div>\n<div class=\"relative p-1 rounded-sm flex items-center justify-center bg-token-main-surface-primary text-token-text-primary h-8 w-8\"><strong>1. Jakie metody wysy\u0142ki s\u0105 stosowane?<\/strong><\/div>\n<\/div>\n<\/div>\n<\/div>\n<\/div>\n<div class=\"group\/conversation-turn relative flex w-full min-w-0 flex-col agent-turn\">\n<div class=\"flex-col gap-1 md:gap-3\">\n<div class=\"flex max-w-full flex-col flex-grow\">\n<div class=\"min-h-[20px] text-message flex w-full flex-col items-end gap-2 whitespace-normal break-words [.text-message+&amp;]:mt-5 overflow-x-auto\" dir=\"auto\" data-message-author-role=\"assistant\" data-message-id=\"22f8283b-3233-46ff-89a5-c7a41b33abda\">\n<div class=\"flex w-full flex-col gap-1 empty:hidden first:pt-[3px]\">\n<div class=\"markdown prose w-full break-words dark:prose-invert light\">\n<p>Wsp\u00f3\u0142pracujemy z UPS, DHL, FedEx, DPD i innymi wiod\u0105cymi przewo\u017anikami. Wybierzemy najlepsz\u0105 metod\u0119 wysy\u0142ki w oparciu o Twoj\u0105 lokalizacj\u0119, aby zapewni\u0107, \u017ce otrzymasz swoje produkty tak szybko, jak to mo\u017cliwe.<\/p>\n<\/div>\n<p><strong>2. Ile czasu zajmuje dostawa?<\/strong><\/p>\n<p>Paczki wysy\u0142ane do Polski zazwyczaj docieraj\u0105 w ci\u0105gu 10 dni roboczych. Wysy\u0142ka do innych kraj\u00f3w europejskich trwa zwykle oko\u0142o 12-15 dni roboczych. B\u0119dziemy dostarcza\u0107 aktualizacje w czasie rzeczywistym na temat statusu Twojej przesy\u0142ki.<\/p>\n<\/div>\n<\/div>\n<\/div>\n<\/div>\n<\/div>\n<p>&nbsp;<\/p>\n<p>Znajd\u017a wi\u0119cej produkt\u00f3w Vape, kt\u00f3re mog\u0105 Ci si\u0119 spodoba\u0107:<strong><em><a href=\"https:\/\/rmvapesale.com\/pl\/shop-2\/\">kup teraz &gt;&gt;&gt;<\/a><\/em><\/strong><\/p>","protected":false},"excerpt":{"rendered":"<p>Bood Twins 46000 Chmur Elektroniczny Jednorazowy Waporyzator Digital Hurtowa Cena<br \/>\nBood Twins 46000 Chmur Elektroniczny Wielorazowy \u0141adowany Jednorazowy Waporyzator Digital Tani Cena<br \/>\nBood 46000 2% Niska Zawarto\u015b\u0107 Nikotyny Chmury Jednorazowy Waporyzator Jednorazowy Waporyzator<\/p>\n<p><strong>Skontaktuj si\u0119 z Amy, aby uzyska\u0107 w\u0142a\u015bciw\u0105 odpowied\u017a i kupon na e-papierosa!<\/strong><\/p>\n<p><img loading=\"lazy\" decoding=\"async\" class=\"size-full wp-image-2375\" src=\"https:\/\/rmvapesale.com\/wp-content\/uploads\/2024\/10\/image.png\" alt=\"Najlepszy Jednorazowy E-papieros\" width=\"229\" height=\"300\" \/><\/p>\n<h3><a href=\"https:\/\/wa.me\/8617776015835\"><span style=\"color: #ff0000\"><strong>WhatsApp: +86 17776015835<\/strong><\/span><\/a><\/h3>\n<p>&nbsp;<\/p>","protected":false},"featured_media":2896,"comment_status":"open","ping_status":"closed","template":"","meta":{"_uag_custom_page_level_css":"","_lmt_disableupdate":"no","_lmt_disable":"","site-sidebar-layout":"default","site-content-layout":"content-boxed-container","ast-site-content-layout":"normal-width-container","site-content-style":"boxed","site-sidebar-style":"unboxed","ast-global-header-display":"","ast-banner-title-visibility":"","ast-main-header-display":"","ast-hfb-above-header-display":"","ast-hfb-below-header-display":"","ast-hfb-mobile-header-display":"","site-post-title":"","ast-breadcrumbs-content":"","ast-featured-img":"","footer-sml-layout":"","ast-disable-related-posts":"","theme-transparent-header-meta":"default","adv-header-id-meta":"","stick-header-meta":"","header-above-stick-meta":"","header-main-stick-meta":"","header-below-stick-meta":"","astra-migrate-meta-layouts":"set","ast-page-background-enabled":"default","ast-page-background-meta":{"desktop":{"background-color":"var(--ast-global-color-4)","background-image":"","background-repeat":"repeat","background-position":"center center","background-size":"auto","background-attachment":"scroll","background-type":"","background-media":"","overlay-type":"","overlay-color":"","overlay-opacity":"","overlay-gradient":""},"tablet":{"background-color":"","background-image":"","background-repeat":"repeat","background-position":"center center","background-size":"auto","background-attachment":"scroll","background-type":"","background-media":"","overlay-type":"","overlay-color":"","overlay-opacity":"","overlay-gradient":""},"mobile":{"background-color":"","background-image":"","background-repeat":"repeat","background-position":"center center","background-size":"auto","background-attachment":"scroll","background-type":"","background-media":"","overlay-type":"","overlay-color":"","overlay-opacity":"","overlay-gradient":""}},"ast-content-background-meta":{"desktop":{"background-color":"var(--ast-global-color-5)","background-image":"","background-repeat":"repeat","background-position":"center center","background-size":"auto","background-attachment":"scroll","background-type":"","background-media":"","overlay-type":"","overlay-color":"","overlay-opacity":"","overlay-gradient":""},"tablet":{"background-color":"var(--ast-global-color-5)","background-image":"","background-repeat":"repeat","background-position":"center center","background-size":"auto","background-attachment":"scroll","background-type":"","background-media":"","overlay-type":"","overlay-color":"","overlay-opacity":"","overlay-gradient":""},"mobile":{"background-color":"var(--ast-global-color-5)","background-image":"","background-repeat":"repeat","background-position":"center center","background-size":"auto","background-attachment":"scroll","background-type":"","background-media":"","overlay-type":"","overlay-color":"","overlay-opacity":"","overlay-gradient":""}},"_joinchat":[]},"product_brand":[],"product_cat":[15,260,259,265,27,25,123,30,26,28,137,136,135],"product_tag":[146,131,264,248,40,111,207],"class_list":{"0":"post-2912","1":"product","2":"type-product","3":"status-publish","4":"has-post-thumbnail","6":"product_cat-new-vape-this-week","7":"product_cat-100k-puff-disposable-vape","8":"product_cat-46000-puff-disposable-vape","9":"product_cat-bood-disposable-vape","10":"product_cat-fance-hot-sale-vape","11":"product_cat-germany-best-selling-vape","12":"product_cat-italy-wholesale-vape","13":"product_cat-minimum-order-quantity-50pcs","14":"product_cat-netherlands-hot-sale-vape","15":"product_cat-poland-hot-sale-vape","16":"product_cat-rechargeable-vapes","17":"product_cat-smart-screen-vapes","18":"product_cat-spain-best-hot-sale-vape","19":"product_tag-best-hot-sale-vape","20":"product_tag-big-puff-vape","21":"product_tag-bood-46000-disposable-vape","22":"product_tag-bood-vape","23":"product_tag-hot-sale-vape","24":"product_tag-low-nicotine-disposable-vape","25":"product_tag-puff-vape","26":"desktop-align-left","27":"tablet-align-left","28":"mobile-align-left","30":"first","31":"instock","32":"sale","33":"shipping-taxable","34":"purchasable","35":"product-type-simple"},"uagb_featured_image_src":{"full":["https:\/\/rmvapesale.com\/wp-content\/uploads\/2025\/01\/Bood-Twins-46000-Puff-2-in-1-Disposable-Vape.webp",1000,1000,false],"thumbnail":["https:\/\/rmvapesale.com\/wp-content\/uploads\/2025\/01\/Bood-Twins-46000-Puff-2-in-1-Disposable-Vape-150x150.webp",150,150,true],"medium":["https:\/\/rmvapesale.com\/wp-content\/uploads\/2025\/01\/Bood-Twins-46000-Puff-2-in-1-Disposable-Vape-300x300.webp",300,300,true],"medium_large":["https:\/\/rmvapesale.com\/wp-content\/uploads\/2025\/01\/Bood-Twins-46000-Puff-2-in-1-Disposable-Vape-768x768.webp",768,768,true],"large":["https:\/\/rmvapesale.com\/wp-content\/uploads\/2025\/01\/Bood-Twins-46000-Puff-2-in-1-Disposable-Vape.webp",1000,1000,false],"1536x1536":["https:\/\/rmvapesale.com\/wp-content\/uploads\/2025\/01\/Bood-Twins-46000-Puff-2-in-1-Disposable-Vape.webp",1000,1000,false],"2048x2048":["https:\/\/rmvapesale.com\/wp-content\/uploads\/2025\/01\/Bood-Twins-46000-Puff-2-in-1-Disposable-Vape.webp",1000,1000,false],"trp-custom-language-flag":["https:\/\/rmvapesale.com\/wp-content\/uploads\/2025\/01\/Bood-Twins-46000-Puff-2-in-1-Disposable-Vape.webp",12,12,false],"woocommerce_thumbnail":["https:\/\/rmvapesale.com\/wp-content\/uploads\/2025\/01\/Bood-Twins-46000-Puff-2-in-1-Disposable-Vape-300x300.webp",300,300,true],"woocommerce_single":["https:\/\/rmvapesale.com\/wp-content\/uploads\/2025\/01\/Bood-Twins-46000-Puff-2-in-1-Disposable-Vape-600x600.webp",600,600,true],"woocommerce_gallery_thumbnail":["https:\/\/rmvapesale.com\/wp-content\/uploads\/2025\/01\/Bood-Twins-46000-Puff-2-in-1-Disposable-Vape-100x100.webp",100,100,true],"wcpr-photo-reviews":["https:\/\/rmvapesale.com\/wp-content\/uploads\/2025\/01\/Bood-Twins-46000-Puff-2-in-1-Disposable-Vape.webp",500,500,false]},"uagb_author_info":{"display_name":"AMY","author_link":"https:\/\/rmvapesale.com\/pl\/author\/"},"uagb_comment_info":0,"uagb_excerpt":"Bood Twins 46000 Puff Digital Disposable Vape Wholesale Price Bood Twins 46000 Puff Digital Rechargeable Disposable Vape Bulk Buy Cheap Price Bood 46000 2% Low Nicotine Puff\u00a0 Disposable Vape Disposable Vape Contact Amy to get right reply and vape coupon! WhatsApp: +86 17776015835 &nbsp;","_links":{"self":[{"href":"https:\/\/rmvapesale.com\/pl\/wp-json\/wp\/v2\/product\/2912","targetHints":{"allow":["GET"]}}],"collection":[{"href":"https:\/\/rmvapesale.com\/pl\/wp-json\/wp\/v2\/product"}],"about":[{"href":"https:\/\/rmvapesale.com\/pl\/wp-json\/wp\/v2\/types\/product"}],"replies":[{"embeddable":true,"href":"https:\/\/rmvapesale.com\/pl\/wp-json\/wp\/v2\/comments?post=2912"}],"wp:featuredmedia":[{"embeddable":true,"href":"https:\/\/rmvapesale.com\/pl\/wp-json\/wp\/v2\/media\/2896"}],"wp:attachment":[{"href":"https:\/\/rmvapesale.com\/pl\/wp-json\/wp\/v2\/media?parent=2912"}],"wp:term":[{"taxonomy":"product_brand","embeddable":true,"href":"https:\/\/rmvapesale.com\/pl\/wp-json\/wp\/v2\/product_brand?post=2912"},{"taxonomy":"product_cat","embeddable":true,"href":"https:\/\/rmvapesale.com\/pl\/wp-json\/wp\/v2\/product_cat?post=2912"},{"taxonomy":"product_tag","embeddable":true,"href":"https:\/\/rmvapesale.com\/pl\/wp-json\/wp\/v2\/product_tag?post=2912"}],"curies":[{"name":"wp","href":"https:\/\/api.w.org\/{rel}","templated":true}]}}