{"id":2913,"date":"2025-01-08T09:44:46","date_gmt":"2025-01-08T09:44:46","guid":{"rendered":"https:\/\/rmvapesale.com\/?post_type=product&#038;p=2913"},"modified":"2025-01-09T09:05:59","modified_gmt":"2025-01-09T09:05:59","slug":"bang-box-35000-puffs-touch-screen-bulk-buy-price-rechargeable-disposable-vapes","status":"publish","type":"product","link":"https:\/\/rmvapesale.com\/pl\/product\/bang-box-35000-puffs-touch-screen-bulk-buy-price-rechargeable-disposable-vapes\/","title":{"rendered":"Bang Box 35000 Zaci\u0105gni\u0119\u0107 Ekran Dotykowy Cena Hurtowa Jednorazowe Vape z Mo\u017cliwo\u015bci\u0105 \u0141adowania"},"content":{"rendered":"<div class=\"B2VR9 CJHX3e\">\n<div class=\"wyccme\">\n<div class=\"flex-shrink-0 flex flex-col relative items-end\">\n<div class=\"pt-0\">\n<div class=\"gizmo-bot-avatar flex h-8 w-8 items-center justify-center overflow-hidden rounded-full\">\n<div class=\"relative p-1 rounded-sm flex items-center justify-center bg-token-main-surface-primary text-token-text-primary h-8 w-8\">\n<div class=\"flex-shrink-0 flex flex-col relative items-end\">\n<div class=\"pt-0\">\n<div class=\"gizmo-bot-avatar flex h-8 w-8 items-center justify-center overflow-hidden rounded-full\">\n<h1 class=\"relative p-1 rounded-sm flex items-center justify-center bg-token-main-surface-primary text-token-text-primary h-8 w-8\">Bang Box 35000 Zaci\u0105gni\u0119\u0107 Ekran Dotykowy Cena Hurtowa Jednorazowe Vape z Mo\u017cliwo\u015bci\u0105 \u0141adowania<\/h1>\n<\/div>\n<\/div>\n<\/div>\n<\/div>\n<\/div>\n<\/div>\n<\/div>\n<div class=\"group\/conversation-turn relative flex w-full min-w-0 flex-col agent-turn\">\n<div class=\"flex-col gap-1 md:gap-3\">\n<div class=\"flex max-w-full flex-col flex-grow\">\n<div class=\"min-h-8 text-message flex w-full flex-col items-end gap-2 whitespace-normal break-words text-start [.text-message+&amp;]:mt-5\" dir=\"auto\" data-message-author-role=\"assistant\" data-message-id=\"80ece0c4-ead1-4ed9-a9f0-ddc22582b4f4\" data-message-model-slug=\"gpt-4o\">\n<div class=\"flex w-full flex-col gap-1 empty:hidden first:pt-[3px]\">\n<div class=\"markdown prose w-full break-words dark:prose-invert light\">\n<p>&nbsp;<\/p>\n<p>Ten <strong>Bang Box 35000 Puffs<\/strong>, najwy\u017cszej klasy jednorazowy vape z mo\u017cliwo\u015bci\u0105 \u0142adowania, zaprojektowany dla tych, kt\u00f3rzy ceni\u0105 smak, elastyczno\u015b\u0107 i wygod\u0119. Dzi\u0119ki <strong>wy\u015bwietlacz cyfrowy<\/strong>, du\u017cej liczbie zaci\u0105gni\u0119\u0107 i konfigurowalnym funkcjom, to urz\u0105dzenie jest najlepszym wyborem dla vaper\u00f3w poszukuj\u0105cych jako\u015bci w przyst\u0119pnej <strong>cenie hurtowej<\/strong>.<\/p>\n<p>Do\u015bwiadcz <strong>ogromnych 35 000 zaci\u0105gni\u0119\u0107<\/strong> na jedno urz\u0105dzenie, co czyni BangBox 35k jednym z najd\u0142u\u017cej dzia\u0142aj\u0105cych jednorazowych e-papieros\u00f3w na rynku. Po\u017cegnaj si\u0119 z ci\u0105g\u0142ymi wymianami i powitaj d\u0142ugotrwa\u0142\u0105 satysfakcj\u0119 z vapowania! Interfejs <strong>ekranu dotykowego LED<\/strong> daje ci kontrol\u0119. Monitoruj <strong>poziom baterii<\/strong>, <strong>poziom e-liquidu<\/strong>, i dostosuj sw\u00f3j <strong>przep\u0142yw powietrza<\/strong> i <strong>tryby mocy<\/strong> z \u0142atwo\u015bci\u0105. Ciesz si\u0119 p\u0142ynnym vapowaniem dzi\u0119ki technologii na wyci\u0105gni\u0119cie r\u0119ki.<\/p>\n<p>Dzi\u0119ki <strong>technologi\u0119 podw\u00f3jnej grza\u0142ki mesh<\/strong>, ka\u017cde zaci\u0105gni\u0119cie dostarcza wyj\u0105tkowego smaku i g\u0119stej pary. BangBox 35000 w po\u0142\u0105czeniu ze zbiornikiem na e-liquid o pojemno\u015bci 35 ml zapewnia sta\u0142\u0105 i smaczn\u0105 wydajno\u015b\u0107 bez cz\u0119stych uzupe\u0142nie\u0144. Wyposa\u017cony w <strong>akumulator o pojemno\u015bci 700mAh<\/strong> oraz <strong>port \u0142adowania Type-C<\/strong>, Bang Vape 35k zapewnia szybkie i wydajne \u0142adowanie. B\u0105d\u017a zawsze na\u0142adowany przez ca\u0142y dzie\u0144, zar\u00f3wno w domu, jak i w podr\u00f3\u017cy.<\/p>\n<p>Bang Box 35000 puffs oferuje <strong>trzy regulowane tryby przep\u0142ywu powietrza<\/strong>, co daje ci kontrol\u0119 nad zaci\u0105gni\u0119ciem. Niezale\u017cnie od tego, czy wolisz cia\u015bniejszy, czy bardziej otwarty wdech, to urz\u0105dzenie dostosuje si\u0119 do Twojego stylu za jednym klikni\u0119ciem na ekranie dotykowym. <span style=\"font-size: 16px\">Wa\u017c\u0105cy tylko <\/span><strong style=\"font-size: 16px\">105.5g<\/strong><span style=\"font-size: 16px\">, Bang Box jest lekki i \u0142atwy do przenoszenia. Idealny dla hurtownik\u00f3w, opcje <\/span><strong style=\"font-size: 16px\">opakowania zbiorczego<\/strong><span style=\"font-size: 16px\"> czyni\u0105 go doskona\u0142ym wyborem dla <\/span><strong style=\"font-size: 16px\">zam\u00f3wie\u0144 hurtowych<\/strong><span style=\"font-size: 16px\"> w bezkonkurencyjnych cenach.<\/span><\/p>\n<\/div>\n<\/div>\n<\/div>\n<\/div>\n<\/div>\n<\/div>\n<div class=\"flex-shrink-0 flex flex-col relative items-end\">\n<div class=\"pt-0\">\n<div class=\"gizmo-bot-avatar flex h-8 w-8 items-center justify-center overflow-hidden rounded-full\">\n<p>&nbsp;<\/p>\n<\/div>\n<\/div>\n<\/div>\n<\/div>\n<\/div>\n<p><strong>Skontaktuj si\u0119 z Amy, aby uzyska\u0107 w\u0142a\u015bciw\u0105 odpowied\u017a i kupon na e-papierosa!<\/strong><\/p>\n<p><img loading=\"lazy\" decoding=\"async\" class=\"size-full wp-image-1978\" src=\"https:\/\/rmvapesale.com\/wp-content\/uploads\/2024\/09\/Disposable-Vape-Wholesale.jpg\" alt=\"Hurtownia Jednorazowych E-papieros\u00f3w\" width=\"229\" height=\"300\" \/><\/p>\n<h3><a href=\"https:\/\/wa.me\/8617776015835\" target=\"_blank\" rel=\"noopener\"><span style=\"color: #ff0000\"><strong>WhatsApp: +86 17776015835<\/strong><\/span><\/a><\/h3>\n<p>&nbsp;<\/p>\n<h2><strong style=\"font-size: 1.7em\">Bang Box 35000 Kluczowe cechy<\/strong><\/h2>\n<h3><\/h3>\n<ul>\n<li><strong>Liczba zaci\u0105gni\u0119\u0107<\/strong>: Do 35 000 dla d\u0142u\u017cszego u\u017cytkowania<\/li>\n<li><strong>Wy\u015bwietlacz cyfrowy<\/strong>: Monitorowanie baterii i e-liquidu w czasie rzeczywistym<\/li>\n<li><strong>Pojemno\u015b\u0107 E-liquidu<\/strong>: Du\u017cy zbiornik o pojemno\u015bci 35 ml, wst\u0119pnie nape\u0142niony<\/li>\n<li><strong>System grza\u0142ek<\/strong>: Podw\u00f3jna grza\u0142ka siatkowa dla wzmocnionego smaku i pary<\/li>\n<li><strong>Bateria<\/strong>: Akumulator 700mAh z \u0142adowaniem Type-C<\/li>\n<li><strong>Przep\u0142yw powietrza<\/strong>: Trzy konfigurowalne tryby dla spersonalizowanego do\u015bwiadczenia<\/li>\n<li><strong>Ekran dotykowy<\/strong>: Intuicyjna kontrola nad przep\u0142ywem powietrza i trybami mocy<\/li>\n<li><strong>Przeno\u015bno\u015b\u0107<\/strong>: Lekka konstrukcja do waporyzacji w podr\u00f3\u017cy<\/li>\n<li><strong>Gotowo\u015b\u0107 do sprzeda\u017cy hurtowej<\/strong>: Opcje zakupu hurtowego dla op\u0142acalnego uzupe\u0142nienia zapas\u00f3w&nbsp;\n<p><img loading=\"lazy\" decoding=\"async\" class=\"wp-image-2940 size-full\" src=\"https:\/\/rmvapesale.com\/wp-content\/uploads\/2025\/01\/Bang-Vape-Disposable-Vapes-35000-Bulk-Buy.webp\" alt=\"Zakup hurtowy Jednorazowych Vape&#039;\u00f3w Bang Vape 35000\" width=\"800\" height=\"496\" srcset=\"https:\/\/rmvapesale.com\/wp-content\/uploads\/2025\/01\/Bang-Vape-Disposable-Vapes-35000-Bulk-Buy.webp 800w, https:\/\/rmvapesale.com\/wp-content\/uploads\/2025\/01\/Bang-Vape-Disposable-Vapes-35000-Bulk-Buy-300x186.webp 300w, https:\/\/rmvapesale.com\/wp-content\/uploads\/2025\/01\/Bang-Vape-Disposable-Vapes-35000-Bulk-Buy-768x476.webp 768w, https:\/\/rmvapesale.com\/wp-content\/uploads\/2025\/01\/Bang-Vape-Disposable-Vapes-35000-Bulk-Buy-600x372.webp 600w\" sizes=\"auto, (max-width: 800px) 100vw, 800px\" \/><\/li>\n<\/ul>\n<h2><strong style=\"font-size: 1.7em\">Najlepiej sprzedaj\u0105cy si\u0119 smak do Bang Box 35k<\/strong><\/h2>\n<p>Ten jednorazowy, \u0142adowalny e-papieros z ekranem dotykowym Bang Box 35000 Puffs jest dost\u0119pny w <strong>12 ekscytuj\u0105cych smakach<\/strong>, oferuje r\u00f3\u017cnorodne opcje, aby zaspokoi\u0107 r\u00f3\u017cne gusta. Jaki jest najlepszy smak dla BangBOX 35K? Prosimy o zapoznanie si\u0119 z najlepiej sprzedaj\u0105cymi si\u0119 smakami dla tego \u0142adowalnego, jednorazowego e-papierosa na podstawie naszych danych sprzeda\u017cowych i opinii klient\u00f3w.<\/p>\n<p>1.TRUSKAWKA KIWI<br \/>\n2.NIEBIESKA MALINA LODOWA <span style=\"color: #ff0000\"><strong>&gt;&gt;&gt;&gt; Gor\u0105ce !<\/strong><\/span><br \/>\n3.TRUSKAWKA ARBUZ<span style=\"color: #ff0000\"><strong>&gt;&gt;&gt;&gt; Gor\u0105ce !<\/strong><\/span><br \/>\n4.MARAKUJA<br \/>\n5.LEMONIADA COLA<br \/>\n6.L\u00d3D ARBUZOWY<br \/>\n7.GUMA BALONOWA ARBUZOWA<br \/>\n8.KIWI MARAKUJA GUJAWA<br \/>\n9.L\u00d3D JAGODOWY <strong> <span style=\"color: #ff0000\">&gt;&gt;&gt;&gt; Najlepsze !<\/span><\/strong><br \/>\n10.ARBUZ WI\u015aNIA<br \/>\n11.NAP\u00d3J ENERGETYCZNY <span style=\"color: #ff0000\"><strong>&gt;&gt;&gt;&gt; Gor\u0105ce !<\/strong><\/span><br \/>\n12.MI\u0118TOWY GREJPFRUT <span style=\"color: #ff0000\"><strong>&gt;&gt;&gt;&gt; Gor\u0105ce !<\/strong><\/span><\/p>\n<h3><\/h3>\n<h4><strong>Dlaczego warto wybra\u0107 Rmvapesale dla Bang Box 35000 Puff\u00a0 <\/strong><strong>V<\/strong><strong>Sprzeda\u017c hurtowa e-papieros\u00f3w<\/strong><strong>?<\/strong><\/h4>\n<div class=\"flex-shrink-0 flex flex-col relative items-end\">\n<div class=\"pt-0\">\n<div class=\"gizmo-bot-avatar flex h-8 w-8 items-center justify-center overflow-hidden rounded-full\">\n<div class=\"relative p-1 rounded-sm flex items-center justify-center bg-token-main-surface-primary text-token-text-primary h-8 w-8\">\n<p>Witaj w Rmvapesale, Twoim zaufanym sklepie z e-papierosami, oferuj\u0105cym jednorazowe produkty najwy\u017cszej jako\u015bci. Z ponad 5-letnim do\u015bwiadczeniem, dostarczamy popularne marki jednorazowych e-papieros\u00f3w, takie jak Al Fakher, Vapme Vape, <a href=\"https:\/\/rmvapesale.com\/pl\/product-category\/bang-vapes\/\">Bang Vape<\/a>, Waspe, WGA Vape i<a href=\"https:\/\/rmvapesale.com\/pl\/product-category\/randm-fumot-vape\/\"> RandM Vape<\/a>.<\/p>\n<p>Nasza oferta obejmuje jednorazowe e-papierosy, takie jak <a href=\"https:\/\/rmvapesale.com\/pl\/product\/randm-tornado-15000-puffs-vape-wholesale\/\">RandM Tornado 15000<\/a> oraz bogate w smaki opcje, jak <a href=\"https:\/\/rmvapesale.com\/pl\/product\/bood-twins-46000-puff-digital-disposable-vape-bulk-buy-wholesale-price\/\">Bood Twins 46000<\/a>. Ka\u017cdy produkt jest wybierany z my\u015bl\u0105 o jako\u015bci, warto\u015bci i r\u00f3\u017cnorodno\u015bci, dzi\u0119ki czemu na pewno znajdziesz idealny dla siebie. Odkryj wyj\u0105tkow\u0105 obs\u0142ug\u0119 i szerok\u0105 gam\u0119 najlepszych produkt\u00f3w na Rmvapesale.<\/p>\n<p>&nbsp;<\/p>\n<h3><b style=\"font-size: 1.5em;font-style: inherit\">FAQ dla Bang Box 35000 <\/b><b style=\"font-size: 1.5em;font-style: inherit\">Jednorazowy e-papieros z mo\u017cliwo\u015bci\u0105 \u0142adowania<\/b><\/h3>\n<\/div>\n<h3><\/h3>\n<p><strong>1. Ile zaci\u0105gni\u0119\u0107 zapewnia Bang Box 35000?<\/strong><\/p>\n<p>Bang Box zapewnia do <strong>35 000 zaci\u0105gni\u0119\u0107<\/strong>, co czyni go idealnym do d\u0142ugotrwa\u0142ego u\u017cytkowania bez cz\u0119stych wymian.<\/p>\n<p><strong>2. Czy mog\u0119 \u0142adowa\u0107 Bang Box 35000?<\/strong><\/p>\n<p>Tak, ma wbudowany port <strong>akumulator o pojemno\u015bci 700mAh<\/strong> z <strong>Portem Type-C<\/strong> do szybkiego i wygodnego \u0142adowania.<\/p>\n<p><strong>3. Jaka jest zaleta cyfrowego wy\u015bwietlacza?<\/strong><\/p>\n<p>Ten <strong>Wy\u015bwietlacz dotykowy LED<\/strong> pozwala monitorowa\u0107 \u017cywotno\u015b\u0107 baterii, poziom e-liquidu oraz bezproblemowo regulowa\u0107 przep\u0142yw powietrza i tryby mocy.<\/p>\n<p><strong>4. Czy mog\u0119 dostosowa\u0107 przep\u0142yw powietrza?<\/strong><\/p>\n<p>Oczywi\u015bcie! Bang Box jest wyposa\u017cony w <strong>trzy regulowane tryby przep\u0142ywu powietrza<\/strong>, co daje Ci kontrol\u0119 nad Twoim do\u015bwiadczeniem wapowania.<\/p>\n<p><strong>5. Gdzie mog\u0119 kupi\u0107 Bang Box 35000 w cenach hurtowych?<\/strong><\/p>\n<p>Mo\u017cesz znale\u017a\u0107 <strong>Bang Box 35000 Puffs<\/strong> w konkurencyjnych <strong>cenach hurtowych<\/strong> on <a href=\"https:\/\/rmvapesale.com\/pl\/\" target=\"_new\" rel=\"noopener\">internetowego sklepu z waporyzatorami Rmvapesale<\/a>. Kupuj teraz, aby skorzysta\u0107 z najlepszych ofert!<\/p>\n<p><img loading=\"lazy\" decoding=\"async\" class=\"wp-image-2941 size-full\" src=\"https:\/\/rmvapesale.com\/wp-content\/uploads\/2025\/01\/Bang-Vape-Screen-Disposable-Vape-35000-Puffs.webp\" alt=\"Jednorazowy Vape z Ekranem Bang Vape 35000 Zaci\u0105gni\u0119\u0107\" width=\"800\" height=\"558\" srcset=\"https:\/\/rmvapesale.com\/wp-content\/uploads\/2025\/01\/Bang-Vape-Screen-Disposable-Vape-35000-Puffs.webp 800w, https:\/\/rmvapesale.com\/wp-content\/uploads\/2025\/01\/Bang-Vape-Screen-Disposable-Vape-35000-Puffs-300x209.webp 300w, https:\/\/rmvapesale.com\/wp-content\/uploads\/2025\/01\/Bang-Vape-Screen-Disposable-Vape-35000-Puffs-768x536.webp 768w, https:\/\/rmvapesale.com\/wp-content\/uploads\/2025\/01\/Bang-Vape-Screen-Disposable-Vape-35000-Puffs-600x419.webp 600w\" sizes=\"auto, (max-width: 800px) 100vw, 800px\" \/><\/p>\n<\/div>\n<\/div>\n<\/div>\n<h3>O wysy\u0142ce<\/h3>\n<div class=\"flex-shrink-0 flex flex-col relative items-end\">\n<div>\n<div class=\"pt-0\">\n<div class=\"gizmo-bot-avatar flex h-8 w-8 items-center justify-center overflow-hidden rounded-full\">\n<div><\/div>\n<div class=\"relative p-1 rounded-sm flex items-center justify-center bg-token-main-surface-primary text-token-text-primary h-8 w-8\"><strong>1. Jakie metody wysy\u0142ki s\u0105 stosowane?<\/strong><\/div>\n<\/div>\n<\/div>\n<\/div>\n<\/div>\n<div class=\"group\/conversation-turn relative flex w-full min-w-0 flex-col agent-turn\">\n<div class=\"flex-col gap-1 md:gap-3\">\n<div class=\"flex max-w-full flex-col flex-grow\">\n<div class=\"min-h-[20px] text-message flex w-full flex-col items-end gap-2 whitespace-normal break-words [.text-message+&amp;]:mt-5 overflow-x-auto\" dir=\"auto\" data-message-author-role=\"assistant\" data-message-id=\"22f8283b-3233-46ff-89a5-c7a41b33abda\">\n<div class=\"flex w-full flex-col gap-1 empty:hidden first:pt-[3px]\">\n<div class=\"markdown prose w-full break-words dark:prose-invert light\">\n<p>Wsp\u00f3\u0142pracujemy z UPS, DHL, FedEx, DPD i innymi wiod\u0105cymi przewo\u017anikami. Wybierzemy najlepsz\u0105 metod\u0119 wysy\u0142ki w oparciu o Twoj\u0105 lokalizacj\u0119, aby zapewni\u0107, \u017ce otrzymasz swoje produkty tak szybko, jak to mo\u017cliwe.<\/p>\n<\/div>\n<p><strong>2. Ile czasu zajmuje dostawa?<\/strong><\/p>\n<p>Paczki wysy\u0142ane do Polski zazwyczaj docieraj\u0105 w ci\u0105gu 10 dni roboczych. Wysy\u0142ka do innych kraj\u00f3w europejskich trwa zwykle oko\u0142o 12-15 dni roboczych. B\u0119dziemy dostarcza\u0107 aktualizacje w czasie rzeczywistym na temat statusu Twojej przesy\u0142ki.<\/p>\n<\/div>\n<\/div>\n<\/div>\n<\/div>\n<\/div>\n<p><strong><span style=\"color: #ff0000\">Inne gor\u0105ce, inteligentne, jednorazowe vape'y w sprzeda\u017cy: <a href=\"https:\/\/rmvapesale.com\/pl\/product\/vopk-ultra-40000-puffs-double-taste-digital-screen-spaceman-disposable-vape-wholesale\/\">VOPK 40000 40K Zaci\u0105gni\u0119\u0107<\/a>, <a href=\"https:\/\/rmvapesale.com\/pl\/product\/bang-vape-36000-puffs-rechargeable-disposable-vape-wholesale-price\/\">Bang Vape 36k,\u00a0<\/a><\/span><\/strong><\/p>\n<p>&nbsp;<\/p>\n<p>Znajd\u017a wi\u0119cej produkt\u00f3w Vape, kt\u00f3re mog\u0105 Ci si\u0119 spodoba\u0107:<strong><em><a href=\"https:\/\/rmvapesale.com\/pl\/shop-2\/\">kup teraz &gt;&gt;&gt;<\/a><\/em><\/strong><\/p>","protected":false},"excerpt":{"rendered":"<p>Nowy Bang box 35k 35000 Puffs Sterowanie dotykowe Dwa tryby mocy<br \/>\nBang Box 35000 Puffs Sterowanie dotykowe Jednorazowy Vape Hurtowo<br \/>\nBang box 35k Puffs Sterowanie dotykowe Vape Kupuj luzem niska cena<\/p>\n<p><strong>Skontaktuj si\u0119 z Amy, aby uzyska\u0107 w\u0142a\u015bciw\u0105 odpowied\u017a i kupon na e-papierosa!<\/strong><\/p>\n<p><img loading=\"lazy\" decoding=\"async\" class=\"size-full wp-image-2375\" src=\"https:\/\/rmvapesale.com\/wp-content\/uploads\/2024\/10\/image.png\" alt=\"Najlepszy Jednorazowy E-papieros\" width=\"229\" height=\"300\" \/><\/p>\n<h3><a href=\"https:\/\/wa.me\/8617776015835\"><span style=\"color: #ff0000\"><strong>WhatsApp: +86 17776015835<\/strong><\/span><\/a><\/h3>\n<p>&nbsp;<\/p>","protected":false},"featured_media":2934,"comment_status":"open","ping_status":"closed","template":"","meta":{"_uag_custom_page_level_css":"","_lmt_disableupdate":"no","_lmt_disable":"","site-sidebar-layout":"default","site-content-layout":"content-boxed-container","ast-site-content-layout":"normal-width-container","site-content-style":"boxed","site-sidebar-style":"unboxed","ast-global-header-display":"","ast-banner-title-visibility":"","ast-main-header-display":"","ast-hfb-above-header-display":"","ast-hfb-below-header-display":"","ast-hfb-mobile-header-display":"","site-post-title":"","ast-breadcrumbs-content":"","ast-featured-img":"","footer-sml-layout":"","theme-transparent-header-meta":"default","adv-header-id-meta":"","stick-header-meta":"","header-above-stick-meta":"","header-main-stick-meta":"","header-below-stick-meta":"","astra-migrate-meta-layouts":"set","ast-page-background-enabled":"default","ast-page-background-meta":{"desktop":{"background-color":"var(--ast-global-color-4)","background-image":"","background-repeat":"repeat","background-position":"center center","background-size":"auto","background-attachment":"scroll","background-type":"","background-media":"","overlay-type":"","overlay-color":"","overlay-opacity":"","overlay-gradient":""},"tablet":{"background-color":"","background-image":"","background-repeat":"repeat","background-position":"center center","background-size":"auto","background-attachment":"scroll","background-type":"","background-media":"","overlay-type":"","overlay-color":"","overlay-opacity":"","overlay-gradient":""},"mobile":{"background-color":"","background-image":"","background-repeat":"repeat","background-position":"center center","background-size":"auto","background-attachment":"scroll","background-type":"","background-media":"","overlay-type":"","overlay-color":"","overlay-opacity":"","overlay-gradient":""}},"ast-content-background-meta":{"desktop":{"background-color":"var(--ast-global-color-5)","background-image":"","background-repeat":"repeat","background-position":"center center","background-size":"auto","background-attachment":"scroll","background-type":"","background-media":"","overlay-type":"","overlay-color":"","overlay-opacity":"","overlay-gradient":""},"tablet":{"background-color":"var(--ast-global-color-5)","background-image":"","background-repeat":"repeat","background-position":"center center","background-size":"auto","background-attachment":"scroll","background-type":"","background-media":"","overlay-type":"","overlay-color":"","overlay-opacity":"","overlay-gradient":""},"mobile":{"background-color":"var(--ast-global-color-5)","background-image":"","background-repeat":"repeat","background-position":"center center","background-size":"auto","background-attachment":"scroll","background-type":"","background-media":"","overlay-type":"","overlay-color":"","overlay-opacity":"","overlay-gradient":""}},"_joinchat":[]},"product_brand":[],"product_cat":[15,246,25,123,26,28,135,27,60,137,136,30],"product_tag":[267,199,146,131,40,111,266],"class_list":{"0":"post-2913","1":"product","2":"type-product","3":"status-publish","4":"has-post-thumbnail","6":"product_cat-new-vape-this-week","7":"product_cat-35000-puffs-disposable-vape","8":"product_cat-germany-best-selling-vape","9":"product_cat-italy-wholesale-vape","10":"product_cat-netherlands-hot-sale-vape","11":"product_cat-poland-hot-sale-vape","12":"product_cat-spain-best-hot-sale-vape","13":"product_cat-fance-hot-sale-vape","14":"product_cat-bang-vapes","15":"product_cat-rechargeable-vapes","16":"product_cat-smart-screen-vapes","17":"product_cat-minimum-order-quantity-50pcs","18":"product_tag-bang-box-35k","19":"product_tag-bang-vape","20":"product_tag-best-hot-sale-vape","21":"product_tag-big-puff-vape","22":"product_tag-hot-sale-vape","23":"product_tag-low-nicotine-disposable-vape","24":"product_tag-touch-screen-rechargeable-disposable-vape","25":"desktop-align-left","26":"tablet-align-left","27":"mobile-align-left","29":"first","30":"instock","31":"sale","32":"shipping-taxable","33":"purchasable","34":"product-type-simple"},"uagb_featured_image_src":{"full":["https:\/\/rmvapesale.com\/wp-content\/uploads\/2025\/01\/Bang-Box-Vape-35000-Puffs-Disposable-Vape-Bulk-Buy.webp",800,800,false],"thumbnail":["https:\/\/rmvapesale.com\/wp-content\/uploads\/2025\/01\/Bang-Box-Vape-35000-Puffs-Disposable-Vape-Bulk-Buy-150x150.webp",150,150,true],"medium":["https:\/\/rmvapesale.com\/wp-content\/uploads\/2025\/01\/Bang-Box-Vape-35000-Puffs-Disposable-Vape-Bulk-Buy-300x300.webp",300,300,true],"medium_large":["https:\/\/rmvapesale.com\/wp-content\/uploads\/2025\/01\/Bang-Box-Vape-35000-Puffs-Disposable-Vape-Bulk-Buy-768x768.webp",768,768,true],"large":["https:\/\/rmvapesale.com\/wp-content\/uploads\/2025\/01\/Bang-Box-Vape-35000-Puffs-Disposable-Vape-Bulk-Buy.webp",800,800,false],"1536x1536":["https:\/\/rmvapesale.com\/wp-content\/uploads\/2025\/01\/Bang-Box-Vape-35000-Puffs-Disposable-Vape-Bulk-Buy.webp",800,800,false],"2048x2048":["https:\/\/rmvapesale.com\/wp-content\/uploads\/2025\/01\/Bang-Box-Vape-35000-Puffs-Disposable-Vape-Bulk-Buy.webp",800,800,false],"trp-custom-language-flag":["https:\/\/rmvapesale.com\/wp-content\/uploads\/2025\/01\/Bang-Box-Vape-35000-Puffs-Disposable-Vape-Bulk-Buy.webp",12,12,false],"woocommerce_thumbnail":["https:\/\/rmvapesale.com\/wp-content\/uploads\/2025\/01\/Bang-Box-Vape-35000-Puffs-Disposable-Vape-Bulk-Buy-300x300.webp",300,300,true],"woocommerce_single":["https:\/\/rmvapesale.com\/wp-content\/uploads\/2025\/01\/Bang-Box-Vape-35000-Puffs-Disposable-Vape-Bulk-Buy-600x600.webp",600,600,true],"woocommerce_gallery_thumbnail":["https:\/\/rmvapesale.com\/wp-content\/uploads\/2025\/01\/Bang-Box-Vape-35000-Puffs-Disposable-Vape-Bulk-Buy-100x100.webp",100,100,true],"wcpr-photo-reviews":["https:\/\/rmvapesale.com\/wp-content\/uploads\/2025\/01\/Bang-Box-Vape-35000-Puffs-Disposable-Vape-Bulk-Buy.webp",500,500,false]},"uagb_author_info":{"display_name":"AMY","author_link":"https:\/\/rmvapesale.com\/pl\/author\/"},"uagb_comment_info":0,"uagb_excerpt":"New Bang box 35k 35000 Puffs Touch Control Two Power Mode Bang Box 35000 Puffs Touch Control Disposable Vape Wholesale Bang box 35k Puffs Touch Control Vape Bulk Buy Cheap Price Contact Amy to get right reply and vape coupon! WhatsApp: +86 17776015835 &nbsp;","_links":{"self":[{"href":"https:\/\/rmvapesale.com\/pl\/wp-json\/wp\/v2\/product\/2913","targetHints":{"allow":["GET"]}}],"collection":[{"href":"https:\/\/rmvapesale.com\/pl\/wp-json\/wp\/v2\/product"}],"about":[{"href":"https:\/\/rmvapesale.com\/pl\/wp-json\/wp\/v2\/types\/product"}],"replies":[{"embeddable":true,"href":"https:\/\/rmvapesale.com\/pl\/wp-json\/wp\/v2\/comments?post=2913"}],"wp:featuredmedia":[{"embeddable":true,"href":"https:\/\/rmvapesale.com\/pl\/wp-json\/wp\/v2\/media\/2934"}],"wp:attachment":[{"href":"https:\/\/rmvapesale.com\/pl\/wp-json\/wp\/v2\/media?parent=2913"}],"wp:term":[{"taxonomy":"product_brand","embeddable":true,"href":"https:\/\/rmvapesale.com\/pl\/wp-json\/wp\/v2\/product_brand?post=2913"},{"taxonomy":"product_cat","embeddable":true,"href":"https:\/\/rmvapesale.com\/pl\/wp-json\/wp\/v2\/product_cat?post=2913"},{"taxonomy":"product_tag","embeddable":true,"href":"https:\/\/rmvapesale.com\/pl\/wp-json\/wp\/v2\/product_tag?post=2913"}],"curies":[{"name":"wp","href":"https:\/\/api.w.org\/{rel}","templated":true}]}}