{"id":2955,"date":"2025-01-13T06:29:57","date_gmt":"2025-01-13T06:29:57","guid":{"rendered":"https:\/\/rmvapesale.com\/?post_type=product&#038;p=2955"},"modified":"2025-01-13T07:21:49","modified_gmt":"2025-01-13T07:21:49","slug":"bangking-35000-puffs-double-flavour-disposable-vape-wholesale-cheap-price","status":"publish","type":"product","link":"https:\/\/rmvapesale.com\/pl\/product\/bangking-35000-puffs-double-flavour-disposable-vape-wholesale-cheap-price\/","title":{"rendered":"Bangking 35000 Puffs Double Flavour Jednorazowy E-papieros Hurtowo Niska Cena"},"content":{"rendered":"<div class=\"B2VR9 CJHX3e\">\n<div class=\"wyccme\">\n<div class=\"flex-shrink-0 flex flex-col relative items-end\">\n<div class=\"pt-0\">\n<div class=\"gizmo-bot-avatar flex h-8 w-8 items-center justify-center overflow-hidden rounded-full\">\n<div class=\"relative p-1 rounded-sm flex items-center justify-center bg-token-main-surface-primary text-token-text-primary h-8 w-8\">\n<div class=\"flex-shrink-0 flex flex-col relative items-end\">\n<div class=\"pt-0\">\n<div class=\"gizmo-bot-avatar flex h-8 w-8 items-center justify-center overflow-hidden rounded-full\">\n<h1 class=\"relative p-1 rounded-sm flex items-center justify-center bg-token-main-surface-primary text-token-text-primary h-8 w-8\">Bangking 35000 Puffs Double Flavour Jednorazowy E-papieros Hurtowo Niska Cena<\/h1>\n<\/div>\n<\/div>\n<\/div>\n<\/div>\n<\/div>\n<\/div>\n<\/div>\n<div class=\"group\/conversation-turn relative flex w-full min-w-0 flex-col agent-turn\">\n<div class=\"flex-col gap-1 md:gap-3\">\n<div class=\"flex max-w-full flex-col flex-grow\">\n<div class=\"min-h-8 text-message flex w-full flex-col items-end gap-2 whitespace-normal break-words text-start [.text-message+&amp;]:mt-5\" dir=\"auto\" data-message-author-role=\"assistant\" data-message-id=\"80ece0c4-ead1-4ed9-a9f0-ddc22582b4f4\" data-message-model-slug=\"gpt-4o\">\n<p>Szukasz e-papierosa, kt\u00f3ry dotrzyma kroku Twojemu stylowi \u017cycia? Poznaj <strong>Bangking 35000 Puffs Double Flavour Jednorazowy E-papieros<\/strong>\u2014 urz\u0105dzenie, kt\u00f3re zmienia zasady gry w \u015bwiecie jednorazowych e-papieros\u00f3w! To urz\u0105dzenie zapewnia Ci <strong>ogromn\u0105 liczb\u0119 zaci\u0105gni\u0119\u0107<\/strong>, <strong>dwa niesamowite smaki w jednym<\/strong>i <strong>mo\u017cliwo\u015b\u0107 dostosowania poziomu nikotyny<\/strong>. Wszystko w cenie, kt\u00f3ra nie zrujnuje Twojego portfela!<\/p>\n<h2><strong>Dlaczego warto wybra\u0107 Bangking 35000 Puffs?<\/strong><\/h2>\n<ul>\n<li><strong>Dwa razy wi\u0119cej smaku, dwa razy wi\u0119cej zabawy<\/strong><br \/>\nMasz do\u015b\u0107 trzymania si\u0119 tylko jednego smaku? Dzi\u0119ki <strong>technologii 2-w-1<\/strong>mo\u017cesz prze\u0142\u0105cza\u0107 si\u0119 mi\u0119dzy dwoma pysznymi opcjami w jednym urz\u0105dzeniu. To tak, jakby\u015b mia\u0142 dwa e-papierosy w kieszeni!<\/li>\n<li><strong>Niezr\u00f3wnana liczba zaci\u0105gni\u0119\u0107<\/strong><br \/>\nZ <strong>35 000 zaci\u0105gni\u0119\u0107<\/strong>ten e-papieros jest stworzony, aby s\u0142u\u017cy\u0107 przez d\u0142ugi czas. To nie tylko du\u017co zaci\u0105gni\u0119\u0107 \u2014 to mn\u00f3stwo warto\u015bci!<\/li>\n<li><strong>Wygoda \u0142adowania<\/strong><br \/>\nWbudowany <strong>Bateria 650 mAh<\/strong> i <strong>port \u0142adowania Type-C<\/strong> oznacza, \u017ce nigdy nie zostaniesz na lodzie. Na\u0142aduj go szybko i wapuj dalej!<\/li>\n<li><strong>Nikotyna po Twojemu<\/strong><br \/>\nNiezale\u017cnie od tego, czy lubisz mocne wra\u017cenia, czy wolisz \u0142agodniejszy dotyk, Bangking oferuje <strong>opcje nikotyny 0%, 2% i 5%<\/strong>. Liczy si\u0119 Tw\u00f3j wyb\u00f3r.<\/li>\n<li><strong>Smaki, kt\u00f3re zaskakuj\u0105<\/strong><br \/>\nOd owocowych fuzji po orze\u017awiaj\u0105ce mi\u0119towe podmuchy, do odkrycia jest <strong>12 niesamowitych smak\u00f3w<\/strong> . \u017badnych nudnych opcji!<\/li>\n<\/ul>\n<\/div>\n<\/div>\n<\/div>\n<\/div>\n<div class=\"flex-shrink-0 flex flex-col relative items-end\">\n<div class=\"pt-0\">\n<div class=\"gizmo-bot-avatar flex h-8 w-8 items-center justify-center overflow-hidden rounded-full\">\n<p>&nbsp;<\/p>\n<\/div>\n<\/div>\n<\/div>\n<\/div>\n<\/div>\n<p><strong>Skontaktuj si\u0119 z Amy, aby uzyska\u0107 w\u0142a\u015bciw\u0105 odpowied\u017a i kupon na e-papierosa!<\/strong><\/p>\n<p><img loading=\"lazy\" decoding=\"async\" class=\"size-full wp-image-1978\" src=\"https:\/\/rmvapesale.com\/wp-content\/uploads\/2024\/09\/Disposable-Vape-Wholesale.jpg\" alt=\"Hurtownia Jednorazowych E-papieros\u00f3w\" width=\"229\" height=\"300\" \/><\/p>\n<h3><a href=\"https:\/\/wa.me\/8617776015835\" target=\"_blank\" rel=\"noopener\"><span style=\"color: #ff0000\"><strong>WhatsApp: +86 17776015835<\/strong><\/span><\/a><\/h3>\n<p>&nbsp;<\/p>\n<h3><strong style=\"font-size: 1.7em\">Kluczowe cechy produktu Bangking 35000 Puffs<\/strong><\/h3>\n<ul>\n<li><strong>Konstrukcja 2 w 1:<\/strong> Ciesz si\u0119 podw\u00f3jnymi smakami w jednym urz\u0105dzeniu.<\/li>\n<li><strong>35 000 zaci\u0105gni\u0119\u0107:<\/strong> Waporyzacja, kt\u00f3ra trwa i trwa!<\/li>\n<li><strong>Dostosowane poziomy nikotyny:<\/strong> Wybierz spo\u015br\u00f3d 0%, 2% lub 5%.<\/li>\n<li><strong>Akumulator:<\/strong> \u0141adowanie Type-C dla najwy\u017cszej wygody.<\/li>\n<li><strong>Dost\u0119pna cena hurtowa:<\/strong> Idealne do u\u017cytku osobistego lub zakup\u00f3w hurtowych.<\/li>\n<\/ul>\n<h3><strong style=\"font-size: 1.7em\">Najlepiej sprzedaj\u0105cy si\u0119 smak Bangking 35000 Puffs<\/strong><strong style=\"font-size: 1.7em\">\u00a0E-papieros<\/strong><\/h3>\n<p>Ten <strong>Jednorazowy e-papieros Bangking 35000 Puffs o podw\u00f3jnym smaku<\/strong> oferuje odwa\u017cn\u0105 i ekscytuj\u0105c\u0105 gam\u0119 kombinacji smakowych, pozwalaj\u0105c cieszy\u0107 si\u0119 dwoma niesamowitymi smakami w jednym urz\u0105dzeniu. Od owocowych ulubie\u0144c\u00f3w po lodowe, orze\u017awiaj\u0105ce mieszanki, ka\u017cdy znajdzie co\u015b dla siebie! <strong>Co sprawia, \u017ce te smaki s\u0105 wyj\u0105tkowe? <\/strong><strong>Podw\u00f3jna zabawa<\/strong>: Ciesz si\u0119 dwoma r\u00f3\u017cnymi smakami w jednym urz\u0105dzeniu. <strong>Gor\u0105ce i najlepiej sprzedaj\u0105ce si\u0119 smaki<\/strong>: Kombinacje takie jak <strong>Wi\u015bniowa Bomba + Winogronowy L\u00f3d<\/strong> i <strong>Red Bull + Brzoskwinia Jagodowa<\/strong> s\u0105 ulubie\u0144cami fan\u00f3w nie bez powodu!<\/p>\n<p>1.Niebieska Malina L\u00f3d + Soczysta Brzoskwinia L\u00f3d<br \/>\n2.Truskawka Arbuz + Arbuz L\u00f3d <span style=\"color: #ff0000\"><strong>&gt;&gt;&gt;&gt; Gor\u0105ce !<\/strong><\/span><br \/>\n3.Truskawka Banan + Podw\u00f3jne Jab\u0142ko<br \/>\n4.Potr\u00f3jne Jagody L\u00f3d + Tropikalne Owoce<br \/>\n5.Wi\u015bniowa Bomba + Winogronowy L\u00f3d<span style=\"color: #ff0000\"><strong>&gt;&gt;&gt;&gt; Gor\u0105ce !<\/strong><\/span><br \/>\n6.Brzoskwinia Mango + Truskawka Mango<br \/>\n7.Mango Limonka + Ch\u0142odna Mi\u0119ta<br \/>\n8.Wi\u015bniowy Pop + Pan Niebieski<br \/>\n9.Czarny Smoczy L\u00f3d + Truskawka Kiwi<br \/>\n10.Red Bull + Brzoskwinia Jagodowa <span style=\"color: #ff0000\"><strong>&gt;&gt;&gt;&gt; Najlepsze !<\/strong><\/span><br \/>\n11.R\u00f3\u017cowa Cytryna + Pan Niebieski<br \/>\n12.Kiwi Marakuja Guawa + Niebieska Wi\u015bnia Cytryna<\/p>\n<p>&nbsp;<\/p>\n<h3><strong>Dlaczego wybra\u0107 Rmvapesale dla Bangking 35000 Puffs Puff\u00a0 <\/strong><strong>V<\/strong><strong>Sprzeda\u017c hurtowa e-papieros\u00f3w<\/strong><strong>?<\/strong><\/h3>\n<div class=\"flex-shrink-0 flex flex-col relative items-end\">\n<div class=\"pt-0\">\n<div class=\"gizmo-bot-avatar flex h-8 w-8 items-center justify-center overflow-hidden rounded-full\">\n<p>W miar\u0119 jak konkurencja na rynku jednorazowych e-papieros\u00f3w nasila si\u0119, Rmvapesale, globalny lider w hurtowych rozwi\u0105zaniach do jednorazowych vape'\u00f3w, wprowadzi\u0142 na rynek jednorazowy vape Bangking 35000 Puffs Double Flavour. Ten prze\u0142omowy produkt przyci\u0105ga uwag\u0119 swoim unikalnym, estetycznym i modnym designem. Oferuje szeroki wyb\u00f3r owocowych smak\u00f3w, zaspokajaj\u0105c r\u00f3\u017cnorodne gusta konsument\u00f3w, jednocze\u015bnie k\u0142ad\u0105c nacisk na innowacyjno\u015b\u0107 i wszechstronno\u015b\u0107.<\/p>\n<p class=\"relative p-1 rounded-sm flex items-center justify-center bg-token-main-surface-primary text-token-text-primary h-8 w-8\">Rmvapesale to Tw\u00f3j zaufany sklep z vape'ami, oferuj\u0105cy jednorazowe vape'y premium. Z ponad 5-letnim do\u015bwiadczeniem, dostarczamy popularne marki jednorazowych vape'\u00f3w, takie jak Al Fakher, JNR Vape, Vapsolo Vape, Vapme Vape, <a href=\"https:\/\/rmvapesale.com\/pl\/product-category\/bang-vapes\/\">Bang Vape<\/a>, Waspe Vape, WGA Vape i<a href=\"https:\/\/rmvapesale.com\/pl\/product-category\/randm-fumot-vape\/\"> RandM Vape<\/a>. Nasza oferta obejmuje popularne jednorazowe e-papierosy, takie jak <a href=\"https:\/\/rmvapesale.com\/pl\/product\/aivono-aim-flash-35000-puffs-curved-smart-screen-disposable-vape-wholesale\/\">AIVONO Flash 35000 zaci\u0105gni\u0119\u0107<\/a> oraz bogate w smaki opcje, jak<a href=\"https:\/\/rmvapesale.com\/pl\/product\/crystal-vape-uwin-shisha-hookah-20k-20000-puffs-wholesale-best-price\/\"> UWIN Shisha Hoohak 20000<\/a>. Ka\u017cdy produkt jest wybierany z my\u015bl\u0105 o jako\u015bci, warto\u015bci i r\u00f3\u017cnorodno\u015bci, dzi\u0119ki czemu na pewno znajdziesz idealny dla siebie. Odkryj wyj\u0105tkow\u0105 obs\u0142ug\u0119 i szerok\u0105 gam\u0119 najlepszych produkt\u00f3w na Rmvapesale.<\/p>\n<p>&nbsp;<\/p>\n<p class=\"relative p-1 rounded-sm flex items-center justify-center bg-token-main-surface-primary text-token-text-primary h-8 w-8\"><b style=\"font-size: 1.5em;font-style: inherit\">Najcz\u0119stsze pytania dotycz\u0105ce Bangking 35000 zaci\u0105gni\u0119\u0107 <\/b><b style=\"font-size: 1.5em;font-style: inherit\">Jednorazowy e-papieros z mo\u017cliwo\u015bci\u0105 \u0142adowania<\/b><\/p>\n<ol>\n<li><strong>Czy mo\u017cna przewozi\u0107 jednorazowe e-papierosy w samolocie?<\/strong><br \/>\nTak! Spakuj e-papierosa do baga\u017cu podr\u0119cznego. Pami\u0119taj tylko, aby sprawdzi\u0107 regulamin linii lotniczych.<\/li>\n<li><strong>Jak prze\u0142\u0105cza\u0107 si\u0119 mi\u0119dzy smakami?<\/strong><br \/>\nNa urz\u0105dzeniu znajduje si\u0119 prosty prze\u0142\u0105cznik \u2014 wystarczy go prze\u0142\u0105czy\u0107 i bum, nowy smak!<\/li>\n<li><strong>Sk\u0105d wiadomo, \u017ce e-papieros Bang King 35000 jest pusty?<\/strong><br \/>\nZauwa\u017cysz mniej pary lub smaku. Je\u015bli jeden wk\u0142ad si\u0119 wyczerpie, prze\u0142\u0105cz si\u0119 na drugi smak!<\/li>\n<li><strong>Jak \u0142adowa\u0107 Bang king 35K?<\/strong><br \/>\nU\u017cyj do\u0142\u0105czonego <strong>kabla USB-C<\/strong> aby na\u0142adowa\u0107 bateri\u0119 650mAh. Jest to szybkie i \u0142atwe!<\/li>\n<li><strong>Gdzie kupi\u0107 jednorazowe e-papierosy w taniej cenie hurtowej?<\/strong><br \/>\nKup je w lokalnym sklepie lub odwied\u017a Rmvapesale,<strong>\u00a0sklep z e-papierosami online<\/strong> dla najlepszych cen hurtowych.<\/li>\n<li><strong>Jakie poziomy nikotyny s\u0105 dost\u0119pne dla Bang King 35000 Puff?<\/strong><br \/>\nWybierz preferowan\u0105 moc\u0119\u2014<strong>0%, 2%, lub 5%<\/strong>\u2014kiedy kupujesz swoje urz\u0105dzenie.<\/li>\n<\/ol>\n<\/div>\n<\/div>\n<\/div>\n<h3>O wysy\u0142ce<\/h3>\n<div class=\"flex-shrink-0 flex flex-col relative items-end\">\n<div>\n<div class=\"pt-0\">\n<div class=\"gizmo-bot-avatar flex h-8 w-8 items-center justify-center overflow-hidden rounded-full\">\n<div><\/div>\n<div class=\"relative p-1 rounded-sm flex items-center justify-center bg-token-main-surface-primary text-token-text-primary h-8 w-8\"><strong>1. Jakie metody wysy\u0142ki s\u0105 stosowane?<\/strong><\/div>\n<\/div>\n<\/div>\n<\/div>\n<\/div>\n<div class=\"group\/conversation-turn relative flex w-full min-w-0 flex-col agent-turn\">\n<div class=\"flex-col gap-1 md:gap-3\">\n<div class=\"flex max-w-full flex-col flex-grow\">\n<div class=\"min-h-[20px] text-message flex w-full flex-col items-end gap-2 whitespace-normal break-words [.text-message+&amp;]:mt-5 overflow-x-auto\" dir=\"auto\" data-message-author-role=\"assistant\" data-message-id=\"22f8283b-3233-46ff-89a5-c7a41b33abda\">\n<div class=\"flex w-full flex-col gap-1 empty:hidden first:pt-[3px]\">\n<div class=\"markdown prose w-full break-words dark:prose-invert light\">\n<p>Wsp\u00f3\u0142pracujemy z UPS, DHL, FedEx, DPD i innymi wiod\u0105cymi przewo\u017anikami. Wybierzemy najlepsz\u0105 metod\u0119 wysy\u0142ki w oparciu o Twoj\u0105 lokalizacj\u0119, aby zapewni\u0107, \u017ce otrzymasz swoje produkty tak szybko, jak to mo\u017cliwe.<\/p>\n<\/div>\n<p><strong>2. Ile czasu zajmuje dostawa?<\/strong><\/p>\n<p>Paczki wysy\u0142ane do Polski zazwyczaj docieraj\u0105 w ci\u0105gu 10 dni roboczych. Wysy\u0142ka do innych kraj\u00f3w europejskich trwa zwykle oko\u0142o 12-15 dni roboczych. B\u0119dziemy dostarcza\u0107 aktualizacje w czasie rzeczywistym na temat statusu Twojej przesy\u0142ki.<\/p>\n<\/div>\n<\/div>\n<\/div>\n<\/div>\n<\/div>\n<p>&nbsp;<\/p>\n<p>Znajd\u017a wi\u0119cej produkt\u00f3w Vape, kt\u00f3re mog\u0105 Ci si\u0119 spodoba\u0107:<strong><em><a href=\"https:\/\/rmvapesale.com\/pl\/shop-2\/\">kup teraz &gt;&gt;&gt;<\/a><\/em><\/strong><\/p>","protected":false},"excerpt":{"rendered":"<p>Najnowszy Bang King 35K Paliw Wielokrotnego \u0141adowania Jednorazowy E-papieros<br \/>\nBang King 35000 Podw\u00f3jne Smaki Jednorazowy E-papieros Hurtowa Kupno<br \/>\nBang King 35000 Paliw Inteligentny Ekran Hurtowa Jednorazowy<\/p>\n<p><strong>Skontaktuj si\u0119 z Amy, aby uzyska\u0107 w\u0142a\u015bciw\u0105 odpowied\u017a i kupon na e-papierosa!<\/strong><\/p>\n<p><img loading=\"lazy\" decoding=\"async\" class=\"size-full wp-image-2375\" src=\"https:\/\/rmvapesale.com\/wp-content\/uploads\/2024\/10\/image.png\" alt=\"Najlepszy Jednorazowy E-papieros\" width=\"229\" height=\"300\" \/><\/p>\n<h3><a href=\"https:\/\/wa.me\/8617776015835\"><span style=\"color: #ff0000\"><strong>WhatsApp: +86 17776015835<\/strong><\/span><\/a><\/h3>\n<p>&nbsp;<\/p>","protected":false},"featured_media":2952,"comment_status":"open","ping_status":"closed","template":"","meta":{"_uag_custom_page_level_css":"","_lmt_disableupdate":"no","_lmt_disable":"","site-sidebar-layout":"default","site-content-layout":"content-boxed-container","ast-site-content-layout":"normal-width-container","site-content-style":"boxed","site-sidebar-style":"unboxed","ast-global-header-display":"","ast-banner-title-visibility":"","ast-main-header-display":"","ast-hfb-above-header-display":"","ast-hfb-below-header-display":"","ast-hfb-mobile-header-display":"","site-post-title":"","ast-breadcrumbs-content":"","ast-featured-img":"","footer-sml-layout":"","theme-transparent-header-meta":"default","adv-header-id-meta":"","stick-header-meta":"","header-above-stick-meta":"","header-main-stick-meta":"","header-below-stick-meta":"","astra-migrate-meta-layouts":"set","ast-page-background-enabled":"default","ast-page-background-meta":{"desktop":{"background-color":"var(--ast-global-color-4)","background-image":"","background-repeat":"repeat","background-position":"center center","background-size":"auto","background-attachment":"scroll","background-type":"","background-media":"","overlay-type":"","overlay-color":"","overlay-opacity":"","overlay-gradient":""},"tablet":{"background-color":"","background-image":"","background-repeat":"repeat","background-position":"center center","background-size":"auto","background-attachment":"scroll","background-type":"","background-media":"","overlay-type":"","overlay-color":"","overlay-opacity":"","overlay-gradient":""},"mobile":{"background-color":"","background-image":"","background-repeat":"repeat","background-position":"center center","background-size":"auto","background-attachment":"scroll","background-type":"","background-media":"","overlay-type":"","overlay-color":"","overlay-opacity":"","overlay-gradient":""}},"ast-content-background-meta":{"desktop":{"background-color":"var(--ast-global-color-5)","background-image":"","background-repeat":"repeat","background-position":"center center","background-size":"auto","background-attachment":"scroll","background-type":"","background-media":"","overlay-type":"","overlay-color":"","overlay-opacity":"","overlay-gradient":""},"tablet":{"background-color":"var(--ast-global-color-5)","background-image":"","background-repeat":"repeat","background-position":"center center","background-size":"auto","background-attachment":"scroll","background-type":"","background-media":"","overlay-type":"","overlay-color":"","overlay-opacity":"","overlay-gradient":""},"mobile":{"background-color":"var(--ast-global-color-5)","background-image":"","background-repeat":"repeat","background-position":"center center","background-size":"auto","background-attachment":"scroll","background-type":"","background-media":"","overlay-type":"","overlay-color":"","overlay-opacity":"","overlay-gradient":""}},"_joinchat":[]},"product_brand":[],"product_cat":[15,246,25,123,26,28,135,27,60,137,136,30],"product_tag":[199,270,146,222,64,40,111],"class_list":{"0":"post-2955","1":"product","2":"type-product","3":"status-publish","4":"has-post-thumbnail","6":"product_cat-new-vape-this-week","7":"product_cat-35000-puffs-disposable-vape","8":"product_cat-germany-best-selling-vape","9":"product_cat-italy-wholesale-vape","10":"product_cat-netherlands-hot-sale-vape","11":"product_cat-poland-hot-sale-vape","12":"product_cat-spain-best-hot-sale-vape","13":"product_cat-fance-hot-sale-vape","14":"product_cat-bang-vapes","15":"product_cat-rechargeable-vapes","16":"product_cat-smart-screen-vapes","17":"product_cat-minimum-order-quantity-50pcs","18":"product_tag-bang-vape","19":"product_tag-bangking-35000-puffs","20":"product_tag-best-hot-sale-vape","21":"product_tag-double-flavor-vape","22":"product_tag-dual-flavour-vape","23":"product_tag-hot-sale-vape","24":"product_tag-low-nicotine-disposable-vape","25":"desktop-align-left","26":"tablet-align-left","27":"mobile-align-left","29":"first","30":"instock","31":"sale","32":"shipping-taxable","33":"purchasable","34":"product-type-simple"},"uagb_featured_image_src":{"full":["https:\/\/rmvapesale.com\/wp-content\/uploads\/2025\/01\/Bang-Swich-Duo-Disposable-Vape-36000.webp",800,800,false],"thumbnail":["https:\/\/rmvapesale.com\/wp-content\/uploads\/2025\/01\/Bang-Swich-Duo-Disposable-Vape-36000-150x150.webp",150,150,true],"medium":["https:\/\/rmvapesale.com\/wp-content\/uploads\/2025\/01\/Bang-Swich-Duo-Disposable-Vape-36000-300x300.webp",300,300,true],"medium_large":["https:\/\/rmvapesale.com\/wp-content\/uploads\/2025\/01\/Bang-Swich-Duo-Disposable-Vape-36000-768x768.webp",768,768,true],"large":["https:\/\/rmvapesale.com\/wp-content\/uploads\/2025\/01\/Bang-Swich-Duo-Disposable-Vape-36000.webp",800,800,false],"1536x1536":["https:\/\/rmvapesale.com\/wp-content\/uploads\/2025\/01\/Bang-Swich-Duo-Disposable-Vape-36000.webp",800,800,false],"2048x2048":["https:\/\/rmvapesale.com\/wp-content\/uploads\/2025\/01\/Bang-Swich-Duo-Disposable-Vape-36000.webp",800,800,false],"trp-custom-language-flag":["https:\/\/rmvapesale.com\/wp-content\/uploads\/2025\/01\/Bang-Swich-Duo-Disposable-Vape-36000.webp",12,12,false],"woocommerce_thumbnail":["https:\/\/rmvapesale.com\/wp-content\/uploads\/2025\/01\/Bang-Swich-Duo-Disposable-Vape-36000-300x300.webp",300,300,true],"woocommerce_single":["https:\/\/rmvapesale.com\/wp-content\/uploads\/2025\/01\/Bang-Swich-Duo-Disposable-Vape-36000-600x600.webp",600,600,true],"woocommerce_gallery_thumbnail":["https:\/\/rmvapesale.com\/wp-content\/uploads\/2025\/01\/Bang-Swich-Duo-Disposable-Vape-36000-100x100.webp",100,100,true],"wcpr-photo-reviews":["https:\/\/rmvapesale.com\/wp-content\/uploads\/2025\/01\/Bang-Swich-Duo-Disposable-Vape-36000.webp",500,500,false]},"uagb_author_info":{"display_name":"AMY","author_link":"https:\/\/rmvapesale.com\/pl\/author\/"},"uagb_comment_info":0,"uagb_excerpt":"Latest Bang King 35K Puff Rechargeable Disposable Vape Bang King 35000 Dual Flavors Disposable Vape Bulk Buy Bang King 35000 Puffs Smart Screen Wholesale Disposable Contact Amy to get right reply and vape coupon! WhatsApp: +86 17776015835 &nbsp;","_links":{"self":[{"href":"https:\/\/rmvapesale.com\/pl\/wp-json\/wp\/v2\/product\/2955","targetHints":{"allow":["GET"]}}],"collection":[{"href":"https:\/\/rmvapesale.com\/pl\/wp-json\/wp\/v2\/product"}],"about":[{"href":"https:\/\/rmvapesale.com\/pl\/wp-json\/wp\/v2\/types\/product"}],"replies":[{"embeddable":true,"href":"https:\/\/rmvapesale.com\/pl\/wp-json\/wp\/v2\/comments?post=2955"}],"wp:featuredmedia":[{"embeddable":true,"href":"https:\/\/rmvapesale.com\/pl\/wp-json\/wp\/v2\/media\/2952"}],"wp:attachment":[{"href":"https:\/\/rmvapesale.com\/pl\/wp-json\/wp\/v2\/media?parent=2955"}],"wp:term":[{"taxonomy":"product_brand","embeddable":true,"href":"https:\/\/rmvapesale.com\/pl\/wp-json\/wp\/v2\/product_brand?post=2955"},{"taxonomy":"product_cat","embeddable":true,"href":"https:\/\/rmvapesale.com\/pl\/wp-json\/wp\/v2\/product_cat?post=2955"},{"taxonomy":"product_tag","embeddable":true,"href":"https:\/\/rmvapesale.com\/pl\/wp-json\/wp\/v2\/product_tag?post=2955"}],"curies":[{"name":"wp","href":"https:\/\/api.w.org\/{rel}","templated":true}]}}