{"id":2976,"date":"2025-01-22T07:46:21","date_gmt":"2025-01-22T07:46:21","guid":{"rendered":"https:\/\/rmvapesale.com\/?post_type=product&#038;p=2976"},"modified":"2025-01-22T08:11:09","modified_gmt":"2025-01-22T08:11:09","slug":"waspe-crystal-40000-puffs-double-flavor-led-display-disposable-vape-bulk-buy","status":"publish","type":"product","link":"https:\/\/rmvapesale.com\/pl\/product\/waspe-crystal-40000-puffs-double-flavor-led-display-disposable-vape-bulk-buy\/","title":{"rendered":"WASPE Crystal 40000 zaci\u0105gni\u0119\u0107 Podw\u00f3jny Smak LED Wy\u015bwietlacz Jednorazowy E-papieros Zakup Hurtowy"},"content":{"rendered":"<div class=\"B2VR9 CJHX3e\">\n<div class=\"wyccme\">\n<div class=\"flex-shrink-0 flex flex-col relative items-end\">\n<div class=\"pt-0\">\n<div class=\"gizmo-bot-avatar flex h-8 w-8 items-center justify-center overflow-hidden rounded-full\">\n<div class=\"relative p-1 rounded-sm flex items-center justify-center bg-token-main-surface-primary text-token-text-primary h-8 w-8\">\n<div class=\"flex-shrink-0 flex flex-col relative items-end\">\n<div class=\"pt-0\">\n<div class=\"gizmo-bot-avatar flex h-8 w-8 items-center justify-center overflow-hidden rounded-full\">\n<h1 class=\"relative p-1 rounded-sm flex items-center justify-center bg-token-main-surface-primary text-token-text-primary h-8 w-8\">WASPE Crystal 40000 zaci\u0105gni\u0119\u0107 Podw\u00f3jny Smak LED Wy\u015bwietlacz Jednorazowy E-papieros Zakup Hurtowy<\/h1>\n<\/div>\n<\/div>\n<\/div>\n<\/div>\n<\/div>\n<\/div>\n<\/div>\n<div class=\"group\/conversation-turn relative flex w-full min-w-0 flex-col agent-turn\">\n<div class=\"flex-col gap-1 md:gap-3\">\n<div class=\"flex max-w-full flex-col flex-grow\">\n<div class=\"min-h-8 text-message flex w-full flex-col items-end gap-2 whitespace-normal break-words text-start [.text-message+&amp;]:mt-5\" dir=\"auto\" data-message-author-role=\"assistant\" data-message-id=\"80ece0c4-ead1-4ed9-a9f0-ddc22582b4f4\" data-message-model-slug=\"gpt-4o\">\n<p>Ten <strong>WASPE Crystal 40000 Zaci\u0105gni\u0119\u0107 Podw\u00f3jny Smak Jednorazowy Vape<\/strong> zaprojektowany dla waper\u00f3w, kt\u00f3rzy pragn\u0105 d\u0142ugotrwa\u0142ej wydajno\u015bci z dodatkow\u0105 korzy\u015bci\u0105 w postaci <strong>wy\u015bwietlaczowi LED<\/strong> i <strong>przyst\u0119pnej ceny hurtowej<\/strong>. Niezale\u017cnie od tego, czy jeste\u015b okazjonalnym u\u017cytkownikiem, czy firm\u0105 poszukuj\u0105c\u0105 mo\u017cliwo\u015bci hurtowych, ta <strong>najlepsza marka jednorazowych vape<\/strong> zapewnia jako\u015b\u0107, wygod\u0119 i op\u0142acalno\u015b\u0107.<\/p>\n<p>Z ogromn\u0105 pojemno\u015bci\u0105 <strong>40 000 zaci\u0105gni\u0119\u0107<\/strong>, to urz\u0105dzenie eliminuje potrzeb\u0119 cz\u0119stych wymian. Unikalna funkcja <strong>podw\u00f3jnego smaku<\/strong> pozwala u\u017cytkownikom prze\u0142\u0105cza\u0107 si\u0119 mi\u0119dzy dwoma ekscytuj\u0105cymi smakami bez wysi\u0142ku, zapewniaj\u0105c r\u00f3\u017cnorodno\u015b\u0107 i satysfakcj\u0119 przy ka\u017cdym zaci\u0105gni\u0119ciu.<\/p>\n<p>A <strong>przejrzysty ekran LED<\/strong> wy\u015bwietla zar\u00f3wno poziom na\u0142adowania baterii, jak i poziom e-liquidu, daj\u0105c pe\u0142n\u0105 kontrol\u0119 nad Twoim do\u015bwiadczeniem wapowania. Funkcja <strong>regulowany przep\u0142yw powietrza<\/strong> pozwala dostosowa\u0107 zaci\u0105gni\u0119cie, niezale\u017cnie od tego, czy wolisz g\u0142adki, przewiewny wdech, czy mocniejsze uderzenie.<\/p>\n<p>Zawiera <strong>32ml wysokiej jako\u015bci e-liquidu<\/strong>, ten waporyzator oferuje d\u0142ugotrwa\u0142e do\u015bwiadczenie bez k\u0142opot\u00f3w z uzupe\u0142nianiem. Dost\u0119pny w <strong>mocach nikotyny 0%, 2% i 5%<\/strong>, pasuje do szerokiej gamy waper\u00f3w, od tych, kt\u00f3rzy wol\u0105 opcje bez nikotyny, po tych, kt\u00f3rzy lubi\u0105 mocniejsze doznania.<\/p>\n<p>Wbudowany <strong>Akumulator 850 mAh<\/strong> obs\u0142uguje szybkie \u0142adowanie typu C, co u\u0142atwia utrzymanie zasilania urz\u0105dzenia. Dzi\u0119ki lekkiej i przeno\u015bnej konstrukcji jest idealnym towarzyszem do wapowania w podr\u00f3\u017cy. Dodatkowo, opcje <strong>zakupu hurtowego<\/strong> czyni\u0105 go doskona\u0142ym wyborem dla detalist\u00f3w i hurtownik\u00f3w poszukuj\u0105cych niedrogich jednorazowych waporyzator\u00f3w.<\/p>\n<\/div>\n<\/div>\n<\/div>\n<\/div>\n<div class=\"flex-shrink-0 flex flex-col relative items-end\">\n<div class=\"pt-0\">\n<div class=\"gizmo-bot-avatar flex h-8 w-8 items-center justify-center overflow-hidden rounded-full\">\n<p>&nbsp;<\/p>\n<\/div>\n<\/div>\n<\/div>\n<\/div>\n<\/div>\n<p><strong>Skontaktuj si\u0119 z Amy, aby uzyska\u0107 w\u0142a\u015bciw\u0105 odpowied\u017a i kupon na e-papierosa!<\/strong><\/p>\n<p><img loading=\"lazy\" decoding=\"async\" class=\"size-full wp-image-1978\" src=\"https:\/\/rmvapesale.com\/wp-content\/uploads\/2024\/09\/Disposable-Vape-Wholesale.jpg\" alt=\"Hurtownia Jednorazowych E-papieros\u00f3w\" width=\"229\" height=\"300\" \/><\/p>\n<h3><a href=\"https:\/\/wa.me\/8617776015835\" target=\"_blank\" rel=\"noopener\"><span style=\"color: #ff0000\"><strong>WhatsApp: +86 17776015835<\/strong><\/span><\/a><\/h3>\n<p>&nbsp;<\/p>\n<h3><strong style=\"font-size: 1.7em\">WASPE Crystal 40000 Puffs Kluczowe cechy produktu<\/strong><\/h3>\n<ol>\n<li><strong>Zaci\u0105gni\u0119cia<\/strong>: 40000<\/li>\n<li><strong>Podw\u00f3jne smaki<\/strong>: 20000 zaci\u0105gni\u0119\u0107 + 20000 zaci\u0105gni\u0119\u0107 = 40000 zaci\u0105gni\u0119\u0107<\/li>\n<li><strong>Moc Nikotyny<\/strong>: 0% \/ 2% \/ 3% \/ 5%<\/li>\n<li><strong>Pojemno\u015b\u0107 wst\u0119pnie nape\u0142niona<\/strong>: 32 ml<\/li>\n<li><strong>Pojemno\u015b\u0107 baterii<\/strong>: 850 mAh<\/li>\n<li><strong>Port \u0142adowania<\/strong>: USB typu C<\/li>\n<li><strong>Obs\u0142uga<\/strong>: Aktywacja zaci\u0105gni\u0119ciem<\/li>\n<li><strong>Podw\u00f3jna grza\u0142ka siatkowa 0,9 oma<\/strong><\/li>\n<li><strong>Wy\u015bwietlacz LED<\/strong><\/li>\n<li><strong>Wska\u017anik poziomu baterii<\/strong><\/li>\n<li><strong>Wska\u017anik poziomu E-Liquidu<\/strong><\/li>\n<\/ol>\n<p><img loading=\"lazy\" decoding=\"async\" class=\"wp-image-2965 size-full\" src=\"https:\/\/rmvapesale.com\/wp-content\/uploads\/2025\/01\/WASPE-40000-Puffs-Crystal-Disposable-Vape.webp\" alt=\"WASPE 40000 Zaci\u0105gni\u0119\u0107 Kryszta\u0142owy Jednorazowy E-papieros\" width=\"1000\" height=\"1000\" srcset=\"https:\/\/rmvapesale.com\/wp-content\/uploads\/2025\/01\/WASPE-40000-Puffs-Crystal-Disposable-Vape.webp 1000w, https:\/\/rmvapesale.com\/wp-content\/uploads\/2025\/01\/WASPE-40000-Puffs-Crystal-Disposable-Vape-300x300.webp 300w, https:\/\/rmvapesale.com\/wp-content\/uploads\/2025\/01\/WASPE-40000-Puffs-Crystal-Disposable-Vape-150x150.webp 150w, https:\/\/rmvapesale.com\/wp-content\/uploads\/2025\/01\/WASPE-40000-Puffs-Crystal-Disposable-Vape-768x768.webp 768w, https:\/\/rmvapesale.com\/wp-content\/uploads\/2025\/01\/WASPE-40000-Puffs-Crystal-Disposable-Vape-600x600.webp 600w, https:\/\/rmvapesale.com\/wp-content\/uploads\/2025\/01\/WASPE-40000-Puffs-Crystal-Disposable-Vape-100x100.webp 100w\" sizes=\"auto, (max-width: 1000px) 100vw, 1000px\" \/><\/p>\n<h3><strong style=\"font-size: 1.7em\">Najlepiej sprzedaj\u0105cy si\u0119 smak do WASPE Crystal 40000 Puffs<\/strong><strong style=\"font-size: 1.7em\">\u00a0E-papieros<\/strong><\/h3>\n<p>Dzi\u0119ki <strong>imponuj\u0105ca liczba zaci\u0105gni\u0119\u0107, zaawansowane funkcje i przyst\u0119pne ceny hurtowe<\/strong>, waporyzator WASPE Crystal 40000 Puffs to pozycja obowi\u0105zkowa zar\u00f3wno dla vaper\u00f3w, jak i sprzedawc\u00f3w detalicznych. Zam\u00f3w ju\u017c dzi\u015b i poznaj vaping w najlepszym wydaniu!<\/p>\n<p>1.Arbuzowy l\u00f3d<br \/>\n2.Jagodowy l\u00f3d<br \/>\n3.Mieszanka jag\u00f3d <span style=\"color: #ff0000\"><strong>&gt;&gt;&gt;&gt; Gor\u0105ce !<\/strong><\/span><br \/>\n4.Winogronowy l\u00f3d<br \/>\n5.Truskawka i banan<br \/>\n6.Brzoskwiniowy l\u00f3d<br \/>\n7. Truskawka Malina Wi\u015bnia <span style=\"color: #ff0000\"><strong>&gt;&gt;&gt;&gt; Najlepsze !<\/strong><\/span><br \/>\n8. Jagoda Malina<br \/>\n9. Truskawka Kiwi<br \/>\n10. Jagodowe Cukierki<br \/>\n11. Truskawka Red Bull <span style=\"color: #ff0000\"><strong>&gt;&gt;&gt;&gt; Gor\u0105ce !<\/strong><\/span><br \/>\n12. Red Bull Ice<\/p>\n<p>&nbsp;<\/p>\n<h3><strong>Dlaczego warto wybra\u0107 Rmvapesale dla WASPE Crystal 40000 Puffs <\/strong><strong>V<\/strong><strong>Sprzeda\u017c hurtowa e-papieros\u00f3w<\/strong><strong>?<\/strong><\/h3>\n<div class=\"flex-shrink-0 flex flex-col relative items-end\">\n<div class=\"pt-0\">\n<div class=\"gizmo-bot-avatar flex h-8 w-8 items-center justify-center overflow-hidden rounded-full\">\n<p>W miar\u0119 jak konkurencja na rynku jednorazowych e-papieros\u00f3w nasila si\u0119, Rmvapesale, globalny lider w hurtowych rozwi\u0105zaniach do jednorazowych vape'\u00f3w, wprowadzi\u0142 na rynek jednorazowy vape Bangking 35000 Puffs Double Flavour. Ten prze\u0142omowy produkt przyci\u0105ga uwag\u0119 swoim unikalnym, estetycznym i modnym designem. Oferuje szeroki wyb\u00f3r owocowych smak\u00f3w, zaspokajaj\u0105c r\u00f3\u017cnorodne gusta konsument\u00f3w, jednocze\u015bnie k\u0142ad\u0105c nacisk na innowacyjno\u015b\u0107 i wszechstronno\u015b\u0107.<\/p>\n<p class=\"relative p-1 rounded-sm flex items-center justify-center bg-token-main-surface-primary text-token-text-primary h-8 w-8\">Rmvapesale to Tw\u00f3j zaufany sklep z vape'ami, oferuj\u0105cy jednorazowe vape'y premium. Z ponad 5-letnim do\u015bwiadczeniem, dostarczamy popularne marki jednorazowych vape'\u00f3w, takie jak Al Fakher, JNR Vape, Vapsolo Vape, Vapme Vape, <a href=\"https:\/\/rmvapesale.com\/pl\/product-category\/bang-vapes\/\">Bang Vape<\/a>, Waspe Vape, WGA Vape i<a href=\"https:\/\/rmvapesale.com\/pl\/product-category\/randm-fumot-vape\/\"> RandM Vape<\/a>. Nasza oferta obejmuje popularne jednorazowe e-papierosy, takie jak <a href=\"https:\/\/rmvapesale.com\/pl\/product\/aivono-aim-flash-35000-puffs-curved-smart-screen-disposable-vape-wholesale\/\">AIVONO Flash 35000 zaci\u0105gni\u0119\u0107<\/a> oraz bogate w smaki opcje, jak<a href=\"https:\/\/rmvapesale.com\/pl\/product\/crystal-vape-uwin-shisha-hookah-20k-20000-puffs-wholesale-best-price\/\"> UWIN Shisha Hoohak 20000<\/a>. Ka\u017cdy produkt jest wybierany z my\u015bl\u0105 o jako\u015bci, warto\u015bci i r\u00f3\u017cnorodno\u015bci, dzi\u0119ki czemu na pewno znajdziesz idealny dla siebie. Odkryj wyj\u0105tkow\u0105 obs\u0142ug\u0119 i szerok\u0105 gam\u0119 najlepszych produkt\u00f3w na Rmvapesale.<\/p>\n<p>&nbsp;<\/p>\n<p class=\"relative p-1 rounded-sm flex items-center justify-center bg-token-main-surface-primary text-token-text-primary h-8 w-8\"><b style=\"font-size: 1.5em;font-style: inherit\">FAQ dla WASPE Crystal 40000 Puffs <\/b><b style=\"font-size: 1.5em;font-style: inherit\">Jednorazowy e-papieros z mo\u017cliwo\u015bci\u0105 \u0142adowania<\/b><\/p>\n<ol>\n<li><strong>Gdzie mog\u0119 kupi\u0107 WASPE Crystal 40000 Puffs hurtowo?<\/strong>\n<ul>\n<li>Zam\u00f3wienia hurtowe mo\u017cna sk\u0142ada\u0107 za po\u015brednictwem <a href=\"https:\/\/rmvapesale.com\/pl\/\" target=\"_new\" rel=\"noopener\">Rmvapesale<\/a> w konkurencyjnych cenach hurtowych.<\/li>\n<\/ul>\n<\/li>\n<li><strong>Co pokazuje wy\u015bwietlacz LED?<\/strong>\n<ul>\n<li>Wy\u015bwietlacz dostarcza na bie\u017c\u0105co informacji o procencie baterii i poziomie p\u0142ynu do e-papierosa.<\/li>\n<\/ul>\n<\/li>\n<li><strong>Czy mog\u0119 regulowa\u0107 przep\u0142yw powietrza w tym e-papierosie?<\/strong>\n<ul>\n<li>Tak, regulowana funkcja przep\u0142ywu powietrza pozwala dostosowa\u0107 wra\u017cenia z vapingu.<\/li>\n<\/ul>\n<\/li>\n<li><strong>Jak d\u0142ugo wytrzymuje bateria 850mAh?<\/strong>\n<ul>\n<li>Zapewnia ona d\u0142ugotrwa\u0142e u\u017cytkowanie i mo\u017ce by\u0107 wielokrotnie \u0142adowana dla ci\u0105g\u0142ej przyjemno\u015bci.<\/li>\n<\/ul>\n<\/li>\n<li><strong>Czy WASPE Crystal nadaje si\u0119 do vapingu bez nikotyny?<\/strong>\n<ul>\n<li>Tak, opcja 0% nikotyny jest idealna dla u\u017cytkownik\u00f3w poszukuj\u0105cych wra\u017ce\u0144 bez nikotyny.<\/li>\n<\/ul>\n<\/li>\n<\/ol>\n<\/div>\n<\/div>\n<\/div>\n<h2>Jak z\u0142o\u017cy\u0107 zam\u00f3wienie?<\/h2>\n<div class=\"flex-shrink-0 flex flex-col relative items-end\">\n<div class=\"pt-0\">\n<div class=\"gizmo-bot-avatar flex h-8 w-8 items-center justify-center overflow-hidden rounded-full\">\n<div>\n<p><strong>1. Jakie metody p\u0142atno\u015bci akceptujecie?<\/strong><br \/>\n<span class=\"selectable-text copyable-text false\">Do p\u0142atno\u015bci oferujemy przelew bankowy i Western Union. Wi\u0119kszo\u015b\u0107 naszych europejskich klient\u00f3w wybiera przelew bankowy, posiadamy lokalne konto bankowe, na kt\u00f3re mo\u017cna przela\u0107 \u015brodki na nasze konto IBAN bez op\u0142at manipulacyjnych. <\/span>.<\/p>\n<p><strong>2. Jak mog\u0119 \u015bledzi\u0107 moje zam\u00f3wienie?<\/strong><br \/>\nPo wys\u0142aniu paczki <span class=\"selectable-text copyable-text false\">udost\u0119pnimy numer \u015bledzenia do wgl\u0105du, b\u0119dziemy r\u00f3wnie\u017c aktualizowa\u0107 status, dop\u00f3ki nie otrzymasz towaru<\/span>.<\/p>\n<p><strong>3. Jak d\u0142ugo trwa dostawa?<\/strong><\/p>\n<ul>\n<li>Wysy\u0142ka z <strong>magazyn\u00f3w w Chinach<\/strong> potrzebuje oko\u0142o <strong>7-14 dni roboczych<\/strong>.<\/li>\n<li>Wysy\u0142ka z <strong>magazyn\u00f3w europejskich<\/strong> zazwyczaj trwa <strong>3-6 dni roboczych<\/strong>.<\/li>\n<\/ul>\n<p><strong>4. Jak mog\u0119 uzyska\u0107 szybsz\u0105 dostaw\u0119?<\/strong><br \/>\nDla szybszej dostawy zalecamy zamawianie z naszego <strong>europejskiego magazynu<\/strong>, kt\u00f3ry oferuje kr\u00f3tsze czasy dostawy.<\/p>\n<p><strong>5. Co je\u015bli otrzymam uszkodzony lub wadliwy produkt?<\/strong><br \/>\nJe\u015bli Tw\u00f3j produkt jest uszkodzony lub wadliwy, skontaktuj si\u0119 z obs\u0142ug\u0105 klienta w celu uzyskania <strong>wymiany lub zwrotu pieni\u0119dzy<\/strong>.<\/p>\n<p><strong>6. Jak mog\u0119 skontaktowa\u0107 si\u0119 z obs\u0142ug\u0105 klienta?<\/strong><br \/>\nMo\u017cesz si\u0119 z nami skontaktowa\u0107 przez<strong>\u00a0WhatsApp lub czat na \u017cywo<\/strong> na naszej stronie internetowej w celu uzyskania pomocy.<\/p>\n<\/div>\n<div class=\"relative p-1 rounded-sm flex items-center justify-center bg-token-main-surface-primary text-token-text-primary h-8 w-8\"><strong>7. Jakie metody wysy\u0142ki s\u0105 stosowane?<\/strong><\/div>\n<\/div>\n<\/div>\n<\/div>\n<div class=\"group\/conversation-turn relative flex w-full min-w-0 flex-col agent-turn\">\n<div class=\"flex-col gap-1 md:gap-3\">\n<div class=\"flex max-w-full flex-col flex-grow\">\n<div class=\"min-h-[20px] text-message flex w-full flex-col items-end gap-2 whitespace-normal break-words [.text-message+&amp;]:mt-5 overflow-x-auto\" dir=\"auto\" data-message-author-role=\"assistant\" data-message-id=\"22f8283b-3233-46ff-89a5-c7a41b33abda\">\n<div class=\"flex w-full flex-col gap-1 empty:hidden first:pt-[3px]\">\n<div class=\"markdown prose w-full break-words dark:prose-invert light\">\n<p>Wsp\u00f3\u0142pracujemy z UPS, DHL, FedEx, DPD i innymi wiod\u0105cymi przewo\u017anikami. Wybierzemy najlepsz\u0105 metod\u0119 wysy\u0142ki w oparciu o Twoj\u0105 lokalizacj\u0119, aby zapewni\u0107, \u017ce otrzymasz swoje produkty tak szybko, jak to mo\u017cliwe.<\/p>\n<\/div>\n<\/div>\n<\/div>\n<\/div>\n<\/div>\n<\/div>\n<p>Znajd\u017a wi\u0119cej produkt\u00f3w Vape, kt\u00f3re mog\u0105 Ci si\u0119 spodoba\u0107:<strong><em><a href=\"https:\/\/rmvapesale.com\/pl\/shop-2\/\">kup teraz &gt;&gt;&gt;<\/a><\/em><\/strong><\/p>","protected":false},"excerpt":{"rendered":"<p>WASPE Crystal 40k Zaci\u0105gni\u0119\u0107 Podw\u00f3jny Smak Jednorazowy Vape Wielokrotnego \u0141adowania<br \/>\nWASPE Crystal 40000 Zaci\u0105gni\u0119\u0107 Dwa Smaki Jednorazowy Vape Zakup Hurtowy<br \/>\nWASPE Crystal 40000 Zaci\u0105gni\u0119\u0107 2 w 1 Smak Inteligentny Ekran Jednorazowy Hurtownia<\/p>\n<p><strong>Skontaktuj si\u0119 z Amy, aby uzyska\u0107 w\u0142a\u015bciw\u0105 odpowied\u017a i kupon na e-papierosa!<\/strong><\/p>\n<p><img loading=\"lazy\" decoding=\"async\" class=\"size-full wp-image-2375\" src=\"https:\/\/rmvapesale.com\/wp-content\/uploads\/2024\/10\/image.png\" alt=\"Najlepszy Jednorazowy E-papieros\" width=\"229\" height=\"300\" \/><\/p>\n<h3><a href=\"https:\/\/wa.me\/8617776015835\"><span style=\"color: #ff0000\"><strong>WhatsApp: +86 17776015835<\/strong><\/span><\/a><\/h3>\n<p>&nbsp;<\/p>","protected":false},"featured_media":2975,"comment_status":"open","ping_status":"closed","template":"","meta":{"_uag_custom_page_level_css":"","_lmt_disableupdate":"no","_lmt_disable":"","site-sidebar-layout":"default","site-content-layout":"content-boxed-container","ast-site-content-layout":"normal-width-container","site-content-style":"boxed","site-sidebar-style":"unboxed","ast-global-header-display":"","ast-banner-title-visibility":"","ast-main-header-display":"","ast-hfb-above-header-display":"","ast-hfb-below-header-display":"","ast-hfb-mobile-header-display":"","site-post-title":"","ast-breadcrumbs-content":"","ast-featured-img":"","footer-sml-layout":"","ast-disable-related-posts":"","theme-transparent-header-meta":"default","adv-header-id-meta":"","stick-header-meta":"","header-above-stick-meta":"","header-main-stick-meta":"","header-below-stick-meta":"","astra-migrate-meta-layouts":"set","ast-page-background-enabled":"default","ast-page-background-meta":{"desktop":{"background-color":"var(--ast-global-color-4)","background-image":"","background-repeat":"repeat","background-position":"center center","background-size":"auto","background-attachment":"scroll","background-type":"","background-media":"","overlay-type":"","overlay-color":"","overlay-opacity":"","overlay-gradient":""},"tablet":{"background-color":"","background-image":"","background-repeat":"repeat","background-position":"center center","background-size":"auto","background-attachment":"scroll","background-type":"","background-media":"","overlay-type":"","overlay-color":"","overlay-opacity":"","overlay-gradient":""},"mobile":{"background-color":"","background-image":"","background-repeat":"repeat","background-position":"center center","background-size":"auto","background-attachment":"scroll","background-type":"","background-media":"","overlay-type":"","overlay-color":"","overlay-opacity":"","overlay-gradient":""}},"ast-content-background-meta":{"desktop":{"background-color":"var(--ast-global-color-5)","background-image":"","background-repeat":"repeat","background-position":"center center","background-size":"auto","background-attachment":"scroll","background-type":"","background-media":"","overlay-type":"","overlay-color":"","overlay-opacity":"","overlay-gradient":""},"tablet":{"background-color":"var(--ast-global-color-5)","background-image":"","background-repeat":"repeat","background-position":"center center","background-size":"auto","background-attachment":"scroll","background-type":"","background-media":"","overlay-type":"","overlay-color":"","overlay-opacity":"","overlay-gradient":""},"mobile":{"background-color":"var(--ast-global-color-5)","background-image":"","background-repeat":"repeat","background-position":"center center","background-size":"auto","background-attachment":"scroll","background-type":"","background-media":"","overlay-type":"","overlay-color":"","overlay-opacity":"","overlay-gradient":""}},"_joinchat":[]},"product_brand":[],"product_cat":[15,258,289,290,292,298,291,27,25,123,293,30,26,28,295,137,299,136,135,274],"product_tag":[146,124,222,64,40,111,300,221],"class_list":{"0":"post-2976","1":"product","2":"type-product","3":"status-publish","4":"has-post-thumbnail","6":"product_cat-new-vape-this-week","7":"product_cat-40000-puff-disposable-vape","8":"product_cat-big-puffs-disposable-vapes","9":"product_cat-crystal-disposable-vapes","10":"product_cat-digital-disposable-vapes","11":"product_cat-double-flavor-disposable-vapes","12":"product_cat-dual-mesh-disposable-vapes","13":"product_cat-fance-hot-sale-vape","14":"product_cat-germany-best-selling-vape","15":"product_cat-italy-wholesale-vape","16":"product_cat-low-nicotine-disposable-vapes","17":"product_cat-minimum-order-quantity-50pcs","18":"product_cat-netherlands-hot-sale-vape","19":"product_cat-poland-hot-sale-vape","20":"product_cat-rechargeable-disposable-vapes","21":"product_cat-rechargeable-vapes","22":"product_cat-smart-screen-disposable-vapes","23":"product_cat-smart-screen-vapes","24":"product_cat-spain-best-hot-sale-vape","25":"product_cat-waspe-fihp-vape","26":"product_tag-best-hot-sale-vape","27":"product_tag-crystal-vape","28":"product_tag-double-flavor-vape","29":"product_tag-dual-flavour-vape","30":"product_tag-hot-sale-vape","31":"product_tag-low-nicotine-disposable-vape","32":"product_tag-waspe-crystal-40000","33":"product_tag-waspe-vape","34":"desktop-align-left","35":"tablet-align-left","36":"mobile-align-left","38":"first","39":"instock","40":"sale","41":"shipping-taxable","42":"purchasable","43":"product-type-simple"},"uagb_featured_image_src":{"full":["https:\/\/rmvapesale.com\/wp-content\/uploads\/2025\/01\/WASPE-40000-Puffs-Crystal-Disposable-Vape-Wholesale.webp",1000,1000,false],"thumbnail":["https:\/\/rmvapesale.com\/wp-content\/uploads\/2025\/01\/WASPE-40000-Puffs-Crystal-Disposable-Vape-Wholesale-150x150.webp",150,150,true],"medium":["https:\/\/rmvapesale.com\/wp-content\/uploads\/2025\/01\/WASPE-40000-Puffs-Crystal-Disposable-Vape-Wholesale-300x300.webp",300,300,true],"medium_large":["https:\/\/rmvapesale.com\/wp-content\/uploads\/2025\/01\/WASPE-40000-Puffs-Crystal-Disposable-Vape-Wholesale-768x768.webp",768,768,true],"large":["https:\/\/rmvapesale.com\/wp-content\/uploads\/2025\/01\/WASPE-40000-Puffs-Crystal-Disposable-Vape-Wholesale.webp",1000,1000,false],"1536x1536":["https:\/\/rmvapesale.com\/wp-content\/uploads\/2025\/01\/WASPE-40000-Puffs-Crystal-Disposable-Vape-Wholesale.webp",1000,1000,false],"2048x2048":["https:\/\/rmvapesale.com\/wp-content\/uploads\/2025\/01\/WASPE-40000-Puffs-Crystal-Disposable-Vape-Wholesale.webp",1000,1000,false],"trp-custom-language-flag":["https:\/\/rmvapesale.com\/wp-content\/uploads\/2025\/01\/WASPE-40000-Puffs-Crystal-Disposable-Vape-Wholesale.webp",12,12,false],"woocommerce_thumbnail":["https:\/\/rmvapesale.com\/wp-content\/uploads\/2025\/01\/WASPE-40000-Puffs-Crystal-Disposable-Vape-Wholesale-300x300.webp",300,300,true],"woocommerce_single":["https:\/\/rmvapesale.com\/wp-content\/uploads\/2025\/01\/WASPE-40000-Puffs-Crystal-Disposable-Vape-Wholesale-600x600.webp",600,600,true],"woocommerce_gallery_thumbnail":["https:\/\/rmvapesale.com\/wp-content\/uploads\/2025\/01\/WASPE-40000-Puffs-Crystal-Disposable-Vape-Wholesale-100x100.webp",100,100,true],"wcpr-photo-reviews":["https:\/\/rmvapesale.com\/wp-content\/uploads\/2025\/01\/WASPE-40000-Puffs-Crystal-Disposable-Vape-Wholesale.webp",500,500,false]},"uagb_author_info":{"display_name":"AMY","author_link":"https:\/\/rmvapesale.com\/pl\/author\/"},"uagb_comment_info":0,"uagb_excerpt":"WASPE Crystal 40k Puff Twins Flavor Rechargeable Disposable Vape WASPE Crystal 40000 Puffs Dual Flavors Disposable Vape Bulk Buy WASPE Crystal 40000 Puffs 2 in 1 Flavor Smart Screen Wholesale Disposable Contact Amy to get right reply and vape coupon! WhatsApp: +86 17776015835 &nbsp;","_links":{"self":[{"href":"https:\/\/rmvapesale.com\/pl\/wp-json\/wp\/v2\/product\/2976","targetHints":{"allow":["GET"]}}],"collection":[{"href":"https:\/\/rmvapesale.com\/pl\/wp-json\/wp\/v2\/product"}],"about":[{"href":"https:\/\/rmvapesale.com\/pl\/wp-json\/wp\/v2\/types\/product"}],"replies":[{"embeddable":true,"href":"https:\/\/rmvapesale.com\/pl\/wp-json\/wp\/v2\/comments?post=2976"}],"wp:featuredmedia":[{"embeddable":true,"href":"https:\/\/rmvapesale.com\/pl\/wp-json\/wp\/v2\/media\/2975"}],"wp:attachment":[{"href":"https:\/\/rmvapesale.com\/pl\/wp-json\/wp\/v2\/media?parent=2976"}],"wp:term":[{"taxonomy":"product_brand","embeddable":true,"href":"https:\/\/rmvapesale.com\/pl\/wp-json\/wp\/v2\/product_brand?post=2976"},{"taxonomy":"product_cat","embeddable":true,"href":"https:\/\/rmvapesale.com\/pl\/wp-json\/wp\/v2\/product_cat?post=2976"},{"taxonomy":"product_tag","embeddable":true,"href":"https:\/\/rmvapesale.com\/pl\/wp-json\/wp\/v2\/product_tag?post=2976"}],"curies":[{"name":"wp","href":"https:\/\/api.w.org\/{rel}","templated":true}]}}