{"id":3011,"date":"2025-01-26T03:15:11","date_gmt":"2025-01-26T03:15:11","guid":{"rendered":"https:\/\/rmvapesale.com\/?post_type=product&#038;p=3011"},"modified":"2025-01-23T03:29:52","modified_gmt":"2025-01-23T03:29:52","slug":"vapsolo-dg-18000-puffs-smart-screen-puff-18k-disposable-vape-wholesale-electronic-cigarette-discount-price","status":"publish","type":"product","link":"https:\/\/rmvapesale.com\/pl\/product\/vapsolo-dg-18000-puffs-smart-screen-puff-18k-disposable-vape-wholesale-electronic-cigarette-discount-price\/","title":{"rendered":"Vapsolo DG 18000 Zaci\u0105gni\u0119\u0107 Smart Screen 18k Jednorazowy E-papieros Hurtowy E-papieros Obni\u017cona Cena"},"content":{"rendered":"<div class=\"B2VR9 CJHX3e\">\n<div class=\"wyccme\">\n<div class=\"flex-shrink-0 flex flex-col relative items-end\">\n<div class=\"pt-0\">\n<div class=\"gizmo-bot-avatar flex h-8 w-8 items-center justify-center overflow-hidden rounded-full\">\n<div class=\"relative p-1 rounded-sm flex items-center justify-center bg-token-main-surface-primary text-token-text-primary h-8 w-8\">\n<div class=\"flex-shrink-0 flex flex-col relative items-end\">\n<div class=\"pt-0\">\n<div class=\"gizmo-bot-avatar flex h-8 w-8 items-center justify-center overflow-hidden rounded-full\">\n<h1 class=\"relative p-1 rounded-sm flex items-center justify-center bg-token-main-surface-primary text-token-text-primary h-8 w-8\">Vapsolo DG 18000 Zaci\u0105gni\u0119\u0107 Smart Screen 18k Jednorazowy E-papieros Hurtowy E-papieros Obni\u017cona Cena<\/h1>\n<\/div>\n<\/div>\n<\/div>\n<\/div>\n<\/div>\n<\/div>\n<\/div>\n<div class=\"group\/conversation-turn relative flex w-full min-w-0 flex-col agent-turn\">\n<div class=\"flex-col gap-1 md:gap-3\">\n<div class=\"flex max-w-full flex-col flex-grow\">\n<div class=\"min-h-8 text-message flex w-full flex-col items-end gap-2 whitespace-normal break-words text-start [.text-message+&amp;]:mt-5\" dir=\"auto\" data-message-author-role=\"assistant\" data-message-id=\"80ece0c4-ead1-4ed9-a9f0-ddc22582b4f4\" data-message-model-slug=\"gpt-4o\">\n<p>Szukasz wydajnego <strong>jednorazowy vape<\/strong> e-papierosa o imponuj\u0105cej liczbie zaci\u0105gni\u0119\u0107 i najnowszych funkcjach? The <strong>Vapsolo DG 18000 Puffs Smart Screen Jednorazowy E-papieros<\/strong> jest idealny dla Ciebie! Zaprojektowany dla vaper\u00f3w, kt\u00f3rzy pragn\u0105 d\u0142ugotrwa\u0142ej satysfakcji, ten e-papieros oferuje <strong>a\u017c 18 000 zaci\u0105gni\u0119\u0107<\/strong>, <strong>regulowany przep\u0142yw powietrza<\/strong>i najnowocze\u015bniejszy <strong>inteligentny wy\u015bwietlacz<\/strong>wszystko w przyst\u0119pnej cenie <strong>cenie hurtowej<\/strong>.<\/p>\n<p>Ten e-papieros posiada <strong>Tryb Inteligentny<\/strong> kt\u00f3ry automatycznie dostosowuje moc i ustawienia na podstawie Twoich nawyk\u00f3w wapowania, zapewniaj\u0105c optymalne wra\u017cenia za ka\u017cdym razem. Potrzebujesz mocniejszego uderzenia? Aktywuj <strong>Tryb Wzmocniony<\/strong> aby uzyska\u0107 dodatkowy zastrzyk intensywno\u015bci i satysfakcji.<\/p>\n<p>Ten <strong>regulowana kontrola przep\u0142ywu powietrza<\/strong> pozwala dostosowa\u0107 wra\u017cenia z vapingu, niezale\u017cnie od tego, czy wolisz ciasne, intensywne uderzenie, czy g\u0142adki, przewiewny wdech. Dodatkowo, <strong>inteligentny wy\u015bwietlacz<\/strong> dostarcza informacji w czasie rzeczywistym o \u017cywotno\u015bci baterii i liczbie zaci\u0105gni\u0119\u0107, dzi\u0119ki czemu zawsze wiesz, kiedy nadszed\u0142 czas na na\u0142adowanie.<\/p>\n<p>Wyposa\u017cony w <strong>akumulator 650 mAh<\/strong> i szybkie \u0142adowanie Type-C, mo\u017cesz cieszy\u0107 si\u0119 nieprzerwanym vapingiem dzi\u0119ki szybkiemu i wydajnemu \u0142adowaniu. Wybierz spo\u015br\u00f3d <strong>st\u0119\u017ce\u0144 nikotyny 2% lub 5%<\/strong>, zaspokajaj\u0105c potrzeby zar\u00f3wno okazjonalnych vaper\u00f3w, jak i tych szukaj\u0105cych silniejszego uderzenia nikotynowego.<\/p>\n<p>Dla nabywc\u00f3w hurtowych, Vapsolo DG 18000 oferuje niezr\u00f3wnan\u0105 warto\u015b\u0107 dzi\u0119ki <strong>cenom hurtowym<\/strong>, co czyni go idealnym wyborem dla sprzedawc\u00f3w detalicznych i dystrybutor\u00f3w.<\/p>\n<\/div>\n<\/div>\n<\/div>\n<\/div>\n<div class=\"flex-shrink-0 flex flex-col relative items-end\">\n<div class=\"pt-0\">\n<div class=\"gizmo-bot-avatar flex h-8 w-8 items-center justify-center overflow-hidden rounded-full\">\n<p>&nbsp;<\/p>\n<\/div>\n<\/div>\n<\/div>\n<\/div>\n<\/div>\n<p><strong>Skontaktuj si\u0119 z Amy, aby uzyska\u0107 w\u0142a\u015bciw\u0105 odpowied\u017a i kupon na e-papierosa!<\/strong><\/p>\n<p><img loading=\"lazy\" decoding=\"async\" class=\"size-full wp-image-1978\" src=\"https:\/\/rmvapesale.com\/wp-content\/uploads\/2024\/09\/Disposable-Vape-Wholesale.jpg\" alt=\"Hurtownia Jednorazowych E-papieros\u00f3w\" width=\"229\" height=\"300\" \/><\/p>\n<h3><a href=\"https:\/\/wa.me\/8617776015835\" target=\"_blank\" rel=\"noopener\"><span style=\"color: #ff0000\"><strong>WhatsApp: +86 17776015835<\/strong><\/span><\/a><\/h3>\n<p>&nbsp;<\/p>\n<h3><strong style=\"font-size: 1.7em\">Vapsolo DG 18000 Puffs Kluczowe cechy produktu<\/strong><\/h3>\n<p>\u2611 Nikotyna:2% 5%<br \/>\n\u2611 Tryb Smart:18000 Zaci\u0105gni\u0119\u0107<br \/>\nTryb Boost: 9000 Zaci\u0105gni\u0119\u0107<br \/>\n\u2611 Pojemno\u015b\u0107:28 ml<br \/>\n\u2611 650 mAh Akumulator<br \/>\n\u2611 0.90\u03a9 Grza\u0142ka siatkowa<br \/>\n\u2611 Regulacja przep\u0142ywu powietrza<br \/>\n\u2611 Inteligentny wy\u015bwietlacz: pojemno\u015b\u0107 baterii\/pojemno\u015b\u0107 e-liquidu<br \/>\n\u2611 Dost\u0119pnych 10 smak\u00f3w<\/p>\n<p>&nbsp;<\/p>\n<figure id=\"attachment_3007\" aria-describedby=\"caption-attachment-3007\" style=\"width: 300px\" class=\"wp-caption alignnone\"><img loading=\"lazy\" decoding=\"async\" class=\"size-medium wp-image-3007\" src=\"https:\/\/rmvapesale.com\/wp-content\/uploads\/2025\/01\/Vapsolo-DG-18000-Puffs-Disposable-Vape-Bulk-Buy-300x300.webp\" alt=\"Vapsolo DG 18000 Puffs Jednorazowy Vape Zakup hurtowy\" width=\"300\" height=\"300\" srcset=\"https:\/\/rmvapesale.com\/wp-content\/uploads\/2025\/01\/Vapsolo-DG-18000-Puffs-Disposable-Vape-Bulk-Buy-300x300.webp 300w, https:\/\/rmvapesale.com\/wp-content\/uploads\/2025\/01\/Vapsolo-DG-18000-Puffs-Disposable-Vape-Bulk-Buy-150x150.webp 150w, https:\/\/rmvapesale.com\/wp-content\/uploads\/2025\/01\/Vapsolo-DG-18000-Puffs-Disposable-Vape-Bulk-Buy-768x768.webp 768w, https:\/\/rmvapesale.com\/wp-content\/uploads\/2025\/01\/Vapsolo-DG-18000-Puffs-Disposable-Vape-Bulk-Buy-600x600.webp 600w, https:\/\/rmvapesale.com\/wp-content\/uploads\/2025\/01\/Vapsolo-DG-18000-Puffs-Disposable-Vape-Bulk-Buy-100x100.webp 100w, https:\/\/rmvapesale.com\/wp-content\/uploads\/2025\/01\/Vapsolo-DG-18000-Puffs-Disposable-Vape-Bulk-Buy.webp 1000w\" sizes=\"auto, (max-width: 300px) 100vw, 300px\" \/><figcaption id=\"caption-attachment-3007\" class=\"wp-caption-text\">Vapsolo DG 18000 Puffs Jednorazowy Vape Zakup hurtowy<\/figcaption><\/figure>\n<h3><strong style=\"font-size: 1.7em\">Najlepiej sprzedaj\u0105ce si\u0119 smaki dla Vapsolo DG 18000 Puffs<\/strong><strong style=\"font-size: 1.7em\">\u00a0E-papieros<\/strong><\/h3>\n<p>1. Brzoskwinia Mango Ananas <span style=\"color: #ff0000\"><strong>&gt;&gt;&gt; Gor\u0105ce!<\/strong><\/span><br \/>\n2. Marakuja Kiwi L\u00f3d<br \/>\n3. Jagoda Wi\u015bnia \u017burawina <span style=\"color: #ff0000\"><strong>&gt;&gt;&gt; Gor\u0105ce!<\/strong><\/span><br \/>\n4. Arbuzowy L\u00f3d<br \/>\n5. Truskawka Kiwi<br \/>\n6. Cytryna Limonka<br \/>\n7.Truskawka Banan<br \/>\n8.Red Bull<br \/>\n9.Mieszane Jagody <span style=\"color: #ff0000\"><strong>&gt;&gt;&gt; Najlepsze!<\/strong><\/span><br \/>\n10.Prime Truskawka Arbuz<\/p>\n<p>&nbsp;<\/p>\n<h3><strong>Dlaczego warto wybra\u0107 Rmvapesale dla Vapsolo DG 18000 Puffs <\/strong><strong>V<\/strong><strong>Sprzeda\u017c hurtowa e-papieros\u00f3w<\/strong><strong>?<\/strong><\/h3>\n<div class=\"flex-shrink-0 flex flex-col relative items-end\">\n<div class=\"pt-0\">\n<div class=\"gizmo-bot-avatar flex h-8 w-8 items-center justify-center overflow-hidden rounded-full\">\n<p>W miar\u0119 jak konkurencja na rynku jednorazowych e-papieros\u00f3w nasila si\u0119, Rmvapesale, globalny lider w hurtowych rozwi\u0105zaniach do jednorazowych vape'\u00f3w, wprowadzi\u0142 na rynek jednorazowy vape Bangking 35000 Puffs Double Flavour. Ten prze\u0142omowy produkt przyci\u0105ga uwag\u0119 swoim unikalnym, estetycznym i modnym designem. Oferuje szeroki wyb\u00f3r owocowych smak\u00f3w, zaspokajaj\u0105c r\u00f3\u017cnorodne gusta konsument\u00f3w, jednocze\u015bnie k\u0142ad\u0105c nacisk na innowacyjno\u015b\u0107 i wszechstronno\u015b\u0107.<\/p>\n<p class=\"relative p-1 rounded-sm flex items-center justify-center bg-token-main-surface-primary text-token-text-primary h-8 w-8\">Rmvapesale to Tw\u00f3j zaufany sklep z vape'ami, oferuj\u0105cy jednorazowe vape'y premium. Z ponad 5-letnim do\u015bwiadczeniem, dostarczamy popularne marki jednorazowych vape'\u00f3w, takie jak Al Fakher, JNR Vape, Vapsolo Vape, Vapme Vape, <a href=\"https:\/\/rmvapesale.com\/pl\/product-category\/bang-vapes\/\">Bang Vape<\/a>, Waspe Vape, WGA Vape i<a href=\"https:\/\/rmvapesale.com\/pl\/product-category\/randm-fumot-vape\/\"> RandM Vape<\/a>. Nasza oferta obejmuje popularne jednorazowe e-papierosy, takie jak <a href=\"https:\/\/rmvapesale.com\/pl\/product\/waspe-crystal-40000-puffs-double-flavor-led-display-disposable-vape-bulk-buy\/\">WASPE Crystal 40000 Puffs<\/a> oraz bogate w smaki opcje, jak<a href=\"https:\/\/rmvapesale.com\/pl\/product\/aivono-fatman-15000-puffs-vape-disposable-e-cigarettes-mtl\/\"> AIVONO Shisha Hoohak 15000<\/a>. Ka\u017cdy produkt jest wybierany z my\u015bl\u0105 o jako\u015bci, warto\u015bci i r\u00f3\u017cnorodno\u015bci, dzi\u0119ki czemu na pewno znajdziesz idealny dla siebie. Odkryj wyj\u0105tkow\u0105 obs\u0142ug\u0119 i szerok\u0105 gam\u0119 najlepszych produkt\u00f3w na Rmvapesale.<\/p>\n<p>&nbsp;<\/p>\n<p class=\"relative p-1 rounded-sm flex items-center justify-center bg-token-main-surface-primary text-token-text-primary h-8 w-8\"><b style=\"font-size: 1.5em;font-style: inherit\">FAQ dla Vapsolo DG 18k Puffs <\/b><b style=\"font-size: 1.5em;font-style: inherit\">Jednorazowy e-papieros z mo\u017cliwo\u015bci\u0105 \u0142adowania<\/b><\/p>\n<ol>\n<li><strong>Gdzie mog\u0119 kupi\u0107 Vapsolo DG 18000 Puffs w cenach hurtowych?<\/strong>\n<ul>\n<li>Mo\u017cesz go kupi\u0107 w cenach hurtowych w <a href=\"https:\/\/rmvapesale.com\/pl\/\" target=\"_new\" rel=\"noopener\">Rmvapesale<\/a>, oferuj\u0105c rabaty ilo\u015bciowe i wysy\u0142k\u0119 na ca\u0142y \u015bwiat.<\/li>\n<\/ul>\n<\/li>\n<li><strong>W czym pomaga inteligentny ekran?<\/strong>\n<ul>\n<li>Wy\u015bwietlacz pokazuje w czasie rzeczywistym procent baterii i liczb\u0119 zaci\u0105gni\u0119\u0107, dzi\u0119ki czemu jeste\u015b zawsze poinformowany.<\/li>\n<\/ul>\n<\/li>\n<li><strong>Czy mog\u0119 regulowa\u0107 przep\u0142yw powietrza w Vapsolo 18000 Puffs?<\/strong>\n<ul>\n<li>Tak, regulowany przep\u0142yw powietrza pozwala dostosowa\u0107 wra\u017cenia z wapowania, od ciasnych po p\u0142ynne zaci\u0105gni\u0119cia.<\/li>\n<\/ul>\n<\/li>\n<li><strong>Jakie poziomy nikotyny s\u0105 dost\u0119pne?<\/strong>\n<ul>\n<li>To urz\u0105dzenie jest dost\u0119pne w st\u0119\u017ceniach nikotyny 2% i 5%, aby sprosta\u0107 r\u00f3\u017cnym preferencjom.<\/li>\n<\/ul>\n<\/li>\n<li><strong>Jak d\u0142ugo wytrzymuje bateria 650mAh?<\/strong>\n<ul>\n<li>Akumulator zapewnia d\u0142ugi czas u\u017cytkowania i mo\u017cna go szybko na\u0142adowa\u0107 przez Type-C, co pozwala na d\u0142u\u017csze sesje wapowania.<\/li>\n<\/ul>\n<\/li>\n<\/ol>\n<\/div>\n<\/div>\n<\/div>\n<h2>Jak z\u0142o\u017cy\u0107 zam\u00f3wienie?<\/h2>\n<div class=\"flex-shrink-0 flex flex-col relative items-end\">\n<div class=\"pt-0\">\n<div class=\"gizmo-bot-avatar flex h-8 w-8 items-center justify-center overflow-hidden rounded-full\">\n<div>\n<p><strong>1. Jakie metody p\u0142atno\u015bci akceptujecie?<\/strong><br \/>\n<span class=\"selectable-text copyable-text false\">Do p\u0142atno\u015bci oferujemy przelew bankowy i Western Union. Wi\u0119kszo\u015b\u0107 naszych europejskich klient\u00f3w wybiera przelew bankowy, posiadamy lokalne konto bankowe, na kt\u00f3re mo\u017cna przela\u0107 \u015brodki na nasze konto IBAN bez op\u0142at manipulacyjnych. <\/span>.<\/p>\n<p><strong>2. Jak mog\u0119 \u015bledzi\u0107 moje zam\u00f3wienie?<\/strong><br \/>\nPo wys\u0142aniu paczki <span class=\"selectable-text copyable-text false\">udost\u0119pnimy numer \u015bledzenia do wgl\u0105du, b\u0119dziemy r\u00f3wnie\u017c aktualizowa\u0107 status, dop\u00f3ki nie otrzymasz towaru<\/span>.<\/p>\n<p><strong>3. Jak d\u0142ugo trwa dostawa?<\/strong><\/p>\n<ul>\n<li>Wysy\u0142ka z <strong>magazyn\u00f3w w Chinach<\/strong> potrzebuje oko\u0142o <strong>7-14 dni roboczych<\/strong>.<\/li>\n<li>Wysy\u0142ka z <strong>magazyn\u00f3w europejskich<\/strong> zazwyczaj trwa <strong>3-6 dni roboczych<\/strong>.<\/li>\n<\/ul>\n<p><strong>4. Jak mog\u0119 uzyska\u0107 szybsz\u0105 dostaw\u0119?<\/strong><br \/>\nDla szybszej dostawy zalecamy zamawianie z naszego <strong>europejskiego magazynu<\/strong>, kt\u00f3ry oferuje kr\u00f3tsze czasy dostawy.<\/p>\n<p><strong>5. Co je\u015bli otrzymam uszkodzony lub wadliwy produkt?<\/strong><br \/>\nJe\u015bli Tw\u00f3j produkt jest uszkodzony lub wadliwy, skontaktuj si\u0119 z obs\u0142ug\u0105 klienta w celu uzyskania <strong>wymiany lub zwrotu pieni\u0119dzy<\/strong>.<\/p>\n<p><strong>6. Jak mog\u0119 skontaktowa\u0107 si\u0119 z obs\u0142ug\u0105 klienta?<\/strong><br \/>\nMo\u017cesz si\u0119 z nami skontaktowa\u0107 przez<strong>\u00a0WhatsApp lub czat na \u017cywo<\/strong> na naszej stronie internetowej w celu uzyskania pomocy.<\/p>\n<\/div>\n<div class=\"relative p-1 rounded-sm flex items-center justify-center bg-token-main-surface-primary text-token-text-primary h-8 w-8\"><strong>7. Jakie metody wysy\u0142ki s\u0105 stosowane?<\/strong><\/div>\n<\/div>\n<\/div>\n<\/div>\n<div class=\"group\/conversation-turn relative flex w-full min-w-0 flex-col agent-turn\">\n<div class=\"flex-col gap-1 md:gap-3\">\n<div class=\"flex max-w-full flex-col flex-grow\">\n<div class=\"min-h-[20px] text-message flex w-full flex-col items-end gap-2 whitespace-normal break-words [.text-message+&amp;]:mt-5 overflow-x-auto\" dir=\"auto\" data-message-author-role=\"assistant\" data-message-id=\"22f8283b-3233-46ff-89a5-c7a41b33abda\">\n<div class=\"flex w-full flex-col gap-1 empty:hidden first:pt-[3px]\">\n<div class=\"markdown prose w-full break-words dark:prose-invert light\">\n<p>Wsp\u00f3\u0142pracujemy z UPS, DHL, FedEx, DPD i innymi wiod\u0105cymi przewo\u017anikami. Wybierzemy najlepsz\u0105 metod\u0119 wysy\u0142ki w oparciu o Twoj\u0105 lokalizacj\u0119, aby zapewni\u0107, \u017ce otrzymasz swoje produkty tak szybko, jak to mo\u017cliwe.<\/p>\n<\/div>\n<\/div>\n<\/div>\n<\/div>\n<\/div>\n<\/div>\n<p>Znajd\u017a wi\u0119cej produkt\u00f3w Vape, kt\u00f3re mog\u0105 Ci si\u0119 spodoba\u0107:<strong><em><a href=\"https:\/\/rmvapesale.com\/pl\/shop-2\/\">kup teraz &gt;&gt;&gt;<\/a><\/em><\/strong><\/p>","protected":false},"excerpt":{"rendered":"<p>Vapsolo DG 18000 Puffs Dwustronny smak \u0141adowalny jednorazowy e-papieros<br \/>\nVapsolo DG 18k Puff Hot Sale Jednorazowy e-papieros zakup hurtowy<br \/>\nVapsolo DG 18000 Puffs Wy\u015bwietlacz LED Smart Screen Jednorazowy hurt<\/p>\n<p><strong>Skontaktuj si\u0119 z Amy, aby uzyska\u0107 w\u0142a\u015bciw\u0105 odpowied\u017a i kupon na e-papierosa!<\/strong><\/p>\n<p><img loading=\"lazy\" decoding=\"async\" class=\"size-full wp-image-2375\" src=\"https:\/\/rmvapesale.com\/wp-content\/uploads\/2024\/10\/image.png\" alt=\"Najlepszy Jednorazowy E-papieros\" width=\"229\" height=\"300\" \/><\/p>\n<h3><a href=\"https:\/\/wa.me\/8617776015835\"><span style=\"color: #ff0000\"><strong>WhatsApp: +86 17776015835<\/strong><\/span><\/a><\/h3>\n<p>&nbsp;<\/p>","protected":false},"featured_media":3006,"comment_status":"open","ping_status":"closed","template":"","meta":{"_uag_custom_page_level_css":"","_lmt_disableupdate":"no","_lmt_disable":"","site-sidebar-layout":"default","site-content-layout":"content-boxed-container","ast-site-content-layout":"normal-width-container","site-content-style":"boxed","site-sidebar-style":"unboxed","ast-global-header-display":"","ast-banner-title-visibility":"","ast-main-header-display":"","ast-hfb-above-header-display":"","ast-hfb-below-header-display":"","ast-hfb-mobile-header-display":"","site-post-title":"","ast-breadcrumbs-content":"","ast-featured-img":"","footer-sml-layout":"","theme-transparent-header-meta":"default","adv-header-id-meta":"","stick-header-meta":"","header-above-stick-meta":"","header-main-stick-meta":"","header-below-stick-meta":"","astra-migrate-meta-layouts":"set","ast-page-background-enabled":"default","ast-page-background-meta":{"desktop":{"background-color":"var(--ast-global-color-4)","background-image":"","background-repeat":"repeat","background-position":"center center","background-size":"auto","background-attachment":"scroll","background-type":"","background-media":"","overlay-type":"","overlay-color":"","overlay-opacity":"","overlay-gradient":""},"tablet":{"background-color":"","background-image":"","background-repeat":"repeat","background-position":"center center","background-size":"auto","background-attachment":"scroll","background-type":"","background-media":"","overlay-type":"","overlay-color":"","overlay-opacity":"","overlay-gradient":""},"mobile":{"background-color":"","background-image":"","background-repeat":"repeat","background-position":"center center","background-size":"auto","background-attachment":"scroll","background-type":"","background-media":"","overlay-type":"","overlay-color":"","overlay-opacity":"","overlay-gradient":""}},"ast-content-background-meta":{"desktop":{"background-color":"var(--ast-global-color-5)","background-image":"","background-repeat":"repeat","background-position":"center center","background-size":"auto","background-attachment":"scroll","background-type":"","background-media":"","overlay-type":"","overlay-color":"","overlay-opacity":"","overlay-gradient":""},"tablet":{"background-color":"var(--ast-global-color-5)","background-image":"","background-repeat":"repeat","background-position":"center center","background-size":"auto","background-attachment":"scroll","background-type":"","background-media":"","overlay-type":"","overlay-color":"","overlay-opacity":"","overlay-gradient":""},"mobile":{"background-color":"var(--ast-global-color-5)","background-image":"","background-repeat":"repeat","background-position":"center center","background-size":"auto","background-attachment":"scroll","background-type":"","background-media":"","overlay-type":"","overlay-color":"","overlay-opacity":"","overlay-gradient":""}},"_joinchat":[]},"product_brand":[],"product_cat":[15,289,290,291,292,298,293,295,299,275,25,123,26,28,135,27,137,136,30],"product_tag":[146,222,64,40,111,302,301],"class_list":{"0":"post-3011","1":"product","2":"type-product","3":"status-publish","4":"has-post-thumbnail","6":"product_cat-new-vape-this-week","7":"product_cat-big-puffs-disposable-vapes","8":"product_cat-crystal-disposable-vapes","9":"product_cat-dual-mesh-disposable-vapes","10":"product_cat-digital-disposable-vapes","11":"product_cat-double-flavor-disposable-vapes","12":"product_cat-low-nicotine-disposable-vapes","13":"product_cat-rechargeable-disposable-vapes","14":"product_cat-smart-screen-disposable-vapes","15":"product_cat-vapsolo-vape","16":"product_cat-germany-best-selling-vape","17":"product_cat-italy-wholesale-vape","18":"product_cat-netherlands-hot-sale-vape","19":"product_cat-poland-hot-sale-vape","20":"product_cat-spain-best-hot-sale-vape","21":"product_cat-fance-hot-sale-vape","22":"product_cat-rechargeable-vapes","23":"product_cat-smart-screen-vapes","24":"product_cat-minimum-order-quantity-50pcs","25":"product_tag-best-hot-sale-vape","26":"product_tag-double-flavor-vape","27":"product_tag-dual-flavour-vape","28":"product_tag-hot-sale-vape","29":"product_tag-low-nicotine-disposable-vape","30":"product_tag-vapsolo-dg-18000","31":"product_tag-vapsolo-vape","32":"desktop-align-left","33":"tablet-align-left","34":"mobile-align-left","36":"first","37":"instock","38":"sale","39":"shipping-taxable","40":"purchasable","41":"product-type-simple"},"uagb_featured_image_src":{"full":["https:\/\/rmvapesale.com\/wp-content\/uploads\/2025\/01\/Vapsolo-DG-18000-Puff-Disposable-Vape-Cheap-Price.webp",1000,1000,false],"thumbnail":["https:\/\/rmvapesale.com\/wp-content\/uploads\/2025\/01\/Vapsolo-DG-18000-Puff-Disposable-Vape-Cheap-Price-150x150.webp",150,150,true],"medium":["https:\/\/rmvapesale.com\/wp-content\/uploads\/2025\/01\/Vapsolo-DG-18000-Puff-Disposable-Vape-Cheap-Price-300x300.webp",300,300,true],"medium_large":["https:\/\/rmvapesale.com\/wp-content\/uploads\/2025\/01\/Vapsolo-DG-18000-Puff-Disposable-Vape-Cheap-Price-768x768.webp",768,768,true],"large":["https:\/\/rmvapesale.com\/wp-content\/uploads\/2025\/01\/Vapsolo-DG-18000-Puff-Disposable-Vape-Cheap-Price.webp",1000,1000,false],"1536x1536":["https:\/\/rmvapesale.com\/wp-content\/uploads\/2025\/01\/Vapsolo-DG-18000-Puff-Disposable-Vape-Cheap-Price.webp",1000,1000,false],"2048x2048":["https:\/\/rmvapesale.com\/wp-content\/uploads\/2025\/01\/Vapsolo-DG-18000-Puff-Disposable-Vape-Cheap-Price.webp",1000,1000,false],"trp-custom-language-flag":["https:\/\/rmvapesale.com\/wp-content\/uploads\/2025\/01\/Vapsolo-DG-18000-Puff-Disposable-Vape-Cheap-Price.webp",12,12,false],"woocommerce_thumbnail":["https:\/\/rmvapesale.com\/wp-content\/uploads\/2025\/01\/Vapsolo-DG-18000-Puff-Disposable-Vape-Cheap-Price-300x300.webp",300,300,true],"woocommerce_single":["https:\/\/rmvapesale.com\/wp-content\/uploads\/2025\/01\/Vapsolo-DG-18000-Puff-Disposable-Vape-Cheap-Price-600x600.webp",600,600,true],"woocommerce_gallery_thumbnail":["https:\/\/rmvapesale.com\/wp-content\/uploads\/2025\/01\/Vapsolo-DG-18000-Puff-Disposable-Vape-Cheap-Price-100x100.webp",100,100,true],"wcpr-photo-reviews":["https:\/\/rmvapesale.com\/wp-content\/uploads\/2025\/01\/Vapsolo-DG-18000-Puff-Disposable-Vape-Cheap-Price.webp",500,500,false]},"uagb_author_info":{"display_name":"AMY","author_link":"https:\/\/rmvapesale.com\/pl\/author\/"},"uagb_comment_info":0,"uagb_excerpt":"Vapsolo DG 18000 Puffs Twins Flavor Rechargeable Disposable Vape Vapsolo DG 18k Puff Hot Sale\u00a0Disposable Vape Bulk Buy Vapsolo DG 18000 Puffs LED Display\u00a0Smart Screen Wholesale Disposable Contact Amy to get right reply and vape coupon! WhatsApp: +86 17776015835 &nbsp;","_links":{"self":[{"href":"https:\/\/rmvapesale.com\/pl\/wp-json\/wp\/v2\/product\/3011","targetHints":{"allow":["GET"]}}],"collection":[{"href":"https:\/\/rmvapesale.com\/pl\/wp-json\/wp\/v2\/product"}],"about":[{"href":"https:\/\/rmvapesale.com\/pl\/wp-json\/wp\/v2\/types\/product"}],"replies":[{"embeddable":true,"href":"https:\/\/rmvapesale.com\/pl\/wp-json\/wp\/v2\/comments?post=3011"}],"wp:featuredmedia":[{"embeddable":true,"href":"https:\/\/rmvapesale.com\/pl\/wp-json\/wp\/v2\/media\/3006"}],"wp:attachment":[{"href":"https:\/\/rmvapesale.com\/pl\/wp-json\/wp\/v2\/media?parent=3011"}],"wp:term":[{"taxonomy":"product_brand","embeddable":true,"href":"https:\/\/rmvapesale.com\/pl\/wp-json\/wp\/v2\/product_brand?post=3011"},{"taxonomy":"product_cat","embeddable":true,"href":"https:\/\/rmvapesale.com\/pl\/wp-json\/wp\/v2\/product_cat?post=3011"},{"taxonomy":"product_tag","embeddable":true,"href":"https:\/\/rmvapesale.com\/pl\/wp-json\/wp\/v2\/product_tag?post=3011"}],"curies":[{"name":"wp","href":"https:\/\/api.w.org\/{rel}","templated":true}]}}