{"id":3014,"date":"2025-01-30T07:39:46","date_gmt":"2025-01-30T07:39:46","guid":{"rendered":"https:\/\/rmvapesale.com\/?post_type=product&#038;p=3014"},"modified":"2025-01-23T08:01:17","modified_gmt":"2025-01-23T08:01:17","slug":"bang-box-30000-30k-puffs-double-taste-rechargeable-disposable-vape-0-2-5-nicotine-led-display-factory-price","status":"publish","type":"product","link":"https:\/\/rmvapesale.com\/pl\/product\/bang-box-30000-30k-puffs-double-taste-rechargeable-disposable-vape-0-2-5-nicotine-led-display-factory-price\/","title":{"rendered":"Bang Box 30000 30k zaci\u0105gni\u0119\u0107 Podw\u00f3jny smak, jednorazowy e-papieros z mo\u017cliwo\u015bci\u0105 \u0142adowania 0,1%, 2%, 5% nikotyny, wy\u015bwietlacz LED, cena fabryczna"},"content":{"rendered":"<div class=\"B2VR9 CJHX3e\">\n<div class=\"wyccme\">\n<div class=\"flex-shrink-0 flex flex-col relative items-end\">\n<div class=\"pt-0\">\n<div class=\"gizmo-bot-avatar flex h-8 w-8 items-center justify-center overflow-hidden rounded-full\">\n<div class=\"relative p-1 rounded-sm flex items-center justify-center bg-token-main-surface-primary text-token-text-primary h-8 w-8\">\n<div class=\"flex-shrink-0 flex flex-col relative items-end\">\n<div class=\"pt-0\">\n<div class=\"gizmo-bot-avatar flex h-8 w-8 items-center justify-center overflow-hidden rounded-full\">\n<div class=\"flex-shrink-0 flex flex-col relative items-end\">\n<div class=\"pt-0\">\n<div class=\"gizmo-bot-avatar flex h-8 w-8 items-center justify-center overflow-hidden rounded-full\">\n<h1 class=\"relative p-1 rounded-sm flex items-center justify-center bg-token-main-surface-primary text-token-text-primary h-8 w-8\">Bang Box 30000 30k zaci\u0105gni\u0119\u0107 Podw\u00f3jny smak, jednorazowy e-papieros z mo\u017cliwo\u015bci\u0105 \u0142adowania 0,1%, 2%, 5% nikotyny, wy\u015bwietlacz LED, cena fabryczna<\/h1>\n<\/div>\n<\/div>\n<\/div>\n<\/div>\n<\/div>\n<\/div>\n<\/div>\n<\/div>\n<\/div>\n<\/div>\n<div class=\"group\/conversation-turn relative flex w-full min-w-0 flex-col agent-turn\">\n<div class=\"flex-col gap-1 md:gap-3\">\n<div class=\"flex max-w-full flex-col flex-grow\">\n<div class=\"min-h-8 text-message flex w-full flex-col items-end gap-2 whitespace-normal break-words text-start [.text-message+&amp;]:mt-5\" dir=\"auto\" data-message-author-role=\"assistant\" data-message-id=\"80ece0c4-ead1-4ed9-a9f0-ddc22582b4f4\" data-message-model-slug=\"gpt-4o\">\n<p>Ten <strong>Bang Box 30000 zaci\u0105gni\u0119\u0107, podw\u00f3jny smak, jednorazowy e-papieros, \u0142adowalny<\/strong> jest najlepszym wyborem dla vaper\u00f3w szukaj\u0105cych <strong>d\u0142ugotrwa\u0142ej wydajno\u015bci, konfigurowalnych funkcji i bezkonkurencyjnej ceny hurtowej<\/strong>. Zaprojektowany, aby zapewni\u0107 do <strong>30 000 zaci\u0105gni\u0119\u0107<\/strong>, ten <strong>\u0142adowalny e-papieros<\/strong> zapewnia wyd\u0142u\u017cone do\u015bwiadczenie z innowacyjn\u0105 funkcj\u0105 <strong>podw\u00f3jnego smaku<\/strong> , co pozwala cieszy\u0107 si\u0119 <strong>dwoma smakami w jednym urz\u0105dzeniu<\/strong>.<\/p>\n<p>Wst\u0119pnie nape\u0142niony ogromnymi <strong>36 ml e-liquidu<\/strong>, Bang 30K zapewnia ci\u0105g\u0142\u0105 przyjemno\u015b\u0107 bez k\u0142opot\u00f3w z cz\u0119stym uzupe\u0142nianiem. Niezale\u017cnie od tego, czy jeste\u015b fanem <strong>e-papieros\u00f3w o niskiej zawarto\u015bci nikotyny<\/strong> czy wolisz mocniejszy hit, to urz\u0105dzenie oferuje wszechstronne <strong>opcje mocy nikotyny<\/strong>, dost\u0119pne w <strong>0%, 2%, 3% i 5%<\/strong>, zaspokajaj\u0105c ka\u017cde preferencje.<\/p>\n<p>Wyposa\u017cony w <strong>grza\u0142k\u0105 siatkow\u0105 1,0\u03a9<\/strong>, waporyzator zapewnia g\u0142adk\u0105, pe\u0142n\u0105 smaku par\u0119 z ka\u017cdym zaci\u0105gni\u0119ciem. System <strong>regulowany przep\u0142yw powietrza<\/strong> pozwala na dostosowanie zaci\u0105gni\u0119cia, oferuj\u0105c intensywny wdech lub lu\u017aniejsze, bardziej obfite w chmur\u0119 doznania.<\/p>\n<p>Inteligentny <strong>wy\u015bwietlacz LED<\/strong> informuje o poziomie baterii i e-liquidu, daj\u0105c pe\u0142n\u0105 kontrol\u0119. Dzi\u0119ki <strong>akumulatorowi o pojemno\u015bci 550mAh<\/strong> oraz <strong>port \u0142adowania Type-C<\/strong>mo\u017cna cieszy\u0107 si\u0119 szybkim, wydajnym \u0142adowaniem, aby waporyzator by\u0142 zawsze gotowy do u\u017cycia.<\/p>\n<p>Idealny dla <strong>hurtowych nabywc\u00f3w jednorazowych e-papieros\u00f3w<\/strong>, urz\u0105dzenie to jest dost\u0119pne w <strong>cenie fabrycznej<\/strong>, co czyni je doskona\u0142ym wyborem zar\u00f3wno dla sprzedawc\u00f3w detalicznych, jak i indywidualnych u\u017cytkownik\u00f3w szukaj\u0105cych <strong>zakupu hurtowego<\/strong>.<\/p>\n<\/div>\n<\/div>\n<\/div>\n<\/div>\n<div class=\"flex-shrink-0 flex flex-col relative items-end\">\n<div class=\"pt-0\">\n<div class=\"gizmo-bot-avatar flex h-8 w-8 items-center justify-center overflow-hidden rounded-full\">\n<p>&nbsp;<\/p>\n<\/div>\n<\/div>\n<\/div>\n<\/div>\n<\/div>\n<p><strong>Skontaktuj si\u0119 z Amy, aby uzyska\u0107 w\u0142a\u015bciw\u0105 odpowied\u017a i kupon na e-papierosa!<\/strong><\/p>\n<p><img loading=\"lazy\" decoding=\"async\" class=\"size-full wp-image-1978\" src=\"https:\/\/rmvapesale.com\/wp-content\/uploads\/2024\/09\/Disposable-Vape-Wholesale.jpg\" alt=\"Hurtownia Jednorazowych E-papieros\u00f3w\" width=\"229\" height=\"300\" \/><\/p>\n<h3><a href=\"https:\/\/wa.me\/8617776015835\" target=\"_blank\" rel=\"noopener\"><span style=\"color: #ff0000\"><strong>WhatsApp: +86 17776015835<\/strong><\/span><\/a><\/h3>\n<h3><\/h3>\n<h3><strong style=\"font-size: 1.7em\">Bang Box 30000 30k Puffs Kluczowe cechy produktu<\/strong><\/h3>\n<ul>\n<li><strong>Pojemno\u015b\u0107 30 000 zaci\u0105gni\u0119\u0107:<\/strong> Ciesz si\u0119 d\u0142ugotrwa\u0142ym waporyzowaniem bez konieczno\u015bci ci\u0105g\u0142ej wymiany.<\/li>\n<li><strong>36ml Wst\u0119pnie nape\u0142niony e-liquid:<\/strong> Du\u017ca pojemno\u015b\u0107 zapewniaj\u0105ca nieprzerwane doznania podczas wapowania.<\/li>\n<li><strong>Funkcja podw\u00f3jnego smaku:<\/strong> Prze\u0142\u0105czaj si\u0119 mi\u0119dzy dwoma r\u00f3\u017cnymi smakami, aby mie\u0107 urozmaicenie w ka\u017cdym zaci\u0105gni\u0119ciu.<\/li>\n<li><strong>Opcje nikotynowe:<\/strong> Dost\u0119pne w st\u0119\u017ceniach 0%, 2%, 3% i 5% dopasowanych do r\u00f3\u017cnych preferencji.<\/li>\n<li><strong>Akumulator:<\/strong> Bateria 550mAh z szybkim \u0142adowaniem Type-C dla wygody.<\/li>\n<li><strong>Inteligentny wy\u015bwietlacz LED:<\/strong> \u0141atwo monitoruj \u017cywotno\u015b\u0107 baterii i poziom e-liquidu.<\/li>\n<li><strong>Regulowany przep\u0142yw powietrza:<\/strong> Dostosuj zaci\u0105gni\u0119cie za pomoc\u0105 r\u00f3\u017cnych ustawie\u0144 przep\u0142ywu powietrza<\/li>\n<\/ul>\n<p><img loading=\"lazy\" decoding=\"async\" class=\"wp-image-2984 size-full\" src=\"https:\/\/rmvapesale.com\/wp-content\/uploads\/2025\/01\/Bang-Box-30000-Puffs-Disposable-Vape-Bulk-Buy.webp\" alt=\"Bang Box 30000 Puffs Jednorazowy Vape Zakup hurtowy\" width=\"1000\" height=\"1000\" srcset=\"https:\/\/rmvapesale.com\/wp-content\/uploads\/2025\/01\/Bang-Box-30000-Puffs-Disposable-Vape-Bulk-Buy.webp 1000w, https:\/\/rmvapesale.com\/wp-content\/uploads\/2025\/01\/Bang-Box-30000-Puffs-Disposable-Vape-Bulk-Buy-300x300.webp 300w, https:\/\/rmvapesale.com\/wp-content\/uploads\/2025\/01\/Bang-Box-30000-Puffs-Disposable-Vape-Bulk-Buy-150x150.webp 150w, https:\/\/rmvapesale.com\/wp-content\/uploads\/2025\/01\/Bang-Box-30000-Puffs-Disposable-Vape-Bulk-Buy-768x768.webp 768w, https:\/\/rmvapesale.com\/wp-content\/uploads\/2025\/01\/Bang-Box-30000-Puffs-Disposable-Vape-Bulk-Buy-600x600.webp 600w, https:\/\/rmvapesale.com\/wp-content\/uploads\/2025\/01\/Bang-Box-30000-Puffs-Disposable-Vape-Bulk-Buy-100x100.webp 100w\" sizes=\"auto, (max-width: 1000px) 100vw, 1000px\" \/><\/p>\n<h3><strong style=\"font-size: 1.7em\">Najpopularniejszy smak do Bang Box 30000 30k Puff<\/strong><strong style=\"font-size: 1.7em\">\u00a0E-papieros<\/strong><\/h3>\n<p>1.Truskawka kiwi\/Arbuz l\u00f3d<br \/>\n2.Truskawka kiwi\/Truskawka Arbuz <span style=\"color: #ff0000\"><strong>&gt;&gt;&gt;&gt; Gor\u0105ce !<\/strong><\/span><br \/>\n3.Sok brzoskwiniowy\/Jagoda l\u00f3d<br \/>\n4.Jagoda l\u00f3d\/Kiwi Marakuja Guawa<br \/>\n5.Jagoda Kwa\u015bna Malina l\u00f3d\/Mieszane Owoce <span style=\"color: #ff0000\"><strong>&gt;&gt;&gt;&gt; Gor\u0105ce !<\/strong><\/span><br \/>\n6.Potr\u00f3jna jagoda l\u00f3d\/Truskawka Mango<br \/>\n7.Arbuzowa Guma Balonowa\/Truskawka Arbuz<br \/>\n8.Bor\u00f3wka l\u00f3d\/Arbuz l\u00f3d<br \/>\n9.Truskawka Arbuz\/Kiwi Marakuja Guawa<br \/>\n10.Czarny Smok l\u00f3d\/Mango Brzoskwinia Arbuz<br \/>\n11.Niebieska Malina l\u00f3d\/Podw\u00f3jne Winogrono<br \/>\n12.Niebieska Malina l\u00f3d\/Truskawka Mango <span style=\"color: #ff0000\"><strong>&gt;&gt;&gt;&gt; Najlepsze !<\/strong><\/span><\/p>\n<h3><strong>Dlaczego wybra\u0107 Rmvapesale dla Bang Box 30k Puffs <\/strong><strong>V<\/strong><strong>Sprzeda\u017c hurtowa e-papieros\u00f3w<\/strong><strong>?<\/strong><\/h3>\n<div class=\"flex-shrink-0 flex flex-col relative items-end\">\n<div class=\"pt-0\">\n<div class=\"gizmo-bot-avatar flex h-8 w-8 items-center justify-center overflow-hidden rounded-full\">\n<p>W miar\u0119 jak konkurencja na rynku jednorazowych e-papieros\u00f3w nasila si\u0119, Rmvapesale, globalny lider w hurtowych rozwi\u0105zaniach do jednorazowych vape'\u00f3w, wprowadzi\u0142 na rynek jednorazowy vape Bangking 35000 Puffs Double Flavour. Ten prze\u0142omowy produkt przyci\u0105ga uwag\u0119 swoim unikalnym, estetycznym i modnym designem. Oferuje szeroki wyb\u00f3r owocowych smak\u00f3w, zaspokajaj\u0105c r\u00f3\u017cnorodne gusta konsument\u00f3w, jednocze\u015bnie k\u0142ad\u0105c nacisk na innowacyjno\u015b\u0107 i wszechstronno\u015b\u0107.<\/p>\n<p class=\"relative p-1 rounded-sm flex items-center justify-center bg-token-main-surface-primary text-token-text-primary h-8 w-8\">Rmvapesale to Tw\u00f3j zaufany sklep z vape'ami, oferuj\u0105cy jednorazowe vape'y premium. Z ponad 5-letnim do\u015bwiadczeniem, dostarczamy popularne marki jednorazowych vape'\u00f3w, takie jak Al Fakher, JNR Vape, Vapsolo Vape, Vapme Vape, <a href=\"https:\/\/rmvapesale.com\/pl\/product-category\/bang-vapes\/\">Bang Vape<\/a>, Waspe Vape, WGA Vape i<a href=\"https:\/\/rmvapesale.com\/pl\/product-category\/randm-fumot-vape\/\"> RandM Vape<\/a>. Nasza oferta obejmuje popularne jednorazowe e-papierosy, takie jak <a href=\"https:\/\/rmvapesale.com\/pl\/product\/vopk-tornado-15000-puffs-disposable-vape-led-display\/\">VOPK Tornado 15000 zaci\u0105gni\u0119\u0107<\/a> oraz bogate w smaki opcje, jak<a href=\"https:\/\/rmvapesale.com\/pl\/product\/waspe-15000-puffs-digital-box-original-wholesale\/\"> WASPE 15000 ZACI\u0104GNI\u0118\u0106<\/a>. Ka\u017cdy produkt jest wybierany z my\u015bl\u0105 o jako\u015bci, warto\u015bci i r\u00f3\u017cnorodno\u015bci, dzi\u0119ki czemu na pewno znajdziesz idealny dla siebie. Odkryj wyj\u0105tkow\u0105 obs\u0142ug\u0119 i szerok\u0105 gam\u0119 najlepszych produkt\u00f3w na Rmvapesale.<\/p>\n<p class=\"relative p-1 rounded-sm flex items-center justify-center bg-token-main-surface-primary text-token-text-primary h-8 w-8\"><b style=\"font-size: 1.5em;font-style: inherit\">FAQ Dla BangBox 30000 30k Puffs <\/b><b style=\"font-size: 1.5em;font-style: inherit\">Jednorazowy e-papieros z mo\u017cliwo\u015bci\u0105 \u0142adowania<\/b><\/p>\n<ol>\n<li><strong>Gdzie mog\u0119 kupi\u0107 jednorazowy e-papieros Bang 30000 Puffs w cenach hurtowych?<\/strong>\n<ul>\n<li>Mo\u017cesz go kupi\u0107 po cenach fabrycznych od <a href=\"https:\/\/rmvapesale.com\/pl\/\" target=\"_new\" rel=\"noopener\">Rmvapesale<\/a>, oferuj\u0105c najlepsze hurtowe oferty dla sprzedawc\u00f3w detalicznych i dystrybutor\u00f3w.<\/li>\n<\/ul>\n<\/li>\n<li><strong>Jak dzia\u0142a funkcja podw\u00f3jnego smaku?<\/strong>\n<ul>\n<li>Urz\u0105dzenie pozwala prze\u0142\u0105cza\u0107 si\u0119 mi\u0119dzy dwoma smakami, zapewniaj\u0105c unikalne i dynamiczne do\u015bwiadczenie wapowania.<\/li>\n<\/ul>\n<\/li>\n<li><strong>Jakie poziomy nikotyny s\u0105 dost\u0119pne w tym jednorazowym e-papierosie?<\/strong>\n<ul>\n<li>Bang 30K jest dost\u0119pny w st\u0119\u017ceniach nikotyny 0%, 2%, 3% i 5%, zaspokajaj\u0105c r\u00f3\u017cne preferencje wapowania.<\/li>\n<\/ul>\n<\/li>\n<li><strong>Czy e-papieros Bang 30000 Puffs jest \u0142adowalny?<\/strong>\n<ul>\n<li>Tak, posiada \u0142adowaln\u0105 bateri\u0119 550mAh z portem \u0142adowania Type-C do szybkiego i wydajnego \u0142adowania.<\/li>\n<\/ul>\n<\/li>\n<li><strong>Czy urz\u0105dzenie ma funkcj\u0119 regulacji przep\u0142ywu powietrza?<\/strong>\n<ul>\n<li>Tak, regulowana kontrola przep\u0142ywu powietrza pozwala dostosowa\u0107 styl wapowania, od ciasnych zaci\u0105gni\u0119\u0107 po przewiewne chmury.<\/li>\n<\/ul>\n<\/li>\n<\/ol>\n<\/div>\n<\/div>\n<\/div>\n<h2>Jak z\u0142o\u017cy\u0107 zam\u00f3wienie?<\/h2>\n<div class=\"flex-shrink-0 flex flex-col relative items-end\">\n<div class=\"pt-0\">\n<div class=\"gizmo-bot-avatar flex h-8 w-8 items-center justify-center overflow-hidden rounded-full\">\n<div>\n<p><strong>1. Jakie metody p\u0142atno\u015bci akceptujecie?<\/strong><br \/>\n<span class=\"selectable-text copyable-text false\">Do p\u0142atno\u015bci oferujemy przelew bankowy i Western Union. Wi\u0119kszo\u015b\u0107 naszych europejskich klient\u00f3w wybiera przelew bankowy, posiadamy lokalne konto bankowe, na kt\u00f3re mo\u017cna przela\u0107 \u015brodki na nasze konto IBAN bez op\u0142at manipulacyjnych. <\/span>.<\/p>\n<p><strong>2. Jak mog\u0119 \u015bledzi\u0107 moje zam\u00f3wienie?<\/strong><br \/>\nPo wys\u0142aniu paczki <span class=\"selectable-text copyable-text false\">udost\u0119pnimy numer \u015bledzenia do wgl\u0105du, b\u0119dziemy r\u00f3wnie\u017c aktualizowa\u0107 status, dop\u00f3ki nie otrzymasz towaru<\/span>.<\/p>\n<p><strong>3. Jak d\u0142ugo trwa dostawa?<\/strong><\/p>\n<ul>\n<li>Wysy\u0142ka z <strong>magazyn\u00f3w w Chinach<\/strong> potrzebuje oko\u0142o <strong>7-14 dni roboczych<\/strong>.<\/li>\n<li>Wysy\u0142ka z <strong>magazyn\u00f3w europejskich<\/strong> zazwyczaj trwa <strong>3-6 dni roboczych<\/strong>.<\/li>\n<\/ul>\n<p><strong>4. Jak mog\u0119 uzyska\u0107 szybsz\u0105 dostaw\u0119?<\/strong><br \/>\nDla szybszej dostawy zalecamy zamawianie z naszego <strong>europejskiego magazynu<\/strong>, kt\u00f3ry oferuje kr\u00f3tsze czasy dostawy.<\/p>\n<p><strong>5. Co je\u015bli otrzymam uszkodzony lub wadliwy produkt?<\/strong><br \/>\nJe\u015bli Tw\u00f3j produkt jest uszkodzony lub wadliwy, skontaktuj si\u0119 z obs\u0142ug\u0105 klienta w celu uzyskania <strong>wymiany lub zwrotu pieni\u0119dzy<\/strong>.<\/p>\n<p><strong>6. Jak mog\u0119 skontaktowa\u0107 si\u0119 z obs\u0142ug\u0105 klienta?<\/strong><br \/>\nMo\u017cesz si\u0119 z nami skontaktowa\u0107 przez<strong>\u00a0WhatsApp lub czat na \u017cywo<\/strong> na naszej stronie internetowej w celu uzyskania pomocy.<\/p>\n<\/div>\n<div class=\"relative p-1 rounded-sm flex items-center justify-center bg-token-main-surface-primary text-token-text-primary h-8 w-8\"><strong>7. Jakie metody wysy\u0142ki s\u0105 stosowane?<\/strong><\/div>\n<\/div>\n<\/div>\n<\/div>\n<div class=\"group\/conversation-turn relative flex w-full min-w-0 flex-col agent-turn\">\n<div class=\"flex-col gap-1 md:gap-3\">\n<div class=\"flex max-w-full flex-col flex-grow\">\n<div class=\"min-h-[20px] text-message flex w-full flex-col items-end gap-2 whitespace-normal break-words [.text-message+&amp;]:mt-5 overflow-x-auto\" dir=\"auto\" data-message-author-role=\"assistant\" data-message-id=\"22f8283b-3233-46ff-89a5-c7a41b33abda\">\n<div class=\"flex w-full flex-col gap-1 empty:hidden first:pt-[3px]\">\n<div class=\"markdown prose w-full break-words dark:prose-invert light\">\n<p>Wsp\u00f3\u0142pracujemy z UPS, DHL, FedEx, DPD i innymi wiod\u0105cymi przewo\u017anikami. Wybierzemy najlepsz\u0105 metod\u0119 wysy\u0142ki w oparciu o Twoj\u0105 lokalizacj\u0119, aby zapewni\u0107, \u017ce otrzymasz swoje produkty tak szybko, jak to mo\u017cliwe.<\/p>\n<\/div>\n<\/div>\n<\/div>\n<\/div>\n<\/div>\n<\/div>\n<p>Znajd\u017a wi\u0119cej produkt\u00f3w Vape, kt\u00f3re mog\u0105 Ci si\u0119 spodoba\u0107:<strong><em><a href=\"https:\/\/rmvapesale.com\/pl\/shop-2\/\">kup teraz &gt;&gt;&gt;<\/a><\/em><\/strong><\/p>","protected":false},"excerpt":{"rendered":"<p>Bang Box 30000 30k zaci\u0105gni\u0119\u0107, jednorazowy, \u0142adowalny, e-papieros, niska cena<br \/>\nBang Box 30000 30k zaci\u0105gni\u0119\u0107, gor\u0105ca sprzeda\u017c, jednorazowy e-papieros, zakup hurtowy<br \/>\nBangBox 30000 zaci\u0105gni\u0119\u0107, jednorazowy, inteligentny ekran LED, sprzeda\u017c hurtowa<\/p>\n<p><strong>Skontaktuj si\u0119 z Amy, aby uzyska\u0107 w\u0142a\u015bciw\u0105 odpowied\u017a i kupon na e-papierosa!<\/strong><\/p>\n<p><img loading=\"lazy\" decoding=\"async\" class=\"size-full wp-image-2375\" src=\"https:\/\/rmvapesale.com\/wp-content\/uploads\/2024\/10\/image.png\" alt=\"Najlepszy Jednorazowy E-papieros\" width=\"229\" height=\"300\" \/><\/p>\n<h3><a href=\"https:\/\/wa.me\/8617776015835\"><span style=\"color: #ff0000\"><strong>WhatsApp: +86 17776015835<\/strong><\/span><\/a><\/h3>\n<p>&nbsp;<\/p>","protected":false},"featured_media":2983,"comment_status":"open","ping_status":"closed","template":"","meta":{"_uag_custom_page_level_css":"","_lmt_disableupdate":"no","_lmt_disable":"","site-sidebar-layout":"default","site-content-layout":"content-boxed-container","ast-site-content-layout":"normal-width-container","site-content-style":"boxed","site-sidebar-style":"unboxed","ast-global-header-display":"","ast-banner-title-visibility":"","ast-main-header-display":"","ast-hfb-above-header-display":"","ast-hfb-below-header-display":"","ast-hfb-mobile-header-display":"","site-post-title":"","ast-breadcrumbs-content":"","ast-featured-img":"","footer-sml-layout":"","theme-transparent-header-meta":"default","adv-header-id-meta":"","stick-header-meta":"","header-above-stick-meta":"","header-main-stick-meta":"","header-below-stick-meta":"","astra-migrate-meta-layouts":"set","ast-page-background-enabled":"default","ast-page-background-meta":{"desktop":{"background-color":"var(--ast-global-color-4)","background-image":"","background-repeat":"repeat","background-position":"center center","background-size":"auto","background-attachment":"scroll","background-type":"","background-media":"","overlay-type":"","overlay-color":"","overlay-opacity":"","overlay-gradient":""},"tablet":{"background-color":"","background-image":"","background-repeat":"repeat","background-position":"center center","background-size":"auto","background-attachment":"scroll","background-type":"","background-media":"","overlay-type":"","overlay-color":"","overlay-opacity":"","overlay-gradient":""},"mobile":{"background-color":"","background-image":"","background-repeat":"repeat","background-position":"center center","background-size":"auto","background-attachment":"scroll","background-type":"","background-media":"","overlay-type":"","overlay-color":"","overlay-opacity":"","overlay-gradient":""}},"ast-content-background-meta":{"desktop":{"background-color":"var(--ast-global-color-5)","background-image":"","background-repeat":"repeat","background-position":"center center","background-size":"auto","background-attachment":"scroll","background-type":"","background-media":"","overlay-type":"","overlay-color":"","overlay-opacity":"","overlay-gradient":""},"tablet":{"background-color":"var(--ast-global-color-5)","background-image":"","background-repeat":"repeat","background-position":"center center","background-size":"auto","background-attachment":"scroll","background-type":"","background-media":"","overlay-type":"","overlay-color":"","overlay-opacity":"","overlay-gradient":""},"mobile":{"background-color":"var(--ast-global-color-5)","background-image":"","background-repeat":"repeat","background-position":"center center","background-size":"auto","background-attachment":"scroll","background-type":"","background-media":"","overlay-type":"","overlay-color":"","overlay-opacity":"","overlay-gradient":""}},"_joinchat":[]},"product_brand":[],"product_cat":[15,289,290,291,292,293,295,299,273,253,25,123,26,28,135,27,60,137,136,30],"product_tag":[307,146,222,64,40,111,306],"class_list":{"0":"post-3014","1":"product","2":"type-product","3":"status-publish","4":"has-post-thumbnail","6":"product_cat-new-vape-this-week","7":"product_cat-big-puffs-disposable-vapes","8":"product_cat-crystal-disposable-vapes","9":"product_cat-dual-mesh-disposable-vapes","10":"product_cat-digital-disposable-vapes","11":"product_cat-low-nicotine-disposable-vapes","12":"product_cat-rechargeable-disposable-vapes","13":"product_cat-smart-screen-disposable-vapes","14":"product_cat-bang-box-vape","15":"product_cat-15000-puff-disposable-vape","16":"product_cat-germany-best-selling-vape","17":"product_cat-italy-wholesale-vape","18":"product_cat-netherlands-hot-sale-vape","19":"product_cat-poland-hot-sale-vape","20":"product_cat-spain-best-hot-sale-vape","21":"product_cat-fance-hot-sale-vape","22":"product_cat-bang-vapes","23":"product_cat-rechargeable-vapes","24":"product_cat-smart-screen-vapes","25":"product_cat-minimum-order-quantity-50pcs","26":"product_tag-bang-box-30000","27":"product_tag-best-hot-sale-vape","28":"product_tag-double-flavor-vape","29":"product_tag-dual-flavour-vape","30":"product_tag-hot-sale-vape","31":"product_tag-low-nicotine-disposable-vape","32":"product_tag-puff-bar","33":"desktop-align-left","34":"tablet-align-left","35":"mobile-align-left","37":"first","38":"instock","39":"sale","40":"shipping-taxable","41":"purchasable","42":"product-type-simple"},"uagb_featured_image_src":{"full":["https:\/\/rmvapesale.com\/wp-content\/uploads\/2025\/01\/Bang-Box-30000-30k-Puffs-Double-Rechargeable-Disposable-Vape-Wholesale.webp",1000,1000,false],"thumbnail":["https:\/\/rmvapesale.com\/wp-content\/uploads\/2025\/01\/Bang-Box-30000-30k-Puffs-Double-Rechargeable-Disposable-Vape-Wholesale-150x150.webp",150,150,true],"medium":["https:\/\/rmvapesale.com\/wp-content\/uploads\/2025\/01\/Bang-Box-30000-30k-Puffs-Double-Rechargeable-Disposable-Vape-Wholesale-300x300.webp",300,300,true],"medium_large":["https:\/\/rmvapesale.com\/wp-content\/uploads\/2025\/01\/Bang-Box-30000-30k-Puffs-Double-Rechargeable-Disposable-Vape-Wholesale-768x768.webp",768,768,true],"large":["https:\/\/rmvapesale.com\/wp-content\/uploads\/2025\/01\/Bang-Box-30000-30k-Puffs-Double-Rechargeable-Disposable-Vape-Wholesale.webp",1000,1000,false],"1536x1536":["https:\/\/rmvapesale.com\/wp-content\/uploads\/2025\/01\/Bang-Box-30000-30k-Puffs-Double-Rechargeable-Disposable-Vape-Wholesale.webp",1000,1000,false],"2048x2048":["https:\/\/rmvapesale.com\/wp-content\/uploads\/2025\/01\/Bang-Box-30000-30k-Puffs-Double-Rechargeable-Disposable-Vape-Wholesale.webp",1000,1000,false],"trp-custom-language-flag":["https:\/\/rmvapesale.com\/wp-content\/uploads\/2025\/01\/Bang-Box-30000-30k-Puffs-Double-Rechargeable-Disposable-Vape-Wholesale.webp",12,12,false],"woocommerce_thumbnail":["https:\/\/rmvapesale.com\/wp-content\/uploads\/2025\/01\/Bang-Box-30000-30k-Puffs-Double-Rechargeable-Disposable-Vape-Wholesale-300x300.webp",300,300,true],"woocommerce_single":["https:\/\/rmvapesale.com\/wp-content\/uploads\/2025\/01\/Bang-Box-30000-30k-Puffs-Double-Rechargeable-Disposable-Vape-Wholesale-600x600.webp",600,600,true],"woocommerce_gallery_thumbnail":["https:\/\/rmvapesale.com\/wp-content\/uploads\/2025\/01\/Bang-Box-30000-30k-Puffs-Double-Rechargeable-Disposable-Vape-Wholesale-100x100.webp",100,100,true],"wcpr-photo-reviews":["https:\/\/rmvapesale.com\/wp-content\/uploads\/2025\/01\/Bang-Box-30000-30k-Puffs-Double-Rechargeable-Disposable-Vape-Wholesale.webp",500,500,false]},"uagb_author_info":{"display_name":"AMY","author_link":"https:\/\/rmvapesale.com\/pl\/author\/"},"uagb_comment_info":0,"uagb_excerpt":"Bang Box 30000 30k Puff\u00a0 Bar Rechargeable Disposable Vape Cheap Price Bang Box 30000 30k Puffs Hot Sale Disposable Vape Pen Bulk Buy BangBox 30000 Puffs\u00a0 LED Display Smart Screen Disposable Vape Wholesale Contact Amy to get right reply and vape coupon! WhatsApp: +86 17776015835 &nbsp;","_links":{"self":[{"href":"https:\/\/rmvapesale.com\/pl\/wp-json\/wp\/v2\/product\/3014","targetHints":{"allow":["GET"]}}],"collection":[{"href":"https:\/\/rmvapesale.com\/pl\/wp-json\/wp\/v2\/product"}],"about":[{"href":"https:\/\/rmvapesale.com\/pl\/wp-json\/wp\/v2\/types\/product"}],"replies":[{"embeddable":true,"href":"https:\/\/rmvapesale.com\/pl\/wp-json\/wp\/v2\/comments?post=3014"}],"wp:featuredmedia":[{"embeddable":true,"href":"https:\/\/rmvapesale.com\/pl\/wp-json\/wp\/v2\/media\/2983"}],"wp:attachment":[{"href":"https:\/\/rmvapesale.com\/pl\/wp-json\/wp\/v2\/media?parent=3014"}],"wp:term":[{"taxonomy":"product_brand","embeddable":true,"href":"https:\/\/rmvapesale.com\/pl\/wp-json\/wp\/v2\/product_brand?post=3014"},{"taxonomy":"product_cat","embeddable":true,"href":"https:\/\/rmvapesale.com\/pl\/wp-json\/wp\/v2\/product_cat?post=3014"},{"taxonomy":"product_tag","embeddable":true,"href":"https:\/\/rmvapesale.com\/pl\/wp-json\/wp\/v2\/product_tag?post=3014"}],"curies":[{"name":"wp","href":"https:\/\/api.w.org\/{rel}","templated":true}]}}