{"id":3015,"date":"2025-02-02T08:01:52","date_gmt":"2025-02-02T08:01:52","guid":{"rendered":"https:\/\/rmvapesale.com\/?post_type=product&#038;p=3015"},"modified":"2025-01-23T08:19:44","modified_gmt":"2025-01-23T08:19:44","slug":"smart-screen-disposable-vape-bang-king-35000-puff-35k-rechargeable-disposable-vape-0-2-5-nicotine-factory-price","status":"publish","type":"product","link":"https:\/\/rmvapesale.com\/pl\/product\/smart-screen-disposable-vape-bang-king-35000-puff-35k-rechargeable-disposable-vape-0-2-5-nicotine-factory-price\/","title":{"rendered":"Smart Screen Jednorazowy E-papieros Bang King 35000 Zaci\u0105gni\u0119\u0107 35k Akumulator Jednorazowy E-papieros 0% 2% 5% Nikotyna Cena fabryczna"},"content":{"rendered":"<div class=\"B2VR9 CJHX3e\">\n<div class=\"wyccme\">\n<div class=\"flex-shrink-0 flex flex-col relative items-end\">\n<div class=\"pt-0\">\n<div class=\"gizmo-bot-avatar flex h-8 w-8 items-center justify-center overflow-hidden rounded-full\">\n<div class=\"relative p-1 rounded-sm flex items-center justify-center bg-token-main-surface-primary text-token-text-primary h-8 w-8\">\n<div class=\"flex-shrink-0 flex flex-col relative items-end\">\n<div class=\"pt-0\">\n<div class=\"gizmo-bot-avatar flex h-8 w-8 items-center justify-center overflow-hidden rounded-full\">\n<div class=\"flex-shrink-0 flex flex-col relative items-end\">\n<div class=\"pt-0\">\n<div class=\"gizmo-bot-avatar flex h-8 w-8 items-center justify-center overflow-hidden rounded-full\">\n<h1 class=\"relative p-1 rounded-sm flex items-center justify-center bg-token-main-surface-primary text-token-text-primary h-8 w-8\">Smart Screen Jednorazowy E-papieros Bang King 35000 Zaci\u0105gni\u0119\u0107 35k Akumulator Jednorazowy E-papieros 0% 2% 5% Nikotyna Cena fabryczna<\/h1>\n<\/div>\n<\/div>\n<\/div>\n<\/div>\n<\/div>\n<\/div>\n<\/div>\n<\/div>\n<\/div>\n<\/div>\n<div class=\"group\/conversation-turn relative flex w-full min-w-0 flex-col agent-turn\">\n<div class=\"flex-col gap-1 md:gap-3\">\n<div class=\"flex max-w-full flex-col flex-grow\">\n<div class=\"min-h-8 text-message flex w-full flex-col items-end gap-2 whitespace-normal break-words text-start [.text-message+&amp;]:mt-5\" dir=\"auto\" data-message-author-role=\"assistant\" data-message-id=\"80ece0c4-ead1-4ed9-a9f0-ddc22582b4f4\" data-message-model-slug=\"gpt-4o\">\n<p>Szukasz <strong>jednorazowego vape z du\u017c\u0105 ilo\u015bci\u0105 zaci\u0105gni\u0119\u0107 i mo\u017cliwo\u015bci\u0105 \u0142adowania<\/strong> z inteligentnymi funkcjami? <strong>Bang King 35000 Puffs Smart Screen Jednorazowy Vape<\/strong> to idealny wyb\u00f3r dla vaper\u00f3w, kt\u00f3rzy wymagaj\u0105 <strong>du\u017cej pojemno\u015bci zaci\u0105gni\u0119\u0107, regulowanego przep\u0142ywu powietrza i wielu poziom\u00f3w nikotyny<\/strong>, a wszystko to w <strong>niskiej cenie hurtowej<\/strong>. Dzi\u0119ki niesamowitej liczbie <strong>Pojemno\u015b\u0107 35 000 zaci\u0105gni\u0119\u0107<\/strong>, ten vape zapewnia d\u0142ugotrwa\u0142\u0105 przyjemno\u015b\u0107, co czyni go jednym z <strong>najpopularniejszych jednorazowych vape'\u00f3w<\/strong> na rynku.<\/p>\n<p>Wst\u0119pnie nape\u0142niony <strong>23 ml e-liquidu<\/strong>, Bang King zapewnia aromatyczne, bezproblemowe do\u015bwiadczenie vapowania bez cz\u0119stego uzupe\u0142niania. Zaawansowana <strong>cewka oporowa 0,6\u03a9<\/strong> zapewnia p\u0142ynn\u0105, satysfakcjonuj\u0105c\u0105 produkcj\u0119 pary, a innowacyjny <strong>inteligentny wy\u015bwietlacz<\/strong> informuje o poziomie e-liquidu i baterii w czasie rzeczywistym.<\/p>\n<p>Zaprojektowany dla wygody, <strong>Akumulator 850 mAh<\/strong> wspiera <strong>szybkiego \u0142adowania typu C<\/strong>, umo\u017cliwiaj\u0105c szybki powr\u00f3t do vapingu. Niezale\u017cnie od tego, czy wolisz <strong>vape o niskiej zawarto\u015bci nikotyny<\/strong> czy mocniejsze uderzenie, Bang King oferuje wiele st\u0119\u017ce\u0144 nikotyny, w tym <strong>0%, 2%, 3% i 5%<\/strong>, zaspokajaj\u0105c wszystkie preferencje.<\/p>\n<p>Dzi\u0119ki funkcji <strong>regulowany przep\u0142yw powietrza<\/strong>, mo\u017cesz precyzyjnie dostosowa\u0107 swoje do\u015bwiadczenie vapingu, aby uzyska\u0107 cia\u015bniejszy lub p\u0142ynniejszy, bardziej przewiewny zaci\u0105g. Dodatkowo, z <strong>12 pysznymi smakami<\/strong> do wyboru, znajdziesz co\u015b, co zadowoli ka\u017cdy gust.<\/p>\n<p>Idealne dla <strong>kupuj\u0105cych hurtowo i dystrybutor\u00f3w vape<\/strong>, to urz\u0105dzenie jest dost\u0119pne w <strong>cenie bezpo\u015brednio od producenta<\/strong>, co czyni je doskona\u0142\u0105 opcj\u0105 dla tych, kt\u00f3rzy chc\u0105 <strong>kupi\u0107 jednorazowe vape hurtowo<\/strong>.<\/p>\n<\/div>\n<\/div>\n<\/div>\n<\/div>\n<div class=\"flex-shrink-0 flex flex-col relative items-end\">\n<div class=\"pt-0\">\n<div class=\"gizmo-bot-avatar flex h-8 w-8 items-center justify-center overflow-hidden rounded-full\">\n<p>&nbsp;<\/p>\n<\/div>\n<\/div>\n<\/div>\n<\/div>\n<\/div>\n<p><strong>Skontaktuj si\u0119 z Amy, aby uzyska\u0107 w\u0142a\u015bciw\u0105 odpowied\u017a i kupon na e-papierosa!<\/strong><\/p>\n<p><img loading=\"lazy\" decoding=\"async\" class=\"size-full wp-image-1978\" src=\"https:\/\/rmvapesale.com\/wp-content\/uploads\/2024\/09\/Disposable-Vape-Wholesale.jpg\" alt=\"Hurtownia Jednorazowych E-papieros\u00f3w\" width=\"229\" height=\"300\" \/><\/p>\n<h3><a href=\"https:\/\/wa.me\/8617776015835\" target=\"_blank\" rel=\"noopener\"><span style=\"color: #ff0000\"><strong>WhatsApp: +86 17776015835<\/strong><\/span><\/a><\/h3>\n<h3><\/h3>\n<h3><strong style=\"font-size: 1.7em\">Bang King 35000 Zaci\u0105gni\u0119\u0107 - Kluczowe Cechy Produktu<\/strong><\/h3>\n<ul>\n<li><strong>Ogromne 35 000 Zaci\u0105gni\u0119\u0107:<\/strong> Ciesz si\u0119 d\u0142u\u017cszym vapingiem bez cz\u0119stej wymiany.<\/li>\n<li><strong>Pojemno\u015b\u0107 E-liquidu 23ml:<\/strong> Zapewnia d\u0142ugotrwa\u0142\u0105 przyjemno\u015b\u0107 bez konieczno\u015bci uzupe\u0142niania.<\/li>\n<li><strong>Inteligentny ekran:<\/strong> \u015aledzi liczb\u0119 zaci\u0105gni\u0119\u0107 i poziom baterii w czasie rzeczywistym.<\/li>\n<li><strong>Opcje nikotynowe:<\/strong> Dost\u0119pne w wariantach 0%, 2%, 3% i 5%, aby zadowoli\u0107 wszystkich u\u017cytkownik\u00f3w.<\/li>\n<li><strong>Akumulator 850mAh:<\/strong> D\u0142ugotrwa\u0142a wydajno\u015b\u0107 z szybkim \u0142adowaniem przez port Type-C.<\/li>\n<li><strong>Regulacja przep\u0142ywu powietrza:<\/strong> Dostosuj zaci\u0105gni\u0119cie do swoich preferencji, aby uzyska\u0107 idealny smak.<\/li>\n<li><strong>Zabezpieczenie przed suchym spalaniem:<\/strong> Zapewnia g\u0142adkie, sp\u00f3jne wra\u017cenia z wapowania.<\/li>\n<li><strong>12 opcji smakowych:<\/strong> Szeroki wyb\u00f3r smak\u00f3w, aby zaspokoi\u0107 ka\u017cde podniebienie.<\/li>\n<\/ul>\n<figure id=\"attachment_2996\" aria-describedby=\"caption-attachment-2996\" style=\"width: 800px\" class=\"wp-caption alignnone\"><img loading=\"lazy\" decoding=\"async\" class=\"wp-image-2996 size-full\" src=\"https:\/\/rmvapesale.com\/wp-content\/uploads\/2025\/01\/Bang-King-Vape-35000-Puffs-Disposable-Vapes-Bulk-Buy.webp\" alt=\"Bang King Vape 35000 zaci\u0105gni\u0119\u0107 jednorazowe e-papierosy zakup hurtowy\" width=\"800\" height=\"800\" srcset=\"https:\/\/rmvapesale.com\/wp-content\/uploads\/2025\/01\/Bang-King-Vape-35000-Puffs-Disposable-Vapes-Bulk-Buy.webp 800w, https:\/\/rmvapesale.com\/wp-content\/uploads\/2025\/01\/Bang-King-Vape-35000-Puffs-Disposable-Vapes-Bulk-Buy-300x300.webp 300w, https:\/\/rmvapesale.com\/wp-content\/uploads\/2025\/01\/Bang-King-Vape-35000-Puffs-Disposable-Vapes-Bulk-Buy-150x150.webp 150w, https:\/\/rmvapesale.com\/wp-content\/uploads\/2025\/01\/Bang-King-Vape-35000-Puffs-Disposable-Vapes-Bulk-Buy-768x768.webp 768w, https:\/\/rmvapesale.com\/wp-content\/uploads\/2025\/01\/Bang-King-Vape-35000-Puffs-Disposable-Vapes-Bulk-Buy-600x600.webp 600w, https:\/\/rmvapesale.com\/wp-content\/uploads\/2025\/01\/Bang-King-Vape-35000-Puffs-Disposable-Vapes-Bulk-Buy-100x100.webp 100w\" sizes=\"auto, (max-width: 800px) 100vw, 800px\" \/><figcaption id=\"caption-attachment-2996\" class=\"wp-caption-text\">Bang King Vape 35000 zaci\u0105gni\u0119\u0107 jednorazowe e-papierosy zakup hurtowy<\/figcaption><\/figure>\n<h3><strong style=\"font-size: 1.7em\">Najlepiej sprzedaj\u0105cy si\u0119 smak Bang King 35000 zaci\u0105gni\u0119\u0107<\/strong><strong style=\"font-size: 1.7em\">\u00a0E-papieros<\/strong><\/h3>\n<p>Ten <strong>Bang King 35000 zaci\u0105gni\u0119\u0107 jednorazowy e-papieros z mo\u017cliwo\u015bci\u0105 \u0142adowania<\/strong> oferuje <strong>wyj\u0105tkowe wra\u017cenia z wapowania<\/strong> z <strong>inteligentn\u0105 technologi\u0119<\/strong>, co czyni go najlepszym wyborem zar\u00f3wno do u\u017cytku osobistego, jak i do dystrybucji hurtowej. Zam\u00f3w teraz i ciesz si\u0119 najwy\u017csz\u0105 jako\u015bci\u0105 jednorazowego wapowania!<\/p>\n<ol>\n<li>Truskawka Mango<\/li>\n<li>Love66<\/li>\n<li>Blue Razz Ice<\/li>\n<li>Truskawka Arbuz<\/li>\n<li>Cytryna Mi\u0119ta<\/li>\n<li>Podw\u00f3jne Jab\u0142ko<\/li>\n<li>Nap\u00f3j Energetyczny<\/li>\n<li>Brzoskwinia Lodowa<\/li>\n<li>Truskawka Kiwi<\/li>\n<li>Winogrono Lodowe<\/li>\n<li>Bor\u00f3wka Lodowa<\/li>\n<li>Arbuz<\/li>\n<\/ol>\n<h3><strong>Dlaczego warto wybra\u0107 Rmvapesale dla Bang King 35000 Puffs\u00a0 <\/strong><strong>V<\/strong><strong>Sprzeda\u017c hurtowa e-papieros\u00f3w<\/strong><strong>?<\/strong><\/h3>\n<div class=\"flex-shrink-0 flex flex-col relative items-end\">\n<div class=\"pt-0\">\n<div class=\"gizmo-bot-avatar flex h-8 w-8 items-center justify-center overflow-hidden rounded-full\">\n<p>W miar\u0119 jak konkurencja na rynku jednorazowych e-papieros\u00f3w nasila si\u0119, Rmvapesale, globalny lider w hurtowych rozwi\u0105zaniach do jednorazowych vape'\u00f3w, wprowadzi\u0142 na rynek jednorazowy vape Bangking 35000 Puffs Double Flavour. Ten prze\u0142omowy produkt przyci\u0105ga uwag\u0119 swoim unikalnym, estetycznym i modnym designem. Oferuje szeroki wyb\u00f3r owocowych smak\u00f3w, zaspokajaj\u0105c r\u00f3\u017cnorodne gusta konsument\u00f3w, jednocze\u015bnie k\u0142ad\u0105c nacisk na innowacyjno\u015b\u0107 i wszechstronno\u015b\u0107.<\/p>\n<p class=\"relative p-1 rounded-sm flex items-center justify-center bg-token-main-surface-primary text-token-text-primary h-8 w-8\">Rmvapesale to Tw\u00f3j zaufany sklep z vape'ami, oferuj\u0105cy jednorazowe vape'y premium. Z ponad 5-letnim do\u015bwiadczeniem, dostarczamy popularne marki jednorazowych vape'\u00f3w, takie jak Al Fakher, JNR Vape, Vapsolo Vape, Vapme Vape, <a href=\"https:\/\/rmvapesale.com\/pl\/product-category\/bang-vapes\/\">Bang Vape<\/a>, Waspe Vape, WGA Vape i<a href=\"https:\/\/rmvapesale.com\/pl\/product-category\/randm-fumot-vape\/\"> RandM Vape<\/a>. Nasza oferta obejmuje popularne jednorazowe e-papierosy, takie jak <a href=\"https:\/\/rmvapesale.com\/pl\/product\/vopk-tornado-15000-puffs-disposable-vape-led-display\/\">VOPK Tornado 15000 zaci\u0105gni\u0119\u0107<\/a> oraz bogate w smaki opcje, jak<a href=\"https:\/\/rmvapesale.com\/pl\/product\/elf-box-ls15000-puffs-shisha-hookah-disposable-vape\/\"> ELF BOX shisha Hooka 15000 zaci\u0105gni\u0119\u0107<\/a>. Ka\u017cdy produkt jest wybierany z my\u015bl\u0105 o jako\u015bci, warto\u015bci i r\u00f3\u017cnorodno\u015bci, dzi\u0119ki czemu na pewno znajdziesz idealny dla siebie. Odkryj wyj\u0105tkow\u0105 obs\u0142ug\u0119 i szerok\u0105 gam\u0119 najlepszych produkt\u00f3w na Rmvapesale.<\/p>\n<p class=\"relative p-1 rounded-sm flex items-center justify-center bg-token-main-surface-primary text-token-text-primary h-8 w-8\"><b style=\"font-size: 1.5em;font-style: inherit\">Najcz\u0119\u015bciej zadawane pytania dotycz\u0105ce Bang King 35000 zaci\u0105gni\u0119\u0107 <\/b><b style=\"font-size: 1.5em;font-style: inherit\">Jednorazowy e-papieros z mo\u017cliwo\u015bci\u0105 \u0142adowania<\/b><\/p>\n<ol>\n<li><strong>Gdzie mog\u0119 kupi\u0107 jednorazowy e-papieros Bang King 35000 zaci\u0105gni\u0119\u0107 w cenach hurtowych?<\/strong>\n<ul>\n<li>Najlepsze ceny bezpo\u015brednio od producenta mo\u017cna uzyska\u0107 pod adresem <a href=\"https:\/\/rmvapesale.com\/pl\/\" target=\"_new\" rel=\"noopener\">Rmvapesale<\/a>, zaufanego \u017ar\u00f3d\u0142a hurtowych jednorazowych waporyzator\u00f3w.<\/li>\n<\/ul>\n<\/li>\n<li><strong>Czy e-papieros Bang King 35000 mo\u017cna \u0142adowa\u0107?<\/strong>\n<ul>\n<li>Tak, jest wyposa\u017cony w akumulator 850mAh i obs\u0142uguje szybkie \u0142adowanie Type-C.<\/li>\n<\/ul>\n<\/li>\n<li><strong>Jakie st\u0119\u017cenia nikotyny s\u0105 dost\u0119pne?<\/strong>\n<ul>\n<li>Ten e-papieros jest dost\u0119pny w poziomach nikotyny: 0%, 2%, 3% i 5%, aby sprosta\u0107 r\u00f3\u017cnym preferencjom.<\/li>\n<\/ul>\n<\/li>\n<li><strong>Jak dzia\u0142a inteligentny wy\u015bwietlacz?<\/strong>\n<ul>\n<li>Wy\u015bwietlacz dostarcza informacji w czasie rzeczywistym o stanie baterii i poziomie e-liquidu, dzi\u0119ki czemu zawsze jeste\u015b poinformowany.<\/li>\n<\/ul>\n<\/li>\n<li><strong>Czy Bang King 35K ma regulowany przep\u0142yw powietrza?<\/strong>\n<ul>\n<li>Tak, funkcja regulacji przep\u0142ywu powietrza pozwala dostosowa\u0107 styl palenia dla bardziej ciasnego lub lu\u017aniejszego zaci\u0105gni\u0119cia.<\/li>\n<\/ul>\n<\/li>\n<\/ol>\n<\/div>\n<\/div>\n<\/div>\n<h2>Jak z\u0142o\u017cy\u0107 zam\u00f3wienie?<\/h2>\n<div class=\"flex-shrink-0 flex flex-col relative items-end\">\n<div class=\"pt-0\">\n<div class=\"gizmo-bot-avatar flex h-8 w-8 items-center justify-center overflow-hidden rounded-full\">\n<div>\n<p><strong>1. Jakie metody p\u0142atno\u015bci akceptujecie?<\/strong><br \/>\n<span class=\"selectable-text copyable-text false\">Do p\u0142atno\u015bci oferujemy przelew bankowy i Western Union. Wi\u0119kszo\u015b\u0107 naszych europejskich klient\u00f3w wybiera przelew bankowy, posiadamy lokalne konto bankowe, na kt\u00f3re mo\u017cna przela\u0107 \u015brodki na nasze konto IBAN bez op\u0142at manipulacyjnych. <\/span>.<\/p>\n<p><strong>2. Jak mog\u0119 \u015bledzi\u0107 moje zam\u00f3wienie?<\/strong><br \/>\nPo wys\u0142aniu paczki <span class=\"selectable-text copyable-text false\">udost\u0119pnimy numer \u015bledzenia do wgl\u0105du, b\u0119dziemy r\u00f3wnie\u017c aktualizowa\u0107 status, dop\u00f3ki nie otrzymasz towaru<\/span>.<\/p>\n<p><strong>3. Jak d\u0142ugo trwa dostawa?<\/strong><\/p>\n<ul>\n<li>Wysy\u0142ka z <strong>magazyn\u00f3w w Chinach<\/strong> potrzebuje oko\u0142o <strong>7-14 dni roboczych<\/strong>.<\/li>\n<li>Wysy\u0142ka z <strong>magazyn\u00f3w europejskich<\/strong> zazwyczaj trwa <strong>3-6 dni roboczych<\/strong>.<\/li>\n<\/ul>\n<p><strong>4. Jak mog\u0119 uzyska\u0107 szybsz\u0105 dostaw\u0119?<\/strong><br \/>\nDla szybszej dostawy zalecamy zamawianie z naszego <strong>europejskiego magazynu<\/strong>, kt\u00f3ry oferuje kr\u00f3tsze czasy dostawy.<\/p>\n<p><strong>5. Co je\u015bli otrzymam uszkodzony lub wadliwy produkt?<\/strong><br \/>\nJe\u015bli Tw\u00f3j produkt jest uszkodzony lub wadliwy, skontaktuj si\u0119 z obs\u0142ug\u0105 klienta w celu uzyskania <strong>wymiany lub zwrotu pieni\u0119dzy<\/strong>.<\/p>\n<p><strong>6. Jak mog\u0119 skontaktowa\u0107 si\u0119 z obs\u0142ug\u0105 klienta?<\/strong><br \/>\nMo\u017cesz si\u0119 z nami skontaktowa\u0107 przez<strong>\u00a0WhatsApp lub czat na \u017cywo<\/strong> na naszej stronie internetowej w celu uzyskania pomocy.<\/p>\n<\/div>\n<div class=\"relative p-1 rounded-sm flex items-center justify-center bg-token-main-surface-primary text-token-text-primary h-8 w-8\"><strong>7. Jakie metody wysy\u0142ki s\u0105 stosowane?<\/strong><\/div>\n<\/div>\n<\/div>\n<\/div>\n<div class=\"group\/conversation-turn relative flex w-full min-w-0 flex-col agent-turn\">\n<div class=\"flex-col gap-1 md:gap-3\">\n<div class=\"flex max-w-full flex-col flex-grow\">\n<div class=\"min-h-[20px] text-message flex w-full flex-col items-end gap-2 whitespace-normal break-words [.text-message+&amp;]:mt-5 overflow-x-auto\" dir=\"auto\" data-message-author-role=\"assistant\" data-message-id=\"22f8283b-3233-46ff-89a5-c7a41b33abda\">\n<div class=\"flex w-full flex-col gap-1 empty:hidden first:pt-[3px]\">\n<div class=\"markdown prose w-full break-words dark:prose-invert light\">\n<p>Wsp\u00f3\u0142pracujemy z UPS, DHL, FedEx, DPD i innymi wiod\u0105cymi przewo\u017anikami. Wybierzemy najlepsz\u0105 metod\u0119 wysy\u0142ki w oparciu o Twoj\u0105 lokalizacj\u0119, aby zapewni\u0107, \u017ce otrzymasz swoje produkty tak szybko, jak to mo\u017cliwe.<\/p>\n<\/div>\n<\/div>\n<\/div>\n<\/div>\n<\/div>\n<\/div>\n<p>Znajd\u017a wi\u0119cej produkt\u00f3w Vape, kt\u00f3re mog\u0105 Ci si\u0119 spodoba\u0107:<strong><em><a href=\"https:\/\/rmvapesale.com\/pl\/shop-2\/\">kup teraz &gt;&gt;&gt;<\/a><\/em><\/strong><\/p>","protected":false},"excerpt":{"rendered":"<p>Bang King 35000 Puff Bar Jednorazowy Vape z mo\u017cliwo\u015bci\u0105 \u0142adowania niska cena<br \/>\nBang King 35k Puff Popularny jednorazowy Vape Pen kup w hurcie<br \/>\nBangKing 35000 Puff Wy\u015bwietlacz LED Smart Screen Jednorazowy Vape Sprzeda\u017c hurtowa<\/p>\n<p><strong>Skontaktuj si\u0119 z Amy, aby uzyska\u0107 w\u0142a\u015bciw\u0105 odpowied\u017a i kupon na e-papierosa!<\/strong><\/p>\n<p><img loading=\"lazy\" decoding=\"async\" class=\"size-full wp-image-2375\" src=\"https:\/\/rmvapesale.com\/wp-content\/uploads\/2024\/10\/image.png\" alt=\"Najlepszy Jednorazowy E-papieros\" width=\"229\" height=\"300\" \/><\/p>\n<h3><a href=\"https:\/\/wa.me\/8617776015835\"><span style=\"color: #ff0000\"><strong>WhatsApp: +86 17776015835<\/strong><\/span><\/a><\/h3>\n<p>&nbsp;<\/p>","protected":false},"featured_media":2995,"comment_status":"open","ping_status":"closed","template":"","meta":{"_uag_custom_page_level_css":"","_lmt_disableupdate":"no","_lmt_disable":"","site-sidebar-layout":"default","site-content-layout":"content-boxed-container","ast-site-content-layout":"normal-width-container","site-content-style":"boxed","site-sidebar-style":"unboxed","ast-global-header-display":"","ast-banner-title-visibility":"","ast-main-header-display":"","ast-hfb-above-header-display":"","ast-hfb-below-header-display":"","ast-hfb-mobile-header-display":"","site-post-title":"","ast-breadcrumbs-content":"","ast-featured-img":"","footer-sml-layout":"","theme-transparent-header-meta":"default","adv-header-id-meta":"","stick-header-meta":"","header-above-stick-meta":"","header-main-stick-meta":"","header-below-stick-meta":"","astra-migrate-meta-layouts":"set","ast-page-background-enabled":"default","ast-page-background-meta":{"desktop":{"background-color":"var(--ast-global-color-4)","background-image":"","background-repeat":"repeat","background-position":"center center","background-size":"auto","background-attachment":"scroll","background-type":"","background-media":"","overlay-type":"","overlay-color":"","overlay-opacity":"","overlay-gradient":""},"tablet":{"background-color":"","background-image":"","background-repeat":"repeat","background-position":"center center","background-size":"auto","background-attachment":"scroll","background-type":"","background-media":"","overlay-type":"","overlay-color":"","overlay-opacity":"","overlay-gradient":""},"mobile":{"background-color":"","background-image":"","background-repeat":"repeat","background-position":"center center","background-size":"auto","background-attachment":"scroll","background-type":"","background-media":"","overlay-type":"","overlay-color":"","overlay-opacity":"","overlay-gradient":""}},"ast-content-background-meta":{"desktop":{"background-color":"var(--ast-global-color-5)","background-image":"","background-repeat":"repeat","background-position":"center center","background-size":"auto","background-attachment":"scroll","background-type":"","background-media":"","overlay-type":"","overlay-color":"","overlay-opacity":"","overlay-gradient":""},"tablet":{"background-color":"var(--ast-global-color-5)","background-image":"","background-repeat":"repeat","background-position":"center center","background-size":"auto","background-attachment":"scroll","background-type":"","background-media":"","overlay-type":"","overlay-color":"","overlay-opacity":"","overlay-gradient":""},"mobile":{"background-color":"var(--ast-global-color-5)","background-image":"","background-repeat":"repeat","background-position":"center center","background-size":"auto","background-attachment":"scroll","background-type":"","background-media":"","overlay-type":"","overlay-color":"","overlay-opacity":"","overlay-gradient":""}},"_joinchat":[]},"product_brand":[],"product_cat":[15,289,291,292,293,295,299,279,246,25,123,26,28,135,27,60,137,136,30],"product_tag":[308,76,199,146,64,40,111,306],"class_list":{"0":"post-3015","1":"product","2":"type-product","3":"status-publish","4":"has-post-thumbnail","6":"product_cat-new-vape-this-week","7":"product_cat-big-puffs-disposable-vapes","8":"product_cat-dual-mesh-disposable-vapes","9":"product_cat-digital-disposable-vapes","10":"product_cat-low-nicotine-disposable-vapes","11":"product_cat-rechargeable-disposable-vapes","12":"product_cat-smart-screen-disposable-vapes","13":"product_cat-bang-king-vape","14":"product_cat-35000-puffs-disposable-vape","15":"product_cat-germany-best-selling-vape","16":"product_cat-italy-wholesale-vape","17":"product_cat-netherlands-hot-sale-vape","18":"product_cat-poland-hot-sale-vape","19":"product_cat-spain-best-hot-sale-vape","20":"product_cat-fance-hot-sale-vape","21":"product_cat-bang-vapes","22":"product_cat-rechargeable-vapes","23":"product_cat-smart-screen-vapes","24":"product_cat-minimum-order-quantity-50pcs","25":"product_tag-bang-king-35000","26":"product_tag-bang-king-vape","27":"product_tag-bang-vape","28":"product_tag-best-hot-sale-vape","29":"product_tag-dual-flavour-vape","30":"product_tag-hot-sale-vape","31":"product_tag-low-nicotine-disposable-vape","32":"product_tag-puff-bar","33":"desktop-align-left","34":"tablet-align-left","35":"mobile-align-left","37":"first","38":"instock","39":"sale","40":"shipping-taxable","41":"purchasable","42":"product-type-simple"},"uagb_featured_image_src":{"full":["https:\/\/rmvapesale.com\/wp-content\/uploads\/2025\/01\/Bang-King-35k-Puffs-Disposable-Vapes-Wholesale.webp",800,800,false],"thumbnail":["https:\/\/rmvapesale.com\/wp-content\/uploads\/2025\/01\/Bang-King-35k-Puffs-Disposable-Vapes-Wholesale-150x150.webp",150,150,true],"medium":["https:\/\/rmvapesale.com\/wp-content\/uploads\/2025\/01\/Bang-King-35k-Puffs-Disposable-Vapes-Wholesale-300x300.webp",300,300,true],"medium_large":["https:\/\/rmvapesale.com\/wp-content\/uploads\/2025\/01\/Bang-King-35k-Puffs-Disposable-Vapes-Wholesale-768x768.webp",768,768,true],"large":["https:\/\/rmvapesale.com\/wp-content\/uploads\/2025\/01\/Bang-King-35k-Puffs-Disposable-Vapes-Wholesale.webp",800,800,false],"1536x1536":["https:\/\/rmvapesale.com\/wp-content\/uploads\/2025\/01\/Bang-King-35k-Puffs-Disposable-Vapes-Wholesale.webp",800,800,false],"2048x2048":["https:\/\/rmvapesale.com\/wp-content\/uploads\/2025\/01\/Bang-King-35k-Puffs-Disposable-Vapes-Wholesale.webp",800,800,false],"trp-custom-language-flag":["https:\/\/rmvapesale.com\/wp-content\/uploads\/2025\/01\/Bang-King-35k-Puffs-Disposable-Vapes-Wholesale.webp",12,12,false],"woocommerce_thumbnail":["https:\/\/rmvapesale.com\/wp-content\/uploads\/2025\/01\/Bang-King-35k-Puffs-Disposable-Vapes-Wholesale-300x300.webp",300,300,true],"woocommerce_single":["https:\/\/rmvapesale.com\/wp-content\/uploads\/2025\/01\/Bang-King-35k-Puffs-Disposable-Vapes-Wholesale-600x600.webp",600,600,true],"woocommerce_gallery_thumbnail":["https:\/\/rmvapesale.com\/wp-content\/uploads\/2025\/01\/Bang-King-35k-Puffs-Disposable-Vapes-Wholesale-100x100.webp",100,100,true],"wcpr-photo-reviews":["https:\/\/rmvapesale.com\/wp-content\/uploads\/2025\/01\/Bang-King-35k-Puffs-Disposable-Vapes-Wholesale.webp",500,500,false]},"uagb_author_info":{"display_name":"AMY","author_link":"https:\/\/rmvapesale.com\/pl\/author\/"},"uagb_comment_info":0,"uagb_excerpt":"Bang King 35000 Puff\u00a0 Bar Rechargeable Disposable Vape Cheap Price Bang King 35k Puff Popular Disposable Vape Pen Bulk Buy BangKing 35000 Puff LED Display Smart Screen Disposable Vape Wholesale Contact Amy to get right reply and vape coupon! WhatsApp: +86 17776015835 &nbsp;","_links":{"self":[{"href":"https:\/\/rmvapesale.com\/pl\/wp-json\/wp\/v2\/product\/3015","targetHints":{"allow":["GET"]}}],"collection":[{"href":"https:\/\/rmvapesale.com\/pl\/wp-json\/wp\/v2\/product"}],"about":[{"href":"https:\/\/rmvapesale.com\/pl\/wp-json\/wp\/v2\/types\/product"}],"replies":[{"embeddable":true,"href":"https:\/\/rmvapesale.com\/pl\/wp-json\/wp\/v2\/comments?post=3015"}],"wp:featuredmedia":[{"embeddable":true,"href":"https:\/\/rmvapesale.com\/pl\/wp-json\/wp\/v2\/media\/2995"}],"wp:attachment":[{"href":"https:\/\/rmvapesale.com\/pl\/wp-json\/wp\/v2\/media?parent=3015"}],"wp:term":[{"taxonomy":"product_brand","embeddable":true,"href":"https:\/\/rmvapesale.com\/pl\/wp-json\/wp\/v2\/product_brand?post=3015"},{"taxonomy":"product_cat","embeddable":true,"href":"https:\/\/rmvapesale.com\/pl\/wp-json\/wp\/v2\/product_cat?post=3015"},{"taxonomy":"product_tag","embeddable":true,"href":"https:\/\/rmvapesale.com\/pl\/wp-json\/wp\/v2\/product_tag?post=3015"}],"curies":[{"name":"wp","href":"https:\/\/api.w.org\/{rel}","templated":true}]}}