{"id":3017,"date":"2025-02-04T08:19:58","date_gmt":"2025-02-04T08:19:58","guid":{"rendered":"https:\/\/rmvapesale.com\/?post_type=product&#038;p=3017"},"modified":"2025-08-21T11:39:48","modified_gmt":"2025-08-21T11:39:48","slug":"uwin-crystal-35000-smart-screen-disposable-vape-puff-35k-rechargeable-disposable-vape-pen-bulk-buy","status":"publish","type":"product","link":"https:\/\/rmvapesale.com\/pl\/product\/uwin-crystal-35000-smart-screen-disposable-vape-puff-35k-rechargeable-disposable-vape-pen-bulk-buy\/","title":{"rendered":"Uwin 35000 Smart Screen Jednorazowy E-papieros Zaci\u0105gni\u0119\u0107 35k Akumulator Jednorazowy E-papieros Pi\u00f3ro Hurtowy Zakup"},"content":{"rendered":"<div class=\"B2VR9 CJHX3e\">\n<div class=\"wyccme\">\n<div class=\"flex-shrink-0 flex flex-col relative items-end\">\n<div class=\"pt-0\">\n<div class=\"gizmo-bot-avatar flex h-8 w-8 items-center justify-center overflow-hidden rounded-full\">\n<div class=\"relative p-1 rounded-sm flex items-center justify-center bg-token-main-surface-primary text-token-text-primary h-8 w-8\">\n<div class=\"flex-shrink-0 flex flex-col relative items-end\">\n<div class=\"pt-0\">\n<div class=\"gizmo-bot-avatar flex h-8 w-8 items-center justify-center overflow-hidden rounded-full\">\n<div class=\"flex-shrink-0 flex flex-col relative items-end\">\n<div class=\"pt-0\">\n<div class=\"gizmo-bot-avatar flex h-8 w-8 items-center justify-center overflow-hidden rounded-full\">\n<h1 class=\"relative p-1 rounded-sm flex items-center justify-center bg-token-main-surface-primary text-token-text-primary h-8 w-8\">Uwin 35000 Smart Screen Jednorazowy E-papieros Zaci\u0105gni\u0119\u0107 35k Akumulator Jednorazowy E-papieros Pi\u00f3ro Hurtowy Zakup<\/h1>\n<\/div>\n<\/div>\n<\/div>\n<\/div>\n<\/div>\n<\/div>\n<\/div>\n<\/div>\n<\/div>\n<\/div>\n<div class=\"group\/conversation-turn relative flex w-full min-w-0 flex-col agent-turn\">\n<div class=\"flex-col gap-1 md:gap-3\">\n<div class=\"flex max-w-full flex-col flex-grow\">\n<div class=\"min-h-8 text-message flex w-full flex-col items-end gap-2 whitespace-normal break-words text-start [.text-message+&amp;]:mt-5\" dir=\"auto\" data-message-author-role=\"assistant\" data-message-id=\"80ece0c4-ead1-4ed9-a9f0-ddc22582b4f4\" data-message-model-slug=\"gpt-4o\">\n<p>Ten <strong>Uwin Crystal 35000 z inteligentnym ekranem jednorazowy Vape<\/strong>, prze\u0142om w \u015bwiecie <strong>jednorazowych vape'\u00f3w z mo\u017cliwo\u015bci\u0105 \u0142adowania<\/strong>. Dzi\u0119ki niesamowitej liczbie <strong>35 000 zaci\u0105gni\u0119\u0107<\/strong>, to urz\u0105dzenie zosta\u0142o zaprojektowane z my\u015bl\u0105 o vaperach, kt\u00f3rzy pragn\u0105 <strong>d\u0142ugotrwa\u0142ej wydajno\u015bci, regulowanego przep\u0142ywu powietrza i \u017cywego o\u015bwietlenia RGB, kt\u00f3re bije w rytm muzyki<\/strong>, dodaj\u0105c odrobin\u0119 ekscytacji do ka\u017cdej sesji waporyzacji.<\/p>\n<p>Wst\u0119pnie nape\u0142niony Twoim ulubionym e-liquidem, Uwin Crystal oferuje <strong>16 unikalnych smak\u00f3w<\/strong>, zapewniaj\u0105c, \u017ce ka\u017cdy znajdzie co\u015b dla siebie. Niezale\u017cnie od tego, czy wolisz <strong>vape o niskiej zawarto\u015bci nikotyny<\/strong> czy bardziej intensywne wra\u017cenia, ten vape pen jest dost\u0119pny w <strong>0%, 2%, 3% i 5%<\/strong>, co czyni go idealnym dla wszystkich preferencji.<\/p>\n<p>Ten <strong>inteligentny wy\u015bwietlacz<\/strong> pozwala \u0142atwo monitorowa\u0107 \u017cywotno\u015b\u0107 baterii i liczb\u0119 zaci\u0105gni\u0119\u0107, zapewniaj\u0105c sta\u0142\u0105 kontrol\u0119. Zasilany <strong>\u0142adowaln\u0105 bateri\u0105 kobaltow\u0105 o pojemno\u015bci 650mAh<\/strong>, urz\u0105dzenie obs\u0142uguje <strong>szybkiego \u0142adowania typu C<\/strong>, dzi\u0119ki czemu mo\u017cesz szybko na\u0142adowa\u0107 i kontynuowa\u0107 wapowanie.<\/p>\n<p>Zaprojektowany z <strong>grza\u0142k\u0105 siatkow\u0105 1,0\u03a9<\/strong>, Uwin Crystal zapewnia g\u0142adk\u0105, sp\u00f3jn\u0105 par\u0119 o bogatym smaku w ka\u017cdym zaci\u0105gni\u0119ciu. Funkcja <strong>regulowany przep\u0142yw powietrza<\/strong> pozwala dostosowa\u0107 zaci\u0105gni\u0119cie, co zapewnia elastyczno\u015b\u0107 zar\u00f3wno dla waper\u00f3w MTL, jak i DTL.<\/p>\n<p>Idealny dla <strong>hurtowych nabywc\u00f3w jednorazowych e-papieros\u00f3w<\/strong>, ka\u017cdy karton zawiera <strong>160 sztuk<\/strong>, o \u0142\u0105cznej wadze <strong>21kg<\/strong>, co czyni go op\u0142acalnym rozwi\u0105zaniem dla sprzedawc\u00f3w detalicznych, kt\u00f3rzy chc\u0105 <strong>kupowa\u0107 jednorazowe e-papierosy hurtowo po cenach hurtowych<\/strong>.<\/p>\n<\/div>\n<\/div>\n<\/div>\n<\/div>\n<div class=\"flex-shrink-0 flex flex-col relative items-end\">\n<div class=\"pt-0\">\n<div class=\"gizmo-bot-avatar flex h-8 w-8 items-center justify-center overflow-hidden rounded-full\">\n<p>&nbsp;<\/p>\n<\/div>\n<\/div>\n<\/div>\n<\/div>\n<\/div>\n<p><strong>Skontaktuj si\u0119 z Amy, aby uzyska\u0107 w\u0142a\u015bciw\u0105 odpowied\u017a i kupon na e-papierosa!<\/strong><\/p>\n<p><img loading=\"lazy\" decoding=\"async\" class=\"size-full wp-image-1978\" src=\"https:\/\/rmvapesale.com\/wp-content\/uploads\/2024\/09\/Disposable-Vape-Wholesale.jpg\" alt=\"Hurtownia Jednorazowych E-papieros\u00f3w\" width=\"229\" height=\"300\" \/><\/p>\n<h3><a href=\"https:\/\/wa.me\/8617776015835\" target=\"_blank\" rel=\"noopener\"><span style=\"color: #ff0000\"><strong>WhatsApp: +86 17776015835<\/strong><\/span><\/a><\/h3>\n<h3><\/h3>\n<h3><strong style=\"font-size: 1.7em\">Uwin 35000 Puff Kluczowe cechy produktu<\/strong><\/h3>\n<ul>\n<li><strong>Pojemno\u015b\u0107 35 000 zaci\u0105gni\u0119\u0107:<\/strong> Ciesz si\u0119 d\u0142u\u017cszymi sesjami wapowania bez przerw.<\/li>\n<li><strong>Moc nikotyny:<\/strong> Dost\u0119pne w 0%, 2%, 3% i 5%, aby dopasowa\u0107 si\u0119 do Twoich preferencji wapowania.<\/li>\n<li><strong>Akumulator 650mAh:<\/strong> Bateria kobaltowa z szybkim \u0142adowaniem typu C zapewnia d\u0142ugotrwa\u0142\u0105 moc.<\/li>\n<li><strong>Inteligentny ekran:<\/strong> \u0141atwe \u015bledzenie poziomu baterii i liczby zaci\u0105gni\u0119\u0107.<\/li>\n<li><strong>16 opcji smakowych:<\/strong> Szeroki wyb\u00f3r smak\u00f3w, aby zaspokoi\u0107 ka\u017cdy gust.<\/li>\n<li><strong>Grza\u0142ka siatkowa 1,0\u03a9:<\/strong> Zapewnia p\u0142ynn\u0105 produkcj\u0119 pary i sta\u0142e oddawanie smaku.<\/li>\n<li><strong>Regulacja przep\u0142ywu powietrza:<\/strong> \u0141atwo dostosuj swoje wra\u017cenia z wapowania.<\/li>\n<li><strong>\u015awiat\u0142a RGB zsynchronizowane z muzyk\u0105:<\/strong> Dynamiczne o\u015bwietlenie podkre\u015bla Tw\u00f3j styl vapowania.<\/li>\n<li><strong>Opcja zakupu hurtowego:<\/strong> 160 sztuk w kartonie, idealne dla odbiorc\u00f3w hurtowych.<\/li>\n<\/ul>\n<figure id=\"attachment_3002\" aria-describedby=\"caption-attachment-3002\" style=\"width: 1024px\" class=\"wp-caption alignnone\"><img loading=\"lazy\" decoding=\"async\" class=\"wp-image-3002 size-large\" src=\"https:\/\/rmvapesale.com\/wp-content\/uploads\/2025\/01\/Tornado-Vape-35000-Puffs-Disposable-Vape-1024x1024.jpg\" alt=\"Tornado Vape 35000 Puffs Jednorazowy E-papieros\" width=\"1024\" height=\"1024\" srcset=\"https:\/\/rmvapesale.com\/wp-content\/uploads\/2025\/01\/Tornado-Vape-35000-Puffs-Disposable-Vape-1024x1024.jpg 1024w, https:\/\/rmvapesale.com\/wp-content\/uploads\/2025\/01\/Tornado-Vape-35000-Puffs-Disposable-Vape-300x300.jpg 300w, https:\/\/rmvapesale.com\/wp-content\/uploads\/2025\/01\/Tornado-Vape-35000-Puffs-Disposable-Vape-150x150.jpg 150w, https:\/\/rmvapesale.com\/wp-content\/uploads\/2025\/01\/Tornado-Vape-35000-Puffs-Disposable-Vape-768x768.jpg 768w, https:\/\/rmvapesale.com\/wp-content\/uploads\/2025\/01\/Tornado-Vape-35000-Puffs-Disposable-Vape-600x600.jpg 600w, https:\/\/rmvapesale.com\/wp-content\/uploads\/2025\/01\/Tornado-Vape-35000-Puffs-Disposable-Vape-100x100.jpg 100w, https:\/\/rmvapesale.com\/wp-content\/uploads\/2025\/01\/Tornado-Vape-35000-Puffs-Disposable-Vape.jpg 1126w\" sizes=\"auto, (max-width: 1024px) 100vw, 1024px\" \/><figcaption id=\"caption-attachment-3002\" class=\"wp-caption-text\">Tornado Vape 35000 Puffs Jednorazowy E-papieros<\/figcaption><\/figure>\n<h3><strong style=\"font-size: 1.7em\">Najlepiej sprzedaj\u0105ce si\u0119 smaki Uwin 35000 Puffs<\/strong><strong style=\"font-size: 1.7em\">\u00a0E-papieros<\/strong><\/h3>\n<p>1. Jagoda Malina <span style=\"color: #ff0000\"><strong>&gt;&gt;&gt; Gor\u0105ce!<\/strong><\/span><br \/>\n2. Winogronowy L\u00f3d<br \/>\n3. Arbuz truskawkowy <span style=\"color: #ff0000\"><strong>&gt;&gt;&gt; Gor\u0105ce!<\/strong><\/span><br \/>\n4. Bor\u00f3wka Na Lodzie<br \/>\n5.Arbuzowy L\u00f3d<br \/>\n6. Wi\u015bniowy L\u00f3d<br \/>\n7. Truskawka Malina Wi\u015bnia L\u00f3d <span style=\"color: #ff0000\"><strong>&gt;&gt;&gt; Gor\u0105ce!<\/strong><\/span><br \/>\n8. Kiwi Marakuja Guawa<br \/>\n9. Truskawkowy L\u00f3d<br \/>\n10. Brzoskwinia Mango Ananas<br \/>\n11. Bor\u00f3wka Wi\u015bnia \u017burawina <span style=\"color: #ff0000\"><strong>&gt;&gt;&gt; Gor\u0105ce!<\/strong><\/span><br \/>\n12. Brzoskwinia Jagoda<br \/>\n13. Cola Wi\u015bniowa<br \/>\n14.Mieszane Jagody <span style=\"color: #ff0000\"><strong>&gt;&gt;&gt; Najlepsze!<\/strong><\/span><br \/>\n15. Mr Blue <span style=\"color: #ff0000\"><strong>&gt;&gt;&gt; Gor\u0105ce!<\/strong><\/span><br \/>\n16. Letnia Brzoskwinia L\u00f3d<\/p>\n<p>Ten <strong>Uwin Crystal 35000 z inteligentnym ekranem jednorazowy Vape<\/strong> to doskona\u0142y wyb\u00f3r dla vaper\u00f3w, kt\u00f3rzy oczekuj\u0105 <strong>wysokiej wydajno\u015bci, bogatych smak\u00f3w i zaawansowanych funkcji<\/strong>. Niezale\u017cnie od tego, czy kupujesz dla siebie, czy szukasz <strong>zakupu hurtowego<\/strong>, ten vape zapewnia wyj\u0105tkow\u0105 warto\u015b\u0107 w bezkonkurencyjnej cenie. Zam\u00f3w sw\u00f3j ju\u017c dzi\u015b i ciesz si\u0119 najwy\u017cszym do\u015bwiadczeniem waporyzacjiUwin 35000 Smart Screen Jednorazowy Vape Puff 35k Akumulator Jednorazowy D\u0142ugopis Vape Zakup hurtowy<\/p>\n<h3><strong>Dlaczego warto wybra\u0107 Rmvapesale dla Uwin 35000 Puffs\u00a0 <\/strong><strong>V<\/strong><strong>Sprzeda\u017c hurtowa e-papieros\u00f3w<\/strong><strong>?<\/strong><\/h3>\n<div class=\"flex-shrink-0 flex flex-col relative items-end\">\n<div class=\"pt-0\">\n<div class=\"gizmo-bot-avatar flex h-8 w-8 items-center justify-center overflow-hidden rounded-full\">\n<p>W miar\u0119 jak konkurencja na rynku jednorazowych e-papieros\u00f3w nasila si\u0119, Rmvapesale, globalny lider w hurtowych rozwi\u0105zaniach do jednorazowych vape'\u00f3w, wprowadzi\u0142 na rynek jednorazowy vape Bangking 35000 Puffs Double Flavour. Ten prze\u0142omowy produkt przyci\u0105ga uwag\u0119 swoim unikalnym, estetycznym i modnym designem. Oferuje szeroki wyb\u00f3r owocowych smak\u00f3w, zaspokajaj\u0105c r\u00f3\u017cnorodne gusta konsument\u00f3w, jednocze\u015bnie k\u0142ad\u0105c nacisk na innowacyjno\u015b\u0107 i wszechstronno\u015b\u0107.<\/p>\n<p class=\"relative p-1 rounded-sm flex items-center justify-center bg-token-main-surface-primary text-token-text-primary h-8 w-8\">Rmvapesale to Tw\u00f3j zaufany sklep z vape'ami, oferuj\u0105cy jednorazowe vape'y premium. Z ponad 5-letnim do\u015bwiadczeniem, dostarczamy popularne marki jednorazowych vape'\u00f3w, takie jak Al Fakher, JNR Vape, Vapsolo Vape, Vapme Vape, <a href=\"https:\/\/rmvapesale.com\/pl\/product-category\/bang-vapes\/\">Bang Vape<\/a>, Waspe Vape, WGA Vape i<a href=\"https:\/\/rmvapesale.com\/pl\/product-category\/randm-fumot-vape\/\"> RandM Vape<\/a>. Nasza oferta obejmuje popularne jednorazowe e-papierosy, takie jak <a href=\"https:\/\/rmvapesale.com\/pl\/product\/vozol-gear-power-20000-puff-disposable-vape\/\">Vozol Gear 20000 Zaci\u0105gni\u0119\u0107<\/a> oraz bogate w smaki opcje, jak<a href=\"https:\/\/rmvapesale.com\/pl\/product\/elf-box-shisha-16000-puffs-led-display-disposable-vape\/\"> ELF BOX shisha Hooka 16000 ZACI\u0104GNI\u0118\u0106<\/a>. Ka\u017cdy produkt jest wybierany z my\u015bl\u0105 o jako\u015bci, warto\u015bci i r\u00f3\u017cnorodno\u015bci, dzi\u0119ki czemu na pewno znajdziesz idealny dla siebie. Odkryj wyj\u0105tkow\u0105 obs\u0142ug\u0119 i szerok\u0105 gam\u0119 najlepszych produkt\u00f3w na Rmvapesale.<\/p>\n<p class=\"relative p-1 rounded-sm flex items-center justify-center bg-token-main-surface-primary text-token-text-primary h-8 w-8\"><b style=\"font-size: 1.5em;font-style: inherit\">CZ\u0118STO ZADAWANE PYTANIA DOTYCZ\u0104CE Uwin 35000 <\/b><b style=\"font-size: 1.5em;font-style: inherit\">Jednorazowy e-papieros z mo\u017cliwo\u015bci\u0105 \u0142adowania<\/b><\/p>\n<ol>\n<li><strong>Gdzie mog\u0119 kupi\u0107 jednorazowy waporyzator Uwin Crystal 35000 w cenach hurtowych?<\/strong>\n<ul>\n<li>Mo\u017cesz go kupi\u0107 po cenach fabrycznych od <a href=\"https:\/\/rmvapesale.com\/pl\/\" target=\"_new\" rel=\"noopener\">Rmvapesale<\/a>, zaufanego \u017ar\u00f3d\u0142a hurtowych jednorazowych waporyzator\u00f3w.<\/li>\n<\/ul>\n<\/li>\n<li><strong>Czy waporyzator Uwin Crystal 35000 jest \u0142adowalny?<\/strong>\n<ul>\n<li>Tak, ma akumulator kobaltowy o pojemno\u015bci 650 mAh z portem \u0142adowania typu C do szybkiego \u0142adowania.<\/li>\n<\/ul>\n<\/li>\n<li><strong>Jakie st\u0119\u017cenia nikotyny s\u0105 dost\u0119pne dla tego waporyzatora?<\/strong>\n<ul>\n<li>Uwin Crystal jest dost\u0119pny w czterech st\u0119\u017ceniach nikotyny: 0%, 2%, 3% i 5%, zaspokajaj\u0105c r\u00f3\u017cne preferencje waporyzacji.<\/li>\n<\/ul>\n<\/li>\n<li><strong>Jak dzia\u0142a inteligentny wy\u015bwietlacz?<\/strong>\n<ul>\n<li>Ekran zapewnia aktualizacje w czasie rzeczywistym na temat liczby zaci\u0105gni\u0119\u0107 i stanu baterii, dzi\u0119ki czemu zawsze jeste\u015b poinformowany.<\/li>\n<\/ul>\n<\/li>\n<li><strong>Czy Uwin Crystal ma regulowany przep\u0142yw powietrza?<\/strong>\n<ul>\n<li>Tak, zawiera regulowany system przep\u0142ywu powietrza, aby dostosowa\u0107 styl waporyzacji do idealnego zaci\u0105gni\u0119cia.<\/li>\n<\/ul>\n<\/li>\n<\/ol>\n<\/div>\n<\/div>\n<\/div>\n<h2>Jak z\u0142o\u017cy\u0107 zam\u00f3wienie?<\/h2>\n<div class=\"flex-shrink-0 flex flex-col relative items-end\">\n<div class=\"pt-0\">\n<div class=\"gizmo-bot-avatar flex h-8 w-8 items-center justify-center overflow-hidden rounded-full\">\n<div>\n<p><strong>1. Jakie metody p\u0142atno\u015bci akceptujecie?<\/strong><br \/>\n<span class=\"selectable-text copyable-text false\">Do p\u0142atno\u015bci oferujemy przelew bankowy i Western Union. Wi\u0119kszo\u015b\u0107 naszych europejskich klient\u00f3w wybiera przelew bankowy, posiadamy lokalne konto bankowe, na kt\u00f3re mo\u017cna przela\u0107 \u015brodki na nasze konto IBAN bez op\u0142at manipulacyjnych. <\/span>.<\/p>\n<p><strong>2. Jak mog\u0119 \u015bledzi\u0107 moje zam\u00f3wienie?<\/strong><br \/>\nPo wys\u0142aniu paczki <span class=\"selectable-text copyable-text false\">udost\u0119pnimy numer \u015bledzenia do wgl\u0105du, b\u0119dziemy r\u00f3wnie\u017c aktualizowa\u0107 status, dop\u00f3ki nie otrzymasz towaru<\/span>.<\/p>\n<p><strong>3. Jak d\u0142ugo trwa dostawa?<\/strong><\/p>\n<ul>\n<li>Wysy\u0142ka z <strong>magazyn\u00f3w w Chinach<\/strong> potrzebuje oko\u0142o <strong>7-14 dni roboczych<\/strong>.<\/li>\n<li>Wysy\u0142ka z <strong>magazyn\u00f3w europejskich<\/strong> zazwyczaj trwa <strong>3-6 dni roboczych<\/strong>.<\/li>\n<\/ul>\n<p><strong>4. Jak mog\u0119 uzyska\u0107 szybsz\u0105 dostaw\u0119?<\/strong><br \/>\nDla szybszej dostawy zalecamy zamawianie z naszego <strong>europejskiego magazynu<\/strong>, kt\u00f3ry oferuje kr\u00f3tsze czasy dostawy.<\/p>\n<p><strong>5. Co je\u015bli otrzymam uszkodzony lub wadliwy produkt?<\/strong><br \/>\nJe\u015bli Tw\u00f3j produkt jest uszkodzony lub wadliwy, skontaktuj si\u0119 z obs\u0142ug\u0105 klienta w celu uzyskania <strong>wymiany lub zwrotu pieni\u0119dzy<\/strong>.<\/p>\n<p><strong>6. Jak mog\u0119 skontaktowa\u0107 si\u0119 z obs\u0142ug\u0105 klienta?<\/strong><br \/>\nMo\u017cesz si\u0119 z nami skontaktowa\u0107 przez<strong>\u00a0WhatsApp lub czat na \u017cywo<\/strong> na naszej stronie internetowej w celu uzyskania pomocy.<\/p>\n<\/div>\n<div class=\"relative p-1 rounded-sm flex items-center justify-center bg-token-main-surface-primary text-token-text-primary h-8 w-8\"><strong>7. Jakie metody wysy\u0142ki s\u0105 stosowane?<\/strong><\/div>\n<\/div>\n<\/div>\n<\/div>\n<div class=\"group\/conversation-turn relative flex w-full min-w-0 flex-col agent-turn\">\n<div class=\"flex-col gap-1 md:gap-3\">\n<div class=\"flex max-w-full flex-col flex-grow\">\n<div class=\"min-h-[20px] text-message flex w-full flex-col items-end gap-2 whitespace-normal break-words [.text-message+&amp;]:mt-5 overflow-x-auto\" dir=\"auto\" data-message-author-role=\"assistant\" data-message-id=\"22f8283b-3233-46ff-89a5-c7a41b33abda\">\n<div class=\"flex w-full flex-col gap-1 empty:hidden first:pt-[3px]\">\n<div class=\"markdown prose w-full break-words dark:prose-invert light\">\n<p>Wsp\u00f3\u0142pracujemy z UPS, DHL, FedEx, DPD i innymi wiod\u0105cymi przewo\u017anikami. Wybierzemy najlepsz\u0105 metod\u0119 wysy\u0142ki w oparciu o Twoj\u0105 lokalizacj\u0119, aby zapewni\u0107, \u017ce otrzymasz swoje produkty tak szybko, jak to mo\u017cliwe.<\/p>\n<\/div>\n<\/div>\n<\/div>\n<\/div>\n<\/div>\n<\/div>\n<p>Znajd\u017a wi\u0119cej produkt\u00f3w Vape, kt\u00f3re mog\u0105 Ci si\u0119 spodoba\u0107:<strong><em><a href=\"https:\/\/rmvapesale.com\/pl\/shop-2\/\">kup teraz &gt;&gt;&gt;<\/a><\/em><\/strong><\/p>","protected":false},"excerpt":{"rendered":"<p>Inteligentny ekran Vape Uwin 35000 zaci\u0105gni\u0119\u0107 Jednorazowy Vape z mo\u017cliwo\u015bci\u0105 \u0142adowania niska cena<br \/>\nUwin 35000 zaci\u0105gni\u0119\u0107 Popularny jednorazowy Vape Pen kup w du\u017cych ilo\u015bciach<br \/>\nNajlepszy Uwin 35000 35k zaci\u0105gni\u0119\u0107 z wy\u015bwietlaczem LED Inteligentny ekran Jednorazowy Vape Hurt<\/p>\n<p><strong>Skontaktuj si\u0119 z Amy, aby uzyska\u0107 w\u0142a\u015bciw\u0105 odpowied\u017a i kupon na e-papierosa!<\/strong><\/p>\n<p><img loading=\"lazy\" decoding=\"async\" class=\"size-full wp-image-2375\" src=\"https:\/\/rmvapesale.com\/wp-content\/uploads\/2024\/10\/image.png\" alt=\"Najlepszy Jednorazowy E-papieros\" width=\"229\" height=\"300\" \/><\/p>\n<h3><a href=\"https:\/\/wa.me\/8617776015835\"><span style=\"color: #ff0000\"><strong>WhatsApp: +86 17776015835<\/strong><\/span><\/a><\/h3>\n<p>&nbsp;<\/p>","protected":false},"featured_media":3001,"comment_status":"open","ping_status":"closed","template":"","meta":{"_uag_custom_page_level_css":"","_lmt_disableupdate":"no","_lmt_disable":"","site-sidebar-layout":"default","site-content-layout":"content-boxed-container","ast-site-content-layout":"normal-width-container","site-content-style":"boxed","site-sidebar-style":"unboxed","ast-global-header-display":"","ast-banner-title-visibility":"","ast-main-header-display":"","ast-hfb-above-header-display":"","ast-hfb-below-header-display":"","ast-hfb-mobile-header-display":"","site-post-title":"","ast-breadcrumbs-content":"","ast-featured-img":"","footer-sml-layout":"","ast-disable-related-posts":"","theme-transparent-header-meta":"default","adv-header-id-meta":"","stick-header-meta":"","header-above-stick-meta":"","header-main-stick-meta":"","header-below-stick-meta":"","astra-migrate-meta-layouts":"set","ast-page-background-enabled":"default","ast-page-background-meta":{"desktop":{"background-color":"var(--ast-global-color-4)","background-image":"","background-repeat":"repeat","background-position":"center center","background-size":"auto","background-attachment":"scroll","background-type":"","background-media":"","overlay-type":"","overlay-color":"","overlay-opacity":"","overlay-gradient":""},"tablet":{"background-color":"","background-image":"","background-repeat":"repeat","background-position":"center center","background-size":"auto","background-attachment":"scroll","background-type":"","background-media":"","overlay-type":"","overlay-color":"","overlay-opacity":"","overlay-gradient":""},"mobile":{"background-color":"","background-image":"","background-repeat":"repeat","background-position":"center center","background-size":"auto","background-attachment":"scroll","background-type":"","background-media":"","overlay-type":"","overlay-color":"","overlay-opacity":"","overlay-gradient":""}},"ast-content-background-meta":{"desktop":{"background-color":"var(--ast-global-color-5)","background-image":"","background-repeat":"repeat","background-position":"center center","background-size":"auto","background-attachment":"scroll","background-type":"","background-media":"","overlay-type":"","overlay-color":"","overlay-opacity":"","overlay-gradient":""},"tablet":{"background-color":"var(--ast-global-color-5)","background-image":"","background-repeat":"repeat","background-position":"center center","background-size":"auto","background-attachment":"scroll","background-type":"","background-media":"","overlay-type":"","overlay-color":"","overlay-opacity":"","overlay-gradient":""},"mobile":{"background-color":"var(--ast-global-color-5)","background-image":"","background-repeat":"repeat","background-position":"center center","background-size":"auto","background-attachment":"scroll","background-type":"","background-media":"","overlay-type":"","overlay-color":"","overlay-opacity":"","overlay-gradient":""}},"_joinchat":[]},"product_brand":[],"product_cat":[15,246,289,292,291,27,25,123,293,30,26,28,295,137,299,136,135,282],"product_tag":[146,64,40,111,310,306,309],"class_list":{"0":"post-3017","1":"product","2":"type-product","3":"status-publish","4":"has-post-thumbnail","6":"product_cat-new-vape-this-week","7":"product_cat-35000-puffs-disposable-vape","8":"product_cat-big-puffs-disposable-vapes","9":"product_cat-digital-disposable-vapes","10":"product_cat-dual-mesh-disposable-vapes","11":"product_cat-fance-hot-sale-vape","12":"product_cat-germany-best-selling-vape","13":"product_cat-italy-wholesale-vape","14":"product_cat-low-nicotine-disposable-vapes","15":"product_cat-minimum-order-quantity-50pcs","16":"product_cat-netherlands-hot-sale-vape","17":"product_cat-poland-hot-sale-vape","18":"product_cat-rechargeable-disposable-vapes","19":"product_cat-rechargeable-vapes","20":"product_cat-smart-screen-disposable-vapes","21":"product_cat-smart-screen-vapes","22":"product_cat-spain-best-hot-sale-vape","23":"product_cat-uwin-vape","24":"product_tag-best-hot-sale-vape","25":"product_tag-dual-flavour-vape","26":"product_tag-hot-sale-vape","27":"product_tag-low-nicotine-disposable-vape","28":"product_tag-puff-35k","29":"product_tag-puff-bar","30":"product_tag-uwin-35000","31":"desktop-align-left","32":"tablet-align-left","33":"mobile-align-left","35":"first","36":"instock","37":"sale","38":"shipping-taxable","39":"purchasable","40":"product-type-simple"},"uagb_featured_image_src":{"full":["https:\/\/rmvapesale.com\/wp-content\/uploads\/2025\/01\/Tornado-Vape-35000-UWIN-Disposable-Vape.jpg",1126,1126,false],"thumbnail":["https:\/\/rmvapesale.com\/wp-content\/uploads\/2025\/01\/Tornado-Vape-35000-UWIN-Disposable-Vape-150x150.jpg",150,150,true],"medium":["https:\/\/rmvapesale.com\/wp-content\/uploads\/2025\/01\/Tornado-Vape-35000-UWIN-Disposable-Vape-300x300.jpg",300,300,true],"medium_large":["https:\/\/rmvapesale.com\/wp-content\/uploads\/2025\/01\/Tornado-Vape-35000-UWIN-Disposable-Vape-768x768.jpg",768,768,true],"large":["https:\/\/rmvapesale.com\/wp-content\/uploads\/2025\/01\/Tornado-Vape-35000-UWIN-Disposable-Vape-1024x1024.jpg",1024,1024,true],"1536x1536":["https:\/\/rmvapesale.com\/wp-content\/uploads\/2025\/01\/Tornado-Vape-35000-UWIN-Disposable-Vape.jpg",1126,1126,false],"2048x2048":["https:\/\/rmvapesale.com\/wp-content\/uploads\/2025\/01\/Tornado-Vape-35000-UWIN-Disposable-Vape.jpg",1126,1126,false],"trp-custom-language-flag":["https:\/\/rmvapesale.com\/wp-content\/uploads\/2025\/01\/Tornado-Vape-35000-UWIN-Disposable-Vape.jpg",12,12,false],"woocommerce_thumbnail":["https:\/\/rmvapesale.com\/wp-content\/uploads\/2025\/01\/Tornado-Vape-35000-UWIN-Disposable-Vape-300x300.jpg",300,300,true],"woocommerce_single":["https:\/\/rmvapesale.com\/wp-content\/uploads\/2025\/01\/Tornado-Vape-35000-UWIN-Disposable-Vape-600x600.jpg",600,600,true],"woocommerce_gallery_thumbnail":["https:\/\/rmvapesale.com\/wp-content\/uploads\/2025\/01\/Tornado-Vape-35000-UWIN-Disposable-Vape-100x100.jpg",100,100,true],"wcpr-photo-reviews":["https:\/\/rmvapesale.com\/wp-content\/uploads\/2025\/01\/Tornado-Vape-35000-UWIN-Disposable-Vape.jpg",500,500,false]},"uagb_author_info":{"display_name":"AMY","author_link":"https:\/\/rmvapesale.com\/pl\/author\/"},"uagb_comment_info":0,"uagb_excerpt":"Smart Screen Vape Uwin 35000 Puff\u00a0 Bar Rechargeable Disposable Vape Cheap Price Uwin 35000 Puff Popular Disposable Vape Pen Bulk Buy Best Uwin 35000 35k Puff LED Display Smart Screen Disposable Vape Wholesale Contact Amy to get right reply and vape coupon! WhatsApp: +86 17776015835 &nbsp;","_links":{"self":[{"href":"https:\/\/rmvapesale.com\/pl\/wp-json\/wp\/v2\/product\/3017","targetHints":{"allow":["GET"]}}],"collection":[{"href":"https:\/\/rmvapesale.com\/pl\/wp-json\/wp\/v2\/product"}],"about":[{"href":"https:\/\/rmvapesale.com\/pl\/wp-json\/wp\/v2\/types\/product"}],"replies":[{"embeddable":true,"href":"https:\/\/rmvapesale.com\/pl\/wp-json\/wp\/v2\/comments?post=3017"}],"wp:featuredmedia":[{"embeddable":true,"href":"https:\/\/rmvapesale.com\/pl\/wp-json\/wp\/v2\/media\/3001"}],"wp:attachment":[{"href":"https:\/\/rmvapesale.com\/pl\/wp-json\/wp\/v2\/media?parent=3017"}],"wp:term":[{"taxonomy":"product_brand","embeddable":true,"href":"https:\/\/rmvapesale.com\/pl\/wp-json\/wp\/v2\/product_brand?post=3017"},{"taxonomy":"product_cat","embeddable":true,"href":"https:\/\/rmvapesale.com\/pl\/wp-json\/wp\/v2\/product_cat?post=3017"},{"taxonomy":"product_tag","embeddable":true,"href":"https:\/\/rmvapesale.com\/pl\/wp-json\/wp\/v2\/product_tag?post=3017"}],"curies":[{"name":"wp","href":"https:\/\/api.w.org\/{rel}","templated":true}]}}