{"id":370,"date":"2021-08-20T11:50:58","date_gmt":"2021-08-20T11:50:58","guid":{"rendered":"https:\/\/rmvapesale.com\/product\/hybrid-cleansing-balm\/"},"modified":"2025-01-20T03:10:16","modified_gmt":"2025-01-20T03:10:16","slug":"randm-vape-al-fakher-10000-puffs-vape-wholesale","status":"publish","type":"product","link":"https:\/\/rmvapesale.com\/pl\/product\/randm-vape-al-fakher-10000-puffs-vape-wholesale\/","title":{"rendered":"Randm Vape Al Fakher 10000 PUFFS VAPE Cena Hurtowa Fumot SHISHA 10K"},"content":{"rendered":"<h1><strong>Randm Vape Al Fakher 10000 PUFFS VAPE Cena Hurtowa Fumot SHISHA 10K<\/strong><\/h1>\n<p>Randm Vape Al Fakher 10000 to rewolucyjny, \u0142adowalny Vape DTL (Direct To Lung), kt\u00f3ry na nowo definiuje doskona\u0142o\u015b\u0107 vapingu. Wyposa\u017cony we wska\u017anik LED, zapewnia aktualizacje w czasie rzeczywistym dotycz\u0105ce poziomu e-liquidu i mocy, zapewniaj\u0105c, \u017ce zawsze masz kontrol\u0119. Dzi\u0119ki wygodnemu portowi Type-C umieszczonemu na podstawie, \u0142adowanie tego vape'a jest \u0142atwe i szybkie.<\/p>\n<p>Wst\u0119pnie nape\u0142niony 18 ml e-liquidu, Shisha bar 10000 zapewnia moc nikotyny 0,5%, oferuj\u0105c a\u017c 10 000 zaci\u0105gni\u0119\u0107 w \u015brodowisku testowym. Ale nie chodzi tylko o ilo\u015b\u0107 \u2013 ten vape szczyci si\u0119 technologi\u0105 Mesh Coil, integruj\u0105c\u0105 cewk\u0119 o niskiej rezystancji 0,6 oma dla maksymalnej powierzchni grzewczej. Po\u017cegnaj si\u0119 z suchymi uderzeniami i nier\u00f3wnomiernym rozprowadzaniem smaku; konstrukcja Mesh Coil zapewnia r\u00f3wnomierne ogrzewanie, co skutkuje p\u0142ynniejszymi zaci\u0105gni\u0119ciami i bogatsz\u0105 produkcj\u0105 pary.<\/p>\n<p>Teraz ten Randm Vape Al Fakher vape jest gor\u0105c\u0105 sprzeda\u017c\u0105 w wi\u0119kszo\u015bci kraj\u00f3w Europy, takich jak Niemcy, Holandia, Francja, W\u0142ochy, Szwajcaria, Szwecja, Hiszpania, Polska, Belgia, Austria, Norwegia, Dania, itp., co czyni go dobrym wyborem dla sprzedawc\u00f3w detalicznych poszukuj\u0105cych ekonomicznego jednorazowego vape'a z hurtow\u0105 cen\u0105 zakupu hurtowego.<\/p>\n<p><strong>Dodaj mened\u017cerk\u0119 sprzeda\u017cy AMY na WhatsApp <a href=\"https:\/\/wa.me\/8617776015835\" target=\"_blank\" rel=\"noopener\">+86-17776015835<\/a> uzyskaj wi\u0119cej rabatu!<\/strong><\/p>\n<p><img loading=\"lazy\" decoding=\"async\" class=\"size-medium wp-image-1814\" src=\"https:\/\/rmvapesale.com\/wp-content\/uploads\/2024\/04\/whatsapp-amy-229x300.jpg\" alt=\"whatsapp amy\" width=\"229\" height=\"300\" srcset=\"https:\/\/rmvapesale.com\/wp-content\/uploads\/2024\/04\/whatsapp-amy-229x300.jpg 229w, https:\/\/rmvapesale.com\/wp-content\/uploads\/2024\/04\/whatsapp-amy-783x1024.jpg 783w, https:\/\/rmvapesale.com\/wp-content\/uploads\/2024\/04\/whatsapp-amy-768x1005.jpg 768w, https:\/\/rmvapesale.com\/wp-content\/uploads\/2024\/04\/whatsapp-amy-600x785.jpg 600w, https:\/\/rmvapesale.com\/wp-content\/uploads\/2024\/04\/whatsapp-amy.jpg 990w\" sizes=\"auto, (max-width: 229px) 100vw, 229px\" \/><\/p>\n<h2>Randm Vape Al Fakher 10000 zaci\u0105gni\u0119\u0107 FAQS<\/h2>\n<p><strong>1. Co zawiera pakiet Randm Vape Al Fakher 10000 ZACI\u0104GNI\u0118\u0106 VAPE &amp; Fumot SHISHA 10K?<\/strong><\/p>\n<ul>\n<li>Ka\u017cdy pakiet zawiera jedno \u0142adowalne urz\u0105dzenie DTL (Direct To Lung) Vape, wst\u0119pnie nape\u0142nione 18 ml e-liquidu i wyposa\u017cone we wska\u017anik LED. Dodatkowo pakiet zawiera kabel \u0142aduj\u0105cy Type-C dla wygodnego \u0142adowania.<\/li>\n<\/ul>\n<p><strong>2. Ile zaci\u0105gni\u0119\u0107 mog\u0119 si\u0119 spodziewa\u0107 od Fumot Vape Shisha 10000 Zaci\u0105gni\u0119\u0107?<\/strong><\/p>\n<ul>\n<li>Shisha 10000 szczyci si\u0119 imponuj\u0105c\u0105 liczb\u0105 10 000 zaci\u0105gni\u0119\u0107 (w \u015brodowisku testowym), zapewniaj\u0105c wyd\u0142u\u017cone u\u017cytkowanie i trwa\u0142e zadowolenie.<\/li>\n<\/ul>\n<p><strong>3. Jak\u0105 moc nikotyny oferuje Randm Shisha 10000 zaci\u0105gni\u0119\u0107?<\/strong><\/p>\n<ul>\n<li>Shisha 10000 jest wst\u0119pnie nape\u0142niona e-liquidem o mocy nikotyny 0,5%, oferuj\u0105c zr\u00f3wnowa\u017cone wra\u017cenia z vapingu.<\/li>\n<\/ul>\n<p><strong>4. Czy mog\u0119 wybra\u0107 preferowany smak z Shisha 10k vape Fumot?<\/strong><\/p>\n<ul>\n<li>Tak, absolutnie! Shisha 10000 oferuje wyb\u00f3r 34 smak\u00f3w, aby zaspokoi\u0107 r\u00f3\u017cnorodne preferencje, zapewniaj\u0105c, \u017ce ka\u017cdy znajdzie co\u015b dla siebie.<\/li>\n<\/ul>\n<p><strong>3. W jaki spos\u00f3b technologia Mesh Coil poprawia wra\u017cenia z vapingu?<\/strong><\/p>\n<ul>\n<li>Technologia Mesh Coil zintegrowana z Randm Vape Fumot Shisha 10000 charakteryzuje si\u0119 cewk\u0105 o niskiej rezystancji 0,6 oma, maksymalizuj\u0105c powierzchni\u0119 grzewcz\u0105 dla p\u0142ynniejszych zaci\u0105gni\u0119\u0107 i bogatszej produkcji pary. Technologia ta zapewnia r\u00f3wnomierne i sta\u0142e ogrzewanie e-liquidu, zapewniaj\u0105c doskona\u0142e wra\u017cenia smakowe.<\/li>\n<\/ul>\n<p><strong>6. Czy Fumot AI FAKHER <\/strong><strong>Shisha 10000 ZACI\u0104GNI\u0118\u0106 jest \u0142atwa do \u0142adowania?<\/strong><\/p>\n<ul>\n<li>Tak, RANDM Shisha 10000 ZACI\u0104GNI\u0118\u0106 jest wyposa\u017cona w port Type-C na podstawie, co zapewnia szybkie i wygodne \u0142adowanie. Wystarczy pod\u0142\u0105czy\u0107 dostarczony kabel \u0142aduj\u0105cy Type-C do \u017ar\u00f3d\u0142a zasilania, aby szybko uzupe\u0142ni\u0107 energi\u0119 baterii.<\/li>\n<\/ul>\n<p><strong>7. Czy mog\u0119 kontrolowa\u0107 przep\u0142yw powietrza za pomoc\u0105 FUMOT VAPE Shisha 10K PUFFS HURT?<\/strong><\/p>\n<ul>\n<li>Tak, Shisha 10000 jest wyposa\u017cona w kontrol\u0119 przep\u0142ywu powietrza, umo\u017cliwiaj\u0105c u\u017cytkownikom dostosowanie przep\u0142ywu do w\u0142asnych preferencji, dla spersonalizowanego do\u015bwiadczenia wapowania.<\/li>\n<\/ul>\n<p><strong>8. Czy HURTOWA FUMOT RANDM VAPE Shisha 10000 jest odpowiednia zar\u00f3wno dla pocz\u0105tkuj\u0105cych, jak i do\u015bwiadczonych wapowicz\u00f3w?<\/strong><\/p>\n<ul>\n<li>Oczywi\u015bcie! Shisha 10000 zosta\u0142a zaprojektowana tak, aby sprosta\u0107 potrzebom zar\u00f3wno pocz\u0105tkuj\u0105cych, jak i do\u015bwiadczonych wapowicz\u00f3w, oferuj\u0105c \u0142atwo\u015b\u0107 obs\u0142ugi, zaawansowane funkcje i wyj\u0105tkow\u0105 wydajno\u015b\u0107 dla ka\u017cdego.<\/li>\n<\/ul>\n<p><strong>9. Co powinienem zrobi\u0107, je\u015bli mam dodatkowe pytania lub potrzebuj\u0119 pomocy?<\/strong><\/p>\n<ul>\n<li>Je\u015bli masz jakiekolwiek dodatkowe pytania lub potrzebujesz pomocy z Randm Vape Al Fakher 10000 PUFFS VAPE i Fumot SHISHA 10K, skontaktuj si\u0119 z naszym zespo\u0142em obs\u0142ugi klienta. Jeste\u015bmy tutaj, aby pom\u00f3c i zapewni\u0107, \u017ce Twoje do\u015bwiadczenie wapowania b\u0119dzie wyj\u0105tkowe.<\/li>\n<\/ul>\n<p>Znajd\u017a wi\u0119cej produkt\u00f3w Vape, kt\u00f3re mog\u0105 Ci si\u0119 spodoba\u0107:<em><a href=\"https:\/\/rmvapesale.com\/pl\/shop-2\/\">kup teraz\u00a0<\/a><\/em><\/p>\n<p>inne popularne produkty, kt\u00f3re mog\u0105 Ci si\u0119 spodoba\u0107:<\/p>","protected":false},"excerpt":{"rendered":"<p class=\"LC20lb MBeuO DKV0Md\">Fumot Shisha 10000 DTL Jednorazowy Vape<br \/>\nRANDM SHISHA 10000 ZACI\u0104GNI\u0118\u0106 Vape AI FAKHER<br \/>\nFumot Crown Bar 10k Hurtowy Vape Z mo\u017cliwo\u015bci\u0105 \u0141adowania<br \/>\n<strong>Skontaktuj si\u0119 z Amy, aby uzyska\u0107 wi\u0119cej rabatu i ni\u017csze MOQ Vape<\/strong><\/p>\n<p><img loading=\"lazy\" decoding=\"async\" class=\"size-medium wp-image-1814\" src=\"https:\/\/rmvapesale.com\/wp-content\/uploads\/2024\/04\/whatsapp-amy-229x300.jpg\" alt=\"whatsapp amy\" width=\"229\" height=\"300\" srcset=\"https:\/\/rmvapesale.com\/wp-content\/uploads\/2024\/04\/whatsapp-amy-229x300.jpg 229w, https:\/\/rmvapesale.com\/wp-content\/uploads\/2024\/04\/whatsapp-amy-783x1024.jpg 783w, https:\/\/rmvapesale.com\/wp-content\/uploads\/2024\/04\/whatsapp-amy-768x1005.jpg 768w, https:\/\/rmvapesale.com\/wp-content\/uploads\/2024\/04\/whatsapp-amy-600x785.jpg 600w, https:\/\/rmvapesale.com\/wp-content\/uploads\/2024\/04\/whatsapp-amy.jpg 990w\" sizes=\"auto, (max-width: 229px) 100vw, 229px\" \/><\/p>\n<h3><span style=\"color: #ff0000\"><strong>WhatsApp: +86 17776015835<\/strong><\/span><\/h3>","protected":false},"featured_media":1852,"comment_status":"open","ping_status":"closed","template":"","meta":{"_uag_custom_page_level_css":"","_lmt_disableupdate":"no","_lmt_disable":"","site-sidebar-layout":"default","site-content-layout":"content-boxed-container","ast-site-content-layout":"normal-width-container","site-content-style":"boxed","site-sidebar-style":"unboxed","ast-global-header-display":"","ast-banner-title-visibility":"","ast-main-header-display":"","ast-hfb-above-header-display":"","ast-hfb-below-header-display":"","ast-hfb-mobile-header-display":"","site-post-title":"","ast-breadcrumbs-content":"","ast-featured-img":"","footer-sml-layout":"","ast-disable-related-posts":"","theme-transparent-header-meta":"default","adv-header-id-meta":"","stick-header-meta":"","header-above-stick-meta":"","header-main-stick-meta":"","header-below-stick-meta":"","astra-migrate-meta-layouts":"set","ast-page-background-enabled":"default","ast-page-background-meta":{"desktop":{"background-color":"var(--ast-global-color-4)","background-image":"","background-repeat":"repeat","background-position":"center center","background-size":"auto","background-attachment":"scroll","background-type":"","background-media":"","overlay-type":"","overlay-color":"","overlay-opacity":"","overlay-gradient":""},"tablet":{"background-color":"","background-image":"","background-repeat":"repeat","background-position":"center center","background-size":"auto","background-attachment":"scroll","background-type":"","background-media":"","overlay-type":"","overlay-color":"","overlay-opacity":"","overlay-gradient":""},"mobile":{"background-color":"","background-image":"","background-repeat":"repeat","background-position":"center center","background-size":"auto","background-attachment":"scroll","background-type":"","background-media":"","overlay-type":"","overlay-color":"","overlay-opacity":"","overlay-gradient":""}},"ast-content-background-meta":{"desktop":{"background-color":"var(--ast-global-color-5)","background-image":"","background-repeat":"repeat","background-position":"center center","background-size":"auto","background-attachment":"scroll","background-type":"","background-media":"","overlay-type":"","overlay-color":"","overlay-opacity":"","overlay-gradient":""},"tablet":{"background-color":"var(--ast-global-color-5)","background-image":"","background-repeat":"repeat","background-position":"center center","background-size":"auto","background-attachment":"scroll","background-type":"","background-media":"","overlay-type":"","overlay-color":"","overlay-opacity":"","overlay-gradient":""},"mobile":{"background-color":"var(--ast-global-color-5)","background-image":"","background-repeat":"repeat","background-position":"center center","background-size":"auto","background-attachment":"scroll","background-type":"","background-media":"","overlay-type":"","overlay-color":"","overlay-opacity":"","overlay-gradient":""}},"_joinchat":[]},"product_brand":[],"product_cat":[25,271,289,27,51,123,293,30,26,15,28,31,295,137,299,136,135],"product_tag":[39,40,41,38,37],"class_list":{"0":"post-370","1":"product","2":"type-product","3":"status-publish","4":"has-post-thumbnail","6":"product_cat-germany-best-selling-vape","7":"product_cat-10000-puff-disposable-vape","8":"product_cat-big-puffs-disposable-vapes","9":"product_cat-fance-hot-sale-vape","10":"product_cat-fumot-vape","11":"product_cat-italy-wholesale-vape","12":"product_cat-low-nicotine-disposable-vapes","13":"product_cat-minimum-order-quantity-50pcs","14":"product_cat-netherlands-hot-sale-vape","15":"product_cat-new-vape-this-week","16":"product_cat-poland-hot-sale-vape","17":"product_cat-randm-fumot-vape","18":"product_cat-rechargeable-disposable-vapes","19":"product_cat-rechargeable-vapes","20":"product_cat-smart-screen-disposable-vapes","21":"product_cat-smart-screen-vapes","22":"product_cat-spain-best-hot-sale-vape","23":"product_tag-fumot-vape","24":"product_tag-hot-sale-vape","25":"product_tag-original-factory-vape","26":"product_tag-randm-vape","27":"product_tag-wholesale-vape-price","28":"desktop-align-left","29":"tablet-align-left","30":"mobile-align-left","32":"first","33":"instock","34":"sale","35":"shipping-taxable","36":"purchasable","37":"product-type-simple"},"uagb_featured_image_src":{"full":["https:\/\/rmvapesale.com\/wp-content\/uploads\/2024\/04\/FUMOT-VAPE-SHISHA-AL-FAKHER-10K-PUFFS-VAPE.jpg",375,666,false],"thumbnail":["https:\/\/rmvapesale.com\/wp-content\/uploads\/2024\/04\/FUMOT-VAPE-SHISHA-AL-FAKHER-10K-PUFFS-VAPE-150x150.jpg",150,150,true],"medium":["https:\/\/rmvapesale.com\/wp-content\/uploads\/2024\/04\/FUMOT-VAPE-SHISHA-AL-FAKHER-10K-PUFFS-VAPE-169x300.jpg",169,300,true],"medium_large":["https:\/\/rmvapesale.com\/wp-content\/uploads\/2024\/04\/FUMOT-VAPE-SHISHA-AL-FAKHER-10K-PUFFS-VAPE.jpg",375,666,false],"large":["https:\/\/rmvapesale.com\/wp-content\/uploads\/2024\/04\/FUMOT-VAPE-SHISHA-AL-FAKHER-10K-PUFFS-VAPE.jpg",375,666,false],"1536x1536":["https:\/\/rmvapesale.com\/wp-content\/uploads\/2024\/04\/FUMOT-VAPE-SHISHA-AL-FAKHER-10K-PUFFS-VAPE.jpg",375,666,false],"2048x2048":["https:\/\/rmvapesale.com\/wp-content\/uploads\/2024\/04\/FUMOT-VAPE-SHISHA-AL-FAKHER-10K-PUFFS-VAPE.jpg",375,666,false],"trp-custom-language-flag":["https:\/\/rmvapesale.com\/wp-content\/uploads\/2024\/04\/FUMOT-VAPE-SHISHA-AL-FAKHER-10K-PUFFS-VAPE.jpg",7,12,false],"woocommerce_thumbnail":["https:\/\/rmvapesale.com\/wp-content\/uploads\/2024\/04\/FUMOT-VAPE-SHISHA-AL-FAKHER-10K-PUFFS-VAPE-300x300.jpg",300,300,true],"woocommerce_single":["https:\/\/rmvapesale.com\/wp-content\/uploads\/2024\/04\/FUMOT-VAPE-SHISHA-AL-FAKHER-10K-PUFFS-VAPE.jpg",375,666,false],"woocommerce_gallery_thumbnail":["https:\/\/rmvapesale.com\/wp-content\/uploads\/2024\/04\/FUMOT-VAPE-SHISHA-AL-FAKHER-10K-PUFFS-VAPE-100x100.jpg",100,100,true],"wcpr-photo-reviews":["https:\/\/rmvapesale.com\/wp-content\/uploads\/2024\/04\/FUMOT-VAPE-SHISHA-AL-FAKHER-10K-PUFFS-VAPE.jpg",282,500,false]},"uagb_author_info":{"display_name":"yannazhan","author_link":"https:\/\/rmvapesale.com\/pl\/author\/"},"uagb_comment_info":0,"uagb_excerpt":"Fumot Shisha 10000 DTL Disposable Vape RANDM SHISHA 10000 PUFF Vape AI FAKHER Fumot Crown Bar 10k Wholesale Vape Rechargeable Contact Amy For More Discount And Lower MOQ Vape WhatsApp: +86 17776015835","_links":{"self":[{"href":"https:\/\/rmvapesale.com\/pl\/wp-json\/wp\/v2\/product\/370","targetHints":{"allow":["GET"]}}],"collection":[{"href":"https:\/\/rmvapesale.com\/pl\/wp-json\/wp\/v2\/product"}],"about":[{"href":"https:\/\/rmvapesale.com\/pl\/wp-json\/wp\/v2\/types\/product"}],"replies":[{"embeddable":true,"href":"https:\/\/rmvapesale.com\/pl\/wp-json\/wp\/v2\/comments?post=370"}],"wp:featuredmedia":[{"embeddable":true,"href":"https:\/\/rmvapesale.com\/pl\/wp-json\/wp\/v2\/media\/1852"}],"wp:attachment":[{"href":"https:\/\/rmvapesale.com\/pl\/wp-json\/wp\/v2\/media?parent=370"}],"wp:term":[{"taxonomy":"product_brand","embeddable":true,"href":"https:\/\/rmvapesale.com\/pl\/wp-json\/wp\/v2\/product_brand?post=370"},{"taxonomy":"product_cat","embeddable":true,"href":"https:\/\/rmvapesale.com\/pl\/wp-json\/wp\/v2\/product_cat?post=370"},{"taxonomy":"product_tag","embeddable":true,"href":"https:\/\/rmvapesale.com\/pl\/wp-json\/wp\/v2\/product_tag?post=370"}],"curies":[{"name":"wp","href":"https:\/\/api.w.org\/{rel}","templated":true}]}}