{"id":1869,"date":"2024-04-29T08:45:44","date_gmt":"2024-04-29T08:45:44","guid":{"rendered":"https:\/\/rmvapesale.com\/?post_type=product&#038;p=1869"},"modified":"2025-01-20T03:11:06","modified_gmt":"2025-01-20T03:11:06","slug":"jnr-shisha-vape-15000-puffs-wholesale-price-with-screen-vape","status":"publish","type":"product","link":"https:\/\/rmvapesale.com\/pt\/product\/jnr-shisha-vape-15000-puffs-wholesale-price-with-screen-vape\/","title":{"rendered":"VOPK SHISHA VAPE 15000 PUFFS PRE\u00c7O DE ATACADO JNR COM VAPE DE ECR\u00c3"},"content":{"rendered":"<h1>VOPK SHISHA VAPE 15000 PUFFS PRE\u00c7O DE ATACADO JNR COM VAPE DE ECR\u00c3<\/h1>\n<p>O VOPK SHISHA VAPE 15000 PUFFS JNR \u00e9 uma caneta vape descart\u00e1vel premium projetada especificamente para entusiastas de Direct-to-Lung (DTL). Com uma impressionante capacidade de 15.000 inala\u00e7\u00f5es, este dispositivo garante uma experi\u00eancia de vaporiza\u00e7\u00e3o prolongada e satisfat\u00f3ria. A estrutura interna inclui uma resist\u00eancia de malha de 0.6ohm que proporciona produ\u00e7\u00e3o de vapor superior e sabores ricos, tornando-o ideal para quem aprecia inala\u00e7\u00f5es profundas. O dispositivo \u00e9 equipado com 20ml de l\u00edquido, permitindo sess\u00f5es de vaporiza\u00e7\u00e3o prolongadas.<\/p>\n<p>Os utilizadores podem escolher entre v\u00e1rias concentra\u00e7\u00f5es de nicotina, incluindo 0%, 2%, 3% ou 5%, atendendo a diferentes prefer\u00eancias. O vape recarreg\u00e1vel VOPK Shisha Hookah \u00e9 alimentado por uma bateria fi\u00e1vel de 600mAh, garantindo um desempenho consistente ao longo da sua vida \u00fatil, e possui uma porta de carregamento Tipo-C para recarga r\u00e1pida.<\/p>\n<p>VOPK Shisha bar 15000 Dispon\u00edvel em dez sabores deliciosos, como Ma\u00e7\u00e3 Dupla e Melancia com Gelo, esta caneta vape combina estilo, funcionalidade e versatilidade, tornando-se uma escolha de topo para os vapers que procuram uma experi\u00eancia de alta qualidade.<\/p>\n<p><strong>Adicionar o gestor de vendas AMY para obter cup\u00e3o de vape!<\/strong><\/p>\n<p><img loading=\"lazy\" decoding=\"async\" class=\"size-medium wp-image-1814\" src=\"https:\/\/rmvapesale.com\/wp-content\/uploads\/2024\/04\/whatsapp-amy-229x300.jpg\" alt=\"whatsapp amy\" width=\"229\" height=\"300\" srcset=\"https:\/\/rmvapesale.com\/wp-content\/uploads\/2024\/04\/whatsapp-amy-229x300.jpg 229w, https:\/\/rmvapesale.com\/wp-content\/uploads\/2024\/04\/whatsapp-amy-783x1024.jpg 783w, https:\/\/rmvapesale.com\/wp-content\/uploads\/2024\/04\/whatsapp-amy-768x1005.jpg 768w, https:\/\/rmvapesale.com\/wp-content\/uploads\/2024\/04\/whatsapp-amy-600x785.jpg 600w, https:\/\/rmvapesale.com\/wp-content\/uploads\/2024\/04\/whatsapp-amy.jpg 990w\" sizes=\"auto, (max-width: 229px) 100vw, 229px\" \/><\/p>\n<p><span style=\"color: #ff0000\"><strong>whatsapp <a style=\"color: #ff0000\" href=\"https:\/\/wa.me\/8617776015835\" target=\"_blank\" rel=\"noopener\">+86-17776015835<\/a><\/strong><\/span><\/p>\n<h2>VOPK Shisha Hookah 15000 15K Puffs Lista de Sabores:<\/h2>\n<p>1. Ma\u00e7\u00e3 Dupla<br \/>\n2. Mel\u00e3o Duplo com Menta<br \/>\n3. Uva Menta<br \/>\n4. P\u00eassego Suculento<br \/>\n5. Lady Killa<br \/>\n6. Frutos Silvestres Mistos com Gelo<br \/>\n7. Anan\u00e1s e Coco<br \/>\n8. Granizado de Frutos Vermelhos<br \/>\n9. Melancia com Gelo<br \/>\n10. Mamba Branca<\/p>\n<h2>VOPK JNR SHISHA VAPE 15000 PUFF: Pre\u00e7o de Atacado com Ecr\u00e3 Vape \u2013 Perguntas Frequentes do Produto<\/h2>\n<p>1. Qual \u00e9 a especialidade do VOPK JNR SHISHA VAPE 15000 Puffs?<\/p>\n<p>O VOPK JNR SHISHA VAPE 15K PUFF<span style=\"font-size: 16px\">\u00a0destaca-se pela sua alta capacidade de puffs, oferecendo at\u00e9 15000 puffs por dispositivo, garantindo uma utiliza\u00e7\u00e3o prolongada.<\/span><\/p>\n<p>2. Que tipo de artesanato o dispositivo VOPK JNR SHISHA VAPE 15K PUFFS apresenta?<\/p>\n<p>O dispositivo VOPK VAPE SHISHA 15000 PUFF ostenta um design de duas cores complementado por impress\u00e3o UV, proporcionando uma apar\u00eancia visualmente marcante e um trabalho artesanal meticuloso.<br \/>\n3. Que tipo de resist\u00eancia e bobina o VOPK VAPE SHISHA 15000 Puffs usa?<\/p>\n<p>O VOPK VAPE SHISHA 15K PUFFS utiliza tecnologia de bobina de malha com uma resist\u00eancia de 0,6ohm\/m, garantindo um desempenho est\u00e1vel e uma experi\u00eancia de vaporiza\u00e7\u00e3o suave.<br \/>\n4. Quanto l\u00edquido para vaporizador o atomizador VOPK JNR SHISHA 15000 PUFF pode conter?<\/p>\n<p>O atomizador VOPK JNR SHISHA 15000 Puffs tem uma capacidade de 20ML, permitindo sess\u00f5es de vaporiza\u00e7\u00e3o de longa dura\u00e7\u00e3o sem recargas frequentes.<br \/>\n5. De que material \u00e9 feita a bobina do VOPK JNR SHISHA 15K PUFF?<\/p>\n<p>A bobina do VOPK JNR SHISHA 15K PUFFS \u00e9 feita de material de bobina de malha de alta qualidade, garantindo uma excelente vaporiza\u00e7\u00e3o e uma entrega de sabor puro.<br \/>\n6. Qual \u00e9 a capacidade da bateria do dispositivo VOPK JNR VAPE 15000 PUFF?<\/p>\n<p>O VOPK JNR VAPE 15000 Puffs possui uma poderosa bateria de 600mAh, fornecendo energia duradoura e confi\u00e1vel para sess\u00f5es de vaporiza\u00e7\u00e3o ininterruptas.<br \/>\n7. Que tipo de bateria o VOPK JNR VAPE 15K PUFF usa?<\/p>\n<p>O dispositivo VOPK JNR VAPE 15K PUFFS utiliza o modelo de bateria 18250, conhecido pela sua durabilidade e longevidade.<br \/>\n8. Por quanto tempo devo carregar o meu 15000 PUFF JNR SHISHA VAPE VOPK?<\/p>\n<p>O 15000 PUFF VAPE SHISHA VOPK est\u00e1 equipado com uma conveniente porta de carregamento Tipo-C, permitindo um carregamento r\u00e1pido e eficiente, garantindo um tempo de inatividade m\u00ednimo.<br \/>\n9. Que estilo de vaporiza\u00e7\u00e3o o 15000 PUFF JNR SHISHA VOPK atende?<\/p>\n<p>O VOPK SHISHA VAPE 15000 PUFFS \u00e9 adequado para vaporiza\u00e7\u00e3o Direta-Para-Pulm\u00e3o (DTL), oferecendo uma experi\u00eancia de vaporiza\u00e7\u00e3o rica e satisfat\u00f3ria.<br \/>\n10. Como o 15000 PUFF JNR VAPE VOPK garante a conveni\u00eancia do utilizador?<\/p>\n<p>Com a sua alta capacidade de puffs, design visualmente atraente e tecnologia de bobina avan\u00e7ada, o VOPK SHISHA VAPE 15000 PUFFS prioriza a satisfa\u00e7\u00e3o e conveni\u00eancia do utilizador, tornando-o uma escolha ideal tanto para vapers novatos quanto para os experientes.<\/p>\n<p>&nbsp;<\/p>\n<p>Encontre mais produtos de vape que talvez goste:<em><a href=\"https:\/\/rmvapesale.com\/pt\/shop-2\/\">Compre agora\u00a0<\/a><\/em><\/p>\n<p>outros vapes populares que poder\u00e1 gostar:<\/p>","protected":false},"excerpt":{"rendered":"<p class=\"LC20lb MBeuO DKV0Md\">15K PUFFS JNR VAPE VOPK Pre\u00e7o de Atacado<br \/>\n15K PUFFS JNR SHISHA VOPK Pre\u00e7o de F\u00e1brica<br \/>\n15K PUFFS VAPE SHISHA VOPK Pre\u00e7o com Desconto<br \/>\n<strong>Contacte a Amy Para Mais Descontos e MOQ Vape Mais Baixo<\/strong><\/p>\n<p><img loading=\"lazy\" decoding=\"async\" class=\"size-medium wp-image-1814\" src=\"https:\/\/rmvapesale.com\/wp-content\/uploads\/2024\/04\/whatsapp-amy-229x300.jpg\" alt=\"whatsapp amy\" width=\"229\" height=\"300\" srcset=\"https:\/\/rmvapesale.com\/wp-content\/uploads\/2024\/04\/whatsapp-amy-229x300.jpg 229w, https:\/\/rmvapesale.com\/wp-content\/uploads\/2024\/04\/whatsapp-amy-783x1024.jpg 783w, https:\/\/rmvapesale.com\/wp-content\/uploads\/2024\/04\/whatsapp-amy-768x1005.jpg 768w, https:\/\/rmvapesale.com\/wp-content\/uploads\/2024\/04\/whatsapp-amy-600x785.jpg 600w, https:\/\/rmvapesale.com\/wp-content\/uploads\/2024\/04\/whatsapp-amy.jpg 990w\" sizes=\"auto, (max-width: 229px) 100vw, 229px\" \/><\/p>\n<h3><span style=\"color: #ff0000\"><strong>WhatsApp: +86 17776015835<\/strong><\/span><\/h3>","protected":false},"featured_media":1864,"comment_status":"open","ping_status":"closed","template":"","meta":{"_uag_custom_page_level_css":"","_lmt_disableupdate":"no","_lmt_disable":"","site-sidebar-layout":"default","site-content-layout":"content-boxed-container","ast-site-content-layout":"normal-width-container","site-content-style":"boxed","site-sidebar-style":"unboxed","ast-global-header-display":"","ast-banner-title-visibility":"","ast-main-header-display":"","ast-hfb-above-header-display":"","ast-hfb-below-header-display":"","ast-hfb-mobile-header-display":"","site-post-title":"","ast-breadcrumbs-content":"","ast-featured-img":"","footer-sml-layout":"","theme-transparent-header-meta":"default","adv-header-id-meta":"","stick-header-meta":"","header-above-stick-meta":"","header-main-stick-meta":"","header-below-stick-meta":"","astra-migrate-meta-layouts":"set","ast-page-background-enabled":"default","ast-page-background-meta":{"desktop":{"background-color":"var(--ast-global-color-4)","background-image":"","background-repeat":"repeat","background-position":"center center","background-size":"auto","background-attachment":"scroll","background-type":"","background-media":"","overlay-type":"","overlay-color":"","overlay-opacity":"","overlay-gradient":""},"tablet":{"background-color":"","background-image":"","background-repeat":"repeat","background-position":"center center","background-size":"auto","background-attachment":"scroll","background-type":"","background-media":"","overlay-type":"","overlay-color":"","overlay-opacity":"","overlay-gradient":""},"mobile":{"background-color":"","background-image":"","background-repeat":"repeat","background-position":"center center","background-size":"auto","background-attachment":"scroll","background-type":"","background-media":"","overlay-type":"","overlay-color":"","overlay-opacity":"","overlay-gradient":""}},"ast-content-background-meta":{"desktop":{"background-color":"var(--ast-global-color-5)","background-image":"","background-repeat":"repeat","background-position":"center center","background-size":"auto","background-attachment":"scroll","background-type":"","background-media":"","overlay-type":"","overlay-color":"","overlay-opacity":"","overlay-gradient":""},"tablet":{"background-color":"var(--ast-global-color-5)","background-image":"","background-repeat":"repeat","background-position":"center center","background-size":"auto","background-attachment":"scroll","background-type":"","background-media":"","overlay-type":"","overlay-color":"","overlay-opacity":"","overlay-gradient":""},"mobile":{"background-color":"var(--ast-global-color-5)","background-image":"","background-repeat":"repeat","background-position":"center center","background-size":"auto","background-attachment":"scroll","background-type":"","background-media":"","overlay-type":"","overlay-color":"","overlay-opacity":"","overlay-gradient":""}},"_joinchat":[]},"product_brand":[],"product_cat":[25,289,293,295,296,280,26,28,27,31,61,137,136,15,30],"product_tag":[44,40,41,43,42,37],"class_list":{"0":"post-1869","1":"product","2":"type-product","3":"status-publish","4":"has-post-thumbnail","6":"product_cat-germany-best-selling-vape","7":"product_cat-big-puffs-disposable-vapes","8":"product_cat-low-nicotine-disposable-vapes","9":"product_cat-rechargeable-disposable-vapes","10":"product_cat-shisha-hookah-disposable-vapes","11":"product_cat-vopk-vape","12":"product_cat-netherlands-hot-sale-vape","13":"product_cat-poland-hot-sale-vape","14":"product_cat-fance-hot-sale-vape","15":"product_cat-randm-fumot-vape","16":"product_cat-15000-puffs-disposable-vapes","17":"product_cat-rechargeable-vapes","18":"product_cat-smart-screen-vapes","19":"product_cat-new-vape-this-week","20":"product_cat-minimum-order-quantity-50pcs","21":"product_tag-15k-puffs-15000-vape-wholesale","22":"product_tag-hot-sale-vape","23":"product_tag-original-factory-vape","24":"product_tag-shisha-vape","25":"product_tag-vopk-vape","26":"product_tag-wholesale-vape-price","27":"desktop-align-left","28":"tablet-align-left","29":"mobile-align-left","31":"first","32":"instock","33":"sale","34":"shipping-taxable","35":"purchasable","36":"product-type-simple"},"uagb_featured_image_src":{"full":["https:\/\/rmvapesale.com\/wp-content\/uploads\/2024\/04\/VOPK-SHISHA-VAPE-15K-PUFFS-PRICE.jpg",500,500,false],"thumbnail":["https:\/\/rmvapesale.com\/wp-content\/uploads\/2024\/04\/VOPK-SHISHA-VAPE-15K-PUFFS-PRICE-150x150.jpg",150,150,true],"medium":["https:\/\/rmvapesale.com\/wp-content\/uploads\/2024\/04\/VOPK-SHISHA-VAPE-15K-PUFFS-PRICE-300x300.jpg",300,300,true],"medium_large":["https:\/\/rmvapesale.com\/wp-content\/uploads\/2024\/04\/VOPK-SHISHA-VAPE-15K-PUFFS-PRICE.jpg",500,500,false],"large":["https:\/\/rmvapesale.com\/wp-content\/uploads\/2024\/04\/VOPK-SHISHA-VAPE-15K-PUFFS-PRICE.jpg",500,500,false],"1536x1536":["https:\/\/rmvapesale.com\/wp-content\/uploads\/2024\/04\/VOPK-SHISHA-VAPE-15K-PUFFS-PRICE.jpg",500,500,false],"2048x2048":["https:\/\/rmvapesale.com\/wp-content\/uploads\/2024\/04\/VOPK-SHISHA-VAPE-15K-PUFFS-PRICE.jpg",500,500,false],"trp-custom-language-flag":["https:\/\/rmvapesale.com\/wp-content\/uploads\/2024\/04\/VOPK-SHISHA-VAPE-15K-PUFFS-PRICE.jpg",12,12,false],"woocommerce_thumbnail":["https:\/\/rmvapesale.com\/wp-content\/uploads\/2024\/04\/VOPK-SHISHA-VAPE-15K-PUFFS-PRICE-300x300.jpg",300,300,true],"woocommerce_single":["https:\/\/rmvapesale.com\/wp-content\/uploads\/2024\/04\/VOPK-SHISHA-VAPE-15K-PUFFS-PRICE.jpg",500,500,false],"woocommerce_gallery_thumbnail":["https:\/\/rmvapesale.com\/wp-content\/uploads\/2024\/04\/VOPK-SHISHA-VAPE-15K-PUFFS-PRICE-100x100.jpg",100,100,true],"wcpr-photo-reviews":["https:\/\/rmvapesale.com\/wp-content\/uploads\/2024\/04\/VOPK-SHISHA-VAPE-15K-PUFFS-PRICE.jpg",500,500,false]},"uagb_author_info":{"display_name":"yannazhan","author_link":"https:\/\/rmvapesale.com\/pt\/author\/"},"uagb_comment_info":0,"uagb_excerpt":"15K PUFFS JNR VAPE VOPK Wholesale Price 15K PUFFS JNR SHISHA VOPK Factory Price 15K PUFFS VAPE SHISHA VOPK Discount Price Contact Amy For More Discount And Lower MOQ Vape WhatsApp: +86 17776015835","_links":{"self":[{"href":"https:\/\/rmvapesale.com\/pt\/wp-json\/wp\/v2\/product\/1869","targetHints":{"allow":["GET"]}}],"collection":[{"href":"https:\/\/rmvapesale.com\/pt\/wp-json\/wp\/v2\/product"}],"about":[{"href":"https:\/\/rmvapesale.com\/pt\/wp-json\/wp\/v2\/types\/product"}],"replies":[{"embeddable":true,"href":"https:\/\/rmvapesale.com\/pt\/wp-json\/wp\/v2\/comments?post=1869"}],"wp:featuredmedia":[{"embeddable":true,"href":"https:\/\/rmvapesale.com\/pt\/wp-json\/wp\/v2\/media\/1864"}],"wp:attachment":[{"href":"https:\/\/rmvapesale.com\/pt\/wp-json\/wp\/v2\/media?parent=1869"}],"wp:term":[{"taxonomy":"product_brand","embeddable":true,"href":"https:\/\/rmvapesale.com\/pt\/wp-json\/wp\/v2\/product_brand?post=1869"},{"taxonomy":"product_cat","embeddable":true,"href":"https:\/\/rmvapesale.com\/pt\/wp-json\/wp\/v2\/product_cat?post=1869"},{"taxonomy":"product_tag","embeddable":true,"href":"https:\/\/rmvapesale.com\/pt\/wp-json\/wp\/v2\/product_tag?post=1869"}],"curies":[{"name":"wp","href":"https:\/\/api.w.org\/{rel}","templated":true}]}}