{"id":1874,"date":"2024-05-09T07:00:52","date_gmt":"2024-05-09T07:00:52","guid":{"rendered":"https:\/\/rmvapesale.com\/?post_type=product&#038;p=1874"},"modified":"2024-10-21T08:04:35","modified_gmt":"2024-10-21T08:04:35","slug":"randm-tornado-15000-puffs-15k-vape-recharge-fumot-original-vape-factory-price","status":"publish","type":"product","link":"https:\/\/rmvapesale.com\/pt\/product\/randm-tornado-15000-puffs-15k-vape-recharge-fumot-original-vape-factory-price\/","title":{"rendered":"RANDM TORNADO 15000 INALA\u00c7\u00d5ES 15K VAPE RECARREG\u00c1VEL PRE\u00c7O DE F\u00c1BRICA FUMOT ORIGINAL"},"content":{"rendered":"<h1>RANDM TORNADO 15000 INALA\u00c7\u00d5ES 15K VAPE RECARREG\u00c1VEL PRE\u00c7O DE F\u00c1BRICA FUMOT ORIGINAL<\/h1>\n<p>RANDM TORNADO VAPE 15000 PUFFS O vape recarreg\u00e1vel \u00e9 agora popular na maioria dos pa\u00edses europeus, como Alemanha, Holanda, Fran\u00e7a, It\u00e1lia, Espanha, Su\u00ed\u00e7a, Su\u00e9cia, Pol\u00f3nia, etc. Como comprar Randm Tornado 15k Vapes? O que \u00e9 o vape Fumot tornado 15k? Diga ol\u00e1 ao RANDM Tornado 15K Vape \u2013 uma cria\u00e7\u00e3o de primeira da Fumot. Este mauz\u00e3o tem um grande impacto com a sua capacidade de 15.000 puffs, elevando a fasquia no mundo do vape. Criado pelos magos da Shenzhen Fumot Technology, este vape n\u00e3o s\u00f3 tem um aspeto fant\u00e1stico, como tamb\u00e9m cumpre o que promete.<\/p>\n<p>Com op\u00e7\u00f5es para teor de nicotina que variam de 0% a 5% e pr\u00e9-carregado com 25 ml de e-l\u00edquido, tem sabores para todos os gostos. Alimentado por uma bateria recarreg\u00e1vel de 850mAh e ostentando uma bobina de malha de 0,9\u03a9, garante hits suaves sempre. Mantenha-se a par dos seus n\u00edveis de sumo e bateria com o indicador LED \u2013 \u00e9 canja. Prepare-se para a derradeira experi\u00eancia de vape com o RANDM Tornado 15K Vape<\/p>\n<p>&nbsp;<\/p>\n<p><strong>Adicione a gestora de vendas AMY ao whatsapp <a href=\"https:\/\/wa.me\/8617776015835\" target=\"_blank\" rel=\"noopener\">+86-17776015835<\/a> obtenha mais desconto!<\/strong><\/p>\n<p><img loading=\"lazy\" decoding=\"async\" class=\"size-medium wp-image-1814\" src=\"https:\/\/rmvapesale.com\/wp-content\/uploads\/2024\/04\/whatsapp-amy-229x300.jpg\" alt=\"whatsapp amy\" width=\"229\" height=\"300\" srcset=\"https:\/\/rmvapesale.com\/wp-content\/uploads\/2024\/04\/whatsapp-amy-229x300.jpg 229w, https:\/\/rmvapesale.com\/wp-content\/uploads\/2024\/04\/whatsapp-amy-783x1024.jpg 783w, https:\/\/rmvapesale.com\/wp-content\/uploads\/2024\/04\/whatsapp-amy-768x1005.jpg 768w, https:\/\/rmvapesale.com\/wp-content\/uploads\/2024\/04\/whatsapp-amy-600x785.jpg 600w, https:\/\/rmvapesale.com\/wp-content\/uploads\/2024\/04\/whatsapp-amy.jpg 990w\" sizes=\"auto, (max-width: 229px) 100vw, 229px\" \/><\/p>\n<h2>Especifica\u00e7\u00f5es DO FUMOT TORNADO 15000 Vape Descart\u00e1vel:<\/h2>\n<p>Op\u00e7\u00f5es de teor de nicotina: 0%, 2%, 3% e 5%<br \/>\nAt\u00e9 15000 puffs<br \/>\nPr\u00e9-cheio com 25ml de e-l\u00edquido<br \/>\nBateria recarreg\u00e1vel de 850mAh<br \/>\nResist\u00eancia de malha de 0,9\u03a9<br \/>\n41 sabores dispon\u00edveis<\/p>\n<h2>Melhor Sabor Randm 15000 Puff<\/h2>\n<p>1 Limonada Blue Razz<br \/>\n2 Gelo de P\u00eassego<br \/>\n3 Ma\u00e7\u00e3 Azeda<br \/>\n4 Gelo de Melancia<br \/>\n5 Mirtilo com Gelo<br \/>\n6 Framboesa de Mirtilo<br \/>\n7 Gelo de Anan\u00e1s<br \/>\n8 Cereja<br \/>\n9 Morango Gelo<br \/>\n10 Vimto\u00a0 <span style=\"color: #ff0000\"><strong>&gt;&gt;&gt;&gt; Quente!<\/strong><\/span><br \/>\n11 Gelo de Uva<br \/>\n12 Gelo de Cola<br \/>\n13 Morango Melancia<br \/>\n14 Limonada Rosa <span style=\"color: #ff0000\"><strong>&gt;&gt;&gt;&gt; O Melhor!<\/strong><\/span><br \/>\n15 Frutos Silvestres Mistos <span style=\"color: #ff0000\"><strong>&gt;&gt;&gt;&gt; Quente!<\/strong><\/span><br \/>\n16 P\u00eassego Manga<br \/>\n17. Pitaya<br \/>\n18. Morango Uva<br \/>\n19. Sr. Azul <span style=\"color: #ff0000\"><strong>&gt;&gt;&gt;&gt; Quente!<\/strong><\/span><br \/>\n20. Gelo Exuberante<br \/>\n21. Gelado de Gelo<br \/>\n22. Morango Kiwi<br \/>\n23. Kiwi Maracuj\u00e1 Goiaba<br \/>\n24. Frutos Silvestres Triplos <span style=\"color: #ff0000\"><strong>&gt;&gt;&gt;&gt; Quente!<\/strong><\/span><br \/>\n25. Gelo de Banana<br \/>\n26. Rebu\u00e7ado de P\u00eassego e Mirtilo<br \/>\n27. Ma\u00e7\u00e3 P\u00eassego Pera<br \/>\n28. Limonada de Frutos Silvestres<br \/>\n29. Cereja Blue Razz<br \/>\n30. Pastilha El\u00e1stica de Mirtilo<br \/>\n31. Mirtilo Cereja Arando<br \/>\n32. Mirtilo Rom\u00e3<br \/>\n33. Framboesa Azeda Azul<br \/>\n34. Cola de Cereja<br \/>\n35. Urso de Goma<br \/>\n36. Lim\u00e3o<br \/>\n37. Manga com Gelo<br \/>\n38. Gelo de Energia Vermelha<br \/>\n39. Morango Banana<br \/>\n40. Red Bull de Morango<br \/>\n41. Limonada de Morango e Melancia<\/p>\n<p>&nbsp;<\/p>\n<h2>Randm Tornado 15000 FAQs<\/h2>\n<p>1. O que \u00e9 o RANDM VAPE 15K TORNADO Original?<br \/>\nO RANDM VAPE 15K TORNADO Original \u00e9 um dispositivo de vape descart\u00e1vel de venda quente fabricado pela Fumot Vape Tech. \u00c9 nomeado pela sua impressionante capacidade de 15.000 puffs.<\/p>\n<p>2. Quem fabrica o RANDM VAPE 15K TORNADO Genu\u00edno?<br \/>\nO RANDM VAPE 15K TORNADO Genu\u00edno \u00e9 fabricado pela Shenzhen Fumot Technology, uma empresa l\u00edder na ind\u00fastria de vaping conhecida pelos seus produtos inovadores.<\/p>\n<p>3. O que torna o RANDM VAPE 15K TORNADO Aut\u00eantico \u00fanico?<\/p>\n<p>Com a sua capacidade de 15.000 puffs, o RANDM VAPE 15K TORNADO Aut\u00eantico destaca-se como um dos vapes descart\u00e1veis de maior capacidade no mercado. \u00c9 uma boa escolha para quem deseja dispositivos mais duradouros.<\/p>\n<p>4. Quais s\u00e3o os sabores dispon\u00edveis para o RANDM VAPE 15K TORNADO Genu\u00edno?<br \/>\nO RANDM VAPE 15K TORNADO Genu\u00edno vem numa variedade de sabores, incluindo Ma\u00e7\u00e3 P\u00eassego Pera, Gelo de Banana, Limonada de Frutos Silvestres, Cereja Blue Razz e muitos mais. Com 41 sabores para escolher, h\u00e1 algo para todos os paladares.<\/p>\n<p>5. Quanto tempo dura a bateria do RANDM VAPE 15K TORNADO Aut\u00eantico?<br \/>\nO RANDM VAPE 15K TORNADO Aut\u00eantico possui uma bateria incorporada com uma capacidade de 850mAh, oferecendo uso prolongado com uma \u00fanica carga. A dura\u00e7\u00e3o exata da bateria depende dos padr\u00f5es de uso individuais.<\/p>\n<p>6. O RANDM VAPE 15000 TORNADO Original \u00e9 recarreg\u00e1vel?<br \/>\nN\u00e3o, o RANDM VAPE 15000 TORNADO Original \u00e9 um dispositivo de vape descart\u00e1vel e n\u00e3o \u00e9 recarreg\u00e1vel. Uma vez que a bateria esteja esgotada ou o e-l\u00edquido termine, o dispositivo deve ser descartado de forma respons\u00e1vel.<\/p>\n<p>7. Como posso comprar o RANDM VAPE 15000 Genu\u00edno?<br \/>\nO RANDM VAPE 15000 Genu\u00edno est\u00e1 dispon\u00edvel para compra atrav\u00e9s de distribuidores autorizados. Para consultas de atacado, os distribuidores podem <a href=\"https:\/\/wa.me\/8617776015835\" target=\"_blank\" rel=\"noopener\">contactar-nos<\/a> diretamente. Os clientes de retalho podem encontrar o produto em retalhistas selecionados ou lojas online.<\/p>\n<p>&nbsp;<\/p>\n<p>Encontre mais produtos de vape que talvez goste:<em><a href=\"https:\/\/rmvapesale.com\/pt\/shop-2\/\">Compre agora\u00a0<\/a><\/em><\/p>\n<p>outros vapes populares que poder\u00e1 gostar:<\/p>\n<p><a href=\"https:\/\/rmvapesale.com\/pt\/product\/jnr-shisha-vape-15000-puffs-wholesale-price-with-screen-vape\/\">VOPK SHISHA 15K<\/a><\/p>\n<p><a href=\"https:\/\/rmvapesale.com\/pt\/product\/randm-vape-al-fakher-10000-puffs-vape-wholesale\/\">randm vape AI FAKHER 15k vape<\/a><\/p>","protected":false},"excerpt":{"rendered":"<p class=\"LC20lb MBeuO DKV0Md\">15K PUFFS FUMOT VAPE RANDM Pre\u00e7o de Atacado<br \/>\n15K PUFFS FUMOT ORIGINAL RANDM Pre\u00e7o de F\u00e1brica<br \/>\n15K PUFFS Genu\u00edno FUMOT VAPE TORNADO RANDM Pre\u00e7o com Desconto<br \/>\n<strong>Contacte a Amy Para Mais Descontos e MOQ Vape Mais Baixo<\/strong><\/p>\n<p><img loading=\"lazy\" decoding=\"async\" class=\"size-medium wp-image-1814\" src=\"https:\/\/rmvapesale.com\/wp-content\/uploads\/2024\/04\/whatsapp-amy-229x300.jpg\" alt=\"whatsapp amy\" width=\"229\" height=\"300\" srcset=\"https:\/\/rmvapesale.com\/wp-content\/uploads\/2024\/04\/whatsapp-amy-229x300.jpg 229w, https:\/\/rmvapesale.com\/wp-content\/uploads\/2024\/04\/whatsapp-amy-783x1024.jpg 783w, https:\/\/rmvapesale.com\/wp-content\/uploads\/2024\/04\/whatsapp-amy-768x1005.jpg 768w, https:\/\/rmvapesale.com\/wp-content\/uploads\/2024\/04\/whatsapp-amy-600x785.jpg 600w, https:\/\/rmvapesale.com\/wp-content\/uploads\/2024\/04\/whatsapp-amy.jpg 990w\" sizes=\"auto, (max-width: 229px) 100vw, 229px\" \/><\/p>\n<h3><span style=\"color: #ff0000\"><strong>WhatsApp: +86 17776015835<\/strong><\/span><\/h3>","protected":false},"featured_media":1877,"comment_status":"open","ping_status":"closed","template":"","meta":{"_uag_custom_page_level_css":"","_lmt_disableupdate":"no","_lmt_disable":"","site-sidebar-layout":"default","site-content-layout":"content-boxed-container","ast-site-content-layout":"normal-width-container","site-content-style":"boxed","site-sidebar-style":"unboxed","ast-global-header-display":"","ast-banner-title-visibility":"","ast-main-header-display":"","ast-hfb-above-header-display":"","ast-hfb-below-header-display":"","ast-hfb-mobile-header-display":"","site-post-title":"","ast-breadcrumbs-content":"","ast-featured-img":"","footer-sml-layout":"","theme-transparent-header-meta":"default","adv-header-id-meta":"","stick-header-meta":"","header-above-stick-meta":"","header-main-stick-meta":"","header-below-stick-meta":"","astra-migrate-meta-layouts":"set","ast-page-background-enabled":"default","ast-page-background-meta":{"desktop":{"background-color":"var(--ast-global-color-4)","background-image":"","background-repeat":"repeat","background-position":"center center","background-size":"auto","background-attachment":"scroll","background-type":"","background-media":"","overlay-type":"","overlay-color":"","overlay-opacity":"","overlay-gradient":""},"tablet":{"background-color":"","background-image":"","background-repeat":"repeat","background-position":"center center","background-size":"auto","background-attachment":"scroll","background-type":"","background-media":"","overlay-type":"","overlay-color":"","overlay-opacity":"","overlay-gradient":""},"mobile":{"background-color":"","background-image":"","background-repeat":"repeat","background-position":"center center","background-size":"auto","background-attachment":"scroll","background-type":"","background-media":"","overlay-type":"","overlay-color":"","overlay-opacity":"","overlay-gradient":""}},"ast-content-background-meta":{"desktop":{"background-color":"var(--ast-global-color-5)","background-image":"","background-repeat":"repeat","background-position":"center center","background-size":"auto","background-attachment":"scroll","background-type":"","background-media":"","overlay-type":"","overlay-color":"","overlay-opacity":"","overlay-gradient":""},"tablet":{"background-color":"var(--ast-global-color-5)","background-image":"","background-repeat":"repeat","background-position":"center center","background-size":"auto","background-attachment":"scroll","background-type":"","background-media":"","overlay-type":"","overlay-color":"","overlay-opacity":"","overlay-gradient":""},"mobile":{"background-color":"var(--ast-global-color-5)","background-image":"","background-repeat":"repeat","background-position":"center center","background-size":"auto","background-attachment":"scroll","background-type":"","background-media":"","overlay-type":"","overlay-color":"","overlay-opacity":"","overlay-gradient":""}},"_joinchat":[]},"product_brand":[],"product_cat":[25,51,123,26,28,135,27,31,61,137,15,30],"product_tag":[44,39,40,41,171,38,37],"class_list":{"0":"post-1874","1":"product","2":"type-product","3":"status-publish","4":"has-post-thumbnail","6":"product_cat-germany-best-selling-vape","7":"product_cat-fumot-vape","8":"product_cat-italy-wholesale-vape","9":"product_cat-netherlands-hot-sale-vape","10":"product_cat-poland-hot-sale-vape","11":"product_cat-spain-best-hot-sale-vape","12":"product_cat-fance-hot-sale-vape","13":"product_cat-randm-fumot-vape","14":"product_cat-15000-puffs-disposable-vapes","15":"product_cat-rechargeable-vapes","16":"product_cat-new-vape-this-week","17":"product_cat-minimum-order-quantity-50pcs","18":"product_tag-15k-puffs-15000-vape-wholesale","19":"product_tag-fumot-vape","20":"product_tag-hot-sale-vape","21":"product_tag-original-factory-vape","22":"product_tag-randm-15000","23":"product_tag-randm-vape","24":"product_tag-wholesale-vape-price","25":"desktop-align-left","26":"tablet-align-left","27":"mobile-align-left","29":"first","30":"instock","31":"sale","32":"shipping-taxable","33":"purchasable","34":"product-type-simple"},"uagb_featured_image_src":{"full":["https:\/\/rmvapesale.com\/wp-content\/uploads\/2024\/05\/randm-vape-tornado-15k-fumot.jpg",424,589,false],"thumbnail":["https:\/\/rmvapesale.com\/wp-content\/uploads\/2024\/05\/randm-vape-tornado-15k-fumot-150x150.jpg",150,150,true],"medium":["https:\/\/rmvapesale.com\/wp-content\/uploads\/2024\/05\/randm-vape-tornado-15k-fumot-216x300.jpg",216,300,true],"medium_large":["https:\/\/rmvapesale.com\/wp-content\/uploads\/2024\/05\/randm-vape-tornado-15k-fumot.jpg",424,589,false],"large":["https:\/\/rmvapesale.com\/wp-content\/uploads\/2024\/05\/randm-vape-tornado-15k-fumot.jpg",424,589,false],"1536x1536":["https:\/\/rmvapesale.com\/wp-content\/uploads\/2024\/05\/randm-vape-tornado-15k-fumot.jpg",424,589,false],"2048x2048":["https:\/\/rmvapesale.com\/wp-content\/uploads\/2024\/05\/randm-vape-tornado-15k-fumot.jpg",424,589,false],"trp-custom-language-flag":["https:\/\/rmvapesale.com\/wp-content\/uploads\/2024\/05\/randm-vape-tornado-15k-fumot.jpg",9,12,false],"woocommerce_thumbnail":["https:\/\/rmvapesale.com\/wp-content\/uploads\/2024\/05\/randm-vape-tornado-15k-fumot-300x300.jpg",300,300,true],"woocommerce_single":["https:\/\/rmvapesale.com\/wp-content\/uploads\/2024\/05\/randm-vape-tornado-15k-fumot.jpg",424,589,false],"woocommerce_gallery_thumbnail":["https:\/\/rmvapesale.com\/wp-content\/uploads\/2024\/05\/randm-vape-tornado-15k-fumot-100x100.jpg",100,100,true],"wcpr-photo-reviews":["https:\/\/rmvapesale.com\/wp-content\/uploads\/2024\/05\/randm-vape-tornado-15k-fumot.jpg",360,500,false]},"uagb_author_info":{"display_name":"yannazhan","author_link":"https:\/\/rmvapesale.com\/pt\/author\/"},"uagb_comment_info":0,"uagb_excerpt":"15K PUFFS FUMOT VAPE RANDM Wholesale Price 15K PUFFS FUMOT ORIGINAL RANDM\u00a0 Factory Price 15K PUFFS Genuine FUMOT VAPE TORNADO RANDM Discount Price Contact Amy For More Discount And Lower MOQ Vape WhatsApp: +86 17776015835","_links":{"self":[{"href":"https:\/\/rmvapesale.com\/pt\/wp-json\/wp\/v2\/product\/1874","targetHints":{"allow":["GET"]}}],"collection":[{"href":"https:\/\/rmvapesale.com\/pt\/wp-json\/wp\/v2\/product"}],"about":[{"href":"https:\/\/rmvapesale.com\/pt\/wp-json\/wp\/v2\/types\/product"}],"replies":[{"embeddable":true,"href":"https:\/\/rmvapesale.com\/pt\/wp-json\/wp\/v2\/comments?post=1874"}],"wp:featuredmedia":[{"embeddable":true,"href":"https:\/\/rmvapesale.com\/pt\/wp-json\/wp\/v2\/media\/1877"}],"wp:attachment":[{"href":"https:\/\/rmvapesale.com\/pt\/wp-json\/wp\/v2\/media?parent=1874"}],"wp:term":[{"taxonomy":"product_brand","embeddable":true,"href":"https:\/\/rmvapesale.com\/pt\/wp-json\/wp\/v2\/product_brand?post=1874"},{"taxonomy":"product_cat","embeddable":true,"href":"https:\/\/rmvapesale.com\/pt\/wp-json\/wp\/v2\/product_cat?post=1874"},{"taxonomy":"product_tag","embeddable":true,"href":"https:\/\/rmvapesale.com\/pt\/wp-json\/wp\/v2\/product_tag?post=1874"}],"curies":[{"name":"wp","href":"https:\/\/api.w.org\/{rel}","templated":true}]}}