{"id":1886,"date":"2024-05-15T08:46:17","date_gmt":"2024-05-15T08:46:17","guid":{"rendered":"https:\/\/rmvapesale.com\/?post_type=product&#038;p=1886"},"modified":"2024-10-21T08:52:11","modified_gmt":"2024-10-21T08:52:11","slug":"original-randm-vape-digital-puff-12000-fumot-factory-price","status":"publish","type":"product","link":"https:\/\/rmvapesale.com\/pt\/product\/original-randm-vape-digital-puff-12000-fumot-factory-price\/","title":{"rendered":"Randm Vape Digital Puff 12000 Pre\u00e7o de F\u00e1brica FUMOT Original"},"content":{"rendered":"<h1>Randm Vape Digital Puff 12000 Pre\u00e7o de F\u00e1brica FUMOT Original<\/h1>\n<p>O mais recente <strong>Randm Vape Digital Puff 12000 Original<\/strong>, a escolha perfeita para expandir o seu mercado na Europa, como Alemanha, Pa\u00edses Baixos, Fran\u00e7a, It\u00e1lia, Espanha, Su\u00ed\u00e7a, Su\u00e9cia, Pol\u00f3nia, etc. Este avan\u00e7ado dispositivo de vaporiza\u00e7\u00e3o n\u00e3o s\u00f3 se destaca pelo seu excelente desempenho, mas tamb\u00e9m oferece uma variedade de sabores para satisfazer as diferentes prefer\u00eancias dos consumidores.<\/p>\n<p>O <strong>Fumot Digital Box 12000 Vape Descart\u00e1vel<\/strong> est\u00e1 equipado com uma capacidade de 20ml de e-l\u00edquido, proporcionando at\u00e9 12.000 inala\u00e7\u00f5es por dispositivo, garantindo uma experi\u00eancia de longa dura\u00e7\u00e3o para os utilizadores. Possui uma bateria recarreg\u00e1vel de 850mAh integrada com um conveniente visor de bateria e e-l\u00edquido, permitindo que os utilizadores monitorizem facilmente os n\u00edveis de energia e e-l\u00edquido restantes para uma experi\u00eancia de vaporiza\u00e7\u00e3o sem complica\u00e7\u00f5es.<\/p>\n<p>Oferecemos uma vasta gama de sabores, incluindo Hortel\u00e3 Fresca, Gelo de Melancia, Gelo de Uva, Mirtilo com Framboesa, Morango com Melancia, e muitos mais, totalizando 24 op\u00e7\u00f5es \u00fanicas. Por exemplo, a Hortel\u00e3 Fresca oferece uma sensa\u00e7\u00e3o refrescante e fresca, enquanto o Gelo de Melancia combina notas doces e geladas para uma experi\u00eancia deliciosa, perfeita para dias quentes de ver\u00e3o.<\/p>\n<p>Al\u00e9m disso, o <strong>Vaporizador Descart\u00e1vel Fumot Digital Randm 12000<\/strong> utiliza tecnologia avan\u00e7ada de sal de nicotina, dispon\u00edvel em concentra\u00e7\u00f5es de nicotina de 0%, 2%, 3% e 5%, permitindo que os utilizadores escolham o n\u00edvel que melhor se adapta \u00e0s suas necessidades.<\/p>\n<p>Como um atacadista de VAPE, pode beneficiar dos nossos pre\u00e7os diretos de f\u00e1brica, garantindo a m\u00e1xima efici\u00eancia de custos. A nossa quantidade m\u00ednima de pedido \u00e9 de apenas 50 pe\u00e7as, ideal para atacadistas que importam cigarros eletr\u00f3nicos da China pela primeira vez. Tamb\u00e9m fornecemos suporte ao cliente 24 horas e tratamos de todos os assuntos de desalfandegamento, tornando o seu processo de compra tranquilo e sem preocupa\u00e7\u00f5es.<\/p>\n<p><strong>Adicione a gestora de vendas AMY ao whatsapp <a href=\"https:\/\/wa.me\/8617776015835\" target=\"_blank\" rel=\"noopener\">+86-17776015835<\/a> obtenha mais desconto!<\/strong><\/p>\n<p><img loading=\"lazy\" decoding=\"async\" class=\"size-medium wp-image-1814\" src=\"https:\/\/rmvapesale.com\/wp-content\/uploads\/2024\/04\/whatsapp-amy-229x300.jpg\" alt=\"whatsapp amy\" width=\"229\" height=\"300\" srcset=\"https:\/\/rmvapesale.com\/wp-content\/uploads\/2024\/04\/whatsapp-amy-229x300.jpg 229w, https:\/\/rmvapesale.com\/wp-content\/uploads\/2024\/04\/whatsapp-amy-783x1024.jpg 783w, https:\/\/rmvapesale.com\/wp-content\/uploads\/2024\/04\/whatsapp-amy-768x1005.jpg 768w, https:\/\/rmvapesale.com\/wp-content\/uploads\/2024\/04\/whatsapp-amy-600x785.jpg 600w, https:\/\/rmvapesale.com\/wp-content\/uploads\/2024\/04\/whatsapp-amy.jpg 990w\" sizes=\"auto, (max-width: 229px) 100vw, 229px\" \/><\/p>\n<h2>Especifica\u00e7\u00f5es do Vaporizador Descart\u00e1vel FUMOT PUFF 12000:<\/h2>\n<p>Op\u00e7\u00f5es de teor de nicotina: 0%, 2%, 3% e 5%<br \/>\nAt\u00e9 12.000 inala\u00e7\u00f5es<br \/>\nPr\u00e9-preenchido com 20ml de e-l\u00edquido<br \/>\nBateria recarreg\u00e1vel de 850mAh<br \/>\nResist\u00eancia de malha de 0,9\u03a9<br \/>\n40 sabores dispon\u00edveis<\/p>\n<h2>Sabor Popular para randm vape Digital 12000 Puff<\/h2>\n<p>1 Menta Fresca<br \/>\n2 Melancia Gelada<br \/>\n3 Uva Gelada<br \/>\n4 Mirtilo Framboesa <strong><span style=\"color: #ff0000\">&gt;&gt;&gt;Quente!<\/span><\/strong><br \/>\n5 Morango Melancia<br \/>\n6 Morango Banana<br \/>\n7 Gelo exuberante<br \/>\n8 Cereja<br \/>\n9 Morango Gelo<br \/>\n10 Picol\u00e9<br \/>\n11 Limonada Rosa <strong><span style=\"color: #ff0000\">&gt;&gt;&gt;Melhor!<\/span><\/strong><br \/>\n12 Manga Gelo<br \/>\n13 Frutos Silvestres<br \/>\n14 Donut de Morango<br \/>\n15 Morango Uva<br \/>\n16 Cola de Cereja<br \/>\n17 Dr. Azul<br \/>\n18 Mirtilo Gelo<br \/>\n19 Kiwi Maracuj\u00e1 Goiaba<br \/>\n20 Morango Kiwi<br \/>\n21 P\u00eassego Manga<br \/>\n22 P\u00eassego Gelo<br \/>\n23 Ma\u00e7\u00e3 Vermelha Gelo<br \/>\n24 Pastilha El\u00e1stica de Mirtilo<br \/>\n25 Limonada de Frutos Silvestres<br \/>\n26 Limonada de Framboesa Azul<br \/>\n27 Framboesa Azeda Azul <strong><span style=\"color: #ff0000\">&gt;&gt;&gt;Quente!<\/span><\/strong><br \/>\n28 Morango Red bull<br \/>\n29 Explos\u00e3o de ma\u00e7\u00e3 e bagas<br \/>\n30 Pastilha el\u00e1stica de melancia<br \/>\n31 Framboesa e melancia<br \/>\n32 Gelo preto<br \/>\n33 Mirtilo, cereja e arando <strong><span style=\"color: #ff0000\">&gt;&gt;&gt;Quente!<\/span><\/strong><br \/>\n34 Rom\u00e3 de morango<br \/>\n35 Vimto <strong><span style=\"color: #ff0000\">&gt;&gt;&gt;Quente!<\/span><\/strong><br \/>\n36 Cereja e bagas<br \/>\n37 Lim\u00e3o<br \/>\n38 Esmagamento de Bingo<br \/>\n39 Mirtilo kiwi<br \/>\n40 Ma\u00e7\u00e3 Canela<\/p>\n<figure id=\"attachment_2480\" aria-describedby=\"caption-attachment-2480\" style=\"width: 600px\" class=\"wp-caption alignnone\"><img loading=\"lazy\" decoding=\"async\" class=\"wp-image-2480 size-full\" src=\"https:\/\/rmvapesale.com\/wp-content\/uploads\/2024\/10\/Fumot-Digital-Box-12000-Disposable-Vape.jpg\" alt=\"Fumot Digital Box 12000 Vape Descart\u00e1vel\" width=\"600\" height=\"600\" srcset=\"https:\/\/rmvapesale.com\/wp-content\/uploads\/2024\/10\/Fumot-Digital-Box-12000-Disposable-Vape.jpg 600w, https:\/\/rmvapesale.com\/wp-content\/uploads\/2024\/10\/Fumot-Digital-Box-12000-Disposable-Vape-300x300.jpg 300w, https:\/\/rmvapesale.com\/wp-content\/uploads\/2024\/10\/Fumot-Digital-Box-12000-Disposable-Vape-150x150.jpg 150w, https:\/\/rmvapesale.com\/wp-content\/uploads\/2024\/10\/Fumot-Digital-Box-12000-Disposable-Vape-100x100.jpg 100w\" sizes=\"auto, (max-width: 600px) 100vw, 600px\" \/><figcaption id=\"caption-attachment-2480\" class=\"wp-caption-text\">Fumot Digital Box 12000 Vape Descart\u00e1vel<\/figcaption><\/figure>\n<h2>Coisas que talvez queira saber sobre o Fumot Digital Puff 12000 Vape antes de comprar a granel.<\/h2>\n<p><strong>P1: Quais s\u00e3o as op\u00e7\u00f5es de nicotina dispon\u00edveis para o Fumot Randm Digital 12000 Puffs Vape?<\/strong><\/p>\n<ul>\n<li>O <strong>Fumot Vape Digital 12000 Puffs Original<\/strong> oferece concentra\u00e7\u00f5es de sal de nicotina de 0%, 2%, 3% e 5%.<\/li>\n<\/ul>\n<p><strong>P2: Quantos sabores est\u00e3o dispon\u00edveis para este produto?<\/strong><\/p>\n<ul>\n<li>O <strong>Randm Digital Vape 12k Puffs Original<\/strong> est\u00e1 dispon\u00edvel em 24 sabores diferentes, incluindo Cool Mint, Watermelon Ice, Grape Ice e mais.<\/li>\n<\/ul>\n<p><strong>P3: Qual a capacidade de e-l\u00edquido e a contagem de baforadas para este dispositivo?<\/strong><\/p>\n<ul>\n<li>O <strong>Randm Vape Digital Puffs 12000 Original<\/strong> apresenta uma capacidade de 20ml de e-l\u00edquido e fornece at\u00e9 12.000 baforadas por dispositivo.<\/li>\n<\/ul>\n<p><strong>P4: A bateria \u00e9 recarreg\u00e1vel e como posso monitorar o seu estado?<\/strong><\/p>\n<ul>\n<li>Sim, o <strong>Randm Digital Vape 12k Puffs Original<\/strong> tem uma bateria recarreg\u00e1vel integrada de 850mAh com um ecr\u00e3 para monitorar os n\u00edveis da bateria e do e-l\u00edquido.<\/li>\n<\/ul>\n<p><strong>P5: Qual \u00e9 a quantidade m\u00ednima de pedido e que suporte oferecem para novos importadores?<\/strong><\/p>\n<ul>\n<li>A nossa quantidade m\u00ednima de pedido \u00e9 de 50 pe\u00e7as. Oferecemos suporte ao cliente 24\/7 e lidamos com todas as quest\u00f5es de desalfandegamento, tornando-o ideal para importadores iniciantes em Portugal.<\/li>\n<\/ul>\n<p><strong>P6: Como \u00e9 o produto embalado para atacado?<\/strong><\/p>\n<ul>\n<li>O <strong>Fumot Digital Vape 12k Puffs Original<\/strong> \u00e9 embalado com 10 pe\u00e7as numa caixa expositora e 200 pe\u00e7as numa caixa de cart\u00e3o.<\/li>\n<\/ul>\n<p><strong>P7: Existem op\u00e7\u00f5es de pre\u00e7o de f\u00e1brica dispon\u00edveis para compras a granel?<\/strong><\/p>\n<ul>\n<li>Sim, oferecemos <strong>Pre\u00e7o de F\u00e1brica Original Fumot Vape Digital 12k Puffs<\/strong> op\u00e7\u00f5es para compras a granel para garantir que obtenha o melhor valor.<\/li>\n<\/ul>\n<p><strong>Q8: Posso obter pre\u00e7os competitivos para grandes encomendas?<\/strong><\/p>\n<ul>\n<li>Com certeza, fornecemos <strong>Pre\u00e7o a Granel Original Randm Digital Vape 12k Puffs<\/strong> para ajud\u00e1-lo a maximizar as margens de lucro do seu neg\u00f3cio de vapes.<\/li>\n<\/ul>\n<p>Encontre mais produtos de vape que talvez goste:<em><a href=\"https:\/\/rmvapesale.com\/pt\/shop-2\/\">Compre agora\u00a0<\/a><\/em><\/p>\n<p>outros vapes populares que poder\u00e1 gostar:<\/p>\n<p><a href=\"https:\/\/rmvapesale.com\/pt\/product\/jnr-shisha-vape-15000-puffs-wholesale-price-with-screen-vape\/\">VOPK SHISHA 15K<\/a><\/p>\n<p><a href=\"https:\/\/rmvapesale.com\/pt\/product\/randm-vape-al-fakher-10000-puffs-vape-wholesale\/\">randm vape AI FAKHER 15k vape<\/a><\/p>\n<p><a href=\"https:\/\/rmvapesale.com\/pt\/product\/randm-tornado-15000-puffs-15k-vape-recharge-fumot-original-vape-factory-price\/\">Fumot digital box Puff 12000<\/a><\/p>","protected":false},"excerpt":{"rendered":"<p class=\"LC20lb MBeuO DKV0Md\">Pre\u00e7o de F\u00e1brica Original Fumot Vape Digital 12ooo Puffs<br \/>\nPre\u00e7o de Compra em Grande Quantidade Original Fumot Vape Digital 12k Puffs<br \/>\nPre\u00e7o Barato Fumot Vape RandM Digital 12000<br \/>\n<strong>Contacte a Amy Para Mais Descontos e MOQ Vape Mais Baixo<\/strong><\/p>\n<p><img loading=\"lazy\" decoding=\"async\" class=\"size-medium wp-image-1814\" src=\"https:\/\/rmvapesale.com\/wp-content\/uploads\/2024\/04\/whatsapp-amy-229x300.jpg\" alt=\"whatsapp amy\" width=\"229\" height=\"300\" srcset=\"https:\/\/rmvapesale.com\/wp-content\/uploads\/2024\/04\/whatsapp-amy-229x300.jpg 229w, https:\/\/rmvapesale.com\/wp-content\/uploads\/2024\/04\/whatsapp-amy-783x1024.jpg 783w, https:\/\/rmvapesale.com\/wp-content\/uploads\/2024\/04\/whatsapp-amy-768x1005.jpg 768w, https:\/\/rmvapesale.com\/wp-content\/uploads\/2024\/04\/whatsapp-amy-600x785.jpg 600w, https:\/\/rmvapesale.com\/wp-content\/uploads\/2024\/04\/whatsapp-amy.jpg 990w\" sizes=\"auto, (max-width: 229px) 100vw, 229px\" \/><\/p>\n<h3><span style=\"color: #ff0000\"><strong>WhatsApp: +86 17776015835<\/strong><\/span><\/h3>","protected":false},"featured_media":2485,"comment_status":"open","ping_status":"closed","template":"","meta":{"_uag_custom_page_level_css":"","_lmt_disableupdate":"no","_lmt_disable":"","site-sidebar-layout":"default","site-content-layout":"content-boxed-container","ast-site-content-layout":"normal-width-container","site-content-style":"boxed","site-sidebar-style":"unboxed","ast-global-header-display":"","ast-banner-title-visibility":"","ast-main-header-display":"","ast-hfb-above-header-display":"","ast-hfb-below-header-display":"","ast-hfb-mobile-header-display":"","site-post-title":"","ast-breadcrumbs-content":"","ast-featured-img":"","footer-sml-layout":"","theme-transparent-header-meta":"default","adv-header-id-meta":"","stick-header-meta":"","header-above-stick-meta":"","header-main-stick-meta":"","header-below-stick-meta":"","astra-migrate-meta-layouts":"set","ast-page-background-enabled":"default","ast-page-background-meta":{"desktop":{"background-color":"var(--ast-global-color-4)","background-image":"","background-repeat":"repeat","background-position":"center center","background-size":"auto","background-attachment":"scroll","background-type":"","background-media":"","overlay-type":"","overlay-color":"","overlay-opacity":"","overlay-gradient":""},"tablet":{"background-color":"","background-image":"","background-repeat":"repeat","background-position":"center center","background-size":"auto","background-attachment":"scroll","background-type":"","background-media":"","overlay-type":"","overlay-color":"","overlay-opacity":"","overlay-gradient":""},"mobile":{"background-color":"","background-image":"","background-repeat":"repeat","background-position":"center center","background-size":"auto","background-attachment":"scroll","background-type":"","background-media":"","overlay-type":"","overlay-color":"","overlay-opacity":"","overlay-gradient":""}},"ast-content-background-meta":{"desktop":{"background-color":"var(--ast-global-color-5)","background-image":"","background-repeat":"repeat","background-position":"center center","background-size":"auto","background-attachment":"scroll","background-type":"","background-media":"","overlay-type":"","overlay-color":"","overlay-opacity":"","overlay-gradient":""},"tablet":{"background-color":"var(--ast-global-color-5)","background-image":"","background-repeat":"repeat","background-position":"center center","background-size":"auto","background-attachment":"scroll","background-type":"","background-media":"","overlay-type":"","overlay-color":"","overlay-opacity":"","overlay-gradient":""},"mobile":{"background-color":"var(--ast-global-color-5)","background-image":"","background-repeat":"repeat","background-position":"center center","background-size":"auto","background-attachment":"scroll","background-type":"","background-media":"","overlay-type":"","overlay-color":"","overlay-opacity":"","overlay-gradient":""}},"_joinchat":[]},"product_brand":[],"product_cat":[25,26,28,27,31,15,30],"product_tag":[45,46,39,40,111,41,38,165,37],"class_list":{"0":"post-1886","1":"product","2":"type-product","3":"status-publish","4":"has-post-thumbnail","6":"product_cat-germany-best-selling-vape","7":"product_cat-netherlands-hot-sale-vape","8":"product_cat-poland-hot-sale-vape","9":"product_cat-fance-hot-sale-vape","10":"product_cat-randm-fumot-vape","11":"product_cat-new-vape-this-week","12":"product_cat-minimum-order-quantity-50pcs","13":"product_tag-12k-vape-puff-12000","14":"product_tag-digital-box-12000-puff-original","15":"product_tag-fumot-vape","16":"product_tag-hot-sale-vape","17":"product_tag-low-nicotine-disposable-vape","18":"product_tag-original-factory-vape","19":"product_tag-randm-vape","20":"product_tag-rechargeable-vapes","21":"product_tag-wholesale-vape-price","22":"desktop-align-left","23":"tablet-align-left","24":"mobile-align-left","26":"first","27":"instock","28":"sale","29":"shipping-taxable","30":"purchasable","31":"product-type-simple"},"uagb_featured_image_src":{"full":["https:\/\/rmvapesale.com\/wp-content\/uploads\/2024\/10\/Randm-Vape-12000-Puffs.jpg",600,600,false],"thumbnail":["https:\/\/rmvapesale.com\/wp-content\/uploads\/2024\/10\/Randm-Vape-12000-Puffs-150x150.jpg",150,150,true],"medium":["https:\/\/rmvapesale.com\/wp-content\/uploads\/2024\/10\/Randm-Vape-12000-Puffs-300x300.jpg",300,300,true],"medium_large":["https:\/\/rmvapesale.com\/wp-content\/uploads\/2024\/10\/Randm-Vape-12000-Puffs.jpg",600,600,false],"large":["https:\/\/rmvapesale.com\/wp-content\/uploads\/2024\/10\/Randm-Vape-12000-Puffs.jpg",600,600,false],"1536x1536":["https:\/\/rmvapesale.com\/wp-content\/uploads\/2024\/10\/Randm-Vape-12000-Puffs.jpg",600,600,false],"2048x2048":["https:\/\/rmvapesale.com\/wp-content\/uploads\/2024\/10\/Randm-Vape-12000-Puffs.jpg",600,600,false],"trp-custom-language-flag":["https:\/\/rmvapesale.com\/wp-content\/uploads\/2024\/10\/Randm-Vape-12000-Puffs.jpg",12,12,false],"woocommerce_thumbnail":["https:\/\/rmvapesale.com\/wp-content\/uploads\/2024\/10\/Randm-Vape-12000-Puffs-300x300.jpg",300,300,true],"woocommerce_single":["https:\/\/rmvapesale.com\/wp-content\/uploads\/2024\/10\/Randm-Vape-12000-Puffs.jpg",600,600,false],"woocommerce_gallery_thumbnail":["https:\/\/rmvapesale.com\/wp-content\/uploads\/2024\/10\/Randm-Vape-12000-Puffs-100x100.jpg",100,100,true],"wcpr-photo-reviews":["https:\/\/rmvapesale.com\/wp-content\/uploads\/2024\/10\/Randm-Vape-12000-Puffs.jpg",500,500,false]},"uagb_author_info":{"display_name":"yannazhan","author_link":"https:\/\/rmvapesale.com\/pt\/author\/"},"uagb_comment_info":0,"uagb_excerpt":"Original Fumot Vape Digital 12ooo Puffs Factory Price Original Fumot Vape Digital 12k Puffs Price Bulk Buy Fumot Vape RandM Digital 12000 Price Cheap Contact Amy For More Discount And Lower MOQ Vape WhatsApp: +86 17776015835","_links":{"self":[{"href":"https:\/\/rmvapesale.com\/pt\/wp-json\/wp\/v2\/product\/1886","targetHints":{"allow":["GET"]}}],"collection":[{"href":"https:\/\/rmvapesale.com\/pt\/wp-json\/wp\/v2\/product"}],"about":[{"href":"https:\/\/rmvapesale.com\/pt\/wp-json\/wp\/v2\/types\/product"}],"replies":[{"embeddable":true,"href":"https:\/\/rmvapesale.com\/pt\/wp-json\/wp\/v2\/comments?post=1886"}],"wp:featuredmedia":[{"embeddable":true,"href":"https:\/\/rmvapesale.com\/pt\/wp-json\/wp\/v2\/media\/2485"}],"wp:attachment":[{"href":"https:\/\/rmvapesale.com\/pt\/wp-json\/wp\/v2\/media?parent=1886"}],"wp:term":[{"taxonomy":"product_brand","embeddable":true,"href":"https:\/\/rmvapesale.com\/pt\/wp-json\/wp\/v2\/product_brand?post=1886"},{"taxonomy":"product_cat","embeddable":true,"href":"https:\/\/rmvapesale.com\/pt\/wp-json\/wp\/v2\/product_cat?post=1886"},{"taxonomy":"product_tag","embeddable":true,"href":"https:\/\/rmvapesale.com\/pt\/wp-json\/wp\/v2\/product_tag?post=1886"}],"curies":[{"name":"wp","href":"https:\/\/api.w.org\/{rel}","templated":true}]}}