{"id":1892,"date":"2024-05-15T09:27:34","date_gmt":"2024-05-15T09:27:34","guid":{"rendered":"https:\/\/rmvapesale.com\/?post_type=product&#038;p=1892"},"modified":"2024-10-22T08:17:31","modified_gmt":"2024-10-22T08:17:31","slug":"original-randm-tornado-9000-puffs-vape-fumot-factory-price-cheap","status":"publish","type":"product","link":"https:\/\/rmvapesale.com\/pt\/product\/original-randm-tornado-9000-puffs-vape-fumot-factory-price-cheap\/","title":{"rendered":"Vaporizador Original RANDM TORNADO 9000 Baforadas Pre\u00e7o de F\u00e1brica Fumot Barato"},"content":{"rendered":"<h1>Vaporizador Original RANDM TORNADO 9000 Baforadas Pre\u00e7o de F\u00e1brica Fumot Barato<\/h1>\n<p>O Vape Fumot RANDM TORNADO 9000 Puffs, um dispositivo de vape descart\u00e1vel de \u00faltima gera\u00e7\u00e3o, criado para atender \u00e0s necessidades de grossistas exigentes em Portugal. Desenvolvido com precis\u00e3o e inova\u00e7\u00e3o, este dispositivo promete uma experi\u00eancia de vaping excecional que combina alto desempenho com uma vasta sele\u00e7\u00e3o de sabores.<\/p>\n<p>Com suas funcionalidades avan\u00e7adas, o vape Fumot 9000 destaca-se entre os seus concorrentes. Equipado com uma bobina de malha e uma bateria recarreg\u00e1vel integrada de 850mAh, garante produ\u00e7\u00e3o de vapor suave e consistente para um prazer prolongado. O dispositivo oferece uma escolha de concentra\u00e7\u00f5es de sal de nicotina que variam de 0% a 5%, atendendo a diferentes prefer\u00eancias.<\/p>\n<p>Mas o que realmente diferencia o RANDM TORNADO 9000 \u00e9 a sua vasta gama de sabores. Com 43 op\u00e7\u00f5es tentadoras, incluindo cl\u00e1ssicos como Lush Ice e Strawberry Lemonade, bem como combina\u00e7\u00f5es \u00fanicas como Honeydew Ice Cream e Pina Colada, h\u00e1 algo para todos os paladares.<\/p>\n<p>Se \u00e9 vendedor de Vape Randm e procura produtos de vape de alta qualidade a pre\u00e7os competitivos.<\/p>\n<p><strong>Adicione a gestora de vendas AMY ao whatsapp <a href=\"https:\/\/wa.me\/8617776015835\" target=\"_blank\" rel=\"noopener\">+86-17776015835<\/a> obtenha mais desconto!<\/strong><\/p>\n<p><img loading=\"lazy\" decoding=\"async\" class=\"size-medium wp-image-1814\" src=\"https:\/\/rmvapesale.com\/wp-content\/uploads\/2024\/04\/whatsapp-amy-229x300.jpg\" alt=\"whatsapp amy\" width=\"229\" height=\"300\" srcset=\"https:\/\/rmvapesale.com\/wp-content\/uploads\/2024\/04\/whatsapp-amy-229x300.jpg 229w, https:\/\/rmvapesale.com\/wp-content\/uploads\/2024\/04\/whatsapp-amy-783x1024.jpg 783w, https:\/\/rmvapesale.com\/wp-content\/uploads\/2024\/04\/whatsapp-amy-768x1005.jpg 768w, https:\/\/rmvapesale.com\/wp-content\/uploads\/2024\/04\/whatsapp-amy-600x785.jpg 600w, https:\/\/rmvapesale.com\/wp-content\/uploads\/2024\/04\/whatsapp-amy.jpg 990w\" sizes=\"auto, (max-width: 229px) 100vw, 229px\" \/><\/p>\n<h3>Especifica\u00e7\u00f5es DO Dispositivo de Vape Descart\u00e1vel FUMOT PUFF 9000:<\/h3>\n<p>Op\u00e7\u00f5es de teor de nicotina: 0%, 2%, 3% e 5%<br \/>\nAt\u00e9 9000 puffs<br \/>\nPr\u00e9-cheio com 18ml de e-l\u00edquido<br \/>\nBateria recarreg\u00e1vel de 850mAh<br \/>\nResist\u00eancia de malha de 0,9\u03a9<br \/>\n43 sabores dispon\u00edveis em stock<\/p>\n<figure id=\"attachment_1930\" aria-describedby=\"caption-attachment-1930\" style=\"width: 800px\" class=\"wp-caption alignnone\"><img loading=\"lazy\" decoding=\"async\" class=\"wp-image-1930 size-full\" src=\"https:\/\/rmvapesale.com\/wp-content\/uploads\/2024\/08\/Fumot-Randm-Tornado-9000-Disposable-Vape-Gummy-Bear.png\" alt=\"Fumot Randm Tornado Vape Descart\u00e1vel Gummy Bear\" width=\"800\" height=\"800\" srcset=\"https:\/\/rmvapesale.com\/wp-content\/uploads\/2024\/08\/Fumot-Randm-Tornado-9000-Disposable-Vape-Gummy-Bear.png 800w, https:\/\/rmvapesale.com\/wp-content\/uploads\/2024\/08\/Fumot-Randm-Tornado-9000-Disposable-Vape-Gummy-Bear-300x300.png 300w, https:\/\/rmvapesale.com\/wp-content\/uploads\/2024\/08\/Fumot-Randm-Tornado-9000-Disposable-Vape-Gummy-Bear-150x150.png 150w, https:\/\/rmvapesale.com\/wp-content\/uploads\/2024\/08\/Fumot-Randm-Tornado-9000-Disposable-Vape-Gummy-Bear-768x768.png 768w, https:\/\/rmvapesale.com\/wp-content\/uploads\/2024\/08\/Fumot-Randm-Tornado-9000-Disposable-Vape-Gummy-Bear-600x600.png 600w, https:\/\/rmvapesale.com\/wp-content\/uploads\/2024\/08\/Fumot-Randm-Tornado-9000-Disposable-Vape-Gummy-Bear-100x100.png 100w\" sizes=\"auto, (max-width: 800px) 100vw, 800px\" \/><figcaption id=\"caption-attachment-1930\" class=\"wp-caption-text\">Fumot Randm Tornado Vape Descart\u00e1vel Gummy Bear<\/figcaption><\/figure>\n<h2>Sabor RANDM TORNADO 9000 Puffs<\/h2>\n<p>1 Aloe Uva<br \/>\n2 Banana Creme<br \/>\n3 Drag\u00e3o Preto Gelo<br \/>\n4 Gelo Preto<br \/>\n5 Blue Razz Gelo<br \/>\n6 Blue Razz Kush<br \/>\n7 Mirtilo Cereja Cranberry<br \/>\n8 Mirtilo Framboesa<br \/>\n9 Framboesa Azeda Mirtilo<br \/>\n10 Bluelicious Gelo<br \/>\n11 Cereja<br \/>\n12 Cereja P\u00eassego Lim\u00e3oade<br \/>\n13 Hortel\u00e3 Refrescante<br \/>\n14 Cereza Efervescente<br \/>\n15 Uva<br \/>\n16 Urso de Goma<br \/>\n17 Goiaba Gelo<br \/>\n18 Gelado de Fruta<br \/>\n19 Kiwi Maracuj\u00e1 Goiaba<br \/>\n20 Lim\u00e3o &amp; Lima<br \/>\n21 Gelo Luxuriante<br \/>\n22 Frutos Vermelhos Mistos<br \/>\n23 Senhor Azul<br \/>\n24 Refrigerante de Laranja<br \/>\n25 P\u00eassego Fruta Vermelha<br \/>\n26 P\u00eassego Lim\u00e3oade<br \/>\n27 Manga P\u00eassego Abacaxi<br \/>\n28 Abacaxi<br \/>\n29 Lim\u00e3o Rosa<br \/>\n30 Doce Arco-\u00cdris<br \/>\n31 \u00c1gua de Framboesa e Melancia<br \/>\n32 Skittles<br \/>\n33 Doce Azedo<br \/>\n34 Morango Banana<br \/>\n35 Creme de Morango<br \/>\n36 Gelo de Morango<br \/>\n37 Limonada de Morango<br \/>\n38 Gelo de Morango, Framboesa e Cereja<br \/>\n39 Morango e Melancia<br \/>\n40 Tr\u00edplo Manga<br \/>\n41 Vimto<br \/>\n42 Gelo de Melancia<\/p>\n<p>Coisas que pode querer saber sobre o Vape Randm 9000 puffs antes de comprar em quantidade.<\/p>\n<h4>FAQ:<\/h4>\n<p><strong>P: Quais s\u00e3o as op\u00e7\u00f5es de pre\u00e7os para o Fumot RANDM TORNADO 9000?<\/strong><\/p>\n<p>R: Oferecemos pre\u00e7os de f\u00e1brica competitivos para o Dispositivo de Vape Original Randm Puffs 9000, tanto para unidades individuais quanto para encomendas em grande quantidade.<\/p>\n<p><strong>P: Existem op\u00e7\u00f5es de pre\u00e7os por grosso dispon\u00edveis para o Fumot RANDM TORNADO 9000?<\/strong><\/p>\n<p>R: Sim, fornecemos op\u00e7\u00f5es de pre\u00e7os por grosso para o Kit de Vape Original Randm Puffs 9000, atendendo a grossistas que procuram comprar em maiores quantidades.<\/p>\n<p><strong>P: Quais s\u00e3o os n\u00edveis de pre\u00e7os para encomendas em grande quantidade do Fumot RANDM TORNADO 9000?<\/strong><\/p>\n<p>R: Oferecemos pre\u00e7os atraentes para encomendas em grande quantidade do Vape Pod Original Randm Puffs 9000, garantindo economia de custos para grossistas que compram em volumes maiores.<\/p>\n<p><strong>P: Voc\u00eas oferecem pre\u00e7os especiais para importadores iniciantes?<\/strong><\/p>\n<p>R: Sim, oferecemos pre\u00e7os competitivos para o Fumot RANDM TORNADO 9000, tornando-o uma escolha ideal para importadores iniciantes de cigarros eletr\u00f3nicos de Portugal.<\/p>\n<p>Encontre mais produtos de vape que talvez goste:<em><a href=\"https:\/\/rmvapesale.com\/pt\/shop-2\/\">Compre agora\u00a0<\/a><\/em><\/p>\n<p>outros vapes populares que poder\u00e1 gostar:<\/p>\n<p><a href=\"https:\/\/rmvapesale.com\/pt\/product\/jnr-shisha-vape-15000-puffs-wholesale-price-with-screen-vape\/\">VOPK SHISHA 15K\/ <\/a><a href=\"https:\/\/rmvapesale.com\/pt\/product\/randm-vape-al-fakher-10000-puffs-vape-wholesale\/\">randm vape AI FAKHER 15k vape\/<\/a><a href=\"https:\/\/rmvapesale.com\/pt\/product\/randm-tornado-15000-puffs-15k-vape-recharge-fumot-original-vape-factory-price\/\">Fumot digital box Puff 12000<\/a><\/p>","protected":false},"excerpt":{"rendered":"<p class=\"LC20lb MBeuO DKV0Md\">Pre\u00e7o Barato 9000 Puffs Dispositivo de Vape Original Fumot<br \/>\nCompra em Grande Quantidade Dispositivo de Vape 9000 Puffs Original Randm<br \/>\nPre\u00e7o por Atacado Kit de Vape 9000 Puffs Original Fumot<br \/>\n<strong>Contacte a Amy Para Mais Descontos e MOQ Vape Mais Baixo<\/strong><\/p>\n<p><img loading=\"lazy\" decoding=\"async\" class=\"size-medium wp-image-1814\" src=\"https:\/\/rmvapesale.com\/wp-content\/uploads\/2024\/04\/whatsapp-amy-229x300.jpg\" alt=\"whatsapp amy\" width=\"229\" height=\"300\" srcset=\"https:\/\/rmvapesale.com\/wp-content\/uploads\/2024\/04\/whatsapp-amy-229x300.jpg 229w, https:\/\/rmvapesale.com\/wp-content\/uploads\/2024\/04\/whatsapp-amy-783x1024.jpg 783w, https:\/\/rmvapesale.com\/wp-content\/uploads\/2024\/04\/whatsapp-amy-768x1005.jpg 768w, https:\/\/rmvapesale.com\/wp-content\/uploads\/2024\/04\/whatsapp-amy-600x785.jpg 600w, https:\/\/rmvapesale.com\/wp-content\/uploads\/2024\/04\/whatsapp-amy.jpg 990w\" sizes=\"auto, (max-width: 229px) 100vw, 229px\" \/><\/p>\n<h3><span style=\"color: #ff0000\"><strong>WhatsApp: +86 17776015835<\/strong><\/span><\/h3>","protected":false},"featured_media":1887,"comment_status":"open","ping_status":"closed","template":"","meta":{"_uag_custom_page_level_css":"","_lmt_disableupdate":"no","_lmt_disable":"","site-sidebar-layout":"default","site-content-layout":"content-boxed-container","ast-site-content-layout":"normal-width-container","site-content-style":"boxed","site-sidebar-style":"unboxed","ast-global-header-display":"","ast-banner-title-visibility":"","ast-main-header-display":"","ast-hfb-above-header-display":"","ast-hfb-below-header-display":"","ast-hfb-mobile-header-display":"","site-post-title":"","ast-breadcrumbs-content":"","ast-featured-img":"","footer-sml-layout":"","theme-transparent-header-meta":"default","adv-header-id-meta":"","stick-header-meta":"","header-above-stick-meta":"","header-main-stick-meta":"","header-below-stick-meta":"","astra-migrate-meta-layouts":"set","ast-page-background-enabled":"default","ast-page-background-meta":{"desktop":{"background-color":"var(--ast-global-color-4)","background-image":"","background-repeat":"repeat","background-position":"center center","background-size":"auto","background-attachment":"scroll","background-type":"","background-media":"","overlay-type":"","overlay-color":"","overlay-opacity":"","overlay-gradient":""},"tablet":{"background-color":"","background-image":"","background-repeat":"repeat","background-position":"center center","background-size":"auto","background-attachment":"scroll","background-type":"","background-media":"","overlay-type":"","overlay-color":"","overlay-opacity":"","overlay-gradient":""},"mobile":{"background-color":"","background-image":"","background-repeat":"repeat","background-position":"center center","background-size":"auto","background-attachment":"scroll","background-type":"","background-media":"","overlay-type":"","overlay-color":"","overlay-opacity":"","overlay-gradient":""}},"ast-content-background-meta":{"desktop":{"background-color":"var(--ast-global-color-5)","background-image":"","background-repeat":"repeat","background-position":"center center","background-size":"auto","background-attachment":"scroll","background-type":"","background-media":"","overlay-type":"","overlay-color":"","overlay-opacity":"","overlay-gradient":""},"tablet":{"background-color":"var(--ast-global-color-5)","background-image":"","background-repeat":"repeat","background-position":"center center","background-size":"auto","background-attachment":"scroll","background-type":"","background-media":"","overlay-type":"","overlay-color":"","overlay-opacity":"","overlay-gradient":""},"mobile":{"background-color":"var(--ast-global-color-5)","background-image":"","background-repeat":"repeat","background-position":"center center","background-size":"auto","background-attachment":"scroll","background-type":"","background-media":"","overlay-type":"","overlay-color":"","overlay-opacity":"","overlay-gradient":""}},"_joinchat":[]},"product_brand":[],"product_cat":[25,52,51,123,26,28,135,27,31,137,15,30],"product_tag":[47,39,40,41,181,38,37],"class_list":{"0":"post-1892","1":"product","2":"type-product","3":"status-publish","4":"has-post-thumbnail","6":"product_cat-germany-best-selling-vape","7":"product_cat-9000-puffs-disposable-vapes","8":"product_cat-fumot-vape","9":"product_cat-italy-wholesale-vape","10":"product_cat-netherlands-hot-sale-vape","11":"product_cat-poland-hot-sale-vape","12":"product_cat-spain-best-hot-sale-vape","13":"product_cat-fance-hot-sale-vape","14":"product_cat-randm-fumot-vape","15":"product_cat-rechargeable-vapes","16":"product_cat-new-vape-this-week","17":"product_cat-minimum-order-quantity-50pcs","18":"product_tag-9000-puffs-vape","19":"product_tag-fumot-vape","20":"product_tag-hot-sale-vape","21":"product_tag-original-factory-vape","22":"product_tag-randm-tornado-9000","23":"product_tag-randm-vape","24":"product_tag-wholesale-vape-price","25":"desktop-align-left","26":"tablet-align-left","27":"mobile-align-left","29":"first","30":"instock","31":"sale","32":"shipping-taxable","33":"purchasable","34":"product-type-simple"},"uagb_featured_image_src":{"full":["https:\/\/rmvapesale.com\/wp-content\/uploads\/2024\/05\/RM-TORNADO-VAPE-DISPOSABEL-9000-PUFFS.png",600,600,false],"thumbnail":["https:\/\/rmvapesale.com\/wp-content\/uploads\/2024\/05\/RM-TORNADO-VAPE-DISPOSABEL-9000-PUFFS-150x150.png",150,150,true],"medium":["https:\/\/rmvapesale.com\/wp-content\/uploads\/2024\/05\/RM-TORNADO-VAPE-DISPOSABEL-9000-PUFFS-300x300.png",300,300,true],"medium_large":["https:\/\/rmvapesale.com\/wp-content\/uploads\/2024\/05\/RM-TORNADO-VAPE-DISPOSABEL-9000-PUFFS.png",600,600,false],"large":["https:\/\/rmvapesale.com\/wp-content\/uploads\/2024\/05\/RM-TORNADO-VAPE-DISPOSABEL-9000-PUFFS.png",600,600,false],"1536x1536":["https:\/\/rmvapesale.com\/wp-content\/uploads\/2024\/05\/RM-TORNADO-VAPE-DISPOSABEL-9000-PUFFS.png",600,600,false],"2048x2048":["https:\/\/rmvapesale.com\/wp-content\/uploads\/2024\/05\/RM-TORNADO-VAPE-DISPOSABEL-9000-PUFFS.png",600,600,false],"trp-custom-language-flag":["https:\/\/rmvapesale.com\/wp-content\/uploads\/2024\/05\/RM-TORNADO-VAPE-DISPOSABEL-9000-PUFFS.png",12,12,false],"woocommerce_thumbnail":["https:\/\/rmvapesale.com\/wp-content\/uploads\/2024\/05\/RM-TORNADO-VAPE-DISPOSABEL-9000-PUFFS-300x300.png",300,300,true],"woocommerce_single":["https:\/\/rmvapesale.com\/wp-content\/uploads\/2024\/05\/RM-TORNADO-VAPE-DISPOSABEL-9000-PUFFS.png",600,600,false],"woocommerce_gallery_thumbnail":["https:\/\/rmvapesale.com\/wp-content\/uploads\/2024\/05\/RM-TORNADO-VAPE-DISPOSABEL-9000-PUFFS-100x100.png",100,100,true],"wcpr-photo-reviews":["https:\/\/rmvapesale.com\/wp-content\/uploads\/2024\/05\/RM-TORNADO-VAPE-DISPOSABEL-9000-PUFFS.png",500,500,false]},"uagb_author_info":{"display_name":"yannazhan","author_link":"https:\/\/rmvapesale.com\/pt\/author\/"},"uagb_comment_info":0,"uagb_excerpt":"Cheap Price 9ooo Puffs Vape Device Original Fumot Bulk Buy 9ooo Puffs Vape Device Original Randm Wholesale Price 9ooo Puffs Vape Kit Original Fumot Contact Amy For More Discount And Lower MOQ Vape WhatsApp: +86 17776015835","_links":{"self":[{"href":"https:\/\/rmvapesale.com\/pt\/wp-json\/wp\/v2\/product\/1892","targetHints":{"allow":["GET"]}}],"collection":[{"href":"https:\/\/rmvapesale.com\/pt\/wp-json\/wp\/v2\/product"}],"about":[{"href":"https:\/\/rmvapesale.com\/pt\/wp-json\/wp\/v2\/types\/product"}],"replies":[{"embeddable":true,"href":"https:\/\/rmvapesale.com\/pt\/wp-json\/wp\/v2\/comments?post=1892"}],"wp:featuredmedia":[{"embeddable":true,"href":"https:\/\/rmvapesale.com\/pt\/wp-json\/wp\/v2\/media\/1887"}],"wp:attachment":[{"href":"https:\/\/rmvapesale.com\/pt\/wp-json\/wp\/v2\/media?parent=1892"}],"wp:term":[{"taxonomy":"product_brand","embeddable":true,"href":"https:\/\/rmvapesale.com\/pt\/wp-json\/wp\/v2\/product_brand?post=1892"},{"taxonomy":"product_cat","embeddable":true,"href":"https:\/\/rmvapesale.com\/pt\/wp-json\/wp\/v2\/product_cat?post=1892"},{"taxonomy":"product_tag","embeddable":true,"href":"https:\/\/rmvapesale.com\/pt\/wp-json\/wp\/v2\/product_tag?post=1892"}],"curies":[{"name":"wp","href":"https:\/\/api.w.org\/{rel}","templated":true}]}}