{"id":1940,"date":"2024-08-27T07:55:11","date_gmt":"2024-08-27T07:55:11","guid":{"rendered":"https:\/\/rmvapesale.com\/?post_type=product&#038;p=1940"},"modified":"2024-11-04T09:58:31","modified_gmt":"2024-11-04T09:58:31","slug":"randm-tornado-15000-puffs-vape-wholesale","status":"publish","type":"product","link":"https:\/\/rmvapesale.com\/pt\/product\/randm-tornado-15000-puffs-vape-wholesale\/","title":{"rendered":"RandM Tornado 15000 Puffs Vape por atacado"},"content":{"rendered":"<h1>RandM Tornado 15000 Puffs Vape por atacado<\/h1>\n<p>O cigarro eletr\u00f4nico descart\u00e1vel tornou-se popular pela sua vasta gama de sabores e facilidade de uso. Procura o melhor pre\u00e7o para um cigarro eletr\u00f4nico descart\u00e1vel? O RandM Tornado 15000 puffs \u00e9 altamente recomendado pelas suas caracter\u00edsticas impressionantes. Projetado com uma bateria recarreg\u00e1vel de 850mAh que fornece at\u00e9 15000 puffs. Aqui na nossa loja, pode comprar o vape RandM Tornado 15000 puffs com pre\u00e7o de atacado.<\/p>\n<p>O Tornado 15000 apresenta um novo design com uma bateria recarreg\u00e1vel de 850mAh que carrega rapidamente via porta USB-C, permitindo uma recarga eficiente. O vape descart\u00e1vel RandM Tornado 15000 vem com tecnologia de bobina de malha, proporcionando uma experi\u00eancia de vaping mais suave e agrad\u00e1vel, atrav\u00e9s da sua variedade de sabores.<\/p>\n<p>Acima de tudo, o RM 15000 \u00e9 realmente um vape de custo-benef\u00edcio que vale a pena experimentar!<\/p>\n<p><strong>Contacte a Amy para obter a resposta certa e o pre\u00e7o de revenda!<\/strong><\/p>\n<p><img loading=\"lazy\" decoding=\"async\" class=\"size-medium wp-image-1814\" src=\"https:\/\/rmvapesale.com\/wp-content\/uploads\/2024\/04\/whatsapp-amy-229x300.jpg\" alt=\"whatsapp amy\" width=\"229\" height=\"300\" srcset=\"https:\/\/rmvapesale.com\/wp-content\/uploads\/2024\/04\/whatsapp-amy-229x300.jpg 229w, https:\/\/rmvapesale.com\/wp-content\/uploads\/2024\/04\/whatsapp-amy-783x1024.jpg 783w, https:\/\/rmvapesale.com\/wp-content\/uploads\/2024\/04\/whatsapp-amy-768x1005.jpg 768w, https:\/\/rmvapesale.com\/wp-content\/uploads\/2024\/04\/whatsapp-amy-600x785.jpg 600w, https:\/\/rmvapesale.com\/wp-content\/uploads\/2024\/04\/whatsapp-amy.jpg 990w\" sizes=\"auto, (max-width: 229px) 100vw, 229px\" \/><\/p>\n<h2><strong>O que torna o FUMOT RandM Tornado 15000 um vape descart\u00e1vel \u00fanico?<\/strong><\/h2>\n<p>Com especifica\u00e7\u00f5es super, o RANDM VAPE 15K TORNADO Aut\u00eantico destaca-se como um dos vapes descart\u00e1veis de maior capacidade no mercado.<\/p>\n<p>Op\u00e7\u00f5es de teor de nicotina: 0%, 2%, 3% e 5%<br \/>\nAt\u00e9 15000 puffs<br \/>\nPr\u00e9-cheio com 25ml de e-l\u00edquido<br \/>\nBateria recarreg\u00e1vel de 850mAh<br \/>\nResist\u00eancia de malha de 0,9\u03a9<br \/>\n41 sabores dispon\u00edveis<\/p>\n<h2><strong>Qual \u00e9 o melhor sabor para o vape RandM Tornado 15k puffs?<\/strong><\/h2>\n<p>Mr blue \u00e9 sem d\u00favida o sabor mais popular para o RandM Tornado 15000, deve experimentar!<\/p>\n<p>O RandM Tornado 15000 puffs oferece um total de 41 sabores dispon\u00edveis para sua escolha, h\u00e1 algo para todos os gostos.<\/p>\n<p>1 Limonada Blue Razz<br \/>\n2 Gelo de P\u00eassego<br \/>\n3 Ma\u00e7\u00e3 Azeda<br \/>\n4 Gelo de Melancia<br \/>\n5 Mirtilo com Gelo<br \/>\n6 Framboesa de Mirtilo<br \/>\n7 Gelo de Anan\u00e1s<br \/>\n8 Cereja<br \/>\n9 Morango Gelo<br \/>\n10 Vimto<br \/>\n11 Gelo de Uva<br \/>\n12 Gelo de Cola<br \/>\n13 Morango Melancia<br \/>\n14 Limonada Rosa<br \/>\n15 Frutos Silvestres Mistos<br \/>\n16 P\u00eassego Manga<br \/>\n17. Pitaya<br \/>\n18. Morango Uva<br \/>\n19. Sr. Azul<br \/>\n20. Gelo Exuberante<br \/>\n21. Gelado de Gelo<br \/>\n22. Morango Kiwi<br \/>\n23. Kiwi Maracuj\u00e1 Goiaba<br \/>\n24. Frutos Silvestres Triplos<br \/>\n25. Gelo de Banana<br \/>\n26. Rebu\u00e7ado de P\u00eassego e Mirtilo<br \/>\n27. Ma\u00e7\u00e3 P\u00eassego Pera<br \/>\n28. Limonada de Frutos Silvestres<br \/>\n29. Cereja Blue Razz<br \/>\n30. Pastilha El\u00e1stica de Mirtilo<br \/>\n31. Mirtilo Cereja Arando<br \/>\n32. Mirtilo Rom\u00e3<br \/>\n33. Framboesa Azeda Azul<br \/>\n34. Cola de Cereja<br \/>\n35. Urso de Goma<br \/>\n36. Lim\u00e3o<br \/>\n37. Manga com Gelo<br \/>\n38. Gelo de Energia Vermelha<br \/>\n39. Morango Banana<br \/>\n40. Red Bull de Morango<br \/>\n41. Limonada de Morango e Melancia<\/p>\n<h2><strong>Perguntas que pode querer saber sobre o vape RandM Tornado 15000 puffs<\/strong><\/h2>\n<p>&nbsp;<\/p>\n<h3>Q1. O que \u00e9 o Vape Original RM Tornado 15000 Puffs?<\/h3>\n<p>A: O RANDM VAPE 15K TORNADO Original \u00e9 um dispositivo de vape descart\u00e1vel projetado para sess\u00f5es prolongadas de vaping. Nomeado pela sua impressionante capacidade de 15.000 puffs.<\/p>\n<h3>Q2. Quem fabrica o vape RandM Tornado 15k Puffs Genu\u00edno?<\/h3>\n<p>O RANDM VAPE 15K TORNADO Genu\u00edno \u00e9 fabricado pela Shenzhen Fumot Technology, uma empresa l\u00edder na ind\u00fastria de vaping conhecida pelos seus produtos inovadores.<\/p>\n<h3>Q3. Quanto tempo dura o vape RandM Tornado 15K Original?<\/h3>\n<p>O RANDM VAPE 15K TORNADO Aut\u00eantico possui uma bateria incorporada com uma capacidade de 850mAh, oferecendo uso prolongado com uma \u00fanica carga. A dura\u00e7\u00e3o exata da bateria depende dos padr\u00f5es de uso individuais.<\/p>\n<h3>Q4. O vape Fumot RandM Tornado 15000 Puffs \u00e9 recarreg\u00e1vel?<\/h3>\n<p><span style=\"font-size: 16px\">A: N\u00e3o, o RANDM VAPE 15K TORNADO Original vem com uma bateria recarreg\u00e1vel, que pode ser recarregada.<\/span><\/p>\n<h3>Q5. Como posso comprar o vape Fumot RandM Tornado 15000 Puffs Genu\u00edno?<\/h3>\n<p>A: O RANDM VAPE 15K TORNADO Genu\u00edno est\u00e1 dispon\u00edvel para compra atrav\u00e9s de distribuidores autorizados. Para consultas de atacado, os distribuidores podem <a href=\"https:\/\/wa.me\/8617776015835\" target=\"_blank\" rel=\"noopener\">contactar-nos<\/a> diretamente. Os clientes de retalho podem encontrar o produto em retalhistas selecionados ou lojas online.<\/p>\n<p><strong>Detalhes de envio:<\/strong><br \/>\nTempo de produ\u00e7\u00e3o: 5-10 dias \u00fateis<br \/>\nTempo de envio: 8-14 dias \u00fateis<\/p>\n<p>Todos os produtos na nossa loja s\u00e3o 100% originais e aut\u00eanticos, portanto, a pol\u00edtica da nossa loja \u00e9 de compensa\u00e7\u00e3o de dez vezes para produtos falsificados. Utilizamos canais log\u00edsticos como UPS\/DHL\/FEDEX\/DPD para entregar os produtos a si.<\/p>\n<p>Para pacotes enviados para Portugal, geralmente leva 10 dias \u00fateis para chegar. O envio para pa\u00edses europeus geralmente leva cerca de 12-15 dias \u00fateis para chegar. Atualizaremos as informa\u00e7\u00f5es log\u00edsticas em tempo real para si.<\/p>\n<p>Encontre mais produtos de vape que talvez goste:<em><a href=\"https:\/\/rmvapesale.com\/pt\/shop-2\/\">Compre agora\u00a0<\/a><\/em><\/p>\n<p>outros vapes populares que poder\u00e1 gostar:<\/p>\n<p><a href=\"https:\/\/rmvapesale.com\/pt\/product\/randm-vape-al-fakher-10000-puffs-vape-wholesale\/\">randm vape AI FAKHER 15k vape<\/a><\/p>\n<p><a href=\"https:\/\/rmvapesale.com\/pt\/product\/original-randm-tornado-9000-puffs-disposable-vape-factory-price\/\">RandM Tornado 9000<\/a><\/p>","protected":false},"excerpt":{"rendered":"<p>Fumot Tornado 15000 VAPE Pre\u00e7o de Atacado<br \/>\nORIGINAL RandM Tornado 15000 F\u00e1brica Atacado em Stock<br \/>\nGenuine RANDM Vape FUMOT TORNADO 15000 Pre\u00e7o com Desconto<\/p>\n<p><strong>Contacte a Amy Para Mais Descontos e MOQ Vape Mais Baixo<\/strong><\/p>\n<p><img loading=\"lazy\" decoding=\"async\" class=\"size-medium wp-image-1814\" src=\"https:\/\/rmvapesale.com\/wp-content\/uploads\/2024\/04\/whatsapp-amy-229x300.jpg\" alt=\"whatsapp amy\" width=\"229\" height=\"300\" srcset=\"https:\/\/rmvapesale.com\/wp-content\/uploads\/2024\/04\/whatsapp-amy-229x300.jpg 229w, https:\/\/rmvapesale.com\/wp-content\/uploads\/2024\/04\/whatsapp-amy-783x1024.jpg 783w, https:\/\/rmvapesale.com\/wp-content\/uploads\/2024\/04\/whatsapp-amy-768x1005.jpg 768w, https:\/\/rmvapesale.com\/wp-content\/uploads\/2024\/04\/whatsapp-amy-600x785.jpg 600w, https:\/\/rmvapesale.com\/wp-content\/uploads\/2024\/04\/whatsapp-amy.jpg 990w\" sizes=\"auto, (max-width: 229px) 100vw, 229px\" \/><\/p>\n<h3><span style=\"color: #ff0000\"><strong>WhatsApp: +86 17776015835<\/strong><\/span><\/h3>","protected":false},"featured_media":1937,"comment_status":"open","ping_status":"closed","template":"","meta":{"_uag_custom_page_level_css":"","_lmt_disableupdate":"no","_lmt_disable":"","site-sidebar-layout":"default","site-content-layout":"content-boxed-container","ast-site-content-layout":"normal-width-container","site-content-style":"boxed","site-sidebar-style":"unboxed","ast-global-header-display":"","ast-banner-title-visibility":"","ast-main-header-display":"","ast-hfb-above-header-display":"","ast-hfb-below-header-display":"","ast-hfb-mobile-header-display":"","site-post-title":"","ast-breadcrumbs-content":"","ast-featured-img":"","footer-sml-layout":"","ast-disable-related-posts":"","theme-transparent-header-meta":"default","adv-header-id-meta":"","stick-header-meta":"","header-above-stick-meta":"","header-main-stick-meta":"","header-below-stick-meta":"","astra-migrate-meta-layouts":"set","ast-page-background-enabled":"default","ast-page-background-meta":{"desktop":{"background-color":"var(--ast-global-color-4)","background-image":"","background-repeat":"repeat","background-position":"center center","background-size":"auto","background-attachment":"scroll","background-type":"","background-media":"","overlay-type":"","overlay-color":"","overlay-opacity":"","overlay-gradient":""},"tablet":{"background-color":"","background-image":"","background-repeat":"repeat","background-position":"center center","background-size":"auto","background-attachment":"scroll","background-type":"","background-media":"","overlay-type":"","overlay-color":"","overlay-opacity":"","overlay-gradient":""},"mobile":{"background-color":"","background-image":"","background-repeat":"repeat","background-position":"center center","background-size":"auto","background-attachment":"scroll","background-type":"","background-media":"","overlay-type":"","overlay-color":"","overlay-opacity":"","overlay-gradient":""}},"ast-content-background-meta":{"desktop":{"background-color":"var(--ast-global-color-5)","background-image":"","background-repeat":"repeat","background-position":"center center","background-size":"auto","background-attachment":"scroll","background-type":"","background-media":"","overlay-type":"","overlay-color":"","overlay-opacity":"","overlay-gradient":""},"tablet":{"background-color":"var(--ast-global-color-5)","background-image":"","background-repeat":"repeat","background-position":"center center","background-size":"auto","background-attachment":"scroll","background-type":"","background-media":"","overlay-type":"","overlay-color":"","overlay-opacity":"","overlay-gradient":""},"mobile":{"background-color":"var(--ast-global-color-5)","background-image":"","background-repeat":"repeat","background-position":"center center","background-size":"auto","background-attachment":"scroll","background-type":"","background-media":"","overlay-type":"","overlay-color":"","overlay-opacity":"","overlay-gradient":""}},"_joinchat":[]},"product_brand":[],"product_cat":[25,27,51,195,30,26,15,28,31,137,136],"product_tag":[44,39,40,41,38,37],"class_list":{"0":"post-1940","1":"product","2":"type-product","3":"status-publish","4":"has-post-thumbnail","6":"product_cat-germany-best-selling-vape","7":"product_cat-fance-hot-sale-vape","8":"product_cat-fumot-vape","9":"product_cat-germany-warehouse","10":"product_cat-minimum-order-quantity-50pcs","11":"product_cat-netherlands-hot-sale-vape","12":"product_cat-new-vape-this-week","13":"product_cat-poland-hot-sale-vape","14":"product_cat-randm-fumot-vape","15":"product_cat-rechargeable-vapes","16":"product_cat-smart-screen-vapes","17":"product_tag-15k-puffs-15000-vape-wholesale","18":"product_tag-fumot-vape","19":"product_tag-hot-sale-vape","20":"product_tag-original-factory-vape","21":"product_tag-randm-vape","22":"product_tag-wholesale-vape-price","23":"desktop-align-left","24":"tablet-align-left","25":"mobile-align-left","27":"first","28":"instock","29":"sale","30":"shipping-taxable","31":"purchasable","32":"product-type-simple"},"uagb_featured_image_src":{"full":["https:\/\/rmvapesale.com\/wp-content\/uploads\/2024\/08\/RandM-Tornado-15000-Wholesale-Blue-Razz-Lemonade.jpg",800,800,false],"thumbnail":["https:\/\/rmvapesale.com\/wp-content\/uploads\/2024\/08\/RandM-Tornado-15000-Wholesale-Blue-Razz-Lemonade-150x150.jpg",150,150,true],"medium":["https:\/\/rmvapesale.com\/wp-content\/uploads\/2024\/08\/RandM-Tornado-15000-Wholesale-Blue-Razz-Lemonade-300x300.jpg",300,300,true],"medium_large":["https:\/\/rmvapesale.com\/wp-content\/uploads\/2024\/08\/RandM-Tornado-15000-Wholesale-Blue-Razz-Lemonade-768x768.jpg",768,768,true],"large":["https:\/\/rmvapesale.com\/wp-content\/uploads\/2024\/08\/RandM-Tornado-15000-Wholesale-Blue-Razz-Lemonade.jpg",800,800,false],"1536x1536":["https:\/\/rmvapesale.com\/wp-content\/uploads\/2024\/08\/RandM-Tornado-15000-Wholesale-Blue-Razz-Lemonade.jpg",800,800,false],"2048x2048":["https:\/\/rmvapesale.com\/wp-content\/uploads\/2024\/08\/RandM-Tornado-15000-Wholesale-Blue-Razz-Lemonade.jpg",800,800,false],"trp-custom-language-flag":["https:\/\/rmvapesale.com\/wp-content\/uploads\/2024\/08\/RandM-Tornado-15000-Wholesale-Blue-Razz-Lemonade.jpg",12,12,false],"woocommerce_thumbnail":["https:\/\/rmvapesale.com\/wp-content\/uploads\/2024\/08\/RandM-Tornado-15000-Wholesale-Blue-Razz-Lemonade-300x300.jpg",300,300,true],"woocommerce_single":["https:\/\/rmvapesale.com\/wp-content\/uploads\/2024\/08\/RandM-Tornado-15000-Wholesale-Blue-Razz-Lemonade-600x600.jpg",600,600,true],"woocommerce_gallery_thumbnail":["https:\/\/rmvapesale.com\/wp-content\/uploads\/2024\/08\/RandM-Tornado-15000-Wholesale-Blue-Razz-Lemonade-100x100.jpg",100,100,true],"wcpr-photo-reviews":["https:\/\/rmvapesale.com\/wp-content\/uploads\/2024\/08\/RandM-Tornado-15000-Wholesale-Blue-Razz-Lemonade.jpg",500,500,false]},"uagb_author_info":{"display_name":"AMY","author_link":"https:\/\/rmvapesale.com\/pt\/author\/"},"uagb_comment_info":0,"uagb_excerpt":"Fumot Tornado 15000 VAPE Wholesale Price ORIGINAL RandM Tornado 15000 Factory Wholesale in Stock Genuine RANDM Vape FUMOT TORNADO 15000 Discount Price Contact Amy For More Discount And Lower MOQ Vape WhatsApp: +86 17776015835","_links":{"self":[{"href":"https:\/\/rmvapesale.com\/pt\/wp-json\/wp\/v2\/product\/1940","targetHints":{"allow":["GET"]}}],"collection":[{"href":"https:\/\/rmvapesale.com\/pt\/wp-json\/wp\/v2\/product"}],"about":[{"href":"https:\/\/rmvapesale.com\/pt\/wp-json\/wp\/v2\/types\/product"}],"replies":[{"embeddable":true,"href":"https:\/\/rmvapesale.com\/pt\/wp-json\/wp\/v2\/comments?post=1940"}],"wp:featuredmedia":[{"embeddable":true,"href":"https:\/\/rmvapesale.com\/pt\/wp-json\/wp\/v2\/media\/1937"}],"wp:attachment":[{"href":"https:\/\/rmvapesale.com\/pt\/wp-json\/wp\/v2\/media?parent=1940"}],"wp:term":[{"taxonomy":"product_brand","embeddable":true,"href":"https:\/\/rmvapesale.com\/pt\/wp-json\/wp\/v2\/product_brand?post=1940"},{"taxonomy":"product_cat","embeddable":true,"href":"https:\/\/rmvapesale.com\/pt\/wp-json\/wp\/v2\/product_cat?post=1940"},{"taxonomy":"product_tag","embeddable":true,"href":"https:\/\/rmvapesale.com\/pt\/wp-json\/wp\/v2\/product_tag?post=1940"}],"curies":[{"name":"wp","href":"https:\/\/api.w.org\/{rel}","templated":true}]}}