{"id":1942,"date":"2024-09-05T05:47:08","date_gmt":"2024-09-05T05:47:08","guid":{"rendered":"https:\/\/rmvapesale.com\/?post_type=product&#038;p=1942"},"modified":"2025-01-20T03:42:22","modified_gmt":"2025-01-20T03:42:22","slug":"vapme-crystal-7000-puffs-rechargeable-disposable-vape-price","status":"publish","type":"product","link":"https:\/\/rmvapesale.com\/pt\/product\/vapme-crystal-7000-puffs-rechargeable-disposable-vape-price\/","title":{"rendered":"Vapme Crystal 7000 Puffs Pre\u00e7o Vape Descart\u00e1vel Recarreg\u00e1vel"},"content":{"rendered":"<h1>Vapme Crystal 7000 Puffs Pre\u00e7o Vape Descart\u00e1vel Recarreg\u00e1vel<\/h1>\n<p>Apresentamos a edi\u00e7\u00e3o original Vapme Crystal 7000 puffs, um cigarro eletr\u00f3nico descart\u00e1vel recarreg\u00e1vel - um dispositivo premium projetado para uma experi\u00eancia de vaporiza\u00e7\u00e3o superior. Este cigarro eletr\u00f3nico descart\u00e1vel recarreg\u00e1vel oferece uma ampla variedade de sabores e n\u00edveis de nicotina personaliz\u00e1veis. Escolha entre 30 sabores aliciantes para adaptar a sua jornada de vaporiza\u00e7\u00e3o \u00e0s suas prefer\u00eancias de sabor. Aqui na nossa loja, ter\u00e1 um pre\u00e7o de atacado para o cigarro eletr\u00f3nico descart\u00e1vel recarreg\u00e1vel Vapme Crystal 7000 puffs.<\/p>\n<p>Dispon\u00edvel em concentra\u00e7\u00f5es de nicotina de 0%, 2% e 5%, este cigarro eletr\u00f3nico permite-lhe ajustar a sua experi\u00eancia para se adequar \u00e0s suas necessidades.<\/p>\n<p>A barra de cigarro eletr\u00f3nico VAPME Crystal \u00e9 alimentada por uma bateria de cobalto robusta de 650mAh e possui uma porta conveniente Tipo-C para energia confi\u00e1vel e recarga sem esfor\u00e7o.<\/p>\n<p>Com uma capacidade substancial de 14mL de e-l\u00edquido e uma bobina de malha de 1.0 ohm, este cigarro eletr\u00f3nico garante um vapor suave e saboroso a cada tragada.<\/p>\n<p>Desfrute de at\u00e9 7000 puffs de satisfa\u00e7\u00e3o com este cigarro eletr\u00f3nico descart\u00e1vel recarreg\u00e1vel, perfeito para aqueles que valorizam tanto a conveni\u00eancia quanto a qualidade na sua experi\u00eancia de vaporiza\u00e7\u00e3o.<\/p>\n<p>&nbsp;<\/p>\n<p><strong>Contacte a Amy para obter a resposta certa e o pre\u00e7o de revenda!<\/strong><\/p>\n<p><img loading=\"lazy\" decoding=\"async\" class=\"size-medium wp-image-1814\" src=\"https:\/\/rmvapesale.com\/wp-content\/uploads\/2024\/04\/whatsapp-amy-229x300.jpg\" alt=\"whatsapp amy\" width=\"229\" height=\"300\" srcset=\"https:\/\/rmvapesale.com\/wp-content\/uploads\/2024\/04\/whatsapp-amy-229x300.jpg 229w, https:\/\/rmvapesale.com\/wp-content\/uploads\/2024\/04\/whatsapp-amy-783x1024.jpg 783w, https:\/\/rmvapesale.com\/wp-content\/uploads\/2024\/04\/whatsapp-amy-768x1005.jpg 768w, https:\/\/rmvapesale.com\/wp-content\/uploads\/2024\/04\/whatsapp-amy-600x785.jpg 600w, https:\/\/rmvapesale.com\/wp-content\/uploads\/2024\/04\/whatsapp-amy.jpg 990w\" sizes=\"auto, (max-width: 229px) 100vw, 229px\" \/><\/p>\n<h2><\/h2>\n<h2><strong>O que torna <\/strong><strong>PUFF <\/strong><strong>7000 <\/strong><strong>VAPME Crystal <\/strong><strong>um popular<\/strong>\u00a0<strong>cigarro eletr\u00f3nico descart\u00e1vel?<\/strong><\/h2>\n<p>Op\u00e7\u00f5es de teor de nicotina: 0%, 2%, 3% e 5%<br \/>\nAt\u00e9 7000 puffs<br \/>\nPr\u00e9-preenchido com 14ml de e-l\u00edquido<br \/>\nbateria recarreg\u00e1vel de 650mAh<br \/>\nBobina de malha 1.0 \u03a9<br \/>\n30 sabores dispon\u00edveis<\/p>\n<h2><strong>Qual \u00e9 o sabor popular para o cigarro eletr\u00f3nico VAPME Crystal 7000?<\/strong><\/h2>\n<p>Os VAPME Crystal 7000 Puffs oferecem um total de 30 sabores dispon\u00edveis para a sua escolha, h\u00e1 algo para cada paladar.<\/p>\n<p>1.Mirtilo Framboesa<br \/>\n2. Uva baga<br \/>\n3. Pastilha el\u00e1stica de morango e melancia<br \/>\n4. Doce de morango e framboesa<br \/>\n5.Morango e banana<br \/>\n6. Morango e manga<br \/>\n7. P\u00eassego, manga e anan\u00e1s<br \/>\n8.Gelo de melancia<br \/>\n9. Manga tripla<br \/>\n10. Gelo de cereja<br \/>\n11. Gelo de maracuj\u00e1 e mel\u00e3o<br \/>\n12. Kiwi, maracuj\u00e1 e goiaba<br \/>\n13. Gelo de morango<br \/>\n14. Gelo de p\u00eassego<br \/>\n15. Limonada de framboesa azul<br \/>\n16. Morango e kiwi<br \/>\n17. Bebida energ\u00e9tica<br \/>\n18. Cola de cereja<br \/>\n19. Gelo de frutas silvestres mistas<br \/>\n20. Lim\u00e3o<br \/>\n21. Morango e uva<br \/>\n22. Gelo de groselha preta<br \/>\n23. Mirtilo Cranberry Cereja<br \/>\n24. Gelo de melancia e kiwi<br \/>\n25. Cereja e bagas<br \/>\n26. Menta<br \/>\n27. Ponche de frutas tropicais<br \/>\n28. Senhor azul<br \/>\n29. Ma\u00e7\u00e3 dupla<br \/>\n30. Gelo de banana<\/p>\n<figure id=\"attachment_1945\" aria-describedby=\"caption-attachment-1945\" style=\"width: 500px\" class=\"wp-caption alignnone\"><img loading=\"lazy\" decoding=\"async\" class=\"wp-image-1945 size-full\" src=\"https:\/\/rmvapesale.com\/wp-content\/uploads\/2024\/09\/Vapme-Crystal-7000-Puffs-Disposable-Vape-Wholesale.jpg\" alt=\"Vapme Crystal 7000 Puffs Vape Descart\u00e1vel Venda por Atacado\" width=\"500\" height=\"500\" srcset=\"https:\/\/rmvapesale.com\/wp-content\/uploads\/2024\/09\/Vapme-Crystal-7000-Puffs-Disposable-Vape-Wholesale.jpg 500w, https:\/\/rmvapesale.com\/wp-content\/uploads\/2024\/09\/Vapme-Crystal-7000-Puffs-Disposable-Vape-Wholesale-300x300.jpg 300w, https:\/\/rmvapesale.com\/wp-content\/uploads\/2024\/09\/Vapme-Crystal-7000-Puffs-Disposable-Vape-Wholesale-150x150.jpg 150w, https:\/\/rmvapesale.com\/wp-content\/uploads\/2024\/09\/Vapme-Crystal-7000-Puffs-Disposable-Vape-Wholesale-100x100.jpg 100w\" sizes=\"auto, (max-width: 500px) 100vw, 500px\" \/><figcaption id=\"caption-attachment-1945\" class=\"wp-caption-text\">Vapme Crystal 7000 Puffs Vape Descart\u00e1vel Venda por Atacado<\/figcaption><\/figure>\n<h2><strong>Perguntas que talvez queira saber sobre o PUFF Vape VAPME Crystal 7000<\/strong><\/h2>\n<p>&nbsp;<\/p>\n<h3>P 1. O que \u00e9 o Vaporizador Descart\u00e1vel VAPME Crystal 7000 Puffs?<\/h3>\n<p>R: O <span style=\"font-size: 16px\">VAPME Crystal 7000 Puffs<\/span> \u00e9 um dispositivo de vaporiza\u00e7\u00e3o descart\u00e1vel recarreg\u00e1vel, concebido para sess\u00f5es de vaporiza\u00e7\u00e3o prolongadas. O seu nome deve-se \u00e0 impressionante capacidade de 7000 baforadas e \u00e0s luzes multicolores que fazem lembrar um cristal iluminado.<\/p>\n<h3>P 2. Quanto tempo dura o Vaporizador VAPME Crystal 7000 Original?<\/h3>\n<p>R: O Aut\u00eantico <span style=\"font-size: 16px\">VAPME Crystal 7000 Puffs <\/span>possui uma bateria embutida com uma capacidade de 650 mAh, oferecendo uso prolongado com uma \u00fanica carga. No entanto, a vida \u00fatil exata da bateria depende dos padr\u00f5es de uso individuais.<\/p>\n<h3>P 3. O VAPME Crystal Original 7000 Puffs \u00e9 recarreg\u00e1vel?<\/h3>\n<p><span style=\"font-size: 16px\">R: Sim, o VAPME Crystal 7000 Puffs Original vem com uma bateria recarreg\u00e1vel. Pode desfrut\u00e1-lo at\u00e9 \u00e0 \u00faltima gota.<\/span><\/p>\n<h3>P 4. Onde posso obter o pre\u00e7o de atacado para o vaporizador descart\u00e1vel recarreg\u00e1vel Vapme Crystal 7000 puffs?<\/h3>\n<p>R: O <span style=\"font-size: 16px\">VAPME Crystal 7000 Puffs <\/span>est\u00e1 dispon\u00edvel para compra atrav\u00e9s de distribuidores autorizados. Para quest\u00f5es de atacado, os distribuidores podem <a href=\"https:\/\/wa.me\/8617776015835\" target=\"_blank\" rel=\"noopener\">contactar-nos<\/a> diretamente. Os clientes de retalho podem encontrar o produto em retalhistas selecionados ou lojas online.<\/p>\n<p>Encontre mais produtos de vape que talvez goste:<em><a href=\"https:\/\/rmvapesale.com\/pt\/shop-2\/\">Compre agora\u00a0<\/a><\/em><\/p>\n<p>outros vapes populares que poder\u00e1 gostar:<\/p>\n<p><a href=\"https:\/\/rmvapesale.com\/pt\/product\/randm-vape-al-fakher-10000-puffs-vape-wholesale\/\">randm vape AI FAKHER 15k vape<\/a><\/p>\n<p><a href=\"https:\/\/rmvapesale.com\/pt\/product\/original-randm-tornado-9000-puffs-disposable-vape-factory-price\/\">RandM Tornado 9000<\/a><\/p>","protected":false},"excerpt":{"rendered":"<p>Vapme Crystal 7000 Puffs Cigarro eletr\u00f3nico descart\u00e1vel recarreg\u00e1vel Pre\u00e7o de compra a granel<\/p>\n<p>Puff 7000 Vapme Crystal Cigarro eletr\u00f3nico descart\u00e1vel original Melhor sabor<\/p>\n<p>VAPME CRYSTAL 7000 Puffs 2% Nicotina<\/p>\n<p><strong>Contacte a Amy Para Mais Descontos e MOQ Vape Mais Baixo<\/strong><\/p>\n<p><img loading=\"lazy\" decoding=\"async\" class=\"size-medium wp-image-1814\" src=\"https:\/\/rmvapesale.com\/wp-content\/uploads\/2024\/04\/whatsapp-amy-229x300.jpg\" alt=\"whatsapp amy\" width=\"229\" height=\"300\" srcset=\"https:\/\/rmvapesale.com\/wp-content\/uploads\/2024\/04\/whatsapp-amy-229x300.jpg 229w, https:\/\/rmvapesale.com\/wp-content\/uploads\/2024\/04\/whatsapp-amy-783x1024.jpg 783w, https:\/\/rmvapesale.com\/wp-content\/uploads\/2024\/04\/whatsapp-amy-768x1005.jpg 768w, https:\/\/rmvapesale.com\/wp-content\/uploads\/2024\/04\/whatsapp-amy-600x785.jpg 600w, https:\/\/rmvapesale.com\/wp-content\/uploads\/2024\/04\/whatsapp-amy.jpg 990w\" sizes=\"auto, (max-width: 229px) 100vw, 229px\" \/><\/p>\n<h3><span style=\"color: #ff0000\"><strong>WhatsApp: +86 17776015835<\/strong><\/span><\/h3>","protected":false},"featured_media":2671,"comment_status":"open","ping_status":"closed","template":"","meta":{"_uag_custom_page_level_css":"","_lmt_disableupdate":"no","_lmt_disable":"","site-sidebar-layout":"default","site-content-layout":"content-boxed-container","ast-site-content-layout":"normal-width-container","site-content-style":"boxed","site-sidebar-style":"unboxed","ast-global-header-display":"","ast-banner-title-visibility":"","ast-main-header-display":"","ast-hfb-above-header-display":"","ast-hfb-below-header-display":"","ast-hfb-mobile-header-display":"","site-post-title":"","ast-breadcrumbs-content":"","ast-featured-img":"","footer-sml-layout":"","ast-disable-related-posts":"","theme-transparent-header-meta":"default","adv-header-id-meta":"","stick-header-meta":"","header-above-stick-meta":"","header-main-stick-meta":"","header-below-stick-meta":"","astra-migrate-meta-layouts":"set","ast-page-background-enabled":"default","ast-page-background-meta":{"desktop":{"background-color":"var(--ast-global-color-4)","background-image":"","background-repeat":"repeat","background-position":"center center","background-size":"auto","background-attachment":"scroll","background-type":"","background-media":"","overlay-type":"","overlay-color":"","overlay-opacity":"","overlay-gradient":""},"tablet":{"background-color":"","background-image":"","background-repeat":"repeat","background-position":"center center","background-size":"auto","background-attachment":"scroll","background-type":"","background-media":"","overlay-type":"","overlay-color":"","overlay-opacity":"","overlay-gradient":""},"mobile":{"background-color":"","background-image":"","background-repeat":"repeat","background-position":"center center","background-size":"auto","background-attachment":"scroll","background-type":"","background-media":"","overlay-type":"","overlay-color":"","overlay-opacity":"","overlay-gradient":""}},"ast-content-background-meta":{"desktop":{"background-color":"var(--ast-global-color-5)","background-image":"","background-repeat":"repeat","background-position":"center center","background-size":"auto","background-attachment":"scroll","background-type":"","background-media":"","overlay-type":"","overlay-color":"","overlay-opacity":"","overlay-gradient":""},"tablet":{"background-color":"var(--ast-global-color-5)","background-image":"","background-repeat":"repeat","background-position":"center center","background-size":"auto","background-attachment":"scroll","background-type":"","background-media":"","overlay-type":"","overlay-color":"","overlay-opacity":"","overlay-gradient":""},"mobile":{"background-color":"var(--ast-global-color-5)","background-image":"","background-repeat":"repeat","background-position":"center center","background-size":"auto","background-attachment":"scroll","background-type":"","background-media":"","overlay-type":"","overlay-color":"","overlay-opacity":"","overlay-gradient":""}},"_joinchat":[]},"product_brand":[],"product_cat":[25,272,290,27,123,293,30,26,15,28,295,137,136,135,281],"product_tag":[48,40,41,54,53,37],"class_list":{"0":"post-1942","1":"product","2":"type-product","3":"status-publish","4":"has-post-thumbnail","6":"product_cat-germany-best-selling-vape","7":"product_cat-7000-puff-disposable-vape","8":"product_cat-crystal-disposable-vapes","9":"product_cat-fance-hot-sale-vape","10":"product_cat-italy-wholesale-vape","11":"product_cat-low-nicotine-disposable-vapes","12":"product_cat-minimum-order-quantity-50pcs","13":"product_cat-netherlands-hot-sale-vape","14":"product_cat-new-vape-this-week","15":"product_cat-poland-hot-sale-vape","16":"product_cat-rechargeable-disposable-vapes","17":"product_cat-rechargeable-vapes","18":"product_cat-smart-screen-vapes","19":"product_cat-spain-best-hot-sale-vape","20":"product_cat-vapme-vape","21":"product_tag-7000-puffs-vape","22":"product_tag-hot-sale-vape","23":"product_tag-original-factory-vape","24":"product_tag-rechargeable-disposable-vape","25":"product_tag-vapme-vape","26":"product_tag-wholesale-vape-price","27":"desktop-align-left","28":"tablet-align-left","29":"mobile-align-left","31":"first","32":"instock","33":"sale","34":"shipping-taxable","35":"purchasable","36":"product-type-simple"},"uagb_featured_image_src":{"full":["https:\/\/rmvapesale.com\/wp-content\/uploads\/2024\/11\/Vapme-Crystal-Rechareable-Vape-Wholesale.jpg",800,800,false],"thumbnail":["https:\/\/rmvapesale.com\/wp-content\/uploads\/2024\/11\/Vapme-Crystal-Rechareable-Vape-Wholesale-150x150.jpg",150,150,true],"medium":["https:\/\/rmvapesale.com\/wp-content\/uploads\/2024\/11\/Vapme-Crystal-Rechareable-Vape-Wholesale-300x300.jpg",300,300,true],"medium_large":["https:\/\/rmvapesale.com\/wp-content\/uploads\/2024\/11\/Vapme-Crystal-Rechareable-Vape-Wholesale-768x768.jpg",768,768,true],"large":["https:\/\/rmvapesale.com\/wp-content\/uploads\/2024\/11\/Vapme-Crystal-Rechareable-Vape-Wholesale.jpg",800,800,false],"1536x1536":["https:\/\/rmvapesale.com\/wp-content\/uploads\/2024\/11\/Vapme-Crystal-Rechareable-Vape-Wholesale.jpg",800,800,false],"2048x2048":["https:\/\/rmvapesale.com\/wp-content\/uploads\/2024\/11\/Vapme-Crystal-Rechareable-Vape-Wholesale.jpg",800,800,false],"trp-custom-language-flag":["https:\/\/rmvapesale.com\/wp-content\/uploads\/2024\/11\/Vapme-Crystal-Rechareable-Vape-Wholesale.jpg",12,12,false],"woocommerce_thumbnail":["https:\/\/rmvapesale.com\/wp-content\/uploads\/2024\/11\/Vapme-Crystal-Rechareable-Vape-Wholesale-300x300.jpg",300,300,true],"woocommerce_single":["https:\/\/rmvapesale.com\/wp-content\/uploads\/2024\/11\/Vapme-Crystal-Rechareable-Vape-Wholesale-600x600.jpg",600,600,true],"woocommerce_gallery_thumbnail":["https:\/\/rmvapesale.com\/wp-content\/uploads\/2024\/11\/Vapme-Crystal-Rechareable-Vape-Wholesale-100x100.jpg",100,100,true],"wcpr-photo-reviews":["https:\/\/rmvapesale.com\/wp-content\/uploads\/2024\/11\/Vapme-Crystal-Rechareable-Vape-Wholesale.jpg",500,500,false]},"uagb_author_info":{"display_name":"AMY","author_link":"https:\/\/rmvapesale.com\/pt\/author\/"},"uagb_comment_info":0,"uagb_excerpt":"Vapme Crystal 7000 Puffs Rechargeable Disposable Vape Bulk Buy Price Puff 7000 Vapme Crystal Original Disposable Vape Best Flavor VAPME CRYSTAL 7000 Puffs 2% Nicotine Contact Amy For More Discount And Lower MOQ Vape WhatsApp: +86 17776015835","_links":{"self":[{"href":"https:\/\/rmvapesale.com\/pt\/wp-json\/wp\/v2\/product\/1942","targetHints":{"allow":["GET"]}}],"collection":[{"href":"https:\/\/rmvapesale.com\/pt\/wp-json\/wp\/v2\/product"}],"about":[{"href":"https:\/\/rmvapesale.com\/pt\/wp-json\/wp\/v2\/types\/product"}],"replies":[{"embeddable":true,"href":"https:\/\/rmvapesale.com\/pt\/wp-json\/wp\/v2\/comments?post=1942"}],"wp:featuredmedia":[{"embeddable":true,"href":"https:\/\/rmvapesale.com\/pt\/wp-json\/wp\/v2\/media\/2671"}],"wp:attachment":[{"href":"https:\/\/rmvapesale.com\/pt\/wp-json\/wp\/v2\/media?parent=1942"}],"wp:term":[{"taxonomy":"product_brand","embeddable":true,"href":"https:\/\/rmvapesale.com\/pt\/wp-json\/wp\/v2\/product_brand?post=1942"},{"taxonomy":"product_cat","embeddable":true,"href":"https:\/\/rmvapesale.com\/pt\/wp-json\/wp\/v2\/product_cat?post=1942"},{"taxonomy":"product_tag","embeddable":true,"href":"https:\/\/rmvapesale.com\/pt\/wp-json\/wp\/v2\/product_tag?post=1942"}],"curies":[{"name":"wp","href":"https:\/\/api.w.org\/{rel}","templated":true}]}}