{"id":1962,"date":"2024-09-10T02:25:58","date_gmt":"2024-09-10T02:25:58","guid":{"rendered":"https:\/\/rmvapesale.com\/?post_type=product&#038;p=1962"},"modified":"2025-01-20T03:45:42","modified_gmt":"2025-01-20T03:45:42","slug":"bang-beach-22000-puffs-smart-screen-vapes-factory-price","status":"publish","type":"product","link":"https:\/\/rmvapesale.com\/pt\/product\/bang-beach-22000-puffs-smart-screen-vapes-factory-price\/","title":{"rendered":"Bang Beach 22000 Puffs Vapes de Ecr\u00e3 Inteligente Pre\u00e7o de F\u00e1brica"},"content":{"rendered":"<h1>Bang Beach 22000 Puffs Vapes de Ecr\u00e3 Inteligente Pre\u00e7o de F\u00e1brica<\/h1>\n<p>Apresentamos os Vapes de ecr\u00e3 inteligente Bang Beach 22000 Puffs, concebidos para proporcionar uma experi\u00eancia de vaping superior.<\/p>\n<p>Esta caneta de vape descart\u00e1vel oferece at\u00e9 22.000 inala\u00e7\u00f5es, gra\u00e7as ao seu grande cartucho de l\u00edquido pr\u00e9-cheio de 36ml, eliminando a necessidade de recargas frequentes.<\/p>\n<p>Ajuste o seu consumo de nicotina com op\u00e7\u00f5es de 0%, 2%, 3% e 5% para corresponder \u00e0 sua prefer\u00eancia pessoal. Melhore a sua experi\u00eancia de vaping com a bobina de malha 1.0 e o fluxo de ar ajust\u00e1vel, que lhe permitem personalizar tanto o sabor como a produ\u00e7\u00e3o de vapor.<\/p>\n<p>A caneta de vape possui uma bateria recarreg\u00e1vel robusta de 850mAh e uma porta de carregamento Tipo-C, garantindo uma recarga r\u00e1pida e f\u00e1cil. Mantenha-se atualizado com o ecr\u00e3 LED incorporado que mostra a dura\u00e7\u00e3o da bateria e as informa\u00e7\u00f5es de utiliza\u00e7\u00e3o em tempo real. Escolha entre uma sele\u00e7\u00e3o de 12 sabores para encontrar o sabor perfeito para si.<\/p>\n<p>Experimente hoje a conveni\u00eancia e a qualidade premium dos Vapes de ecr\u00e3 inteligente originais Bang Beach 22000 Puffs.<\/p>\n<p><strong>Contacte a Amy para obter uma resposta imediata e mais descontos!<\/strong><\/p>\n<p><img loading=\"lazy\" decoding=\"async\" class=\"size-medium wp-image-1814\" src=\"https:\/\/rmvapesale.com\/wp-content\/uploads\/2024\/04\/whatsapp-amy-229x300.jpg\" alt=\"whatsapp amy\" width=\"229\" height=\"300\" srcset=\"https:\/\/rmvapesale.com\/wp-content\/uploads\/2024\/04\/whatsapp-amy-229x300.jpg 229w, https:\/\/rmvapesale.com\/wp-content\/uploads\/2024\/04\/whatsapp-amy-783x1024.jpg 783w, https:\/\/rmvapesale.com\/wp-content\/uploads\/2024\/04\/whatsapp-amy-768x1005.jpg 768w, https:\/\/rmvapesale.com\/wp-content\/uploads\/2024\/04\/whatsapp-amy-600x785.jpg 600w, https:\/\/rmvapesale.com\/wp-content\/uploads\/2024\/04\/whatsapp-amy.jpg 990w\" sizes=\"auto, (max-width: 229px) 100vw, 229px\" \/><\/p>\n<h3><span style=\"color: #ff0000\"><strong>WhatsApp: +86 17776015835<\/strong><\/span><\/h3>\n<p>&nbsp;<\/p>\n<h2><strong>Bang Beach 22000 Caracter\u00edsticas principais<\/strong><\/h2>\n<p>Nicotina: 0% 2% 3% 5%<br \/>\nInala\u00e7\u00f5es:22000<br \/>\nCapacidade:36ml<br \/>\n12 sabores dispon\u00edveis<br \/>\n850mah Recarreg\u00e1vel<br \/>\nEcr\u00e3 inteligente<br \/>\nBobina de Malha<\/p>\n<h2><strong>Qual \u00e9 o melhor sabor para o Bang Beach 22000 Puffs<\/strong><strong>?<\/strong><\/h2>\n<p>Estes Vapes com Ecr\u00e3 Inteligente Bang Vape 20000 Puffs oferecem um total de 12 sabores dispon\u00edveis para sua escolha, h\u00e1 algo melhor para si.<\/p>\n<p>1. P\u00eassego Gelado<br \/>\n2. P\u00eassego Manga<br \/>\n3. Frutas Silvestres<br \/>\n4. Limonada Rosa<br \/>\n5. Morango Melancia<br \/>\n6.Melancia Gelada<br \/>\n7. Grape Ice<br \/>\n8. Vimto<br \/>\n9.Morango Gelo<br \/>\n10. Cereja<br \/>\n11. Framboesa Mirtilo<br \/>\n12.Ma\u00e7\u00e3 Azeda<\/p>\n<h2><strong>Perguntas que poder\u00e1 querer saber sobre o Bang Beach 22k Puffs<\/strong><\/h2>\n<p>&nbsp;<\/p>\n<p><strong>1. Quantas inala\u00e7\u00f5es posso esperar do Bang Beach 22k Puffs?<\/strong><\/p>\n<p>O Bang Beach 22k Puffs possui umas impressionantes 22000 inala\u00e7\u00f5es (num ambiente de teste), proporcionando uma utiliza\u00e7\u00e3o prolongada e uma satisfa\u00e7\u00e3o duradoura.<\/p>\n<p><strong>2. Que teor de nicotina oferece o Bang Beach 22k Puffs?<\/strong><\/p>\n<p>O Bang Beach 22k Puffs vem pr\u00e9-cheio com e-l\u00edquido com teor de nicotina de 0% 2% 3% 5%, oferecendo uma experi\u00eancia de vaping equilibrada.<\/p>\n<p><strong>3. Como \u00e9 que a Tecnologia Mesh Coil melhora a experi\u00eancia de vaping?<\/strong><\/p>\n<p>A tecnologia Mesh Coil integrada no Bang King Vape 20000 Puffs Smart Screen Vapes apresenta uma bobina de baixa resist\u00eancia de 0,8ohm. Este design maximiza a \u00e1rea da superf\u00edcie de aquecimento, resultando em inala\u00e7\u00f5es mais suaves e produ\u00e7\u00e3o de vapor melhorada. A tecnologia garante um aquecimento uniforme e consistente do e-l\u00edquido, proporcionando uma experi\u00eancia de sabor superior.<\/p>\n<p><strong>4. Onde posso comprar os Bang Beach 22k Puffs genu\u00ednos?<\/strong><\/p>\n<p>O Bang Beach 22k Puffs Genu\u00edno est\u00e1 dispon\u00edvel para compra atrav\u00e9s de distribuidores autorizados. Para pedidos de atacado, os distribuidores podem <a href=\"https:\/\/wa.me\/8617776015835\" target=\"_blank\" rel=\"noopener\">contactar-nos<\/a> diretamente. Os clientes de retalho podem encontrar o produto em retalhistas selecionados ou lojas online. Todos os produtos na nossa loja s\u00e3o 100% originais e aut\u00eanticos, dez vezes a compensa\u00e7\u00e3o por produtos falsos \u00e9 a pol\u00edtica da nossa loja.<\/p>\n<p>&nbsp;<\/p>\n<p><strong>Detalhes de envio:<\/strong><\/p>\n<div class=\"flex-shrink-0 flex flex-col relative items-end\">\n<div>\n<div class=\"pt-0\">\n<div class=\"gizmo-bot-avatar flex h-8 w-8 items-center justify-center overflow-hidden rounded-full\">\n<div class=\"relative p-1 rounded-sm flex items-center justify-center bg-token-main-surface-primary text-token-text-primary h-8 w-8\"><strong>Que m\u00e9todos de envio s\u00e3o utilizados?<\/strong><\/div>\n<\/div>\n<\/div>\n<\/div>\n<\/div>\n<div class=\"group\/conversation-turn relative flex w-full min-w-0 flex-col agent-turn\">\n<div class=\"flex-col gap-1 md:gap-3\">\n<div class=\"flex max-w-full flex-col flex-grow\">\n<div class=\"min-h-[20px] text-message flex w-full flex-col items-end gap-2 whitespace-normal break-words [.text-message+&amp;]:mt-5 overflow-x-auto\" dir=\"auto\" data-message-author-role=\"assistant\" data-message-id=\"22f8283b-3233-46ff-89a5-c7a41b33abda\">\n<div class=\"flex w-full flex-col gap-1 empty:hidden first:pt-[3px]\">\n<div class=\"markdown prose w-full break-words dark:prose-invert light\">\n<p>Fazemos parceria com a UPS, DHL, FedEx, DPD e outras transportadoras l\u00edderes. Selecionaremos o melhor m\u00e9todo de envio com base na sua localiza\u00e7\u00e3o de entrega para garantir que receba os seus produtos o mais r\u00e1pido poss\u00edvel.<\/p>\n<\/div>\n<p><strong>Quanto tempo demora a chegar?<\/strong><\/p>\n<p>As encomendas enviadas para Portugal geralmente chegam dentro de 10 dias \u00fateis. O envio para pa\u00edses europeus demora geralmente cerca de 12-15 dias \u00fateis. Forneceremos atualiza\u00e7\u00f5es em tempo real sobre o estado do seu envio.<\/p>\n<p>&nbsp;<\/p>\n<\/div>\n<\/div>\n<\/div>\n<\/div>\n<\/div>\n<p>Encontre mais produtos de vape que talvez goste:<em><a href=\"https:\/\/rmvapesale.com\/pt\/shop-2\/\">Compre agora\u00a0<\/a><\/em><\/p>\n<p>outros vapes populares que poder\u00e1 gostar:<\/p>\n<p><a href=\"https:\/\/rmvapesale.com\/pt\/product\/randm-vape-al-fakher-10000-puffs-vape-wholesale\/\">randm vape AI FAKHER 15k vape<\/a><\/p>\n<p><a href=\"https:\/\/rmvapesale.com\/pt\/product\/original-randm-tornado-9000-puffs-disposable-vape-factory-price\/\">RandM Tornado 9000<\/a><\/p>\n<p><a href=\"https:\/\/rmvapesale.com\/pt\/product\/bang-30k-puffs-disposable-vape-double-taste-wholesale-italy\/\">Bang 30k Puffs<\/a><\/p>","protected":false},"excerpt":{"rendered":"<p>Bang Beach 22000 Puffs Edi\u00e7\u00e3o de ecr\u00e3 LED Pre\u00e7o de venda por grosso de Vape<br \/>\nBang Beach 22000 Puffs Vapes de Ecr\u00e3 Inteligente Pre\u00e7o de F\u00e1brica<br \/>\nBang Beach 22000 20k Puffs Cigarros eletr\u00f3nicos Compra a granel<\/p>\n<p><strong>Contacte a Amy Para Mais Descontos e MOQ Vape Mais Baixo<\/strong><\/p>\n<p><img loading=\"lazy\" decoding=\"async\" class=\"size-medium wp-image-1814\" src=\"https:\/\/rmvapesale.com\/wp-content\/uploads\/2024\/04\/whatsapp-amy-229x300.jpg\" alt=\"whatsapp amy\" width=\"229\" height=\"300\" srcset=\"https:\/\/rmvapesale.com\/wp-content\/uploads\/2024\/04\/whatsapp-amy-229x300.jpg 229w, https:\/\/rmvapesale.com\/wp-content\/uploads\/2024\/04\/whatsapp-amy-783x1024.jpg 783w, https:\/\/rmvapesale.com\/wp-content\/uploads\/2024\/04\/whatsapp-amy-768x1005.jpg 768w, https:\/\/rmvapesale.com\/wp-content\/uploads\/2024\/04\/whatsapp-amy-600x785.jpg 600w, https:\/\/rmvapesale.com\/wp-content\/uploads\/2024\/04\/whatsapp-amy.jpg 990w\" sizes=\"auto, (max-width: 229px) 100vw, 229px\" \/><\/p>\n<h3><span style=\"color: #ff0000\"><strong>WhatsApp: +86 17776015835<\/strong><\/span><\/h3>","protected":false},"featured_media":1957,"comment_status":"open","ping_status":"closed","template":"","meta":{"_uag_custom_page_level_css":"","_lmt_disableupdate":"no","_lmt_disable":"","site-sidebar-layout":"default","site-content-layout":"content-boxed-container","ast-site-content-layout":"normal-width-container","site-content-style":"boxed","site-sidebar-style":"unboxed","ast-global-header-display":"","ast-banner-title-visibility":"","ast-main-header-display":"","ast-hfb-above-header-display":"","ast-hfb-below-header-display":"","ast-hfb-mobile-header-display":"","site-post-title":"","ast-breadcrumbs-content":"","ast-featured-img":"","footer-sml-layout":"","ast-disable-related-posts":"","theme-transparent-header-meta":"default","adv-header-id-meta":"","stick-header-meta":"","header-above-stick-meta":"","header-main-stick-meta":"","header-below-stick-meta":"","astra-migrate-meta-layouts":"set","ast-page-background-enabled":"default","ast-page-background-meta":{"desktop":{"background-color":"var(--ast-global-color-4)","background-image":"","background-repeat":"repeat","background-position":"center center","background-size":"auto","background-attachment":"scroll","background-type":"","background-media":"","overlay-type":"","overlay-color":"","overlay-opacity":"","overlay-gradient":""},"tablet":{"background-color":"","background-image":"","background-repeat":"repeat","background-position":"center center","background-size":"auto","background-attachment":"scroll","background-type":"","background-media":"","overlay-type":"","overlay-color":"","overlay-opacity":"","overlay-gradient":""},"mobile":{"background-color":"","background-image":"","background-repeat":"repeat","background-position":"center center","background-size":"auto","background-attachment":"scroll","background-type":"","background-media":"","overlay-type":"","overlay-color":"","overlay-opacity":"","overlay-gradient":""}},"ast-content-background-meta":{"desktop":{"background-color":"var(--ast-global-color-5)","background-image":"","background-repeat":"repeat","background-position":"center center","background-size":"auto","background-attachment":"scroll","background-type":"","background-media":"","overlay-type":"","overlay-color":"","overlay-opacity":"","overlay-gradient":""},"tablet":{"background-color":"var(--ast-global-color-5)","background-image":"","background-repeat":"repeat","background-position":"center center","background-size":"auto","background-attachment":"scroll","background-type":"","background-media":"","overlay-type":"","overlay-color":"","overlay-opacity":"","overlay-gradient":""},"mobile":{"background-color":"var(--ast-global-color-5)","background-image":"","background-repeat":"repeat","background-position":"center center","background-size":"auto","background-attachment":"scroll","background-type":"","background-media":"","overlay-type":"","overlay-color":"","overlay-opacity":"","overlay-gradient":""}},"_joinchat":[]},"product_brand":[],"product_cat":[25,273,279,60,289,292,298,291,27,123,293,30,26,15,28,295,137,299,136,135],"product_tag":[187,55,56,57,58,40,41,59,37],"class_list":{"0":"post-1962","1":"product","2":"type-product","3":"status-publish","4":"has-post-thumbnail","6":"product_cat-germany-best-selling-vape","7":"product_cat-bang-box-vape","8":"product_cat-bang-king-vape","9":"product_cat-bang-vapes","10":"product_cat-big-puffs-disposable-vapes","11":"product_cat-digital-disposable-vapes","12":"product_cat-double-flavor-disposable-vapes","13":"product_cat-dual-mesh-disposable-vapes","14":"product_cat-fance-hot-sale-vape","15":"product_cat-italy-wholesale-vape","16":"product_cat-low-nicotine-disposable-vapes","17":"product_cat-minimum-order-quantity-50pcs","18":"product_cat-netherlands-hot-sale-vape","19":"product_cat-new-vape-this-week","20":"product_cat-poland-hot-sale-vape","21":"product_cat-rechargeable-disposable-vapes","22":"product_cat-rechargeable-vapes","23":"product_cat-smart-screen-disposable-vapes","24":"product_cat-smart-screen-vapes","25":"product_cat-spain-best-hot-sale-vape","26":"product_tag-bang-box-vape","27":"product_tag-buy-vape-pods","28":"product_tag-disposable-vape-wholesale-near-me","29":"product_tag-disposable-vape-wholesale-supplier","30":"product_tag-electric-cigarettes","31":"product_tag-hot-sale-vape","32":"product_tag-original-factory-vape","33":"product_tag-puffs-vape","34":"product_tag-wholesale-vape-price","35":"desktop-align-left","36":"tablet-align-left","37":"mobile-align-left","39":"first","40":"instock","41":"sale","42":"shipping-taxable","43":"purchasable","44":"product-type-simple"},"uagb_featured_image_src":{"full":["https:\/\/rmvapesale.com\/wp-content\/uploads\/2024\/09\/Bang-Beach-22000-Disposable.jpg",800,600,false],"thumbnail":["https:\/\/rmvapesale.com\/wp-content\/uploads\/2024\/09\/Bang-Beach-22000-Disposable-150x150.jpg",150,150,true],"medium":["https:\/\/rmvapesale.com\/wp-content\/uploads\/2024\/09\/Bang-Beach-22000-Disposable-300x225.jpg",300,225,true],"medium_large":["https:\/\/rmvapesale.com\/wp-content\/uploads\/2024\/09\/Bang-Beach-22000-Disposable-768x576.jpg",768,576,true],"large":["https:\/\/rmvapesale.com\/wp-content\/uploads\/2024\/09\/Bang-Beach-22000-Disposable.jpg",800,600,false],"1536x1536":["https:\/\/rmvapesale.com\/wp-content\/uploads\/2024\/09\/Bang-Beach-22000-Disposable.jpg",800,600,false],"2048x2048":["https:\/\/rmvapesale.com\/wp-content\/uploads\/2024\/09\/Bang-Beach-22000-Disposable.jpg",800,600,false],"trp-custom-language-flag":["https:\/\/rmvapesale.com\/wp-content\/uploads\/2024\/09\/Bang-Beach-22000-Disposable.jpg",16,12,false],"woocommerce_thumbnail":["https:\/\/rmvapesale.com\/wp-content\/uploads\/2024\/09\/Bang-Beach-22000-Disposable-300x300.jpg",300,300,true],"woocommerce_single":["https:\/\/rmvapesale.com\/wp-content\/uploads\/2024\/09\/Bang-Beach-22000-Disposable-600x450.jpg",600,450,true],"woocommerce_gallery_thumbnail":["https:\/\/rmvapesale.com\/wp-content\/uploads\/2024\/09\/Bang-Beach-22000-Disposable-100x100.jpg",100,100,true],"wcpr-photo-reviews":["https:\/\/rmvapesale.com\/wp-content\/uploads\/2024\/09\/Bang-Beach-22000-Disposable.jpg",500,375,false]},"uagb_author_info":{"display_name":"AMY","author_link":"https:\/\/rmvapesale.com\/pt\/author\/"},"uagb_comment_info":0,"uagb_excerpt":"Bang Beach 22000 Puffs LED Display Edition Vape Wholesale Price Bang Beach 22000 Puffs Smart Screen Vapes Factory Price Bang Beach 22000 20k Puffs E Cigarettes Bulk Buy Contact Amy For More Discount And Lower MOQ Vape WhatsApp: +86 17776015835","_links":{"self":[{"href":"https:\/\/rmvapesale.com\/pt\/wp-json\/wp\/v2\/product\/1962","targetHints":{"allow":["GET"]}}],"collection":[{"href":"https:\/\/rmvapesale.com\/pt\/wp-json\/wp\/v2\/product"}],"about":[{"href":"https:\/\/rmvapesale.com\/pt\/wp-json\/wp\/v2\/types\/product"}],"replies":[{"embeddable":true,"href":"https:\/\/rmvapesale.com\/pt\/wp-json\/wp\/v2\/comments?post=1962"}],"wp:featuredmedia":[{"embeddable":true,"href":"https:\/\/rmvapesale.com\/pt\/wp-json\/wp\/v2\/media\/1957"}],"wp:attachment":[{"href":"https:\/\/rmvapesale.com\/pt\/wp-json\/wp\/v2\/media?parent=1962"}],"wp:term":[{"taxonomy":"product_brand","embeddable":true,"href":"https:\/\/rmvapesale.com\/pt\/wp-json\/wp\/v2\/product_brand?post=1962"},{"taxonomy":"product_cat","embeddable":true,"href":"https:\/\/rmvapesale.com\/pt\/wp-json\/wp\/v2\/product_cat?post=1962"},{"taxonomy":"product_tag","embeddable":true,"href":"https:\/\/rmvapesale.com\/pt\/wp-json\/wp\/v2\/product_tag?post=1962"}],"curies":[{"name":"wp","href":"https:\/\/api.w.org\/{rel}","templated":true}]}}