{"id":1995,"date":"2024-09-13T08:03:11","date_gmt":"2024-09-13T08:03:11","guid":{"rendered":"https:\/\/rmvapesale.com\/?post_type=product&#038;p=1995"},"modified":"2025-01-20T03:53:42","modified_gmt":"2025-01-20T03:53:42","slug":"vapme-shisha-hookah-15000-puffs-vape-0-2-nicotine","status":"publish","type":"product","link":"https:\/\/rmvapesale.com\/pt\/product\/vapme-shisha-hookah-15000-puffs-vape-0-2-nicotine\/","title":{"rendered":"Vapme Shisha Hookah 15000 Puffs Vape 0% 2% Nicotina"},"content":{"rendered":"<h1>Vapme Shisha Hookah 15000 Puffs Vape 0% 2% Nicotina<\/h1>\n<p>Apresentamos o Vapme Shisha Hookah 15000 Puffs, um vape descart\u00e1vel recarreg\u00e1vel concebido para elevar a sua experi\u00eancia de vaping. Com uma not\u00e1vel capacidade de 15000 baforadas, este dispositivo oferece um prazer prolongado e flexibilidade, dispon\u00edvel em n\u00edveis de nicotina de 0% ou 2% para se adequar \u00e0s suas prefer\u00eancias.<\/p>\n<p>Com uma generosa capacidade de e-l\u00edquido de 25ml, o Vapme Shisha Hookah garante que tem um fornecimento abundante para sess\u00f5es ininterruptas. A sua bateria recarreg\u00e1vel de 650mAh e a porta de carregamento Tipo-C proporcionam um carregamento eficiente e conveniente, garantindo que pode desfrutar do seu vape sem interrup\u00e7\u00f5es.<\/p>\n<p>Com 24 sabores \u00e0 escolha e uma resist\u00eancia de 0.6\u03a9 para um vapor suave e saboroso, este vape descart\u00e1vel recarreg\u00e1vel proporciona uma experi\u00eancia consistentemente satisfat\u00f3ria. Melhore a sua jornada de vaping com o Vapme Shisha Hookah 15000.<\/p>\n<p>&nbsp;<\/p>\n<p><strong>Contacte a Amy para obter a resposta certa e o pre\u00e7o de revenda!<\/strong><\/p>\n<p><img loading=\"lazy\" decoding=\"async\" class=\"size-medium wp-image-1814\" src=\"https:\/\/rmvapesale.com\/wp-content\/uploads\/2024\/04\/whatsapp-amy-229x300.jpg\" alt=\"whatsapp amy\" width=\"229\" height=\"300\" srcset=\"https:\/\/rmvapesale.com\/wp-content\/uploads\/2024\/04\/whatsapp-amy-229x300.jpg 229w, https:\/\/rmvapesale.com\/wp-content\/uploads\/2024\/04\/whatsapp-amy-783x1024.jpg 783w, https:\/\/rmvapesale.com\/wp-content\/uploads\/2024\/04\/whatsapp-amy-768x1005.jpg 768w, https:\/\/rmvapesale.com\/wp-content\/uploads\/2024\/04\/whatsapp-amy-600x785.jpg 600w, https:\/\/rmvapesale.com\/wp-content\/uploads\/2024\/04\/whatsapp-amy.jpg 990w\" sizes=\"auto, (max-width: 229px) 100vw, 229px\" \/><\/p>\n<h2><\/h2>\n<h2>Vapme Shisha Hookah 15000 Especifica\u00e7\u00e3o<\/h2>\n<p>Baforadas: 15000 Baforadas<br \/>\nNicotina: 0%, 2%<br \/>\nCapacidade de E-l\u00edquido: 25 ML<br \/>\nBateria: 650mAh (Recarreg\u00e1vel)<br \/>\nPorta de Carregamento: Tipo C<br \/>\nResist\u00eancia: 0.6\u03a9<br \/>\nSabores: 24 Sabores<\/p>\n<h2><strong>Melhor sabor popular para Vapme Shisha 15000 Puffs?<\/strong><\/h2>\n<p>O Vapme Shisha Hookah 15000 Puffs oferece um total de 24 sabores dispon\u00edveis para a sua escolha, h\u00e1 algo para cada paladar.<\/p>\n<p>1.Mirtilo no gelo<br \/>\n2.Kiwi maracuj\u00e1 goiaba<br \/>\n3.Limonada de framboesa azul<br \/>\n4.Morango kiwi<br \/>\n5.Frutos silvestres mistos<br \/>\n6.Morango melancia<br \/>\n7.Gelo de uva<br \/>\n8.Gelo de melancia<br \/>\n9.P\u00eassego manga anan\u00e1s<br \/>\n10.Gelo de morango<br \/>\n11.Gelo de p\u00eassego<br \/>\n12.Manga banana<br \/>\n13.Cereja amora<br \/>\n14.Mirtilo framboesa<br \/>\n15.Amor 66<br \/>\n16.Touro de melancia<br \/>\n17.Morango uva<br \/>\n18.Doce de morango e framboesa<br \/>\n19.Mamba<br \/>\n20.Melancia cereja<br \/>\n21.Ma\u00e7\u00e3 congelada<br \/>\n22.Lim\u00e3o Menta<br \/>\n23.Gelo de groselha preta<br \/>\n24.Batido de anan\u00e1s<\/p>\n<h2><\/h2>\n<h2><strong>Perguntas que talvez queira saber sobre o Vapme Shisha Hookah 15000<\/strong><\/h2>\n<p>&nbsp;<\/p>\n<h3>P 1.Quantas baforadas posso esperar do Vapme Shisha Hookah 15000<\/h3>\n<p>R. O Vapme Shisha Hookah 15000 possui umas impressionantes 15.000 baforadas (num ambiente de teste), proporcionando uma utiliza\u00e7\u00e3o prolongada e satisfa\u00e7\u00e3o duradoura.<\/p>\n<h3>P 2. Quanto tempo dura o vape Vapme Shisha Hookah 15000 aut\u00eantico?<\/h3>\n<p>R: O Vapme Shisha Hookah 15000 aut\u00eantico<span style=\"font-size: 16px\">\u00a0<\/span>possui uma bateria embutida com uma capacidade de 650 mAh, oferecendo uso prolongado com uma \u00fanica carga. No entanto, a vida \u00fatil exata da bateria depende dos padr\u00f5es de uso individuais.<\/p>\n<h3>P 3. O Vapme Shisha Hookah 15000 Original \u00e9 recarreg\u00e1vel?<\/h3>\n<p><span style=\"font-size: 16px\">R: Sim, o Vapme Shisha Hookah 15000 Original vem com uma bateria recarreg\u00e1vel de 650 mAh, que \u00e9 recarreg\u00e1vel. Pode desfrutar dele at\u00e9 \u00e0 \u00faltima gota.<\/span><\/p>\n<h3>P 4. Onde posso obter o pre\u00e7o de atacado para o Vapme Shisha Hookah 15000 vape descart\u00e1vel recarreg\u00e1vel?<\/h3>\n<p>R: O Vapme Shisha Hookah 15000<span style=\"font-size: 16px\">\u00a0<\/span>est\u00e1 dispon\u00edvel para compra atrav\u00e9s de distribuidores autorizados. Para quest\u00f5es de atacado, os distribuidores podem <a href=\"https:\/\/wa.me\/8617776015835\" target=\"_blank\" rel=\"noopener\">contactar-nos<\/a> diretamente. Os clientes de retalho podem encontrar o produto em retalhistas selecionados ou lojas online.<\/p>\n<p>&nbsp;<\/p>\n<p>Encontre mais produtos de vape que talvez goste:<em><a href=\"https:\/\/rmvapesale.com\/pt\/shop-2\/\">Compre agora\u00a0<\/a><\/em><\/p>\n<p>&nbsp;<\/p>\n<p>outros vapes populares que poder\u00e1 gostar:<\/p>\n<p><a href=\"https:\/\/rmvapesale.com\/pt\/product\/randm-vape-al-fakher-10000-puffs-vape-wholesale\/\">randm vape AI FAKHER 15k vape<\/a><\/p>\n<p><a href=\"https:\/\/rmvapesale.com\/pt\/product\/original-randm-tornado-9000-puffs-disposable-vape-factory-price\/\">RandM Tornado 9000<\/a><\/p>\n<p><a href=\"https:\/\/rmvapesale.com\/pt\/product\/vapme-crystal-7000-puffs-rechargeable-disposable-vape-price\/\">Vapme Crystal 7000 Baforadas<\/a><\/p>","protected":false},"excerpt":{"rendered":"<p>Vapme Shisha Hookah 15000 Puffs Vape Descart\u00e1vel Recarreg\u00e1vel Pre\u00e7o de Compra em Grande Quantidade<\/p>\n<p>PUFF 15000 VAPME SHISHA HOOKAH Melhor Sabor em Stock<\/p>\n<p>Vapme Shisha Hookah 15k Puffs 0% 2% Nicotina<\/p>\n<p><strong>Contacte a Amy Para Mais Descontos e MOQ Vape Mais Baixo<\/strong><\/p>\n<p><img loading=\"lazy\" decoding=\"async\" class=\"size-medium wp-image-1814\" src=\"https:\/\/rmvapesale.com\/wp-content\/uploads\/2024\/04\/whatsapp-amy-229x300.jpg\" alt=\"whatsapp amy\" width=\"229\" height=\"300\" srcset=\"https:\/\/rmvapesale.com\/wp-content\/uploads\/2024\/04\/whatsapp-amy-229x300.jpg 229w, https:\/\/rmvapesale.com\/wp-content\/uploads\/2024\/04\/whatsapp-amy-783x1024.jpg 783w, https:\/\/rmvapesale.com\/wp-content\/uploads\/2024\/04\/whatsapp-amy-768x1005.jpg 768w, https:\/\/rmvapesale.com\/wp-content\/uploads\/2024\/04\/whatsapp-amy-600x785.jpg 600w, https:\/\/rmvapesale.com\/wp-content\/uploads\/2024\/04\/whatsapp-amy.jpg 990w\" sizes=\"auto, (max-width: 229px) 100vw, 229px\" \/><\/p>\n<h3><span style=\"color: #ff0000\"><strong>WhatsApp: +86 17776015835<\/strong><\/span><\/h3>","protected":false},"featured_media":2000,"comment_status":"open","ping_status":"closed","template":"","meta":{"_uag_custom_page_level_css":"","_lmt_disableupdate":"no","_lmt_disable":"","site-sidebar-layout":"default","site-content-layout":"content-boxed-container","ast-site-content-layout":"normal-width-container","site-content-style":"boxed","site-sidebar-style":"unboxed","ast-global-header-display":"","ast-banner-title-visibility":"","ast-main-header-display":"","ast-hfb-above-header-display":"","ast-hfb-below-header-display":"","ast-hfb-mobile-header-display":"","site-post-title":"","ast-breadcrumbs-content":"","ast-featured-img":"","footer-sml-layout":"","ast-disable-related-posts":"","theme-transparent-header-meta":"default","adv-header-id-meta":"","stick-header-meta":"","header-above-stick-meta":"","header-main-stick-meta":"","header-below-stick-meta":"","astra-migrate-meta-layouts":"set","ast-page-background-enabled":"default","ast-page-background-meta":{"desktop":{"background-color":"var(--ast-global-color-4)","background-image":"","background-repeat":"repeat","background-position":"center center","background-size":"auto","background-attachment":"scroll","background-type":"","background-media":"","overlay-type":"","overlay-color":"","overlay-opacity":"","overlay-gradient":""},"tablet":{"background-color":"","background-image":"","background-repeat":"repeat","background-position":"center center","background-size":"auto","background-attachment":"scroll","background-type":"","background-media":"","overlay-type":"","overlay-color":"","overlay-opacity":"","overlay-gradient":""},"mobile":{"background-color":"","background-image":"","background-repeat":"repeat","background-position":"center center","background-size":"auto","background-attachment":"scroll","background-type":"","background-media":"","overlay-type":"","overlay-color":"","overlay-opacity":"","overlay-gradient":""}},"ast-content-background-meta":{"desktop":{"background-color":"var(--ast-global-color-5)","background-image":"","background-repeat":"repeat","background-position":"center center","background-size":"auto","background-attachment":"scroll","background-type":"","background-media":"","overlay-type":"","overlay-color":"","overlay-opacity":"","overlay-gradient":""},"tablet":{"background-color":"var(--ast-global-color-5)","background-image":"","background-repeat":"repeat","background-position":"center center","background-size":"auto","background-attachment":"scroll","background-type":"","background-media":"","overlay-type":"","overlay-color":"","overlay-opacity":"","overlay-gradient":""},"mobile":{"background-color":"var(--ast-global-color-5)","background-image":"","background-repeat":"repeat","background-position":"center center","background-size":"auto","background-attachment":"scroll","background-type":"","background-media":"","overlay-type":"","overlay-color":"","overlay-opacity":"","overlay-gradient":""}},"_joinchat":[]},"product_brand":[],"product_cat":[25,61,292,27,123,293,30,26,15,28,137,296,299,136,135,281],"product_tag":[56,57,40,41,62,54,53,37],"class_list":{"0":"post-1995","1":"product","2":"type-product","3":"status-publish","4":"has-post-thumbnail","6":"product_cat-germany-best-selling-vape","7":"product_cat-15000-puffs-disposable-vapes","8":"product_cat-digital-disposable-vapes","9":"product_cat-fance-hot-sale-vape","10":"product_cat-italy-wholesale-vape","11":"product_cat-low-nicotine-disposable-vapes","12":"product_cat-minimum-order-quantity-50pcs","13":"product_cat-netherlands-hot-sale-vape","14":"product_cat-new-vape-this-week","15":"product_cat-poland-hot-sale-vape","16":"product_cat-rechargeable-vapes","17":"product_cat-shisha-hookah-disposable-vapes","18":"product_cat-smart-screen-disposable-vapes","19":"product_cat-smart-screen-vapes","20":"product_cat-spain-best-hot-sale-vape","21":"product_cat-vapme-vape","22":"product_tag-disposable-vape-wholesale-near-me","23":"product_tag-disposable-vape-wholesale-supplier","24":"product_tag-hot-sale-vape","25":"product_tag-original-factory-vape","26":"product_tag-puff-15000","27":"product_tag-rechargeable-disposable-vape","28":"product_tag-vapme-vape","29":"product_tag-wholesale-vape-price","30":"desktop-align-left","31":"tablet-align-left","32":"mobile-align-left","34":"first","35":"instock","36":"sale","37":"shipping-taxable","38":"purchasable","39":"product-type-simple"},"uagb_featured_image_src":{"full":["https:\/\/rmvapesale.com\/wp-content\/uploads\/2024\/09\/Vapme-Shisha-Hookah-15000.jpg",788,788,false],"thumbnail":["https:\/\/rmvapesale.com\/wp-content\/uploads\/2024\/09\/Vapme-Shisha-Hookah-15000-150x150.jpg",150,150,true],"medium":["https:\/\/rmvapesale.com\/wp-content\/uploads\/2024\/09\/Vapme-Shisha-Hookah-15000-300x300.jpg",300,300,true],"medium_large":["https:\/\/rmvapesale.com\/wp-content\/uploads\/2024\/09\/Vapme-Shisha-Hookah-15000-768x768.jpg",768,768,true],"large":["https:\/\/rmvapesale.com\/wp-content\/uploads\/2024\/09\/Vapme-Shisha-Hookah-15000.jpg",788,788,false],"1536x1536":["https:\/\/rmvapesale.com\/wp-content\/uploads\/2024\/09\/Vapme-Shisha-Hookah-15000.jpg",788,788,false],"2048x2048":["https:\/\/rmvapesale.com\/wp-content\/uploads\/2024\/09\/Vapme-Shisha-Hookah-15000.jpg",788,788,false],"trp-custom-language-flag":["https:\/\/rmvapesale.com\/wp-content\/uploads\/2024\/09\/Vapme-Shisha-Hookah-15000.jpg",12,12,false],"woocommerce_thumbnail":["https:\/\/rmvapesale.com\/wp-content\/uploads\/2024\/09\/Vapme-Shisha-Hookah-15000-300x300.jpg",300,300,true],"woocommerce_single":["https:\/\/rmvapesale.com\/wp-content\/uploads\/2024\/09\/Vapme-Shisha-Hookah-15000-600x600.jpg",600,600,true],"woocommerce_gallery_thumbnail":["https:\/\/rmvapesale.com\/wp-content\/uploads\/2024\/09\/Vapme-Shisha-Hookah-15000-100x100.jpg",100,100,true],"wcpr-photo-reviews":["https:\/\/rmvapesale.com\/wp-content\/uploads\/2024\/09\/Vapme-Shisha-Hookah-15000.jpg",500,500,false]},"uagb_author_info":{"display_name":"AMY","author_link":"https:\/\/rmvapesale.com\/pt\/author\/"},"uagb_comment_info":0,"uagb_excerpt":"Vapme Shisha Hookah 15000 Puffs Rechargeable Disposable Vape Bulk Buy Price PUFF 15000 VAPME SHISHA HOOKAH Best Flavor in Stock Vapme Shisha Hookah 15k Puffs 0% 2% Nicotine Contact Amy For More Discount And Lower MOQ Vape WhatsApp: +86 17776015835","_links":{"self":[{"href":"https:\/\/rmvapesale.com\/pt\/wp-json\/wp\/v2\/product\/1995","targetHints":{"allow":["GET"]}}],"collection":[{"href":"https:\/\/rmvapesale.com\/pt\/wp-json\/wp\/v2\/product"}],"about":[{"href":"https:\/\/rmvapesale.com\/pt\/wp-json\/wp\/v2\/types\/product"}],"replies":[{"embeddable":true,"href":"https:\/\/rmvapesale.com\/pt\/wp-json\/wp\/v2\/comments?post=1995"}],"wp:featuredmedia":[{"embeddable":true,"href":"https:\/\/rmvapesale.com\/pt\/wp-json\/wp\/v2\/media\/2000"}],"wp:attachment":[{"href":"https:\/\/rmvapesale.com\/pt\/wp-json\/wp\/v2\/media?parent=1995"}],"wp:term":[{"taxonomy":"product_brand","embeddable":true,"href":"https:\/\/rmvapesale.com\/pt\/wp-json\/wp\/v2\/product_brand?post=1995"},{"taxonomy":"product_cat","embeddable":true,"href":"https:\/\/rmvapesale.com\/pt\/wp-json\/wp\/v2\/product_cat?post=1995"},{"taxonomy":"product_tag","embeddable":true,"href":"https:\/\/rmvapesale.com\/pt\/wp-json\/wp\/v2\/product_tag?post=1995"}],"curies":[{"name":"wp","href":"https:\/\/api.w.org\/{rel}","templated":true}]}}