{"id":2045,"date":"2024-09-19T08:19:14","date_gmt":"2024-09-19T08:19:14","guid":{"rendered":"https:\/\/rmvapesale.com\/?post_type=product&#038;p=2045"},"modified":"2025-01-21T09:13:47","modified_gmt":"2025-01-21T09:13:47","slug":"evappe-deluxe-bar-18000-puffs-led-screen-disposable-vape","status":"publish","type":"product","link":"https:\/\/rmvapesale.com\/pt\/product\/evappe-deluxe-bar-18000-puffs-led-screen-disposable-vape\/","title":{"rendered":"Evappe Deluxe Bar 18000 Inala\u00e7\u00f5es Vape Descart\u00e1vel com Ecr\u00e3 LED"},"content":{"rendered":"<h1>Evappe Deluxe Bar 18000 Inala\u00e7\u00f5es Vape Descart\u00e1vel com Ecr\u00e3 LED<\/h1>\n<p>Eleve a sua experi\u00eancia de vaping com o Evappe Deluxe Bar 18000 Puffs, um vape descart\u00e1vel revolucion\u00e1rio que combina tecnologia de ponta com conveni\u00eancia incompar\u00e1vel. Com uma vibrante tela LED, este dispositivo permite monitorizar facilmente a sua energia e uso de um olhar, garantindo que esteja sempre no controlo das suas sess\u00f5es de vaping.<\/p>\n<p>Escolha entre 10 sabores deliciosos, cada um desenhado para provocar o seu paladar e manter a sua experi\u00eancia fresca e emocionante. Quer prefira sabores frutados, mentolados ou sobremesas indulgentes, o Evappe Deluxe Bar tem algo para todos.<\/p>\n<p>Com uma bateria recarreg\u00e1vel de 600mAh e uma porta de carregamento Type-C, desfrutar\u00e1 de uso prolongado sem a preocupa\u00e7\u00e3o de substitui\u00e7\u00f5es constantes. Al\u00e9m disso, o sistema de fluxo de ar ajust\u00e1vel permite personalizar a sua inspira\u00e7\u00e3o para a experi\u00eancia de vaping perfeita a cada vez.<\/p>\n<p>Experimente o futuro do vaping com o Evappe Deluxe Bar 18000\u2014onde inova\u00e7\u00e3o encontra sabor!<\/p>\n<p>&nbsp;<\/p>\n<p><strong>Contacte a Amy para obter a resposta certa e mais v\u00eddeos do produto!<\/strong><\/p>\n<p><img loading=\"lazy\" decoding=\"async\" class=\"size-full wp-image-1978\" src=\"https:\/\/rmvapesale.com\/wp-content\/uploads\/2024\/09\/Disposable-Vape-Wholesale.jpg\" alt=\"Venda por grosso de vapes descart\u00e1veis\" width=\"229\" height=\"300\" \/><\/p>\n<h3><span style=\"color: #ff0000\"><strong>WhatsApp: +86 17776015835<\/strong><\/span><\/h3>\n<p>&nbsp;<\/p>\n<h2>Principais Caracter\u00edsticas do Evappe Deluxe Bar 18000 Puffs<\/h2>\n<p>&nbsp;<\/p>\n<p>0% 2% 5% Nicotina<br \/>\n25ML de l\u00edquido de nicotina.<br \/>\n18000 Puffs<br \/>\nRecarreg\u00e1vel de 750mAh<br \/>\nType-C.<br \/>\nBobina de Malha: 0.6 ohm<\/p>\n<div class=\"mceTemp\"><\/div>\n<h2><\/h2>\n<h2><strong>Sabor principal para o Evappe Deluxe Bar 18000<\/strong><\/h2>\n<p>&nbsp;<\/p>\n<p>O vape descart\u00e1vel Evappe Deluxe Bar 18000 Puffs, com 10 sabores cuidadosamente elaborados, cada um desenhado para oferecer uma experi\u00eancia de vaping distinta e satisfat\u00f3ria, h\u00e1 algo melhor para si!<\/p>\n<p>1.Two Apple<span style=\"color: #ff0000\"><strong>&gt;&gt;&gt;&gt;Quente!<\/strong><\/span><br \/>\n2.Grape Mint<br \/>\n3.Lush Ice<span style=\"color: #ff0000\"><strong>&gt;&gt;&gt;&gt;Melhor!<\/strong><\/span><br \/>\n4.Cherry Raspberry<br \/>\n5. P\u00eassego Gelado<br \/>\n6.Love 66<br \/>\n7.Lucid Dream<br \/>\n8.Strawberry Punch<br \/>\n9.Blueberry Gum<span style=\"color: #ff0000\"><strong>&gt;&gt;&gt;&gt;Quente!<\/strong><\/span><br \/>\n10.Berry Ice<\/p>\n<p>&nbsp;<\/p>\n<p><img loading=\"lazy\" decoding=\"async\" class=\"size-medium wp-image-2046\" src=\"https:\/\/rmvapesale.com\/wp-content\/uploads\/2024\/09\/Evappe-Deluxe-Bar-18k-Puffs--300x300.jpg\" alt=\"Evappe Deluxe Bar 18k Puffs\" width=\"300\" height=\"300\" srcset=\"https:\/\/rmvapesale.com\/wp-content\/uploads\/2024\/09\/Evappe-Deluxe-Bar-18k-Puffs--300x300.jpg 300w, https:\/\/rmvapesale.com\/wp-content\/uploads\/2024\/09\/Evappe-Deluxe-Bar-18k-Puffs--150x150.jpg 150w, https:\/\/rmvapesale.com\/wp-content\/uploads\/2024\/09\/Evappe-Deluxe-Bar-18k-Puffs--768x768.jpg 768w, https:\/\/rmvapesale.com\/wp-content\/uploads\/2024\/09\/Evappe-Deluxe-Bar-18k-Puffs--600x600.jpg 600w, https:\/\/rmvapesale.com\/wp-content\/uploads\/2024\/09\/Evappe-Deluxe-Bar-18k-Puffs--100x100.jpg 100w, https:\/\/rmvapesale.com\/wp-content\/uploads\/2024\/09\/Evappe-Deluxe-Bar-18k-Puffs-.jpg 800w\" sizes=\"auto, (max-width: 300px) 100vw, 300px\" \/><\/p>\n<h2><strong>Perguntas que pode querer saber sobre Evappe Deluxe Bar 18k Puffs\u00a0<\/strong><\/h2>\n<p>&nbsp;<\/p>\n<p><strong>1. Quantos puffs oferece o Evappe Deluxe Bar 18k?<\/strong><br \/>\nEste cigarro eletr\u00f4nico descart\u00e1vel de grande capacidade oferece aproximadamente 18.000 puffs.<\/p>\n<p><strong>2. \u00c9 legal usar o Evappe Deluxe Bar 18k em Portugal?<\/strong><br \/>\nSim, o Evappe Deluxe Bar 18k \u00e9 legal para uso em Portugal.<\/p>\n<p><strong>3. Quanto tempo dura o Evappe Deluxe Bar 18k?<\/strong><br \/>\nA sua vida \u00fatil varia consoante os h\u00e1bitos de utiliza\u00e7\u00e3o, mas com uma capacidade de 15.000 tragos e uma bateria recarreg\u00e1vel de 650mAh, garante sess\u00f5es de vaping prolongadas.<\/p>\n<p><strong>4. Pode recarregar o Evappe Deluxe Bar 18k?<\/strong><br \/>\nSim, o Evappe Deluxe Bar 18k \u00e9 recarreg\u00e1vel e possui uma porta de carregamento Type-C para f\u00e1cil recarga.<\/p>\n<p>&nbsp;<\/p>\n<h3><b>FAQs<\/b><\/h3>\n<p>&nbsp;<\/p>\n<div class=\"flex-shrink-0 flex flex-col relative items-end\">\n<div>\n<div class=\"pt-0\">\n<div class=\"gizmo-bot-avatar flex h-8 w-8 items-center justify-center overflow-hidden rounded-full\">\n<div class=\"relative p-1 rounded-sm flex items-center justify-center bg-token-main-surface-primary text-token-text-primary h-8 w-8\"><strong>Que m\u00e9todos de envio s\u00e3o utilizados?<\/strong><\/div>\n<\/div>\n<\/div>\n<\/div>\n<\/div>\n<div class=\"group\/conversation-turn relative flex w-full min-w-0 flex-col agent-turn\">\n<div class=\"flex-col gap-1 md:gap-3\">\n<div class=\"flex max-w-full flex-col flex-grow\">\n<div class=\"min-h-[20px] text-message flex w-full flex-col items-end gap-2 whitespace-normal break-words [.text-message+&amp;]:mt-5 overflow-x-auto\" dir=\"auto\" data-message-author-role=\"assistant\" data-message-id=\"22f8283b-3233-46ff-89a5-c7a41b33abda\">\n<div class=\"flex w-full flex-col gap-1 empty:hidden first:pt-[3px]\">\n<div class=\"markdown prose w-full break-words dark:prose-invert light\">\n<p>Fazemos parceria com a UPS, DHL, FedEx, DPD e outras transportadoras l\u00edderes. Selecionaremos o melhor m\u00e9todo de envio com base na sua localiza\u00e7\u00e3o de entrega para garantir que receba os seus produtos o mais r\u00e1pido poss\u00edvel.<\/p>\n<p>&nbsp;<\/p>\n<\/div>\n<p><strong>Quanto tempo demora a chegar?<\/strong><\/p>\n<p>Para Portugal, geralmente chega dentro de 10 dias \u00fateis.<\/p>\n<p>Para os pa\u00edses europeus, geralmente leva cerca de 12-15 dias \u00fateis.<\/p>\n<p>Forneceremos atualiza\u00e7\u00f5es em tempo real sobre o estado do seu envio.<\/p>\n<p>&nbsp;<\/p>\n<\/div>\n<p><strong>Garantia<\/strong><\/p>\n<p><span style=\"color: #ff0000\"><strong>Todos os produtos na nossa loja t\u00eam garantia de serem 100% originais e aut\u00eanticos. Oferecemos uma compensa\u00e7\u00e3o de 10 vezes o valor por produtos falsificados!<\/strong><\/span><\/p>\n<div class=\"flex w-full flex-col gap-1 empty:hidden first:pt-[3px]\">\n<p>&nbsp;<\/p>\n<\/div>\n<\/div>\n<\/div>\n<\/div>\n<\/div>\n<p>&nbsp;<\/p>\n<p>Outros vapes em alta que talvez goste:<\/p>\n<p><strong><a href=\"https:\/\/rmvapesale.com\/pt\/product\/wga-crystal-plus-20000-puff-dual-flavour-disposable-vape\/\">WGA Crystal Plus 20000<\/a><\/strong><\/p>\n<p><a href=\"https:\/\/rmvapesale.com\/pt\/product\/waspe-tornado-15000-puffs-original-factory-price\/\"><strong>Waspe Tornado 15000 baforadas<\/strong><\/a><\/p>\n<p><a href=\"https:\/\/rmvapesale.com\/pt\/product\/waspe-digital-box-12000-puffs-wholesale-disposable-vape\/\"><strong>WASPE Digital Box 12000 baforadas<\/strong><\/a><\/p>\n<p>&nbsp;<\/p>\n<p>&nbsp;<\/p>\n<p>Encontre mais produtos de vape que talvez goste:<strong><em><a href=\"https:\/\/rmvapesale.com\/pt\/shop-2\/\">comprar agora &gt;&gt;&gt;<\/a><\/em><\/strong><\/p>","protected":false},"excerpt":{"rendered":"<p>Evappe Deluxe Bar Vape Descart\u00e1vel 18000 Puffs<br \/>\nEvappe Shisha Original Deluxe Bar 18000 Puffs<br \/>\nEvappe Deluxe Bar 18000 Puffs 10 Sabores Vape Pen<br \/>\nEvappe Deluxe Bar 18000 Puffs Tela LED Puff Vape Descart\u00e1vel 18k<\/p>\n<p><strong>Contacte a Amy Para Mais Descontos e MOQ Vape Mais Baixo<\/strong><\/p>\n<p><img loading=\"lazy\" decoding=\"async\" class=\"size-full wp-image-1978\" src=\"https:\/\/rmvapesale.com\/wp-content\/uploads\/2024\/09\/Disposable-Vape-Wholesale.jpg\" alt=\"Venda por grosso de vapes descart\u00e1veis\" width=\"229\" height=\"300\" \/><\/p>\n<h3><span style=\"color: #ff0000\"><strong>WhatsApp: +86 17776015835<\/strong><\/span><\/h3>","protected":false},"featured_media":2047,"comment_status":"open","ping_status":"closed","template":"","meta":{"_uag_custom_page_level_css":"","_lmt_disableupdate":"no","_lmt_disable":"","site-sidebar-layout":"default","site-content-layout":"content-boxed-container","ast-site-content-layout":"normal-width-container","site-content-style":"boxed","site-sidebar-style":"unboxed","ast-global-header-display":"","ast-banner-title-visibility":"","ast-main-header-display":"","ast-hfb-above-header-display":"","ast-hfb-below-header-display":"","ast-hfb-mobile-header-display":"","site-post-title":"","ast-breadcrumbs-content":"","ast-featured-img":"","footer-sml-layout":"","theme-transparent-header-meta":"default","adv-header-id-meta":"","stick-header-meta":"","header-above-stick-meta":"","header-main-stick-meta":"","header-below-stick-meta":"","astra-migrate-meta-layouts":"set","ast-page-background-enabled":"default","ast-page-background-meta":{"desktop":{"background-color":"var(--ast-global-color-4)","background-image":"","background-repeat":"repeat","background-position":"center center","background-size":"auto","background-attachment":"scroll","background-type":"","background-media":"","overlay-type":"","overlay-color":"","overlay-opacity":"","overlay-gradient":""},"tablet":{"background-color":"","background-image":"","background-repeat":"repeat","background-position":"center center","background-size":"auto","background-attachment":"scroll","background-type":"","background-media":"","overlay-type":"","overlay-color":"","overlay-opacity":"","overlay-gradient":""},"mobile":{"background-color":"","background-image":"","background-repeat":"repeat","background-position":"center center","background-size":"auto","background-attachment":"scroll","background-type":"","background-media":"","overlay-type":"","overlay-color":"","overlay-opacity":"","overlay-gradient":""}},"ast-content-background-meta":{"desktop":{"background-color":"var(--ast-global-color-5)","background-image":"","background-repeat":"repeat","background-position":"center center","background-size":"auto","background-attachment":"scroll","background-type":"","background-media":"","overlay-type":"","overlay-color":"","overlay-opacity":"","overlay-gradient":""},"tablet":{"background-color":"var(--ast-global-color-5)","background-image":"","background-repeat":"repeat","background-position":"center center","background-size":"auto","background-attachment":"scroll","background-type":"","background-media":"","overlay-type":"","overlay-color":"","overlay-opacity":"","overlay-gradient":""},"mobile":{"background-color":"var(--ast-global-color-5)","background-image":"","background-repeat":"repeat","background-position":"center center","background-size":"auto","background-attachment":"scroll","background-type":"","background-media":"","overlay-type":"","overlay-color":"","overlay-opacity":"","overlay-gradient":""}},"_joinchat":[]},"product_brand":[],"product_cat":[15,289,291,292,293,295,296,299,25,123,26,28,135,27,137,136,30],"product_tag":[72,57,58,71,73],"class_list":{"0":"post-2045","1":"product","2":"type-product","3":"status-publish","4":"has-post-thumbnail","6":"product_cat-new-vape-this-week","7":"product_cat-big-puffs-disposable-vapes","8":"product_cat-dual-mesh-disposable-vapes","9":"product_cat-digital-disposable-vapes","10":"product_cat-low-nicotine-disposable-vapes","11":"product_cat-rechargeable-disposable-vapes","12":"product_cat-shisha-hookah-disposable-vapes","13":"product_cat-smart-screen-disposable-vapes","14":"product_cat-germany-best-selling-vape","15":"product_cat-italy-wholesale-vape","16":"product_cat-netherlands-hot-sale-vape","17":"product_cat-poland-hot-sale-vape","18":"product_cat-spain-best-hot-sale-vape","19":"product_cat-fance-hot-sale-vape","20":"product_cat-rechargeable-vapes","21":"product_cat-smart-screen-vapes","22":"product_cat-minimum-order-quantity-50pcs","23":"product_tag-deluxe-bar-18000puff","24":"product_tag-disposable-vape-wholesale-supplier","25":"product_tag-electric-cigarettes","26":"product_tag-evappe","27":"product_tag-led-screem-vape","28":"desktop-align-left","29":"tablet-align-left","30":"mobile-align-left","32":"first","33":"instock","34":"sale","35":"shipping-taxable","36":"purchasable","37":"product-type-simple"},"uagb_featured_image_src":{"full":["https:\/\/rmvapesale.com\/wp-content\/uploads\/2024\/09\/Evappe-Deluxe-Bar-18000-Disposable-Vape.png",788,788,false],"thumbnail":["https:\/\/rmvapesale.com\/wp-content\/uploads\/2024\/09\/Evappe-Deluxe-Bar-18000-Disposable-Vape-150x150.png",150,150,true],"medium":["https:\/\/rmvapesale.com\/wp-content\/uploads\/2024\/09\/Evappe-Deluxe-Bar-18000-Disposable-Vape-300x300.png",300,300,true],"medium_large":["https:\/\/rmvapesale.com\/wp-content\/uploads\/2024\/09\/Evappe-Deluxe-Bar-18000-Disposable-Vape-768x768.png",768,768,true],"large":["https:\/\/rmvapesale.com\/wp-content\/uploads\/2024\/09\/Evappe-Deluxe-Bar-18000-Disposable-Vape.png",788,788,false],"1536x1536":["https:\/\/rmvapesale.com\/wp-content\/uploads\/2024\/09\/Evappe-Deluxe-Bar-18000-Disposable-Vape.png",788,788,false],"2048x2048":["https:\/\/rmvapesale.com\/wp-content\/uploads\/2024\/09\/Evappe-Deluxe-Bar-18000-Disposable-Vape.png",788,788,false],"trp-custom-language-flag":["https:\/\/rmvapesale.com\/wp-content\/uploads\/2024\/09\/Evappe-Deluxe-Bar-18000-Disposable-Vape.png",12,12,false],"woocommerce_thumbnail":["https:\/\/rmvapesale.com\/wp-content\/uploads\/2024\/09\/Evappe-Deluxe-Bar-18000-Disposable-Vape-300x300.png",300,300,true],"woocommerce_single":["https:\/\/rmvapesale.com\/wp-content\/uploads\/2024\/09\/Evappe-Deluxe-Bar-18000-Disposable-Vape-600x600.png",600,600,true],"woocommerce_gallery_thumbnail":["https:\/\/rmvapesale.com\/wp-content\/uploads\/2024\/09\/Evappe-Deluxe-Bar-18000-Disposable-Vape-100x100.png",100,100,true],"wcpr-photo-reviews":["https:\/\/rmvapesale.com\/wp-content\/uploads\/2024\/09\/Evappe-Deluxe-Bar-18000-Disposable-Vape.png",500,500,false]},"uagb_author_info":{"display_name":"AMY","author_link":"https:\/\/rmvapesale.com\/pt\/author\/"},"uagb_comment_info":0,"uagb_excerpt":"Evappe Deluxe Bar Disposable Vape 18000 Puffs Original Evappe Shisha Deluxe Bar 18000 Puffs Evappe Deluxe Bar 18000 Puffs 10 Flavours Vape Pen Evappe Deluxe Bar 18000 Puffs LED Screen Puff 18k Disposable Vape Contact Amy For More Discount And Lower MOQ Vape WhatsApp: +86 17776015835","_links":{"self":[{"href":"https:\/\/rmvapesale.com\/pt\/wp-json\/wp\/v2\/product\/2045","targetHints":{"allow":["GET"]}}],"collection":[{"href":"https:\/\/rmvapesale.com\/pt\/wp-json\/wp\/v2\/product"}],"about":[{"href":"https:\/\/rmvapesale.com\/pt\/wp-json\/wp\/v2\/types\/product"}],"replies":[{"embeddable":true,"href":"https:\/\/rmvapesale.com\/pt\/wp-json\/wp\/v2\/comments?post=2045"}],"wp:featuredmedia":[{"embeddable":true,"href":"https:\/\/rmvapesale.com\/pt\/wp-json\/wp\/v2\/media\/2047"}],"wp:attachment":[{"href":"https:\/\/rmvapesale.com\/pt\/wp-json\/wp\/v2\/media?parent=2045"}],"wp:term":[{"taxonomy":"product_brand","embeddable":true,"href":"https:\/\/rmvapesale.com\/pt\/wp-json\/wp\/v2\/product_brand?post=2045"},{"taxonomy":"product_cat","embeddable":true,"href":"https:\/\/rmvapesale.com\/pt\/wp-json\/wp\/v2\/product_cat?post=2045"},{"taxonomy":"product_tag","embeddable":true,"href":"https:\/\/rmvapesale.com\/pt\/wp-json\/wp\/v2\/product_tag?post=2045"}],"curies":[{"name":"wp","href":"https:\/\/api.w.org\/{rel}","templated":true}]}}