{"id":2065,"date":"2024-09-20T06:15:37","date_gmt":"2024-09-20T06:15:37","guid":{"rendered":"https:\/\/rmvapesale.com\/?post_type=product&#038;p=2065"},"modified":"2025-01-21T09:15:27","modified_gmt":"2025-01-21T09:15:27","slug":"bang-box-12000-puffs-disposable-vape-best-price","status":"publish","type":"product","link":"https:\/\/rmvapesale.com\/pt\/product\/bang-box-12000-puffs-disposable-vape-best-price\/","title":{"rendered":"Bang Box 12000 Puffs Vape Descart\u00e1vel Melhor Pre\u00e7o"},"content":{"rendered":"<h1>Bang Box 12000 Puffs Vape Descart\u00e1vel Melhor Pre\u00e7o<\/h1>\n<p>Eleve a sua experi\u00eancia de vaping com o Bang Box 12000 Puffs Vape Descart\u00e1vel Recarreg\u00e1vel, um dispositivo sofisticado projetado para m\u00e1xima satisfa\u00e7\u00e3o. Este inovador pod de vape oferece impressionantes 12000 puffs a partir de um reservat\u00f3rio de 15ml de e-l\u00edquido de nicotina de sal pr\u00e9-preenchido, garantindo sabor rico e premium a cada inala\u00e7\u00e3o.<\/p>\n<p>Criado para conveni\u00eancia e desempenho, o Bang Box possui uma bateria recarreg\u00e1vel de 600mAh robusta e uma bobina de malha, proporcionando vapor suave e consistente. Personalize a sua experi\u00eancia com n\u00edveis de nicotina ajust\u00e1veis que variam de 0% a 5%, atendendo a todas as prefer\u00eancias. Com uma capacidade de e-l\u00edquido de 20ml, pode desfrutar de sess\u00f5es de vaping prolongadas sem a preocupa\u00e7\u00e3o de recargas frequentes.<\/p>\n<p>Acesse pre\u00e7os de atacado de qualidade para o Bang Box 12000 Puffs Vape Descart\u00e1vel Recarreg\u00e1vel agora mesmo!<\/p>\n<p><strong>Contacte a Amy para obter uma resposta imediata e mais descontos!<\/strong><\/p>\n<p><img loading=\"lazy\" decoding=\"async\" class=\"size-medium wp-image-1814\" src=\"https:\/\/rmvapesale.com\/wp-content\/uploads\/2024\/04\/whatsapp-amy-229x300.jpg\" alt=\"whatsapp amy\" width=\"229\" height=\"300\" srcset=\"https:\/\/rmvapesale.com\/wp-content\/uploads\/2024\/04\/whatsapp-amy-229x300.jpg 229w, https:\/\/rmvapesale.com\/wp-content\/uploads\/2024\/04\/whatsapp-amy-783x1024.jpg 783w, https:\/\/rmvapesale.com\/wp-content\/uploads\/2024\/04\/whatsapp-amy-768x1005.jpg 768w, https:\/\/rmvapesale.com\/wp-content\/uploads\/2024\/04\/whatsapp-amy-600x785.jpg 600w, https:\/\/rmvapesale.com\/wp-content\/uploads\/2024\/04\/whatsapp-amy.jpg 990w\" sizes=\"auto, (max-width: 229px) 100vw, 229px\" \/><\/p>\n<h3><span style=\"color: #ff0000\"><strong>WhatsApp: +86 17776015835<\/strong><\/span><\/h3>\n<p>&nbsp;<\/p>\n<h2><strong>Principais Caracter\u00edsticas do Bang Box 12000<\/strong><\/h2>\n<p>&nbsp;<\/p>\n<p>Marca: Bang Vape<br \/>\nNicotina: 0% 2% 3% 5%<br \/>\nPuffs: 12000<br \/>\nCapacidade: 20ml<br \/>\n12 sabores dispon\u00edveis<br \/>\n650mah Recarreg\u00e1vel<br \/>\nBobina de Malha<br \/>\nTipo-C<\/p>\n<h2><strong>Qual \u00e9 o melhor sabor para o Vape Bang Box 12000 Puffs<\/strong><strong>?<\/strong><\/h2>\n<p>Este Vape Bang Vape 12000 oferece um total de 12 sabores dispon\u00edveis, escolha entre uma variedade deliciosa de sabores, incluindo Morango Banana, Blue Razz Ice e Suco de Morango, entre outros, e mergulhe num mundo de sabor e satisfa\u00e7\u00e3o.<\/p>\n<p>1. Morango Banana<br \/>\n2. Kiwi Maracuj\u00e1 Goiaba<br \/>\n3. Morango Kiwi<br \/>\n4. Blue Razz Ice<br \/>\n5. Ma\u00e7\u00e3 Azeda Framboesa<br \/>\n6.Pastilha El\u00e1stica de Melancia<br \/>\n7. Morango Melancia<br \/>\n8. Suco de Morango<br \/>\n9. Drag\u00e3o Preto Ice<br \/>\n10. Gelo de Melancia<br \/>\n11. P\u00eassego Manga Melancia<br \/>\n12. Gelo de Mirtilo<\/p>\n<p>&nbsp;<\/p>\n<p><img loading=\"lazy\" decoding=\"async\" class=\"size-medium wp-image-2070\" src=\"https:\/\/rmvapesale.com\/wp-content\/uploads\/2024\/09\/Bang-Vape-BOX-12000-300x300.png\" alt=\"Bang Vape BOX 12000\" width=\"300\" height=\"300\" srcset=\"https:\/\/rmvapesale.com\/wp-content\/uploads\/2024\/09\/Bang-Vape-BOX-12000-300x300.png 300w, https:\/\/rmvapesale.com\/wp-content\/uploads\/2024\/09\/Bang-Vape-BOX-12000-150x150.png 150w, https:\/\/rmvapesale.com\/wp-content\/uploads\/2024\/09\/Bang-Vape-BOX-12000-768x768.png 768w, https:\/\/rmvapesale.com\/wp-content\/uploads\/2024\/09\/Bang-Vape-BOX-12000-600x600.png 600w, https:\/\/rmvapesale.com\/wp-content\/uploads\/2024\/09\/Bang-Vape-BOX-12000-100x100.png 100w, https:\/\/rmvapesale.com\/wp-content\/uploads\/2024\/09\/Bang-Vape-BOX-12000.png 800w\" sizes=\"auto, (max-width: 300px) 100vw, 300px\" \/><\/p>\n<h2><strong>Perguntas que pode querer saber sobre o Vape Bang Vape 12000 Puffs<\/strong><\/h2>\n<p>&nbsp;<\/p>\n<p><strong>1. Quantos puffs posso esperar do Vape Bang Vape 12000 Puffs?<\/strong><\/p>\n<p>O Vape Bang Vape 12000 Puffs oferece impressionantes 12000 puffs (em ambiente de teste), proporcionando uso prolongado e satisfa\u00e7\u00e3o duradoura.<\/p>\n<p><strong>2. Que concentra\u00e7\u00e3o de nicotina oferece o Bang King Vape 20000 Puffs?<\/strong><\/p>\n<p>O Vape Bang Vape 12000 vem pr\u00e9-preenchido com 20ml de e-l\u00edquido na for\u00e7a de nicotina 0% 2% 3% 5%, oferecendo uma experi\u00eancia de vaporiza\u00e7\u00e3o equilibrada.<\/p>\n<p><strong>3. Como \u00e9 que a Tecnologia Mesh Coil melhora a experi\u00eancia de vaping?<\/strong><\/p>\n<p>A Tecnologia Mesh Coil integrada no Vape Bang Box Vape 15k Puffs apresenta uma resist\u00eancia baixa de 1.0ohm. Este design maximiza a \u00e1rea de superf\u00edcie de aquecimento, resultando em puxadas mais suaves e maior produ\u00e7\u00e3o de vapor. A tecnologia garante um aquecimento uniforme e consistente do e-l\u00edquido, proporcionando uma experi\u00eancia de sabor superior.<\/p>\n<p><strong>4. Onde posso comprar o Bang Box Vape 15k Puffs genu\u00edno?<\/strong><\/p>\n<p>O Vape Bang Vape 12000 Original est\u00e1 dispon\u00edvel para compra atrav\u00e9s de distribuidores autorizados. Para consultas de atacado, os distribuidores podem <a href=\"https:\/\/wa.me\/8617776015835\" target=\"_blank\" rel=\"noopener\">contactar-nos<\/a> diretamente. Os clientes de retalho podem encontrar o produto em retalhistas selecionados ou lojas online. Todos os produtos na nossa loja s\u00e3o 100% originais e aut\u00eanticos, dez vezes a compensa\u00e7\u00e3o por produtos falsos \u00e9 a pol\u00edtica da nossa loja.<\/p>\n<p>&nbsp;<\/p>\n<h2><b>FAQs<\/b><\/h2>\n<div class=\"flex-shrink-0 flex flex-col relative items-end\">\n<div>\n<div class=\"pt-0\">\n<div class=\"gizmo-bot-avatar flex h-8 w-8 items-center justify-center overflow-hidden rounded-full\">\n<div><\/div>\n<div class=\"relative p-1 rounded-sm flex items-center justify-center bg-token-main-surface-primary text-token-text-primary h-8 w-8\"><strong>Que m\u00e9todos de envio s\u00e3o utilizados?<\/strong><\/div>\n<\/div>\n<\/div>\n<\/div>\n<\/div>\n<div class=\"group\/conversation-turn relative flex w-full min-w-0 flex-col agent-turn\">\n<div class=\"flex-col gap-1 md:gap-3\">\n<div class=\"flex max-w-full flex-col flex-grow\">\n<div class=\"min-h-[20px] text-message flex w-full flex-col items-end gap-2 whitespace-normal break-words [.text-message+&amp;]:mt-5 overflow-x-auto\" dir=\"auto\" data-message-author-role=\"assistant\" data-message-id=\"22f8283b-3233-46ff-89a5-c7a41b33abda\">\n<div class=\"flex w-full flex-col gap-1 empty:hidden first:pt-[3px]\">\n<div class=\"markdown prose w-full break-words dark:prose-invert light\">\n<p>Fazemos parceria com a UPS, DHL, FedEx, DPD e outras transportadoras l\u00edderes. Selecionaremos o melhor m\u00e9todo de envio com base na sua localiza\u00e7\u00e3o de entrega para garantir que receba os seus produtos o mais r\u00e1pido poss\u00edvel.<\/p>\n<\/div>\n<p><strong>Quanto tempo demora a chegar?<\/strong><\/p>\n<p>Para Portugal, geralmente chega dentro de 10 dias \u00fateis.<\/p>\n<p>Para os pa\u00edses europeus, geralmente leva cerca de 12-15 dias \u00fateis.<\/p>\n<p>Forneceremos atualiza\u00e7\u00f5es em tempo real sobre o estado do seu envio.<\/p>\n<\/div>\n<\/div>\n<\/div>\n<\/div>\n<\/div>\n<p>&nbsp;<\/p>\n<p>outros vapes populares que poder\u00e1 gostar:<\/p>\n<p><a href=\"https:\/\/rmvapesale.com\/pt\/product\/bang-20000-puffs-disposable-vape-wholesale-supplier\/\">Bang Vape 20000 Puffs<\/a><\/p>\n<p><a href=\"https:\/\/rmvapesale.com\/pt\/product\/randm-tornado-7000-puffs-original-cheap-price-vapes-fumot-factory\/\">RandM Tornado 7ooo Puffs<\/a><\/p>\n<p><a href=\"https:\/\/rmvapesale.com\/pt\/product\/bang-vape-tornado-12000-puffs-disposable-pod-factory-price\/\">BANG Tornado 12000 Puffs<\/a><\/p>\n<p>&nbsp;<\/p>\n<p>&nbsp;<\/p>\n<p>Encontre mais produtos de vape que talvez goste:<em><a href=\"https:\/\/rmvapesale.com\/pt\/shop-2\/\">Compre agora\u00a0<\/a><\/em><\/p>","protected":false},"excerpt":{"rendered":"<p>Vape Bang Box 12000 Puffs Atacado<br \/>\nBang Box 12000 Puffs Cigarros Electr\u00f3nicos Descart\u00e1veis Vape<br \/>\nBang Box 12000 Puffs 0% 2% 3% 5% Nicotina Recarreg\u00e1vel<\/p>\n<p><strong>Contacte a Amy Para Mais Descontos e MOQ Vape Mais Baixo<\/strong><\/p>\n<p><img loading=\"lazy\" decoding=\"async\" class=\"size-medium wp-image-1814\" src=\"https:\/\/rmvapesale.com\/wp-content\/uploads\/2024\/04\/whatsapp-amy-229x300.jpg\" alt=\"whatsapp amy\" width=\"229\" height=\"300\" srcset=\"https:\/\/rmvapesale.com\/wp-content\/uploads\/2024\/04\/whatsapp-amy-229x300.jpg 229w, https:\/\/rmvapesale.com\/wp-content\/uploads\/2024\/04\/whatsapp-amy-783x1024.jpg 783w, https:\/\/rmvapesale.com\/wp-content\/uploads\/2024\/04\/whatsapp-amy-768x1005.jpg 768w, https:\/\/rmvapesale.com\/wp-content\/uploads\/2024\/04\/whatsapp-amy-600x785.jpg 600w, https:\/\/rmvapesale.com\/wp-content\/uploads\/2024\/04\/whatsapp-amy.jpg 990w\" sizes=\"auto, (max-width: 229px) 100vw, 229px\" \/><\/p>\n<h3><span style=\"color: #ff0000\"><strong>WhatsApp: +86 17776015835<\/strong><\/span><\/h3>","protected":false},"featured_media":2072,"comment_status":"open","ping_status":"closed","template":"","meta":{"_uag_custom_page_level_css":"","_lmt_disableupdate":"no","_lmt_disable":"","site-sidebar-layout":"default","site-content-layout":"content-boxed-container","ast-site-content-layout":"normal-width-container","site-content-style":"boxed","site-sidebar-style":"unboxed","ast-global-header-display":"","ast-banner-title-visibility":"","ast-main-header-display":"","ast-hfb-above-header-display":"","ast-hfb-below-header-display":"","ast-hfb-mobile-header-display":"","site-post-title":"","ast-breadcrumbs-content":"","ast-featured-img":"","footer-sml-layout":"","theme-transparent-header-meta":"default","adv-header-id-meta":"","stick-header-meta":"","header-above-stick-meta":"","header-main-stick-meta":"","header-below-stick-meta":"","astra-migrate-meta-layouts":"set","ast-page-background-enabled":"default","ast-page-background-meta":{"desktop":{"background-color":"var(--ast-global-color-4)","background-image":"","background-repeat":"repeat","background-position":"center center","background-size":"auto","background-attachment":"scroll","background-type":"","background-media":"","overlay-type":"","overlay-color":"","overlay-opacity":"","overlay-gradient":""},"tablet":{"background-color":"","background-image":"","background-repeat":"repeat","background-position":"center center","background-size":"auto","background-attachment":"scroll","background-type":"","background-media":"","overlay-type":"","overlay-color":"","overlay-opacity":"","overlay-gradient":""},"mobile":{"background-color":"","background-image":"","background-repeat":"repeat","background-position":"center center","background-size":"auto","background-attachment":"scroll","background-type":"","background-media":"","overlay-type":"","overlay-color":"","overlay-opacity":"","overlay-gradient":""}},"ast-content-background-meta":{"desktop":{"background-color":"var(--ast-global-color-5)","background-image":"","background-repeat":"repeat","background-position":"center center","background-size":"auto","background-attachment":"scroll","background-type":"","background-media":"","overlay-type":"","overlay-color":"","overlay-opacity":"","overlay-gradient":""},"tablet":{"background-color":"var(--ast-global-color-5)","background-image":"","background-repeat":"repeat","background-position":"center center","background-size":"auto","background-attachment":"scroll","background-type":"","background-media":"","overlay-type":"","overlay-color":"","overlay-opacity":"","overlay-gradient":""},"mobile":{"background-color":"var(--ast-global-color-5)","background-image":"","background-repeat":"repeat","background-position":"center center","background-size":"auto","background-attachment":"scroll","background-type":"","background-media":"","overlay-type":"","overlay-color":"","overlay-opacity":"","overlay-gradient":""}},"_joinchat":[]},"product_brand":[],"product_cat":[25,293,295,273,279,254,123,26,28,135,27,60,137,136,15,30],"product_tag":[77,76,63,57,58,59,37],"class_list":{"0":"post-2065","1":"product","2":"type-product","3":"status-publish","4":"has-post-thumbnail","6":"product_cat-germany-best-selling-vape","7":"product_cat-low-nicotine-disposable-vapes","8":"product_cat-rechargeable-disposable-vapes","9":"product_cat-bang-box-vape","10":"product_cat-bang-king-vape","11":"product_cat-12000-puff-disposable-vape","12":"product_cat-italy-wholesale-vape","13":"product_cat-netherlands-hot-sale-vape","14":"product_cat-poland-hot-sale-vape","15":"product_cat-spain-best-hot-sale-vape","16":"product_cat-fance-hot-sale-vape","17":"product_cat-bang-vapes","18":"product_cat-rechargeable-vapes","19":"product_cat-smart-screen-vapes","20":"product_cat-new-vape-this-week","21":"product_cat-minimum-order-quantity-50pcs","22":"product_tag-bang-box-12000","23":"product_tag-bang-king-vape","24":"product_tag-bang-vapes","25":"product_tag-disposable-vape-wholesale-supplier","26":"product_tag-electric-cigarettes","27":"product_tag-puffs-vape","28":"product_tag-wholesale-vape-price","29":"desktop-align-left","30":"tablet-align-left","31":"mobile-align-left","33":"first","34":"instock","35":"sale","36":"shipping-taxable","37":"purchasable","38":"product-type-simple"},"uagb_featured_image_src":{"full":["https:\/\/rmvapesale.com\/wp-content\/uploads\/2024\/09\/Bang-Box-12000-Puffs-Disposable-Vape.png",800,800,false],"thumbnail":["https:\/\/rmvapesale.com\/wp-content\/uploads\/2024\/09\/Bang-Box-12000-Puffs-Disposable-Vape-150x150.png",150,150,true],"medium":["https:\/\/rmvapesale.com\/wp-content\/uploads\/2024\/09\/Bang-Box-12000-Puffs-Disposable-Vape-300x300.png",300,300,true],"medium_large":["https:\/\/rmvapesale.com\/wp-content\/uploads\/2024\/09\/Bang-Box-12000-Puffs-Disposable-Vape-768x768.png",768,768,true],"large":["https:\/\/rmvapesale.com\/wp-content\/uploads\/2024\/09\/Bang-Box-12000-Puffs-Disposable-Vape.png",800,800,false],"1536x1536":["https:\/\/rmvapesale.com\/wp-content\/uploads\/2024\/09\/Bang-Box-12000-Puffs-Disposable-Vape.png",800,800,false],"2048x2048":["https:\/\/rmvapesale.com\/wp-content\/uploads\/2024\/09\/Bang-Box-12000-Puffs-Disposable-Vape.png",800,800,false],"trp-custom-language-flag":["https:\/\/rmvapesale.com\/wp-content\/uploads\/2024\/09\/Bang-Box-12000-Puffs-Disposable-Vape.png",12,12,false],"woocommerce_thumbnail":["https:\/\/rmvapesale.com\/wp-content\/uploads\/2024\/09\/Bang-Box-12000-Puffs-Disposable-Vape-300x300.png",300,300,true],"woocommerce_single":["https:\/\/rmvapesale.com\/wp-content\/uploads\/2024\/09\/Bang-Box-12000-Puffs-Disposable-Vape-600x600.png",600,600,true],"woocommerce_gallery_thumbnail":["https:\/\/rmvapesale.com\/wp-content\/uploads\/2024\/09\/Bang-Box-12000-Puffs-Disposable-Vape-100x100.png",100,100,true],"wcpr-photo-reviews":["https:\/\/rmvapesale.com\/wp-content\/uploads\/2024\/09\/Bang-Box-12000-Puffs-Disposable-Vape.png",500,500,false]},"uagb_author_info":{"display_name":"AMY","author_link":"https:\/\/rmvapesale.com\/pt\/author\/"},"uagb_comment_info":0,"uagb_excerpt":"Vape Bang Box 12000 Puffs Wholesale Bang Box 12000 Puffs Disposable E Cigarettes Vape Bang Box 12000 Puffs 0% 2% 3% 5% Nicotine Rechargeable Contact Amy For More Discount And Lower MOQ Vape WhatsApp: +86 17776015835","_links":{"self":[{"href":"https:\/\/rmvapesale.com\/pt\/wp-json\/wp\/v2\/product\/2065","targetHints":{"allow":["GET"]}}],"collection":[{"href":"https:\/\/rmvapesale.com\/pt\/wp-json\/wp\/v2\/product"}],"about":[{"href":"https:\/\/rmvapesale.com\/pt\/wp-json\/wp\/v2\/types\/product"}],"replies":[{"embeddable":true,"href":"https:\/\/rmvapesale.com\/pt\/wp-json\/wp\/v2\/comments?post=2065"}],"wp:featuredmedia":[{"embeddable":true,"href":"https:\/\/rmvapesale.com\/pt\/wp-json\/wp\/v2\/media\/2072"}],"wp:attachment":[{"href":"https:\/\/rmvapesale.com\/pt\/wp-json\/wp\/v2\/media?parent=2065"}],"wp:term":[{"taxonomy":"product_brand","embeddable":true,"href":"https:\/\/rmvapesale.com\/pt\/wp-json\/wp\/v2\/product_brand?post=2065"},{"taxonomy":"product_cat","embeddable":true,"href":"https:\/\/rmvapesale.com\/pt\/wp-json\/wp\/v2\/product_cat?post=2065"},{"taxonomy":"product_tag","embeddable":true,"href":"https:\/\/rmvapesale.com\/pt\/wp-json\/wp\/v2\/product_tag?post=2065"}],"curies":[{"name":"wp","href":"https:\/\/api.w.org\/{rel}","templated":true}]}}