{"id":2126,"date":"2024-09-23T08:07:35","date_gmt":"2024-09-23T08:07:35","guid":{"rendered":"https:\/\/rmvapesale.com\/?post_type=product&#038;p=2126"},"modified":"2025-01-21T09:20:36","modified_gmt":"2025-01-21T09:20:36","slug":"bang-beach-20000-puffs-vape-smart-screen-disposable-e-cig","status":"publish","type":"product","link":"https:\/\/rmvapesale.com\/pt\/product\/bang-beach-20000-puffs-vape-smart-screen-disposable-e-cig\/","title":{"rendered":"Bang Beach 20000 Puffs Vape Cigarro Eletr\u00f3nico Descart\u00e1vel com Ecr\u00e3 Inteligente"},"content":{"rendered":"<div class=\"B2VR9 CJHX3e\">\n<div class=\"wyccme\">\n<h1>Bang Beach 20000 Puffs Vape Smart Screen Cigarettes eletr\u00f3nicas descart\u00e1veis<\/h1>\n<p>Eleve a sua experi\u00eancia de vaping com o Bang Beach 20000 Vape Descart\u00e1vel, projetado para quem deseja desfrutar por mais tempo sem a preocupa\u00e7\u00e3o de substitui\u00e7\u00f5es constantes. O Bang Beach 20000 oferece impressionantes 20.000 puffs, garantindo que possa desfrutar dos seus sabores favoritos por mais tempo, tornando-se o companheiro perfeito para qualquer sa\u00edda. Personalize tamb\u00e9m a sua experi\u00eancia com op\u00e7\u00f5es de for\u00e7as de nicotina 0%, 2%, 3% e 5%, atendendo a todas as prefer\u00eancias \u2014 quer procure uma dose de nicotina ou uma experi\u00eancia mais suave.<\/p>\n<p>Al\u00e9m disso, este vape descart\u00e1vel possui um ecr\u00e3 LED, que fornece atualiza\u00e7\u00f5es em tempo real sobre a dura\u00e7\u00e3o da bateria e os n\u00edveis de e-l\u00edquido, garantindo que esteja sempre no controlo.<\/p>\n<p>Descubra um novo padr\u00e3o em vaping com o Bang Beach 20000 Vape Descart\u00e1vel \u2014 onde conveni\u00eancia encontra desempenho, e cada puff \u00e9 um prazer!<\/p>\n<\/div>\n<\/div>\n<p>&nbsp;<\/p>\n<p><strong>Contacte a Amy para obter a resposta certa e mais v\u00eddeos do produto!<\/strong><\/p>\n<p><img loading=\"lazy\" decoding=\"async\" class=\"size-full wp-image-1978\" src=\"https:\/\/rmvapesale.com\/wp-content\/uploads\/2024\/09\/Disposable-Vape-Wholesale.jpg\" alt=\"Venda por grosso de vapes descart\u00e1veis\" width=\"229\" height=\"300\" \/><\/p>\n<h3><span style=\"color: #ff0000\"><strong>WhatsApp: +86 17776015835<\/strong><\/span><\/h3>\n<p>&nbsp;<\/p>\n<h2><\/h2>\n<h2><strong>Principais Caracter\u00edsticas do Bang Beach 20000 Puffs<\/strong><\/h2>\n<p>&nbsp;<\/p>\n<p>Nicotina: 0% 2% 3% 5%<br \/>\nBaforadas:20000<br \/>\nCapacidade: 35ml<br \/>\n12 sabores dispon\u00edveis<br \/>\nMesh Duplo<br \/>\n650mah Recarreg\u00e1vel<br \/>\nExibi\u00e7\u00e3o de \u00f3leo<br \/>\nExibi\u00e7\u00e3o de energia<\/p>\n<h2><\/h2>\n<h2><\/h2>\n<h2><strong>Melhor sabor para Bang Beach 20000 Vape<\/strong><\/h2>\n<p>O pod de vape descart\u00e1vel Bang Beach 20000 com 12 sabores, cada um projetado para oferecer uma experi\u00eancia de vaping distinta e satisfat\u00f3ria, h\u00e1 algo para todos!<\/p>\n<p>1. Manga P\u00eassego<br \/>\n2. Frutos Vermelhos Mistos<span style=\"color: #ff0000\"><strong>&gt;&gt;&gt;&gt;Quente!<\/strong><\/span><br \/>\n3. Limonada Rosa<br \/>\n4. Morango Melancia<br \/>\n5. Gelo de Melancia<br \/>\n6. Gelo de Uva<br \/>\n7. Gelo Blue Brazz<br \/>\n8. Strawberry Ice<span style=\"color: #ff0000\"><strong>&gt;&gt;&gt;&gt;Melhor!<\/strong><\/span><br \/>\n9. Gelo Triple Berry<br \/>\n10. Mirtilo Framboesa<br \/>\n11.Peach Ice<br \/>\n12.Ma\u00e7\u00e3 Azeda<span style=\"color: #ff0000\"><strong>&gt;&gt;&gt;&gt;Quente!<\/strong><\/span><\/p>\n<p>&nbsp;<\/p>\n<h2><strong>Perguntas que pode querer saber sobre Bang Beach 20000<\/strong><\/h2>\n<p>&nbsp;<\/p>\n<p><strong>1. Quanto nicotina h\u00e1 no Bang Beach 20000?<\/strong><br \/>\nO Bang Beach 20000 apresenta sal de nicotina 0%, 2%, 3% e 5%. Com tecnologia avan\u00e7ada de bobina de malha, oferece uma experi\u00eancia de vapor superior repleta de sabor intenso.<\/p>\n<p><strong>2. O vape Bang Beach 20000 \u00e9 recarreg\u00e1vel?<\/strong><br \/>\nSim, o Bang Beach 20000 inclui uma bateria recarreg\u00e1vel de 650 mAh, proporcionando divers\u00e3o duradoura.<\/p>\n<p><strong>3. Quantos tragos consegue tirar de um Bang Beach 20000?<\/strong><br \/>\nO Bang Beach 20000 oferece cerca de 20000 tragos, dependendo do uso, e est\u00e1 dispon\u00edvel em 12 sabores.<\/p>\n<p><strong>4. Quanto tempo leva a carregar um Bang Beach 20000?<\/strong><br \/>\nO Bang Beach 20000 pode ser carregado completamente em apenas 30 a 35 minutos, garantindo prontid\u00e3o r\u00e1pida para uso.<\/p>\n<p>&nbsp;<\/p>\n<h3><b>FAQs<\/b><\/h3>\n<p>&nbsp;<\/p>\n<div class=\"flex-shrink-0 flex flex-col relative items-end\">\n<div>\n<div class=\"pt-0\">\n<div class=\"gizmo-bot-avatar flex h-8 w-8 items-center justify-center overflow-hidden rounded-full\">\n<div class=\"relative p-1 rounded-sm flex items-center justify-center bg-token-main-surface-primary text-token-text-primary h-8 w-8\"><strong>Que m\u00e9todos de envio s\u00e3o utilizados?<\/strong><\/div>\n<\/div>\n<\/div>\n<\/div>\n<\/div>\n<div class=\"group\/conversation-turn relative flex w-full min-w-0 flex-col agent-turn\">\n<div class=\"flex-col gap-1 md:gap-3\">\n<div class=\"flex max-w-full flex-col flex-grow\">\n<div class=\"min-h-[20px] text-message flex w-full flex-col items-end gap-2 whitespace-normal break-words [.text-message+&amp;]:mt-5 overflow-x-auto\" dir=\"auto\" data-message-author-role=\"assistant\" data-message-id=\"22f8283b-3233-46ff-89a5-c7a41b33abda\">\n<div class=\"flex w-full flex-col gap-1 empty:hidden first:pt-[3px]\">\n<div class=\"markdown prose w-full break-words dark:prose-invert light\">\n<p>Fazemos parceria com a UPS, DHL, FedEx, DPD e outras transportadoras l\u00edderes. Selecionaremos o melhor m\u00e9todo de envio com base na sua localiza\u00e7\u00e3o de entrega para garantir que receba os seus produtos o mais r\u00e1pido poss\u00edvel.<\/p>\n<\/div>\n<p><strong>Quanto tempo demora a chegar?<\/strong><\/p>\n<p>As encomendas enviadas para Portugal geralmente chegam dentro de 10 dias \u00fateis. O envio para pa\u00edses europeus demora geralmente cerca de 12-15 dias \u00fateis. Forneceremos atualiza\u00e7\u00f5es em tempo real sobre o estado do seu envio.<\/p>\n<\/div>\n<p><strong>Garantia<\/strong><\/p>\n<p><span style=\"color: #ff0000\"><strong>Todos os produtos na nossa loja t\u00eam garantia de serem 100% originais e aut\u00eanticos. Oferecemos uma compensa\u00e7\u00e3o de 10 vezes o valor por produtos falsificados!<\/strong><\/span><\/p>\n<div class=\"flex w-full flex-col gap-1 empty:hidden first:pt-[3px]\">\n<p>&nbsp;<\/p>\n<\/div>\n<\/div>\n<\/div>\n<\/div>\n<\/div>\n<p>&nbsp;<\/p>\n<p>Outros vapes em alta que talvez goste:<\/p>\n<p><strong><a href=\"https:\/\/rmvapesale.com\/pt\/product\/wga-crystal-plus-20000-puff-dual-flavour-disposable-vape\/\">Bang King 30000 Puffs<\/a><\/strong><\/p>\n<p><a href=\"https:\/\/rmvapesale.com\/pt\/product\/bang-20000-puffs-disposable-vape-wholesale-supplier\/\"><strong>WGA Crystal Plus Smart 16000 Puffs<\/strong><\/a><\/p>\n<p><a href=\"https:\/\/rmvapesale.com\/pt\/product\/wga-crystal-pro-max-extra-15k-puffs-disposable-vape-wholesale\/\"><strong>Bang 25000 Puffs<\/strong><\/a><\/p>\n<p>&nbsp;<\/p>\n<p>&nbsp;<\/p>\n<p>Encontre mais produtos de vape que talvez goste:<strong><em><a href=\"https:\/\/rmvapesale.com\/pt\/shop-2\/\">comprar agora &gt;&gt;&gt;<\/a><\/em><\/strong><\/p>","protected":false},"excerpt":{"rendered":"<p>Bang Vape Beach 20000 Puffs Todos os Sabores Atacado<br \/>\nBANG BEACH 20000 PUFFS 0% 2% 3% 5% Nicotina<br \/>\nBang Beach 20000 Puff Vape Descart\u00e1vel Atacado<\/p>\n<p><strong>Contacte a Amy Para Mais Descontos e MOQ Vape Mais Baixo<\/strong><\/p>\n<p><img loading=\"lazy\" decoding=\"async\" class=\"size-full wp-image-1978\" src=\"https:\/\/rmvapesale.com\/wp-content\/uploads\/2024\/09\/Disposable-Vape-Wholesale.jpg\" alt=\"Venda por grosso de vapes descart\u00e1veis\" width=\"229\" height=\"300\" \/><\/p>\n<h3><span style=\"color: #ff0000\"><strong>WhatsApp: +86 17776015835<\/strong><\/span><\/h3>","protected":false},"featured_media":2122,"comment_status":"open","ping_status":"closed","template":"","meta":{"_uag_custom_page_level_css":"","_lmt_disableupdate":"no","_lmt_disable":"","site-sidebar-layout":"default","site-content-layout":"content-boxed-container","ast-site-content-layout":"normal-width-container","site-content-style":"boxed","site-sidebar-style":"unboxed","ast-global-header-display":"","ast-banner-title-visibility":"","ast-main-header-display":"","ast-hfb-above-header-display":"","ast-hfb-below-header-display":"","ast-hfb-mobile-header-display":"","site-post-title":"","ast-breadcrumbs-content":"","ast-featured-img":"","footer-sml-layout":"","theme-transparent-header-meta":"default","adv-header-id-meta":"","stick-header-meta":"","header-above-stick-meta":"","header-main-stick-meta":"","header-below-stick-meta":"","astra-migrate-meta-layouts":"set","ast-page-background-enabled":"default","ast-page-background-meta":{"desktop":{"background-color":"var(--ast-global-color-4)","background-image":"","background-repeat":"repeat","background-position":"center center","background-size":"auto","background-attachment":"scroll","background-type":"","background-media":"","overlay-type":"","overlay-color":"","overlay-opacity":"","overlay-gradient":""},"tablet":{"background-color":"","background-image":"","background-repeat":"repeat","background-position":"center center","background-size":"auto","background-attachment":"scroll","background-type":"","background-media":"","overlay-type":"","overlay-color":"","overlay-opacity":"","overlay-gradient":""},"mobile":{"background-color":"","background-image":"","background-repeat":"repeat","background-position":"center center","background-size":"auto","background-attachment":"scroll","background-type":"","background-media":"","overlay-type":"","overlay-color":"","overlay-opacity":"","overlay-gradient":""}},"ast-content-background-meta":{"desktop":{"background-color":"var(--ast-global-color-5)","background-image":"","background-repeat":"repeat","background-position":"center center","background-size":"auto","background-attachment":"scroll","background-type":"","background-media":"","overlay-type":"","overlay-color":"","overlay-opacity":"","overlay-gradient":""},"tablet":{"background-color":"var(--ast-global-color-5)","background-image":"","background-repeat":"repeat","background-position":"center center","background-size":"auto","background-attachment":"scroll","background-type":"","background-media":"","overlay-type":"","overlay-color":"","overlay-opacity":"","overlay-gradient":""},"mobile":{"background-color":"var(--ast-global-color-5)","background-image":"","background-repeat":"repeat","background-position":"center center","background-size":"auto","background-attachment":"scroll","background-type":"","background-media":"","overlay-type":"","overlay-color":"","overlay-opacity":"","overlay-gradient":""}},"_joinchat":[]},"product_brand":[],"product_cat":[15,289,292,293,295,299,273,279,255,25,123,26,28,135,27,60,137,136,30],"product_tag":[88,63,57,58,54],"class_list":{"0":"post-2126","1":"product","2":"type-product","3":"status-publish","4":"has-post-thumbnail","6":"product_cat-new-vape-this-week","7":"product_cat-big-puffs-disposable-vapes","8":"product_cat-digital-disposable-vapes","9":"product_cat-low-nicotine-disposable-vapes","10":"product_cat-rechargeable-disposable-vapes","11":"product_cat-smart-screen-disposable-vapes","12":"product_cat-bang-box-vape","13":"product_cat-bang-king-vape","14":"product_cat-20000-puff-disposable-vape","15":"product_cat-germany-best-selling-vape","16":"product_cat-italy-wholesale-vape","17":"product_cat-netherlands-hot-sale-vape","18":"product_cat-poland-hot-sale-vape","19":"product_cat-spain-best-hot-sale-vape","20":"product_cat-fance-hot-sale-vape","21":"product_cat-bang-vapes","22":"product_cat-rechargeable-vapes","23":"product_cat-smart-screen-vapes","24":"product_cat-minimum-order-quantity-50pcs","25":"product_tag-bang-beach-2000","26":"product_tag-bang-vapes","27":"product_tag-disposable-vape-wholesale-supplier","28":"product_tag-electric-cigarettes","29":"product_tag-rechargeable-disposable-vape","30":"desktop-align-left","31":"tablet-align-left","32":"mobile-align-left","34":"first","35":"instock","36":"sale","37":"shipping-taxable","38":"purchasable","39":"product-type-simple"},"uagb_featured_image_src":{"full":["https:\/\/rmvapesale.com\/wp-content\/uploads\/2024\/09\/Bang-Beach-20000-LED-Light-Disposable-Vape.png",800,800,false],"thumbnail":["https:\/\/rmvapesale.com\/wp-content\/uploads\/2024\/09\/Bang-Beach-20000-LED-Light-Disposable-Vape-150x150.png",150,150,true],"medium":["https:\/\/rmvapesale.com\/wp-content\/uploads\/2024\/09\/Bang-Beach-20000-LED-Light-Disposable-Vape-300x300.png",300,300,true],"medium_large":["https:\/\/rmvapesale.com\/wp-content\/uploads\/2024\/09\/Bang-Beach-20000-LED-Light-Disposable-Vape-768x768.png",768,768,true],"large":["https:\/\/rmvapesale.com\/wp-content\/uploads\/2024\/09\/Bang-Beach-20000-LED-Light-Disposable-Vape.png",800,800,false],"1536x1536":["https:\/\/rmvapesale.com\/wp-content\/uploads\/2024\/09\/Bang-Beach-20000-LED-Light-Disposable-Vape.png",800,800,false],"2048x2048":["https:\/\/rmvapesale.com\/wp-content\/uploads\/2024\/09\/Bang-Beach-20000-LED-Light-Disposable-Vape.png",800,800,false],"trp-custom-language-flag":["https:\/\/rmvapesale.com\/wp-content\/uploads\/2024\/09\/Bang-Beach-20000-LED-Light-Disposable-Vape.png",12,12,false],"woocommerce_thumbnail":["https:\/\/rmvapesale.com\/wp-content\/uploads\/2024\/09\/Bang-Beach-20000-LED-Light-Disposable-Vape-300x300.png",300,300,true],"woocommerce_single":["https:\/\/rmvapesale.com\/wp-content\/uploads\/2024\/09\/Bang-Beach-20000-LED-Light-Disposable-Vape-600x600.png",600,600,true],"woocommerce_gallery_thumbnail":["https:\/\/rmvapesale.com\/wp-content\/uploads\/2024\/09\/Bang-Beach-20000-LED-Light-Disposable-Vape-100x100.png",100,100,true],"wcpr-photo-reviews":["https:\/\/rmvapesale.com\/wp-content\/uploads\/2024\/09\/Bang-Beach-20000-LED-Light-Disposable-Vape.png",500,500,false]},"uagb_author_info":{"display_name":"AMY","author_link":"https:\/\/rmvapesale.com\/pt\/author\/"},"uagb_comment_info":0,"uagb_excerpt":"Bang Vape Beach 20000 Puffs All Flavour Wholesale BANG BEACH 20000 PUFFS 0% 2% 3% 5% Nicotine Bang Beach 20000 Puff Disposable Vape Wholesale Contact Amy For More Discount And Lower MOQ Vape WhatsApp: +86 17776015835","_links":{"self":[{"href":"https:\/\/rmvapesale.com\/pt\/wp-json\/wp\/v2\/product\/2126","targetHints":{"allow":["GET"]}}],"collection":[{"href":"https:\/\/rmvapesale.com\/pt\/wp-json\/wp\/v2\/product"}],"about":[{"href":"https:\/\/rmvapesale.com\/pt\/wp-json\/wp\/v2\/types\/product"}],"replies":[{"embeddable":true,"href":"https:\/\/rmvapesale.com\/pt\/wp-json\/wp\/v2\/comments?post=2126"}],"wp:featuredmedia":[{"embeddable":true,"href":"https:\/\/rmvapesale.com\/pt\/wp-json\/wp\/v2\/media\/2122"}],"wp:attachment":[{"href":"https:\/\/rmvapesale.com\/pt\/wp-json\/wp\/v2\/media?parent=2126"}],"wp:term":[{"taxonomy":"product_brand","embeddable":true,"href":"https:\/\/rmvapesale.com\/pt\/wp-json\/wp\/v2\/product_brand?post=2126"},{"taxonomy":"product_cat","embeddable":true,"href":"https:\/\/rmvapesale.com\/pt\/wp-json\/wp\/v2\/product_cat?post=2126"},{"taxonomy":"product_tag","embeddable":true,"href":"https:\/\/rmvapesale.com\/pt\/wp-json\/wp\/v2\/product_tag?post=2126"}],"curies":[{"name":"wp","href":"https:\/\/api.w.org\/{rel}","templated":true}]}}