{"id":2138,"date":"2024-09-24T07:38:58","date_gmt":"2024-09-24T07:38:58","guid":{"rendered":"https:\/\/rmvapesale.com\/?post_type=product&#038;p=2138"},"modified":"2025-01-21T09:22:28","modified_gmt":"2025-01-21T09:22:28","slug":"bang-pulse-18000-puffs-18k-disposable-vape-factory-price","status":"publish","type":"product","link":"https:\/\/rmvapesale.com\/pt\/product\/bang-pulse-18000-puffs-18k-disposable-vape-factory-price\/","title":{"rendered":"Bang Pulse 18000 Puffs 18k Vape Descart\u00e1vel Pre\u00e7o de F\u00e1brica"},"content":{"rendered":"<div class=\"B2VR9 CJHX3e\">\n<div class=\"wyccme\">\n<h1>Bang Pulse 18000 Puffs 18k Vape Descart\u00e1vel Pre\u00e7o de F\u00e1brica<\/h1>\n<p>O Bang Pulse 18000 Puffs \u00e9 um cigarro eletr\u00f4nico descart\u00e1vel elegante e altamente funcional que oferece impressionantes 18000 baforadas. Este vape descart\u00e1vel equipado com uma capacidade generosa de 26ml de e-l\u00edquido e uma bateria potente de 650mAh, garantindo que os utilizadores possam desfrutar de uma experi\u00eancia de vaping satisfat\u00f3ria sem recargas ou reabastecimentos frequentes. Al\u00e9m disso, este dispositivo permite aos utilizadores ajustar o fluxo de ar inalado para se adequar ao seu humor, proporcionando uma experi\u00eancia de vaping personalizada e premium.<\/p>\n<\/div>\n<div class=\"wyccme\">\n<p>Contacte para come\u00e7ar o seu pr\u00f3prio Bang Pulse 18000 Puffs com pre\u00e7o de f\u00e1brica agora mesmo!<\/p>\n<\/div>\n<\/div>\n<p><strong>Contacte a Amy para obter a resposta certa e mais v\u00eddeos do produto!<\/strong><\/p>\n<p><img loading=\"lazy\" decoding=\"async\" class=\"size-full wp-image-1978\" src=\"https:\/\/rmvapesale.com\/wp-content\/uploads\/2024\/09\/Disposable-Vape-Wholesale.jpg\" alt=\"Venda por grosso de vapes descart\u00e1veis\" width=\"229\" height=\"300\" \/><\/p>\n<h3><span style=\"color: #ff0000\"><strong>WhatsApp: +86 17776015835<\/strong><\/span><\/h3>\n<p>&nbsp;<\/p>\n<h2><\/h2>\n<h2><strong>Principais Caracter\u00edsticas do Bang Pulse 18000<\/strong><\/h2>\n<p>at\u00e9 18000 Puffs<br \/>\nBateria Embutida de 650mAh<br \/>\n26ml de E-l\u00edquido pr\u00e9-carregado<br \/>\nN\u00edvel de Nicotina 0%2%3% 5%<br \/>\nRecarreg\u00e1vel Tipo-c<br \/>\nDisplay de Energia LED<\/p>\n<h2><\/h2>\n<h2><strong>Sabor principal para Bang Pulse 18000 Vape<\/strong><\/h2>\n<p>O pod de vape descart\u00e1vel Bang Pulse 18000 oferece 12 sabores, cada um projetado para proporcionar uma experi\u00eancia de vaping distinta e satisfat\u00f3ria, h\u00e1 algo de melhor para si!<\/p>\n<p>1. Bomba de Alegria<span style=\"color: #ff0000\"><strong>&gt;&gt;&gt;&gt;Quente!<\/strong><\/span><br \/>\n2. P\u00eassego Gelado Juicy<br \/>\n3. Fruta Tropical<br \/>\n4.Gelo de Uva<br \/>\n5. P\u00eassego Manga<br \/>\n6. Morango Banana<span style=\"color: #ff0000\"><strong>&gt;&gt;&gt;&gt;Quente!<\/strong><\/span><br \/>\n7. Morango Manga<br \/>\n8. Frutos Silvestres Triplos Gelados<br \/>\n9. \u00c1gua de Morango e Melancia<br \/>\n10. Gelo de Melancia<br \/>\n11.Gelo de Framboesa Azul<span style=\"color: #ff0000\"><strong>&gt;&gt;&gt;&gt;Melhor!<\/strong><\/span><br \/>\n12.Ma\u00e7\u00e3 Azeda Gelo<\/p>\n<p>&nbsp;<\/p>\n<h2><strong>Perguntas que pode querer saber sobre Bang Pulse 18000 Puffs<\/strong><\/h2>\n<p>&nbsp;<\/p>\n<p><strong>1. Quant\u00edssima nicotina h\u00e1 no Bang Pulse 18000?<\/strong><br \/>\nO cigarro eletr\u00f4nico descart\u00e1vel Bang Pulse 18000 apresenta sal de nicotina 0%2%3% 5%. Com tecnologia avan\u00e7ada de malha de bobina, oferece uma experi\u00eancia de vapor superior repleta de sabor intenso.<\/p>\n<p><strong>2. Os cigarros eletr\u00f4nicos descart\u00e1veis Bang Pulse 18000 s\u00e3o recarreg\u00e1veis?<\/strong><br \/>\nSim, o Bang Pulse 18000 inclui uma bateria recarreg\u00e1vel de 650 mAh, proporcionando divers\u00e3o duradoura.<\/p>\n<p><strong>3. Quantos puffs pode obter de um Bang Pulse 18000Puffs?<\/strong><br \/>\nO Bang Pulse 18000 Puffs oferece cerca de 18000 tragos, dependendo do uso, e est\u00e1 dispon\u00edvel em 16 sabores.<\/p>\n<p><strong>4. Quanto tempo demora a carregar um Bang Pulse 18000?<\/strong><br \/>\nA caixa do cigarro eletr\u00f4nico descart\u00e1vel Bang Pulse 18000 pode ser carregada completamente em apenas 30 a 35 minutos, garantindo prontid\u00e3o r\u00e1pida para uso.<\/p>\n<p>&nbsp;<\/p>\n<h3><b>FAQs<\/b><\/h3>\n<p>&nbsp;<\/p>\n<div class=\"flex-shrink-0 flex flex-col relative items-end\">\n<div>\n<div class=\"pt-0\">\n<div class=\"gizmo-bot-avatar flex h-8 w-8 items-center justify-center overflow-hidden rounded-full\">\n<div class=\"relative p-1 rounded-sm flex items-center justify-center bg-token-main-surface-primary text-token-text-primary h-8 w-8\"><strong>Que m\u00e9todos de envio s\u00e3o utilizados?<\/strong><\/div>\n<\/div>\n<\/div>\n<\/div>\n<\/div>\n<div class=\"group\/conversation-turn relative flex w-full min-w-0 flex-col agent-turn\">\n<div class=\"flex-col gap-1 md:gap-3\">\n<div class=\"flex max-w-full flex-col flex-grow\">\n<div class=\"min-h-[20px] text-message flex w-full flex-col items-end gap-2 whitespace-normal break-words [.text-message+&amp;]:mt-5 overflow-x-auto\" dir=\"auto\" data-message-author-role=\"assistant\" data-message-id=\"22f8283b-3233-46ff-89a5-c7a41b33abda\">\n<div class=\"flex w-full flex-col gap-1 empty:hidden first:pt-[3px]\">\n<div class=\"markdown prose w-full break-words dark:prose-invert light\">\n<p>Fazemos parceria com a UPS, DHL, FedEx, DPD e outras transportadoras l\u00edderes. Selecionaremos o melhor m\u00e9todo de envio com base na sua localiza\u00e7\u00e3o de entrega para garantir que receba os seus produtos o mais r\u00e1pido poss\u00edvel.<\/p>\n<\/div>\n<p><strong>Quanto tempo demora a chegar?<\/strong><\/p>\n<p>As encomendas enviadas para Portugal geralmente chegam dentro de 10 dias \u00fateis. O envio para pa\u00edses europeus demora geralmente cerca de 12-15 dias \u00fateis. Forneceremos atualiza\u00e7\u00f5es em tempo real sobre o estado do seu envio.<\/p>\n<\/div>\n<p><strong>Garantia<\/strong><\/p>\n<p><span style=\"color: #ff0000\"><strong>Todos os produtos na nossa loja t\u00eam garantia de serem 100% originais e aut\u00eanticos. Oferecemos uma compensa\u00e7\u00e3o de 10 vezes o valor por produtos falsificados!<\/strong><\/span><\/p>\n<div class=\"flex w-full flex-col gap-1 empty:hidden first:pt-[3px]\">\n<p>&nbsp;<\/p>\n<\/div>\n<\/div>\n<\/div>\n<\/div>\n<\/div>\n<p>&nbsp;<\/p>\n<p>Outros vapes em alta que talvez goste:<\/p>\n<p><strong><a href=\"https:\/\/rmvapesale.com\/pt\/product\/wga-crystal-plus-20000-puff-dual-flavour-disposable-vape\/\">Bang King 30000 Puffs<\/a><\/strong><\/p>\n<p><a href=\"https:\/\/rmvapesale.com\/pt\/product\/bang-20000-puffs-disposable-vape-wholesale-supplier\/\"><strong>WGA Crystal Pro Max Extra 15000<\/strong><\/a><\/p>\n<p><a href=\"https:\/\/rmvapesale.com\/pt\/product\/wga-crystal-pro-max-extra-15k-puffs-disposable-vape-wholesale\/\"><strong>Bang 25000 Puffs<\/strong><\/a><\/p>\n<p><a href=\"https:\/\/rmvapesale.com\/pt\/product\/bang-beach-20000-puffs-vape-smart-screen-disposable-e-cig\/\"><strong>Bang Vape Beach 20000 Puffs\u00a0<\/strong><\/a><\/p>\n<p>&nbsp;<\/p>\n<p>&nbsp;<\/p>\n<p>Encontre mais produtos de vape que talvez goste:<strong><em><a href=\"https:\/\/rmvapesale.com\/pt\/shop-2\/\">comprar agora &gt;&gt;&gt;<\/a><\/em><\/strong><\/p>","protected":false},"excerpt":{"rendered":"<p>Bang Pulse 18000 Puffs Display LED Vape Descart\u00e1vel Atacado<br \/>\nBang Vape Pulse 18000 Puffs 0% 2% 3% 5% Nicotina<br \/>\nBang Pulse 18000 Vape Descart\u00e1vel Compra em Grande Quantidade Pre\u00e7o<\/p>\n<p><strong>Contacte a Amy Para Mais Descontos e MOQ Vape Mais Baixo<\/strong><\/p>\n<p><img loading=\"lazy\" decoding=\"async\" class=\"size-full wp-image-1978\" src=\"https:\/\/rmvapesale.com\/wp-content\/uploads\/2024\/09\/Disposable-Vape-Wholesale.jpg\" alt=\"Venda por grosso de vapes descart\u00e1veis\" width=\"229\" height=\"300\" \/><\/p>\n<h3><span style=\"color: #ff0000\"><strong>WhatsApp: +86 17776015835<\/strong><\/span><\/h3>","protected":false},"featured_media":2135,"comment_status":"open","ping_status":"closed","template":"","meta":{"_uag_custom_page_level_css":"","_lmt_disableupdate":"no","_lmt_disable":"","site-sidebar-layout":"default","site-content-layout":"content-boxed-container","ast-site-content-layout":"normal-width-container","site-content-style":"boxed","site-sidebar-style":"unboxed","ast-global-header-display":"","ast-banner-title-visibility":"","ast-main-header-display":"","ast-hfb-above-header-display":"","ast-hfb-below-header-display":"","ast-hfb-mobile-header-display":"","site-post-title":"","ast-breadcrumbs-content":"","ast-featured-img":"","footer-sml-layout":"","theme-transparent-header-meta":"default","adv-header-id-meta":"","stick-header-meta":"","header-above-stick-meta":"","header-main-stick-meta":"","header-below-stick-meta":"","astra-migrate-meta-layouts":"set","ast-page-background-enabled":"default","ast-page-background-meta":{"desktop":{"background-color":"var(--ast-global-color-4)","background-image":"","background-repeat":"repeat","background-position":"center center","background-size":"auto","background-attachment":"scroll","background-type":"","background-media":"","overlay-type":"","overlay-color":"","overlay-opacity":"","overlay-gradient":""},"tablet":{"background-color":"","background-image":"","background-repeat":"repeat","background-position":"center center","background-size":"auto","background-attachment":"scroll","background-type":"","background-media":"","overlay-type":"","overlay-color":"","overlay-opacity":"","overlay-gradient":""},"mobile":{"background-color":"","background-image":"","background-repeat":"repeat","background-position":"center center","background-size":"auto","background-attachment":"scroll","background-type":"","background-media":"","overlay-type":"","overlay-color":"","overlay-opacity":"","overlay-gradient":""}},"ast-content-background-meta":{"desktop":{"background-color":"var(--ast-global-color-5)","background-image":"","background-repeat":"repeat","background-position":"center center","background-size":"auto","background-attachment":"scroll","background-type":"","background-media":"","overlay-type":"","overlay-color":"","overlay-opacity":"","overlay-gradient":""},"tablet":{"background-color":"var(--ast-global-color-5)","background-image":"","background-repeat":"repeat","background-position":"center center","background-size":"auto","background-attachment":"scroll","background-type":"","background-media":"","overlay-type":"","overlay-color":"","overlay-opacity":"","overlay-gradient":""},"mobile":{"background-color":"var(--ast-global-color-5)","background-image":"","background-repeat":"repeat","background-position":"center center","background-size":"auto","background-attachment":"scroll","background-type":"","background-media":"","overlay-type":"","overlay-color":"","overlay-opacity":"","overlay-gradient":""}},"_joinchat":[]},"product_brand":[],"product_cat":[15,289,291,292,293,295,299,273,279,25,123,26,28,135,27,60,137,136,30],"product_tag":[90,63,57,58,54,85],"class_list":{"0":"post-2138","1":"product","2":"type-product","3":"status-publish","4":"has-post-thumbnail","6":"product_cat-new-vape-this-week","7":"product_cat-big-puffs-disposable-vapes","8":"product_cat-dual-mesh-disposable-vapes","9":"product_cat-digital-disposable-vapes","10":"product_cat-low-nicotine-disposable-vapes","11":"product_cat-rechargeable-disposable-vapes","12":"product_cat-smart-screen-disposable-vapes","13":"product_cat-bang-box-vape","14":"product_cat-bang-king-vape","15":"product_cat-germany-best-selling-vape","16":"product_cat-italy-wholesale-vape","17":"product_cat-netherlands-hot-sale-vape","18":"product_cat-poland-hot-sale-vape","19":"product_cat-spain-best-hot-sale-vape","20":"product_cat-fance-hot-sale-vape","21":"product_cat-bang-vapes","22":"product_cat-rechargeable-vapes","23":"product_cat-smart-screen-vapes","24":"product_cat-minimum-order-quantity-50pcs","25":"product_tag-bang-pulse-18000","26":"product_tag-bang-vapes","27":"product_tag-disposable-vape-wholesale-supplier","28":"product_tag-electric-cigarettes","29":"product_tag-rechargeable-disposable-vape","30":"product_tag-smart-disposable-vape","31":"desktop-align-left","32":"tablet-align-left","33":"mobile-align-left","35":"first","36":"instock","37":"sale","38":"shipping-taxable","39":"purchasable","40":"product-type-simple"},"uagb_featured_image_src":{"full":["https:\/\/rmvapesale.com\/wp-content\/uploads\/2024\/09\/Bang-Pulse-18000-Puffs-Disposable-Vape.png",788,788,false],"thumbnail":["https:\/\/rmvapesale.com\/wp-content\/uploads\/2024\/09\/Bang-Pulse-18000-Puffs-Disposable-Vape-150x150.png",150,150,true],"medium":["https:\/\/rmvapesale.com\/wp-content\/uploads\/2024\/09\/Bang-Pulse-18000-Puffs-Disposable-Vape-300x300.png",300,300,true],"medium_large":["https:\/\/rmvapesale.com\/wp-content\/uploads\/2024\/09\/Bang-Pulse-18000-Puffs-Disposable-Vape-768x768.png",768,768,true],"large":["https:\/\/rmvapesale.com\/wp-content\/uploads\/2024\/09\/Bang-Pulse-18000-Puffs-Disposable-Vape.png",788,788,false],"1536x1536":["https:\/\/rmvapesale.com\/wp-content\/uploads\/2024\/09\/Bang-Pulse-18000-Puffs-Disposable-Vape.png",788,788,false],"2048x2048":["https:\/\/rmvapesale.com\/wp-content\/uploads\/2024\/09\/Bang-Pulse-18000-Puffs-Disposable-Vape.png",788,788,false],"trp-custom-language-flag":["https:\/\/rmvapesale.com\/wp-content\/uploads\/2024\/09\/Bang-Pulse-18000-Puffs-Disposable-Vape.png",12,12,false],"woocommerce_thumbnail":["https:\/\/rmvapesale.com\/wp-content\/uploads\/2024\/09\/Bang-Pulse-18000-Puffs-Disposable-Vape-300x300.png",300,300,true],"woocommerce_single":["https:\/\/rmvapesale.com\/wp-content\/uploads\/2024\/09\/Bang-Pulse-18000-Puffs-Disposable-Vape-600x600.png",600,600,true],"woocommerce_gallery_thumbnail":["https:\/\/rmvapesale.com\/wp-content\/uploads\/2024\/09\/Bang-Pulse-18000-Puffs-Disposable-Vape-100x100.png",100,100,true],"wcpr-photo-reviews":["https:\/\/rmvapesale.com\/wp-content\/uploads\/2024\/09\/Bang-Pulse-18000-Puffs-Disposable-Vape.png",500,500,false]},"uagb_author_info":{"display_name":"AMY","author_link":"https:\/\/rmvapesale.com\/pt\/author\/"},"uagb_comment_info":0,"uagb_excerpt":"Bang Pulse 18000 Puffs LED Display Dispsable Vape Wholesale Bang\u00a0 Vape Pulse 18000 Puffs 0% 2% 3% 5% Nicotine Bang Pulse 18000 Disposable Vape Bulk Buy Price Contact Amy For More Discount And Lower MOQ Vape WhatsApp: +86 17776015835","_links":{"self":[{"href":"https:\/\/rmvapesale.com\/pt\/wp-json\/wp\/v2\/product\/2138","targetHints":{"allow":["GET"]}}],"collection":[{"href":"https:\/\/rmvapesale.com\/pt\/wp-json\/wp\/v2\/product"}],"about":[{"href":"https:\/\/rmvapesale.com\/pt\/wp-json\/wp\/v2\/types\/product"}],"replies":[{"embeddable":true,"href":"https:\/\/rmvapesale.com\/pt\/wp-json\/wp\/v2\/comments?post=2138"}],"wp:featuredmedia":[{"embeddable":true,"href":"https:\/\/rmvapesale.com\/pt\/wp-json\/wp\/v2\/media\/2135"}],"wp:attachment":[{"href":"https:\/\/rmvapesale.com\/pt\/wp-json\/wp\/v2\/media?parent=2138"}],"wp:term":[{"taxonomy":"product_brand","embeddable":true,"href":"https:\/\/rmvapesale.com\/pt\/wp-json\/wp\/v2\/product_brand?post=2138"},{"taxonomy":"product_cat","embeddable":true,"href":"https:\/\/rmvapesale.com\/pt\/wp-json\/wp\/v2\/product_cat?post=2138"},{"taxonomy":"product_tag","embeddable":true,"href":"https:\/\/rmvapesale.com\/pt\/wp-json\/wp\/v2\/product_tag?post=2138"}],"curies":[{"name":"wp","href":"https:\/\/api.w.org\/{rel}","templated":true}]}}