{"id":2168,"date":"2024-09-26T03:21:43","date_gmt":"2024-09-26T03:21:43","guid":{"rendered":"https:\/\/rmvapesale.com\/?post_type=product&#038;p=2168"},"modified":"2025-01-21T09:36:11","modified_gmt":"2025-01-21T09:36:11","slug":"elf-box-shisha-16000-puffs-led-display-disposable-vape","status":"publish","type":"product","link":"https:\/\/rmvapesale.com\/pt\/product\/elf-box-shisha-16000-puffs-led-display-disposable-vape\/","title":{"rendered":"ELF BOX Shisha 16000 Puffs Ecr\u00e3 LED Vaporizador Descart\u00e1vel"},"content":{"rendered":"<div class=\"B2VR9 CJHX3e\">\n<div class=\"wyccme\">\n<h3 class=\"LC20lb MBeuO DKV0Md\">ELF BOX Shisha 16000 Puffs Ecr\u00e3 LED Vaporizador Descart\u00e1vel<\/h3>\n<p>Desfrute do luxo do vaping com o ELF BOX Shisha 16000 Puffs Vape Descart\u00e1vel com Ecr\u00e3 LED dispon\u00edvel para atacado. Este dispositivo de \u00faltima gera\u00e7\u00e3o oferece uma impressionante capacidade de 16000 puffs e um espa\u00e7oso reservat\u00f3rio de e-l\u00edquido de 28ml. Com v\u00e1rios n\u00edveis de nicotina e uma conveniente porta de carregamento Tipo-C, ele acomoda diversas prefer\u00eancias enquanto garante uma recarga f\u00e1cil. O ELF BOX SHISHA 16000 brilha com as suas funcionalidades avan\u00e7adas e dedica\u00e7\u00e3o em proporcionar uma experi\u00eancia de vaping de primeira linha.<\/p>\n<\/div>\n<div class=\"wyccme\">\n<p>Eleve a sua experi\u00eancia de vaping com o ELF BOX SHISHA 16000 - uma verdadeira refer\u00eancia de qualidade e inova\u00e7\u00e3o em vapes descart\u00e1veis.<\/p>\n<\/div>\n<\/div>\n<p><strong>Contacte a Amy para obter a resposta certa e mais v\u00eddeos do produto!<\/strong><\/p>\n<p><img loading=\"lazy\" decoding=\"async\" class=\"size-full wp-image-1978\" src=\"https:\/\/rmvapesale.com\/wp-content\/uploads\/2024\/09\/Disposable-Vape-Wholesale.jpg\" alt=\"Venda por grosso de vapes descart\u00e1veis\" width=\"229\" height=\"300\" \/><\/p>\n<h3><span style=\"color: #ff0000\"><strong>WhatsApp: +86 17776015835<\/strong><\/span><\/h3>\n<p>&nbsp;<\/p>\n<h2><\/h2>\n<h2><strong>Principais Caracter\u00edsticas do ELF BOX Shisha 16000 puffs<\/strong><\/h2>\n<p>Puffs: 16000<br \/>\nN\u00facleo: Bobina de malha 0.6ohm<br \/>\nE-l\u00edquido:28ml<br \/>\nNicotina:0%\/2%\/3%\/5%<br \/>\nBateria:18250-600mah<br \/>\nRecarreg\u00e1vel: Tipo-C<br \/>\nEcr\u00e3 LED<br \/>\nFluxo de ar ajust\u00e1vel<br \/>\nTamanho do produto: 35*36*133.5mm<\/p>\n<h2><\/h2>\n<h2><strong>Sabores de topo para Vozol ELF BOX Shisha 16000 Puffs<\/strong><\/h2>\n<p>Escolha entre uma sele\u00e7\u00e3o cativante de sabores, incluindo Blue Dragon Fruit Peach, Rose Grape, Granny Cherry e Green Mango, todos habilmente criados para deliciar o seu paladar. Quer prefira a ess\u00eancia tropical de Orange Pine Nana Mango ou o refrescante Matcha Mint Ice, existe um sabor para satisfazer todos os gostos.<\/p>\n<p>&nbsp;<\/p>\n<p>1.Blue Razz Ice<span style=\"color: #ff0000\"><strong>&gt;&gt;&gt;&gt;Quente!<\/strong><\/span><br \/>\n2.Strawberry Ice<br \/>\n3.Grape Ice<br \/>\n4.Blackberry Ice<br \/>\n5.Mixed Berries<span style=\"color: #ff0000\"><strong>&gt;&gt;&gt;&gt;Melhor!<\/strong><\/span><br \/>\n6.Double Apple<br \/>\n7.Lush Ice<br \/>\n8.Peach Mango Pineapple<br \/>\n9.Cherry Raspberry<br \/>\n10.Kiwi Passion Fruit<br \/>\n11.Peach Ice<br \/>\n12.Strawberry Watermelon<span style=\"color: #ff0000\"><strong>&gt;&gt;&gt;&gt;Quente!<\/strong><\/span><\/p>\n<figure id=\"attachment_2173\" aria-describedby=\"caption-attachment-2173\" style=\"width: 588px\" class=\"wp-caption alignnone\"><img loading=\"lazy\" decoding=\"async\" class=\"wp-image-2173\" src=\"https:\/\/rmvapesale.com\/wp-content\/uploads\/2024\/09\/ELF-BOX-SHISHA-16000-300x300.png\" alt=\"ELF BOX SHISHA 16000\" width=\"588\" height=\"588\" srcset=\"https:\/\/rmvapesale.com\/wp-content\/uploads\/2024\/09\/ELF-BOX-SHISHA-16000-300x300.png 300w, https:\/\/rmvapesale.com\/wp-content\/uploads\/2024\/09\/ELF-BOX-SHISHA-16000-150x150.png 150w, https:\/\/rmvapesale.com\/wp-content\/uploads\/2024\/09\/ELF-BOX-SHISHA-16000-768x768.png 768w, https:\/\/rmvapesale.com\/wp-content\/uploads\/2024\/09\/ELF-BOX-SHISHA-16000-600x600.png 600w, https:\/\/rmvapesale.com\/wp-content\/uploads\/2024\/09\/ELF-BOX-SHISHA-16000-100x100.png 100w, https:\/\/rmvapesale.com\/wp-content\/uploads\/2024\/09\/ELF-BOX-SHISHA-16000.png 788w\" sizes=\"auto, (max-width: 588px) 100vw, 588px\" \/><figcaption id=\"caption-attachment-2173\" class=\"wp-caption-text\">ELF BOX SHISHA 16000<\/figcaption><\/figure>\n<h2><strong>Perguntas que poder\u00e1 querer saber sobre o ELF BOX Shisha 16000 Puffs<\/strong><\/h2>\n<p>&nbsp;<\/p>\n<p><strong>1. Que carregador utiliza o vaporizador ELF BOX Shisha 16000 Puffs?<\/strong><br \/>\nPode recarregar o vaporizador descart\u00e1vel ELF BOX Shisha 16000 Puffs com um cabo de carregamento USB-C padr\u00e3o e um transformador de carregamento de 1A ou porta.<\/p>\n<p><strong>2. Quanta nicotina tem o ELF BOX Shisha 16000 Puffs?<\/strong><br \/>\nO ELF BOX Shisha 16000 Puffs oferece 0%\/2%\/3%\/5% de nicotina para escolher.<\/p>\n<p><strong>3. O vaporizador LF BOX Shisha 16000 Puffs \u00e9 bom?<\/strong><br \/>\nO vaporizador descart\u00e1vel LF BOX Shisha 16000 Puffs \u00e9 perfeito para iniciantes e um backup confi\u00e1vel para usu\u00e1rios experientes, oferecendo um visual impressionante e um \u00f3timo sabor.<\/p>\n<p><strong>4. O LF BOX Shisha 16000 Puffs pode ser recarregado?<\/strong><br \/>\nO vaporizador LF BOX Shisha 16000 Puffs \u00e9 recarreg\u00e1vel, mas uma vez que o l\u00edquido para cigarros eletr\u00f3nicos se esgota, deve ser descartado corretamente, pois os vaporizadores descart\u00e1veis cont\u00eam baterias que n\u00e3o devem ir para o lixo comum.<\/p>\n<p>&nbsp;<\/p>\n<h3><b>FAQs<\/b><\/h3>\n<p>&nbsp;<\/p>\n<div class=\"flex-shrink-0 flex flex-col relative items-end\">\n<div>\n<div class=\"pt-0\">\n<div class=\"gizmo-bot-avatar flex h-8 w-8 items-center justify-center overflow-hidden rounded-full\">\n<div class=\"relative p-1 rounded-sm flex items-center justify-center bg-token-main-surface-primary text-token-text-primary h-8 w-8\"><strong>Que m\u00e9todos de envio s\u00e3o utilizados?<\/strong><\/div>\n<\/div>\n<\/div>\n<\/div>\n<\/div>\n<div class=\"group\/conversation-turn relative flex w-full min-w-0 flex-col agent-turn\">\n<div class=\"flex-col gap-1 md:gap-3\">\n<div class=\"flex max-w-full flex-col flex-grow\">\n<div class=\"min-h-[20px] text-message flex w-full flex-col items-end gap-2 whitespace-normal break-words [.text-message+&amp;]:mt-5 overflow-x-auto\" dir=\"auto\" data-message-author-role=\"assistant\" data-message-id=\"22f8283b-3233-46ff-89a5-c7a41b33abda\">\n<div class=\"flex w-full flex-col gap-1 empty:hidden first:pt-[3px]\">\n<div class=\"markdown prose w-full break-words dark:prose-invert light\">\n<p>Fazemos parceria com a UPS, DHL, FedEx, DPD e outras transportadoras l\u00edderes. Selecionaremos o melhor m\u00e9todo de envio com base na sua localiza\u00e7\u00e3o de entrega para garantir que receba os seus produtos o mais r\u00e1pido poss\u00edvel.<\/p>\n<\/div>\n<p><strong>Quanto tempo demora a chegar?<\/strong><\/p>\n<p>As encomendas enviadas para Portugal geralmente chegam dentro de 10 dias \u00fateis. O envio para pa\u00edses europeus demora geralmente cerca de 12-15 dias \u00fateis. Forneceremos atualiza\u00e7\u00f5es em tempo real sobre o estado do seu envio.<\/p>\n<\/div>\n<p><strong>Garantia<\/strong><\/p>\n<p><span style=\"color: #ff0000\"><strong>Todos os produtos na nossa loja t\u00eam garantia de serem 100% originais e aut\u00eanticos. Oferecemos uma compensa\u00e7\u00e3o de 10 vezes o valor por produtos falsificados!<\/strong><\/span><\/p>\n<div class=\"flex w-full flex-col gap-1 empty:hidden first:pt-[3px]\">\n<p>&nbsp;<\/p>\n<\/div>\n<\/div>\n<\/div>\n<\/div>\n<\/div>\n<p>&nbsp;<\/p>\n<p>Outros vapes em alta que talvez goste:<\/p>\n<p>&nbsp;<\/p>\n<p><a href=\"https:\/\/rmvapesale.com\/pt\/product\/original-randm-vape-digital-puff-12000-fumot-factory-price\/\"><strong>Randm Digital 12000 Baforadas<\/strong><\/a><\/p>\n<p><strong><a href=\"https:\/\/rmvapesale.com\/pt\/product\/vozol-vista-20000-puffs-smart-disposable-vape\/\">Vozol Vista 20000 Puffs\u00a0<\/a><\/strong><\/p>\n<p><a href=\"https:\/\/rmvapesale.com\/pt\/product\/wga-crystal-pro-max-10000-puffs-disposable-vape\/\"><strong>WGA Crystal Pro Max 10000 Puffs<\/strong><\/a><\/p>\n<p><a href=\"https:\/\/rmvapesale.com\/pt\/product\/vapme-crystal-7000-puffs-rechargeable-disposable-vape-price\/\"><strong>Vapme Crystal 7000 Baforadas<\/strong><\/a><\/p>\n<p>&nbsp;<\/p>\n<p>&nbsp;<\/p>\n<p>Encontre mais produtos de vape que talvez goste:<strong><em><a href=\"https:\/\/rmvapesale.com\/pt\/shop-2\/\">comprar agora &gt;&gt;&gt;<\/a><\/em><\/strong><\/p>","protected":false},"excerpt":{"rendered":"<p>Fornecedor Atacadista Original de Cigarras Elf Box 16000 Shisha<br \/>\nCigarro Eletr\u00f3nico Descart\u00e1vel ELF Box Shisha 16000 Puffs 12 Sabores<br \/>\nELF BOX Shisha 16000 Puffs Vape Descart\u00e1vel com Ecr\u00e3 LED<\/p>\n<p><strong>Contacte a Amy para Mais Desconto e Resposta Correta<\/strong><\/p>\n<p><img loading=\"lazy\" decoding=\"async\" class=\"size-full wp-image-1978\" src=\"https:\/\/rmvapesale.com\/wp-content\/uploads\/2024\/09\/Disposable-Vape-Wholesale.jpg\" alt=\"Venda por grosso de vapes descart\u00e1veis\" width=\"229\" height=\"300\" \/><\/p>\n<h3><span style=\"color: #ff0000\"><strong>WhatsApp: +86 17776015835<\/strong><\/span><\/h3>","protected":false},"featured_media":2170,"comment_status":"open","ping_status":"closed","template":"","meta":{"_uag_custom_page_level_css":"","_lmt_disableupdate":"no","_lmt_disable":"","site-sidebar-layout":"default","site-content-layout":"content-boxed-container","ast-site-content-layout":"normal-width-container","site-content-style":"boxed","site-sidebar-style":"unboxed","ast-global-header-display":"","ast-banner-title-visibility":"","ast-main-header-display":"","ast-hfb-above-header-display":"","ast-hfb-below-header-display":"","ast-hfb-mobile-header-display":"","site-post-title":"","ast-breadcrumbs-content":"","ast-featured-img":"","footer-sml-layout":"","theme-transparent-header-meta":"default","adv-header-id-meta":"","stick-header-meta":"","header-above-stick-meta":"","header-main-stick-meta":"","header-below-stick-meta":"","astra-migrate-meta-layouts":"set","ast-page-background-enabled":"default","ast-page-background-meta":{"desktop":{"background-color":"var(--ast-global-color-4)","background-image":"","background-repeat":"repeat","background-position":"center center","background-size":"auto","background-attachment":"scroll","background-type":"","background-media":"","overlay-type":"","overlay-color":"","overlay-opacity":"","overlay-gradient":""},"tablet":{"background-color":"","background-image":"","background-repeat":"repeat","background-position":"center center","background-size":"auto","background-attachment":"scroll","background-type":"","background-media":"","overlay-type":"","overlay-color":"","overlay-opacity":"","overlay-gradient":""},"mobile":{"background-color":"","background-image":"","background-repeat":"repeat","background-position":"center center","background-size":"auto","background-attachment":"scroll","background-type":"","background-media":"","overlay-type":"","overlay-color":"","overlay-opacity":"","overlay-gradient":""}},"ast-content-background-meta":{"desktop":{"background-color":"var(--ast-global-color-5)","background-image":"","background-repeat":"repeat","background-position":"center center","background-size":"auto","background-attachment":"scroll","background-type":"","background-media":"","overlay-type":"","overlay-color":"","overlay-opacity":"","overlay-gradient":""},"tablet":{"background-color":"var(--ast-global-color-5)","background-image":"","background-repeat":"repeat","background-position":"center center","background-size":"auto","background-attachment":"scroll","background-type":"","background-media":"","overlay-type":"","overlay-color":"","overlay-opacity":"","overlay-gradient":""},"mobile":{"background-color":"var(--ast-global-color-5)","background-image":"","background-repeat":"repeat","background-position":"center center","background-size":"auto","background-attachment":"scroll","background-type":"","background-media":"","overlay-type":"","overlay-color":"","overlay-opacity":"","overlay-gradient":""}},"_joinchat":[]},"product_brand":[],"product_cat":[15,289,293,295,296,299,288,25,123,26,28,135,27,137,136,30],"product_tag":[63,99,100,101,54,43],"class_list":{"0":"post-2168","1":"product","2":"type-product","3":"status-publish","4":"has-post-thumbnail","6":"product_cat-new-vape-this-week","7":"product_cat-big-puffs-disposable-vapes","8":"product_cat-low-nicotine-disposable-vapes","9":"product_cat-rechargeable-disposable-vapes","10":"product_cat-shisha-hookah-disposable-vapes","11":"product_cat-smart-screen-disposable-vapes","12":"product_cat-elf-box-vape","13":"product_cat-germany-best-selling-vape","14":"product_cat-italy-wholesale-vape","15":"product_cat-netherlands-hot-sale-vape","16":"product_cat-poland-hot-sale-vape","17":"product_cat-spain-best-hot-sale-vape","18":"product_cat-fance-hot-sale-vape","19":"product_cat-rechargeable-vapes","20":"product_cat-smart-screen-vapes","21":"product_cat-minimum-order-quantity-50pcs","22":"product_tag-bang-vapes","23":"product_tag-disposable-vape-wholesale","24":"product_tag-elf-box-shisha-16000","25":"product_tag-led-display-vape","26":"product_tag-rechargeable-disposable-vape","27":"product_tag-shisha-vape","28":"desktop-align-left","29":"tablet-align-left","30":"mobile-align-left","32":"first","33":"instock","34":"sale","35":"shipping-taxable","36":"purchasable","37":"product-type-simple"},"uagb_featured_image_src":{"full":["https:\/\/rmvapesale.com\/wp-content\/uploads\/2024\/09\/ELF-BOX-Shisha-16000-Puffs-Disposable-Vape.png",788,788,false],"thumbnail":["https:\/\/rmvapesale.com\/wp-content\/uploads\/2024\/09\/ELF-BOX-Shisha-16000-Puffs-Disposable-Vape-150x150.png",150,150,true],"medium":["https:\/\/rmvapesale.com\/wp-content\/uploads\/2024\/09\/ELF-BOX-Shisha-16000-Puffs-Disposable-Vape-300x300.png",300,300,true],"medium_large":["https:\/\/rmvapesale.com\/wp-content\/uploads\/2024\/09\/ELF-BOX-Shisha-16000-Puffs-Disposable-Vape-768x768.png",768,768,true],"large":["https:\/\/rmvapesale.com\/wp-content\/uploads\/2024\/09\/ELF-BOX-Shisha-16000-Puffs-Disposable-Vape.png",788,788,false],"1536x1536":["https:\/\/rmvapesale.com\/wp-content\/uploads\/2024\/09\/ELF-BOX-Shisha-16000-Puffs-Disposable-Vape.png",788,788,false],"2048x2048":["https:\/\/rmvapesale.com\/wp-content\/uploads\/2024\/09\/ELF-BOX-Shisha-16000-Puffs-Disposable-Vape.png",788,788,false],"trp-custom-language-flag":["https:\/\/rmvapesale.com\/wp-content\/uploads\/2024\/09\/ELF-BOX-Shisha-16000-Puffs-Disposable-Vape.png",12,12,false],"woocommerce_thumbnail":["https:\/\/rmvapesale.com\/wp-content\/uploads\/2024\/09\/ELF-BOX-Shisha-16000-Puffs-Disposable-Vape-300x300.png",300,300,true],"woocommerce_single":["https:\/\/rmvapesale.com\/wp-content\/uploads\/2024\/09\/ELF-BOX-Shisha-16000-Puffs-Disposable-Vape-600x600.png",600,600,true],"woocommerce_gallery_thumbnail":["https:\/\/rmvapesale.com\/wp-content\/uploads\/2024\/09\/ELF-BOX-Shisha-16000-Puffs-Disposable-Vape-100x100.png",100,100,true],"wcpr-photo-reviews":["https:\/\/rmvapesale.com\/wp-content\/uploads\/2024\/09\/ELF-BOX-Shisha-16000-Puffs-Disposable-Vape.png",500,500,false]},"uagb_author_info":{"display_name":"AMY","author_link":"https:\/\/rmvapesale.com\/pt\/author\/"},"uagb_comment_info":0,"uagb_excerpt":"Original Elf Box 16000 Shisha Ecigs Wholesale Supplier ELF Box Shisha 16000 Puffs Disposable E-cigarette 12 Flaovr ELF BOX Shisha 16000 Puffs Disposable Vape LED Display Contact Amy For More Discount And Right Reply WhatsApp: +86 17776015835","_links":{"self":[{"href":"https:\/\/rmvapesale.com\/pt\/wp-json\/wp\/v2\/product\/2168","targetHints":{"allow":["GET"]}}],"collection":[{"href":"https:\/\/rmvapesale.com\/pt\/wp-json\/wp\/v2\/product"}],"about":[{"href":"https:\/\/rmvapesale.com\/pt\/wp-json\/wp\/v2\/types\/product"}],"replies":[{"embeddable":true,"href":"https:\/\/rmvapesale.com\/pt\/wp-json\/wp\/v2\/comments?post=2168"}],"wp:featuredmedia":[{"embeddable":true,"href":"https:\/\/rmvapesale.com\/pt\/wp-json\/wp\/v2\/media\/2170"}],"wp:attachment":[{"href":"https:\/\/rmvapesale.com\/pt\/wp-json\/wp\/v2\/media?parent=2168"}],"wp:term":[{"taxonomy":"product_brand","embeddable":true,"href":"https:\/\/rmvapesale.com\/pt\/wp-json\/wp\/v2\/product_brand?post=2168"},{"taxonomy":"product_cat","embeddable":true,"href":"https:\/\/rmvapesale.com\/pt\/wp-json\/wp\/v2\/product_cat?post=2168"},{"taxonomy":"product_tag","embeddable":true,"href":"https:\/\/rmvapesale.com\/pt\/wp-json\/wp\/v2\/product_tag?post=2168"}],"curies":[{"name":"wp","href":"https:\/\/api.w.org\/{rel}","templated":true}]}}