{"id":2253,"date":"2024-09-30T03:05:21","date_gmt":"2024-09-30T03:05:21","guid":{"rendered":"https:\/\/rmvapesale.com\/?post_type=product&#038;p=2253"},"modified":"2025-01-21T09:56:32","modified_gmt":"2025-01-21T09:56:32","slug":"uzy-vaper-9000-puffs-disposable-vape-pod-wholesale","status":"publish","type":"product","link":"https:\/\/rmvapesale.com\/pt\/product\/uzy-vaper-9000-puffs-disposable-vape-pod-wholesale\/","title":{"rendered":"UZY Vaper 9000 Puffs Pod de Vape Descart\u00e1vel Atacado"},"content":{"rendered":"<div class=\"B2VR9 CJHX3e\">\n<div class=\"wyccme\">\n<h1 class=\"LC20lb MBeuO DKV0Md\">UZY Vaper 9000 Puffs Pod de Vape Descart\u00e1vel Atacado<\/h1>\n<p>Apresentamos o <strong>UZY Vaper 9000 Puffs Pod de Vape Descart\u00e1vel<\/strong>, um dispositivo de alta capacidade e recarreg\u00e1vel que oferece at\u00e9 <strong>9000 baforadas<\/strong>. Dispon\u00edvel em <strong>0%<\/strong>, <strong>2%<\/strong>, <strong>3%<\/strong>e <strong>5% nicotina<\/strong> for\u00e7as, atende a diversas prefer\u00eancias. Projetado para conveni\u00eancia e sustentabilidade, o <strong>UZY Vaper 9000<\/strong> proporciona uma experi\u00eancia de vaping suave e saborosa com uma variedade de <strong>sabores deliciosos<\/strong>, desde frutas ex\u00f3ticas at\u00e9 hortel\u00e3 refrescante. Sua fun\u00e7\u00e3o recarreg\u00e1vel garante uso prolongado, tornando-o um equil\u00edbrio perfeito entre inova\u00e7\u00e3o e facilidade. Eleve sua experi\u00eancia de vaping com o <strong>UZY Vaper 9000<\/strong>\u2014onde versatilidade encontra satisfa\u00e7\u00e3o.<\/p>\n<\/div>\n<\/div>\n<p><strong>Contacte a Amy para obter a resposta certa e mais v\u00eddeos do produto!<\/strong><\/p>\n<p><img loading=\"lazy\" decoding=\"async\" class=\"size-full wp-image-1978\" src=\"https:\/\/rmvapesale.com\/wp-content\/uploads\/2024\/09\/Disposable-Vape-Wholesale.jpg\" alt=\"Venda por grosso de vapes descart\u00e1veis\" width=\"229\" height=\"300\" \/><\/p>\n<h3><span style=\"color: #ff0000\"><strong>WhatsApp: +86 17776015835<\/strong><\/span><\/h3>\n<p>&nbsp;<\/p>\n<h2><\/h2>\n<h2>Recursos principais do Vape Descart\u00e1vel UZY Vaper 9000 Puffs<\/h2>\n<p>Bateria Incorporada de 850mAh<br \/>\nRecarreg\u00e1vel<br \/>\nEntrega de Energia Eficiente e Consistente<br \/>\nE-l\u00edquido pr\u00e9-preenchido de 18ml<br \/>\nN\u00edvel de Nicotina 0%, 2%, 3%, 5%<br \/>\nSatisfa\u00e7a quase 9000 baforadas<br \/>\nFluxo de ar ajust\u00e1vel<br \/>\nluz RGB<\/p>\n<figure id=\"attachment_2250\" aria-describedby=\"caption-attachment-2250\" style=\"width: 800px\" class=\"wp-caption alignnone\"><img loading=\"lazy\" decoding=\"async\" class=\"wp-image-2250 size-full\" src=\"https:\/\/rmvapesale.com\/wp-content\/uploads\/2024\/09\/UZY-Vaper-9000-Puffs-Disposable-Vape-Wholesale.jpg\" alt=\"Vape Descart\u00e1vel UZY Vaper 9000 Puffs Atacado\" width=\"800\" height=\"800\" srcset=\"https:\/\/rmvapesale.com\/wp-content\/uploads\/2024\/09\/UZY-Vaper-9000-Puffs-Disposable-Vape-Wholesale.jpg 800w, https:\/\/rmvapesale.com\/wp-content\/uploads\/2024\/09\/UZY-Vaper-9000-Puffs-Disposable-Vape-Wholesale-300x300.jpg 300w, https:\/\/rmvapesale.com\/wp-content\/uploads\/2024\/09\/UZY-Vaper-9000-Puffs-Disposable-Vape-Wholesale-150x150.jpg 150w, https:\/\/rmvapesale.com\/wp-content\/uploads\/2024\/09\/UZY-Vaper-9000-Puffs-Disposable-Vape-Wholesale-768x768.jpg 768w, https:\/\/rmvapesale.com\/wp-content\/uploads\/2024\/09\/UZY-Vaper-9000-Puffs-Disposable-Vape-Wholesale-600x600.jpg 600w, https:\/\/rmvapesale.com\/wp-content\/uploads\/2024\/09\/UZY-Vaper-9000-Puffs-Disposable-Vape-Wholesale-100x100.jpg 100w\" sizes=\"auto, (max-width: 800px) 100vw, 800px\" \/><figcaption id=\"caption-attachment-2250\" class=\"wp-caption-text\">Vape Descart\u00e1vel UZY Vaper 9000 Puffs Atacado<\/figcaption><\/figure>\n<h2><strong>Melhor sabor para UZY Vaper 9000 Puffs<\/strong><\/h2>\n<p>O UZY QUTE 800 Puffs Disposable Vape Pod oferece 20 sabores deliciosos, escolha entre uma variedade de sabores, incluindo tabaco cl\u00e1ssico, menta refrescante e a do\u00e7ura ex\u00f3tica da uva, cada um prometendo uma jornada rica e satisfat\u00f3ria a cada puff.<\/p>\n<p>01. Mirtilo Framboesa<span style=\"color: #ff0000\"><strong>&gt;&gt;&gt;&gt;Quente!<\/strong><\/span><br \/>\n02. Senhor Azul<span style=\"color: #ff0000\"><strong>&gt;&gt;&gt;&gt;Melhor!<\/strong><\/span><br \/>\n03. Morango Melancia<br \/>\n04. P\u00eassego Manga Abacaxi<br \/>\n05. Kiwi Maracuj\u00e1 Goiaba<span style=\"color: #ff0000\"><strong>&gt;&gt;&gt;&gt;Quente!<\/strong><\/span><br \/>\n06. Gelo de Cereja<br \/>\n07. Gelo de Morango<br \/>\n08. Gelo de Melancia<br \/>\n09. Gelo de Uva<br \/>\n10. Gelo de Mirtilo<br \/>\n11. Frutos Vermelhos Mistos<span style=\"color: #ff0000\"><strong>&gt;&gt;&gt;&gt;Quente!<\/strong><\/span><br \/>\n12. Gelo de P\u00eassego<br \/>\n13. P\u00eassego com Frutos Vermelhos<br \/>\n14. Gelo de Morango, Framboesa e Cereja<br \/>\n15. Morango com Banana<span style=\"color: #ff0000\"><strong>&gt;&gt;&gt;&gt;Quente!<\/strong><\/span><\/p>\n<p>&nbsp;<\/p>\n<h2><strong>Perguntas que pode querer saber sobre o Vape Descart\u00e1vel UZY Vaper 9000<\/strong><\/h2>\n<p>&nbsp;<\/p>\n<div class=\"flex-shrink-0 flex flex-col relative items-end\">\n<div>\n<div class=\"pt-0\">\n<div class=\"gizmo-bot-avatar flex h-8 w-8 items-center justify-center overflow-hidden rounded-full\">\n<div class=\"relative p-1 rounded-sm flex items-center justify-center bg-token-main-surface-primary text-token-text-primary h-8 w-8\"><\/div>\n<\/div>\n<\/div>\n<\/div>\n<\/div>\n<div class=\"group\/conversation-turn relative flex w-full min-w-0 flex-col agent-turn\">\n<div class=\"flex-col gap-1 md:gap-3\">\n<div class=\"flex max-w-full flex-col flex-grow\">\n<div class=\"min-h-8 text-message flex w-full flex-col items-end gap-2 whitespace-normal break-words [.text-message+&amp;]:mt-5\" dir=\"auto\" data-message-author-role=\"assistant\" data-message-id=\"f226d3fc-81f3-46d5-8c46-31787fff0357\">\n<div class=\"flex w-full flex-col gap-1 empty:hidden first:pt-[3px]\">\n<div class=\"markdown prose w-full break-words dark:prose-invert light\">\n<p><strong>1. Quantas baforadas oferece o UZY Vaper 9000?<\/strong><strong>\u00a0vape descart\u00e1vel?<\/strong><br \/>\nO UZY Vaper 9000 fornece at\u00e9 12000 baforadas, superando em muito a capacidade dos vaporizadores descart\u00e1veis t\u00edpicos.<\/p>\n<p><strong>2. Quais sabores est\u00e3o dispon\u00edveis na caneta de vape descart\u00e1vel Vaper 9000?<\/strong><br \/>\nOs sabores populares incluem Gelo de Melancia, Sr. Blue, Manga Tripla, Gelo de Morango, Energia Vermelha, Frutos Silvestres Mistos, etc.<\/p>\n<p><strong>3. O Vaper 9000 \u00e9 adequado para principiantes?<\/strong><br \/>\nSim, \u00e9 perfeito para principiantes com o seu design simples e sem bot\u00f5es \u2014 basta inalar para come\u00e7ar a vaporizar.<\/p>\n<p><strong>4. Como devo guardar o meu vape descart\u00e1vel?<\/strong><br \/>\nGuarde o seu dispositivo num local fresco e seco, longe da luz solar direta e fora do alcance de crian\u00e7as e animais de estima\u00e7\u00e3o.<\/p>\n<p><strong>5. Quanto tempo dura o Vaper 9000?<\/strong><br \/>\nCom uma capacidade de 9.000 baforadas, o UZY Vaper 9000 pode durar v\u00e1rias semanas, dependendo do uso.<\/p>\n<\/div>\n<\/div>\n<\/div>\n<\/div>\n<\/div>\n<\/div>\n<p>&nbsp;<\/p>\n<h3><b>FAQs<\/b><\/h3>\n<p>&nbsp;<\/p>\n<div class=\"flex-shrink-0 flex flex-col relative items-end\">\n<div>\n<div class=\"pt-0\">\n<div class=\"gizmo-bot-avatar flex h-8 w-8 items-center justify-center overflow-hidden rounded-full\">\n<div class=\"relative p-1 rounded-sm flex items-center justify-center bg-token-main-surface-primary text-token-text-primary h-8 w-8\"><strong>Que m\u00e9todos de envio s\u00e3o utilizados?<\/strong><\/div>\n<\/div>\n<\/div>\n<\/div>\n<\/div>\n<div class=\"group\/conversation-turn relative flex w-full min-w-0 flex-col agent-turn\">\n<div class=\"flex-col gap-1 md:gap-3\">\n<div class=\"flex max-w-full flex-col flex-grow\">\n<div class=\"min-h-[20px] text-message flex w-full flex-col items-end gap-2 whitespace-normal break-words [.text-message+&amp;]:mt-5 overflow-x-auto\" dir=\"auto\" data-message-author-role=\"assistant\" data-message-id=\"22f8283b-3233-46ff-89a5-c7a41b33abda\">\n<div class=\"flex w-full flex-col gap-1 empty:hidden first:pt-[3px]\">\n<div class=\"markdown prose w-full break-words dark:prose-invert light\">\n<p>Fazemos parceria com a UPS, DHL, FedEx, DPD e outras transportadoras l\u00edderes. Selecionaremos o melhor m\u00e9todo de envio com base na sua localiza\u00e7\u00e3o de entrega para garantir que receba os seus produtos o mais r\u00e1pido poss\u00edvel.<\/p>\n<\/div>\n<p><strong>Quanto tempo demora a chegar?<\/strong><\/p>\n<p>As encomendas enviadas para Portugal geralmente chegam dentro de 10 dias \u00fateis. O envio para pa\u00edses europeus demora geralmente cerca de 12-15 dias \u00fateis. Forneceremos atualiza\u00e7\u00f5es em tempo real sobre o estado do seu envio.<\/p>\n<\/div>\n<p><strong>Garantia<\/strong><\/p>\n<p><span style=\"color: #ff0000\"><strong>Todos os produtos na nossa loja t\u00eam garantia de serem 100% originais e aut\u00eanticos. Oferecemos uma compensa\u00e7\u00e3o de 10 vezes o valor por produtos falsificados!<\/strong><\/span><\/p>\n<div class=\"flex w-full flex-col gap-1 empty:hidden first:pt-[3px]\">\n<p>&nbsp;<\/p>\n<\/div>\n<\/div>\n<\/div>\n<\/div>\n<\/div>\n<p>&nbsp;<\/p>\n<p>Outros vapes em alta que talvez goste:<\/p>\n<p>&nbsp;<\/p>\n<p><a href=\"https:\/\/rmvapesale.com\/pt\/product\/original-randm-vape-digital-puff-12000-fumot-factory-price\/\"><strong>VOZOL Gear 20000 Puffs\u00a0 <span style=\"color: #ff0000\">&gt;&gt;&gt;&gt;vai!<\/span><\/strong><\/a><\/p>\n<p><strong><a href=\"https:\/\/rmvapesale.com\/pt\/product\/uzy-bang-king-12000-puffs-disposable-vape-20-flavors\/\">UZY Bang King 12000 Baforadas <span style=\"color: #ff0000\">&gt;&gt;&gt;&gt;vai!<\/span><\/a>\u00a0<\/strong><\/p>\n<p><a href=\"https:\/\/rmvapesale.com\/pt\/product\/vapme-crystal-7000-puffs-rechargeable-disposable-vape-price\/\"><strong>Vapme Crystal 7000 Baforadas <span style=\"color: #ff0000\">&gt;&gt;&gt;&gt;vai!<\/span><\/strong><\/a><\/p>\n<p>&nbsp;<\/p>\n<p>&nbsp;<\/p>\n<p>Encontre mais produtos de vape que talvez goste:<strong><em><a href=\"https:\/\/rmvapesale.com\/pt\/shop-2\/\">comprar agora &gt;&gt;&gt;<\/a><\/em><\/strong><\/p>","protected":false},"excerpt":{"rendered":"<p>UZY Vaper 9000 Puffs Vape Descart\u00e1vel 15 Sabores em Stock<br \/>\nUZY Vaper 9000 Puffs 0% 2% 3% 5% Nicotina Recarreg\u00e1vel<br \/>\nF\u00e1brica Atacado UZY Vaper 9000 Puffs Vape Pod<\/p>\n<p><strong>Contacte a Amy para Mais Desconto e Resposta Correta<\/strong><\/p>\n<p><img loading=\"lazy\" decoding=\"async\" class=\"size-full wp-image-1978\" src=\"https:\/\/rmvapesale.com\/wp-content\/uploads\/2024\/09\/Disposable-Vape-Wholesale.jpg\" alt=\"Venda por grosso de vapes descart\u00e1veis\" width=\"229\" height=\"300\" \/><\/p>\n<h3><span style=\"color: #ff0000\"><strong>WhatsApp: +86 17776015835<\/strong><\/span><\/h3>","protected":false},"featured_media":2248,"comment_status":"open","ping_status":"closed","template":"","meta":{"_uag_custom_page_level_css":"","_lmt_disableupdate":"no","_lmt_disable":"","site-sidebar-layout":"default","site-content-layout":"content-boxed-container","ast-site-content-layout":"normal-width-container","site-content-style":"boxed","site-sidebar-style":"unboxed","ast-global-header-display":"","ast-banner-title-visibility":"","ast-main-header-display":"","ast-hfb-above-header-display":"","ast-hfb-below-header-display":"","ast-hfb-mobile-header-display":"","site-post-title":"","ast-breadcrumbs-content":"","ast-featured-img":"","footer-sml-layout":"","theme-transparent-header-meta":"default","adv-header-id-meta":"","stick-header-meta":"","header-above-stick-meta":"","header-main-stick-meta":"","header-below-stick-meta":"","astra-migrate-meta-layouts":"set","ast-page-background-enabled":"default","ast-page-background-meta":{"desktop":{"background-color":"var(--ast-global-color-4)","background-image":"","background-repeat":"repeat","background-position":"center center","background-size":"auto","background-attachment":"scroll","background-type":"","background-media":"","overlay-type":"","overlay-color":"","overlay-opacity":"","overlay-gradient":""},"tablet":{"background-color":"","background-image":"","background-repeat":"repeat","background-position":"center center","background-size":"auto","background-attachment":"scroll","background-type":"","background-media":"","overlay-type":"","overlay-color":"","overlay-opacity":"","overlay-gradient":""},"mobile":{"background-color":"","background-image":"","background-repeat":"repeat","background-position":"center center","background-size":"auto","background-attachment":"scroll","background-type":"","background-media":"","overlay-type":"","overlay-color":"","overlay-opacity":"","overlay-gradient":""}},"ast-content-background-meta":{"desktop":{"background-color":"var(--ast-global-color-5)","background-image":"","background-repeat":"repeat","background-position":"center center","background-size":"auto","background-attachment":"scroll","background-type":"","background-media":"","overlay-type":"","overlay-color":"","overlay-opacity":"","overlay-gradient":""},"tablet":{"background-color":"var(--ast-global-color-5)","background-image":"","background-repeat":"repeat","background-position":"center center","background-size":"auto","background-attachment":"scroll","background-type":"","background-media":"","overlay-type":"","overlay-color":"","overlay-opacity":"","overlay-gradient":""},"mobile":{"background-color":"var(--ast-global-color-5)","background-image":"","background-repeat":"repeat","background-position":"center center","background-size":"auto","background-attachment":"scroll","background-type":"","background-media":"","overlay-type":"","overlay-color":"","overlay-opacity":"","overlay-gradient":""}},"_joinchat":[]},"product_brand":[],"product_cat":[15,293,295,287,52,25,123,26,28,135,27,137,136,30],"product_tag":[99,111,105,117,116],"class_list":{"0":"post-2253","1":"product","2":"type-product","3":"status-publish","4":"has-post-thumbnail","6":"product_cat-new-vape-this-week","7":"product_cat-low-nicotine-disposable-vapes","8":"product_cat-rechargeable-disposable-vapes","9":"product_cat-uzy-vape","10":"product_cat-9000-puffs-disposable-vapes","11":"product_cat-germany-best-selling-vape","12":"product_cat-italy-wholesale-vape","13":"product_cat-netherlands-hot-sale-vape","14":"product_cat-poland-hot-sale-vape","15":"product_cat-spain-best-hot-sale-vape","16":"product_cat-fance-hot-sale-vape","17":"product_cat-rechargeable-vapes","18":"product_cat-smart-screen-vapes","19":"product_cat-minimum-order-quantity-50pcs","20":"product_tag-disposable-vape-wholesale","21":"product_tag-low-nicotine-disposable-vape","22":"product_tag-nicotine-free-disposable-vape","23":"product_tag-uzy-vape","24":"product_tag-vapes","25":"desktop-align-left","26":"tablet-align-left","27":"mobile-align-left","29":"first","30":"instock","31":"sale","32":"shipping-taxable","33":"purchasable","34":"product-type-simple"},"uagb_featured_image_src":{"full":["https:\/\/rmvapesale.com\/wp-content\/uploads\/2024\/09\/UZY-Vaper-9000-Puffs-Disposable-Vape-Pod.jpg",800,800,false],"thumbnail":["https:\/\/rmvapesale.com\/wp-content\/uploads\/2024\/09\/UZY-Vaper-9000-Puffs-Disposable-Vape-Pod-150x150.jpg",150,150,true],"medium":["https:\/\/rmvapesale.com\/wp-content\/uploads\/2024\/09\/UZY-Vaper-9000-Puffs-Disposable-Vape-Pod-300x300.jpg",300,300,true],"medium_large":["https:\/\/rmvapesale.com\/wp-content\/uploads\/2024\/09\/UZY-Vaper-9000-Puffs-Disposable-Vape-Pod-768x768.jpg",768,768,true],"large":["https:\/\/rmvapesale.com\/wp-content\/uploads\/2024\/09\/UZY-Vaper-9000-Puffs-Disposable-Vape-Pod.jpg",800,800,false],"1536x1536":["https:\/\/rmvapesale.com\/wp-content\/uploads\/2024\/09\/UZY-Vaper-9000-Puffs-Disposable-Vape-Pod.jpg",800,800,false],"2048x2048":["https:\/\/rmvapesale.com\/wp-content\/uploads\/2024\/09\/UZY-Vaper-9000-Puffs-Disposable-Vape-Pod.jpg",800,800,false],"trp-custom-language-flag":["https:\/\/rmvapesale.com\/wp-content\/uploads\/2024\/09\/UZY-Vaper-9000-Puffs-Disposable-Vape-Pod.jpg",12,12,false],"woocommerce_thumbnail":["https:\/\/rmvapesale.com\/wp-content\/uploads\/2024\/09\/UZY-Vaper-9000-Puffs-Disposable-Vape-Pod-300x300.jpg",300,300,true],"woocommerce_single":["https:\/\/rmvapesale.com\/wp-content\/uploads\/2024\/09\/UZY-Vaper-9000-Puffs-Disposable-Vape-Pod-600x600.jpg",600,600,true],"woocommerce_gallery_thumbnail":["https:\/\/rmvapesale.com\/wp-content\/uploads\/2024\/09\/UZY-Vaper-9000-Puffs-Disposable-Vape-Pod-100x100.jpg",100,100,true],"wcpr-photo-reviews":["https:\/\/rmvapesale.com\/wp-content\/uploads\/2024\/09\/UZY-Vaper-9000-Puffs-Disposable-Vape-Pod.jpg",500,500,false]},"uagb_author_info":{"display_name":"AMY","author_link":"https:\/\/rmvapesale.com\/pt\/author\/"},"uagb_comment_info":0,"uagb_excerpt":"UZY Vaper 9000 Puffs Disposable Vape 15 Flavors in Stock UZY Vaper 9000 Puffs 0% 2% 3% 5% Nicotine Rechargeable Factory Wholesale UZY Vaper 9000 Puffs Vape Pod Contact Amy For More Discount And Right Reply WhatsApp: +86 17776015835","_links":{"self":[{"href":"https:\/\/rmvapesale.com\/pt\/wp-json\/wp\/v2\/product\/2253","targetHints":{"allow":["GET"]}}],"collection":[{"href":"https:\/\/rmvapesale.com\/pt\/wp-json\/wp\/v2\/product"}],"about":[{"href":"https:\/\/rmvapesale.com\/pt\/wp-json\/wp\/v2\/types\/product"}],"replies":[{"embeddable":true,"href":"https:\/\/rmvapesale.com\/pt\/wp-json\/wp\/v2\/comments?post=2253"}],"wp:featuredmedia":[{"embeddable":true,"href":"https:\/\/rmvapesale.com\/pt\/wp-json\/wp\/v2\/media\/2248"}],"wp:attachment":[{"href":"https:\/\/rmvapesale.com\/pt\/wp-json\/wp\/v2\/media?parent=2253"}],"wp:term":[{"taxonomy":"product_brand","embeddable":true,"href":"https:\/\/rmvapesale.com\/pt\/wp-json\/wp\/v2\/product_brand?post=2253"},{"taxonomy":"product_cat","embeddable":true,"href":"https:\/\/rmvapesale.com\/pt\/wp-json\/wp\/v2\/product_cat?post=2253"},{"taxonomy":"product_tag","embeddable":true,"href":"https:\/\/rmvapesale.com\/pt\/wp-json\/wp\/v2\/product_tag?post=2253"}],"curies":[{"name":"wp","href":"https:\/\/api.w.org\/{rel}","templated":true}]}}